{"id":29175,"date":"2024-12-19T15:00:14","date_gmt":"2024-12-19T14:00:14","guid":{"rendered":"https:\/\/syndicom.ch\/pensionierte\/"},"modified":"2026-04-23T09:39:35","modified_gmt":"2026-04-23T07:39:35","slug":"pensionierte","status":"publish","type":"page","link":"https:\/\/syndicom.ch\/en\/pensionierte\/","title":{"rendered":"Pensionierte"},"content":{"rendered":"\n<div class=\"wp-block-group alignfull has-background-color has-primary-background-color has-text-color has-background has-link-color wp-elements-2151efe3e9e1a1f33cde52e6a6c5933a is-layout-constrained wp-block-group-is-layout-constrained\">\n<div class=\"wp-block-group is-style-narrow is-layout-constrained wp-block-group-is-layout-constrained\">\n<div class=\"wp-block-group is-style-default is-layout-constrained wp-block-group-is-layout-constrained\">\n<div class=\"wp-block-columns is-layout-flex wp-container-core-columns-is-layout-9d6595d7 wp-block-columns-is-layout-flex\">\n<div class=\"wp-block-column is-layout-flow wp-block-column-is-layout-flow\">\n<div class=\"wp-block-buttons is-layout-flex wp-block-buttons-is-layout-flex\">\n<div class=\"wp-block-button is-style-underline\"><a class=\"wp-block-button__link has-background-color has-background-background-color has-text-color has-background has-link-color has-text-align-center wp-element-button\" href=\"https:\/\/syndicom.ch\/pensionierte\/anliegen\/\">Anliegen<\/a><\/div>\n<\/div>\n<\/div>\n\n\n\n<div class=\"wp-block-column is-layout-flow wp-block-column-is-layout-flow\">\n<div class=\"wp-block-buttons is-layout-flex wp-block-buttons-is-layout-flex\">\n<div class=\"wp-block-button is-style-underline\"><a class=\"wp-block-button__link has-background-color has-background-background-color has-text-color has-background has-link-color has-text-align-center wp-element-button\" href=\"https:\/\/syndicom.ch\/pensionierte\/bewegen\/\">Bewegen<\/a><\/div>\n<\/div>\n<\/div>\n\n\n\n<div class=\"wp-block-column is-layout-flow wp-block-column-is-layout-flow\">\n<div class=\"wp-block-buttons is-layout-flex wp-block-buttons-is-layout-flex\">\n<div class=\"wp-block-button is-style-underline\"><a class=\"wp-block-button__link has-background-color has-background-background-color has-text-color has-background has-link-color has-text-align-center wp-element-button\" href=\"https:\/\/syndicom.ch\/pensionierte\/gruppen\/\">Gruppen<\/a><\/div>\n<\/div>\n<\/div>\n\n\n\n<div class=\"wp-block-column is-layout-flow wp-block-column-is-layout-flow\">\n<div class=\"wp-block-buttons is-layout-flex wp-block-buttons-is-layout-flex\">\n<div class=\"wp-block-button is-style-underline\"><a class=\"wp-block-button__link has-background-color has-background-background-color has-text-color has-background has-link-color wp-element-button\" href=\"https:\/\/syndicom.ch\/pensionierte\/bulletin1\/\">Bulletin<\/a><\/div>\n<\/div>\n<\/div>\n<\/div>\n<\/div>\n\n\n\n<h1 class=\"wp-block-heading\">Pensionierte syndicom<\/h1>\n\n\n\n<div class=\"wp-block-columns is-layout-flex wp-container-core-columns-is-layout-9d6595d7 wp-block-columns-is-layout-flex\">\n<div class=\"wp-block-column is-layout-flow wp-block-column-is-layout-flow\" style=\"flex-basis:50%\">\n<p class=\"is-style-lead\">engagiert f\u00fcr eine solidarische Gesellschaft, die alle Generationen achtet.<\/p>\n<\/div>\n\n\n\n<div class=\"wp-block-column is-layout-flow wp-block-column-is-layout-flow\" style=\"flex-basis:50%\">\n<figure class=\"wp-block-image size-full\"><img loading=\"lazy\" decoding=\"async\" width=\"384\" height=\"215\" src=\"https:\/\/syndicom.ch\/app\/uploads\/2024\/11\/gewerkschaft-syndicom-pensionierte-event.jpg\" alt=\"\" class=\"wp-image-16626\" srcset=\"https:\/\/syndicom.ch\/app\/uploads\/2024\/11\/gewerkschaft-syndicom-pensionierte-event.jpg 384w, https:\/\/syndicom.ch\/app\/uploads\/2024\/11\/gewerkschaft-syndicom-pensionierte-event-300x168.jpg 300w\" sizes=\"auto, (max-width: 384px) 100vw, 384px\" \/><\/figure>\n<\/div>\n<\/div>\n\n\n\n<div class=\"wp-block-group is-vertical is-layout-flex wp-container-core-group-is-layout-8cf370e7 wp-block-group-is-layout-flex\">\n<p><strong>Aktuell<\/strong><\/p>\n\n\n\n<p><mark style=\"background-color:#0D7EAC\" class=\"has-inline-color has-background-color\">\u279c <\/mark><a href=\"https:\/\/syndicom.ch\/pensionierte\/news\/pensionierten-gruppen-konferenz-2026\/\" target=\"_blank\" rel=\"noreferrer noopener\"><mark style=\"background-color:#0D7EAC\" class=\"has-inline-color has-background-color\">Pensionierten-Gruppen-Konferenz 2026<\/mark><\/a><br \/><mark style=\"background-color:#0D7EAC\" class=\"has-inline-color has-background-color\">\u279c <\/mark><a href=\"https:\/\/syndicom.ch\/pensionierte\/news\/sgb-rentnerinnentagung-2026\/\" target=\"_blank\" rel=\"noreferrer noopener\"><mark style=\"background-color:#0D7EAC\" class=\"has-inline-color has-background-color\">SGB Rentner:innen Tagung 2026<\/mark><\/a><br \/><mark style=\"background-color:#0D7EAC\" class=\"has-inline-color has-background-color\">\u279c <\/mark><a href=\"https:\/\/syndicom.ch\/pensionierte\/news\/petition-gegen-altersdiskriminierung\/\"><mark style=\"background-color:#0D7EAC\" class=\"has-inline-color has-background-color\">VASOS:\u00a0Petition gegen Altersdiskriminierung<\/mark><\/a><\/p>\n\n\n\n<div style=\"height:4px\" aria-hidden=\"true\" class=\"wp-block-spacer wp-container-content-7cd39ab2\"><\/div>\n\n\n\n<p><mark style=\"background-color:#0D7EAC\" class=\"has-inline-color has-background-color\">\u279c <\/mark><a href=\"#&#xFC;ber-uns\"><mark style=\"background-color:#0D7EAC\" class=\"has-inline-color has-background-color\">\u00dcber uns: Vorstand Pensionierte syndicom<\/mark><\/a><br \/><mark style=\"background-color:#0D7EAC\" class=\"has-inline-color has-background-color\">\u279c <\/mark><a href=\"#zum-gedenken\"><mark style=\"background-color:#0D7EAC\" class=\"has-inline-color has-background-color\">zum Gedenken an<\/mark><\/a><\/p>\n<\/div>\n<\/div>\n<\/div>\n\n<div class=\"wp-block-group alignfull has-background-background-color has-background is-layout-constrained wp-block-group-is-layout-constrained\">\n<div class=\"wp-block-group is-style-narrow is-layout-constrained wp-block-group-is-layout-constrained\">\n<h2 class=\"wp-block-heading\"><strong>Gemeinsam f\u00fcr soziale Gerechtigkeit und Solidarit\u00e4t<\/strong><\/h2>\n\n\n\n<p>Die Pensionierten syndicom machen sich mit ihrer Lebenserfahrung stark f\u00fcr ein w\u00fcrdevolles Leben im Alter. Sichere Renten, bezahlbare Gesundheit und Wohnen, umfassender Service public f\u00fcr alle und Betreuung im Alter in hoher Qualit\u00e4t \u2013 das sind unsere Ziele. Wir handeln selbstorganisiert und mobilisieren f\u00fcr unsere Anliegen. In unseren regionalen Gruppen pflegen wir regelm\u00e4ssig die Geselligkeit. Mit Engagement und Freude bleiben wir aktiv und machen den Unterschied.<\/p>\n\n\n\n<p>Werde Teil unserer lebendigen Bewegung! Wir gestalten Gegenwart und Zukunft gemeinsam!<\/p>\n<\/div>\n<\/div>\n\n<div class=\"wp-block-group alignfull has-background-background-color has-background is-layout-constrained wp-block-group-is-layout-constrained\">\n<div class=\"wp-block-group is-style-narrow is-layout-constrained wp-block-group-is-layout-constrained\">\n<h2 class=\"wp-block-heading\" id=\"&#xFC;ber-uns\">Vorstand Pensionierte syndicom<\/h2>\n\n\n\n<div class=\"wp-block-buttons is-layout-flex wp-block-buttons-is-layout-flex\">\n<div class=\"wp-block-button\"><a class=\"wp-block-button__link wp-element-button\" href=\"https:\/\/syndicom.ch\/pensionierte\/vorstand\/\" target=\"_blank\" rel=\"noreferrer noopener\">Der Vorstand im Portrait<\/a><\/div>\n<\/div>\n\n\n\n<p>Der Vorstand Pensionierte nimmt die politische Vertretung innerhalb der Gewerkschaft syndicom und gegen aussen war.<\/p>\n\n\n\n<p>Er vertritt die spezifischen Interessen der pensionierten Mitglieder und versucht damit ihre wirtschaftliche, politische und soziale Situation in der Gesellschaft zu verbessern.<\/p>\n\n\n\n<h3 class=\"wp-block-heading has-text-align-left\" id=\"Der-Vorstand-berichtet\">Der Vorstand berichtet<\/h3>\n\n\n\n<div data-wp-context=\"{}\" data-wp-interactive=\"core\/query\" data-wp-key=\"18\" data-wp-router-region=\"query-18\" class=\"wp-block-query is-layout-flow wp-block-query-is-layout-flow\">\n\n\n\n<div class=\"wp-block-query-no-results\">\n\n<p><\/p>\n\n<\/div><\/div>\n<\/div>\n<\/div>\n\n<div class=\"wp-block-group alignfull has-background-background-color has-background is-layout-constrained wp-block-group-is-layout-constrained\">\n<div class=\"wp-block-group is-style-narrow is-layout-constrained wp-block-group-is-layout-constrained\">\n<h2 class=\"wp-block-heading has-text-align-left\" id=\"zum-gedenken\">zum Gedenken an&#8230;<\/h2>\n\n\n\n<div data-wp-context=\"{}\" data-wp-interactive=\"core\/query\" data-wp-key=\"0\" data-wp-router-region=\"query-0\" class=\"wp-block-query is-layout-flow wp-block-query-is-layout-flow\">\n\n<\/div>\n<\/div>\n<\/div>\n","protected":false},"excerpt":{"rendered":"<p>Pensionierte syndicom engagiert f\u00fcr eine solidarische Gesellschaft, die alle Generationen achtet. Aktuell \u279c Pensionierten-Gruppen-Konferenz 2026\u279c SGB Rentner:innen Tagung 2026\u279c VASOS:\u00a0Petition gegen Altersdiskriminierung \u279c \u00dcber uns: Vorstand Pensionierte syndicom\u279c zum Gedenken an Gemeinsam f\u00fcr soziale Gerechtigkeit und Solidarit\u00e4t Die Pensionierten syndicom machen sich mit ihrer Lebenserfahrung stark f\u00fcr ein w\u00fcrdevolles Leben im Alter. Sichere Renten, bezahlbare [&hellip;]<\/p>\n","protected":false},"author":3,"featured_media":0,"parent":0,"menu_order":0,"comment_status":"closed","ping_status":"closed","template":"wp-custom-template-pensionierte","meta":{"_acf_changed":false,"inline_featured_image":false,"_coblocks_attr":"","_coblocks_dimensions":"","_coblocks_responsive_height":"","_coblocks_accordion_ie_support":"","footnotes":""},"categories":[225],"class_list":["post-29175","page","type-page","status-publish","hentry","category-pensionierte-en"],"acf":[],"yoast_head":"<!-- This site is optimized with the Yoast SEO plugin v27.3 - https:\/\/yoast.com\/product\/yoast-seo-wordpress\/ -->\n<title>Pensionierte - syndicom<\/title>\n<meta name=\"description\" content=\"Die Pensionierten syndicom setzen sich ein f\u00fcr die Anliegen der Pensionierten und gestalten die soziale, wirtschaftliche und politische Zukunft.\" \/>\n<meta name=\"robots\" content=\"index, follow, max-snippet:-1, max-image-preview:large, max-video-preview:-1\" \/>\n<link rel=\"canonical\" href=\"https:\/\/syndicom.ch\/en\/pensionierte\/\" \/>\n<meta property=\"og:locale\" content=\"en_US\" \/>\n<meta property=\"og:type\" content=\"article\" \/>\n<meta property=\"og:title\" content=\"Pensionierte - syndicom\" \/>\n<meta property=\"og:description\" content=\"Die Pensionierten syndicom setzen sich ein f\u00fcr die Anliegen der Pensionierten und gestalten die soziale, wirtschaftliche und politische Zukunft.\" \/>\n<meta property=\"og:url\" content=\"https:\/\/syndicom.ch\/en\/pensionierte\/\" \/>\n<meta property=\"og:site_name\" content=\"syndicom\" \/>\n<meta property=\"article:modified_time\" content=\"2026-04-23T07:39:35+00:00\" \/>\n<meta property=\"og:image\" content=\"https:\/\/syndicom.ch\/app\/uploads\/2024\/11\/gewerkschaft-syndicom-pensionierte-event.jpg\" \/>\n\t<meta property=\"og:image:width\" content=\"384\" \/>\n\t<meta property=\"og:image:height\" content=\"215\" \/>\n\t<meta property=\"og:image:type\" content=\"image\/jpeg\" \/>\n<meta name=\"twitter:card\" content=\"summary_large_image\" \/>\n<meta name=\"twitter:label1\" content=\"Est. reading time\" \/>\n\t<meta name=\"twitter:data1\" content=\"6 minutes\" \/>\n<script type=\"application\/ld+json\" class=\"yoast-schema-graph\">{\"@context\":\"https:\\\/\\\/schema.org\",\"@graph\":[{\"@type\":\"WebPage\",\"@id\":\"https:\\\/\\\/syndicom.ch\\\/en\\\/pensionierte\\\/\",\"url\":\"https:\\\/\\\/syndicom.ch\\\/en\\\/pensionierte\\\/\",\"name\":\"Pensionierte - syndicom\",\"isPartOf\":{\"@id\":\"https:\\\/\\\/syndicom.ch\\\/en\\\/#website\"},\"primaryImageOfPage\":{\"@id\":\"https:\\\/\\\/syndicom.ch\\\/en\\\/pensionierte\\\/#primaryimage\"},\"image\":{\"@id\":\"https:\\\/\\\/syndicom.ch\\\/en\\\/pensionierte\\\/#primaryimage\"},\"thumbnailUrl\":\"https:\\\/\\\/syndicom.ch\\\/app\\\/uploads\\\/2024\\\/11\\\/gewerkschaft-syndicom-pensionierte-event.jpg\",\"datePublished\":\"2024-12-19T14:00:14+00:00\",\"dateModified\":\"2026-04-23T07:39:35+00:00\",\"description\":\"Die Pensionierten syndicom setzen sich ein f\u00fcr die Anliegen der Pensionierten und gestalten die soziale, wirtschaftliche und politische Zukunft.\",\"breadcrumb\":{\"@id\":\"https:\\\/\\\/syndicom.ch\\\/en\\\/pensionierte\\\/#breadcrumb\"},\"inLanguage\":\"en-US\",\"potentialAction\":[{\"@type\":\"ReadAction\",\"target\":[\"https:\\\/\\\/syndicom.ch\\\/en\\\/pensionierte\\\/\"]}]},{\"@type\":\"ImageObject\",\"inLanguage\":\"en-US\",\"@id\":\"https:\\\/\\\/syndicom.ch\\\/en\\\/pensionierte\\\/#primaryimage\",\"url\":\"https:\\\/\\\/syndicom.ch\\\/app\\\/uploads\\\/2024\\\/11\\\/gewerkschaft-syndicom-pensionierte-event.jpg\",\"contentUrl\":\"https:\\\/\\\/syndicom.ch\\\/app\\\/uploads\\\/2024\\\/11\\\/gewerkschaft-syndicom-pensionierte-event.jpg\"},{\"@type\":\"BreadcrumbList\",\"@id\":\"https:\\\/\\\/syndicom.ch\\\/en\\\/pensionierte\\\/#breadcrumb\",\"itemListElement\":[{\"@type\":\"ListItem\",\"position\":1,\"name\":\"Home\",\"item\":\"https:\\\/\\\/syndicom.ch\\\/en\\\/\"},{\"@type\":\"ListItem\",\"position\":2,\"name\":\"Pensionierte\"}]},{\"@type\":\"WebSite\",\"@id\":\"https:\\\/\\\/syndicom.ch\\\/en\\\/#website\",\"url\":\"https:\\\/\\\/syndicom.ch\\\/en\\\/\",\"name\":\"syndicom\",\"description\":\"\",\"publisher\":{\"@id\":\"https:\\\/\\\/syndicom.ch\\\/en\\\/#organization\"},\"potentialAction\":[{\"@type\":\"SearchAction\",\"target\":{\"@type\":\"EntryPoint\",\"urlTemplate\":\"https:\\\/\\\/syndicom.ch\\\/en\\\/?s={search_term_string}\"},\"query-input\":{\"@type\":\"PropertyValueSpecification\",\"valueRequired\":true,\"valueName\":\"search_term_string\"}}],\"inLanguage\":\"en-US\"},{\"@type\":\"Organization\",\"@id\":\"https:\\\/\\\/syndicom.ch\\\/en\\\/#organization\",\"name\":\"syndicom\",\"url\":\"https:\\\/\\\/syndicom.ch\\\/en\\\/\",\"logo\":{\"@type\":\"ImageObject\",\"inLanguage\":\"en-US\",\"@id\":\"https:\\\/\\\/syndicom.ch\\\/en\\\/#\\\/schema\\\/logo\\\/image\\\/\",\"url\":\"https:\\\/\\\/syndicom.ch\\\/app\\\/uploads\\\/2024\\\/06\\\/logo.svg\",\"contentUrl\":\"https:\\\/\\\/syndicom.ch\\\/app\\\/uploads\\\/2024\\\/06\\\/logo.svg\",\"width\":297,\"height\":51,\"caption\":\"syndicom\"},\"image\":{\"@id\":\"https:\\\/\\\/syndicom.ch\\\/en\\\/#\\\/schema\\\/logo\\\/image\\\/\"}}]}<\/script>\n<!-- \/ Yoast SEO plugin. -->","yoast_head_json":{"title":"Pensionierte - syndicom","description":"Die Pensionierten syndicom setzen sich ein f\u00fcr die Anliegen der Pensionierten und gestalten die soziale, wirtschaftliche und politische Zukunft.","robots":{"index":"index","follow":"follow","max-snippet":"max-snippet:-1","max-image-preview":"max-image-preview:large","max-video-preview":"max-video-preview:-1"},"canonical":"https:\/\/syndicom.ch\/en\/pensionierte\/","og_locale":"en_US","og_type":"article","og_title":"Pensionierte - syndicom","og_description":"Die Pensionierten syndicom setzen sich ein f\u00fcr die Anliegen der Pensionierten und gestalten die soziale, wirtschaftliche und politische Zukunft.","og_url":"https:\/\/syndicom.ch\/en\/pensionierte\/","og_site_name":"syndicom","article_modified_time":"2026-04-23T07:39:35+00:00","og_image":[{"width":384,"height":215,"url":"https:\/\/syndicom.ch\/app\/uploads\/2024\/11\/gewerkschaft-syndicom-pensionierte-event.jpg","type":"image\/jpeg"}],"twitter_card":"summary_large_image","twitter_misc":{"Est. reading time":"6 minutes"},"schema":{"@context":"https:\/\/schema.org","@graph":[{"@type":"WebPage","@id":"https:\/\/syndicom.ch\/en\/pensionierte\/","url":"https:\/\/syndicom.ch\/en\/pensionierte\/","name":"Pensionierte - syndicom","isPartOf":{"@id":"https:\/\/syndicom.ch\/en\/#website"},"primaryImageOfPage":{"@id":"https:\/\/syndicom.ch\/en\/pensionierte\/#primaryimage"},"image":{"@id":"https:\/\/syndicom.ch\/en\/pensionierte\/#primaryimage"},"thumbnailUrl":"https:\/\/syndicom.ch\/app\/uploads\/2024\/11\/gewerkschaft-syndicom-pensionierte-event.jpg","datePublished":"2024-12-19T14:00:14+00:00","dateModified":"2026-04-23T07:39:35+00:00","description":"Die Pensionierten syndicom setzen sich ein f\u00fcr die Anliegen der Pensionierten und gestalten die soziale, wirtschaftliche und politische Zukunft.","breadcrumb":{"@id":"https:\/\/syndicom.ch\/en\/pensionierte\/#breadcrumb"},"inLanguage":"en-US","potentialAction":[{"@type":"ReadAction","target":["https:\/\/syndicom.ch\/en\/pensionierte\/"]}]},{"@type":"ImageObject","inLanguage":"en-US","@id":"https:\/\/syndicom.ch\/en\/pensionierte\/#primaryimage","url":"https:\/\/syndicom.ch\/app\/uploads\/2024\/11\/gewerkschaft-syndicom-pensionierte-event.jpg","contentUrl":"https:\/\/syndicom.ch\/app\/uploads\/2024\/11\/gewerkschaft-syndicom-pensionierte-event.jpg"},{"@type":"BreadcrumbList","@id":"https:\/\/syndicom.ch\/en\/pensionierte\/#breadcrumb","itemListElement":[{"@type":"ListItem","position":1,"name":"Home","item":"https:\/\/syndicom.ch\/en\/"},{"@type":"ListItem","position":2,"name":"Pensionierte"}]},{"@type":"WebSite","@id":"https:\/\/syndicom.ch\/en\/#website","url":"https:\/\/syndicom.ch\/en\/","name":"syndicom","description":"","publisher":{"@id":"https:\/\/syndicom.ch\/en\/#organization"},"potentialAction":[{"@type":"SearchAction","target":{"@type":"EntryPoint","urlTemplate":"https:\/\/syndicom.ch\/en\/?s={search_term_string}"},"query-input":{"@type":"PropertyValueSpecification","valueRequired":true,"valueName":"search_term_string"}}],"inLanguage":"en-US"},{"@type":"Organization","@id":"https:\/\/syndicom.ch\/en\/#organization","name":"syndicom","url":"https:\/\/syndicom.ch\/en\/","logo":{"@type":"ImageObject","inLanguage":"en-US","@id":"https:\/\/syndicom.ch\/en\/#\/schema\/logo\/image\/","url":"https:\/\/syndicom.ch\/app\/uploads\/2024\/06\/logo.svg","contentUrl":"https:\/\/syndicom.ch\/app\/uploads\/2024\/06\/logo.svg","width":297,"height":51,"caption":"syndicom"},"image":{"@id":"https:\/\/syndicom.ch\/en\/#\/schema\/logo\/image\/"}}]}},"_links":{"self":[{"href":"https:\/\/syndicom.ch\/en\/wp-json\/wp\/v2\/pages\/29175","targetHints":{"allow":["GET"]}}],"collection":[{"href":"https:\/\/syndicom.ch\/en\/wp-json\/wp\/v2\/pages"}],"about":[{"href":"https:\/\/syndicom.ch\/en\/wp-json\/wp\/v2\/types\/page"}],"author":[{"embeddable":true,"href":"https:\/\/syndicom.ch\/en\/wp-json\/wp\/v2\/users\/3"}],"replies":[{"embeddable":true,"href":"https:\/\/syndicom.ch\/en\/wp-json\/wp\/v2\/comments?post=29175"}],"version-history":[{"count":106,"href":"https:\/\/syndicom.ch\/en\/wp-json\/wp\/v2\/pages\/29175\/revisions"}],"predecessor-version":[{"id":61638,"href":"https:\/\/syndicom.ch\/en\/wp-json\/wp\/v2\/pages\/29175\/revisions\/61638"}],"wp:attachment":[{"href":"https:\/\/syndicom.ch\/en\/wp-json\/wp\/v2\/media?parent=29175"}],"wp:term":[{"taxonomy":"category","embeddable":true,"href":"https:\/\/syndicom.ch\/en\/wp-json\/wp\/v2\/categories?post=29175"}],"curies":[{"name":"wp","href":"https:\/\/api.w.org\/{rel}","templated":true}]}}