{"id":21547,"date":"2024-12-13T11:52:18","date_gmt":"2024-12-13T10:52:18","guid":{"rendered":"https:\/\/syndicom.ch\/?page_id=21547"},"modified":"2026-02-04T14:18:10","modified_gmt":"2026-02-04T13:18:10","slug":"miduca","status":"publish","type":"page","link":"https:\/\/syndicom.ch\/fr\/tes-avantages\/miduca\/","title":{"rendered":"Miduca"},"content":{"rendered":"\n<div class=\"wp-block-group alignfull has-background-color has-primary-background-color has-text-color has-background has-link-color wp-elements-9c3ea59f0cbb35d73dbbc89974002af9 is-layout-constrained wp-block-group-is-layout-constrained\">\n<div class=\"wp-block-group is-style-narrow is-layout-constrained wp-block-group-is-layout-constrained\">\n<div class=\"wp-block-columns is-layout-flex wp-container-core-columns-is-layout-9d6595d7 wp-block-columns-is-layout-flex\">\n<div class=\"wp-block-column is-layout-flow wp-block-column-is-layout-flow\" style=\"flex-basis:50%\">\n<h1 class=\"wp-block-heading\">Miduca<\/h1>\n\n\n\n<p class=\"is-style-lead\">En tant que membre de syndicom, tu profites d&rsquo;une r\u00e9duction de 5 %* sur les cours de l&rsquo;\u00c9cole-club Migros et l&rsquo;IBAW.<\/p>\n<\/div>\n\n\n\n<div class=\"wp-block-column is-layout-flow wp-block-column-is-layout-flow\" style=\"flex-basis:50%\">\n<figure class=\"wp-block-image size-full\"><img loading=\"lazy\" decoding=\"async\" width=\"1524\" height=\"786\" src=\"https:\/\/syndicom.ch\/app\/uploads\/2024\/12\/gewerkschaft-syndicom-miduca-de.jpg\" alt=\"\" class=\"wp-image-21078\" srcset=\"https:\/\/syndicom.ch\/app\/uploads\/2024\/12\/gewerkschaft-syndicom-miduca-de.jpg 1524w, https:\/\/syndicom.ch\/app\/uploads\/2024\/12\/gewerkschaft-syndicom-miduca-de-300x155.jpg 300w, https:\/\/syndicom.ch\/app\/uploads\/2024\/12\/gewerkschaft-syndicom-miduca-de-1024x528.jpg 1024w, https:\/\/syndicom.ch\/app\/uploads\/2024\/12\/gewerkschaft-syndicom-miduca-de-768x396.jpg 768w, https:\/\/syndicom.ch\/app\/uploads\/2024\/12\/gewerkschaft-syndicom-miduca-de-430x222.jpg 430w, https:\/\/syndicom.ch\/app\/uploads\/2024\/12\/gewerkschaft-syndicom-miduca-de-600x309.jpg 600w\" sizes=\"auto, (max-width: 1524px) 100vw, 1524px\" \/><\/figure>\n<\/div>\n<\/div>\n<\/div>\n<\/div>\n\n\n\n<div class=\"wp-block-group alignfull has-background-background-color has-background is-layout-constrained wp-block-group-is-layout-constrained\">\n<div class=\"wp-block-group is-style-narrow is-layout-constrained wp-block-group-is-layout-constrained\">\n<h2 class=\"wp-block-heading\"><strong>R\u00e9duction sur les cours de Miduca<\/strong><\/h2>\n\n\n\n<p>Gr\u00e2ce \u00e0 la collaboration de syndicom avec l&rsquo;Ecole-club et l&rsquo;IBAW, tu profites, en tant que membre de syndicom, d&rsquo;un rabais de 5%* sur l&rsquo;offre de cours.<\/p>\n\n\n\n<p>Que tu souhaites apprendre une nouvelle langue, te d\u00e9tendre en faisant du yoga ou acqu\u00e9rir de nouvelles connaissances pour ta profession \u2013 d\u00e9couvre l&rsquo;offre vari\u00e9e et trouve le cours qui te convient. Amuse-toi bien \u00e0 apprendre et \u00e0 te perfectionner !<\/p>\n\n\n\n<p>* Non cumulable avec d&rsquo;autres rabais. Valable pour les cours de l&rsquo;Ecole-club Migros et de l&rsquo;IBAW dans toute la Suisse (\u00e0 l&rsquo;exception des cours et des formations ES qui sont rembours\u00e9s par l&rsquo;entreprise ou r\u00e9gl\u00e9s par ses membres).<\/p>\n<\/div>\n<\/div>\n\n\n\n<div class=\"wp-block-group alignfull has-tertiary-background-color has-background is-layout-constrained wp-block-group-is-layout-constrained\">\n<div class=\"wp-block-group is-style-narrow is-layout-constrained wp-block-group-is-layout-constrained\">\n<h2 class=\"wp-block-heading\"><strong><strong>Tu n&rsquo;es pas encore membre de syndicom ?<\/strong><\/strong><\/h2>\n\n\n\n<p>C&rsquo;est donc le moment id\u00e9al pour devenir membre de syndicom et profiter de cette offre attrayante de Miduca, ainsi que de nombreux autres avantages.<\/p>\n\n\n\n<div class=\"wp-block-buttons is-layout-flex wp-block-buttons-is-layout-flex\">\n<div class=\"wp-block-button\"><a class=\"wp-block-button__link wp-element-button\" href=\"https:\/\/my.syndicom.ch\/adhesion\" target=\"_blank\" rel=\"noreferrer noopener\"><strong>Deviens membre maintenant et profite<\/strong><\/a><\/div>\n\n\n\n<div class=\"wp-block-button is-style-outline is-style-outline--1\"><a class=\"wp-block-button__link has-primary-color has-primary-background-color has-text-color has-background has-link-color wp-element-button\" href=\"https:\/\/syndicom.ch\/fr\/faq-affiliation\/\" target=\"_blank\" rel=\"noreferrer noopener\"><strong>Aper\u00e7u des avantages<\/strong><\/a><\/div>\n<\/div>\n<\/div>\n<\/div>\n\n\n\n<div class=\"wp-block-group alignfull has-background-background-color has-background is-layout-constrained wp-block-group-is-layout-constrained\">\n<div class=\"wp-block-group is-style-narrow is-layout-constrained wp-block-group-is-layout-constrained\">\n<h2 class=\"wp-block-heading\"><strong><strong><strong>Comment profiter de l&rsquo;offre Miduca<\/strong><\/strong><\/strong><\/h2>\n\n\n\n<p>En tant que membre syndicom, tu peux t&rsquo;inscrire au cours directement via ce lien : <a href=\"http:\/\/easy.education.ch\/fr\/entreprises\/syndicom\" target=\"_blank\" rel=\"noreferrer noopener nofollow\">easy.education.ch\/fr\/entreprises\/syndicom<\/a> Le rabais est d\u00e9j\u00e0 pris en compte dans les prix indiqu\u00e9s.<\/p>\n<\/div>\n<\/div>\n","protected":false},"excerpt":{"rendered":"<p>En tant que membre syndicom, tu profites d&rsquo;une r\u00e9duction de 5 %* sur les cours de l&rsquo;\u00c9cole-club Migros et l&rsquo;IBAW.<\/p>\n","protected":false},"author":3,"featured_media":0,"parent":45049,"menu_order":0,"comment_status":"closed","ping_status":"closed","template":"","meta":{"_acf_changed":false,"_coblocks_attr":"","_coblocks_dimensions":"","_coblocks_responsive_height":"","_coblocks_accordion_ie_support":"","inline_featured_image":false,"footnotes":""},"categories":[358],"class_list":["post-21547","page","type-page","status-publish","hentry","category-tes-avantages"],"acf":[],"yoast_head":"<!-- This site is optimized with the Yoast SEO plugin v27.3 - https:\/\/yoast.com\/product\/yoast-seo-wordpress\/ -->\n<title>Miduca - syndicom<\/title>\n<meta name=\"description\" content=\"En tant que membre syndicom, tu profites d&#039;une r\u00e9duction de 5 %* sur les cours de l&#039;\u00c9cole-club Migros et l&#039;IBAW.\" \/>\n<meta name=\"robots\" content=\"noindex, nofollow\" \/>\n<meta property=\"og:locale\" content=\"fr_FR\" \/>\n<meta property=\"og:type\" content=\"article\" \/>\n<meta property=\"og:title\" content=\"Miduca - syndicom\" \/>\n<meta property=\"og:description\" content=\"En tant que membre syndicom, tu profites d&#039;une r\u00e9duction de 5 %* sur les cours de l&#039;\u00c9cole-club Migros et l&#039;IBAW.\" \/>\n<meta property=\"og:url\" content=\"https:\/\/syndicom.ch\/fr\/tes-avantages\/miduca\/\" \/>\n<meta property=\"og:site_name\" content=\"syndicom\" \/>\n<meta property=\"article:publisher\" content=\"https:\/\/www.facebook.com\/syndicom\/\" \/>\n<meta property=\"article:modified_time\" content=\"2026-02-04T13:18:10+00:00\" \/>\n<meta name=\"twitter:card\" content=\"summary_large_image\" \/>\n<meta name=\"twitter:label1\" content=\"Dur\u00e9e de lecture estim\u00e9e\" \/>\n\t<meta name=\"twitter:data1\" content=\"1 minute\" \/>\n<script type=\"application\/ld+json\" class=\"yoast-schema-graph\">{\"@context\":\"https:\\\/\\\/schema.org\",\"@graph\":[{\"@type\":\"WebPage\",\"@id\":\"https:\\\/\\\/syndicom.ch\\\/fr\\\/tes-avantages\\\/miduca\\\/\",\"url\":\"https:\\\/\\\/syndicom.ch\\\/fr\\\/tes-avantages\\\/miduca\\\/\",\"name\":\"Miduca - syndicom\",\"isPartOf\":{\"@id\":\"https:\\\/\\\/syndicom.ch\\\/fr\\\/#website\"},\"datePublished\":\"2024-12-13T10:52:18+00:00\",\"dateModified\":\"2026-02-04T13:18:10+00:00\",\"description\":\"En tant que membre syndicom, tu profites d'une r\u00e9duction de 5 %* sur les cours de l'\u00c9cole-club Migros et l'IBAW.\",\"breadcrumb\":{\"@id\":\"https:\\\/\\\/syndicom.ch\\\/fr\\\/tes-avantages\\\/miduca\\\/#breadcrumb\"},\"inLanguage\":\"fr-FR\",\"potentialAction\":[{\"@type\":\"ReadAction\",\"target\":[\"https:\\\/\\\/syndicom.ch\\\/fr\\\/tes-avantages\\\/miduca\\\/\"]}]},{\"@type\":\"BreadcrumbList\",\"@id\":\"https:\\\/\\\/syndicom.ch\\\/fr\\\/tes-avantages\\\/miduca\\\/#breadcrumb\",\"itemListElement\":[{\"@type\":\"ListItem\",\"position\":1,\"name\":\"Page d'accueil\",\"item\":\"https:\\\/\\\/syndicom.ch\\\/fr\\\/\"},{\"@type\":\"ListItem\",\"position\":2,\"name\":\"Tes avantages\",\"item\":\"https:\\\/\\\/syndicom.ch\\\/fr\\\/tes-avantages\\\/\"},{\"@type\":\"ListItem\",\"position\":3,\"name\":\"Miduca\"}]},{\"@type\":\"WebSite\",\"@id\":\"https:\\\/\\\/syndicom.ch\\\/fr\\\/#website\",\"url\":\"https:\\\/\\\/syndicom.ch\\\/fr\\\/\",\"name\":\"syndicom\",\"description\":\"\",\"publisher\":{\"@id\":\"https:\\\/\\\/syndicom.ch\\\/fr\\\/#organization\"},\"potentialAction\":[{\"@type\":\"SearchAction\",\"target\":{\"@type\":\"EntryPoint\",\"urlTemplate\":\"https:\\\/\\\/syndicom.ch\\\/fr\\\/?s={search_term_string}\"},\"query-input\":{\"@type\":\"PropertyValueSpecification\",\"valueRequired\":true,\"valueName\":\"search_term_string\"}}],\"inLanguage\":\"fr-FR\"},{\"@type\":\"Organization\",\"@id\":\"https:\\\/\\\/syndicom.ch\\\/fr\\\/#organization\",\"name\":\"syndicom\",\"alternateName\":\"Gewerkschaft Medien und Kommunikation\",\"url\":\"https:\\\/\\\/syndicom.ch\\\/fr\\\/\",\"logo\":{\"@type\":\"ImageObject\",\"inLanguage\":\"fr-FR\",\"@id\":\"https:\\\/\\\/syndicom.ch\\\/fr\\\/#\\\/schema\\\/logo\\\/image\\\/\",\"url\":\"https:\\\/\\\/syndicom.ch\\\/app\\\/uploads\\\/2024\\\/06\\\/logo.svg\",\"contentUrl\":\"https:\\\/\\\/syndicom.ch\\\/app\\\/uploads\\\/2024\\\/06\\\/logo.svg\",\"width\":297,\"height\":51,\"caption\":\"syndicom\"},\"image\":{\"@id\":\"https:\\\/\\\/syndicom.ch\\\/fr\\\/#\\\/schema\\\/logo\\\/image\\\/\"},\"sameAs\":[\"https:\\\/\\\/www.facebook.com\\\/syndicom\\\/\",\"https:\\\/\\\/ch.linkedin.com\\\/company\\\/syndicom-gewerkschaft-medien-und-kommunikation\",\"https:\\\/\\\/www.instagram.com\\\/syndicom\\\/\"]}]}<\/script>\n<!-- \/ Yoast SEO plugin. -->","yoast_head_json":{"title":"Miduca - syndicom","description":"En tant que membre syndicom, tu profites d'une r\u00e9duction de 5 %* sur les cours de l'\u00c9cole-club Migros et l'IBAW.","robots":{"index":"noindex","follow":"nofollow"},"og_locale":"fr_FR","og_type":"article","og_title":"Miduca - syndicom","og_description":"En tant que membre syndicom, tu profites d'une r\u00e9duction de 5 %* sur les cours de l'\u00c9cole-club Migros et l'IBAW.","og_url":"https:\/\/syndicom.ch\/fr\/tes-avantages\/miduca\/","og_site_name":"syndicom","article_publisher":"https:\/\/www.facebook.com\/syndicom\/","article_modified_time":"2026-02-04T13:18:10+00:00","twitter_card":"summary_large_image","twitter_misc":{"Dur\u00e9e de lecture estim\u00e9e":"1 minute"},"schema":{"@context":"https:\/\/schema.org","@graph":[{"@type":"WebPage","@id":"https:\/\/syndicom.ch\/fr\/tes-avantages\/miduca\/","url":"https:\/\/syndicom.ch\/fr\/tes-avantages\/miduca\/","name":"Miduca - syndicom","isPartOf":{"@id":"https:\/\/syndicom.ch\/fr\/#website"},"datePublished":"2024-12-13T10:52:18+00:00","dateModified":"2026-02-04T13:18:10+00:00","description":"En tant que membre syndicom, tu profites d'une r\u00e9duction de 5 %* sur les cours de l'\u00c9cole-club Migros et l'IBAW.","breadcrumb":{"@id":"https:\/\/syndicom.ch\/fr\/tes-avantages\/miduca\/#breadcrumb"},"inLanguage":"fr-FR","potentialAction":[{"@type":"ReadAction","target":["https:\/\/syndicom.ch\/fr\/tes-avantages\/miduca\/"]}]},{"@type":"BreadcrumbList","@id":"https:\/\/syndicom.ch\/fr\/tes-avantages\/miduca\/#breadcrumb","itemListElement":[{"@type":"ListItem","position":1,"name":"Page d'accueil","item":"https:\/\/syndicom.ch\/fr\/"},{"@type":"ListItem","position":2,"name":"Tes avantages","item":"https:\/\/syndicom.ch\/fr\/tes-avantages\/"},{"@type":"ListItem","position":3,"name":"Miduca"}]},{"@type":"WebSite","@id":"https:\/\/syndicom.ch\/fr\/#website","url":"https:\/\/syndicom.ch\/fr\/","name":"syndicom","description":"","publisher":{"@id":"https:\/\/syndicom.ch\/fr\/#organization"},"potentialAction":[{"@type":"SearchAction","target":{"@type":"EntryPoint","urlTemplate":"https:\/\/syndicom.ch\/fr\/?s={search_term_string}"},"query-input":{"@type":"PropertyValueSpecification","valueRequired":true,"valueName":"search_term_string"}}],"inLanguage":"fr-FR"},{"@type":"Organization","@id":"https:\/\/syndicom.ch\/fr\/#organization","name":"syndicom","alternateName":"Gewerkschaft Medien und Kommunikation","url":"https:\/\/syndicom.ch\/fr\/","logo":{"@type":"ImageObject","inLanguage":"fr-FR","@id":"https:\/\/syndicom.ch\/fr\/#\/schema\/logo\/image\/","url":"https:\/\/syndicom.ch\/app\/uploads\/2024\/06\/logo.svg","contentUrl":"https:\/\/syndicom.ch\/app\/uploads\/2024\/06\/logo.svg","width":297,"height":51,"caption":"syndicom"},"image":{"@id":"https:\/\/syndicom.ch\/fr\/#\/schema\/logo\/image\/"},"sameAs":["https:\/\/www.facebook.com\/syndicom\/","https:\/\/ch.linkedin.com\/company\/syndicom-gewerkschaft-medien-und-kommunikation","https:\/\/www.instagram.com\/syndicom\/"]}]}},"_links":{"self":[{"href":"https:\/\/syndicom.ch\/fr\/wp-json\/wp\/v2\/pages\/21547","targetHints":{"allow":["GET"]}}],"collection":[{"href":"https:\/\/syndicom.ch\/fr\/wp-json\/wp\/v2\/pages"}],"about":[{"href":"https:\/\/syndicom.ch\/fr\/wp-json\/wp\/v2\/types\/page"}],"author":[{"embeddable":true,"href":"https:\/\/syndicom.ch\/fr\/wp-json\/wp\/v2\/users\/3"}],"replies":[{"embeddable":true,"href":"https:\/\/syndicom.ch\/fr\/wp-json\/wp\/v2\/comments?post=21547"}],"version-history":[{"count":12,"href":"https:\/\/syndicom.ch\/fr\/wp-json\/wp\/v2\/pages\/21547\/revisions"}],"predecessor-version":[{"id":52929,"href":"https:\/\/syndicom.ch\/fr\/wp-json\/wp\/v2\/pages\/21547\/revisions\/52929"}],"up":[{"embeddable":true,"href":"https:\/\/syndicom.ch\/fr\/wp-json\/wp\/v2\/pages\/45049"}],"wp:attachment":[{"href":"https:\/\/syndicom.ch\/fr\/wp-json\/wp\/v2\/media?parent=21547"}],"wp:term":[{"taxonomy":"category","embeddable":true,"href":"https:\/\/syndicom.ch\/fr\/wp-json\/wp\/v2\/categories?post=21547"}],"curies":[{"name":"wp","href":"https:\/\/api.w.org\/{rel}","templated":true}]}}