{"id":21635,"date":"2024-07-24T15:47:58","date_gmt":"2024-07-24T13:47:58","guid":{"rendered":"https:\/\/syndicom.ch\/?page_id=21635"},"modified":"2026-01-05T09:05:53","modified_gmt":"2026-01-05T08:05:53","slug":"bulletin","status":"publish","type":"page","link":"https:\/\/syndicom.ch\/fr\/retraitees\/bulletin\/","title":{"rendered":"Bulletin"},"content":{"rendered":"\n<div class=\"wp-block-group alignfull has-background-color has-primary-background-color has-text-color has-background has-link-color wp-elements-7161ed47a27ec19cccb2efe57cbe1b97 is-layout-constrained wp-block-group-is-layout-constrained\">\n<div class=\"wp-block-group is-style-narrow is-layout-constrained wp-block-group-is-layout-constrained\">\n<div class=\"wp-block-columns is-layout-flex wp-container-core-columns-is-layout-9d6595d7 wp-block-columns-is-layout-flex\">\n<div class=\"wp-block-column is-layout-flow wp-block-column-is-layout-flow\">\n<div class=\"wp-block-buttons is-layout-flex wp-block-buttons-is-layout-flex\">\n<div class=\"wp-block-button is-style-underline\"><a class=\"wp-block-button__link has-background-color has-background-background-color has-text-color has-background has-link-color wp-element-button\" href=\"https:\/\/syndicom.ch\/fr\/retraitees\/\">Page d\u2019accueil<\/a><\/div>\n<\/div>\n<\/div>\n\n\n\n<div class=\"wp-block-column is-layout-flow wp-block-column-is-layout-flow\">\n<div class=\"wp-block-buttons is-layout-flex wp-block-buttons-is-layout-flex\">\n<div class=\"wp-block-button is-style-underline\"><a class=\"wp-block-button__link has-background-color has-background-background-color has-text-color has-background has-link-color has-text-align-center wp-element-button\" href=\"https:\/\/syndicom.ch\/fr\/retraitees\/themes\/\">Th\u00e8mes<\/a><\/div>\n<\/div>\n<\/div>\n\n\n\n<div class=\"wp-block-column is-layout-flow wp-block-column-is-layout-flow\">\n<div class=\"wp-block-buttons is-layout-flex wp-block-buttons-is-layout-flex\">\n<div class=\"wp-block-button is-style-underline\"><a class=\"wp-block-button__link has-background-color has-background-background-color has-text-color has-background has-link-color has-text-align-center wp-element-button\" href=\"https:\/\/syndicom.ch\/fr\/retraitees\/bouger\/\">Bouger<\/a><\/div>\n<\/div>\n<\/div>\n\n\n\n<div class=\"wp-block-column is-layout-flow wp-block-column-is-layout-flow\">\n<div class=\"wp-block-buttons is-layout-flex wp-block-buttons-is-layout-flex\">\n<div class=\"wp-block-button is-style-underline\"><a class=\"wp-block-button__link has-background-color has-background-background-color has-text-color has-background has-link-color has-text-align-center wp-element-button\" href=\"https:\/\/syndicom.ch\/fr\/retraitees\/groupes\/\">Groupes<\/a><\/div>\n<\/div>\n<\/div>\n<\/div>\n\n\n\n<div class=\"wp-block-columns is-layout-flex wp-container-core-columns-is-layout-9d6595d7 wp-block-columns-is-layout-flex\">\n<div class=\"wp-block-column is-layout-flow wp-block-column-is-layout-flow\" style=\"flex-basis:70%\">\n<h1 class=\"wp-block-heading\">Bulletin<\/h1>\n\n\n\n<p class=\"is-style-lead\">Avec le bulletin, nous informons sur les sujets d&rsquo;actualit\u00e9.<\/p>\n<\/div>\n<\/div>\n<\/div>\n<\/div>\n\n\n\n<div class=\"wp-block-group alignfull has-background-background-color has-background is-layout-constrained wp-block-group-is-layout-constrained\">\n<div class=\"wp-block-group is-style-narrow is-layout-constrained wp-block-group-is-layout-constrained\">\n<p>Le \u00ab bulletin retrait\u00e9-es syndicom \u00bb para\u00eet quatre fois par an en trois langues (avec des articles en allemand, fran\u00e7ais et italien). Il fournit des informations et des commentaires sur les syndicats et la politique, et pr\u00e9sente le point de vue des retrait\u00e9s organis\u00e9s de syndicom.<\/p>\n\n\n\n<p>On y trouve \u00e9galement des informations sur les manifestations des groupes de retrait\u00e9s ainsi que des rapports sur leurs \u00e9v\u00e9nements. Les contributions d&rsquo;opinion de coll\u00e8gues engag\u00e9s sont les bienvenues et enrichissantes. Le bulletin et le site web des retrait\u00e9-es se compl\u00e8tent et constituent ensemble un forum de discussion et d&rsquo;\u00e9change.<\/p>\n\n\n\t<iframe src=\"https:\/\/www.yumpu.com\/de\/embed\/view\/70897567\" class=\"yumpu-iframe\" ><\/iframe>\n\t\n\n\n<h3 class=\"wp-block-heading\"><strong>\u00c9ditions pr\u00e9c\u00e9dentes du bulletin des Retrait\u00e9-es syndicom<\/strong><\/h3>\n\n\n\n<div style=\"position:relative;padding-bottom:56.25%;height:0;overflow:hidden;max-width:100%;\" data-page-width=\"480\" data-page-height=\"640\"><iframe style=\"position:absolute;top:0;left:0;width:100%;height:100%;\"   src=\"https:\/\/www.yumpu.com\/en\/embed\/view\/XG4qfhxYtMIPopnQ\" frameborder=\"0\" allowfullscreen=\"true\" allowtransparency=\"true\"><\/iframe><\/div>\n<\/div>\n<\/div>\n","protected":false},"excerpt":{"rendered":"<p>Bulletin Avec le bulletin, nous informons sur les sujets d&rsquo;actualit\u00e9. Le \u00ab bulletin retrait\u00e9-es syndicom \u00bb para\u00eet quatre fois par an en trois langues (avec des articles en allemand, fran\u00e7ais et italien). Il fournit des informations et des commentaires sur les syndicats et la politique, et pr\u00e9sente le point de vue des retrait\u00e9s organis\u00e9s de [&hellip;]<\/p>\n","protected":false},"author":3,"featured_media":0,"parent":21686,"menu_order":0,"comment_status":"closed","ping_status":"closed","template":"wp-custom-template-pensionierte","meta":{"_acf_changed":false,"inline_featured_image":false,"_coblocks_attr":"","_coblocks_dimensions":"","_coblocks_responsive_height":"","_coblocks_accordion_ie_support":"","footnotes":""},"categories":[102],"class_list":["post-21635","page","type-page","status-publish","hentry","category-retraite-es"],"acf":[],"yoast_head":"<!-- This site is optimized with the Yoast SEO plugin v27.3 - https:\/\/yoast.com\/product\/yoast-seo-wordpress\/ -->\n<title>Bulletin - syndicom<\/title>\n<meta name=\"description\" content=\"Le bulletin retrait\u00e9-e-s syndicom fournit des informations et des commentaires sur les syndicats et la politique.\" \/>\n<meta name=\"robots\" content=\"index, follow, max-snippet:-1, max-image-preview:large, max-video-preview:-1\" \/>\n<link rel=\"canonical\" href=\"https:\/\/syndicom.ch\/fr\/retraitees\/bulletin\/\" \/>\n<meta property=\"og:locale\" content=\"fr_FR\" \/>\n<meta property=\"og:type\" content=\"article\" \/>\n<meta property=\"og:title\" content=\"Bulletin - syndicom\" \/>\n<meta property=\"og:description\" content=\"Le bulletin retrait\u00e9-e-s syndicom fournit des informations et des commentaires sur les syndicats et la politique.\" \/>\n<meta property=\"og:url\" content=\"https:\/\/syndicom.ch\/fr\/retraitees\/bulletin\/\" \/>\n<meta property=\"og:site_name\" content=\"syndicom\" \/>\n<meta property=\"article:modified_time\" content=\"2026-01-05T08:05:53+00:00\" \/>\n<meta name=\"twitter:card\" content=\"summary_large_image\" \/>\n<meta name=\"twitter:label1\" content=\"Dur\u00e9e de lecture estim\u00e9e\" \/>\n\t<meta name=\"twitter:data1\" content=\"1 minute\" \/>\n<script type=\"application\/ld+json\" class=\"yoast-schema-graph\">{\"@context\":\"https:\\\/\\\/schema.org\",\"@graph\":[{\"@type\":\"WebPage\",\"@id\":\"https:\\\/\\\/syndicom.ch\\\/fr\\\/retraitees\\\/bulletin\\\/\",\"url\":\"https:\\\/\\\/syndicom.ch\\\/fr\\\/retraitees\\\/bulletin\\\/\",\"name\":\"Bulletin - syndicom\",\"isPartOf\":{\"@id\":\"https:\\\/\\\/syndicom.ch\\\/fr\\\/#website\"},\"datePublished\":\"2024-07-24T13:47:58+00:00\",\"dateModified\":\"2026-01-05T08:05:53+00:00\",\"description\":\"Le bulletin retrait\u00e9-e-s syndicom fournit des informations et des commentaires sur les syndicats et la politique.\",\"breadcrumb\":{\"@id\":\"https:\\\/\\\/syndicom.ch\\\/fr\\\/retraitees\\\/bulletin\\\/#breadcrumb\"},\"inLanguage\":\"fr-FR\",\"potentialAction\":[{\"@type\":\"ReadAction\",\"target\":[\"https:\\\/\\\/syndicom.ch\\\/fr\\\/retraitees\\\/bulletin\\\/\"]}]},{\"@type\":\"BreadcrumbList\",\"@id\":\"https:\\\/\\\/syndicom.ch\\\/fr\\\/retraitees\\\/bulletin\\\/#breadcrumb\",\"itemListElement\":[{\"@type\":\"ListItem\",\"position\":1,\"name\":\"Page d'accueil\",\"item\":\"https:\\\/\\\/syndicom.ch\\\/fr\\\/\"},{\"@type\":\"ListItem\",\"position\":2,\"name\":\"Retrait\u00e9-es\",\"item\":\"https:\\\/\\\/syndicom.ch\\\/fr\\\/retraitees\\\/\"},{\"@type\":\"ListItem\",\"position\":3,\"name\":\"Bulletin\"}]},{\"@type\":\"WebSite\",\"@id\":\"https:\\\/\\\/syndicom.ch\\\/fr\\\/#website\",\"url\":\"https:\\\/\\\/syndicom.ch\\\/fr\\\/\",\"name\":\"syndicom\",\"description\":\"\",\"publisher\":{\"@id\":\"https:\\\/\\\/syndicom.ch\\\/fr\\\/#organization\"},\"potentialAction\":[{\"@type\":\"SearchAction\",\"target\":{\"@type\":\"EntryPoint\",\"urlTemplate\":\"https:\\\/\\\/syndicom.ch\\\/fr\\\/?s={search_term_string}\"},\"query-input\":{\"@type\":\"PropertyValueSpecification\",\"valueRequired\":true,\"valueName\":\"search_term_string\"}}],\"inLanguage\":\"fr-FR\"},{\"@type\":\"Organization\",\"@id\":\"https:\\\/\\\/syndicom.ch\\\/fr\\\/#organization\",\"name\":\"syndicom\",\"url\":\"https:\\\/\\\/syndicom.ch\\\/fr\\\/\",\"logo\":{\"@type\":\"ImageObject\",\"inLanguage\":\"fr-FR\",\"@id\":\"https:\\\/\\\/syndicom.ch\\\/fr\\\/#\\\/schema\\\/logo\\\/image\\\/\",\"url\":\"https:\\\/\\\/syndicom.ch\\\/app\\\/uploads\\\/2024\\\/06\\\/logo.svg\",\"contentUrl\":\"https:\\\/\\\/syndicom.ch\\\/app\\\/uploads\\\/2024\\\/06\\\/logo.svg\",\"width\":297,\"height\":51,\"caption\":\"syndicom\"},\"image\":{\"@id\":\"https:\\\/\\\/syndicom.ch\\\/fr\\\/#\\\/schema\\\/logo\\\/image\\\/\"}}]}<\/script>\n<!-- \/ Yoast SEO plugin. -->","yoast_head_json":{"title":"Bulletin - syndicom","description":"Le bulletin retrait\u00e9-e-s syndicom fournit des informations et des commentaires sur les syndicats et la politique.","robots":{"index":"index","follow":"follow","max-snippet":"max-snippet:-1","max-image-preview":"max-image-preview:large","max-video-preview":"max-video-preview:-1"},"canonical":"https:\/\/syndicom.ch\/fr\/retraitees\/bulletin\/","og_locale":"fr_FR","og_type":"article","og_title":"Bulletin - syndicom","og_description":"Le bulletin retrait\u00e9-e-s syndicom fournit des informations et des commentaires sur les syndicats et la politique.","og_url":"https:\/\/syndicom.ch\/fr\/retraitees\/bulletin\/","og_site_name":"syndicom","article_modified_time":"2026-01-05T08:05:53+00:00","twitter_card":"summary_large_image","twitter_misc":{"Dur\u00e9e de lecture estim\u00e9e":"1 minute"},"schema":{"@context":"https:\/\/schema.org","@graph":[{"@type":"WebPage","@id":"https:\/\/syndicom.ch\/fr\/retraitees\/bulletin\/","url":"https:\/\/syndicom.ch\/fr\/retraitees\/bulletin\/","name":"Bulletin - syndicom","isPartOf":{"@id":"https:\/\/syndicom.ch\/fr\/#website"},"datePublished":"2024-07-24T13:47:58+00:00","dateModified":"2026-01-05T08:05:53+00:00","description":"Le bulletin retrait\u00e9-e-s syndicom fournit des informations et des commentaires sur les syndicats et la politique.","breadcrumb":{"@id":"https:\/\/syndicom.ch\/fr\/retraitees\/bulletin\/#breadcrumb"},"inLanguage":"fr-FR","potentialAction":[{"@type":"ReadAction","target":["https:\/\/syndicom.ch\/fr\/retraitees\/bulletin\/"]}]},{"@type":"BreadcrumbList","@id":"https:\/\/syndicom.ch\/fr\/retraitees\/bulletin\/#breadcrumb","itemListElement":[{"@type":"ListItem","position":1,"name":"Page d'accueil","item":"https:\/\/syndicom.ch\/fr\/"},{"@type":"ListItem","position":2,"name":"Retrait\u00e9-es","item":"https:\/\/syndicom.ch\/fr\/retraitees\/"},{"@type":"ListItem","position":3,"name":"Bulletin"}]},{"@type":"WebSite","@id":"https:\/\/syndicom.ch\/fr\/#website","url":"https:\/\/syndicom.ch\/fr\/","name":"syndicom","description":"","publisher":{"@id":"https:\/\/syndicom.ch\/fr\/#organization"},"potentialAction":[{"@type":"SearchAction","target":{"@type":"EntryPoint","urlTemplate":"https:\/\/syndicom.ch\/fr\/?s={search_term_string}"},"query-input":{"@type":"PropertyValueSpecification","valueRequired":true,"valueName":"search_term_string"}}],"inLanguage":"fr-FR"},{"@type":"Organization","@id":"https:\/\/syndicom.ch\/fr\/#organization","name":"syndicom","url":"https:\/\/syndicom.ch\/fr\/","logo":{"@type":"ImageObject","inLanguage":"fr-FR","@id":"https:\/\/syndicom.ch\/fr\/#\/schema\/logo\/image\/","url":"https:\/\/syndicom.ch\/app\/uploads\/2024\/06\/logo.svg","contentUrl":"https:\/\/syndicom.ch\/app\/uploads\/2024\/06\/logo.svg","width":297,"height":51,"caption":"syndicom"},"image":{"@id":"https:\/\/syndicom.ch\/fr\/#\/schema\/logo\/image\/"}}]}},"_links":{"self":[{"href":"https:\/\/syndicom.ch\/fr\/wp-json\/wp\/v2\/pages\/21635","targetHints":{"allow":["GET"]}}],"collection":[{"href":"https:\/\/syndicom.ch\/fr\/wp-json\/wp\/v2\/pages"}],"about":[{"href":"https:\/\/syndicom.ch\/fr\/wp-json\/wp\/v2\/types\/page"}],"author":[{"embeddable":true,"href":"https:\/\/syndicom.ch\/fr\/wp-json\/wp\/v2\/users\/3"}],"replies":[{"embeddable":true,"href":"https:\/\/syndicom.ch\/fr\/wp-json\/wp\/v2\/comments?post=21635"}],"version-history":[{"count":35,"href":"https:\/\/syndicom.ch\/fr\/wp-json\/wp\/v2\/pages\/21635\/revisions"}],"predecessor-version":[{"id":53029,"href":"https:\/\/syndicom.ch\/fr\/wp-json\/wp\/v2\/pages\/21635\/revisions\/53029"}],"up":[{"embeddable":true,"href":"https:\/\/syndicom.ch\/fr\/wp-json\/wp\/v2\/pages\/21686"}],"wp:attachment":[{"href":"https:\/\/syndicom.ch\/fr\/wp-json\/wp\/v2\/media?parent=21635"}],"wp:term":[{"taxonomy":"category","embeddable":true,"href":"https:\/\/syndicom.ch\/fr\/wp-json\/wp\/v2\/categories?post=21635"}],"curies":[{"name":"wp","href":"https:\/\/api.w.org\/{rel}","templated":true}]}}