{"id":21693,"date":"2024-12-19T15:06:22","date_gmt":"2024-12-19T14:06:22","guid":{"rendered":"https:\/\/syndicom.ch\/?page_id=21693"},"modified":"2026-03-23T12:20:39","modified_gmt":"2026-03-23T11:20:39","slug":"bouger","status":"publish","type":"page","link":"https:\/\/syndicom.ch\/fr\/retraitees\/bouger\/","title":{"rendered":"Bouger"},"content":{"rendered":"\n<div class=\"wp-block-group alignfull has-background-color has-primary-background-color has-text-color has-background has-link-color wp-elements-557d4861b32f59484489bba7977578a3 is-layout-constrained wp-block-group-is-layout-constrained\">\n<div class=\"wp-block-group is-style-narrow is-layout-constrained wp-block-group-is-layout-constrained\">\n<div class=\"wp-block-columns is-layout-flex wp-container-core-columns-is-layout-9d6595d7 wp-block-columns-is-layout-flex\">\n<div class=\"wp-block-column is-layout-flow wp-block-column-is-layout-flow\">\n<div class=\"wp-block-buttons is-layout-flex wp-block-buttons-is-layout-flex\">\n<div class=\"wp-block-button is-style-underline\"><a class=\"wp-block-button__link has-background-color has-background-background-color has-text-color has-background has-link-color wp-element-button\" href=\"https:\/\/syndicom.ch\/fr\/retraitees\/\">Page d\u2019accueil<\/a><\/div>\n<\/div>\n<\/div>\n\n\n\n<div class=\"wp-block-column is-layout-flow wp-block-column-is-layout-flow\">\n<div class=\"wp-block-buttons is-layout-flex wp-block-buttons-is-layout-flex\">\n<div class=\"wp-block-button is-style-underline\"><a class=\"wp-block-button__link has-background-color has-background-background-color has-text-color has-background has-link-color has-text-align-center wp-element-button\" href=\"https:\/\/syndicom.ch\/fr\/retraitees\/themes\/\">Th\u00e8mes<\/a><\/div>\n<\/div>\n<\/div>\n\n\n\n<div class=\"wp-block-column is-layout-flow wp-block-column-is-layout-flow\">\n<div class=\"wp-block-buttons is-layout-flex wp-block-buttons-is-layout-flex\">\n<div class=\"wp-block-button is-style-underline\"><a class=\"wp-block-button__link has-background-color has-background-background-color has-text-color has-background has-link-color has-text-align-center wp-element-button\" href=\"https:\/\/syndicom.ch\/fr\/retraitees\/groupes\/\">Groupes<\/a><\/div>\n<\/div>\n<\/div>\n\n\n\n<div class=\"wp-block-column is-layout-flow wp-block-column-is-layout-flow\">\n<div class=\"wp-block-buttons is-layout-flex wp-block-buttons-is-layout-flex\">\n<div class=\"wp-block-button is-style-underline\"><a class=\"wp-block-button__link has-background-color has-background-background-color has-text-color has-background has-link-color wp-element-button\" href=\"https:\/\/syndicom.ch\/fr\/retraitees\/groupes\/\">Bulletin<\/a><\/div>\n<\/div>\n<\/div>\n<\/div>\n\n\n\n<div class=\"wp-block-columns is-layout-flex wp-container-core-columns-is-layout-9d6595d7 wp-block-columns-is-layout-flex\">\n<div class=\"wp-block-column is-layout-flow wp-block-column-is-layout-flow\" style=\"flex-basis:70%\">\n<h1 class=\"wp-block-heading\">Bouger<\/h1>\n\n\n\n<p class=\"is-style-lead\">Les retrait\u00e9s syndicom organisent des congr\u00e8s de politique sociale. Nous participons \u00e0 des manifestations et \u00e0 des campagnes. Nous pr\u00e9sentons nos revendications lors de congr\u00e8s, d&rsquo;assembl\u00e9es des d\u00e9l\u00e9gu\u00e9s et aupr\u00e8s d&rsquo;organisations partenaires. Nous participons en outre \u00e0 la fid\u00e9lisation des membres et fournissons une prestation importante avec le conseil aux retrait\u00e9s.<\/p>\n<\/div>\n<\/div>\n\n\n\n<div class=\"wp-block-columns is-layout-flex wp-container-core-columns-is-layout-9d6595d7 wp-block-columns-is-layout-flex\">\n<div class=\"wp-block-column is-layout-flow wp-block-column-is-layout-flow\">\n<div class=\"wp-block-group is-vertical is-layout-flex wp-container-core-group-is-layout-8cf370e7 wp-block-group-is-layout-flex\"><\/div>\n\n\n\n<p><a href=\"#tagung\"><mark style=\"background-color:#0D7EAC\" class=\"has-inline-color has-background-color\">\u279c Journ\u00e9e de politique sociale<\/mark><\/a><br><a href=\"#agir\"><mark style=\"background-color:#0D7EAC\" class=\"has-inline-color has-background-color\">\u279c Agir<\/mark><\/a><br><a href=\"#oplus\"><mark style=\"background-color:#0D7EAC\" class=\"has-inline-color has-background-color\">\u279c Organisation Plus<\/mark><\/a><br><a href=\"#beratung\"><mark style=\"background-color:#0D7EAC\" class=\"has-inline-color has-background-color\">\u279c Consultation de retraite<\/mark><\/a><\/p>\n<\/div>\n<\/div>\n<\/div>\n<\/div>\n\n\n\n<div class=\"wp-block-group alignfull is-style-default has-background-background-color has-background is-layout-constrained wp-block-group-is-layout-constrained\" id=\"tagung\">\n<div class=\"wp-block-group is-style-narrow is-layout-constrained wp-block-group-is-layout-constrained\"><\/div>\n\n\n\n<p><\/p>\n\n\n\n<div class=\"wp-block-group is-style-narrow is-layout-constrained wp-block-group-is-layout-constrained\">\n<h2 class=\"wp-block-heading\" id=\"tagung\"><strong><strong><strong>Journ\u00e9e de politique sociale<\/strong><\/strong><\/strong><\/h2>\n\n\n\n<p>Aborder les questions de politique sociale et agir, \u00e9changer et se mettre en r\u00e9seau.<\/p>\n\n\n\n<div data-wp-context=\"{}\" data-wp-interactive=\"core\/query\" data-wp-key=\"0\" data-wp-router-region=\"query-0\" class=\"wp-block-query is-layout-flow wp-block-query-is-layout-flow\"><ul class=\"wp-block-post-template is-layout-flow wp-block-post-template-is-layout-flow\"><li data-wp-key=\"post-template-item-52138\" class=\"wp-block-post post-52138 syn_news_retirees type-syn_news_retirees status-publish hentry syn_news_retirees_category-tagung\">\n<h3 class=\"has-link-color wp-elements-e0fea9949ff33616516a5cc208365ab5 wp-block-post-title has-text-color has-primary-color\"><a href=\"https:\/\/syndicom.ch\/fr\/retraite-e-s\/news\/congres-de-politique-sociale-2026\/\" target=\"_self\" >Congr\u00e8s de politique sociale 2026<\/a><\/h3>\n\n<div class=\"wp-block-post-date\"><time datetime=\"2026-01-28T23:23:55+01:00\">28 janvier 2026<\/time><\/div>\n\n<a href=\"https:\/\/syndicom.ch\/fr\/retraite-e-s\/news\/congres-de-politique-sociale-2026\/\"><div class=\"wp-block-post-excerpt\"><p class=\"wp-block-post-excerpt__excerpt\">Le 28 janvier 2026, environ 120 coll\u00e8gues se sont r\u00e9unis \u00e0 Berne pour le 4e congr\u00e8s sur la politique sociale des retrait\u00e9-es syndicom. <\/p><\/div><\/a><div class=\"syn-post-terms\" style=\"display: none\"><a href=\"#\" class=\"syn-post-terms__link\" data-term-id=\"383\">Tagung<\/a> <\/div>\n\n\n<\/li><li data-wp-key=\"post-template-item-52133\" class=\"wp-block-post post-52133 syn_news_retirees type-syn_news_retirees status-publish hentry syn_news_retirees_category-tagung\">\n<h3 class=\"has-link-color wp-elements-e0fea9949ff33616516a5cc208365ab5 wp-block-post-title has-text-color has-primary-color\"><a href=\"https:\/\/syndicom.ch\/fr\/retraite-e-s\/news\/journee-de-politique-sociale-2025\/\" target=\"_self\" >Journ\u00e9e de politique sociale 2025<\/a><\/h3>\n\n<div class=\"wp-block-post-date\"><time datetime=\"2025-02-05T21:05:46+01:00\">5 f\u00e9vrier 2025<\/time><\/div>\n\n<a href=\"https:\/\/syndicom.ch\/fr\/retraite-e-s\/news\/journee-de-politique-sociale-2025\/\"><div class=\"wp-block-post-excerpt\"><p class=\"wp-block-post-excerpt__excerpt\">Le 29 janvier 2025, 130 coll\u00e8gues se sont r\u00e9unis \u00e0 Berne pour la Journ\u00e9e de politique sociale sur la num\u00e9risation. <\/p><\/div><\/a><div class=\"syn-post-terms\" style=\"display: none\"><a href=\"#\" class=\"syn-post-terms__link\" data-term-id=\"383\">Tagung<\/a> <\/div>\n\n\n<\/li><\/ul>\n\n\n\n<\/div>\n<\/div>\n<\/div>\n\n\n\n<div class=\"wp-block-group alignfull is-style-default has-background-background-color has-background is-layout-constrained wp-block-group-is-layout-constrained\" id=\"agir\">\n<div class=\"wp-block-group is-style-narrow is-layout-constrained wp-block-group-is-layout-constrained\"><\/div>\n\n\n\n<p><\/p>\n\n\n\n<div class=\"wp-block-group is-style-narrow is-layout-constrained wp-block-group-is-layout-constrained\">\n<h2 class=\"wp-block-heading\">Agir &#8211; bouger ensemble<\/h2>\n\n\n\n<p>Nous y participons et en rendons compte.<\/p>\n\n\n\n<div data-wp-context=\"{}\" data-wp-interactive=\"core\/query\" data-wp-key=\"0\" data-wp-router-region=\"query-0\" class=\"wp-block-query is-layout-flow wp-block-query-is-layout-flow\"><ul class=\"wp-block-post-template is-layout-flow wp-block-post-template-is-layout-flow\"><li data-wp-key=\"post-template-item-60797\" class=\"wp-block-post post-60797 syn_news_retirees type-syn_news_retirees status-publish hentry syn_news_retirees_category-veranstaltungsberichte\">\n<h3 class=\"has-link-color wp-elements-e0fea9949ff33616516a5cc208365ab5 wp-block-post-title has-text-color has-primary-color\"><a href=\"https:\/\/syndicom.ch\/fr\/retraite-e-s\/news\/conference-des-retraite-e-s-de-luss\/\" target=\"_self\" >Conf\u00e9rence des retrait\u00e9-e-s de l\u2019USS<\/a><\/h3>\n\n<div class=\"wp-block-post-date\"><time datetime=\"2026-04-08T10:09:06+02:00\">8 avril 2026<\/time><\/div>\n\n<a href=\"https:\/\/syndicom.ch\/fr\/retraite-e-s\/news\/conference-des-retraite-e-s-de-luss\/\"><div class=\"wp-block-post-excerpt\"><p class=\"wp-block-post-excerpt__excerpt\">Conf\u00e9rence des retrait\u00e9-e-s de l\u2019USS ensemble pour des rentes solides et contre l\u2019initiative dangereuse de l\u2019UDC Deux th\u00e8mes importants figuraient \u00e0 l&rsquo;ordre du jour de la conf\u00e9rence des retrait\u00e9-e-s de\u2026 <\/p><\/div><\/a><div class=\"syn-post-terms\" style=\"display: none\"><a href=\"#\" class=\"syn-post-terms__link\" data-term-id=\"105\">Veranstaltungsberichte<\/a> <\/div>\n\n\n<\/li><li data-wp-key=\"post-template-item-51895\" class=\"wp-block-post post-51895 syn_news_retirees type-syn_news_retirees status-publish hentry syn_news_retirees_category-veranstaltungsberichte\">\n<h3 class=\"has-link-color wp-elements-e0fea9949ff33616516a5cc208365ab5 wp-block-post-title has-text-color has-primary-color\"><a href=\"https:\/\/syndicom.ch\/fr\/retraite-e-s\/news\/therese-wuthrich-et-giorgio-pardini-au-conseil-suisse-des-aines\/\" target=\"_self\" >Therese W\u00fcthrich et Giorgio Pardini au Conseil suisse des a\u00een\u00e9s<\/a><\/h3>\n\n<div class=\"wp-block-post-date\"><time datetime=\"2025-11-30T14:29:02+01:00\">30 novembre 2025<\/time><\/div>\n\n<a href=\"https:\/\/syndicom.ch\/fr\/retraite-e-s\/news\/therese-wuthrich-et-giorgio-pardini-au-conseil-suisse-des-aines\/\"><div class=\"wp-block-post-excerpt\"><p class=\"wp-block-post-excerpt__excerpt\">F\u00e9licitations \u00e0 Therese W\u00fcthrich et Giorgio Pardini pour leur \u00e9lection au Conseil suisse des a\u00een\u00e9s, un progr\u00e8s pour les retrait\u00e9s. <\/p><\/div><\/a><div class=\"syn-post-terms\" style=\"display: none\"><a href=\"#\" class=\"syn-post-terms__link\" data-term-id=\"105\">Veranstaltungsberichte<\/a> <\/div>\n\n\n<\/li><li data-wp-key=\"post-template-item-34312\" class=\"wp-block-post post-34312 syn_news_retirees type-syn_news_retirees status-publish hentry syn_news_retirees_category-veranstaltungsberichte\">\n<h3 class=\"has-link-color wp-elements-e0fea9949ff33616516a5cc208365ab5 wp-block-post-title has-text-color has-primary-color\"><a href=\"https:\/\/syndicom.ch\/fr\/retraite-e-s\/news\/congres-syndicom-2025\/\" target=\"_self\" >Congr\u00e8s syndicom 2025<\/a><\/h3>\n\n<div class=\"wp-block-post-date\"><time datetime=\"2025-07-17T10:25:27+02:00\">17 juillet 2025<\/time><\/div>\n\n<a href=\"https:\/\/syndicom.ch\/fr\/retraite-e-s\/news\/congres-syndicom-2025\/\"><div class=\"wp-block-post-excerpt\"><p class=\"wp-block-post-excerpt__excerpt\">Au Congr\u00e8s 2025, syndicom posera les jalons pour l&rsquo;avenir. Il va sans dire que les retrait\u00e9-es voulons \u00e9galement jouer un r\u00f4le actif. <\/p><\/div><\/a><div class=\"syn-post-terms\" style=\"display: none\"><a href=\"#\" class=\"syn-post-terms__link\" data-term-id=\"105\">Veranstaltungsberichte<\/a> <\/div>\n\n\n<\/li><li data-wp-key=\"post-template-item-41570\" class=\"wp-block-post post-41570 syn_news_retirees type-syn_news_retirees status-publish hentry syn_news_retirees_category-veranstaltungsberichte\">\n<h3 class=\"has-link-color wp-elements-e0fea9949ff33616516a5cc208365ab5 wp-block-post-title has-text-color has-primary-color\"><a href=\"https:\/\/syndicom.ch\/fr\/retraite-e-s\/news\/syndicom-congres-2025-et-perspectives\/\" target=\"_self\" >Congr\u00e8s 2025 et perspectives<\/a><\/h3>\n\n<div class=\"wp-block-post-date\"><time datetime=\"2025-06-21T09:51:12+02:00\">21 juin 2025<\/time><\/div>\n\n<a href=\"https:\/\/syndicom.ch\/fr\/retraite-e-s\/news\/syndicom-congres-2025-et-perspectives\/\"><div class=\"wp-block-post-excerpt\"><p class=\"wp-block-post-excerpt__excerpt\">Les retrait\u00e9-es de syndicom \u00e9taient \u00e9galement repr\u00e9sent\u00e9s par leurs d\u00e9l\u00e9gu\u00e9s au congr\u00e8s syndicom 2025: conclusion et perspectives. <\/p><\/div><\/a><div class=\"syn-post-terms\" style=\"display: none\"><a href=\"#\" class=\"syn-post-terms__link\" data-term-id=\"105\">Veranstaltungsberichte<\/a> <\/div>\n\n\n<\/li><\/ul>\n\n<nav class=\"wp-block-query-pagination is-layout-flex wp-block-query-pagination-is-layout-flex\" aria-label=\"Pagination\">\n\n\n<div class=\"wp-block-query-pagination-numbers\"><span data-wp-key=\"index-0\" aria-current=\"page\" class=\"page-numbers current\">1<\/span>\n<a data-wp-key=\"index-1\" data-wp-on--click=\"core\/query::actions.navigate\" class=\"page-numbers\" href=\"?query-0-page=2\">2<\/a><\/div>\n\n<a data-wp-key=\"query-pagination-next\" data-wp-on--click=\"core\/query::actions.navigate\" data-wp-on--mouseenter=\"core\/query::actions.prefetch\" data-wp-watch=\"core\/query::callbacks.prefetch\" href=\"\/fr\/wp-json\/wp\/v2\/pages\/21693?query-0-page=2\" class=\"wp-block-query-pagination-next\">Page suivante<\/a>\n<\/nav>\n\n<\/div>\n<\/div>\n<\/div>\n\n\n\n<div class=\"wp-block-group alignfull has-background-background-color has-background is-layout-constrained wp-block-group-is-layout-constrained\" id=\"oplus\">\n<div class=\"wp-block-group is-style-narrow is-layout-constrained wp-block-group-is-layout-constrained\">\n<h2 class=\"wp-block-heading\">Organisation Plus<\/h2>\n\n\n\n<p>L&rsquo;organisation Plus de syndicom est compos\u00e9e de membres retrait\u00e9s de syndicom. Ils forment un centre de contact et d&rsquo;appel interne dont les t\u00e2ches sont les suivantes :<\/p>\n\n\n\n<ul class=\"wp-block-list\">\n<li>Traiter les d\u00e9missions dans le but d&rsquo;inciter les membres \u00e0 retirer leur d\u00e9mission.<\/li>\n\n\n\n<li>Mener des entretiens t\u00e9l\u00e9phoniques avec les nouveaux membres apr\u00e8s le 18e mois d&rsquo;adh\u00e9sion (fid\u00e9lisation des membres).<\/li>\n\n\n\n<li>Mener des entretiens t\u00e9l\u00e9phoniques avec des membres plus \u00e2g\u00e9s, \u00e0 partir de 58 ans, qui ne sont pas encore \u00e0 la retraite (fid\u00e9lisation des membres).<\/li>\n<\/ul>\n\n\n\n<p>La motivation des membres de l&rsquo;organisation Plus est de donner un sens \u00e0 leur exp\u00e9rience et \u00e0 leur attachement \u00e0 syndicom, de contribuer activement \u00e0 la coh\u00e9sion et \u00e0 la fid\u00e9lisation des membres, tout en travaillant de mani\u00e8re autonome et \u00e0 domicile.<\/p>\n\n\n\n<div style=\"height:8px\" aria-hidden=\"true\" class=\"wp-block-spacer\"><\/div>\n\n\n\n<div style=\"height:8px\" aria-hidden=\"true\" class=\"wp-block-spacer\"><\/div>\n\n\n\n<div class=\"wp-block-group is-style-row-2 is-nowrap is-layout-flex wp-container-core-group-is-layout-ad2f72ca wp-block-group-is-layout-flex\"><div class=\"wp-block-custom-person-item\"><div class=\"person-image\"><a class=\"employee-lightbox\" href=\"https:\/\/syndicom.ch\/app\/uploads\/2026\/01\/Parazzini_Eschler_Marina-1.png\" data-gallery=\"person-69e9f027c43dd\" ><img loading=\"lazy\" decoding=\"async\" src=\"https:\/\/syndicom.ch\/app\/uploads\/2026\/01\/Parazzini_Eschler_Marina-1.png\" class=\"attachment-post-thumbnail size-post-thumbnail wp-post-image \" \/><\/a><\/div><div class=\"meta-holder\"><h3 class=\"person-name\">Marina Parazzini<\/h3><div class=\"person-role\">Fran\u00e7ais, Italien<\/div><\/div><\/div>\n\n<div class=\"wp-block-custom-person-item\"><div class=\"person-image\"><a class=\"employee-lightbox\" href=\"https:\/\/syndicom.ch\/app\/uploads\/2026\/01\/Caluori_Christoph-1.png\" data-gallery=\"person-69e9f027c4807\" ><img loading=\"lazy\" decoding=\"async\" src=\"https:\/\/syndicom.ch\/app\/uploads\/2026\/01\/Caluori_Christoph-1.png\" class=\"attachment-post-thumbnail size-post-thumbnail wp-post-image \" \/><\/a><\/div><div class=\"meta-holder\"><h3 class=\"person-name\">Christoph Caluori<\/h3><div class=\"person-role\">Deutsch<\/div><\/div><\/div>\n\n<div class=\"wp-block-custom-person-item\"><div class=\"person-image\"><a class=\"employee-lightbox\" href=\"https:\/\/syndicom.ch\/app\/uploads\/2026\/01\/Christ_Thomas-1.png\" data-gallery=\"person-69e9f027c4bc5\" ><img loading=\"lazy\" decoding=\"async\" src=\"https:\/\/syndicom.ch\/app\/uploads\/2026\/01\/Christ_Thomas-1.png\" class=\"attachment-post-thumbnail size-post-thumbnail wp-post-image \" \/><\/a><\/div><div class=\"meta-holder\"><h3 class=\"person-name\">Thomas Christ<\/h3><div class=\"person-role\">Fran\u00e7ais, Deutsch<\/div><\/div><\/div><\/div>\n<\/div>\n<\/div>\n\n\n\n<div class=\"wp-block-group alignfull has-background-background-color has-background is-layout-constrained wp-block-group-is-layout-constrained\" id=\"beratung\">\n<div class=\"wp-block-group is-style-narrow is-layout-constrained wp-block-group-is-layout-constrained\">\n<h2 class=\"wp-block-heading\">Commission sp\u00e9cialis\u00e9e dans le conseil \u00e0 la retraite<\/h2>\n\n\n\n<p>Les membres retrait\u00e9s de la commission technique conseil \u00e0 la retraite ont acquis des connaissances sp\u00e9cifiques approfondies pour conseiller les membres de syndicom sur les questions li\u00e9es \u00e0 la retraite. Ils \u00e9changent r\u00e9guli\u00e8rement leurs points de vue afin de pouvoir r\u00e9pondre aux modifications des bases l\u00e9gales concernant les trois piliers de la pr\u00e9voyance vieillesse. De m\u00eame, ils se tiennent au courant des nouveaut\u00e9s dans les conventions collectives de travail et les caisses de pension de nos membres.<\/p>\n\n\n\n<div class=\"wp-block-buttons is-layout-flex wp-block-buttons-is-layout-flex\">\n<div class=\"wp-block-button\"><a class=\"wp-block-button__link wp-element-button\" href=\"https:\/\/syndicom.ch\/fr\/consultation-de-retraite\/\">Conseil en mati\u00e8re de retraite &#8211; syndicom<\/a><\/div>\n<\/div>\n<\/div>\n<\/div>\n","protected":false},"excerpt":{"rendered":"<p>Bouger Les retrait\u00e9s syndicom organisent des congr\u00e8s de politique sociale. Nous participons \u00e0 des manifestations et \u00e0 des campagnes. Nous pr\u00e9sentons nos revendications lors de congr\u00e8s, d&rsquo;assembl\u00e9es des d\u00e9l\u00e9gu\u00e9s et aupr\u00e8s d&rsquo;organisations partenaires. Nous participons en outre \u00e0 la fid\u00e9lisation des membres et fournissons une prestation importante avec le conseil aux retrait\u00e9s. \u279c Journ\u00e9e de [&hellip;]<\/p>\n","protected":false},"author":3,"featured_media":0,"parent":21686,"menu_order":0,"comment_status":"closed","ping_status":"closed","template":"wp-custom-template-pensionierte","meta":{"_acf_changed":false,"inline_featured_image":false,"_coblocks_attr":"","_coblocks_dimensions":"","_coblocks_responsive_height":"","_coblocks_accordion_ie_support":"","footnotes":""},"categories":[102],"class_list":["post-21693","page","type-page","status-publish","hentry","category-retraite-es"],"acf":[],"yoast_head":"<!-- This site is optimized with the Yoast SEO plugin v27.3 - https:\/\/yoast.com\/product\/yoast-seo-wordpress\/ -->\n<title>Bouger - syndicom<\/title>\n<meta name=\"description\" content=\"Retrait\u00e9-e-s syndicom - Journ\u00e9e de politique sociale 2025 sur les chances et les risques de la num\u00e9risation dans le service public.\" \/>\n<meta name=\"robots\" content=\"index, follow, max-snippet:-1, max-image-preview:large, max-video-preview:-1\" \/>\n<link rel=\"canonical\" href=\"https:\/\/syndicom.ch\/fr\/retraitees\/bouger\/\" \/>\n<link rel=\"next\" href=\"https:\/\/syndicom.ch\/fr\/retraitees\/bouger\/21693\/?query-0-page=2\" \/>\n<meta property=\"og:locale\" content=\"fr_FR\" \/>\n<meta property=\"og:type\" content=\"article\" \/>\n<meta property=\"og:title\" content=\"Bouger - syndicom\" \/>\n<meta property=\"og:description\" content=\"Retrait\u00e9-e-s syndicom - Journ\u00e9e de politique sociale 2025 sur les chances et les risques de la num\u00e9risation dans le service public.\" \/>\n<meta property=\"og:url\" content=\"https:\/\/syndicom.ch\/fr\/retraitees\/bouger\/\" \/>\n<meta property=\"og:site_name\" content=\"syndicom\" \/>\n<meta property=\"article:modified_time\" content=\"2026-03-23T11:20:39+00:00\" \/>\n<meta name=\"twitter:card\" content=\"summary_large_image\" \/>\n<meta name=\"twitter:label1\" content=\"Dur\u00e9e de lecture estim\u00e9e\" \/>\n\t<meta name=\"twitter:data1\" content=\"6 minutes\" \/>\n<script type=\"application\/ld+json\" class=\"yoast-schema-graph\">{\"@context\":\"https:\\\/\\\/schema.org\",\"@graph\":[{\"@type\":\"WebPage\",\"@id\":\"https:\\\/\\\/syndicom.ch\\\/fr\\\/retraitees\\\/bouger\\\/\",\"url\":\"https:\\\/\\\/syndicom.ch\\\/fr\\\/retraitees\\\/bouger\\\/\",\"name\":\"Bouger - syndicom\",\"isPartOf\":{\"@id\":\"https:\\\/\\\/syndicom.ch\\\/fr\\\/#website\"},\"datePublished\":\"2024-12-19T14:06:22+00:00\",\"dateModified\":\"2026-03-23T11:20:39+00:00\",\"description\":\"Retrait\u00e9-e-s syndicom - Journ\u00e9e de politique sociale 2025 sur les chances et les risques de la num\u00e9risation dans le service public.\",\"breadcrumb\":{\"@id\":\"https:\\\/\\\/syndicom.ch\\\/fr\\\/retraitees\\\/bouger\\\/#breadcrumb\"},\"inLanguage\":\"fr-FR\",\"potentialAction\":[{\"@type\":\"ReadAction\",\"target\":[\"https:\\\/\\\/syndicom.ch\\\/fr\\\/retraitees\\\/bouger\\\/\"]}]},{\"@type\":\"BreadcrumbList\",\"@id\":\"https:\\\/\\\/syndicom.ch\\\/fr\\\/retraitees\\\/bouger\\\/#breadcrumb\",\"itemListElement\":[{\"@type\":\"ListItem\",\"position\":1,\"name\":\"Page d'accueil\",\"item\":\"https:\\\/\\\/syndicom.ch\\\/fr\\\/\"},{\"@type\":\"ListItem\",\"position\":2,\"name\":\"Retrait\u00e9-es\",\"item\":\"https:\\\/\\\/syndicom.ch\\\/fr\\\/retraitees\\\/\"},{\"@type\":\"ListItem\",\"position\":3,\"name\":\"Bouger\"}]},{\"@type\":\"WebSite\",\"@id\":\"https:\\\/\\\/syndicom.ch\\\/fr\\\/#website\",\"url\":\"https:\\\/\\\/syndicom.ch\\\/fr\\\/\",\"name\":\"syndicom\",\"description\":\"\",\"publisher\":{\"@id\":\"https:\\\/\\\/syndicom.ch\\\/fr\\\/#organization\"},\"potentialAction\":[{\"@type\":\"SearchAction\",\"target\":{\"@type\":\"EntryPoint\",\"urlTemplate\":\"https:\\\/\\\/syndicom.ch\\\/fr\\\/?s={search_term_string}\"},\"query-input\":{\"@type\":\"PropertyValueSpecification\",\"valueRequired\":true,\"valueName\":\"search_term_string\"}}],\"inLanguage\":\"fr-FR\"},{\"@type\":\"Organization\",\"@id\":\"https:\\\/\\\/syndicom.ch\\\/fr\\\/#organization\",\"name\":\"syndicom\",\"url\":\"https:\\\/\\\/syndicom.ch\\\/fr\\\/\",\"logo\":{\"@type\":\"ImageObject\",\"inLanguage\":\"fr-FR\",\"@id\":\"https:\\\/\\\/syndicom.ch\\\/fr\\\/#\\\/schema\\\/logo\\\/image\\\/\",\"url\":\"https:\\\/\\\/syndicom.ch\\\/app\\\/uploads\\\/2024\\\/06\\\/logo.svg\",\"contentUrl\":\"https:\\\/\\\/syndicom.ch\\\/app\\\/uploads\\\/2024\\\/06\\\/logo.svg\",\"width\":297,\"height\":51,\"caption\":\"syndicom\"},\"image\":{\"@id\":\"https:\\\/\\\/syndicom.ch\\\/fr\\\/#\\\/schema\\\/logo\\\/image\\\/\"}}]}<\/script>\n<!-- \/ Yoast SEO plugin. -->","yoast_head_json":{"title":"Bouger - syndicom","description":"Retrait\u00e9-e-s syndicom - Journ\u00e9e de politique sociale 2025 sur les chances et les risques de la num\u00e9risation dans le service public.","robots":{"index":"index","follow":"follow","max-snippet":"max-snippet:-1","max-image-preview":"max-image-preview:large","max-video-preview":"max-video-preview:-1"},"canonical":"https:\/\/syndicom.ch\/fr\/retraitees\/bouger\/","next":"https:\/\/syndicom.ch\/fr\/retraitees\/bouger\/21693?query-0-page=2","og_locale":"fr_FR","og_type":"article","og_title":"Bouger - syndicom","og_description":"Retrait\u00e9-e-s syndicom - Journ\u00e9e de politique sociale 2025 sur les chances et les risques de la num\u00e9risation dans le service public.","og_url":"https:\/\/syndicom.ch\/fr\/retraitees\/bouger\/","og_site_name":"syndicom","article_modified_time":"2026-03-23T11:20:39+00:00","twitter_card":"summary_large_image","twitter_misc":{"Dur\u00e9e de lecture estim\u00e9e":"6 minutes"},"schema":{"@context":"https:\/\/schema.org","@graph":[{"@type":"WebPage","@id":"https:\/\/syndicom.ch\/fr\/retraitees\/bouger\/","url":"https:\/\/syndicom.ch\/fr\/retraitees\/bouger\/","name":"Bouger - syndicom","isPartOf":{"@id":"https:\/\/syndicom.ch\/fr\/#website"},"datePublished":"2024-12-19T14:06:22+00:00","dateModified":"2026-03-23T11:20:39+00:00","description":"Retrait\u00e9-e-s syndicom - Journ\u00e9e de politique sociale 2025 sur les chances et les risques de la num\u00e9risation dans le service public.","breadcrumb":{"@id":"https:\/\/syndicom.ch\/fr\/retraitees\/bouger\/#breadcrumb"},"inLanguage":"fr-FR","potentialAction":[{"@type":"ReadAction","target":["https:\/\/syndicom.ch\/fr\/retraitees\/bouger\/"]}]},{"@type":"BreadcrumbList","@id":"https:\/\/syndicom.ch\/fr\/retraitees\/bouger\/#breadcrumb","itemListElement":[{"@type":"ListItem","position":1,"name":"Page d'accueil","item":"https:\/\/syndicom.ch\/fr\/"},{"@type":"ListItem","position":2,"name":"Retrait\u00e9-es","item":"https:\/\/syndicom.ch\/fr\/retraitees\/"},{"@type":"ListItem","position":3,"name":"Bouger"}]},{"@type":"WebSite","@id":"https:\/\/syndicom.ch\/fr\/#website","url":"https:\/\/syndicom.ch\/fr\/","name":"syndicom","description":"","publisher":{"@id":"https:\/\/syndicom.ch\/fr\/#organization"},"potentialAction":[{"@type":"SearchAction","target":{"@type":"EntryPoint","urlTemplate":"https:\/\/syndicom.ch\/fr\/?s={search_term_string}"},"query-input":{"@type":"PropertyValueSpecification","valueRequired":true,"valueName":"search_term_string"}}],"inLanguage":"fr-FR"},{"@type":"Organization","@id":"https:\/\/syndicom.ch\/fr\/#organization","name":"syndicom","url":"https:\/\/syndicom.ch\/fr\/","logo":{"@type":"ImageObject","inLanguage":"fr-FR","@id":"https:\/\/syndicom.ch\/fr\/#\/schema\/logo\/image\/","url":"https:\/\/syndicom.ch\/app\/uploads\/2024\/06\/logo.svg","contentUrl":"https:\/\/syndicom.ch\/app\/uploads\/2024\/06\/logo.svg","width":297,"height":51,"caption":"syndicom"},"image":{"@id":"https:\/\/syndicom.ch\/fr\/#\/schema\/logo\/image\/"}}]}},"_links":{"self":[{"href":"https:\/\/syndicom.ch\/fr\/wp-json\/wp\/v2\/pages\/21693","targetHints":{"allow":["GET"]}}],"collection":[{"href":"https:\/\/syndicom.ch\/fr\/wp-json\/wp\/v2\/pages"}],"about":[{"href":"https:\/\/syndicom.ch\/fr\/wp-json\/wp\/v2\/types\/page"}],"author":[{"embeddable":true,"href":"https:\/\/syndicom.ch\/fr\/wp-json\/wp\/v2\/users\/3"}],"replies":[{"embeddable":true,"href":"https:\/\/syndicom.ch\/fr\/wp-json\/wp\/v2\/comments?post=21693"}],"version-history":[{"count":30,"href":"https:\/\/syndicom.ch\/fr\/wp-json\/wp\/v2\/pages\/21693\/revisions"}],"predecessor-version":[{"id":59707,"href":"https:\/\/syndicom.ch\/fr\/wp-json\/wp\/v2\/pages\/21693\/revisions\/59707"}],"up":[{"embeddable":true,"href":"https:\/\/syndicom.ch\/fr\/wp-json\/wp\/v2\/pages\/21686"}],"wp:attachment":[{"href":"https:\/\/syndicom.ch\/fr\/wp-json\/wp\/v2\/media?parent=21693"}],"wp:term":[{"taxonomy":"category","embeddable":true,"href":"https:\/\/syndicom.ch\/fr\/wp-json\/wp\/v2\/categories?post=21693"}],"curies":[{"name":"wp","href":"https:\/\/api.w.org\/{rel}","templated":true}]}}