{"id":21708,"date":"2024-12-19T15:17:53","date_gmt":"2024-12-19T14:17:53","guid":{"rendered":"https:\/\/syndicom.ch\/?page_id=21708"},"modified":"2026-03-23T17:32:41","modified_gmt":"2026-03-23T16:32:41","slug":"groupes","status":"publish","type":"page","link":"https:\/\/syndicom.ch\/fr\/retraitees\/groupes\/","title":{"rendered":"Groupes"},"content":{"rendered":"\n<div class=\"wp-block-group alignfull has-background-color has-primary-background-color has-text-color has-background has-link-color wp-elements-d2d8aeb5aa40c07448a82e685781e9c3 is-layout-constrained wp-block-group-is-layout-constrained\">\n<div class=\"wp-block-group is-style-narrow is-layout-constrained wp-block-group-is-layout-constrained\">\n<div class=\"wp-block-columns is-layout-flex wp-container-core-columns-is-layout-9d6595d7 wp-block-columns-is-layout-flex\">\n<div class=\"wp-block-column is-layout-flow wp-block-column-is-layout-flow\">\n<div class=\"wp-block-buttons is-layout-flex wp-block-buttons-is-layout-flex\">\n<div class=\"wp-block-button is-style-underline\"><a class=\"wp-block-button__link has-background-color has-background-background-color has-text-color has-background has-link-color wp-element-button\" href=\"https:\/\/syndicom.ch\/fr\/retraitees\/\">Page d\u2019accueil<\/a><\/div>\n<\/div>\n<\/div>\n\n\n\n<div class=\"wp-block-column is-layout-flow wp-block-column-is-layout-flow\">\n<div class=\"wp-block-buttons is-layout-flex wp-block-buttons-is-layout-flex\">\n<div class=\"wp-block-button is-style-underline\"><a class=\"wp-block-button__link has-background-color has-background-background-color has-text-color has-background has-link-color has-text-align-center wp-element-button\" href=\"https:\/\/syndicom.ch\/fr\/retraitees\/themes\/\">Th\u00e8mes<\/a><\/div>\n<\/div>\n<\/div>\n\n\n\n<div class=\"wp-block-column is-layout-flow wp-block-column-is-layout-flow\">\n<div class=\"wp-block-buttons is-layout-flex wp-block-buttons-is-layout-flex\">\n<div class=\"wp-block-button is-style-underline\"><a class=\"wp-block-button__link has-background-color has-background-background-color has-text-color has-background has-link-color has-text-align-center wp-element-button\" href=\"https:\/\/syndicom.ch\/fr\/retraitees\/bouger\/\">Bouger<\/a><\/div>\n<\/div>\n<\/div>\n\n\n\n<div class=\"wp-block-column is-layout-flow wp-block-column-is-layout-flow\">\n<div class=\"wp-block-buttons is-layout-flex wp-block-buttons-is-layout-flex\">\n<div class=\"wp-block-button is-style-underline\"><a class=\"wp-block-button__link has-background-color has-background-background-color has-text-color has-background has-link-color wp-element-button\" href=\"https:\/\/syndicom.ch\/fr\/retraitees\/bulletin\/\">Bulletin<\/a><\/div>\n<\/div>\n<\/div>\n<\/div>\n\n\n\n<div class=\"wp-block-columns is-layout-flex wp-container-core-columns-is-layout-9d6595d7 wp-block-columns-is-layout-flex\">\n<div class=\"wp-block-column is-layout-flow wp-block-column-is-layout-flow\" style=\"flex-basis:70%\">\n<h1 class=\"wp-block-heading\"><strong><strong>Groupes de retrait\u00e9-es<\/strong><\/strong><\/h1>\n\n\n\n<p class=\"is-style-lead\">Renforcent la coh\u00e9sion : ils sont le lien avec la base, entretiennent des amiti\u00e9s et favorisent la convivialit\u00e9 !<\/p>\n\n\n\n<div class=\"wp-block-group is-vertical is-layout-flex wp-container-core-group-is-layout-8cf370e7 wp-block-group-is-layout-flex\">\n<p>\u279c <a href=\"#rapports\"><mark style=\"background-color:#0D7EAC\" class=\"has-inline-color has-background-color\">Comptes rendus<\/mark><\/a><br>\u279c <a href=\"https:\/\/syndicom.ch\/fr\/retraitees\/groupes\/agenda\/\" target=\"_blank\" rel=\"noreferrer noopener\"><mark style=\"background-color:#0D7EAC\" class=\"has-inline-color has-background-color\">Agenda<\/mark><\/a><br>\u279c <a href=\"#contacts\"><mark style=\"background-color:#0D7EAC\" class=\"has-inline-color has-background-color\">Contactes<\/mark><\/a><\/p>\n\n\n\n<div style=\"height:8px\" aria-hidden=\"true\" class=\"wp-block-spacer wp-container-content-7d115344\"><\/div>\n\n\n\n<p>\u279c <a href=\"https:\/\/syndicom.ch\/fr\/retraitees\/groupes\/conference-des-groupes-de-retraite-e-s\/\"><mark style=\"background-color:#0D7EAC\" class=\"has-inline-color has-background-color\">Conf\u00e9rence des groupes de retrait\u00e9-es<\/mark><\/a><\/p>\n<\/div>\n<\/div>\n<\/div>\n<\/div>\n<\/div>\n\n\n\n<div class=\"wp-block-group alignfull is-style-default has-background-background-color has-background is-layout-constrained wp-block-group-is-layout-constrained\">\n<div class=\"wp-block-group is-style-narrow is-layout-constrained wp-block-group-is-layout-constrained\">\n<h2 class=\"wp-block-heading has-text-align-left\" id=\"rapports\"><strong>Comptes rendus<\/strong> des groupes de retrait\u00e9-e-s de Suisse romande<\/h2>\n\n\n\n<div data-wp-context=\"{}\" data-wp-interactive=\"core\/query\" data-wp-key=\"0\" data-wp-router-region=\"query-0\" class=\"wp-block-query is-layout-flow wp-block-query-is-layout-flow\"><ul class=\"wp-block-post-template is-layout-flow wp-block-post-template-is-layout-flow\"><li data-wp-key=\"post-template-item-58733\" class=\"wp-block-post post-58733 syn_news_retirees type-syn_news_retirees status-publish hentry syn_news_retirees_category-romandie\">\n<h3 class=\"has-link-color wp-elements-e0fea9949ff33616516a5cc208365ab5 wp-block-post-title has-text-color has-primary-color\"><a href=\"https:\/\/syndicom.ch\/fr\/retraite-e-s\/news\/groupement-des-retraites-poste-swisscom-fribourg\/\" target=\"_self\" >Groupement des retrait\u00e9s Poste\/Swisscom Fribourg<\/a><\/h3>\n\n<div class=\"wp-block-post-date\"><time datetime=\"2026-02-27T13:46:00+01:00\">27 f\u00e9vrier 2026<\/time><\/div>\n\n<a href=\"https:\/\/syndicom.ch\/fr\/retraite-e-s\/news\/groupement-des-retraites-poste-swisscom-fribourg\/\"><div class=\"wp-block-post-excerpt\"><p class=\"wp-block-post-excerpt__excerpt\">R\u00e9sum\u00e9 de l\u2019Assembl\u00e9e G\u00e9n\u00e9rale du 11 f\u00e9vrier 2026 <\/p><\/div><\/a><div class=\"syn-post-terms\" style=\"display: none\"><a href=\"#\" class=\"syn-post-terms__link\" data-term-id=\"151\">Romandie<\/a> <\/div>\n\n\n<\/li><li data-wp-key=\"post-template-item-58718\" class=\"wp-block-post post-58718 syn_news_retirees type-syn_news_retirees status-publish hentry syn_news_retirees_category-romandie\">\n<h3 class=\"has-link-color wp-elements-e0fea9949ff33616516a5cc208365ab5 wp-block-post-title has-text-color has-primary-color\"><a href=\"https:\/\/syndicom.ch\/fr\/retraite-e-s\/news\/poste-swisscom-fribourg\/\" target=\"_self\" >Poste &amp; Swisscom Fribourg<\/a><\/h3>\n\n<div class=\"wp-block-post-date\"><time datetime=\"2026-02-27T13:16:11+01:00\">27 f\u00e9vrier 2026<\/time><\/div>\n\n<a href=\"https:\/\/syndicom.ch\/fr\/retraite-e-s\/news\/poste-swisscom-fribourg\/\"><div class=\"wp-block-post-excerpt\"><p class=\"wp-block-post-excerpt__excerpt\">Le 27 ao\u00fbt 2025, 48 personnes participent notre sortie d\u2019automne. <\/p><\/div><\/a><div class=\"syn-post-terms\" style=\"display: none\"><a href=\"#\" class=\"syn-post-terms__link\" data-term-id=\"151\">Romandie<\/a> <\/div>\n\n\n<\/li><li data-wp-key=\"post-template-item-38150\" class=\"wp-block-post post-38150 syn_news_retirees type-syn_news_retirees status-publish hentry syn_news_retirees_category-romandie\">\n<h3 class=\"has-link-color wp-elements-e0fea9949ff33616516a5cc208365ab5 wp-block-post-title has-text-color has-primary-color\"><a href=\"https:\/\/syndicom.ch\/fr\/retraite-e-s\/news\/retraites-poste-swisscom-fribourg-visite-de-printemps-2025\/\" target=\"_self\" >Retrait\u00e9s Poste &amp; Swisscom Fribourg: visite de printemps 2025<\/a><\/h3>\n\n<div class=\"wp-block-post-date\"><time datetime=\"2025-04-29T14:42:43+02:00\">29 avril 2025<\/time><\/div>\n\n<a href=\"https:\/\/syndicom.ch\/fr\/retraite-e-s\/news\/retraites-poste-swisscom-fribourg-visite-de-printemps-2025\/\"><div class=\"wp-block-post-excerpt\"><p class=\"wp-block-post-excerpt__excerpt\">Le 29 avril 2025, 38 personnes se sont rendues \u00e0 Fribourg au Werkhof pour une visite guid\u00e9e de l\u2019Espace 1606. <\/p><\/div><\/a><div class=\"syn-post-terms\" style=\"display: none\"><a href=\"#\" class=\"syn-post-terms__link\" data-term-id=\"151\">Romandie<\/a> <\/div>\n\n\n<\/li><li data-wp-key=\"post-template-item-29242\" class=\"wp-block-post post-29242 syn_news_retirees type-syn_news_retirees status-publish hentry syn_news_retirees_category-romandie\">\n<h3 class=\"has-link-color wp-elements-e0fea9949ff33616516a5cc208365ab5 wp-block-post-title has-text-color has-primary-color\"><a href=\"https:\/\/syndicom.ch\/fr\/retraite-e-s\/news\/retraites-poste-swisscom-fribourg-assemblee-generale-2025\/\" target=\"_self\" >Retrait\u00e9s Poste\/Swisscom Fribourg: Assembl\u00e9e G\u00e9n\u00e9rale 2025<\/a><\/h3>\n\n<div class=\"wp-block-post-date\"><time datetime=\"2025-02-19T21:14:37+01:00\">19 f\u00e9vrier 2025<\/time><\/div>\n\n<a href=\"https:\/\/syndicom.ch\/fr\/retraite-e-s\/news\/retraites-poste-swisscom-fribourg-assemblee-generale-2025\/\"><div class=\"wp-block-post-excerpt\"><p class=\"wp-block-post-excerpt__excerpt\">Le groupement des retrait\u00e9s Poste\/Swisscom de Fribourg s\u2019est r\u00e9uni le 19 f\u00e9vrier 2025 pour son assembl\u00e9e g\u00e9n\u00e9rale 2025. <\/p><\/div><\/a><div class=\"syn-post-terms\" style=\"display: none\"><a href=\"#\" class=\"syn-post-terms__link\" data-term-id=\"151\">Romandie<\/a> <\/div>\n\n\n<\/li><\/ul>\n\n\n\n<\/div>\n<\/div>\n<\/div>\n\n\n\n<div class=\"wp-block-group alignfull has-background-background-color has-background is-layout-constrained wp-block-group-is-layout-constrained\">\n<div class=\"wp-block-group is-style-narrow is-layout-constrained wp-block-group-is-layout-constrained\">\n<h2 class=\"wp-block-heading\" id=\"contacts\"><strong><strong>Contacts<\/strong><\/strong><\/h2>\n\n\n\n<p>Si tu cherches \u00e0 contacter ton groupe local\/r\u00e9gional, regarde sous ta r\u00e9gion :<\/p>\n\n\n\n<div class=\"wp-block-columns is-style-accordion is-layout-flex wp-container-core-columns-is-layout-9d6595d7 wp-block-columns-is-layout-flex\">\n<div class=\"wp-block-column has-background-background-color has-background is-layout-flow wp-block-column-is-layout-flow\">\n<h3 class=\"wp-block-heading has-primary-color has-text-color has-link-color wp-elements-9d972ffa24e2df10609af3647473e3dc\">Romandie<\/h3>\n<\/div>\n\n\n\n<div class=\"wp-block-column has-background-background-color has-background is-layout-flow wp-block-column-is-layout-flow\">\n<ul class=\"wp-block-list\">\n<li><strong>Arc jurassien Jura<\/strong><br>G\u00e9rard Jeannerat, route Cantonale 27, 2884 Montenol <a href=\"mailto:&#103;&#109;&#118;&#46;&#106;&#101;&#97;&#110;&#110;&#101;&#114;&#97;&#116;&#64;&#98;&#108;&#117;&#101;&#119;&#105;&#110;&#46;&#99;&#104;\">&#103;&#109;&#118;&#46;&#106;&#101;&#97;&#110;&#110;&#101;&#114;&#97;&#116;&#64;&#98;&#108;&#117;&#101;&#119;&#105;&#110;&#46;&#99;&#104;<\/a>, 032 461 36 60<\/li>\n\n\n\n<li><strong>Arc jurassien Neuch\u00e2tel<\/strong><br>Fabienne Brunner, Rte de Goumoens-le-Jux 8, 1376 Goumoens-la-Ville, <a href=\"mailto:&#102;&#97;&#98;&#46;&#98;&#114;&#117;&#110;&#110;&#101;&#114;&#64;&#103;&#109;&#97;&#105;&#108;&#46;&#99;&#111;&#109;\">&#102;&#97;&#98;&#46;&#98;&#114;&#117;&#110;&#110;&#101;&#114;&#64;&#103;&#109;&#97;&#105;&#108;&#46;&#99;&#111;&#109;<\/a>, 079 3754590<br>Patricia Schneider, L\u2019Esplanade 2, 2987 Cornaux NE, <a href=\"mailto:&#103;&#115;&#99;&#104;&#110;&#101;&#105;&#100;&#101;&#114;&#64;&#98;&#108;&#117;&#101;&#119;&#105;&#110;&#46;&#99;&#104;\">&#103;&#115;&#99;&#104;&#110;&#101;&#105;&#100;&#101;&#114;&#64;&#98;&#108;&#117;&#101;&#119;&#105;&#110;&#46;&#99;&#104;<\/a>, 079 649 75 86<\/li>\n<\/ul>\n\n\n\n<p><\/p>\n\n\n\n<ul class=\"wp-block-list\">\n<li><strong>Fribourg M\u00e9dias<\/strong><br>Gabriel Chablais, route de Champriond 3, 1700 Fribourg, <a href=\"mailto:&#99;&#104;&#97;&#98;&#108;&#97;&#105;&#115;&#110;&#105;&#99;&#111;&#108;&#101;&#64;&#98;&#108;&#117;&#101;&#119;&#105;&#110;&#46;&#99;&#104;\">&#99;&#104;&#97;&#98;&#108;&#97;&#105;&#115;&#110;&#105;&#99;&#111;&#108;&#101;&#64;&#98;&#108;&#117;&#101;&#119;&#105;&#110;&#46;&#99;&#104;<\/a>, 026 424 16 16<br>Pierre-Andr\u00e9 Charri\u00e8re, route Joseph-Chaley 45, 1700 Fribourg, <a href=\"mailto:&#112;&#97;&#99;&#104;&#97;&#114;&#114;&#105;&#101;&#114;&#101;&#64;&#98;&#108;&#117;&#101;&#119;&#105;&#110;&#46;&#99;&#104;\">&#112;&#97;&#99;&#104;&#97;&#114;&#114;&#105;&#101;&#114;&#101;&#64;&#98;&#108;&#117;&#101;&#119;&#105;&#110;&#46;&#99;&#104;<\/a>, 026 481 57 52<\/li>\n<\/ul>\n\n\n\n<p><\/p>\n\n\n\n<ul class=\"wp-block-list\">\n<li><strong>Fribourg Poste\/Swisscom<\/strong><br>Edgar Roos, Ch. des Br\u00e9vires 29, 1744 Ch\u00e9nens, <a href=\"mailto:&#114;&#111;&#101;&#100;&#103;&#64;&#98;&#108;&#117;&#101;&#119;&#105;&#110;&#46;&#99;&#104;\">&#114;&#111;&#101;&#100;&#103;&#64;&#98;&#108;&#117;&#101;&#119;&#105;&#110;&#46;&#99;&#104;<\/a>, 079 358 37 60<\/li>\n<\/ul>\n\n\n\n<p><\/p>\n\n\n\n<ul class=\"wp-block-list\">\n<li><strong>Groupement des retrait\u00e9s Gen\u00e8ve &#8211; la &#8211; C\u00f4te<\/strong><br>Daniel Guerdat, chemin du Fief-de-Chapitre 11, 1213 Petit-Lancy, <a href=\"mailto:&#100;&#97;&#103;&#117;&#101;&#114;&#100;&#97;&#116;&#64;&#98;&#108;&#117;&#101;&#119;&#105;&#110;&#46;&#99;&#104;\">&#100;&#97;&#103;&#117;&#101;&#114;&#100;&#97;&#116;&#64;&#98;&#108;&#117;&#101;&#119;&#105;&#110;&#46;&#99;&#104;<\/a>, 079 422 94 09<\/li>\n<\/ul>\n\n\n\n<p><\/p>\n\n\n\n<ul class=\"wp-block-list\">\n<li><strong>Lausanne M\u00e9dias<\/strong><br>David Buhlmann, chemin de la Suettaz 5, 1008 Prilly, <a href=\"mailto:&#109;&#105;&#99;&#104;&#101;&#108;&#46;&#112;&#105;&#116;&#116;&#111;&#110;&#64;&#102;&#111;&#114;&#109;&#97;&#116;&#121;&#112;&#46;&#99;&#104;\">&#109;&#105;&#99;&#104;&#101;&#108;&#46;&#112;&#105;&#116;&#116;&#111;&#110;&#64;&#102;&#111;&#114;&#109;&#97;&#116;&#121;&#112;&#46;&#99;&#104;<\/a>, 021 624 36 38<\/li>\n<\/ul>\n\n\n\n<p><\/p>\n\n\n\n<ul class=\"wp-block-list\">\n<li><strong>Neuch\u00e2tel M\u00e9dias<\/strong><br>Eric Schindelholz, rue des Troncs 8, 2000 Neuch\u00e2tel, <a href=\"mailto:&#101;&#114;&#105;&#99;&#46;&#115;&#99;&#104;&#105;&#110;&#100;&#101;&#108;&#104;&#111;&#108;&#122;&#64;&#98;&#108;&#117;&#101;&#119;&#105;&#110;&#46;&#99;&#104;\">&#101;&#114;&#105;&#99;&#46;&#115;&#99;&#104;&#105;&#110;&#100;&#101;&#108;&#104;&#111;&#108;&#122;&#64;&#98;&#108;&#117;&#101;&#119;&#105;&#110;&#46;&#99;&#104;<\/a>, 032 731 78 38<\/li>\n<\/ul>\n\n\n\n<p><\/p>\n\n\n\n<ul class=\"wp-block-list\">\n<li><strong>Valais Retrait\u00e9s<\/strong><br>Josette Praz, rue du Pied du Village 16, 1957 Ardon, <a href=\"mailto:&#106;&#111;&#115;&#101;&#116;&#116;&#101;&#46;&#112;&#114;&#97;&#122;&#64;&#98;&#108;&#117;&#101;&#119;&#105;&#110;&#46;&#99;&#104;\">&#106;&#111;&#115;&#101;&#116;&#116;&#101;&#46;&#112;&#114;&#97;&#122;&#64;&#98;&#108;&#117;&#101;&#119;&#105;&#110;&#46;&#99;&#104;<\/a>, 079 522 52 96<\/li>\n<\/ul>\n\n\n\n<p><\/p>\n\n\n\n<ul class=\"wp-block-list\">\n<li><strong>Vaudoise Poste<br><\/strong>Bernard Faillettaz, chemin des Tuileries 1, 1066 Epalinges, <a href=\"mailto:&#98;&#46;&#102;&#97;&#105;&#108;&#108;&#101;&#116;&#116;&#97;&#122;&#64;&#98;&#108;&#117;&#101;&#119;&#105;&#110;&#46;&#99;&#104;\">&#98;&#46;&#102;&#97;&#105;&#108;&#108;&#101;&#116;&#116;&#97;&#122;&#64;&#98;&#108;&#117;&#101;&#119;&#105;&#110;&#46;&#99;&#104;<\/a>, 021 653 22 37<\/li>\n\n\n\n<li><strong>Vaud T\u00e9l\u00e9com<\/strong><br>Catherine Tabary, chemin des Tilleuls 1c, 1196 Gland, <a href=\"mailto:&#99;&#97;&#116;&#104;&#101;&#114;&#105;&#110;&#101;&#46;&#116;&#97;&#98;&#97;&#114;&#121;&#64;&#111;&#114;&#103;&#46;&#115;&#121;&#110;&#100;&#105;&#99;&#111;&#109;&#46;&#99;&#104;\">&#99;&#97;&#116;&#104;&#101;&#114;&#105;&#110;&#101;&#46;&#116;&#97;&#98;&#97;&#114;&#121;&#64;&#111;&#114;&#103;&#46;&#115;&#121;&#110;&#100;&#105;&#99;&#111;&#109;&#46;&#99;&#104;<\/a><\/li>\n<\/ul>\n<\/div>\n<\/div>\n\n\n\n<div class=\"wp-block-columns is-style-accordion is-layout-flex wp-container-core-columns-is-layout-9d6595d7 wp-block-columns-is-layout-flex\"><\/div>\n\n\n\n<p>Pour rechercher des contacts en Suisse al\u00e9manique ou au Tessin, changez la langue en haut de la page.<\/p>\n<\/div>\n<\/div>\n\n\n\n<div class=\"wp-block-group alignfull has-background-background-color has-background is-layout-constrained wp-block-group-is-layout-constrained\">\n<div class=\"wp-block-group is-style-narrow is-layout-constrained wp-block-group-is-layout-constrained\">\n<p><a href=\"https:\/\/syndicom.ch\/fr\/retraite-e-s\/news\/manual-groupes\/\">Publier ma contribution sur cette page<\/a><\/p>\n<\/div>\n<\/div>\n","protected":false},"excerpt":{"rendered":"<p>Groupes de retrait\u00e9-es Renforcent la coh\u00e9sion : ils sont le lien avec la base, entretiennent des amiti\u00e9s et favorisent la convivialit\u00e9 ! \u279c Comptes rendus\u279c Agenda\u279c Contactes \u279c Conf\u00e9rence des groupes de retrait\u00e9-es Comptes rendus des groupes de retrait\u00e9-e-s de Suisse romande Contacts Si tu cherches \u00e0 contacter ton groupe local\/r\u00e9gional, regarde sous ta r\u00e9gion [&hellip;]<\/p>\n","protected":false},"author":3,"featured_media":0,"parent":21686,"menu_order":0,"comment_status":"closed","ping_status":"closed","template":"wp-custom-template-pensionierte","meta":{"_acf_changed":false,"inline_featured_image":false,"_coblocks_attr":"","_coblocks_dimensions":"","_coblocks_responsive_height":"","_coblocks_accordion_ie_support":"","footnotes":""},"categories":[102],"class_list":["post-21708","page","type-page","status-publish","hentry","category-retraite-es"],"acf":[],"yoast_head":"<!-- This site is optimized with the Yoast SEO plugin v27.3 - https:\/\/yoast.com\/product\/yoast-seo-wordpress\/ -->\n<title>Groupes - syndicom<\/title>\n<meta name=\"robots\" content=\"index, follow, max-snippet:-1, max-image-preview:large, max-video-preview:-1\" \/>\n<link rel=\"canonical\" href=\"https:\/\/syndicom.ch\/fr\/retraitees\/groupes\/\" \/>\n<meta property=\"og:locale\" content=\"fr_FR\" \/>\n<meta property=\"og:type\" content=\"article\" \/>\n<meta property=\"og:title\" content=\"Groupes - syndicom\" \/>\n<meta property=\"og:description\" content=\"Groupes de retrait\u00e9-es Renforcent la coh\u00e9sion : ils sont le lien avec la base, entretiennent des amiti\u00e9s et favorisent la convivialit\u00e9 ! \u279c Comptes rendus\u279c Agenda\u279c Contactes \u279c Conf\u00e9rence des groupes de retrait\u00e9-es Comptes rendus des groupes de retrait\u00e9-e-s de Suisse romande Contacts Si tu cherches \u00e0 contacter ton groupe local\/r\u00e9gional, regarde sous ta r\u00e9gion [&hellip;]\" \/>\n<meta property=\"og:url\" content=\"https:\/\/syndicom.ch\/fr\/retraitees\/groupes\/\" \/>\n<meta property=\"og:site_name\" content=\"syndicom\" \/>\n<meta property=\"article:modified_time\" content=\"2026-03-23T16:32:41+00:00\" \/>\n<meta name=\"twitter:card\" content=\"summary_large_image\" \/>\n<meta name=\"twitter:label1\" content=\"Dur\u00e9e de lecture estim\u00e9e\" \/>\n\t<meta name=\"twitter:data1\" content=\"4 minutes\" \/>\n<script type=\"application\/ld+json\" class=\"yoast-schema-graph\">{\"@context\":\"https:\\\/\\\/schema.org\",\"@graph\":[{\"@type\":\"WebPage\",\"@id\":\"https:\\\/\\\/syndicom.ch\\\/fr\\\/retraitees\\\/groupes\\\/\",\"url\":\"https:\\\/\\\/syndicom.ch\\\/fr\\\/retraitees\\\/groupes\\\/\",\"name\":\"Groupes - syndicom\",\"isPartOf\":{\"@id\":\"https:\\\/\\\/syndicom.ch\\\/fr\\\/#website\"},\"datePublished\":\"2024-12-19T14:17:53+00:00\",\"dateModified\":\"2026-03-23T16:32:41+00:00\",\"breadcrumb\":{\"@id\":\"https:\\\/\\\/syndicom.ch\\\/fr\\\/retraitees\\\/groupes\\\/#breadcrumb\"},\"inLanguage\":\"fr-FR\",\"potentialAction\":[{\"@type\":\"ReadAction\",\"target\":[\"https:\\\/\\\/syndicom.ch\\\/fr\\\/retraitees\\\/groupes\\\/\"]}]},{\"@type\":\"BreadcrumbList\",\"@id\":\"https:\\\/\\\/syndicom.ch\\\/fr\\\/retraitees\\\/groupes\\\/#breadcrumb\",\"itemListElement\":[{\"@type\":\"ListItem\",\"position\":1,\"name\":\"Page d'accueil\",\"item\":\"https:\\\/\\\/syndicom.ch\\\/fr\\\/\"},{\"@type\":\"ListItem\",\"position\":2,\"name\":\"Retrait\u00e9-es\",\"item\":\"https:\\\/\\\/syndicom.ch\\\/fr\\\/retraitees\\\/\"},{\"@type\":\"ListItem\",\"position\":3,\"name\":\"Groupes\"}]},{\"@type\":\"WebSite\",\"@id\":\"https:\\\/\\\/syndicom.ch\\\/fr\\\/#website\",\"url\":\"https:\\\/\\\/syndicom.ch\\\/fr\\\/\",\"name\":\"syndicom\",\"description\":\"\",\"publisher\":{\"@id\":\"https:\\\/\\\/syndicom.ch\\\/fr\\\/#organization\"},\"potentialAction\":[{\"@type\":\"SearchAction\",\"target\":{\"@type\":\"EntryPoint\",\"urlTemplate\":\"https:\\\/\\\/syndicom.ch\\\/fr\\\/?s={search_term_string}\"},\"query-input\":{\"@type\":\"PropertyValueSpecification\",\"valueRequired\":true,\"valueName\":\"search_term_string\"}}],\"inLanguage\":\"fr-FR\"},{\"@type\":\"Organization\",\"@id\":\"https:\\\/\\\/syndicom.ch\\\/fr\\\/#organization\",\"name\":\"syndicom\",\"url\":\"https:\\\/\\\/syndicom.ch\\\/fr\\\/\",\"logo\":{\"@type\":\"ImageObject\",\"inLanguage\":\"fr-FR\",\"@id\":\"https:\\\/\\\/syndicom.ch\\\/fr\\\/#\\\/schema\\\/logo\\\/image\\\/\",\"url\":\"https:\\\/\\\/syndicom.ch\\\/app\\\/uploads\\\/2024\\\/06\\\/logo.svg\",\"contentUrl\":\"https:\\\/\\\/syndicom.ch\\\/app\\\/uploads\\\/2024\\\/06\\\/logo.svg\",\"width\":297,\"height\":51,\"caption\":\"syndicom\"},\"image\":{\"@id\":\"https:\\\/\\\/syndicom.ch\\\/fr\\\/#\\\/schema\\\/logo\\\/image\\\/\"}}]}<\/script>\n<!-- \/ Yoast SEO plugin. -->","yoast_head_json":{"title":"Groupes - syndicom","robots":{"index":"index","follow":"follow","max-snippet":"max-snippet:-1","max-image-preview":"max-image-preview:large","max-video-preview":"max-video-preview:-1"},"canonical":"https:\/\/syndicom.ch\/fr\/retraitees\/groupes\/","og_locale":"fr_FR","og_type":"article","og_title":"Groupes - syndicom","og_description":"Groupes de retrait\u00e9-es Renforcent la coh\u00e9sion : ils sont le lien avec la base, entretiennent des amiti\u00e9s et favorisent la convivialit\u00e9 ! \u279c Comptes rendus\u279c Agenda\u279c Contactes \u279c Conf\u00e9rence des groupes de retrait\u00e9-es Comptes rendus des groupes de retrait\u00e9-e-s de Suisse romande Contacts Si tu cherches \u00e0 contacter ton groupe local\/r\u00e9gional, regarde sous ta r\u00e9gion [&hellip;]","og_url":"https:\/\/syndicom.ch\/fr\/retraitees\/groupes\/","og_site_name":"syndicom","article_modified_time":"2026-03-23T16:32:41+00:00","twitter_card":"summary_large_image","twitter_misc":{"Dur\u00e9e de lecture estim\u00e9e":"4 minutes"},"schema":{"@context":"https:\/\/schema.org","@graph":[{"@type":"WebPage","@id":"https:\/\/syndicom.ch\/fr\/retraitees\/groupes\/","url":"https:\/\/syndicom.ch\/fr\/retraitees\/groupes\/","name":"Groupes - syndicom","isPartOf":{"@id":"https:\/\/syndicom.ch\/fr\/#website"},"datePublished":"2024-12-19T14:17:53+00:00","dateModified":"2026-03-23T16:32:41+00:00","breadcrumb":{"@id":"https:\/\/syndicom.ch\/fr\/retraitees\/groupes\/#breadcrumb"},"inLanguage":"fr-FR","potentialAction":[{"@type":"ReadAction","target":["https:\/\/syndicom.ch\/fr\/retraitees\/groupes\/"]}]},{"@type":"BreadcrumbList","@id":"https:\/\/syndicom.ch\/fr\/retraitees\/groupes\/#breadcrumb","itemListElement":[{"@type":"ListItem","position":1,"name":"Page d'accueil","item":"https:\/\/syndicom.ch\/fr\/"},{"@type":"ListItem","position":2,"name":"Retrait\u00e9-es","item":"https:\/\/syndicom.ch\/fr\/retraitees\/"},{"@type":"ListItem","position":3,"name":"Groupes"}]},{"@type":"WebSite","@id":"https:\/\/syndicom.ch\/fr\/#website","url":"https:\/\/syndicom.ch\/fr\/","name":"syndicom","description":"","publisher":{"@id":"https:\/\/syndicom.ch\/fr\/#organization"},"potentialAction":[{"@type":"SearchAction","target":{"@type":"EntryPoint","urlTemplate":"https:\/\/syndicom.ch\/fr\/?s={search_term_string}"},"query-input":{"@type":"PropertyValueSpecification","valueRequired":true,"valueName":"search_term_string"}}],"inLanguage":"fr-FR"},{"@type":"Organization","@id":"https:\/\/syndicom.ch\/fr\/#organization","name":"syndicom","url":"https:\/\/syndicom.ch\/fr\/","logo":{"@type":"ImageObject","inLanguage":"fr-FR","@id":"https:\/\/syndicom.ch\/fr\/#\/schema\/logo\/image\/","url":"https:\/\/syndicom.ch\/app\/uploads\/2024\/06\/logo.svg","contentUrl":"https:\/\/syndicom.ch\/app\/uploads\/2024\/06\/logo.svg","width":297,"height":51,"caption":"syndicom"},"image":{"@id":"https:\/\/syndicom.ch\/fr\/#\/schema\/logo\/image\/"}}]}},"_links":{"self":[{"href":"https:\/\/syndicom.ch\/fr\/wp-json\/wp\/v2\/pages\/21708","targetHints":{"allow":["GET"]}}],"collection":[{"href":"https:\/\/syndicom.ch\/fr\/wp-json\/wp\/v2\/pages"}],"about":[{"href":"https:\/\/syndicom.ch\/fr\/wp-json\/wp\/v2\/types\/page"}],"author":[{"embeddable":true,"href":"https:\/\/syndicom.ch\/fr\/wp-json\/wp\/v2\/users\/3"}],"replies":[{"embeddable":true,"href":"https:\/\/syndicom.ch\/fr\/wp-json\/wp\/v2\/comments?post=21708"}],"version-history":[{"count":64,"href":"https:\/\/syndicom.ch\/fr\/wp-json\/wp\/v2\/pages\/21708\/revisions"}],"predecessor-version":[{"id":59790,"href":"https:\/\/syndicom.ch\/fr\/wp-json\/wp\/v2\/pages\/21708\/revisions\/59790"}],"up":[{"embeddable":true,"href":"https:\/\/syndicom.ch\/fr\/wp-json\/wp\/v2\/pages\/21686"}],"wp:attachment":[{"href":"https:\/\/syndicom.ch\/fr\/wp-json\/wp\/v2\/media?parent=21708"}],"wp:term":[{"taxonomy":"category","embeddable":true,"href":"https:\/\/syndicom.ch\/fr\/wp-json\/wp\/v2\/categories?post=21708"}],"curies":[{"name":"wp","href":"https:\/\/api.w.org\/{rel}","templated":true}]}}