{"id":23061,"date":"2025-01-21T14:09:01","date_gmt":"2025-01-21T13:09:01","guid":{"rendered":"https:\/\/syndicom.ch\/?page_id=23061"},"modified":"2025-10-16T15:23:23","modified_gmt":"2025-10-16T13:23:23","slug":"conference-des-groupes-de-retraite-e-s","status":"publish","type":"page","link":"https:\/\/syndicom.ch\/fr\/retraitees\/groupes\/conference-des-groupes-de-retraite-e-s\/","title":{"rendered":"Conf\u00e9rence des groupes de retrait\u00e9-e-s"},"content":{"rendered":"\n<div class=\"wp-block-group alignfull has-background-color has-primary-background-color has-text-color has-background has-link-color wp-elements-3dac7cac9d1b735554a1293321a60394 is-layout-constrained wp-block-group-is-layout-constrained\">\n<div class=\"wp-block-group is-style-narrow is-layout-constrained wp-block-group-is-layout-constrained\">\n<div class=\"wp-block-columns is-layout-flex wp-container-core-columns-is-layout-9d6595d7 wp-block-columns-is-layout-flex\">\n<div class=\"wp-block-column is-layout-flow wp-block-column-is-layout-flow\">\n<div class=\"wp-block-buttons is-layout-flex wp-block-buttons-is-layout-flex\">\n<div class=\"wp-block-button is-style-underline\"><a class=\"wp-block-button__link has-background-color has-background-background-color has-text-color has-background has-link-color wp-element-button\" href=\"https:\/\/syndicom.ch\/fr\/retraitees\/\">Page d\u2019accueil<\/a><\/div>\n<\/div>\n<\/div>\n\n\n\n<div class=\"wp-block-column is-layout-flow wp-block-column-is-layout-flow\">\n<div class=\"wp-block-buttons is-layout-flex wp-block-buttons-is-layout-flex\">\n<div class=\"wp-block-button is-style-underline\"><a class=\"wp-block-button__link has-background-color has-background-background-color has-text-color has-background has-link-color has-text-align-center wp-element-button\" href=\"https:\/\/syndicom.ch\/fr\/retraitees\/groupes\/\">Groupes<\/a><\/div>\n<\/div>\n<\/div>\n\n\n\n<div class=\"wp-block-column is-layout-flow wp-block-column-is-layout-flow\">\n<div class=\"wp-block-buttons is-layout-flex wp-block-buttons-is-layout-flex\"><\/div>\n<\/div>\n\n\n\n<div class=\"wp-block-column is-layout-flow wp-block-column-is-layout-flow\">\n<div class=\"wp-block-buttons is-layout-flex wp-block-buttons-is-layout-flex\"><\/div>\n<\/div>\n<\/div>\n\n\n\n<div class=\"wp-block-columns is-layout-flex wp-container-core-columns-is-layout-9d6595d7 wp-block-columns-is-layout-flex\">\n<div class=\"wp-block-column is-layout-flow wp-block-column-is-layout-flow\" style=\"flex-basis:50%\">\n<h1 class=\"wp-block-heading\"><strong>Conf\u00e9rence des groupes de retrait\u00e9-es<\/strong><\/h1>\n\n\n\n<p class=\"is-style-lead\">Lors de cette conf\u00e9rence annuelle, les pr\u00e9sidents ou leurs repr\u00e9sentants des groupes de retrait\u00e9-es \u00e9lisent le comit\u00e9 national et votent les objectifs de la l\u00e9gislature et les propositions.<\/p>\n<\/div>\n\n\n\n<div class=\"wp-block-column is-layout-flow wp-block-column-is-layout-flow\" style=\"flex-basis:50%\">\n<figure class=\"wp-block-image size-full\"><img loading=\"lazy\" decoding=\"async\" width=\"1024\" height=\"682\" src=\"https:\/\/syndicom.ch\/app\/uploads\/2025\/01\/\u00a9-R-Aeschlimann_Conf_presidents_2024_04_16_0002.jpg\" alt=\"\" class=\"wp-image-22651\" srcset=\"https:\/\/syndicom.ch\/app\/uploads\/2025\/01\/\u00a9-R-Aeschlimann_Conf_presidents_2024_04_16_0002.jpg 1024w, https:\/\/syndicom.ch\/app\/uploads\/2025\/01\/\u00a9-R-Aeschlimann_Conf_presidents_2024_04_16_0002-300x200.jpg 300w, https:\/\/syndicom.ch\/app\/uploads\/2025\/01\/\u00a9-R-Aeschlimann_Conf_presidents_2024_04_16_0002-768x512.jpg 768w\" sizes=\"auto, (max-width: 1024px) 100vw, 1024px\" \/><\/figure>\n<\/div>\n<\/div>\n<\/div>\n<\/div>\n\n\n\n<div class=\"wp-block-group alignfull is-style-default has-background-background-color has-background is-layout-constrained wp-block-group-is-layout-constrained\">\n<div class=\"wp-block-group is-style-narrow is-layout-constrained wp-block-group-is-layout-constrained\">\n<h2 class=\"wp-block-heading has-text-align-left\" id=\"Pensionierten-Gruppen-Konferenz-2025\"><strong><strong>Conf\u00e9rence des groupes de retrait\u00e9-es en 2025, ann\u00e9e du congr\u00e8s<\/strong><\/strong><\/h2>\n\n\n\n<p>Le congr\u00e8s 2025 du syndicat syndicom marque le d\u00e9but de la nouvelle l\u00e9gislature 2025-2029. Pour cette nouvelle l\u00e9gislature, les retrait\u00e9-es, en tant que mouvement sociopolitique, se fixeront de nouveaux objectifs. La prochaine conf\u00e9rence des groupes de retrait\u00e9-es posera les jalons de notre avenir. Gr\u00e2ce \u00e0 des discussions anim\u00e9es sur les d\u00e9fis et les objectifs, nous pourrons ensemble emprunter de nouvelles voies. Les pr\u00e9sidences ou leurs suppl\u00e9ants des groupes de retrait\u00e9-es \u00e9lisent le comit\u00e9 national et votent sur les objectifs de la l\u00e9gislature et les propositions, notamment.<\/p>\n<\/div>\n<\/div>\n\n\n\n<div class=\"wp-block-group alignfull has-background-background-color has-background is-layout-constrained wp-block-group-is-layout-constrained\">\n<div class=\"wp-block-group is-style-narrow is-layout-constrained wp-block-group-is-layout-constrained\">\n<h2 class=\"wp-block-heading has-text-align-left\">Rapports des pr\u00e9c\u00e9dentes <strong>conf\u00e9rences de groupes de retrait\u00e9-es<\/strong><\/h2>\n\n\n\n<div data-wp-context=\"{}\" data-wp-interactive=\"core\/query\" data-wp-key=\"0\" data-wp-router-region=\"query-0\" class=\"wp-block-query is-layout-flow wp-block-query-is-layout-flow\"><ul class=\"wp-block-post-template is-layout-flow wp-block-post-template-is-layout-flow\"><li data-wp-key=\"post-template-item-61172\" class=\"wp-block-post post-61172 syn_news_retirees type-syn_news_retirees status-publish hentry syn_news_retirees_category-conference-des-groupes syn_news_retirees_category-pensionierten-gruppen-konferenz-2\">\n<h3 class=\"has-link-color wp-elements-e0fea9949ff33616516a5cc208365ab5 wp-block-post-title has-text-color has-primary-color\"><a href=\"https:\/\/syndicom.ch\/fr\/retraite-e-s\/news\/conference-des-groupes-de-retraite-es-2026\/\" target=\"_self\" >Conf\u00e9rence des groupes de retrait\u00e9-es 2026<\/a><\/h3>\n\n<div class=\"wp-block-post-date\"><time datetime=\"2026-04-20T10:14:02+02:00\">20 avril 2026<\/time><\/div>\n\n<a href=\"https:\/\/syndicom.ch\/fr\/retraite-e-s\/news\/conference-des-groupes-de-retraite-es-2026\/\"><div class=\"wp-block-post-excerpt\"><p class=\"wp-block-post-excerpt__excerpt\">Conf\u00e9rence des groupes de retrait\u00e9-e-s 2026 Le 16 avril, les pr\u00e9sidences et les repr\u00e9sentants des groupes de retrait\u00e9-e-s se sont r\u00e9unis \u00e0 Berne pour leur conf\u00e9rence annuelle qui a attir\u00e9\u2026 <\/p><\/div><\/a><div class=\"syn-post-terms\" style=\"display: none\"><a href=\"#\" class=\"syn-post-terms__link\" data-term-id=\"197\">conf\u00e9rence des groupes<\/a> <a href=\"#\" class=\"syn-post-terms__link\" data-term-id=\"258\">Pensionierten-Gruppen-Konferenz<\/a> <\/div>\n\n\n<\/li><li data-wp-key=\"post-template-item-33923\" class=\"wp-block-post post-33923 syn_news_retirees type-syn_news_retirees status-publish hentry syn_news_retirees_category-conference-des-groupes syn_news_retirees_category-pensionierten-gruppen-konferenz syn_news_retirees_category-pensionierten-gruppen-konferenz-2\">\n<h3 class=\"has-link-color wp-elements-e0fea9949ff33616516a5cc208365ab5 wp-block-post-title has-text-color has-primary-color\"><a href=\"https:\/\/syndicom.ch\/fr\/retraite-e-s\/news\/conference-des-groupes-de-retraite-es-2025\/\" target=\"_self\" >Conf\u00e9rence des groupes de retrait\u00e9-es 2025<\/a><\/h3>\n\n<div class=\"wp-block-post-date\"><time datetime=\"2025-04-03T13:31:58+02:00\">3 avril 2025<\/time><\/div>\n\n<a href=\"https:\/\/syndicom.ch\/fr\/retraite-e-s\/news\/conference-des-groupes-de-retraite-es-2025\/\"><div class=\"wp-block-post-excerpt\"><p class=\"wp-block-post-excerpt__excerpt\">\u00c9lections au comit\u00e9 directeur Bruno Weideli a rendu hommage aux deux membres d\u00e9missionnaires du comit\u00e9, Peter Rymann (vice-pr\u00e9sident) et Franz Baumann (secr\u00e9taire). Tous deux ont \u00e9t\u00e9 actifs pendant 15 ans\u2026 <\/p><\/div><\/a><div class=\"syn-post-terms\" style=\"display: none\"><a href=\"#\" class=\"syn-post-terms__link\" data-term-id=\"197\">conf\u00e9rence des groupes<\/a> <a href=\"#\" class=\"syn-post-terms__link\" data-term-id=\"155\">Pensionierten-Gruppen-Konferenz<\/a> <a href=\"#\" class=\"syn-post-terms__link\" data-term-id=\"258\">Pensionierten-Gruppen-Konferenz<\/a> <\/div>\n\n\n<\/li><li data-wp-key=\"post-template-item-27711\" class=\"wp-block-post post-27711 syn_news_retirees type-syn_news_retirees status-publish hentry syn_news_retirees_category-conference-des-groupes syn_news_retirees_category-pensionierten-gruppen-konferenz-2\">\n<h3 class=\"has-link-color wp-elements-e0fea9949ff33616516a5cc208365ab5 wp-block-post-title has-text-color has-primary-color\"><a href=\"https:\/\/syndicom.ch\/fr\/retraite-e-s\/news\/conference-des-groupes-de-retraite-es-2024\/\" target=\"_self\" >Conf\u00e9rence des groupes de retrait\u00e9-es 2024<\/a><\/h3>\n\n<div class=\"wp-block-post-date\"><time datetime=\"2024-04-16T11:26:55+02:00\">16 avril 2024<\/time><\/div>\n\n<a href=\"https:\/\/syndicom.ch\/fr\/retraite-e-s\/news\/conference-des-groupes-de-retraite-es-2024\/\"><div class=\"wp-block-post-excerpt\"><p class=\"wp-block-post-excerpt__excerpt\">L&rsquo;engagement des retrait\u00e9-es porte ses fruits Sous la nouvelle appellation \u00abConf\u00e9rence des groupes de retrait\u00e9-es\u00bb, les repr\u00e9sentations des groupes de retrait\u00e9-es se sont r\u00e9unies le 16 avril \u00e0 Berne pour\u2026 <\/p><\/div><\/a><div class=\"syn-post-terms\" style=\"display: none\"><a href=\"#\" class=\"syn-post-terms__link\" data-term-id=\"197\">conf\u00e9rence des groupes<\/a> <a href=\"#\" class=\"syn-post-terms__link\" data-term-id=\"258\">Pensionierten-Gruppen-Konferenz<\/a> <\/div>\n\n\n<\/li><\/ul>\n\n<\/div>\n<\/div>\n<\/div>\n","protected":false},"excerpt":{"rendered":"<p>Conf\u00e9rence des groupes de retrait\u00e9-es Lors de cette conf\u00e9rence annuelle, les pr\u00e9sidents ou leurs repr\u00e9sentants des groupes de retrait\u00e9-es \u00e9lisent le comit\u00e9 national et votent les objectifs de la l\u00e9gislature et les propositions. Conf\u00e9rence des groupes de retrait\u00e9-es en 2025, ann\u00e9e du congr\u00e8s Le congr\u00e8s 2025 du syndicat syndicom marque le d\u00e9but de la nouvelle [&hellip;]<\/p>\n","protected":false},"author":3,"featured_media":0,"parent":21708,"menu_order":0,"comment_status":"closed","ping_status":"closed","template":"wp-custom-template-pensionierte","meta":{"_acf_changed":false,"inline_featured_image":false,"_coblocks_attr":"","_coblocks_dimensions":"","_coblocks_responsive_height":"","_coblocks_accordion_ie_support":"","footnotes":""},"categories":[102],"class_list":["post-23061","page","type-page","status-publish","hentry","category-retraite-es"],"acf":[],"yoast_head":"<!-- This site is optimized with the Yoast SEO plugin v27.3 - https:\/\/yoast.com\/product\/yoast-seo-wordpress\/ -->\n<title>Conf\u00e9rence des groupes de retrait\u00e9-e-s - syndicom<\/title>\n<meta name=\"robots\" content=\"index, follow, max-snippet:-1, max-image-preview:large, max-video-preview:-1\" \/>\n<link rel=\"canonical\" href=\"https:\/\/syndicom.ch\/fr\/retraitees\/groupes\/conference-des-groupes-de-retraite-e-s\/\" \/>\n<meta property=\"og:locale\" content=\"fr_FR\" \/>\n<meta property=\"og:type\" content=\"article\" \/>\n<meta property=\"og:title\" content=\"Conf\u00e9rence des groupes de retrait\u00e9-e-s - syndicom\" \/>\n<meta property=\"og:description\" content=\"Conf\u00e9rence des groupes de retrait\u00e9-es Lors de cette conf\u00e9rence annuelle, les pr\u00e9sidents ou leurs repr\u00e9sentants des groupes de retrait\u00e9-es \u00e9lisent le comit\u00e9 national et votent les objectifs de la l\u00e9gislature et les propositions. Conf\u00e9rence des groupes de retrait\u00e9-es en 2025, ann\u00e9e du congr\u00e8s Le congr\u00e8s 2025 du syndicat syndicom marque le d\u00e9but de la nouvelle [&hellip;]\" \/>\n<meta property=\"og:url\" content=\"https:\/\/syndicom.ch\/fr\/retraitees\/groupes\/conference-des-groupes-de-retraite-e-s\/\" \/>\n<meta property=\"og:site_name\" content=\"syndicom\" \/>\n<meta property=\"article:modified_time\" content=\"2025-10-16T13:23:23+00:00\" \/>\n<meta name=\"twitter:card\" content=\"summary_large_image\" \/>\n<meta name=\"twitter:label1\" content=\"Dur\u00e9e de lecture estim\u00e9e\" \/>\n\t<meta name=\"twitter:data1\" content=\"2 minutes\" \/>\n<script type=\"application\/ld+json\" class=\"yoast-schema-graph\">{\"@context\":\"https:\\\/\\\/schema.org\",\"@graph\":[{\"@type\":\"WebPage\",\"@id\":\"https:\\\/\\\/syndicom.ch\\\/fr\\\/retraitees\\\/groupes\\\/conference-des-groupes-de-retraite-e-s\\\/\",\"url\":\"https:\\\/\\\/syndicom.ch\\\/fr\\\/retraitees\\\/groupes\\\/conference-des-groupes-de-retraite-e-s\\\/\",\"name\":\"Conf\u00e9rence des groupes de retrait\u00e9-e-s - syndicom\",\"isPartOf\":{\"@id\":\"https:\\\/\\\/syndicom.ch\\\/fr\\\/#website\"},\"datePublished\":\"2025-01-21T13:09:01+00:00\",\"dateModified\":\"2025-10-16T13:23:23+00:00\",\"breadcrumb\":{\"@id\":\"https:\\\/\\\/syndicom.ch\\\/fr\\\/retraitees\\\/groupes\\\/conference-des-groupes-de-retraite-e-s\\\/#breadcrumb\"},\"inLanguage\":\"fr-FR\",\"potentialAction\":[{\"@type\":\"ReadAction\",\"target\":[\"https:\\\/\\\/syndicom.ch\\\/fr\\\/retraitees\\\/groupes\\\/conference-des-groupes-de-retraite-e-s\\\/\"]}]},{\"@type\":\"BreadcrumbList\",\"@id\":\"https:\\\/\\\/syndicom.ch\\\/fr\\\/retraitees\\\/groupes\\\/conference-des-groupes-de-retraite-e-s\\\/#breadcrumb\",\"itemListElement\":[{\"@type\":\"ListItem\",\"position\":1,\"name\":\"Page d'accueil\",\"item\":\"https:\\\/\\\/syndicom.ch\\\/fr\\\/\"},{\"@type\":\"ListItem\",\"position\":2,\"name\":\"Retrait\u00e9-es\",\"item\":\"https:\\\/\\\/syndicom.ch\\\/fr\\\/retraitees\\\/\"},{\"@type\":\"ListItem\",\"position\":3,\"name\":\"Groupes\",\"item\":\"https:\\\/\\\/syndicom.ch\\\/fr\\\/retraitees\\\/groupes\\\/\"},{\"@type\":\"ListItem\",\"position\":4,\"name\":\"Conf\u00e9rence des groupes de retrait\u00e9-e-s\"}]},{\"@type\":\"WebSite\",\"@id\":\"https:\\\/\\\/syndicom.ch\\\/fr\\\/#website\",\"url\":\"https:\\\/\\\/syndicom.ch\\\/fr\\\/\",\"name\":\"syndicom\",\"description\":\"\",\"publisher\":{\"@id\":\"https:\\\/\\\/syndicom.ch\\\/fr\\\/#organization\"},\"potentialAction\":[{\"@type\":\"SearchAction\",\"target\":{\"@type\":\"EntryPoint\",\"urlTemplate\":\"https:\\\/\\\/syndicom.ch\\\/fr\\\/?s={search_term_string}\"},\"query-input\":{\"@type\":\"PropertyValueSpecification\",\"valueRequired\":true,\"valueName\":\"search_term_string\"}}],\"inLanguage\":\"fr-FR\"},{\"@type\":\"Organization\",\"@id\":\"https:\\\/\\\/syndicom.ch\\\/fr\\\/#organization\",\"name\":\"syndicom\",\"url\":\"https:\\\/\\\/syndicom.ch\\\/fr\\\/\",\"logo\":{\"@type\":\"ImageObject\",\"inLanguage\":\"fr-FR\",\"@id\":\"https:\\\/\\\/syndicom.ch\\\/fr\\\/#\\\/schema\\\/logo\\\/image\\\/\",\"url\":\"https:\\\/\\\/syndicom.ch\\\/app\\\/uploads\\\/2024\\\/06\\\/logo.svg\",\"contentUrl\":\"https:\\\/\\\/syndicom.ch\\\/app\\\/uploads\\\/2024\\\/06\\\/logo.svg\",\"width\":297,\"height\":51,\"caption\":\"syndicom\"},\"image\":{\"@id\":\"https:\\\/\\\/syndicom.ch\\\/fr\\\/#\\\/schema\\\/logo\\\/image\\\/\"}}]}<\/script>\n<!-- \/ Yoast SEO plugin. -->","yoast_head_json":{"title":"Conf\u00e9rence des groupes de retrait\u00e9-e-s - syndicom","robots":{"index":"index","follow":"follow","max-snippet":"max-snippet:-1","max-image-preview":"max-image-preview:large","max-video-preview":"max-video-preview:-1"},"canonical":"https:\/\/syndicom.ch\/fr\/retraitees\/groupes\/conference-des-groupes-de-retraite-e-s\/","og_locale":"fr_FR","og_type":"article","og_title":"Conf\u00e9rence des groupes de retrait\u00e9-e-s - syndicom","og_description":"Conf\u00e9rence des groupes de retrait\u00e9-es Lors de cette conf\u00e9rence annuelle, les pr\u00e9sidents ou leurs repr\u00e9sentants des groupes de retrait\u00e9-es \u00e9lisent le comit\u00e9 national et votent les objectifs de la l\u00e9gislature et les propositions. Conf\u00e9rence des groupes de retrait\u00e9-es en 2025, ann\u00e9e du congr\u00e8s Le congr\u00e8s 2025 du syndicat syndicom marque le d\u00e9but de la nouvelle [&hellip;]","og_url":"https:\/\/syndicom.ch\/fr\/retraitees\/groupes\/conference-des-groupes-de-retraite-e-s\/","og_site_name":"syndicom","article_modified_time":"2025-10-16T13:23:23+00:00","twitter_card":"summary_large_image","twitter_misc":{"Dur\u00e9e de lecture estim\u00e9e":"2 minutes"},"schema":{"@context":"https:\/\/schema.org","@graph":[{"@type":"WebPage","@id":"https:\/\/syndicom.ch\/fr\/retraitees\/groupes\/conference-des-groupes-de-retraite-e-s\/","url":"https:\/\/syndicom.ch\/fr\/retraitees\/groupes\/conference-des-groupes-de-retraite-e-s\/","name":"Conf\u00e9rence des groupes de retrait\u00e9-e-s - syndicom","isPartOf":{"@id":"https:\/\/syndicom.ch\/fr\/#website"},"datePublished":"2025-01-21T13:09:01+00:00","dateModified":"2025-10-16T13:23:23+00:00","breadcrumb":{"@id":"https:\/\/syndicom.ch\/fr\/retraitees\/groupes\/conference-des-groupes-de-retraite-e-s\/#breadcrumb"},"inLanguage":"fr-FR","potentialAction":[{"@type":"ReadAction","target":["https:\/\/syndicom.ch\/fr\/retraitees\/groupes\/conference-des-groupes-de-retraite-e-s\/"]}]},{"@type":"BreadcrumbList","@id":"https:\/\/syndicom.ch\/fr\/retraitees\/groupes\/conference-des-groupes-de-retraite-e-s\/#breadcrumb","itemListElement":[{"@type":"ListItem","position":1,"name":"Page d'accueil","item":"https:\/\/syndicom.ch\/fr\/"},{"@type":"ListItem","position":2,"name":"Retrait\u00e9-es","item":"https:\/\/syndicom.ch\/fr\/retraitees\/"},{"@type":"ListItem","position":3,"name":"Groupes","item":"https:\/\/syndicom.ch\/fr\/retraitees\/groupes\/"},{"@type":"ListItem","position":4,"name":"Conf\u00e9rence des groupes de retrait\u00e9-e-s"}]},{"@type":"WebSite","@id":"https:\/\/syndicom.ch\/fr\/#website","url":"https:\/\/syndicom.ch\/fr\/","name":"syndicom","description":"","publisher":{"@id":"https:\/\/syndicom.ch\/fr\/#organization"},"potentialAction":[{"@type":"SearchAction","target":{"@type":"EntryPoint","urlTemplate":"https:\/\/syndicom.ch\/fr\/?s={search_term_string}"},"query-input":{"@type":"PropertyValueSpecification","valueRequired":true,"valueName":"search_term_string"}}],"inLanguage":"fr-FR"},{"@type":"Organization","@id":"https:\/\/syndicom.ch\/fr\/#organization","name":"syndicom","url":"https:\/\/syndicom.ch\/fr\/","logo":{"@type":"ImageObject","inLanguage":"fr-FR","@id":"https:\/\/syndicom.ch\/fr\/#\/schema\/logo\/image\/","url":"https:\/\/syndicom.ch\/app\/uploads\/2024\/06\/logo.svg","contentUrl":"https:\/\/syndicom.ch\/app\/uploads\/2024\/06\/logo.svg","width":297,"height":51,"caption":"syndicom"},"image":{"@id":"https:\/\/syndicom.ch\/fr\/#\/schema\/logo\/image\/"}}]}},"_links":{"self":[{"href":"https:\/\/syndicom.ch\/fr\/wp-json\/wp\/v2\/pages\/23061","targetHints":{"allow":["GET"]}}],"collection":[{"href":"https:\/\/syndicom.ch\/fr\/wp-json\/wp\/v2\/pages"}],"about":[{"href":"https:\/\/syndicom.ch\/fr\/wp-json\/wp\/v2\/types\/page"}],"author":[{"embeddable":true,"href":"https:\/\/syndicom.ch\/fr\/wp-json\/wp\/v2\/users\/3"}],"replies":[{"embeddable":true,"href":"https:\/\/syndicom.ch\/fr\/wp-json\/wp\/v2\/comments?post=23061"}],"version-history":[{"count":10,"href":"https:\/\/syndicom.ch\/fr\/wp-json\/wp\/v2\/pages\/23061\/revisions"}],"predecessor-version":[{"id":48688,"href":"https:\/\/syndicom.ch\/fr\/wp-json\/wp\/v2\/pages\/23061\/revisions\/48688"}],"up":[{"embeddable":true,"href":"https:\/\/syndicom.ch\/fr\/wp-json\/wp\/v2\/pages\/21708"}],"wp:attachment":[{"href":"https:\/\/syndicom.ch\/fr\/wp-json\/wp\/v2\/media?parent=23061"}],"wp:term":[{"taxonomy":"category","embeddable":true,"href":"https:\/\/syndicom.ch\/fr\/wp-json\/wp\/v2\/categories?post=23061"}],"curies":[{"name":"wp","href":"https:\/\/api.w.org\/{rel}","templated":true}]}}