{"id":24088,"date":"2025-01-27T15:39:51","date_gmt":"2025-01-27T14:39:51","guid":{"rendered":"https:\/\/syndicom.ch\/?page_id=24088"},"modified":"2026-02-04T14:14:44","modified_gmt":"2026-02-04T13:14:44","slug":"petition-swisscom","status":"publish","type":"page","link":"https:\/\/syndicom.ch\/fr\/campagnes\/petition-swisscom\/","title":{"rendered":"Renforcer la s\u00e9curit\u00e9 de l\u2019emploi chez Swisscom!"},"content":{"rendered":"\n<div class=\"wp-block-group alignfull has-background-color has-primary-background-color has-text-color has-background has-link-color wp-elements-2ef048c2a3878065eeeceb6e70d71534 is-layout-constrained wp-block-group-is-layout-constrained\">\n<div class=\"wp-block-group is-style-narrow is-layout-constrained wp-block-group-is-layout-constrained\">\n<h1 class=\"wp-block-heading\"><strong>Renforcer la s\u00e9curit\u00e9 de l\u2019emploi chez Swisscom!<\/strong><\/h1>\n\n\n\n<div class=\"wp-block-columns is-layout-flex wp-container-core-columns-is-layout-9d6595d7 wp-block-columns-is-layout-flex\">\n<div class=\"wp-block-column is-layout-flow wp-block-column-is-layout-flow\" style=\"flex-basis:90%\">\n<p class=\"is-style-lead\"><strong>Ensemble, nous avons envoy\u00e9 un signal fort\u00a0<\/strong>: nous avons d\u00e9pos\u00e9 officiellement notre p\u00e9tition munie de\u00a0<strong>1585 signatures !<\/strong> Elle vise \u00e0 renforcer la s\u00e9curit\u00e9 de l\u2019emploi chez Swisscom.<\/p>\n<\/div>\n\n\n\n<div class=\"wp-block-column is-layout-flow wp-block-column-is-layout-flow\" style=\"flex-basis:20%\">\n<figure class=\"wp-block-image size-large is-resized block-visibility-hide-small-screen\"><img decoding=\"async\" src=\"https:\/\/syndicom.ch\/app\/uploads\/2025\/02\/gewerkschaft-syndicom-petition-swisscom-beschaeftigungssicherheit.jpg\" alt=\"Renforcer la s\u00e9curit\u00e9 de l\u2019emploi chez Swisscom!\" style=\"width:200px\"\/><\/figure>\n<\/div>\n<\/div>\n<\/div>\n<\/div>\n\n\n\n<div class=\"wp-block-group alignfull has-background-background-color has-background is-layout-constrained wp-block-group-is-layout-constrained\">\n<div class=\"wp-block-group is-style-narrow is-layout-constrained wp-block-group-is-layout-constrained\">\n<h2 class=\"wp-block-heading\">Ce que nous exigeons<\/h2>\n\n\n\n<ul class=\"wp-block-list\">\n<li>Plus d\u2019emplois en Suisse<\/li>\n\n\n\n<li>Suffisamment de personnel pour le service \u00e0 la client\u00e8le en Suisse<\/li>\n\n\n\n<li>Formation continue &amp; perspectives pour toutes et tous<\/li>\n\n\n\n<li>Implication de coll\u00e8gues exp\u00e9riment\u00e9-es<br><\/li>\n<\/ul>\n\n\n\n<h2 class=\"wp-block-heading\">Et maintenant ?<\/h2>\n\n\n\n<p>Nous exigeons maintenant que la direction\u00a0<strong>adopte une position claire sur nos revendications<\/strong>. Nous, du <a href=\"https:\/\/syndicom.ch\/fr\/devenir-membre-swisscom\/\" target=\"_blank\" rel=\"noreferrer noopener\">syndicat syndicom<\/a>, nous allons continuer sur notre lanc\u00e9e, tenir bon et d\u00e9fendre \u00e9nergiquement et sans rel\u00e2che les int\u00e9r\u00eats des <a href=\"https:\/\/syndicom.ch\/fr\/devenir-membre-swisscom\/\" target=\"_blank\" rel=\"noreferrer noopener\">collaborateur-trices<\/a> \u2013 par le dialogue avec Swisscom et, si n\u00e9cessaire, aussi publiquement.<\/p>\n\n\n\n<h2 class=\"wp-block-heading\">Pas encore membre de syndicom ?<\/h2>\n\n\n\n<p>Cette p\u00e9tition le montre :&nbsp;<strong>ensemble, nous pouvons faire bouger les lignes !&nbsp;<\/strong>Comme membre, tu renforces notre position de n\u00e9gociation et tu t\u2019assures que Swisscom prend au s\u00e9rieux sa responsabilit\u00e9 \u00e0 ton \u00e9gard en tant que collaborateur-trice. Deviens partie int\u00e9grante d\u2019une communaut\u00e9 forte, qui s\u2019engage pour des conditions de travail \u00e9quitables, la s\u00e9curit\u00e9 et le respect \u2013 tout se joue maintenant.<\/p>\n\n\n\n<div class=\"wp-block-buttons is-content-justification-center is-layout-flex wp-container-core-buttons-is-layout-16018d1d wp-block-buttons-is-layout-flex\">\n<div class=\"wp-block-button\"><a class=\"wp-block-button__link wp-element-button\" href=\"https:\/\/my.syndicom.ch\/adhesion\" target=\"_blank\" rel=\"noreferrer noopener\">Devenir membre<br>maintenant!<\/a><\/div>\n<\/div>\n<\/div>\n<\/div>\n\n\n\n\n\n\n\n<div class=\"wp-block-group alignfull has-background-color has-primary-background-color has-text-color has-background has-link-color wp-elements-c877963855d5795a07da77a9ea504ab2 is-layout-constrained wp-block-group-is-layout-constrained\">\n<div class=\"wp-block-group is-style-narrow-mid is-layout-constrained wp-block-group-is-layout-constrained\">\n<h2 class=\"wp-block-heading has-text-align-center\">syndicom, ton syndicat chez Swisscom<\/h2>\n\n\n\n<div class=\"wp-block-buttons is-content-justification-center is-layout-flex wp-container-core-buttons-is-layout-16018d1d wp-block-buttons-is-layout-flex\">\n<div class=\"wp-block-button\"><a class=\"wp-block-button__link wp-element-button\" href=\"https:\/\/syndicom.ch\/fr\/devenir-membre-swisscom\/\" target=\"_blank\" rel=\"noreferrer noopener\"><strong><strong>Ce que nous faisons pour toi en tant que syndicat<\/strong><\/strong><\/a><\/div>\n<\/div>\n<\/div>\n<\/div>\n\n\n","protected":false},"excerpt":{"rendered":"<p>Renforcer la s\u00e9curit\u00e9 de l\u2019emploi chez Swisscom! Ensemble, nous avons envoy\u00e9 un signal fort\u00a0: nous avons d\u00e9pos\u00e9 officiellement notre p\u00e9tition munie de\u00a01585 signatures ! Elle vise \u00e0 renforcer la s\u00e9curit\u00e9 de l\u2019emploi chez Swisscom. Ce que nous exigeons Et maintenant ? Nous exigeons maintenant que la direction\u00a0adopte une position claire sur nos revendications. Nous, du [&hellip;]<\/p>\n","protected":false},"author":3,"featured_media":0,"parent":5964,"menu_order":0,"comment_status":"closed","ping_status":"closed","template":"","meta":{"_acf_changed":false,"_coblocks_attr":"","_coblocks_dimensions":"","_coblocks_responsive_height":"","_coblocks_accordion_ie_support":"","inline_featured_image":false,"footnotes":""},"categories":[370],"class_list":["post-24088","page","type-page","status-publish","hentry","category-campagne"],"acf":[],"yoast_head":"<!-- This site is optimized with the Yoast SEO plugin v27.3 - https:\/\/yoast.com\/product\/yoast-seo-wordpress\/ -->\n<title>Renforcer la s\u00e9curit\u00e9 de l\u2019emploi chez Swisscom! - syndicom<\/title>\n<meta name=\"description\" content=\"Nous demandons \u00e0 la direction du groupe Swisscom de s&#039;engager clairement en faveur de la Suisse. Signer la p\u00e9tition maintenant.\" \/>\n<meta name=\"robots\" content=\"index, follow, max-snippet:-1, max-image-preview:large, max-video-preview:-1\" \/>\n<link rel=\"canonical\" href=\"https:\/\/syndicom.ch\/fr\/campagnes\/petition-swisscom\/\" \/>\n<meta property=\"og:locale\" content=\"fr_FR\" \/>\n<meta property=\"og:type\" content=\"article\" \/>\n<meta property=\"og:title\" content=\"Renforcer la s\u00e9curit\u00e9 de l\u2019emploi chez Swisscom! - syndicom\" \/>\n<meta property=\"og:description\" content=\"Nous demandons \u00e0 la direction du groupe Swisscom de s&#039;engager clairement en faveur de la Suisse. Signer la p\u00e9tition maintenant.\" \/>\n<meta property=\"og:url\" content=\"https:\/\/syndicom.ch\/fr\/campagnes\/petition-swisscom\/\" \/>\n<meta property=\"og:site_name\" content=\"syndicom\" \/>\n<meta property=\"article:publisher\" content=\"https:\/\/www.facebook.com\/syndicom\/\" \/>\n<meta property=\"article:modified_time\" content=\"2026-02-04T13:14:44+00:00\" \/>\n<meta property=\"og:image\" content=\"https:\/\/syndicom.ch\/app\/uploads\/2025\/02\/gewerkschaft-syndicom-petition-swisscom-beschaeftigungssicherheit.jpg\" \/>\n<meta name=\"twitter:card\" content=\"summary_large_image\" \/>\n<meta name=\"twitter:label1\" content=\"Dur\u00e9e de lecture estim\u00e9e\" \/>\n\t<meta name=\"twitter:data1\" content=\"6 minutes\" \/>\n<script type=\"application\/ld+json\" class=\"yoast-schema-graph\">{\"@context\":\"https:\\\/\\\/schema.org\",\"@graph\":[{\"@type\":\"WebPage\",\"@id\":\"https:\\\/\\\/syndicom.ch\\\/fr\\\/campagnes\\\/petition-swisscom\\\/\",\"url\":\"https:\\\/\\\/syndicom.ch\\\/fr\\\/campagnes\\\/petition-swisscom\\\/\",\"name\":\"Renforcer la s\u00e9curit\u00e9 de l\u2019emploi chez Swisscom! - syndicom\",\"isPartOf\":{\"@id\":\"https:\\\/\\\/syndicom.ch\\\/fr\\\/#website\"},\"primaryImageOfPage\":{\"@id\":\"https:\\\/\\\/syndicom.ch\\\/fr\\\/campagnes\\\/petition-swisscom\\\/#primaryimage\"},\"image\":{\"@id\":\"https:\\\/\\\/syndicom.ch\\\/fr\\\/campagnes\\\/petition-swisscom\\\/#primaryimage\"},\"thumbnailUrl\":\"https:\\\/\\\/syndicom.ch\\\/app\\\/uploads\\\/2025\\\/02\\\/gewerkschaft-syndicom-petition-swisscom-beschaeftigungssicherheit.jpg\",\"datePublished\":\"2025-01-27T14:39:51+00:00\",\"dateModified\":\"2026-02-04T13:14:44+00:00\",\"description\":\"Nous demandons \u00e0 la direction du groupe Swisscom de s'engager clairement en faveur de la Suisse. Signer la p\u00e9tition maintenant.\",\"breadcrumb\":{\"@id\":\"https:\\\/\\\/syndicom.ch\\\/fr\\\/campagnes\\\/petition-swisscom\\\/#breadcrumb\"},\"inLanguage\":\"fr-FR\",\"potentialAction\":[{\"@type\":\"ReadAction\",\"target\":[\"https:\\\/\\\/syndicom.ch\\\/fr\\\/campagnes\\\/petition-swisscom\\\/\"]}]},{\"@type\":\"ImageObject\",\"inLanguage\":\"fr-FR\",\"@id\":\"https:\\\/\\\/syndicom.ch\\\/fr\\\/campagnes\\\/petition-swisscom\\\/#primaryimage\",\"url\":\"https:\\\/\\\/syndicom.ch\\\/app\\\/uploads\\\/2025\\\/02\\\/gewerkschaft-syndicom-petition-swisscom-beschaeftigungssicherheit.jpg\",\"contentUrl\":\"https:\\\/\\\/syndicom.ch\\\/app\\\/uploads\\\/2025\\\/02\\\/gewerkschaft-syndicom-petition-swisscom-beschaeftigungssicherheit.jpg\"},{\"@type\":\"BreadcrumbList\",\"@id\":\"https:\\\/\\\/syndicom.ch\\\/fr\\\/campagnes\\\/petition-swisscom\\\/#breadcrumb\",\"itemListElement\":[{\"@type\":\"ListItem\",\"position\":1,\"name\":\"Page d'accueil\",\"item\":\"https:\\\/\\\/syndicom.ch\\\/fr\\\/\"},{\"@type\":\"ListItem\",\"position\":2,\"name\":\"Campagnes\",\"item\":\"https:\\\/\\\/syndicom.ch\\\/fr\\\/campagnes\\\/\"},{\"@type\":\"ListItem\",\"position\":3,\"name\":\"Renforcer la s\u00e9curit\u00e9 de l\u2019emploi chez Swisscom!\"}]},{\"@type\":\"WebSite\",\"@id\":\"https:\\\/\\\/syndicom.ch\\\/fr\\\/#website\",\"url\":\"https:\\\/\\\/syndicom.ch\\\/fr\\\/\",\"name\":\"syndicom\",\"description\":\"\",\"publisher\":{\"@id\":\"https:\\\/\\\/syndicom.ch\\\/fr\\\/#organization\"},\"potentialAction\":[{\"@type\":\"SearchAction\",\"target\":{\"@type\":\"EntryPoint\",\"urlTemplate\":\"https:\\\/\\\/syndicom.ch\\\/fr\\\/?s={search_term_string}\"},\"query-input\":{\"@type\":\"PropertyValueSpecification\",\"valueRequired\":true,\"valueName\":\"search_term_string\"}}],\"inLanguage\":\"fr-FR\"},{\"@type\":\"Organization\",\"@id\":\"https:\\\/\\\/syndicom.ch\\\/fr\\\/#organization\",\"name\":\"syndicom\",\"alternateName\":\"Gewerkschaft Medien und Kommunikation\",\"url\":\"https:\\\/\\\/syndicom.ch\\\/fr\\\/\",\"logo\":{\"@type\":\"ImageObject\",\"inLanguage\":\"fr-FR\",\"@id\":\"https:\\\/\\\/syndicom.ch\\\/fr\\\/#\\\/schema\\\/logo\\\/image\\\/\",\"url\":\"https:\\\/\\\/syndicom.ch\\\/app\\\/uploads\\\/2024\\\/06\\\/logo.svg\",\"contentUrl\":\"https:\\\/\\\/syndicom.ch\\\/app\\\/uploads\\\/2024\\\/06\\\/logo.svg\",\"width\":297,\"height\":51,\"caption\":\"syndicom\"},\"image\":{\"@id\":\"https:\\\/\\\/syndicom.ch\\\/fr\\\/#\\\/schema\\\/logo\\\/image\\\/\"},\"sameAs\":[\"https:\\\/\\\/www.facebook.com\\\/syndicom\\\/\",\"https:\\\/\\\/ch.linkedin.com\\\/company\\\/syndicom-gewerkschaft-medien-und-kommunikation\",\"https:\\\/\\\/www.instagram.com\\\/syndicom\\\/\"]}]}<\/script>\n<!-- \/ Yoast SEO plugin. -->","yoast_head_json":{"title":"Renforcer la s\u00e9curit\u00e9 de l\u2019emploi chez Swisscom! - syndicom","description":"Nous demandons \u00e0 la direction du groupe Swisscom de s'engager clairement en faveur de la Suisse. Signer la p\u00e9tition maintenant.","robots":{"index":"index","follow":"follow","max-snippet":"max-snippet:-1","max-image-preview":"max-image-preview:large","max-video-preview":"max-video-preview:-1"},"canonical":"https:\/\/syndicom.ch\/fr\/campagnes\/petition-swisscom\/","og_locale":"fr_FR","og_type":"article","og_title":"Renforcer la s\u00e9curit\u00e9 de l\u2019emploi chez Swisscom! - syndicom","og_description":"Nous demandons \u00e0 la direction du groupe Swisscom de s'engager clairement en faveur de la Suisse. Signer la p\u00e9tition maintenant.","og_url":"https:\/\/syndicom.ch\/fr\/campagnes\/petition-swisscom\/","og_site_name":"syndicom","article_publisher":"https:\/\/www.facebook.com\/syndicom\/","article_modified_time":"2026-02-04T13:14:44+00:00","og_image":[{"url":"https:\/\/syndicom.ch\/app\/uploads\/2025\/02\/gewerkschaft-syndicom-petition-swisscom-beschaeftigungssicherheit.jpg","type":"","width":"","height":""}],"twitter_card":"summary_large_image","twitter_misc":{"Dur\u00e9e de lecture estim\u00e9e":"6 minutes"},"schema":{"@context":"https:\/\/schema.org","@graph":[{"@type":"WebPage","@id":"https:\/\/syndicom.ch\/fr\/campagnes\/petition-swisscom\/","url":"https:\/\/syndicom.ch\/fr\/campagnes\/petition-swisscom\/","name":"Renforcer la s\u00e9curit\u00e9 de l\u2019emploi chez Swisscom! - syndicom","isPartOf":{"@id":"https:\/\/syndicom.ch\/fr\/#website"},"primaryImageOfPage":{"@id":"https:\/\/syndicom.ch\/fr\/campagnes\/petition-swisscom\/#primaryimage"},"image":{"@id":"https:\/\/syndicom.ch\/fr\/campagnes\/petition-swisscom\/#primaryimage"},"thumbnailUrl":"https:\/\/syndicom.ch\/app\/uploads\/2025\/02\/gewerkschaft-syndicom-petition-swisscom-beschaeftigungssicherheit.jpg","datePublished":"2025-01-27T14:39:51+00:00","dateModified":"2026-02-04T13:14:44+00:00","description":"Nous demandons \u00e0 la direction du groupe Swisscom de s'engager clairement en faveur de la Suisse. Signer la p\u00e9tition maintenant.","breadcrumb":{"@id":"https:\/\/syndicom.ch\/fr\/campagnes\/petition-swisscom\/#breadcrumb"},"inLanguage":"fr-FR","potentialAction":[{"@type":"ReadAction","target":["https:\/\/syndicom.ch\/fr\/campagnes\/petition-swisscom\/"]}]},{"@type":"ImageObject","inLanguage":"fr-FR","@id":"https:\/\/syndicom.ch\/fr\/campagnes\/petition-swisscom\/#primaryimage","url":"https:\/\/syndicom.ch\/app\/uploads\/2025\/02\/gewerkschaft-syndicom-petition-swisscom-beschaeftigungssicherheit.jpg","contentUrl":"https:\/\/syndicom.ch\/app\/uploads\/2025\/02\/gewerkschaft-syndicom-petition-swisscom-beschaeftigungssicherheit.jpg"},{"@type":"BreadcrumbList","@id":"https:\/\/syndicom.ch\/fr\/campagnes\/petition-swisscom\/#breadcrumb","itemListElement":[{"@type":"ListItem","position":1,"name":"Page d'accueil","item":"https:\/\/syndicom.ch\/fr\/"},{"@type":"ListItem","position":2,"name":"Campagnes","item":"https:\/\/syndicom.ch\/fr\/campagnes\/"},{"@type":"ListItem","position":3,"name":"Renforcer la s\u00e9curit\u00e9 de l\u2019emploi chez Swisscom!"}]},{"@type":"WebSite","@id":"https:\/\/syndicom.ch\/fr\/#website","url":"https:\/\/syndicom.ch\/fr\/","name":"syndicom","description":"","publisher":{"@id":"https:\/\/syndicom.ch\/fr\/#organization"},"potentialAction":[{"@type":"SearchAction","target":{"@type":"EntryPoint","urlTemplate":"https:\/\/syndicom.ch\/fr\/?s={search_term_string}"},"query-input":{"@type":"PropertyValueSpecification","valueRequired":true,"valueName":"search_term_string"}}],"inLanguage":"fr-FR"},{"@type":"Organization","@id":"https:\/\/syndicom.ch\/fr\/#organization","name":"syndicom","alternateName":"Gewerkschaft Medien und Kommunikation","url":"https:\/\/syndicom.ch\/fr\/","logo":{"@type":"ImageObject","inLanguage":"fr-FR","@id":"https:\/\/syndicom.ch\/fr\/#\/schema\/logo\/image\/","url":"https:\/\/syndicom.ch\/app\/uploads\/2024\/06\/logo.svg","contentUrl":"https:\/\/syndicom.ch\/app\/uploads\/2024\/06\/logo.svg","width":297,"height":51,"caption":"syndicom"},"image":{"@id":"https:\/\/syndicom.ch\/fr\/#\/schema\/logo\/image\/"},"sameAs":["https:\/\/www.facebook.com\/syndicom\/","https:\/\/ch.linkedin.com\/company\/syndicom-gewerkschaft-medien-und-kommunikation","https:\/\/www.instagram.com\/syndicom\/"]}]}},"_links":{"self":[{"href":"https:\/\/syndicom.ch\/fr\/wp-json\/wp\/v2\/pages\/24088","targetHints":{"allow":["GET"]}}],"collection":[{"href":"https:\/\/syndicom.ch\/fr\/wp-json\/wp\/v2\/pages"}],"about":[{"href":"https:\/\/syndicom.ch\/fr\/wp-json\/wp\/v2\/types\/page"}],"author":[{"embeddable":true,"href":"https:\/\/syndicom.ch\/fr\/wp-json\/wp\/v2\/users\/3"}],"replies":[{"embeddable":true,"href":"https:\/\/syndicom.ch\/fr\/wp-json\/wp\/v2\/comments?post=24088"}],"version-history":[{"count":68,"href":"https:\/\/syndicom.ch\/fr\/wp-json\/wp\/v2\/pages\/24088\/revisions"}],"predecessor-version":[{"id":35411,"href":"https:\/\/syndicom.ch\/fr\/wp-json\/wp\/v2\/pages\/24088\/revisions\/35411"}],"up":[{"embeddable":true,"href":"https:\/\/syndicom.ch\/fr\/wp-json\/wp\/v2\/pages\/5964"}],"wp:attachment":[{"href":"https:\/\/syndicom.ch\/fr\/wp-json\/wp\/v2\/media?parent=24088"}],"wp:term":[{"taxonomy":"category","embeddable":true,"href":"https:\/\/syndicom.ch\/fr\/wp-json\/wp\/v2\/categories?post=24088"}],"curies":[{"name":"wp","href":"https:\/\/api.w.org\/{rel}","templated":true}]}}