{"id":30680,"date":"2025-02-20T16:54:27","date_gmt":"2025-02-20T15:54:27","guid":{"rendered":"https:\/\/syndicom.ch\/?page_id=30680"},"modified":"2026-01-29T16:03:41","modified_gmt":"2026-01-29T15:03:41","slug":"agenda","status":"publish","type":"page","link":"https:\/\/syndicom.ch\/fr\/retraitees\/groupes\/agenda\/","title":{"rendered":"Agenda"},"content":{"rendered":"\n<div class=\"wp-block-group alignfull has-background-color has-primary-background-color has-text-color has-background has-link-color wp-elements-9397ca589f1b38772c4971a1aab5653f is-layout-constrained wp-block-group-is-layout-constrained\">\n<div class=\"wp-block-group is-style-narrow is-layout-constrained wp-block-group-is-layout-constrained\">\n<div class=\"wp-block-columns is-layout-flex wp-container-core-columns-is-layout-9d6595d7 wp-block-columns-is-layout-flex\">\n<div class=\"wp-block-column is-layout-flow wp-block-column-is-layout-flow\" style=\"flex-basis:70%\">\n<h1 class=\"wp-block-heading\">Agenda<\/h1>\n\n\n\n<p class=\"is-style-lead\">Programme d&rsquo;activit\u00e9s<\/p>\n<\/div>\n<\/div>\n<\/div>\n<\/div>\n\n\n\n<div class=\"wp-block-group alignfull is-style-default has-background-background-color has-background is-layout-constrained wp-block-group-is-layout-constrained\">\n<div class=\"wp-block-group is-style-narrow is-layout-constrained wp-block-group-is-layout-constrained\">\n<h2 class=\"wp-block-heading has-text-align-left\"><strong><strong>Groupes des retrait\u00e9s<\/strong><\/strong><\/h2>\n\n\n\n<div data-wp-context=\"{}\" data-wp-interactive=\"core\/query\" data-wp-key=\"0\" data-wp-router-region=\"query-0\" class=\"wp-block-query is-layout-flow wp-block-query-is-layout-flow\"><ul class=\"wp-block-post-template is-layout-flow wp-block-post-template-is-layout-flow\"><li data-wp-key=\"post-template-item-50833\" class=\"wp-block-post post-50833 syn_news_retirees type-syn_news_retirees status-publish hentry syn_news_retirees_category-agenda-fr\">\n<h3 class=\"has-link-color wp-elements-e0fea9949ff33616516a5cc208365ab5 wp-block-post-title has-text-color has-primary-color\"><a href=\"https:\/\/syndicom.ch\/fr\/retraite-e-s\/news\/ensemble-pour-des-soins-de-qualite\/\" target=\"_self\" >Ensemble pour des soins de qualit\u00e9<\/a><\/h3>\n\n<div class=\"wp-block-post-date\"><time datetime=\"2025-11-02T12:44:29+01:00\">2 novembre 2025<\/time><\/div>\n\n<a href=\"https:\/\/syndicom.ch\/fr\/retraite-e-s\/news\/ensemble-pour-des-soins-de-qualite\/\"><div class=\"wp-block-post-excerpt\"><p class=\"wp-block-post-excerpt__excerpt\">Ensemble pour des soins de qualit\u00e9 Pourquoi descendons-nous dans la rue ? Manifestation le 22 novembre 2025 \u00e0 Berne Le syst\u00e8me de sant\u00e9 est en crise : cela ne peut\u2026 <\/p><\/div><\/a><div class=\"syn-post-terms\" style=\"display: none\"><a href=\"#\" class=\"syn-post-terms__link\" data-term-id=\"382\">Agenda<\/a> <\/div>\n\n\n<\/li><\/ul>\n\n\n\n<\/div>\n<\/div>\n<\/div>\n","protected":false},"excerpt":{"rendered":"<p>Agenda Programme d&rsquo;activit\u00e9s Groupes des retrait\u00e9s<\/p>\n","protected":false},"author":16,"featured_media":0,"parent":21708,"menu_order":0,"comment_status":"closed","ping_status":"closed","template":"","meta":{"_acf_changed":false,"inline_featured_image":false,"_coblocks_attr":"","_coblocks_dimensions":"","_coblocks_responsive_height":"","_coblocks_accordion_ie_support":"","footnotes":""},"categories":[102],"class_list":["post-30680","page","type-page","status-publish","hentry","category-retraite-es"],"acf":[],"yoast_head":"<!-- This site is optimized with the Yoast SEO plugin v27.3 - https:\/\/yoast.com\/product\/yoast-seo-wordpress\/ -->\n<title>Agenda - syndicom<\/title>\n<meta name=\"robots\" content=\"index, follow, max-snippet:-1, max-image-preview:large, max-video-preview:-1\" \/>\n<link rel=\"canonical\" href=\"https:\/\/syndicom.ch\/fr\/retraitees\/groupes\/agenda\/\" \/>\n<meta property=\"og:locale\" content=\"fr_FR\" \/>\n<meta property=\"og:type\" content=\"article\" \/>\n<meta property=\"og:title\" content=\"Agenda - syndicom\" \/>\n<meta property=\"og:description\" content=\"Agenda Programme d&rsquo;activit\u00e9s Groupes des retrait\u00e9s\" \/>\n<meta property=\"og:url\" content=\"https:\/\/syndicom.ch\/fr\/retraitees\/groupes\/agenda\/\" \/>\n<meta property=\"og:site_name\" content=\"syndicom\" \/>\n<meta property=\"article:modified_time\" content=\"2026-01-29T15:03:41+00:00\" \/>\n<meta name=\"twitter:card\" content=\"summary_large_image\" \/>\n<meta name=\"twitter:label1\" content=\"Dur\u00e9e de lecture estim\u00e9e\" \/>\n\t<meta name=\"twitter:data1\" content=\"1 minute\" \/>\n<script type=\"application\/ld+json\" class=\"yoast-schema-graph\">{\"@context\":\"https:\\\/\\\/schema.org\",\"@graph\":[{\"@type\":\"WebPage\",\"@id\":\"https:\\\/\\\/syndicom.ch\\\/fr\\\/retraitees\\\/groupes\\\/agenda\\\/\",\"url\":\"https:\\\/\\\/syndicom.ch\\\/fr\\\/retraitees\\\/groupes\\\/agenda\\\/\",\"name\":\"Agenda - syndicom\",\"isPartOf\":{\"@id\":\"https:\\\/\\\/syndicom.ch\\\/fr\\\/#website\"},\"datePublished\":\"2025-02-20T15:54:27+00:00\",\"dateModified\":\"2026-01-29T15:03:41+00:00\",\"breadcrumb\":{\"@id\":\"https:\\\/\\\/syndicom.ch\\\/fr\\\/retraitees\\\/groupes\\\/agenda\\\/#breadcrumb\"},\"inLanguage\":\"fr-FR\",\"potentialAction\":[{\"@type\":\"ReadAction\",\"target\":[\"https:\\\/\\\/syndicom.ch\\\/fr\\\/retraitees\\\/groupes\\\/agenda\\\/\"]}]},{\"@type\":\"BreadcrumbList\",\"@id\":\"https:\\\/\\\/syndicom.ch\\\/fr\\\/retraitees\\\/groupes\\\/agenda\\\/#breadcrumb\",\"itemListElement\":[{\"@type\":\"ListItem\",\"position\":1,\"name\":\"Page d'accueil\",\"item\":\"https:\\\/\\\/syndicom.ch\\\/fr\\\/\"},{\"@type\":\"ListItem\",\"position\":2,\"name\":\"Retrait\u00e9-es\",\"item\":\"https:\\\/\\\/syndicom.ch\\\/fr\\\/retraitees\\\/\"},{\"@type\":\"ListItem\",\"position\":3,\"name\":\"Groupes\",\"item\":\"https:\\\/\\\/syndicom.ch\\\/fr\\\/retraitees\\\/groupes\\\/\"},{\"@type\":\"ListItem\",\"position\":4,\"name\":\"Agenda\"}]},{\"@type\":\"WebSite\",\"@id\":\"https:\\\/\\\/syndicom.ch\\\/fr\\\/#website\",\"url\":\"https:\\\/\\\/syndicom.ch\\\/fr\\\/\",\"name\":\"syndicom\",\"description\":\"\",\"publisher\":{\"@id\":\"https:\\\/\\\/syndicom.ch\\\/fr\\\/#organization\"},\"potentialAction\":[{\"@type\":\"SearchAction\",\"target\":{\"@type\":\"EntryPoint\",\"urlTemplate\":\"https:\\\/\\\/syndicom.ch\\\/fr\\\/?s={search_term_string}\"},\"query-input\":{\"@type\":\"PropertyValueSpecification\",\"valueRequired\":true,\"valueName\":\"search_term_string\"}}],\"inLanguage\":\"fr-FR\"},{\"@type\":\"Organization\",\"@id\":\"https:\\\/\\\/syndicom.ch\\\/fr\\\/#organization\",\"name\":\"syndicom\",\"url\":\"https:\\\/\\\/syndicom.ch\\\/fr\\\/\",\"logo\":{\"@type\":\"ImageObject\",\"inLanguage\":\"fr-FR\",\"@id\":\"https:\\\/\\\/syndicom.ch\\\/fr\\\/#\\\/schema\\\/logo\\\/image\\\/\",\"url\":\"https:\\\/\\\/syndicom.ch\\\/app\\\/uploads\\\/2024\\\/06\\\/logo.svg\",\"contentUrl\":\"https:\\\/\\\/syndicom.ch\\\/app\\\/uploads\\\/2024\\\/06\\\/logo.svg\",\"width\":297,\"height\":51,\"caption\":\"syndicom\"},\"image\":{\"@id\":\"https:\\\/\\\/syndicom.ch\\\/fr\\\/#\\\/schema\\\/logo\\\/image\\\/\"}}]}<\/script>\n<!-- \/ Yoast SEO plugin. -->","yoast_head_json":{"title":"Agenda - syndicom","robots":{"index":"index","follow":"follow","max-snippet":"max-snippet:-1","max-image-preview":"max-image-preview:large","max-video-preview":"max-video-preview:-1"},"canonical":"https:\/\/syndicom.ch\/fr\/retraitees\/groupes\/agenda\/","og_locale":"fr_FR","og_type":"article","og_title":"Agenda - syndicom","og_description":"Agenda Programme d&rsquo;activit\u00e9s Groupes des retrait\u00e9s","og_url":"https:\/\/syndicom.ch\/fr\/retraitees\/groupes\/agenda\/","og_site_name":"syndicom","article_modified_time":"2026-01-29T15:03:41+00:00","twitter_card":"summary_large_image","twitter_misc":{"Dur\u00e9e de lecture estim\u00e9e":"1 minute"},"schema":{"@context":"https:\/\/schema.org","@graph":[{"@type":"WebPage","@id":"https:\/\/syndicom.ch\/fr\/retraitees\/groupes\/agenda\/","url":"https:\/\/syndicom.ch\/fr\/retraitees\/groupes\/agenda\/","name":"Agenda - syndicom","isPartOf":{"@id":"https:\/\/syndicom.ch\/fr\/#website"},"datePublished":"2025-02-20T15:54:27+00:00","dateModified":"2026-01-29T15:03:41+00:00","breadcrumb":{"@id":"https:\/\/syndicom.ch\/fr\/retraitees\/groupes\/agenda\/#breadcrumb"},"inLanguage":"fr-FR","potentialAction":[{"@type":"ReadAction","target":["https:\/\/syndicom.ch\/fr\/retraitees\/groupes\/agenda\/"]}]},{"@type":"BreadcrumbList","@id":"https:\/\/syndicom.ch\/fr\/retraitees\/groupes\/agenda\/#breadcrumb","itemListElement":[{"@type":"ListItem","position":1,"name":"Page d'accueil","item":"https:\/\/syndicom.ch\/fr\/"},{"@type":"ListItem","position":2,"name":"Retrait\u00e9-es","item":"https:\/\/syndicom.ch\/fr\/retraitees\/"},{"@type":"ListItem","position":3,"name":"Groupes","item":"https:\/\/syndicom.ch\/fr\/retraitees\/groupes\/"},{"@type":"ListItem","position":4,"name":"Agenda"}]},{"@type":"WebSite","@id":"https:\/\/syndicom.ch\/fr\/#website","url":"https:\/\/syndicom.ch\/fr\/","name":"syndicom","description":"","publisher":{"@id":"https:\/\/syndicom.ch\/fr\/#organization"},"potentialAction":[{"@type":"SearchAction","target":{"@type":"EntryPoint","urlTemplate":"https:\/\/syndicom.ch\/fr\/?s={search_term_string}"},"query-input":{"@type":"PropertyValueSpecification","valueRequired":true,"valueName":"search_term_string"}}],"inLanguage":"fr-FR"},{"@type":"Organization","@id":"https:\/\/syndicom.ch\/fr\/#organization","name":"syndicom","url":"https:\/\/syndicom.ch\/fr\/","logo":{"@type":"ImageObject","inLanguage":"fr-FR","@id":"https:\/\/syndicom.ch\/fr\/#\/schema\/logo\/image\/","url":"https:\/\/syndicom.ch\/app\/uploads\/2024\/06\/logo.svg","contentUrl":"https:\/\/syndicom.ch\/app\/uploads\/2024\/06\/logo.svg","width":297,"height":51,"caption":"syndicom"},"image":{"@id":"https:\/\/syndicom.ch\/fr\/#\/schema\/logo\/image\/"}}]}},"_links":{"self":[{"href":"https:\/\/syndicom.ch\/fr\/wp-json\/wp\/v2\/pages\/30680","targetHints":{"allow":["GET"]}}],"collection":[{"href":"https:\/\/syndicom.ch\/fr\/wp-json\/wp\/v2\/pages"}],"about":[{"href":"https:\/\/syndicom.ch\/fr\/wp-json\/wp\/v2\/types\/page"}],"author":[{"embeddable":true,"href":"https:\/\/syndicom.ch\/fr\/wp-json\/wp\/v2\/users\/16"}],"replies":[{"embeddable":true,"href":"https:\/\/syndicom.ch\/fr\/wp-json\/wp\/v2\/comments?post=30680"}],"version-history":[{"count":6,"href":"https:\/\/syndicom.ch\/fr\/wp-json\/wp\/v2\/pages\/30680\/revisions"}],"predecessor-version":[{"id":56264,"href":"https:\/\/syndicom.ch\/fr\/wp-json\/wp\/v2\/pages\/30680\/revisions\/56264"}],"up":[{"embeddable":true,"href":"https:\/\/syndicom.ch\/fr\/wp-json\/wp\/v2\/pages\/21708"}],"wp:attachment":[{"href":"https:\/\/syndicom.ch\/fr\/wp-json\/wp\/v2\/media?parent=30680"}],"wp:term":[{"taxonomy":"category","embeddable":true,"href":"https:\/\/syndicom.ch\/fr\/wp-json\/wp\/v2\/categories?post=30680"}],"curies":[{"name":"wp","href":"https:\/\/api.w.org\/{rel}","templated":true}]}}