{"id":37878,"date":"2025-05-21T09:09:26","date_gmt":"2025-05-21T07:09:26","guid":{"rendered":"https:\/\/syndicom.ch\/?page_id=37878"},"modified":"2026-02-04T14:18:25","modified_gmt":"2026-02-04T13:18:25","slug":"sixt","status":"publish","type":"page","link":"https:\/\/syndicom.ch\/fr\/tes-avantages\/sixt\/","title":{"rendered":"SIXT"},"content":{"rendered":"\n<div class=\"wp-block-group alignfull has-background-color has-primary-background-color has-text-color has-background has-link-color wp-elements-38c7be876c1310e014c2f550b7141279 is-layout-constrained wp-block-group-is-layout-constrained\">\n<div class=\"wp-block-group is-style-narrow is-layout-constrained wp-block-group-is-layout-constrained\">\n<div class=\"wp-block-columns is-layout-flex wp-container-core-columns-is-layout-9d6595d7 wp-block-columns-is-layout-flex\">\n<div class=\"wp-block-column is-layout-flow wp-block-column-is-layout-flow\" style=\"flex-basis:70%\">\n<h1 class=\"wp-block-heading\">SIXT<\/h1>\n\n\n\n<p class=\"is-style-lead\">Jusqu\u2019\u00e0 15 % de r\u00e9duction sur ta prochaine location de voiture<\/p>\n<\/div>\n<\/div>\n<\/div>\n<\/div>\n\n\n\n<div class=\"wp-block-group alignfull has-background-background-color has-background is-layout-constrained wp-block-group-is-layout-constrained\">\n<div class=\"wp-block-group is-style-narrow is-layout-constrained wp-block-group-is-layout-constrained\">\n<h2 class=\"wp-block-heading\">syndicom &amp; SIXT \u2013 la mobilit\u00e9 avec des avantages<\/h2>\n\n\n\n<p>D\u00e9couvre la libert\u00e9 avec SIXT \u2013 au volant d\u2019une voiture parfaitement adapt\u00e9e \u00e0 ton aventure. Que ce soit une voiture de sport rapide ou un SUV confortable pour la montagne !<\/p>\n\n\n\n<p>Alors, qu\u2019est-ce que tu attends ? <strong>Ton road trip commence ici et maintenant !<\/strong><\/p>\n\n\n\n<p class=\"has-text-align-center has-tertiary-background-color has-background\"><a href=\"https:\/\/www.sixt.fr\/partners\/syndicom\" target=\"_blank\" rel=\"noreferrer noopener nofollow\">https:\/\/www.sixt.fr\/partners\/syndicom<\/a><\/p>\n\n\n\n<h2 class=\"wp-block-heading\">Tes avantages avec SIXT<\/h2>\n\n\n\n<ul class=\"wp-block-list\">\n<li>15 % de r\u00e9duction en CH \/ AT \/ DE \/ FR \/ IT \/ UK \/ US \/ ES \/ BENELUX<\/li>\n\n\n\n<li>10 % de r\u00e9duction sur la flotte Van &amp; Truck avec d\u00e9part en Suisse<\/li>\n\n\n\n<li>10 % de r\u00e9duction dans tous les autres pays de location SIXT<\/li>\n<\/ul>\n\n\n\n<figure class=\"wp-block-image alignfull size-large\"><img loading=\"lazy\" decoding=\"async\" width=\"1024\" height=\"683\" src=\"https:\/\/syndicom.ch\/app\/uploads\/2025\/05\/gewerkschaft-syndicom-autos-partner-sixt-1024x683.png\" alt=\"\" class=\"wp-image-37754\" srcset=\"https:\/\/syndicom.ch\/app\/uploads\/2025\/05\/gewerkschaft-syndicom-autos-partner-sixt-1024x683.png 1024w, https:\/\/syndicom.ch\/app\/uploads\/2025\/05\/gewerkschaft-syndicom-autos-partner-sixt-300x200.png 300w, https:\/\/syndicom.ch\/app\/uploads\/2025\/05\/gewerkschaft-syndicom-autos-partner-sixt-768x512.png 768w, https:\/\/syndicom.ch\/app\/uploads\/2025\/05\/gewerkschaft-syndicom-autos-partner-sixt.png 1500w\" sizes=\"auto, (max-width: 1024px) 100vw, 1024px\" \/><\/figure>\n<\/div>\n<\/div>\n\n\n\n<div class=\"wp-block-group alignfull is-style-default has-background-color has-primary-background-color has-text-color has-background has-link-color wp-elements-6e4eb64d055b811d2f95f400bd9db66c is-layout-constrained wp-block-group-is-layout-constrained\">\n<div class=\"wp-block-media-text is-style-default\" style=\"grid-template-columns:26% auto\"><figure class=\"wp-block-media-text__media\"><a href=\"https:\/\/my.syndicom.ch\/adhesion\" target=\"_blank\" rel=\" noreferrer noopener\"><img loading=\"lazy\" decoding=\"async\" width=\"1024\" height=\"964\" src=\"https:\/\/syndicom.ch\/app\/uploads\/2025\/02\/vorteile-1024x964-2.webp\" alt=\"\" class=\"wp-image-27435 size-full\" srcset=\"https:\/\/syndicom.ch\/app\/uploads\/2025\/02\/vorteile-1024x964-2.webp 1024w, https:\/\/syndicom.ch\/app\/uploads\/2025\/02\/vorteile-1024x964-2-300x282.webp 300w, https:\/\/syndicom.ch\/app\/uploads\/2025\/02\/vorteile-1024x964-2-768x723.webp 768w\" sizes=\"auto, (max-width: 1024px) 100vw, 1024px\" \/><\/a><\/figure><div class=\"wp-block-media-text__content\">\n<h2 class=\"wp-block-heading\"><strong>Comme membre de syndicom, tu profites d\u2019avantages<\/strong><\/h2>\n\n\n\n<p>Tu renforces notre syndicat et donc aussi ta position professionnelle. Ainsi, tu b\u00e9n\u00e9ficies d\u2019une protection, d\u2019un soutien et de rabais attrayants.<\/p>\n\n\n\n<p><\/p>\n\n\n\n<p><\/p>\n<\/div><\/div>\n\n\n\n<div class=\"wp-block-buttons is-content-justification-center is-layout-flex wp-container-core-buttons-is-layout-16018d1d wp-block-buttons-is-layout-flex\">\n<div class=\"wp-block-button is-style-syn-member-cta\"><a class=\"wp-block-button__link wp-element-button\" href=\"https:\/\/my.syndicom.ch\/adhesion\" target=\"_blank\" rel=\"noreferrer noopener\">Deviens membre<\/a><\/div>\n\n\n\n<div class=\"wp-block-button is-style-outline is-style-outline--1\"><a class=\"wp-block-button__link has-background-color has-text-color has-link-color wp-element-button\" href=\"https:\/\/syndicom.ch\/fr\/faq-affiliation\/\" target=\"_blank\" rel=\"noreferrer noopener\">Avantages et infos sur l&rsquo;adh\u00e9sion<\/a><\/div>\n<\/div>\n<\/div>\n","protected":false},"excerpt":{"rendered":"<p>syndicom &amp; SIXT \u2013 la mobilit\u00e9 avec des avantages D\u00e9couvre la libert\u00e9 avec SIXT \u2013 au volant d\u2019une voiture parfaitement adapt\u00e9e \u00e0 ton aventure. Que ce soit une voiture de sport rapide ou un SUV confortable pour la montagne ! Alors, qu\u2019est-ce que tu attends ? Ton road trip commence ici et maintenant ! https:\/\/www.sixt.fr\/partners\/syndicom [&hellip;]<\/p>\n","protected":false},"author":3,"featured_media":0,"parent":45049,"menu_order":0,"comment_status":"closed","ping_status":"closed","template":"","meta":{"_acf_changed":false,"inline_featured_image":false,"_coblocks_attr":"","_coblocks_dimensions":"","_coblocks_responsive_height":"","_coblocks_accordion_ie_support":"","footnotes":""},"categories":[358],"class_list":["post-37878","page","type-page","status-publish","hentry","category-tes-avantages"],"acf":[],"yoast_head":"<!-- This site is optimized with the Yoast SEO plugin v27.3 - https:\/\/yoast.com\/product\/yoast-seo-wordpress\/ -->\n<title>SIXT - syndicom<\/title>\n<meta name=\"description\" content=\"En tant que membre de syndicom, tu profites, entre autres, d&#039;une r\u00e9duction jusqu&#039;\u00e0 15 % chez SIXT sur ta prochaine location de voiture.\" \/>\n<meta name=\"robots\" content=\"index, follow, max-snippet:-1, max-image-preview:large, max-video-preview:-1\" \/>\n<link rel=\"canonical\" href=\"https:\/\/syndicom.ch\/fr\/tes-avantages\/sixt\/\" \/>\n<meta property=\"og:locale\" content=\"fr_FR\" \/>\n<meta property=\"og:type\" content=\"article\" \/>\n<meta property=\"og:title\" content=\"SIXT - syndicom\" \/>\n<meta property=\"og:description\" content=\"En tant que membre de syndicom, tu profites, entre autres, d&#039;une r\u00e9duction jusqu&#039;\u00e0 15 % chez SIXT sur ta prochaine location de voiture.\" \/>\n<meta property=\"og:url\" content=\"https:\/\/syndicom.ch\/fr\/tes-avantages\/sixt\/\" \/>\n<meta property=\"og:site_name\" content=\"syndicom\" \/>\n<meta property=\"article:modified_time\" content=\"2026-02-04T13:18:25+00:00\" \/>\n<meta property=\"og:image\" content=\"https:\/\/syndicom.ch\/app\/uploads\/2025\/05\/gewerkschaft-syndicom-autos-partner-sixt-1024x683.png\" \/>\n<meta name=\"twitter:card\" content=\"summary_large_image\" \/>\n<meta name=\"twitter:label1\" content=\"Dur\u00e9e de lecture estim\u00e9e\" \/>\n\t<meta name=\"twitter:data1\" content=\"2 minutes\" \/>\n<script type=\"application\/ld+json\" class=\"yoast-schema-graph\">{\"@context\":\"https:\\\/\\\/schema.org\",\"@graph\":[{\"@type\":\"WebPage\",\"@id\":\"https:\\\/\\\/syndicom.ch\\\/fr\\\/tes-avantages\\\/sixt\\\/\",\"url\":\"https:\\\/\\\/syndicom.ch\\\/fr\\\/tes-avantages\\\/sixt\\\/\",\"name\":\"SIXT - syndicom\",\"isPartOf\":{\"@id\":\"https:\\\/\\\/syndicom.ch\\\/fr\\\/#website\"},\"primaryImageOfPage\":{\"@id\":\"https:\\\/\\\/syndicom.ch\\\/fr\\\/tes-avantages\\\/sixt\\\/#primaryimage\"},\"image\":{\"@id\":\"https:\\\/\\\/syndicom.ch\\\/fr\\\/tes-avantages\\\/sixt\\\/#primaryimage\"},\"thumbnailUrl\":\"https:\\\/\\\/syndicom.ch\\\/app\\\/uploads\\\/2025\\\/05\\\/gewerkschaft-syndicom-autos-partner-sixt-1024x683.png\",\"datePublished\":\"2025-05-21T07:09:26+00:00\",\"dateModified\":\"2026-02-04T13:18:25+00:00\",\"description\":\"En tant que membre de syndicom, tu profites, entre autres, d'une r\u00e9duction jusqu'\u00e0 15 % chez SIXT sur ta prochaine location de voiture.\",\"breadcrumb\":{\"@id\":\"https:\\\/\\\/syndicom.ch\\\/fr\\\/tes-avantages\\\/sixt\\\/#breadcrumb\"},\"inLanguage\":\"fr-FR\",\"potentialAction\":[{\"@type\":\"ReadAction\",\"target\":[\"https:\\\/\\\/syndicom.ch\\\/fr\\\/tes-avantages\\\/sixt\\\/\"]}]},{\"@type\":\"ImageObject\",\"inLanguage\":\"fr-FR\",\"@id\":\"https:\\\/\\\/syndicom.ch\\\/fr\\\/tes-avantages\\\/sixt\\\/#primaryimage\",\"url\":\"https:\\\/\\\/syndicom.ch\\\/app\\\/uploads\\\/2025\\\/05\\\/gewerkschaft-syndicom-autos-partner-sixt-1024x683.png\",\"contentUrl\":\"https:\\\/\\\/syndicom.ch\\\/app\\\/uploads\\\/2025\\\/05\\\/gewerkschaft-syndicom-autos-partner-sixt-1024x683.png\"},{\"@type\":\"BreadcrumbList\",\"@id\":\"https:\\\/\\\/syndicom.ch\\\/fr\\\/tes-avantages\\\/sixt\\\/#breadcrumb\",\"itemListElement\":[{\"@type\":\"ListItem\",\"position\":1,\"name\":\"Page d'accueil\",\"item\":\"https:\\\/\\\/syndicom.ch\\\/fr\\\/\"},{\"@type\":\"ListItem\",\"position\":2,\"name\":\"Tes avantages\",\"item\":\"https:\\\/\\\/syndicom.ch\\\/fr\\\/tes-avantages\\\/\"},{\"@type\":\"ListItem\",\"position\":3,\"name\":\"SIXT\"}]},{\"@type\":\"WebSite\",\"@id\":\"https:\\\/\\\/syndicom.ch\\\/fr\\\/#website\",\"url\":\"https:\\\/\\\/syndicom.ch\\\/fr\\\/\",\"name\":\"syndicom\",\"description\":\"\",\"publisher\":{\"@id\":\"https:\\\/\\\/syndicom.ch\\\/fr\\\/#organization\"},\"potentialAction\":[{\"@type\":\"SearchAction\",\"target\":{\"@type\":\"EntryPoint\",\"urlTemplate\":\"https:\\\/\\\/syndicom.ch\\\/fr\\\/?s={search_term_string}\"},\"query-input\":{\"@type\":\"PropertyValueSpecification\",\"valueRequired\":true,\"valueName\":\"search_term_string\"}}],\"inLanguage\":\"fr-FR\"},{\"@type\":\"Organization\",\"@id\":\"https:\\\/\\\/syndicom.ch\\\/fr\\\/#organization\",\"name\":\"syndicom\",\"url\":\"https:\\\/\\\/syndicom.ch\\\/fr\\\/\",\"logo\":{\"@type\":\"ImageObject\",\"inLanguage\":\"fr-FR\",\"@id\":\"https:\\\/\\\/syndicom.ch\\\/fr\\\/#\\\/schema\\\/logo\\\/image\\\/\",\"url\":\"https:\\\/\\\/syndicom.ch\\\/app\\\/uploads\\\/2024\\\/06\\\/logo.svg\",\"contentUrl\":\"https:\\\/\\\/syndicom.ch\\\/app\\\/uploads\\\/2024\\\/06\\\/logo.svg\",\"width\":297,\"height\":51,\"caption\":\"syndicom\"},\"image\":{\"@id\":\"https:\\\/\\\/syndicom.ch\\\/fr\\\/#\\\/schema\\\/logo\\\/image\\\/\"}}]}<\/script>\n<!-- \/ Yoast SEO plugin. -->","yoast_head_json":{"title":"SIXT - syndicom","description":"En tant que membre de syndicom, tu profites, entre autres, d'une r\u00e9duction jusqu'\u00e0 15 % chez SIXT sur ta prochaine location de voiture.","robots":{"index":"index","follow":"follow","max-snippet":"max-snippet:-1","max-image-preview":"max-image-preview:large","max-video-preview":"max-video-preview:-1"},"canonical":"https:\/\/syndicom.ch\/fr\/tes-avantages\/sixt\/","og_locale":"fr_FR","og_type":"article","og_title":"SIXT - syndicom","og_description":"En tant que membre de syndicom, tu profites, entre autres, d'une r\u00e9duction jusqu'\u00e0 15 % chez SIXT sur ta prochaine location de voiture.","og_url":"https:\/\/syndicom.ch\/fr\/tes-avantages\/sixt\/","og_site_name":"syndicom","article_modified_time":"2026-02-04T13:18:25+00:00","og_image":[{"url":"https:\/\/syndicom.ch\/app\/uploads\/2025\/05\/gewerkschaft-syndicom-autos-partner-sixt-1024x683.png","type":"","width":"","height":""}],"twitter_card":"summary_large_image","twitter_misc":{"Dur\u00e9e de lecture estim\u00e9e":"2 minutes"},"schema":{"@context":"https:\/\/schema.org","@graph":[{"@type":"WebPage","@id":"https:\/\/syndicom.ch\/fr\/tes-avantages\/sixt\/","url":"https:\/\/syndicom.ch\/fr\/tes-avantages\/sixt\/","name":"SIXT - syndicom","isPartOf":{"@id":"https:\/\/syndicom.ch\/fr\/#website"},"primaryImageOfPage":{"@id":"https:\/\/syndicom.ch\/fr\/tes-avantages\/sixt\/#primaryimage"},"image":{"@id":"https:\/\/syndicom.ch\/fr\/tes-avantages\/sixt\/#primaryimage"},"thumbnailUrl":"https:\/\/syndicom.ch\/app\/uploads\/2025\/05\/gewerkschaft-syndicom-autos-partner-sixt-1024x683.png","datePublished":"2025-05-21T07:09:26+00:00","dateModified":"2026-02-04T13:18:25+00:00","description":"En tant que membre de syndicom, tu profites, entre autres, d'une r\u00e9duction jusqu'\u00e0 15 % chez SIXT sur ta prochaine location de voiture.","breadcrumb":{"@id":"https:\/\/syndicom.ch\/fr\/tes-avantages\/sixt\/#breadcrumb"},"inLanguage":"fr-FR","potentialAction":[{"@type":"ReadAction","target":["https:\/\/syndicom.ch\/fr\/tes-avantages\/sixt\/"]}]},{"@type":"ImageObject","inLanguage":"fr-FR","@id":"https:\/\/syndicom.ch\/fr\/tes-avantages\/sixt\/#primaryimage","url":"https:\/\/syndicom.ch\/app\/uploads\/2025\/05\/gewerkschaft-syndicom-autos-partner-sixt-1024x683.png","contentUrl":"https:\/\/syndicom.ch\/app\/uploads\/2025\/05\/gewerkschaft-syndicom-autos-partner-sixt-1024x683.png"},{"@type":"BreadcrumbList","@id":"https:\/\/syndicom.ch\/fr\/tes-avantages\/sixt\/#breadcrumb","itemListElement":[{"@type":"ListItem","position":1,"name":"Page d'accueil","item":"https:\/\/syndicom.ch\/fr\/"},{"@type":"ListItem","position":2,"name":"Tes avantages","item":"https:\/\/syndicom.ch\/fr\/tes-avantages\/"},{"@type":"ListItem","position":3,"name":"SIXT"}]},{"@type":"WebSite","@id":"https:\/\/syndicom.ch\/fr\/#website","url":"https:\/\/syndicom.ch\/fr\/","name":"syndicom","description":"","publisher":{"@id":"https:\/\/syndicom.ch\/fr\/#organization"},"potentialAction":[{"@type":"SearchAction","target":{"@type":"EntryPoint","urlTemplate":"https:\/\/syndicom.ch\/fr\/?s={search_term_string}"},"query-input":{"@type":"PropertyValueSpecification","valueRequired":true,"valueName":"search_term_string"}}],"inLanguage":"fr-FR"},{"@type":"Organization","@id":"https:\/\/syndicom.ch\/fr\/#organization","name":"syndicom","url":"https:\/\/syndicom.ch\/fr\/","logo":{"@type":"ImageObject","inLanguage":"fr-FR","@id":"https:\/\/syndicom.ch\/fr\/#\/schema\/logo\/image\/","url":"https:\/\/syndicom.ch\/app\/uploads\/2024\/06\/logo.svg","contentUrl":"https:\/\/syndicom.ch\/app\/uploads\/2024\/06\/logo.svg","width":297,"height":51,"caption":"syndicom"},"image":{"@id":"https:\/\/syndicom.ch\/fr\/#\/schema\/logo\/image\/"}}]}},"_links":{"self":[{"href":"https:\/\/syndicom.ch\/fr\/wp-json\/wp\/v2\/pages\/37878","targetHints":{"allow":["GET"]}}],"collection":[{"href":"https:\/\/syndicom.ch\/fr\/wp-json\/wp\/v2\/pages"}],"about":[{"href":"https:\/\/syndicom.ch\/fr\/wp-json\/wp\/v2\/types\/page"}],"author":[{"embeddable":true,"href":"https:\/\/syndicom.ch\/fr\/wp-json\/wp\/v2\/users\/3"}],"replies":[{"embeddable":true,"href":"https:\/\/syndicom.ch\/fr\/wp-json\/wp\/v2\/comments?post=37878"}],"version-history":[{"count":4,"href":"https:\/\/syndicom.ch\/fr\/wp-json\/wp\/v2\/pages\/37878\/revisions"}],"predecessor-version":[{"id":37887,"href":"https:\/\/syndicom.ch\/fr\/wp-json\/wp\/v2\/pages\/37878\/revisions\/37887"}],"up":[{"embeddable":true,"href":"https:\/\/syndicom.ch\/fr\/wp-json\/wp\/v2\/pages\/45049"}],"wp:attachment":[{"href":"https:\/\/syndicom.ch\/fr\/wp-json\/wp\/v2\/media?parent=37878"}],"wp:term":[{"taxonomy":"category","embeddable":true,"href":"https:\/\/syndicom.ch\/fr\/wp-json\/wp\/v2\/categories?post=37878"}],"curies":[{"name":"wp","href":"https:\/\/api.w.org\/{rel}","templated":true}]}}