{"id":38221,"date":"2025-06-03T13:51:55","date_gmt":"2025-06-03T11:51:55","guid":{"rendered":"https:\/\/syndicom.ch\/?page_id=38221"},"modified":"2026-04-07T17:51:21","modified_gmt":"2026-04-07T15:51:21","slug":"rent-a-bike","status":"publish","type":"page","link":"https:\/\/syndicom.ch\/fr\/tes-avantages\/rent-a-bike\/","title":{"rendered":"Rent a Bike"},"content":{"rendered":"\n<div class=\"wp-block-group alignfull has-background-color has-primary-background-color has-text-color has-background has-link-color wp-elements-38c7be876c1310e014c2f550b7141279 is-layout-constrained wp-block-group-is-layout-constrained\">\n<div class=\"wp-block-group is-style-narrow is-layout-constrained wp-block-group-is-layout-constrained\">\n<div class=\"wp-block-columns is-layout-flex wp-container-core-columns-is-layout-9d6595d7 wp-block-columns-is-layout-flex\">\n<div class=\"wp-block-column is-layout-flow wp-block-column-is-layout-flow\" style=\"flex-basis:70%\">\n<h1 class=\"wp-block-heading\">Rent a Bike<\/h1>\n\n\n\n<p class=\"is-style-lead\">R\u00e9duction sur les meilleurs v\u00e9los \u00e9lectriques<\/p>\n<\/div>\n<\/div>\n<\/div>\n<\/div>\n\n\n\n<div class=\"wp-block-group alignfull has-background-background-color has-background is-layout-constrained wp-block-group-is-layout-constrained\">\n<div class=\"wp-block-group is-style-narrow is-layout-constrained wp-block-group-is-layout-constrained\">\n<h2 class=\"wp-block-heading\"><strong><strong>Des avantages<\/strong><\/strong><\/h2>\n\n\n\n<p>En tant que membre de syndicom, tu b\u00e9n\u00e9ficies d&rsquo;une r\u00e9duction de 10 \u00e0 25 % sur l&rsquo;achat ou la location de v\u00e9los \u00e9lectriques.<\/p>\n\n\n\n<div class=\"wp-block-group is-style-narrow is-layout-constrained wp-block-group-is-layout-constrained\">\n<div class=\"wp-block-columns is-style-accordion has-background-background-color has-background is-layout-flex wp-container-core-columns-is-layout-9d6595d7 wp-block-columns-is-layout-flex\">\n<div class=\"wp-block-column has-background-background-color has-background is-layout-flow wp-block-column-is-layout-flow\">\n<h3 class=\"wp-block-heading has-primary-color has-text-color has-link-color wp-elements-e03ef62b6bbfc7e5f9a510a857186a2e\"><strong><strong>10% de rabais sur les mod\u00e8les d&rsquo;occasion<\/strong><\/strong><\/h3>\n<\/div>\n\n\n\n<div class=\"wp-block-column is-layout-flow wp-block-column-is-layout-flow\">\n<p class=\"is-style-default\">Nos v\u00e9los \u00e9lectriques des fabricants TOUR DE SUISSE, FLYER et STEVENS sont de qualit\u00e9 sup\u00e9rieure. Pendant la location, tous les v\u00e9los sont r\u00e9guli\u00e8rement entretenus. Apr\u00e8s un \u00e0 trois ans, nous les retirons, les r\u00e9visons et les proposons comme v\u00e9los d&rsquo;occasion dans leur deuxi\u00e8me cycle de vie. Essai gratuit dans diff\u00e9rents endroits de Suisse. Garantie d&rsquo;un an. <a href=\"http:\/\/www.occasionsvelo.ch\" target=\"_blank\" rel=\"noreferrer noopener nofollow\">www.occasionsvelo.ch<\/a><\/p>\n\n\n\n<div class=\"wp-block-buttons is-layout-flex wp-block-buttons-is-layout-flex\">\n<div class=\"wp-block-button is-style-external\"><a class=\"wp-block-button__link wp-element-button\" href=\"https:\/\/syndicom.ch\/app\/uploads\/2025\/06\/syndicat-syndicom-rentabike-infos-occasion.pdf\" target=\"_blank\" rel=\"noreferrer noopener nofollow\">D\u00e9roulement et proc\u00e9dure<\/a><\/div>\n<\/div>\n<\/div>\n<\/div>\n\n\n\n<hr class=\"wp-block-separator has-text-color has-primary-color has-alpha-channel-opacity has-primary-background-color has-background is-style-wide\"\/>\n\n\n\n<div class=\"wp-block-columns is-style-accordion has-background-background-color has-background is-layout-flex wp-container-core-columns-is-layout-9d6595d7 wp-block-columns-is-layout-flex\">\n<div class=\"wp-block-column has-background-background-color has-background is-layout-flow wp-block-column-is-layout-flow\">\n<h3 class=\"wp-block-heading has-primary-color has-text-color has-link-color wp-elements-67180bd15e08889a4031cb363b9c6508\"><strong><strong><strong>25% de r\u00e9duction sur les nouveaux v\u00e9los \u00e9lectriques<\/strong><\/strong><\/strong><\/h3>\n<\/div>\n\n\n\n<div class=\"wp-block-column is-layout-flow wp-block-column-is-layout-flow\">\n<p class=\"is-style-default\">Que ce soit pour des trajets pendulaires rapides, des tours de d\u00e9nivel\u00e9 exigeants ou des sorties tranquilles dans la nature, tu trouveras sur notre plateforme E-BikeNOW un grand choix de mod\u00e8les des marques TOUR DE SUISSE, FLYER ainsi que STEVENS Bikes, tous disponibles imm\u00e9diatement. <a href=\"http:\/\/www.e-bikenow.ch\">www.e-bikenow.ch<\/a><\/p>\n\n\n\n<div class=\"wp-block-buttons is-layout-flex wp-block-buttons-is-layout-flex\">\n<div class=\"wp-block-button is-style-external\"><a class=\"wp-block-button__link wp-element-button\" href=\"https:\/\/syndicom.ch\/app\/uploads\/2025\/06\/syndicat-syndicom-rentabike-infos-ebikenow.pdf\" target=\"_blank\" rel=\"noreferrer noopener nofollow\">D\u00e9roulement et proc\u00e9dure<\/a><\/div>\n<\/div>\n<\/div>\n<\/div>\n\n\n\n<hr class=\"wp-block-separator has-text-color has-primary-color has-alpha-channel-opacity has-primary-background-color has-background is-style-wide\"\/>\n\n\n\n<div class=\"wp-block-columns is-style-accordion has-background-background-color has-background is-layout-flex wp-container-core-columns-is-layout-9d6595d7 wp-block-columns-is-layout-flex\">\n<div class=\"wp-block-column has-background-background-color has-background is-layout-flow wp-block-column-is-layout-flow\">\n<h3 class=\"wp-block-heading has-primary-color has-text-color has-link-color wp-elements-51cefb8500012b203990b4384b1597c1\"><strong><strong><strong><strong>10% de r\u00e9duction sur les locations de longue dur\u00e9e<\/strong><\/strong><\/strong><\/strong><\/h3>\n<\/div>\n\n\n\n<div class=\"wp-block-column is-layout-flow wp-block-column-is-layout-flow\">\n<p class=\"is-style-default\">Tu as d\u00e9j\u00e0 pens\u00e9 \u00e0 utiliser un v\u00e9lo \u00e9lectrique rapide pour aller au travail pendant l&rsquo;\u00e9t\u00e9, mais tu ne veux pas en acheter un tout de suite ? Ou bien tu as toujours eu envie de monter la montagne de ta maison et de la redescendre par un trail avec un Fully ? Oui ? Alors loue un v\u00e9lo et profite de notre rapport qualit\u00e9-prix imbattable, entretien et pack de protection inclus. Location \u00e0 long terme \u00e0 partir d&rsquo;un mois.  <a href=\"https:\/\/www.rentabike.ch\/fr\/location-a-long-duree\/offre\" target=\"_blank\" rel=\"noreferrer noopener nofollow\">https:\/\/www.rentabike.ch\/fr\/location-a-long-duree\/offre<\/a><\/p>\n\n\n\n<div class=\"wp-block-buttons is-layout-flex wp-block-buttons-is-layout-flex\">\n<div class=\"wp-block-button is-style-external\"><a class=\"wp-block-button__link wp-element-button\" href=\"https:\/\/syndicom.ch\/app\/uploads\/2025\/06\/syndicat-syndicom-rentabike-infos-longue-duree.pdf\" target=\"_blank\" rel=\"noreferrer noopener nofollow\">D\u00e9roulement et proc\u00e9dure<\/a><\/div>\n<\/div>\n<\/div>\n<\/div>\n<\/div>\n\n\n\n<hr class=\"wp-block-separator has-text-color has-primary-color has-alpha-channel-opacity has-primary-background-color has-background is-style-wide\"\/>\n\n\n\n<p><em>Les rabais permanents ne sont pas cumulables avec des rabais sp\u00e9ciaux temporaires. Les frais de livraison sont exclus du rabais.<\/em><\/p>\n\n\n\n<p class=\"has-text-align-center has-tertiary-background-color has-background\">Pour plus d&rsquo;informations: <a href=\"tel:+4141 925 11 70\">041 925 11 70<\/a> ou <a href=\"mailto:info@rentabike.ch\">info@rentabike.ch<\/a>.<\/p>\n<\/div>\n<\/div>\n\n\n\n<div class=\"wp-block-group alignfull has-tertiary-background-color has-background is-layout-constrained wp-block-group-is-layout-constrained\">\n<div class=\"wp-block-group is-style-narrow is-layout-constrained wp-block-group-is-layout-constrained\">\n<h2 class=\"wp-block-heading\"><strong><strong>Tu n&rsquo;es pas encore membre de syndicom ?<\/strong><\/strong><\/h2>\n\n\n\n<p>C&rsquo;est donc le moment id\u00e9al pour devenir membre de syndicom et profiter de cette offre attrayante de Rent a Bike, ainsi que de nombreux autres avantages.<\/p>\n\n\n\n<div class=\"wp-block-buttons is-layout-flex wp-block-buttons-is-layout-flex\">\n<div class=\"wp-block-button is-style-syn-member-cta\"><a class=\"wp-block-button__link wp-element-button\" href=\"https:\/\/my.syndicom.ch\/adhesion\" target=\"_blank\" rel=\"noreferrer noopener\"><strong>Deviens membre maintenant et profite<\/strong><\/a><\/div>\n\n\n\n<div class=\"wp-block-button is-style-outline is-style-outline--1\"><a class=\"wp-block-button__link has-primary-color has-primary-background-color has-text-color has-background has-link-color wp-element-button\" href=\"https:\/\/syndicom.ch\/fr\/faq-affiliation\/\" target=\"_blank\" rel=\"noreferrer noopener\"><strong>Aper\u00e7u des avantages<\/strong><\/a><\/div>\n<\/div>\n<\/div>\n<\/div>\n\n\n\n<div class=\"wp-block-group alignfull has-background-background-color has-background is-layout-constrained wp-block-group-is-layout-constrained\">\n<div class=\"wp-block-group is-style-narrow is-layout-constrained wp-block-group-is-layout-constrained\">\n<div class=\"wp-block-columns is-layout-flex wp-container-core-columns-is-layout-9d6595d7 wp-block-columns-is-layout-flex\">\n<div class=\"wp-block-column is-layout-flow wp-block-column-is-layout-flow\">\n<h2 class=\"wp-block-heading\"><strong>Rent a Bike AG<\/strong> <\/h2>\n\n\n\n<p><a href=\"http:\/\/www.rentabike.ch\">www.rentabike.ch<\/a><\/p>\n\n\n\n<p class=\"has-text-align-left\">L&rsquo;entreprise suisse est leader dans la location de v\u00e9los \u00e9lectriques depuis plus de 35 ans. Elle propose \u00e9galement \u00e0 la vente des v\u00e9los et des v\u00e9los \u00e9lectriques neufs et d&rsquo;occasion. La location \u00e0 long terme pour les particuliers et les entreprises est \u00e9galement un \u00e9l\u00e9ment central de l&rsquo;offre. Rent a Bike mise sur les v\u00e9los \u00e9lectriques de haute qualit\u00e9 des marques renomm\u00e9es <a href=\"https:\/\/www.tds-velo.ch\" target=\"_blank\" rel=\"noreferrer noopener nofollow\">TOUR DE SUISSE<\/a>, <a href=\"https:\/\/www.flyer-bikes.com\/de-ch\" target=\"_blank\" rel=\"noreferrer noopener nofollow\">FLYER<\/a> et <a href=\"https:\/\/www.stevensbikes.de\/de\/ch\/\" target=\"_blank\" rel=\"noreferrer noopener nofollow\">STEVENS Bikes<\/a>.<\/p>\n<\/div>\n<\/div>\n<\/div>\n<\/div>\n","protected":false},"excerpt":{"rendered":"<p>Des avantages En tant que membre de syndicom, tu b\u00e9n\u00e9ficies d&rsquo;une r\u00e9duction de 10 \u00e0 25 % sur l&rsquo;achat ou la location de v\u00e9los \u00e9lectriques. 10% de rabais sur les mod\u00e8les d&rsquo;occasion Nos v\u00e9los \u00e9lectriques des fabricants TOUR DE SUISSE, FLYER et STEVENS sont de qualit\u00e9 sup\u00e9rieure. Pendant la location, tous les v\u00e9los sont r\u00e9guli\u00e8rement [&hellip;]<\/p>\n","protected":false},"author":3,"featured_media":0,"parent":45049,"menu_order":0,"comment_status":"closed","ping_status":"closed","template":"","meta":{"_acf_changed":false,"_coblocks_attr":"","_coblocks_dimensions":"","_coblocks_responsive_height":"","_coblocks_accordion_ie_support":"","inline_featured_image":false,"footnotes":""},"categories":[358],"class_list":["post-38221","page","type-page","status-publish","hentry","category-tes-avantages"],"acf":[],"yoast_head":"<!-- This site is optimized with the Yoast SEO plugin v27.3 - https:\/\/yoast.com\/product\/yoast-seo-wordpress\/ -->\n<title>Rent a Bike - syndicom<\/title>\n<meta name=\"description\" content=\"En tant que membre de syndicom, tu profites, entre autres, de r\u00e9ductions sur l&#039;achat et la location de v\u00e9los \u00e9lectriques chez Rent a Bike.\" \/>\n<meta name=\"robots\" content=\"index, follow, max-snippet:-1, max-image-preview:large, max-video-preview:-1\" \/>\n<link rel=\"canonical\" href=\"https:\/\/syndicom.ch\/fr\/tes-avantages\/rent-a-bike\/\" \/>\n<meta property=\"og:locale\" content=\"fr_FR\" \/>\n<meta property=\"og:type\" content=\"article\" \/>\n<meta property=\"og:title\" content=\"Rent a Bike - syndicom\" \/>\n<meta property=\"og:description\" content=\"En tant que membre de syndicom, tu profites, entre autres, de r\u00e9ductions sur l&#039;achat et la location de v\u00e9los \u00e9lectriques chez Rent a Bike.\" \/>\n<meta property=\"og:url\" content=\"https:\/\/syndicom.ch\/fr\/tes-avantages\/rent-a-bike\/\" \/>\n<meta property=\"og:site_name\" content=\"syndicom\" \/>\n<meta property=\"article:publisher\" content=\"https:\/\/www.facebook.com\/syndicom\/\" \/>\n<meta property=\"article:modified_time\" content=\"2026-04-07T15:51:21+00:00\" \/>\n<meta name=\"twitter:card\" content=\"summary_large_image\" \/>\n<meta name=\"twitter:label1\" content=\"Dur\u00e9e de lecture estim\u00e9e\" \/>\n\t<meta name=\"twitter:data1\" content=\"3 minutes\" \/>\n<script type=\"application\/ld+json\" class=\"yoast-schema-graph\">{\"@context\":\"https:\\\/\\\/schema.org\",\"@graph\":[{\"@type\":\"WebPage\",\"@id\":\"https:\\\/\\\/syndicom.ch\\\/fr\\\/tes-avantages\\\/rent-a-bike\\\/\",\"url\":\"https:\\\/\\\/syndicom.ch\\\/fr\\\/tes-avantages\\\/rent-a-bike\\\/\",\"name\":\"Rent a Bike - syndicom\",\"isPartOf\":{\"@id\":\"https:\\\/\\\/syndicom.ch\\\/fr\\\/#website\"},\"datePublished\":\"2025-06-03T11:51:55+00:00\",\"dateModified\":\"2026-04-07T15:51:21+00:00\",\"description\":\"En tant que membre de syndicom, tu profites, entre autres, de r\u00e9ductions sur l'achat et la location de v\u00e9los \u00e9lectriques chez Rent a Bike.\",\"breadcrumb\":{\"@id\":\"https:\\\/\\\/syndicom.ch\\\/fr\\\/tes-avantages\\\/rent-a-bike\\\/#breadcrumb\"},\"inLanguage\":\"fr-FR\",\"potentialAction\":[{\"@type\":\"ReadAction\",\"target\":[\"https:\\\/\\\/syndicom.ch\\\/fr\\\/tes-avantages\\\/rent-a-bike\\\/\"]}]},{\"@type\":\"BreadcrumbList\",\"@id\":\"https:\\\/\\\/syndicom.ch\\\/fr\\\/tes-avantages\\\/rent-a-bike\\\/#breadcrumb\",\"itemListElement\":[{\"@type\":\"ListItem\",\"position\":1,\"name\":\"Page d'accueil\",\"item\":\"https:\\\/\\\/syndicom.ch\\\/fr\\\/\"},{\"@type\":\"ListItem\",\"position\":2,\"name\":\"Tes avantages\",\"item\":\"https:\\\/\\\/syndicom.ch\\\/fr\\\/tes-avantages\\\/\"},{\"@type\":\"ListItem\",\"position\":3,\"name\":\"Rent a Bike\"}]},{\"@type\":\"WebSite\",\"@id\":\"https:\\\/\\\/syndicom.ch\\\/fr\\\/#website\",\"url\":\"https:\\\/\\\/syndicom.ch\\\/fr\\\/\",\"name\":\"syndicom\",\"description\":\"\",\"publisher\":{\"@id\":\"https:\\\/\\\/syndicom.ch\\\/fr\\\/#organization\"},\"potentialAction\":[{\"@type\":\"SearchAction\",\"target\":{\"@type\":\"EntryPoint\",\"urlTemplate\":\"https:\\\/\\\/syndicom.ch\\\/fr\\\/?s={search_term_string}\"},\"query-input\":{\"@type\":\"PropertyValueSpecification\",\"valueRequired\":true,\"valueName\":\"search_term_string\"}}],\"inLanguage\":\"fr-FR\"},{\"@type\":\"Organization\",\"@id\":\"https:\\\/\\\/syndicom.ch\\\/fr\\\/#organization\",\"name\":\"syndicom\",\"alternateName\":\"Gewerkschaft Medien und Kommunikation\",\"url\":\"https:\\\/\\\/syndicom.ch\\\/fr\\\/\",\"logo\":{\"@type\":\"ImageObject\",\"inLanguage\":\"fr-FR\",\"@id\":\"https:\\\/\\\/syndicom.ch\\\/fr\\\/#\\\/schema\\\/logo\\\/image\\\/\",\"url\":\"https:\\\/\\\/syndicom.ch\\\/app\\\/uploads\\\/2024\\\/06\\\/logo.svg\",\"contentUrl\":\"https:\\\/\\\/syndicom.ch\\\/app\\\/uploads\\\/2024\\\/06\\\/logo.svg\",\"width\":297,\"height\":51,\"caption\":\"syndicom\"},\"image\":{\"@id\":\"https:\\\/\\\/syndicom.ch\\\/fr\\\/#\\\/schema\\\/logo\\\/image\\\/\"},\"sameAs\":[\"https:\\\/\\\/www.facebook.com\\\/syndicom\\\/\",\"https:\\\/\\\/ch.linkedin.com\\\/company\\\/syndicom-gewerkschaft-medien-und-kommunikation\",\"https:\\\/\\\/www.instagram.com\\\/syndicom\\\/\"]}]}<\/script>\n<!-- \/ Yoast SEO plugin. -->","yoast_head_json":{"title":"Rent a Bike - syndicom","description":"En tant que membre de syndicom, tu profites, entre autres, de r\u00e9ductions sur l'achat et la location de v\u00e9los \u00e9lectriques chez Rent a Bike.","robots":{"index":"index","follow":"follow","max-snippet":"max-snippet:-1","max-image-preview":"max-image-preview:large","max-video-preview":"max-video-preview:-1"},"canonical":"https:\/\/syndicom.ch\/fr\/tes-avantages\/rent-a-bike\/","og_locale":"fr_FR","og_type":"article","og_title":"Rent a Bike - syndicom","og_description":"En tant que membre de syndicom, tu profites, entre autres, de r\u00e9ductions sur l'achat et la location de v\u00e9los \u00e9lectriques chez Rent a Bike.","og_url":"https:\/\/syndicom.ch\/fr\/tes-avantages\/rent-a-bike\/","og_site_name":"syndicom","article_publisher":"https:\/\/www.facebook.com\/syndicom\/","article_modified_time":"2026-04-07T15:51:21+00:00","twitter_card":"summary_large_image","twitter_misc":{"Dur\u00e9e de lecture estim\u00e9e":"3 minutes"},"schema":{"@context":"https:\/\/schema.org","@graph":[{"@type":"WebPage","@id":"https:\/\/syndicom.ch\/fr\/tes-avantages\/rent-a-bike\/","url":"https:\/\/syndicom.ch\/fr\/tes-avantages\/rent-a-bike\/","name":"Rent a Bike - syndicom","isPartOf":{"@id":"https:\/\/syndicom.ch\/fr\/#website"},"datePublished":"2025-06-03T11:51:55+00:00","dateModified":"2026-04-07T15:51:21+00:00","description":"En tant que membre de syndicom, tu profites, entre autres, de r\u00e9ductions sur l'achat et la location de v\u00e9los \u00e9lectriques chez Rent a Bike.","breadcrumb":{"@id":"https:\/\/syndicom.ch\/fr\/tes-avantages\/rent-a-bike\/#breadcrumb"},"inLanguage":"fr-FR","potentialAction":[{"@type":"ReadAction","target":["https:\/\/syndicom.ch\/fr\/tes-avantages\/rent-a-bike\/"]}]},{"@type":"BreadcrumbList","@id":"https:\/\/syndicom.ch\/fr\/tes-avantages\/rent-a-bike\/#breadcrumb","itemListElement":[{"@type":"ListItem","position":1,"name":"Page d'accueil","item":"https:\/\/syndicom.ch\/fr\/"},{"@type":"ListItem","position":2,"name":"Tes avantages","item":"https:\/\/syndicom.ch\/fr\/tes-avantages\/"},{"@type":"ListItem","position":3,"name":"Rent a Bike"}]},{"@type":"WebSite","@id":"https:\/\/syndicom.ch\/fr\/#website","url":"https:\/\/syndicom.ch\/fr\/","name":"syndicom","description":"","publisher":{"@id":"https:\/\/syndicom.ch\/fr\/#organization"},"potentialAction":[{"@type":"SearchAction","target":{"@type":"EntryPoint","urlTemplate":"https:\/\/syndicom.ch\/fr\/?s={search_term_string}"},"query-input":{"@type":"PropertyValueSpecification","valueRequired":true,"valueName":"search_term_string"}}],"inLanguage":"fr-FR"},{"@type":"Organization","@id":"https:\/\/syndicom.ch\/fr\/#organization","name":"syndicom","alternateName":"Gewerkschaft Medien und Kommunikation","url":"https:\/\/syndicom.ch\/fr\/","logo":{"@type":"ImageObject","inLanguage":"fr-FR","@id":"https:\/\/syndicom.ch\/fr\/#\/schema\/logo\/image\/","url":"https:\/\/syndicom.ch\/app\/uploads\/2024\/06\/logo.svg","contentUrl":"https:\/\/syndicom.ch\/app\/uploads\/2024\/06\/logo.svg","width":297,"height":51,"caption":"syndicom"},"image":{"@id":"https:\/\/syndicom.ch\/fr\/#\/schema\/logo\/image\/"},"sameAs":["https:\/\/www.facebook.com\/syndicom\/","https:\/\/ch.linkedin.com\/company\/syndicom-gewerkschaft-medien-und-kommunikation","https:\/\/www.instagram.com\/syndicom\/"]}]}},"_links":{"self":[{"href":"https:\/\/syndicom.ch\/fr\/wp-json\/wp\/v2\/pages\/38221","targetHints":{"allow":["GET"]}}],"collection":[{"href":"https:\/\/syndicom.ch\/fr\/wp-json\/wp\/v2\/pages"}],"about":[{"href":"https:\/\/syndicom.ch\/fr\/wp-json\/wp\/v2\/types\/page"}],"author":[{"embeddable":true,"href":"https:\/\/syndicom.ch\/fr\/wp-json\/wp\/v2\/users\/3"}],"replies":[{"embeddable":true,"href":"https:\/\/syndicom.ch\/fr\/wp-json\/wp\/v2\/comments?post=38221"}],"version-history":[{"count":20,"href":"https:\/\/syndicom.ch\/fr\/wp-json\/wp\/v2\/pages\/38221\/revisions"}],"predecessor-version":[{"id":60317,"href":"https:\/\/syndicom.ch\/fr\/wp-json\/wp\/v2\/pages\/38221\/revisions\/60317"}],"up":[{"embeddable":true,"href":"https:\/\/syndicom.ch\/fr\/wp-json\/wp\/v2\/pages\/45049"}],"wp:attachment":[{"href":"https:\/\/syndicom.ch\/fr\/wp-json\/wp\/v2\/media?parent=38221"}],"wp:term":[{"taxonomy":"category","embeddable":true,"href":"https:\/\/syndicom.ch\/fr\/wp-json\/wp\/v2\/categories?post=38221"}],"curies":[{"name":"wp","href":"https:\/\/api.w.org\/{rel}","templated":true}]}}