{"id":41257,"date":"2025-02-12T13:49:56","date_gmt":"2025-02-12T12:49:56","guid":{"rendered":"https:\/\/syndicom.ch\/?page_id=41257"},"modified":"2026-02-04T14:16:27","modified_gmt":"2026-02-04T13:16:27","slug":"pas-besoin-des-syndicats","status":"publish","type":"page","link":"https:\/\/syndicom.ch\/fr\/pas-besoin-des-syndicats\/","title":{"rendered":"On n&rsquo;a pas besoin des syndicats"},"content":{"rendered":"\n<div class=\"wp-block-cover alignfull is-light is-style-imageheight mb-0 mt-0\" style=\"min-height:474px;aspect-ratio:unset;\"><img loading=\"lazy\" decoding=\"async\" width=\"1800\" height=\"480\" class=\"wp-block-cover__image-background wp-image-49595 size-full\" alt=\"\" src=\"https:\/\/syndicom.ch\/app\/uploads\/2025\/10\/gewerkschaft-syndicom-strichmaennchen-demo.jpg\" style=\"object-position:54% 0%\" data-object-fit=\"cover\" data-object-position=\"54% 0%\" srcset=\"https:\/\/syndicom.ch\/app\/uploads\/2025\/10\/gewerkschaft-syndicom-strichmaennchen-demo.jpg 1800w, https:\/\/syndicom.ch\/app\/uploads\/2025\/10\/gewerkschaft-syndicom-strichmaennchen-demo-300x80.jpg 300w, https:\/\/syndicom.ch\/app\/uploads\/2025\/10\/gewerkschaft-syndicom-strichmaennchen-demo-1024x273.jpg 1024w, https:\/\/syndicom.ch\/app\/uploads\/2025\/10\/gewerkschaft-syndicom-strichmaennchen-demo-768x205.jpg 768w, https:\/\/syndicom.ch\/app\/uploads\/2025\/10\/gewerkschaft-syndicom-strichmaennchen-demo-1536x410.jpg 1536w\" sizes=\"auto, (max-width: 1800px) 100vw, 1800px\" \/><span aria-hidden=\"true\" class=\"wp-block-cover__background has-background-dim\" style=\"background-color:#b5d8e3\"><\/span><div class=\"wp-block-cover__inner-container is-layout-constrained wp-block-cover-is-layout-constrained\">\n<div class=\"wp-block-columns is-layout-flex wp-container-core-columns-is-layout-9d6595d7 wp-block-columns-is-layout-flex\">\n<div class=\"wp-block-column is-layout-flow wp-block-column-is-layout-flow\" style=\"flex-basis:60%\"><\/div>\n\n\n\n<div class=\"wp-block-column is-layout-flow wp-block-column-is-layout-flow\" style=\"flex-basis:70%\">\n<h2 class=\"wp-block-heading has-text-align-left\"><mark style=\"background-color:#ffffff\" class=\"has-inline-color\">Tu en as assez de devoir te battre seul-e contre ton employeur-euse ?<\/mark><\/h2>\n\n\n\n<p class=\"has-text-align-left\"><mark style=\"background-color:#ffffff\" class=\"has-inline-color\"><strong>Rejoins notre mouvement d\u00e8s aujourd\u2019hui et lutte avec nous pour des conditions de travail \u00e9quitables dans ta branche !<\/strong><\/mark><\/p>\n\n\n\n<div class=\"wp-block-buttons is-content-justification-left is-layout-flex wp-container-core-buttons-is-layout-fdcfc74e wp-block-buttons-is-layout-flex\">\n<div class=\"wp-block-button is-style-fill\"><a class=\"wp-block-button__link has-foreground-color has-text-color has-link-color has-text-align-center wp-element-button\" href=\"https:\/\/my.syndicom.ch\/adhesion\" target=\"_blank\" rel=\"noreferrer noopener nofollow\">Devenir membre<\/a><\/div>\n<\/div>\n<\/div>\n<\/div>\n<\/div><\/div>\n\n\n\n<div class=\"wp-block-group alignfull has-background-color has-primary-background-color has-text-color has-background has-link-color wp-elements-7c540e1e4231616b2ed7effca4a9686f is-layout-constrained wp-block-group-is-layout-constrained\">\n<div class=\"wp-block-group is-style-narrow is-layout-constrained wp-block-group-is-layout-constrained\">\n<h1 class=\"wp-block-heading\"><strong><strong>Les avantages avec syndicom \u00e0 tes c\u00f4t\u00e9s<\/strong><\/strong><\/h1>\n\n\n\n<ul class=\"wp-block-list\">\n<li class=\"is-style-check\">Soutien pour toutes tes questions li\u00e9es au monde du travail<\/li>\n\n\n\n<li class=\"is-style-check\">Conventions collectives de travail qui te garantissent de bonnes conditions de travail<\/li>\n\n\n\n<li class=\"is-style-check\">D\u00e9fense de tes droits en tant que travailleur-euse<\/li>\n\n\n\n<li class=\"is-style-check\">Nombreuses occasions pour \u00e9largir ton r\u00e9seau<\/li>\n<\/ul>\n\n\n\n<p>Comme syndicat syndicom, nous nous engageons pour de bonnes conditions de travail, une soci\u00e9t\u00e9 juste et une \u00e9volution technologique socialement acceptable.<\/p>\n\n\n\n<div class=\"wp-block-columns is-layout-flex wp-container-core-columns-is-layout-9d6595d7 wp-block-columns-is-layout-flex\">\n<div class=\"wp-block-column is-layout-flow wp-block-column-is-layout-flow\" style=\"flex-basis:70%\"><\/div>\n<\/div>\n<\/div>\n<\/div>\n\n\n\n<div class=\"wp-block-group alignfull has-background-background-color has-background is-layout-constrained wp-block-group-is-layout-constrained\">\n<div class=\"wp-block-group is-style-narrow is-layout-constrained wp-block-group-is-layout-constrained\">\n<h2 class=\"wp-block-heading\">Ensemble, nous sommes fort-es<\/h2>\n\n\n<div class=\"wp-block-quote-wrapper\">\n<blockquote class=\"wp-block-quote is-layout-flow wp-block-quote-is-layout-flow\">\n<p>Chaque membre est important pour nous.<\/p>\n<\/blockquote>\n<\/div>\n\n\n<p>Chaque membre renforce notre force collective, gr\u00e2ce \u00e0 laquelle on d\u00e9fend les int\u00e9r\u00eats de nos membres dans l&rsquo;entreprise et dans la politique. En adh\u00e9rant \u00e0 syndicom, tu agis de mani\u00e8re solidaire tout en b\u00e9n\u00e9ficiant d&rsquo;avantages personnels.<\/p>\n\n\n\n<div class=\"wp-block-columns is-layout-flex wp-container-core-columns-is-layout-9d6595d7 wp-block-columns-is-layout-flex\">\n<div class=\"wp-block-column is-layout-flow wp-block-column-is-layout-flow\">\n<div class=\"wp-block-buttons is-layout-flex wp-block-buttons-is-layout-flex\">\n<div class=\"wp-block-button is-style-outline is-style-outline--1\"><a class=\"wp-block-button__link has-primary-color has-text-color has-link-color wp-element-button\" href=\"https:\/\/syndicom.ch\/fr\/faq-affiliation\/\" target=\"_blank\" rel=\"noreferrer noopener\">T&rsquo;as des questions sur l&rsquo;adh\u00e9sion ?<\/a><\/div>\n<\/div>\n<\/div>\n\n\n\n<div class=\"wp-block-column is-layout-flow wp-block-column-is-layout-flow\">\n<div class=\"wp-block-buttons is-layout-flex wp-block-buttons-is-layout-flex\">\n<div class=\"wp-block-button is-style-outline is-style-outline--2\"><a class=\"wp-block-button__link has-primary-color has-text-color has-link-color wp-element-button\" href=\"https:\/\/syndicom.ch\/fr\/tes-avantages\/\" target=\"_blank\" rel=\"noreferrer noopener\">Tes avantages en tant que membre syndicom<\/a><\/div>\n<\/div>\n<\/div>\n<\/div>\n<\/div>\n<\/div>\n\n\n\n\n\n<div class=\"wp-block-group alignfull has-background-background-color has-background is-layout-constrained wp-block-group-is-layout-constrained\">\n<div class=\"wp-block-group is-style-narrow is-layout-constrained wp-block-group-is-layout-constrained\">\n<p><\/p>\n\n\n\n<div class=\"wp-block-group alignwide is-style-slider is-layout-constrained wp-container-core-group-is-layout-b0c428d9 wp-block-group-is-layout-constrained\">\n<div class=\"wp-block-group coblocks-animate is-layout-constrained wp-block-group-is-layout-constrained\" data-coblocks-animation=\"zoomIn\">\n<figure class=\"wp-block-image aligncenter size-large is-resized coblocks-animate\" data-coblocks-animation=\"zoomIn\"><img loading=\"lazy\" decoding=\"async\" width=\"819\" height=\"1024\" src=\"https:\/\/syndicom.ch\/app\/uploads\/2025\/06\/syndicat-syndicom-ensemble-salaire-819x1024.png\" alt=\"\" class=\"wp-image-41266\" style=\"width:400px\" srcset=\"https:\/\/syndicom.ch\/app\/uploads\/2025\/06\/syndicat-syndicom-ensemble-salaire-819x1024.png 819w, https:\/\/syndicom.ch\/app\/uploads\/2025\/06\/syndicat-syndicom-ensemble-salaire-240x300.png 240w, https:\/\/syndicom.ch\/app\/uploads\/2025\/06\/syndicat-syndicom-ensemble-salaire-768x960.png 768w, https:\/\/syndicom.ch\/app\/uploads\/2025\/06\/syndicat-syndicom-ensemble-salaire.png 1080w\" sizes=\"auto, (max-width: 819px) 100vw, 819px\" \/><\/figure>\n<\/div>\n\n\n\n<div class=\"wp-block-group coblocks-animate is-layout-constrained wp-block-group-is-layout-constrained\" data-coblocks-animation=\"zoomIn\">\n<figure class=\"wp-block-image aligncenter size-large is-resized coblocks-animate has-lightbox\" data-coblocks-animation=\"zoomIn\"><img loading=\"lazy\" decoding=\"async\" width=\"819\" height=\"1024\" src=\"https:\/\/syndicom.ch\/app\/uploads\/2025\/06\/syndicat-syndicom-ensemble-temps-feminism-819x1024.png\" alt=\"\" class=\"wp-image-41274\" style=\"width:400px\" srcset=\"https:\/\/syndicom.ch\/app\/uploads\/2025\/06\/syndicat-syndicom-ensemble-temps-feminism-819x1024.png 819w, https:\/\/syndicom.ch\/app\/uploads\/2025\/06\/syndicat-syndicom-ensemble-temps-feminism-240x300.png 240w, https:\/\/syndicom.ch\/app\/uploads\/2025\/06\/syndicat-syndicom-ensemble-temps-feminism-768x960.png 768w, https:\/\/syndicom.ch\/app\/uploads\/2025\/06\/syndicat-syndicom-ensemble-temps-feminism.png 1080w\" sizes=\"auto, (max-width: 819px) 100vw, 819px\" \/><\/figure>\n<\/div>\n\n\n\n<div class=\"wp-block-group coblocks-animate is-layout-constrained wp-block-group-is-layout-constrained\" data-coblocks-animation=\"zoomIn\">\n<figure class=\"wp-block-image aligncenter size-large is-resized coblocks-animate has-lightbox\" data-coblocks-animation=\"zoomIn\"><img loading=\"lazy\" decoding=\"async\" width=\"819\" height=\"1024\" src=\"https:\/\/syndicom.ch\/app\/uploads\/2025\/06\/syndicat-syndicom-ensemble-temps-travail-819x1024.png\" alt=\"\" class=\"wp-image-41278\" style=\"width:400px\" srcset=\"https:\/\/syndicom.ch\/app\/uploads\/2025\/06\/syndicat-syndicom-ensemble-temps-travail-819x1024.png 819w, https:\/\/syndicom.ch\/app\/uploads\/2025\/06\/syndicat-syndicom-ensemble-temps-travail-240x300.png 240w, https:\/\/syndicom.ch\/app\/uploads\/2025\/06\/syndicat-syndicom-ensemble-temps-travail-768x960.png 768w, https:\/\/syndicom.ch\/app\/uploads\/2025\/06\/syndicat-syndicom-ensemble-temps-travail.png 1080w\" sizes=\"auto, (max-width: 819px) 100vw, 819px\" \/><\/figure>\n<\/div>\n\n\n\n<div class=\"wp-block-group coblocks-animate is-layout-constrained wp-block-group-is-layout-constrained\" data-coblocks-animation=\"zoomIn\">\n<figure class=\"wp-block-image aligncenter size-large is-resized coblocks-animate\" data-coblocks-animation=\"zoomIn\"><img loading=\"lazy\" decoding=\"async\" width=\"819\" height=\"1024\" src=\"https:\/\/syndicom.ch\/app\/uploads\/2025\/06\/syndicat-syndicom-ensemble-violence-sexuelle-819x1024.png\" alt=\"\" class=\"wp-image-41282\" style=\"width:400px\" srcset=\"https:\/\/syndicom.ch\/app\/uploads\/2025\/06\/syndicat-syndicom-ensemble-violence-sexuelle-819x1024.png 819w, https:\/\/syndicom.ch\/app\/uploads\/2025\/06\/syndicat-syndicom-ensemble-violence-sexuelle-240x300.png 240w, https:\/\/syndicom.ch\/app\/uploads\/2025\/06\/syndicat-syndicom-ensemble-violence-sexuelle-768x960.png 768w, https:\/\/syndicom.ch\/app\/uploads\/2025\/06\/syndicat-syndicom-ensemble-violence-sexuelle.png 1080w\" sizes=\"auto, (max-width: 819px) 100vw, 819px\" \/><\/figure>\n<\/div>\n\n\n\n<div class=\"wp-block-group coblocks-animate is-layout-constrained wp-block-group-is-layout-constrained\" data-coblocks-animation=\"zoomIn\">\n<figure class=\"wp-block-image aligncenter size-large is-resized coblocks-animate\" data-coblocks-animation=\"zoomIn\"><img loading=\"lazy\" decoding=\"async\" width=\"819\" height=\"1024\" src=\"https:\/\/syndicom.ch\/app\/uploads\/2025\/06\/syndicat-syndicom-ensemble-reconnaissance-819x1024.png\" alt=\"\" class=\"wp-image-41270\" style=\"width:400px\" srcset=\"https:\/\/syndicom.ch\/app\/uploads\/2025\/06\/syndicat-syndicom-ensemble-reconnaissance-819x1024.png 819w, https:\/\/syndicom.ch\/app\/uploads\/2025\/06\/syndicat-syndicom-ensemble-reconnaissance-240x300.png 240w, https:\/\/syndicom.ch\/app\/uploads\/2025\/06\/syndicat-syndicom-ensemble-reconnaissance-768x960.png 768w, https:\/\/syndicom.ch\/app\/uploads\/2025\/06\/syndicat-syndicom-ensemble-reconnaissance.png 1080w\" sizes=\"auto, (max-width: 819px) 100vw, 819px\" \/><\/figure>\n<\/div>\n<\/div>\n<\/div>\n<\/div>\n","protected":false},"excerpt":{"rendered":"<p>Spoiler: Pas du tout !Tu en as assez de devoir te battre seul-e contre ton employeur-euse ?<br \/>\nAlors rejoins-nous !<\/p>\n","protected":false},"author":3,"featured_media":0,"parent":0,"menu_order":0,"comment_status":"closed","ping_status":"closed","template":"","meta":{"_acf_changed":false,"inline_featured_image":false,"_coblocks_attr":"","_coblocks_dimensions":"","_coblocks_responsive_height":"","_coblocks_accordion_ie_support":"","footnotes":""},"categories":[362],"class_list":["post-41257","page","type-page","status-publish","hentry","category-devenir-membre"],"acf":[],"yoast_head":"<!-- This site is optimized with the Yoast SEO plugin v27.5 - https:\/\/yoast.com\/product\/yoast-seo-wordpress\/ -->\n<title>On n&#039;a pas besoin des syndicats - syndicat syndicom<\/title>\n<meta name=\"description\" content=\"Spoiler : si ! Tu en as assez de devoir te battre seul-e contre ton employeur-euse ? Alors rejoins-nous !\" \/>\n<meta name=\"robots\" content=\"index, follow, max-snippet:-1, max-image-preview:large, max-video-preview:-1\" \/>\n<link rel=\"canonical\" href=\"https:\/\/syndicom.ch\/fr\/pas-besoin-des-syndicats\/\" \/>\n<meta property=\"og:locale\" content=\"fr_FR\" \/>\n<meta property=\"og:type\" content=\"article\" \/>\n<meta property=\"og:title\" content=\"On n&#039;a pas besoin des syndicats - syndicat syndicom\" \/>\n<meta property=\"og:description\" content=\"Spoiler : si ! Tu en as assez de devoir te battre seul-e contre ton employeur-euse ? Alors rejoins-nous !\" \/>\n<meta property=\"og:url\" content=\"https:\/\/syndicom.ch\/fr\/pas-besoin-des-syndicats\/\" \/>\n<meta property=\"og:site_name\" content=\"syndicat syndicom\" \/>\n<meta property=\"article:modified_time\" content=\"2026-02-04T13:16:27+00:00\" \/>\n<meta property=\"og:image\" content=\"https:\/\/syndicom.ch\/app\/uploads\/2025\/10\/gewerkschaft-syndicom-strichmaennchen-demo.jpg\" \/>\n<meta name=\"twitter:card\" content=\"summary_large_image\" \/>\n<meta name=\"twitter:label1\" content=\"Dur\u00e9e de lecture estim\u00e9e\" \/>\n\t<meta name=\"twitter:data1\" content=\"3 minutes\" \/>\n<script type=\"application\/ld+json\" class=\"yoast-schema-graph\">{\"@context\":\"https:\\\/\\\/schema.org\",\"@graph\":[{\"@type\":\"WebPage\",\"@id\":\"https:\\\/\\\/syndicom.ch\\\/fr\\\/pas-besoin-des-syndicats\\\/\",\"url\":\"https:\\\/\\\/syndicom.ch\\\/fr\\\/pas-besoin-des-syndicats\\\/\",\"name\":\"On n'a pas besoin des syndicats - syndicat syndicom\",\"isPartOf\":{\"@id\":\"https:\\\/\\\/syndicom.ch\\\/fr\\\/#website\"},\"primaryImageOfPage\":{\"@id\":\"https:\\\/\\\/syndicom.ch\\\/fr\\\/pas-besoin-des-syndicats\\\/#primaryimage\"},\"image\":{\"@id\":\"https:\\\/\\\/syndicom.ch\\\/fr\\\/pas-besoin-des-syndicats\\\/#primaryimage\"},\"thumbnailUrl\":\"https:\\\/\\\/syndicom.ch\\\/app\\\/uploads\\\/2025\\\/10\\\/gewerkschaft-syndicom-strichmaennchen-demo.jpg\",\"datePublished\":\"2025-02-12T12:49:56+00:00\",\"dateModified\":\"2026-02-04T13:16:27+00:00\",\"description\":\"Spoiler : si ! Tu en as assez de devoir te battre seul-e contre ton employeur-euse ? Alors rejoins-nous !\",\"breadcrumb\":{\"@id\":\"https:\\\/\\\/syndicom.ch\\\/fr\\\/pas-besoin-des-syndicats\\\/#breadcrumb\"},\"inLanguage\":\"fr-FR\",\"potentialAction\":[{\"@type\":\"ReadAction\",\"target\":[\"https:\\\/\\\/syndicom.ch\\\/fr\\\/pas-besoin-des-syndicats\\\/\"]}]},{\"@type\":\"ImageObject\",\"inLanguage\":\"fr-FR\",\"@id\":\"https:\\\/\\\/syndicom.ch\\\/fr\\\/pas-besoin-des-syndicats\\\/#primaryimage\",\"url\":\"https:\\\/\\\/syndicom.ch\\\/app\\\/uploads\\\/2025\\\/10\\\/gewerkschaft-syndicom-strichmaennchen-demo.jpg\",\"contentUrl\":\"https:\\\/\\\/syndicom.ch\\\/app\\\/uploads\\\/2025\\\/10\\\/gewerkschaft-syndicom-strichmaennchen-demo.jpg\"},{\"@type\":\"BreadcrumbList\",\"@id\":\"https:\\\/\\\/syndicom.ch\\\/fr\\\/pas-besoin-des-syndicats\\\/#breadcrumb\",\"itemListElement\":[{\"@type\":\"ListItem\",\"position\":1,\"name\":\"Page d'accueil\",\"item\":\"https:\\\/\\\/syndicom.ch\\\/fr\\\/\"},{\"@type\":\"ListItem\",\"position\":2,\"name\":\"On n&rsquo;a pas besoin des syndicats\"}]},{\"@type\":\"WebSite\",\"@id\":\"https:\\\/\\\/syndicom.ch\\\/fr\\\/#website\",\"url\":\"https:\\\/\\\/syndicom.ch\\\/fr\\\/\",\"name\":\"syndicat syndicom\",\"description\":\"\",\"publisher\":{\"@id\":\"https:\\\/\\\/syndicom.ch\\\/fr\\\/#organization\"},\"potentialAction\":[{\"@type\":\"SearchAction\",\"target\":{\"@type\":\"EntryPoint\",\"urlTemplate\":\"https:\\\/\\\/syndicom.ch\\\/fr\\\/?s={search_term_string}\"},\"query-input\":{\"@type\":\"PropertyValueSpecification\",\"valueRequired\":true,\"valueName\":\"search_term_string\"}}],\"inLanguage\":\"fr-FR\"},{\"@type\":\"Organization\",\"@id\":\"https:\\\/\\\/syndicom.ch\\\/fr\\\/#organization\",\"name\":\"syndicat syndicom\",\"url\":\"https:\\\/\\\/syndicom.ch\\\/fr\\\/\",\"logo\":{\"@type\":\"ImageObject\",\"inLanguage\":\"fr-FR\",\"@id\":\"https:\\\/\\\/syndicom.ch\\\/fr\\\/#\\\/schema\\\/logo\\\/image\\\/\",\"url\":\"https:\\\/\\\/syndicom.ch\\\/app\\\/uploads\\\/2024\\\/06\\\/logo.svg\",\"contentUrl\":\"https:\\\/\\\/syndicom.ch\\\/app\\\/uploads\\\/2024\\\/06\\\/logo.svg\",\"width\":297,\"height\":51,\"caption\":\"syndicat syndicom\"},\"image\":{\"@id\":\"https:\\\/\\\/syndicom.ch\\\/fr\\\/#\\\/schema\\\/logo\\\/image\\\/\"}}]}<\/script>\n<!-- \/ Yoast SEO plugin. -->","yoast_head_json":{"title":"On n'a pas besoin des syndicats - syndicat syndicom","description":"Spoiler : si ! Tu en as assez de devoir te battre seul-e contre ton employeur-euse ? Alors rejoins-nous !","robots":{"index":"index","follow":"follow","max-snippet":"max-snippet:-1","max-image-preview":"max-image-preview:large","max-video-preview":"max-video-preview:-1"},"canonical":"https:\/\/syndicom.ch\/fr\/pas-besoin-des-syndicats\/","og_locale":"fr_FR","og_type":"article","og_title":"On n'a pas besoin des syndicats - syndicat syndicom","og_description":"Spoiler : si ! Tu en as assez de devoir te battre seul-e contre ton employeur-euse ? Alors rejoins-nous !","og_url":"https:\/\/syndicom.ch\/fr\/pas-besoin-des-syndicats\/","og_site_name":"syndicat syndicom","article_modified_time":"2026-02-04T13:16:27+00:00","og_image":[{"url":"https:\/\/syndicom.ch\/app\/uploads\/2025\/10\/gewerkschaft-syndicom-strichmaennchen-demo.jpg","type":"","width":"","height":""}],"twitter_card":"summary_large_image","twitter_misc":{"Dur\u00e9e de lecture estim\u00e9e":"3 minutes"},"schema":{"@context":"https:\/\/schema.org","@graph":[{"@type":"WebPage","@id":"https:\/\/syndicom.ch\/fr\/pas-besoin-des-syndicats\/","url":"https:\/\/syndicom.ch\/fr\/pas-besoin-des-syndicats\/","name":"On n'a pas besoin des syndicats - syndicat syndicom","isPartOf":{"@id":"https:\/\/syndicom.ch\/fr\/#website"},"primaryImageOfPage":{"@id":"https:\/\/syndicom.ch\/fr\/pas-besoin-des-syndicats\/#primaryimage"},"image":{"@id":"https:\/\/syndicom.ch\/fr\/pas-besoin-des-syndicats\/#primaryimage"},"thumbnailUrl":"https:\/\/syndicom.ch\/app\/uploads\/2025\/10\/gewerkschaft-syndicom-strichmaennchen-demo.jpg","datePublished":"2025-02-12T12:49:56+00:00","dateModified":"2026-02-04T13:16:27+00:00","description":"Spoiler : si ! Tu en as assez de devoir te battre seul-e contre ton employeur-euse ? Alors rejoins-nous !","breadcrumb":{"@id":"https:\/\/syndicom.ch\/fr\/pas-besoin-des-syndicats\/#breadcrumb"},"inLanguage":"fr-FR","potentialAction":[{"@type":"ReadAction","target":["https:\/\/syndicom.ch\/fr\/pas-besoin-des-syndicats\/"]}]},{"@type":"ImageObject","inLanguage":"fr-FR","@id":"https:\/\/syndicom.ch\/fr\/pas-besoin-des-syndicats\/#primaryimage","url":"https:\/\/syndicom.ch\/app\/uploads\/2025\/10\/gewerkschaft-syndicom-strichmaennchen-demo.jpg","contentUrl":"https:\/\/syndicom.ch\/app\/uploads\/2025\/10\/gewerkschaft-syndicom-strichmaennchen-demo.jpg"},{"@type":"BreadcrumbList","@id":"https:\/\/syndicom.ch\/fr\/pas-besoin-des-syndicats\/#breadcrumb","itemListElement":[{"@type":"ListItem","position":1,"name":"Page d'accueil","item":"https:\/\/syndicom.ch\/fr\/"},{"@type":"ListItem","position":2,"name":"On n&rsquo;a pas besoin des syndicats"}]},{"@type":"WebSite","@id":"https:\/\/syndicom.ch\/fr\/#website","url":"https:\/\/syndicom.ch\/fr\/","name":"syndicat syndicom","description":"","publisher":{"@id":"https:\/\/syndicom.ch\/fr\/#organization"},"potentialAction":[{"@type":"SearchAction","target":{"@type":"EntryPoint","urlTemplate":"https:\/\/syndicom.ch\/fr\/?s={search_term_string}"},"query-input":{"@type":"PropertyValueSpecification","valueRequired":true,"valueName":"search_term_string"}}],"inLanguage":"fr-FR"},{"@type":"Organization","@id":"https:\/\/syndicom.ch\/fr\/#organization","name":"syndicat syndicom","url":"https:\/\/syndicom.ch\/fr\/","logo":{"@type":"ImageObject","inLanguage":"fr-FR","@id":"https:\/\/syndicom.ch\/fr\/#\/schema\/logo\/image\/","url":"https:\/\/syndicom.ch\/app\/uploads\/2024\/06\/logo.svg","contentUrl":"https:\/\/syndicom.ch\/app\/uploads\/2024\/06\/logo.svg","width":297,"height":51,"caption":"syndicat syndicom"},"image":{"@id":"https:\/\/syndicom.ch\/fr\/#\/schema\/logo\/image\/"}}]}},"_links":{"self":[{"href":"https:\/\/syndicom.ch\/fr\/wp-json\/wp\/v2\/pages\/41257","targetHints":{"allow":["GET"]}}],"collection":[{"href":"https:\/\/syndicom.ch\/fr\/wp-json\/wp\/v2\/pages"}],"about":[{"href":"https:\/\/syndicom.ch\/fr\/wp-json\/wp\/v2\/types\/page"}],"author":[{"embeddable":true,"href":"https:\/\/syndicom.ch\/fr\/wp-json\/wp\/v2\/users\/3"}],"replies":[{"embeddable":true,"href":"https:\/\/syndicom.ch\/fr\/wp-json\/wp\/v2\/comments?post=41257"}],"version-history":[{"count":14,"href":"https:\/\/syndicom.ch\/fr\/wp-json\/wp\/v2\/pages\/41257\/revisions"}],"predecessor-version":[{"id":50889,"href":"https:\/\/syndicom.ch\/fr\/wp-json\/wp\/v2\/pages\/41257\/revisions\/50889"}],"wp:attachment":[{"href":"https:\/\/syndicom.ch\/fr\/wp-json\/wp\/v2\/media?parent=41257"}],"wp:term":[{"taxonomy":"category","embeddable":true,"href":"https:\/\/syndicom.ch\/fr\/wp-json\/wp\/v2\/categories?post=41257"}],"curies":[{"name":"wp","href":"https:\/\/api.w.org\/{rel}","templated":true}]}}