{"id":5093,"date":"2024-09-11T16:28:20","date_gmt":"2024-09-11T14:28:20","guid":{"rendered":"https:\/\/projects.atxeit.ch\/syndicom\/datenschutzerklaerung\/"},"modified":"2026-02-04T10:39:20","modified_gmt":"2026-02-04T09:39:20","slug":"declaration-de-confidentialite","status":"publish","type":"page","link":"https:\/\/syndicom.ch\/fr\/declaration-de-confidentialite\/","title":{"rendered":"D\u00e9claration de confidentialit\u00e9"},"content":{"rendered":"\n<div class=\"wp-block-group alignfull has-primary-background-color has-background is-layout-constrained wp-block-group-is-layout-constrained\">\n<div class=\"wp-block-group is-style-narrow is-layout-constrained wp-block-group-is-layout-constrained\">\n<h1 class=\"wp-block-heading has-background-color has-text-color has-link-color wp-elements-e48650c65f3f485be01ced76b150ca14\">D\u00e9claration de confidentialit\u00e9<\/h1>\n<\/div>\n<\/div>\n\n\n\n<div class=\"wp-block-group alignfull has-background-background-color has-background is-layout-constrained wp-block-group-is-layout-constrained\">\n<div class=\"wp-block-group is-style-narrow is-layout-constrained wp-block-group-is-layout-constrained\">\n<h2 class=\"wp-block-heading\"><strong>Informations juridiques<\/strong><\/h2>\n\n\n\n<p>Ceci est le site officiel de syndicom. Il est destin\u00e9 \u00e0 informer nos membres et les personnes int\u00e9ress\u00e9es, ainsi que nos partenaires et le grand public. syndicom peut faire appel \u00e0 des tiers pour l\u2019exploitation du site. Il peut modifier en tout temps les informations et les r\u00e8gles d\u2019utilisation. Les modifications sont contraignantes.<\/p>\n\n\n\n<p>La pr\u00e9sente d\u00e9claration de confidentialit\u00e9 repose sur la Loi suisse sur la protection des donn\u00e9es (LPD) et \u2013 pour autant que ce soit pertinent et applicable \u2013 sur le R\u00e8glement g\u00e9n\u00e9ral sur la protection des donn\u00e9es (RGPD) de l\u2019UE.<\/p>\n\n\n\n<h2 class=\"wp-block-heading\"><strong>Droits d\u2019auteur et autres droits<\/strong><\/h2>\n\n\n\n<p>Les informations contenues sur le site internet de syndicom sont accessibles au public. Le t\u00e9l\u00e9chargement ou la copie de contenus, d&rsquo;images, de photos ou d&rsquo;autres fichiers ne donne aucun droit sur le contenu.<\/p>\n\n\n\n<p>Les droits d\u2019auteur et tous les autres droits sur le contenu, les images, les photos ou autres fichiers du site web de syndicom sont la propri\u00e9t\u00e9 exclusive du syndicat ou des d\u00e9tenteurs de droits d\u2019auteur express\u00e9ment nomm\u00e9s. Il est interdit de reproduire (en tout ou en partie), transmettre (par voie \u00e9lectronique ou autre), modifier, mettre en relation ou utiliser le site \u00e0 des fins publiques ou commerciales sans autorisation \u00e9crite pr\u00e9alable.<\/p>\n\n\n\n<h2 class=\"wp-block-heading\"><strong>Limitation de responsabilit\u00e9<\/strong><\/h2>\n\n\n\n<p>Bien que syndicom veille \u00e0 l&rsquo;exactitude des informations publi\u00e9es, il ne peut assumer aucune responsabilit\u00e9 quant \u00e0 l&rsquo;exactitude, la fiabilit\u00e9, l&rsquo;actualit\u00e9, l&rsquo;int\u00e9gralit\u00e9 ou l&rsquo;exactitude du contenu de ces informations.<\/p>\n\n\n\n<p>syndicom se r\u00e9serve express\u00e9ment le droit de modifier ou supprimer tout ou partie du contenu \u00e0 tout moment et sans pr\u00e9avis ou d\u2019en renoncer \u00e0 la publication temporairement.<\/p>\n\n\n\n<p>La responsabilit\u00e9 de syndicom est exclue en cas de dommages mat\u00e9riels ou immat\u00e9riels r\u00e9sultant de l&rsquo;acc\u00e8s, de l&rsquo;utilisation ou de la non-utilisation des informations publi\u00e9es, d&rsquo;une mauvaise utilisation de la connexion ou de d\u00e9faillances techniques. L&rsquo;acc\u00e8s au site et son utilisation ne sont pas garantis.<\/p>\n\n\n\n<h2 class=\"wp-block-heading\"><strong>Transmission de donn\u00e9es via Internet<\/strong><\/h2>\n\n\n\n<p>Internet est un r\u00e9seau ouvert accessible \u00e0 tous et n&rsquo;est donc pas consid\u00e9r\u00e9 comme un environnement s\u00e9curis\u00e9. Bien que les paquets de donn\u00e9es individuels soient en principe transmis sous forme crypt\u00e9e, cela ne s&rsquo;applique ni \u00e0 l&rsquo;exp\u00e9diteur ni au destinataire.<\/p>\n\n\n\n<p>En outre, il est possible que des donn\u00e9es soient transf\u00e9r\u00e9es \u00e0 l&rsquo;\u00e9tranger et donc \u00e9ventuellement dans un pays dont le niveau de protection des donn\u00e9es est inf\u00e9rieur \u00e0 celui de la Suisse, m\u00eame si l&rsquo;exp\u00e9diteur et le destinataire se trouvent en Suisse. syndicom d\u00e9cline toute responsabilit\u00e9 quant \u00e0 la s\u00e9curit\u00e9 des donn\u00e9es transmises via Internet.<\/p>\n\n\n\n<h2 class=\"wp-block-heading\"><strong>Collecte et utilisation des informations<\/strong><\/h2>\n\n\n\n<p>Lors de l&rsquo;acc\u00e8s au site Web, diverses donn\u00e9es d&rsquo;acc\u00e8s (adresse IP, date et heure de l&rsquo;acc\u00e8s, nom du fichier consult\u00e9, etc.) sont stock\u00e9es. Aucune \u00e9valuation personnelle n&rsquo;a lieu. Les donn\u00e9es sont \u00e9valu\u00e9es de mani\u00e8re anonyme \u00e0 des fins statistiques, par exemple pour d\u00e9terminer la fr\u00e9quence quotidienne d&rsquo;acc\u00e8s au site Web. Si des donn\u00e9es personnelles (comme le nom, l\u2019adresse, le num\u00e9ro de t\u00e9l\u00e9phone ou l\u2019adresse e-mail) sont fournies volontairement, syndicom peut utiliser ces donn\u00e9es pour informer sur des prestations et campagnes. L\u2019effacement de donn\u00e9es personnelles peut \u00eatre demand\u00e9 \u00e0 tout moment.<\/p>\n\n\n\n<p>Ces donn\u00e9es sont trait\u00e9es de mani\u00e8re strictement confidentielle et ne sont pas communiqu\u00e9es \u00e0 des tiers, \u00e0 moins que vous consentiez par la loi \u00e0 leur divulgation ou la divulgation tient compte de nos int\u00e9r\u00eats l\u00e9gitimes en collaboration avec des tiers, qui nous soutiennent dans la mise \u00e0 disposition de notre offre ou dans la r\u00e9solution de probl\u00e8mes techniques.<\/p>\n\n\n\n<h2 class=\"wp-block-heading\"><strong>Cookies<\/strong><\/h2>\n\n\n\n<p>Pour d\u00e9terminer la popularit\u00e9 de diff\u00e9rents th\u00e8mes et rendre notre offre aussi conviviale que possible, nous utilisons des cookies. Il s\u2019agit de petits fichiers texte, qui sont install\u00e9s sur votre ordinateur et permettent d\u2019analyser le comportement des utilisateurs, de mesurer l\u2019audience et d\u2019am\u00e9liorer l\u2019offre. Ainsi, pour les services soumis \u00e0 l\u2019enregistrement, vous n\u2019avez pas besoin de vous reconnecter \u00e0 chaque visite. Ces fichiers texte ne contiennent aucune donn\u00e9e personnelle.<\/p>\n\n\n\n<p>Vous pouvez emp\u00eacher l\u2019installation de cookies en adaptant les param\u00e8tres de votre logiciel de navigation. Cela entrave n\u00e9anmoins, selon les circonstances, la fonctionnalit\u00e9 de nos offres. L\u2019acc\u00e8s aux domaines avec l\u2019obligation d\u2019enregistrement n\u2019est possible qu\u2019avec des cookies activ\u00e9s.<\/p>\n\n\n\n<p>A des fins statistiques et afin d\u2019am\u00e9liorer nos produits, nous recourrons aux prestations d\u2019analyse de Google Analytics et Facebook Pixel. Des donn\u00e9es personnelles ne sont en principe pas recueillies \u00e0 cette fin. Le cas \u00e9ch\u00e9ant, seules sont transmises les informations qui sont n\u00e9cessaires \u00e0 la r\u00e9alisation de notre mission. Les explications concernant ces services se trouvent ci-apr\u00e8s.<\/p>\n\n\n\n<h2 class=\"wp-block-heading\"><strong>Google Analytics<\/strong><\/h2>\n\n\n\n<p>Ce site Web utilise Google Analytics, un service d&rsquo;analyse Web fourni par Google Inc. (\u00abGoogle\u00bb). Google Analytics utilise des \u00abcookies\u00bb, qui sont des fichiers texte plac\u00e9s sur votre ordinateur pour permettre d\u2019analyser votre utilisation du site Web. Les informations g\u00e9n\u00e9r\u00e9es par les cookies concernant l&rsquo;utilisation du site web syndicom (y compris l&rsquo;adresse IP) sont transmises et stock\u00e9es par Google sur des serveurs h\u00e9berg\u00e9s aux Etats-Unis. <\/p>\n\n\n\n<p>Google utilisera ces informations dans le but d&rsquo;\u00e9valuer votre utilisation du site Web, de compiler des rapports sur l&rsquo;utilisation du site Web pour ses exploitants et de fournir d&rsquo;autres services li\u00e9s \u00e0 l\u2019utilisation du site et d&rsquo;Internet. Google peut \u00e9galement transmettre ces informations \u00e0 des tiers lorsque la loi l&rsquo;exige ou lorsque ces tiers traitent ces informations pour le compte de Google. Votre adresse IP ne sera en aucun cas associ\u00e9e \u00e0 d\u2019autres donn\u00e9es de Google. Vous pouvez refuser l&rsquo;installation de cookies en adaptant les param\u00e8tres de votre logiciel de navigateur. Sachez toutefois que, le cas \u00e9ch\u00e9ant, vous risquez de ne pas pouvoir utiliser toutes les fonctionnalit\u00e9s de ce site de mani\u00e8re optimale. En utilisant ce site Internet, vous consentez au traitement de vos donn\u00e9es nominatives par Google dans les conditions et pour les finalit\u00e9s d\u00e9crites ci-dessus.<\/p>\n\n\n\n<h2 class=\"wp-block-heading\"><strong>Google Ads<\/strong><\/h2>\n\n\n\n<p>Ce site utilise Google AdWords, un service d\u2019analyse de Google, et le suivi des conversions qui fait partie de Google AdWords. Il fonctionne de la fa\u00e7on suivante: lorsque vous cliquez sur une publicit\u00e9 affich\u00e9e par Google, Google AdWords sauvegarde un cookie pour le suivi de conversion (un \u00abcookie de suivi des conversions\u00bb) sur le disque dur de votre ordinateur. Ces cookies expirent apr\u00e8s 30 jours et ne permettent pas de vous identifier. Si vous visitez certaines pages de notre site, Google et nous-m\u00eames pourrons voir que vous avez cliqu\u00e9 sur une publicit\u00e9 et que vous avez \u00e9t\u00e9 redirig\u00e9 sur cette page.<\/p>\n\n\n\n<p>Les informations collect\u00e9es par les cookies de suivi des conversions servent \u00e0 g\u00e9n\u00e9rer des statistiques pour les clients d\u2019AdWords qui utilisent le suivi des conversions. Ces statistiques nous permettent de voir le nombre d\u2019utilisateurs ayant cliqu\u00e9 sur une publicit\u00e9 affich\u00e9e par Google et ayant acc\u00e9d\u00e9 \u00e0 une page avec une balise de suivi de conversion.<\/p>\n\n\n\n<p>Outre la balise de suivi de conversion, nous utilisons aussi les fonctions suivantes.<\/p>\n\n\n\n<ul class=\"wp-block-list\">\n<li>remarketing<\/li>\n\n\n\n<li>groupes cibles avec des int\u00e9r\u00eats communs<\/li>\n\n\n\n<li>groupes cibles personnalis\u00e9s avec des int\u00e9r\u00eats communs<\/li>\n\n\n\n<li>groupes cibles pr\u00eats \u00e0 acheter<\/li>\n\n\n\n<li>groupes cibles similaires<\/li>\n\n\n\n<li>orientation d\u00e9mographique et g\u00e9ographie.<\/li>\n<\/ul>\n\n\n\n<p>La fonction de remarketing de Google permet d\u2019entrer en contact avec des utilisateurs qui ont d\u00e9j\u00e0 visit\u00e9 notre site Internet. Nous pouvons afficher des publicit\u00e9s \u00e0 nos groupes cibles qui ont d\u00e9j\u00e0 manifest\u00e9 leur int\u00e9r\u00eat pour nos produits. De plus, en se basant sur le comportement de l\u2019utilisateur au sein du r\u00e9seau de publicit\u00e9 de Google (\u00abr\u00e9seau Display\u00bb) au cours des 30 derniers jours et \u00e0 l&rsquo;aide du moteur de recherche contextuel, AdWords d\u00e9termine les centres d\u2019int\u00e9r\u00eat et les fonctions partag\u00e9s par les utilisateurs de notre site Internet. A l\u2019aide de ces informations, AdWords trouve ensuite de nouveaux clients potentiels \u00e0 des fins de marketing, dont les centres d\u2019int\u00e9r\u00eat et les caract\u00e9ristiques sont similaires \u00e0 ceux des utilisateurs de notre site Internet. Le remarketing d\u2019un groupe cible est le r\u00e9sultat de l\u2019utilisation combin\u00e9e de cookies, tels que ceux de Google Analytics et de Google DoubleClick.<\/p>\n\n\n\n<p>Pour obtenir de plus amples informations sur les conditions g\u00e9n\u00e9rales d\u2019utilisation et sur la confidentialit\u00e9 des donn\u00e9es en lien avec Google AdWords, veuillez consulter: <a href=\"http:\/\/www.google.de\/intl\/fr\/policies\/technologies\/ads\/\" target=\"_blank\" rel=\"noreferrer noopener nofollow\">http:\/\/www.google.de\/intl\/fr\/policies\/technologies\/ads\/<\/a><\/p>\n\n\n\n<h2 class=\"wp-block-heading\">Contact, renseignements, annulation, blocage, suppression<\/h2>\n\n\n\n<p>Vous pouvez \u00e0 tout moment vous opposer \u00e0 l\u2019utilisation de vos donn\u00e9es personnelles, exiger une radiation ou un blocage partiel ou complet ou demander des renseignements sur les donn\u00e9es enregistr\u00e9es sous votre nom ou leur rectification. L\u2019emploi d\u2019une forme particuli\u00e8re n\u2019est pas n\u00e9cessaire, \u00e9crivez-nous par exemple un mail sous <a href=\"mailto:&#105;&#110;&#102;&#111;&#64;&#115;&#121;&#110;&#100;&#105;&#99;&#111;&#109;&#46;&#99;&#104;\">&#105;&#110;&#102;&#111;&#64;&#115;&#121;&#110;&#100;&#105;&#99;&#111;&#109;&#46;&#99;&#104;<\/a> ou utilisez notre <a href=\"https:\/\/syndicom.ch\/fr\/contact\/\" target=\"_blank\" rel=\"noreferrer noopener\">formulaire de contact<\/a> sur le site Internet.<\/p>\n\n\n\n<h2 class=\"wp-block-heading\"><strong>Dur\u00e9e de conservation<\/strong><\/h2>\n\n\n\n<p>Nous traitons et sauvegardons les donn\u00e9es personnelles des utilisateurs uniquement pendant le laps de temps n\u00e9cessaire \u00e0 fournir le service souhait\u00e9, ou aussi longtemps que l\u2019autorisent les dispositions l\u00e9gales auxquelles sont soumis les responsables. En cas de disparition de la finalit\u00e9 de la sauvegarde ou d\u2019expiration d\u2019un \u00e9ventuel d\u00e9lai l\u00e9gal, les donn\u00e9es personnelles sont bloqu\u00e9es ou supprim\u00e9es conform\u00e9ment aux prescriptions l\u00e9gales.<\/p>\n\n\n\n<h2 class=\"wp-block-heading\"><strong>S\u00e9curit\u00e9 des donn\u00e9es<\/strong><\/h2>\n\n\n\n<p>Nous avons adopt\u00e9 diff\u00e9rentes mesures techniques et organisationnelle afin de prot\u00e9ger vos donn\u00e9es de toute perte, modification ou acc\u00e8s par une tierce personne non autoris\u00e9e. Ces mesures de s\u00e9curit\u00e9 sont constamment am\u00e9lior\u00e9es en fonction des d\u00e9veloppements technologiques.<\/p>\n<\/div>\n<\/div>\n","protected":false},"excerpt":{"rendered":"<p>D\u00e9claration de confidentialit\u00e9 Informations juridiques Ceci est le site officiel de syndicom. Il est destin\u00e9 \u00e0 informer nos membres et les personnes int\u00e9ress\u00e9es, ainsi que nos partenaires et le grand public. syndicom peut faire appel \u00e0 des tiers pour l\u2019exploitation du site. Il peut modifier en tout temps les informations et les r\u00e8gles d\u2019utilisation. Les [&hellip;]<\/p>\n","protected":false},"author":2,"featured_media":0,"parent":0,"menu_order":0,"comment_status":"closed","ping_status":"closed","template":"startseite","meta":{"_acf_changed":false,"inline_featured_image":false,"_coblocks_attr":"","_coblocks_dimensions":"","_coblocks_responsive_height":"","_coblocks_accordion_ie_support":"","footnotes":""},"categories":[],"class_list":["post-5093","page","type-page","status-publish","hentry"],"acf":[],"yoast_head":"<!-- This site is optimized with the Yoast SEO plugin v27.3 - https:\/\/yoast.com\/product\/yoast-seo-wordpress\/ -->\n<title>D\u00e9claration de confidentialit\u00e9 - syndicom<\/title>\n<meta name=\"description\" content=\"Ceci est le site officiel de syndicom qui est destin\u00e9 \u00e0 informer nos membres, les personnes int\u00e9ress\u00e9es, nos partenaires et le grand public.\" \/>\n<meta name=\"robots\" content=\"index, follow, max-snippet:-1, max-image-preview:large, max-video-preview:-1\" \/>\n<link rel=\"canonical\" href=\"https:\/\/syndicom.ch\/fr\/declaration-de-confidentialite\/\" \/>\n<meta property=\"og:locale\" content=\"fr_FR\" \/>\n<meta property=\"og:type\" content=\"article\" \/>\n<meta property=\"og:title\" content=\"D\u00e9claration de confidentialit\u00e9 - syndicom\" \/>\n<meta property=\"og:description\" content=\"Ceci est le site officiel de syndicom qui est destin\u00e9 \u00e0 informer nos membres, les personnes int\u00e9ress\u00e9es, nos partenaires et le grand public.\" \/>\n<meta property=\"og:url\" content=\"https:\/\/syndicom.ch\/fr\/declaration-de-confidentialite\/\" \/>\n<meta property=\"og:site_name\" content=\"syndicom\" \/>\n<meta property=\"article:modified_time\" content=\"2026-02-04T09:39:20+00:00\" \/>\n<meta name=\"twitter:card\" content=\"summary_large_image\" \/>\n<meta name=\"twitter:label1\" content=\"Dur\u00e9e de lecture estim\u00e9e\" \/>\n\t<meta name=\"twitter:data1\" content=\"9 minutes\" \/>\n<script type=\"application\/ld+json\" class=\"yoast-schema-graph\">{\"@context\":\"https:\\\/\\\/schema.org\",\"@graph\":[{\"@type\":\"WebPage\",\"@id\":\"https:\\\/\\\/syndicom.ch\\\/fr\\\/declaration-de-confidentialite\\\/\",\"url\":\"https:\\\/\\\/syndicom.ch\\\/fr\\\/declaration-de-confidentialite\\\/\",\"name\":\"D\u00e9claration de confidentialit\u00e9 - syndicom\",\"isPartOf\":{\"@id\":\"https:\\\/\\\/syndicom.ch\\\/fr\\\/#website\"},\"datePublished\":\"2024-09-11T14:28:20+00:00\",\"dateModified\":\"2026-02-04T09:39:20+00:00\",\"description\":\"Ceci est le site officiel de syndicom qui est destin\u00e9 \u00e0 informer nos membres, les personnes int\u00e9ress\u00e9es, nos partenaires et le grand public.\",\"breadcrumb\":{\"@id\":\"https:\\\/\\\/syndicom.ch\\\/fr\\\/declaration-de-confidentialite\\\/#breadcrumb\"},\"inLanguage\":\"fr-FR\",\"potentialAction\":[{\"@type\":\"ReadAction\",\"target\":[\"https:\\\/\\\/syndicom.ch\\\/fr\\\/declaration-de-confidentialite\\\/\"]}]},{\"@type\":\"BreadcrumbList\",\"@id\":\"https:\\\/\\\/syndicom.ch\\\/fr\\\/declaration-de-confidentialite\\\/#breadcrumb\",\"itemListElement\":[{\"@type\":\"ListItem\",\"position\":1,\"name\":\"Page d'accueil\",\"item\":\"https:\\\/\\\/syndicom.ch\\\/fr\\\/\"},{\"@type\":\"ListItem\",\"position\":2,\"name\":\"D\u00e9claration de confidentialit\u00e9\"}]},{\"@type\":\"WebSite\",\"@id\":\"https:\\\/\\\/syndicom.ch\\\/fr\\\/#website\",\"url\":\"https:\\\/\\\/syndicom.ch\\\/fr\\\/\",\"name\":\"syndicom\",\"description\":\"\",\"publisher\":{\"@id\":\"https:\\\/\\\/syndicom.ch\\\/fr\\\/#organization\"},\"potentialAction\":[{\"@type\":\"SearchAction\",\"target\":{\"@type\":\"EntryPoint\",\"urlTemplate\":\"https:\\\/\\\/syndicom.ch\\\/fr\\\/?s={search_term_string}\"},\"query-input\":{\"@type\":\"PropertyValueSpecification\",\"valueRequired\":true,\"valueName\":\"search_term_string\"}}],\"inLanguage\":\"fr-FR\"},{\"@type\":\"Organization\",\"@id\":\"https:\\\/\\\/syndicom.ch\\\/fr\\\/#organization\",\"name\":\"syndicom\",\"url\":\"https:\\\/\\\/syndicom.ch\\\/fr\\\/\",\"logo\":{\"@type\":\"ImageObject\",\"inLanguage\":\"fr-FR\",\"@id\":\"https:\\\/\\\/syndicom.ch\\\/fr\\\/#\\\/schema\\\/logo\\\/image\\\/\",\"url\":\"https:\\\/\\\/syndicom.ch\\\/app\\\/uploads\\\/2024\\\/06\\\/logo.svg\",\"contentUrl\":\"https:\\\/\\\/syndicom.ch\\\/app\\\/uploads\\\/2024\\\/06\\\/logo.svg\",\"width\":297,\"height\":51,\"caption\":\"syndicom\"},\"image\":{\"@id\":\"https:\\\/\\\/syndicom.ch\\\/fr\\\/#\\\/schema\\\/logo\\\/image\\\/\"}}]}<\/script>\n<!-- \/ Yoast SEO plugin. -->","yoast_head_json":{"title":"D\u00e9claration de confidentialit\u00e9 - syndicom","description":"Ceci est le site officiel de syndicom qui est destin\u00e9 \u00e0 informer nos membres, les personnes int\u00e9ress\u00e9es, nos partenaires et le grand public.","robots":{"index":"index","follow":"follow","max-snippet":"max-snippet:-1","max-image-preview":"max-image-preview:large","max-video-preview":"max-video-preview:-1"},"canonical":"https:\/\/syndicom.ch\/fr\/declaration-de-confidentialite\/","og_locale":"fr_FR","og_type":"article","og_title":"D\u00e9claration de confidentialit\u00e9 - syndicom","og_description":"Ceci est le site officiel de syndicom qui est destin\u00e9 \u00e0 informer nos membres, les personnes int\u00e9ress\u00e9es, nos partenaires et le grand public.","og_url":"https:\/\/syndicom.ch\/fr\/declaration-de-confidentialite\/","og_site_name":"syndicom","article_modified_time":"2026-02-04T09:39:20+00:00","twitter_card":"summary_large_image","twitter_misc":{"Dur\u00e9e de lecture estim\u00e9e":"9 minutes"},"schema":{"@context":"https:\/\/schema.org","@graph":[{"@type":"WebPage","@id":"https:\/\/syndicom.ch\/fr\/declaration-de-confidentialite\/","url":"https:\/\/syndicom.ch\/fr\/declaration-de-confidentialite\/","name":"D\u00e9claration de confidentialit\u00e9 - syndicom","isPartOf":{"@id":"https:\/\/syndicom.ch\/fr\/#website"},"datePublished":"2024-09-11T14:28:20+00:00","dateModified":"2026-02-04T09:39:20+00:00","description":"Ceci est le site officiel de syndicom qui est destin\u00e9 \u00e0 informer nos membres, les personnes int\u00e9ress\u00e9es, nos partenaires et le grand public.","breadcrumb":{"@id":"https:\/\/syndicom.ch\/fr\/declaration-de-confidentialite\/#breadcrumb"},"inLanguage":"fr-FR","potentialAction":[{"@type":"ReadAction","target":["https:\/\/syndicom.ch\/fr\/declaration-de-confidentialite\/"]}]},{"@type":"BreadcrumbList","@id":"https:\/\/syndicom.ch\/fr\/declaration-de-confidentialite\/#breadcrumb","itemListElement":[{"@type":"ListItem","position":1,"name":"Page d'accueil","item":"https:\/\/syndicom.ch\/fr\/"},{"@type":"ListItem","position":2,"name":"D\u00e9claration de confidentialit\u00e9"}]},{"@type":"WebSite","@id":"https:\/\/syndicom.ch\/fr\/#website","url":"https:\/\/syndicom.ch\/fr\/","name":"syndicom","description":"","publisher":{"@id":"https:\/\/syndicom.ch\/fr\/#organization"},"potentialAction":[{"@type":"SearchAction","target":{"@type":"EntryPoint","urlTemplate":"https:\/\/syndicom.ch\/fr\/?s={search_term_string}"},"query-input":{"@type":"PropertyValueSpecification","valueRequired":true,"valueName":"search_term_string"}}],"inLanguage":"fr-FR"},{"@type":"Organization","@id":"https:\/\/syndicom.ch\/fr\/#organization","name":"syndicom","url":"https:\/\/syndicom.ch\/fr\/","logo":{"@type":"ImageObject","inLanguage":"fr-FR","@id":"https:\/\/syndicom.ch\/fr\/#\/schema\/logo\/image\/","url":"https:\/\/syndicom.ch\/app\/uploads\/2024\/06\/logo.svg","contentUrl":"https:\/\/syndicom.ch\/app\/uploads\/2024\/06\/logo.svg","width":297,"height":51,"caption":"syndicom"},"image":{"@id":"https:\/\/syndicom.ch\/fr\/#\/schema\/logo\/image\/"}}]}},"_links":{"self":[{"href":"https:\/\/syndicom.ch\/fr\/wp-json\/wp\/v2\/pages\/5093","targetHints":{"allow":["GET"]}}],"collection":[{"href":"https:\/\/syndicom.ch\/fr\/wp-json\/wp\/v2\/pages"}],"about":[{"href":"https:\/\/syndicom.ch\/fr\/wp-json\/wp\/v2\/types\/page"}],"author":[{"embeddable":true,"href":"https:\/\/syndicom.ch\/fr\/wp-json\/wp\/v2\/users\/2"}],"replies":[{"embeddable":true,"href":"https:\/\/syndicom.ch\/fr\/wp-json\/wp\/v2\/comments?post=5093"}],"version-history":[{"count":11,"href":"https:\/\/syndicom.ch\/fr\/wp-json\/wp\/v2\/pages\/5093\/revisions"}],"predecessor-version":[{"id":56984,"href":"https:\/\/syndicom.ch\/fr\/wp-json\/wp\/v2\/pages\/5093\/revisions\/56984"}],"wp:attachment":[{"href":"https:\/\/syndicom.ch\/fr\/wp-json\/wp\/v2\/media?parent=5093"}],"wp:term":[{"taxonomy":"category","embeddable":true,"href":"https:\/\/syndicom.ch\/fr\/wp-json\/wp\/v2\/categories?post=5093"}],"curies":[{"name":"wp","href":"https:\/\/api.w.org\/{rel}","templated":true}]}}