{"id":5317,"date":"2024-09-20T13:32:25","date_gmt":"2024-09-20T11:32:25","guid":{"rendered":"https:\/\/projects.atxeit.ch\/syndicom\/?page_id=5317"},"modified":"2026-02-04T14:14:36","modified_gmt":"2026-02-04T13:14:36","slug":"cct-presse-suisse-alemanique-tessin","status":"publish","type":"page","link":"https:\/\/syndicom.ch\/fr\/campagnes\/cct-presse-suisse-alemanique-tessin\/","title":{"rendered":"CCT pour la presse"},"content":{"rendered":"\n<div class=\"wp-block-group alignfull has-background-color has-primary-background-color has-text-color has-background has-link-color wp-elements-b0ddafb97744ced18d9876cb5cf31d5d is-layout-constrained wp-block-group-is-layout-constrained\">\n<div class=\"wp-block-group is-style-narrow is-layout-constrained wp-block-group-is-layout-constrained\">\n<div class=\"wp-block-columns is-layout-flex wp-container-core-columns-is-layout-9d6595d7 wp-block-columns-is-layout-flex\">\n<div class=\"wp-block-column is-layout-flow wp-block-column-is-layout-flow\" style=\"flex-basis:70%\">\n<h1 class=\"wp-block-heading\"><strong>Convention collective de travail (CCT) pour la presse en Suisse al\u00e9manique et au Tessin<\/strong><\/h1>\n\n\n\n<p class=\"campaign-meta\"><\/p>\n\n\n\n<p class=\"is-style-lead\">Les professionnel-les des m\u00e9dias de Suisse al\u00e9manique et du Tessin demandent une bonne convention collective de travail (CCT) avec des salaires et des conditions de travail \u00e9quitables dans le journalisme. <\/p>\n<\/div>\n\n\n\n<div class=\"wp-block-column is-layout-flow wp-block-column-is-layout-flow\" style=\"flex-basis:30%\"><\/div>\n<\/div>\n<\/div>\n<\/div>\n\n\n\n<div class=\"wp-block-columns is-layout-flex wp-container-core-columns-is-layout-9d6595d7 wp-block-columns-is-layout-flex\">\n<div class=\"wp-block-column is-layout-flow wp-block-column-is-layout-flow\" style=\"flex-basis:100%\">\n<div class=\"wp-block-group alignfull has-background-background-color has-background is-layout-constrained wp-block-group-is-layout-constrained\">\n<div class=\"wp-block-group is-style-narrow is-layout-constrained wp-block-group-is-layout-constrained\">\n<div class=\"wp-block-group is-layout-constrained wp-block-group-is-layout-constrained\">\n<h4 class=\"wp-block-heading\"><strong>Tes contacts syndicom<\/strong><\/h4>\n\n\n\n<div class=\"wp-block-group is-vertical is-layout-flex wp-container-core-group-is-layout-8cf370e7 wp-block-group-is-layout-flex\">\n<div class=\"wp-block-group is-style-row-2 is-nowrap is-layout-flex wp-container-core-group-is-layout-ad2f72ca wp-block-group-is-layout-flex\"><div class=\"wp-block-custom-person-item\"><div class=\"person-image\"><a class=\"employee-lightbox\" href=\"https:\/\/syndicom.ch\/app\/uploads\/2024\/09\/gewerkschaft-syndicom-anina-koch.jpg\" data-gallery=\"person-69ea07057abca\" ><img loading=\"lazy\" decoding=\"async\" src=\"https:\/\/syndicom.ch\/app\/uploads\/2024\/09\/gewerkschaft-syndicom-anina-koch.jpg\" class=\"attachment-post-thumbnail size-post-thumbnail wp-post-image \" \/><\/a><\/div><div class=\"meta-holder\"><h3 class=\"person-name\">Anina Koch<\/h3><div class=\"person-role\">Secr\u00e9taire r\u00e9gionale M\u00e9dias<\/div><div class=\"person-email\"><a href=\"mailto:&#105;&#110;&#102;&#111;&#64;&#115;&#121;&#110;&#100;&#105;&#99;&#111;&#109;&#46;&#99;&#104;\">&#105;&#110;&#102;&#111;&#64;&#115;&#121;&#110;&#100;&#105;&#99;&#111;&#109;&#46;&#99;&#104;<\/a><\/div><div><a href=\"tel:+41 58 817 19 03\" class=\"person-phone\">+41 58 817 19 03<\/a><\/div><div class=\"person-workdays\">Jours de travail: lundi &#8211; jeudi<\/div><\/div><\/div>\n\n<div class=\"wp-block-custom-person-item\"><div class=\"person-image\"><a class=\"employee-lightbox\" href=\"https:\/\/syndicom.ch\/app\/uploads\/2024\/08\/gewerkschaft-syndicom-idris-djelid.jpg\" data-gallery=\"person-69ea07057b163\" ><img loading=\"lazy\" decoding=\"async\" src=\"https:\/\/syndicom.ch\/app\/uploads\/2024\/08\/gewerkschaft-syndicom-idris-djelid.jpg\" class=\"attachment-post-thumbnail size-post-thumbnail wp-post-image \" \/><\/a><\/div><div class=\"meta-holder\"><h3 class=\"person-name\">Idris Djelid<\/h3><div class=\"person-role\">Secr\u00e9taire r\u00e9gional M\u00e9dias<\/div><div class=\"person-email\"><a href=\"mailto:&#105;&#110;&#102;&#111;&#64;&#115;&#121;&#110;&#100;&#105;&#99;&#111;&#109;&#46;&#99;&#104;\">&#105;&#110;&#102;&#111;&#64;&#115;&#121;&#110;&#100;&#105;&#99;&#111;&#109;&#46;&#99;&#104;<\/a><\/div><div><a href=\"tel:+41 58 817 18 18\" class=\"person-phone\">+41 58 817 18 18<\/a><\/div><div class=\"person-workdays\">Jours de travail: mardi &#8211; jeudi<\/div><\/div><\/div><\/div>\n<\/div>\n<\/div>\n\n\n\n<h2 class=\"wp-block-heading\"><strong>Pourquoi faut-il une convention collective de travail (CCT) de presse pour la Suisse al\u00e9manique et le Tessin ?<\/strong><\/h2>\n\n\n\n<p>La branche des m\u00e9dias a besoin de toute urgence d&rsquo;une convention collective de travail (CCT) pour fixer des normes minimales pour les professionnel-les des m\u00e9dias et prot\u00e9ger les conditions de travail. <\/p>\n\n\n\n<p>C&rsquo;est pourquoi ton syndicat syndicom et l&rsquo;association professionnelle n\u00e9gocient depuis 2017 avec l&rsquo;association des \u00e9diteurs VSM une convention collective de travail Presse pour la Suisse al\u00e9manique et le Tessin. Les n\u00e9gociations ont toutefois \u00e9t\u00e9 interrompues, car le VSM a refus\u00e9 d&rsquo;am\u00e9liorer son offre. <\/p>\n\n\n\n<p>Pour que le VSM revienne \u00e0 la table des n\u00e9gociations, syndicom a lanc\u00e9 avec l&rsquo;association professionnelle une p\u00e9tition. La p\u00e9tition a \u00e9t\u00e9 sign\u00e9e par plus de 1200 professionnel-les des m\u00e9dias et remise au VSM en hiver 2023. <\/p>\n\n\n\n<p>Suite \u00e0 cela, les n\u00e9gociations ont repris au printemps 2024.<\/p>\n\n\n\n<div class=\"wp-block-group is-style-narrow is-layout-constrained wp-block-group-is-layout-constrained\">\n<div class=\"wp-block-columns is-style-accordion has-background-background-color has-background is-layout-flex wp-container-core-columns-is-layout-9d6595d7 wp-block-columns-is-layout-flex\">\n<div class=\"wp-block-column has-background-background-color has-background is-layout-flow wp-block-column-is-layout-flow\">\n<h2 class=\"wp-block-heading has-primary-color has-text-color has-link-color wp-elements-bcb201756d72638118316fcf3bef2a42\"><strong>Nos revendications<\/strong><\/h2>\n<\/div>\n\n\n\n<div class=\"wp-block-column is-layout-flow wp-block-column-is-layout-flow\">\n<p>Un salaire minimum et des honoraires minimaux d\u00e9cents. Les salaires minimaux et les honoraires doivent correspondre au niveau de la CCT en Suisse romande. Les entreprises de m\u00e9dias en situation financi\u00e8re difficile peuvent toutefois prendre des dispositions flexibles.<\/p>\n\n\n\n<p>Les pigistes r\u00e9gulier-\u00e8res (y compris les photographes et les vid\u00e9astes) doivent b\u00e9n\u00e9ficier plus facilement de la protection de la CCT. Pour ce faire, les conditions d\u2019acc\u00e8s doivent \u00eatre assouplies. De bonnes conditions de travail pour am\u00e9liorer, notamment, les droits d\u2019auteur, la protection contre le licenciement des employ\u00e9-e-s de longue date, la gestion des heures suppl\u00e9mentaires et la r\u00e9mun\u00e9ration pendant la p\u00e9riode de formation.<\/p>\n<\/div>\n<\/div>\n\n\n\n<div class=\"wp-block-columns is-style-accordion has-background-background-color has-background is-layout-flex wp-container-core-columns-is-layout-9d6595d7 wp-block-columns-is-layout-flex\">\n<div class=\"wp-block-column has-background-background-color has-background is-layout-flow wp-block-column-is-layout-flow\">\n<h2 class=\"wp-block-heading has-primary-color has-text-color has-link-color wp-elements-ad7e8b50499dd91e0ae40da79e3761f6\">Pourquoi faut-il un salaire minimum et des honoraires minimaux ?<\/h2>\n<\/div>\n\n\n\n<div class=\"wp-block-column is-layout-flow wp-block-column-is-layout-flow\">\n<p>Les maisons d\u2019\u00e9dition, dont certaines sont tr\u00e8s rentables, n\u2019offrent qu\u2019un salaire minimum de 4800\u202ffrancs \u2013 bien trop peu pour le travail journalistique et m\u00eame 1000 francs de moins que le salaire minimum fix\u00e9 en Suisse romande. Pour les pigistes r\u00e9gulier-\u00e8re-s, les \u00e9diteurs ne proposent qu\u2019un honoraire journalier de 400 francs \u2013 184 francs de moins que le salaire minimum fix\u00e9 en Suisse romande.<\/p>\n\n\n\n<p>Le projet actuel de CCT pr\u00e9sente \u00e9galement des lacunes dans d\u2019autres domaines essentiels: il n\u00e9glige les droits d\u2019auteur et d\u2019utilisation des ind\u00e9pendant-es et n\u2019offre pas une protection suffisante contre le licenciement aux employ\u00e9-es de longue date. Par ailleurs, il manque une r\u00e9gulation urgente de la charge de travail, qui est souvent tr\u00e8s \u00e9lev\u00e9e, en particulier pour les jeunes journalistes.<\/p>\n<\/div>\n<\/div>\n<\/div>\n<\/div>\n<\/div>\n<\/div>\n<\/div>\n\n\n\n<div class=\"wp-block-group alignfull is-style-default has-background-color has-primary-background-color has-text-color has-background has-link-color wp-elements-6e4eb64d055b811d2f95f400bd9db66c is-layout-constrained wp-block-group-is-layout-constrained\">\n<div class=\"wp-block-media-text is-style-default\" style=\"grid-template-columns:26% auto\"><figure class=\"wp-block-media-text__media\"><a href=\"https:\/\/my.syndicom.ch\/adhesion\" target=\"_blank\" rel=\" noreferrer noopener\"><img loading=\"lazy\" decoding=\"async\" width=\"1024\" height=\"964\" src=\"https:\/\/syndicom.ch\/app\/uploads\/2025\/02\/vorteile-1024x964-2.webp\" alt=\"\" class=\"wp-image-27435 size-full\" srcset=\"https:\/\/syndicom.ch\/app\/uploads\/2025\/02\/vorteile-1024x964-2.webp 1024w, https:\/\/syndicom.ch\/app\/uploads\/2025\/02\/vorteile-1024x964-2-300x282.webp 300w, https:\/\/syndicom.ch\/app\/uploads\/2025\/02\/vorteile-1024x964-2-768x723.webp 768w\" sizes=\"auto, (max-width: 1024px) 100vw, 1024px\" \/><\/a><\/figure><div class=\"wp-block-media-text__content\">\n<h2 class=\"wp-block-heading\"><strong>Comme membre de syndicom, tu profites d\u2019avantages<\/strong><\/h2>\n\n\n\n<p>Tu renforces notre syndicat et donc aussi ta position professionnelle. Ainsi, tu b\u00e9n\u00e9ficies d\u2019une protection, d\u2019un soutien et de rabais attrayants.<\/p>\n\n\n\n<p><\/p>\n\n\n\n<p><\/p>\n<\/div><\/div>\n\n\n\n<div class=\"wp-block-buttons is-content-justification-center is-layout-flex wp-container-core-buttons-is-layout-16018d1d wp-block-buttons-is-layout-flex\">\n<div class=\"wp-block-button is-style-syn-member-cta\"><a class=\"wp-block-button__link wp-element-button\" href=\"https:\/\/my.syndicom.ch\/adhesion\" target=\"_blank\" rel=\"noreferrer noopener\">Deviens membre<\/a><\/div>\n\n\n\n<div class=\"wp-block-button is-style-outline is-style-outline--1\"><a class=\"wp-block-button__link has-background-color has-text-color has-link-color wp-element-button\" href=\"https:\/\/syndicom.ch\/fr\/faq-affiliation\/\" target=\"_blank\" rel=\"noreferrer noopener\">Avantages et infos sur l&rsquo;adh\u00e9sion<\/a><\/div>\n<\/div>\n<\/div>\n","protected":false},"excerpt":{"rendered":"<p>Tes contacts syndicom Pourquoi faut-il une convention collective de travail (CCT) de presse pour la Suisse al\u00e9manique et le Tessin ? La branche des m\u00e9dias a besoin de toute urgence d&rsquo;une convention collective de travail (CCT) pour fixer des normes minimales pour les professionnel-les des m\u00e9dias et prot\u00e9ger les conditions de travail. C&rsquo;est pourquoi ton [&hellip;]<\/p>\n","protected":false},"author":2,"featured_media":0,"parent":5964,"menu_order":0,"comment_status":"closed","ping_status":"closed","template":"","meta":{"_acf_changed":false,"inline_featured_image":false,"_coblocks_attr":"","_coblocks_dimensions":"","_coblocks_responsive_height":"","_coblocks_accordion_ie_support":"","footnotes":""},"categories":[370],"class_list":["post-5317","page","type-page","status-publish","hentry","category-campagne"],"acf":[],"yoast_head":"<!-- This site is optimized with the Yoast SEO plugin v27.3 - https:\/\/yoast.com\/product\/yoast-seo-wordpress\/ -->\n<title>CCT pour la presse - syndicom<\/title>\n<meta name=\"description\" content=\"Les professionnel-le-s des m\u00e9dias de Suisse al\u00e9manique &amp; du Tessin demandent 1 bonne CCT avec des salaires &amp; conditions de travail \u00e9quitables\" \/>\n<meta name=\"robots\" content=\"index, follow, max-snippet:-1, max-image-preview:large, max-video-preview:-1\" \/>\n<link rel=\"canonical\" href=\"https:\/\/syndicom.ch\/fr\/campagnes\/cct-presse-suisse-alemanique-tessin\/\" \/>\n<meta property=\"og:locale\" content=\"fr_FR\" \/>\n<meta property=\"og:type\" content=\"article\" \/>\n<meta property=\"og:title\" content=\"CCT pour la presse - syndicom\" \/>\n<meta property=\"og:description\" content=\"Les professionnel-le-s des m\u00e9dias de Suisse al\u00e9manique &amp; du Tessin demandent 1 bonne CCT avec des salaires &amp; conditions de travail \u00e9quitables\" \/>\n<meta property=\"og:url\" content=\"https:\/\/syndicom.ch\/fr\/campagnes\/cct-presse-suisse-alemanique-tessin\/\" \/>\n<meta property=\"og:site_name\" content=\"syndicom\" \/>\n<meta property=\"article:modified_time\" content=\"2026-02-04T13:14:36+00:00\" \/>\n<meta name=\"twitter:card\" content=\"summary_large_image\" \/>\n<meta name=\"twitter:label1\" content=\"Dur\u00e9e de lecture estim\u00e9e\" \/>\n\t<meta name=\"twitter:data1\" content=\"3 minutes\" \/>\n<script type=\"application\/ld+json\" class=\"yoast-schema-graph\">{\"@context\":\"https:\\\/\\\/schema.org\",\"@graph\":[{\"@type\":\"WebPage\",\"@id\":\"https:\\\/\\\/syndicom.ch\\\/fr\\\/campagnes\\\/cct-presse-suisse-alemanique-tessin\\\/\",\"url\":\"https:\\\/\\\/syndicom.ch\\\/fr\\\/campagnes\\\/cct-presse-suisse-alemanique-tessin\\\/\",\"name\":\"CCT pour la presse - syndicom\",\"isPartOf\":{\"@id\":\"https:\\\/\\\/syndicom.ch\\\/fr\\\/#website\"},\"datePublished\":\"2024-09-20T11:32:25+00:00\",\"dateModified\":\"2026-02-04T13:14:36+00:00\",\"description\":\"Les professionnel-le-s des m\u00e9dias de Suisse al\u00e9manique & du Tessin demandent 1 bonne CCT avec des salaires & conditions de travail \u00e9quitables\",\"breadcrumb\":{\"@id\":\"https:\\\/\\\/syndicom.ch\\\/fr\\\/campagnes\\\/cct-presse-suisse-alemanique-tessin\\\/#breadcrumb\"},\"inLanguage\":\"fr-FR\",\"potentialAction\":[{\"@type\":\"ReadAction\",\"target\":[\"https:\\\/\\\/syndicom.ch\\\/fr\\\/campagnes\\\/cct-presse-suisse-alemanique-tessin\\\/\"]}]},{\"@type\":\"BreadcrumbList\",\"@id\":\"https:\\\/\\\/syndicom.ch\\\/fr\\\/campagnes\\\/cct-presse-suisse-alemanique-tessin\\\/#breadcrumb\",\"itemListElement\":[{\"@type\":\"ListItem\",\"position\":1,\"name\":\"Page d'accueil\",\"item\":\"https:\\\/\\\/syndicom.ch\\\/fr\\\/\"},{\"@type\":\"ListItem\",\"position\":2,\"name\":\"Campagnes\",\"item\":\"https:\\\/\\\/syndicom.ch\\\/fr\\\/campagnes\\\/\"},{\"@type\":\"ListItem\",\"position\":3,\"name\":\"CCT pour la presse\"}]},{\"@type\":\"WebSite\",\"@id\":\"https:\\\/\\\/syndicom.ch\\\/fr\\\/#website\",\"url\":\"https:\\\/\\\/syndicom.ch\\\/fr\\\/\",\"name\":\"syndicom\",\"description\":\"\",\"publisher\":{\"@id\":\"https:\\\/\\\/syndicom.ch\\\/fr\\\/#organization\"},\"potentialAction\":[{\"@type\":\"SearchAction\",\"target\":{\"@type\":\"EntryPoint\",\"urlTemplate\":\"https:\\\/\\\/syndicom.ch\\\/fr\\\/?s={search_term_string}\"},\"query-input\":{\"@type\":\"PropertyValueSpecification\",\"valueRequired\":true,\"valueName\":\"search_term_string\"}}],\"inLanguage\":\"fr-FR\"},{\"@type\":\"Organization\",\"@id\":\"https:\\\/\\\/syndicom.ch\\\/fr\\\/#organization\",\"name\":\"syndicom\",\"url\":\"https:\\\/\\\/syndicom.ch\\\/fr\\\/\",\"logo\":{\"@type\":\"ImageObject\",\"inLanguage\":\"fr-FR\",\"@id\":\"https:\\\/\\\/syndicom.ch\\\/fr\\\/#\\\/schema\\\/logo\\\/image\\\/\",\"url\":\"https:\\\/\\\/syndicom.ch\\\/app\\\/uploads\\\/2024\\\/06\\\/logo.svg\",\"contentUrl\":\"https:\\\/\\\/syndicom.ch\\\/app\\\/uploads\\\/2024\\\/06\\\/logo.svg\",\"width\":297,\"height\":51,\"caption\":\"syndicom\"},\"image\":{\"@id\":\"https:\\\/\\\/syndicom.ch\\\/fr\\\/#\\\/schema\\\/logo\\\/image\\\/\"}}]}<\/script>\n<!-- \/ Yoast SEO plugin. -->","yoast_head_json":{"title":"CCT pour la presse - syndicom","description":"Les professionnel-le-s des m\u00e9dias de Suisse al\u00e9manique & du Tessin demandent 1 bonne CCT avec des salaires & conditions de travail \u00e9quitables","robots":{"index":"index","follow":"follow","max-snippet":"max-snippet:-1","max-image-preview":"max-image-preview:large","max-video-preview":"max-video-preview:-1"},"canonical":"https:\/\/syndicom.ch\/fr\/campagnes\/cct-presse-suisse-alemanique-tessin\/","og_locale":"fr_FR","og_type":"article","og_title":"CCT pour la presse - syndicom","og_description":"Les professionnel-le-s des m\u00e9dias de Suisse al\u00e9manique & du Tessin demandent 1 bonne CCT avec des salaires & conditions de travail \u00e9quitables","og_url":"https:\/\/syndicom.ch\/fr\/campagnes\/cct-presse-suisse-alemanique-tessin\/","og_site_name":"syndicom","article_modified_time":"2026-02-04T13:14:36+00:00","twitter_card":"summary_large_image","twitter_misc":{"Dur\u00e9e de lecture estim\u00e9e":"3 minutes"},"schema":{"@context":"https:\/\/schema.org","@graph":[{"@type":"WebPage","@id":"https:\/\/syndicom.ch\/fr\/campagnes\/cct-presse-suisse-alemanique-tessin\/","url":"https:\/\/syndicom.ch\/fr\/campagnes\/cct-presse-suisse-alemanique-tessin\/","name":"CCT pour la presse - syndicom","isPartOf":{"@id":"https:\/\/syndicom.ch\/fr\/#website"},"datePublished":"2024-09-20T11:32:25+00:00","dateModified":"2026-02-04T13:14:36+00:00","description":"Les professionnel-le-s des m\u00e9dias de Suisse al\u00e9manique & du Tessin demandent 1 bonne CCT avec des salaires & conditions de travail \u00e9quitables","breadcrumb":{"@id":"https:\/\/syndicom.ch\/fr\/campagnes\/cct-presse-suisse-alemanique-tessin\/#breadcrumb"},"inLanguage":"fr-FR","potentialAction":[{"@type":"ReadAction","target":["https:\/\/syndicom.ch\/fr\/campagnes\/cct-presse-suisse-alemanique-tessin\/"]}]},{"@type":"BreadcrumbList","@id":"https:\/\/syndicom.ch\/fr\/campagnes\/cct-presse-suisse-alemanique-tessin\/#breadcrumb","itemListElement":[{"@type":"ListItem","position":1,"name":"Page d'accueil","item":"https:\/\/syndicom.ch\/fr\/"},{"@type":"ListItem","position":2,"name":"Campagnes","item":"https:\/\/syndicom.ch\/fr\/campagnes\/"},{"@type":"ListItem","position":3,"name":"CCT pour la presse"}]},{"@type":"WebSite","@id":"https:\/\/syndicom.ch\/fr\/#website","url":"https:\/\/syndicom.ch\/fr\/","name":"syndicom","description":"","publisher":{"@id":"https:\/\/syndicom.ch\/fr\/#organization"},"potentialAction":[{"@type":"SearchAction","target":{"@type":"EntryPoint","urlTemplate":"https:\/\/syndicom.ch\/fr\/?s={search_term_string}"},"query-input":{"@type":"PropertyValueSpecification","valueRequired":true,"valueName":"search_term_string"}}],"inLanguage":"fr-FR"},{"@type":"Organization","@id":"https:\/\/syndicom.ch\/fr\/#organization","name":"syndicom","url":"https:\/\/syndicom.ch\/fr\/","logo":{"@type":"ImageObject","inLanguage":"fr-FR","@id":"https:\/\/syndicom.ch\/fr\/#\/schema\/logo\/image\/","url":"https:\/\/syndicom.ch\/app\/uploads\/2024\/06\/logo.svg","contentUrl":"https:\/\/syndicom.ch\/app\/uploads\/2024\/06\/logo.svg","width":297,"height":51,"caption":"syndicom"},"image":{"@id":"https:\/\/syndicom.ch\/fr\/#\/schema\/logo\/image\/"}}]}},"_links":{"self":[{"href":"https:\/\/syndicom.ch\/fr\/wp-json\/wp\/v2\/pages\/5317","targetHints":{"allow":["GET"]}}],"collection":[{"href":"https:\/\/syndicom.ch\/fr\/wp-json\/wp\/v2\/pages"}],"about":[{"href":"https:\/\/syndicom.ch\/fr\/wp-json\/wp\/v2\/types\/page"}],"author":[{"embeddable":true,"href":"https:\/\/syndicom.ch\/fr\/wp-json\/wp\/v2\/users\/2"}],"replies":[{"embeddable":true,"href":"https:\/\/syndicom.ch\/fr\/wp-json\/wp\/v2\/comments?post=5317"}],"version-history":[{"count":22,"href":"https:\/\/syndicom.ch\/fr\/wp-json\/wp\/v2\/pages\/5317\/revisions"}],"predecessor-version":[{"id":37874,"href":"https:\/\/syndicom.ch\/fr\/wp-json\/wp\/v2\/pages\/5317\/revisions\/37874"}],"up":[{"embeddable":true,"href":"https:\/\/syndicom.ch\/fr\/wp-json\/wp\/v2\/pages\/5964"}],"wp:attachment":[{"href":"https:\/\/syndicom.ch\/fr\/wp-json\/wp\/v2\/media?parent=5317"}],"wp:term":[{"taxonomy":"category","embeddable":true,"href":"https:\/\/syndicom.ch\/fr\/wp-json\/wp\/v2\/categories?post=5317"}],"curies":[{"name":"wp","href":"https:\/\/api.w.org\/{rel}","templated":true}]}}