{"id":53579,"date":"2026-01-05T16:03:11","date_gmt":"2026-01-05T15:03:11","guid":{"rendered":"https:\/\/syndicom.ch\/?page_id=53579"},"modified":"2026-03-09T11:13:41","modified_gmt":"2026-03-09T10:13:41","slug":"initiative-anti-ssr","status":"publish","type":"page","link":"https:\/\/syndicom.ch\/fr\/campagnes\/initiative-anti-ssr\/","title":{"rendered":"Non \u00e0 l&rsquo;initiative SSR le 8 mars 2026"},"content":{"rendered":"\n<div class=\"wp-block-cover alignfull is-style-imageheight mb-0 mt-0\" style=\"min-height:450px;aspect-ratio:unset;\"><img loading=\"lazy\" decoding=\"async\" width=\"1434\" height=\"2034\" class=\"wp-block-cover__image-background wp-image-53287 size-full\" alt=\"\" src=\"https:\/\/syndicom.ch\/app\/uploads\/2026\/01\/gewerkschaft-syndicom-srg-hintergrund.jpg\" style=\"object-position:84% 92%\" data-object-fit=\"cover\" data-object-position=\"84% 92%\" srcset=\"https:\/\/syndicom.ch\/app\/uploads\/2026\/01\/gewerkschaft-syndicom-srg-hintergrund.jpg 1434w, https:\/\/syndicom.ch\/app\/uploads\/2026\/01\/gewerkschaft-syndicom-srg-hintergrund-212x300.jpg 212w, https:\/\/syndicom.ch\/app\/uploads\/2026\/01\/gewerkschaft-syndicom-srg-hintergrund-722x1024.jpg 722w, https:\/\/syndicom.ch\/app\/uploads\/2026\/01\/gewerkschaft-syndicom-srg-hintergrund-768x1089.jpg 768w, https:\/\/syndicom.ch\/app\/uploads\/2026\/01\/gewerkschaft-syndicom-srg-hintergrund-1083x1536.jpg 1083w\" sizes=\"auto, (max-width: 1434px) 100vw, 1434px\" \/><span aria-hidden=\"true\" class=\"wp-block-cover__background has-primary-background-color has-background-dim-30 has-background-dim\"><\/span><div class=\"wp-block-cover__inner-container is-layout-flow wp-block-cover-is-layout-flow\">\n<div class=\"wp-block-group is-content-justification-center is-layout-constrained wp-block-group-is-layout-constrained\">\n<div class=\"wp-block-group is-layout-constrained wp-block-group-is-layout-constrained\">\n<div class=\"wp-block-columns is-layout-flex wp-container-core-columns-is-layout-9d6595d7 wp-block-columns-is-layout-flex\">\n<div class=\"wp-block-column is-layout-flow wp-block-column-is-layout-flow\" style=\"flex-basis:4.5%\"><\/div>\n\n\n\n<div class=\"wp-block-column is-layout-flow wp-block-column-is-layout-flow\" style=\"flex-basis:100%\">\n<h2 class=\"wp-block-heading has-text-align-left\" style=\"font-size:54px\"><mark style=\"background-color:#ffffff\" class=\"has-inline-color\">Non \u00e0 l&rsquo;initiative SSR le 8 mars 2026<\/mark><\/h2>\n\n\n\n<div class=\"wp-block-group is-layout-constrained wp-block-group-is-layout-constrained\">\n<p class=\"is-style-lead has-primary-background-color has-background\">Gr\u00e2ce \u00e0 votre engagement et \u00e0 votre voix, la Suisse a clairement refus\u00e9, le 8 mars, l\u2019initiative \u00ab 200 francs \u00e7a suffit \u00bb.<\/p>\n<\/div>\n<\/div>\n<\/div>\n<\/div>\n<\/div>\n<\/div><\/div>\n\n\n\n<div class=\"wp-block-group alignfull has-background-background-color has-background is-layout-constrained wp-block-group-is-layout-constrained\">\n<div class=\"wp-block-group is-style-narrow is-layout-constrained wp-block-group-is-layout-constrained\">\n<div class=\"wp-block-group is-style-narrow is-layout-constrained wp-block-group-is-layout-constrained\">\n<h2 class=\"wp-block-heading has-text-align-center has-background-color has-primary-background-color has-text-color has-background has-link-color wp-elements-8924878a3ea930331434cafaf84ae396\" id=\"Danke\">Merci<\/h2>\n\n\n\n<p>La Suisse a clairement refus\u00e9 l\u2019initiative \u00ab 200 francs \u00e7a suffit \u00bb.<\/p>\n\n\n\n<p>Ainsi il est clair que la population soutient un service public fort et une SSR forte.<\/p>\n\n\n\n<p><strong>Avec ce Non clair, la population suisse a confirm\u00e9 que :<\/strong><\/p>\n\n\n\n<ul class=\"wp-block-list\">\n<li class=\"is-style-check\">Les m\u00e9dias&nbsp;<strong>ont besoin d\u2019un financement public appropri\u00e9<\/strong><\/li>\n\n\n\n<li class=\"is-style-check\">Une i<strong>nformation \u00e9quilibr\u00e9e dans toutes les r\u00e9gions&nbsp;<\/strong>linguistiques est essentielle<\/li>\n\n\n\n<li class=\"is-style-check\">\u00c0 l\u2019\u00e8re de l\u2019autoritarisme et de la d\u00e9sinformation,<strong>&nbsp;le journalisme ne doit pas \u00eatre mis \u00e0 mal par des mesures d\u2019\u00e9conomie<\/strong><\/li>\n<\/ul>\n\n\n\n<p><strong>Les personnes qui veulent un journalisme cr\u00e9dible doivent aussi le rendre possible \u2013 avec un financement public stable.<\/strong><br><br>La balle est d\u00e9sormais dans le camp du Conseil f\u00e9d\u00e9ral, de la direction de la SSR et des groupes de presse priv\u00e9s. La d\u00e9cision claire montre que la population veut des m\u00e9dias forts et une large offre culturelle, sportive et en informations.&nbsp;Apr\u00e8s cette votation, nous exigeons de stopper les mesures d\u2019\u00e9conomie. Nous attendons \u00e0 nouveau&nbsp;des investissements dans la qualit\u00e9, dans la recherche et dans le personnel, plut\u00f4t que des r\u00e9ductions de postes permanentes.<\/p>\n\n\n\n<p>Merci de tout c\u0153ur pour votre engagement.&nbsp;<strong>Ensemble, nous d\u00e9fendons un paysage m\u00e9diatique fort.<\/strong><\/p>\n\n\n\n<h2 class=\"wp-block-heading\">Aller de l\u2019avant ensemble \u2013 perspectives pour 2028<\/h2>\n\n\n\n<p><strong>La mobilisation a montr\u00e9 ce que nous pouvons r\u00e9aliser ensemble.<\/strong>&nbsp;Et elle continuera \u00e0 \u00eatre n\u00e9cessaire : en 2028, la concession SSR expire. Nous poursuivons notre combat \u2013 pour des m\u00e9dias forts et des conditions de travail \u00e9quitables.<\/p>\n\n\n\n<div class=\"wp-block-columns has-tertiary-background-color has-background is-layout-flex wp-container-core-columns-is-layout-9d6595d7 wp-block-columns-is-layout-flex\">\n<div class=\"wp-block-column is-layout-flow wp-block-column-is-layout-flow\">\n<h3 class=\"wp-block-heading\"><strong><strong>Plus d&rsquo;infos<\/strong><\/strong><\/h3>\n\n\n\n<div class=\"wp-block-buttons is-layout-flex wp-block-buttons-is-layout-flex\">\n<div class=\"wp-block-button is-style-external\"><a class=\"wp-block-button__link wp-element-button\" href=\"https:\/\/syndicom.ch\/fr\/communique-de-presse\/rejet-net-de-linitiative-anti-ssr\/\" target=\"_blank\" rel=\"noreferrer noopener\">Communiqu\u00e9 de presse du 8 mars 2026 : Rejet net de l\u2019initiative anti-SSR<\/a><\/div>\n\n\n\n<div class=\"wp-block-button is-style-external\"><a class=\"wp-block-button__link wp-element-button\" href=\"#Nos-raisons-de-voter-non\"><strong>Pourquoi nous avons vot\u00e9 non<\/strong><\/a><\/div>\n<\/div>\n<\/div>\n<\/div>\n<\/div>\n<\/div>\n<\/div>\n\n\n\n\n\n\n\n<div class=\"wp-block-group alignfull has-background-background-color has-background is-content-justification-center is-layout-constrained wp-block-group-is-layout-constrained\">\n<div class=\"wp-block-group is-style-narrow is-layout-constrained wp-block-group-is-layout-constrained\">\n<h2 class=\"wp-block-heading has-text-align-center has-background-color has-primary-background-color has-text-color has-background has-link-color wp-elements-52f51be89131ebe54b73339185e2cb33\" id=\"Nos-raisons-de-voter-non\"><strong>Pourquoi nous avons vot\u00e9 non<\/strong><\/h2>\n<\/div>\n<\/div>\n\n\n\n<div class=\"wp-block-group is-layout-constrained wp-block-group-is-layout-constrained\">\n<h2 class=\"wp-block-heading has-text-align-center\">Nos membres expliquent pourquoi ils votent non<\/h2>\n\n\n\n<p class=\"has-text-align-center\"><\/p>\n<\/div>\n\n\n\n<div class=\"wp-block-group alignfull is-layout-constrained wp-block-group-is-layout-constrained\">\n<div class=\"wp-block-group is-style-narrow is-layout-flow wp-block-group-is-layout-flow\">\n<div class=\"wp-block-group is-style-slider is-autoplay coblocks-animate is-layout-constrained wp-container-core-group-is-layout-5ca99053 wp-block-group-is-layout-constrained\" data-coblocks-animation=\"zoomIn\">\n<div class=\"wp-block-group coblocks-animate is-layout-constrained wp-container-core-group-is-layout-1d6f4e6b wp-block-group-is-layout-constrained\" data-coblocks-animation=\"zoomIn\">\n<div class=\"wp-block-group is-layout-constrained wp-container-core-group-is-layout-b5ae9130 wp-block-group-is-layout-constrained\">\n<figure class=\"wp-block-video\"><video height=\"1350\" style=\"aspect-ratio: 1080 \/ 1350;\" width=\"1080\" controls src=\"https:\/\/syndicom.ch\/app\/uploads\/2026\/02\/gewerkschaft-syndicom-nein-srg-initiative-testimonial-olmo-cerri.mp4\"><\/video><\/figure>\n<\/div>\n<\/div>\n\n\n\n<div class=\"wp-block-group coblocks-animate is-layout-constrained wp-container-core-group-is-layout-1d6f4e6b wp-block-group-is-layout-constrained\" data-coblocks-animation=\"zoomIn\">\n<div class=\"wp-block-group is-layout-constrained wp-container-core-group-is-layout-b5ae9130 wp-block-group-is-layout-constrained\">\n<figure class=\"wp-block-video\"><video height=\"1350\" style=\"aspect-ratio: 1080 \/ 1350;\" width=\"1080\" controls src=\"https:\/\/syndicom.ch\/app\/uploads\/2026\/02\/gewerkschaft-syndicom-nein-srg-initiative-testimonial-eva-hirschi.mp4\"><\/video><\/figure>\n<\/div>\n<\/div>\n\n\n\n<div class=\"wp-block-group coblocks-animate is-layout-constrained wp-container-core-group-is-layout-1d6f4e6b wp-block-group-is-layout-constrained\" data-coblocks-animation=\"zoomIn\">\n<div class=\"wp-block-group is-layout-constrained wp-container-core-group-is-layout-b5ae9130 wp-block-group-is-layout-constrained\">\n<figure class=\"wp-block-video\"><video height=\"1350\" style=\"aspect-ratio: 1080 \/ 1350;\" width=\"1080\" controls src=\"https:\/\/syndicom.ch\/app\/uploads\/2026\/02\/gewerkschaft-syndicom-nein-srg-initiative-testimonial-barbara-roelli.mp4\"><\/video><\/figure>\n<\/div>\n<\/div>\n<\/div>\n\n\n\n<p class=\"has-text-align-center\">Tu trouveras d&rsquo;autres publications et vid\u00e9os sur notre <a href=\"https:\/\/www.instagram.com\/syndicom\" target=\"_blank\" rel=\"noreferrer noopener nofollow\">canal Instagram<\/a>.<br>Le magazine syndicom parle aussi des personnes concern\u00e9es, analyse les cons\u00e9quences de l&rsquo;initiative et met en lumi\u00e8re le contexte du monde du travail et du secteur des m\u00e9dias. <a href=\"https:\/\/syndicom.ch\/fr\/magazine\/?gqs=&#038;catfilter=syn_magazine_category%3A365\" target=\"_blank\" rel=\"noreferrer noopener\">\u279c vers le magazine syndicom<\/a><\/p>\n\n\n\n<div style=\"height:100px\" aria-hidden=\"true\" class=\"wp-block-spacer\"><\/div>\n<\/div>\n<\/div>\n\n\n\n\n\n<div class=\"wp-block-cover alignfull is-style-imageheight mb-0 mt-0\" style=\"min-height:450px;aspect-ratio:unset;\" id=\"citation-stephanie\"><img loading=\"lazy\" decoding=\"async\" width=\"1434\" height=\"2034\" class=\"wp-block-cover__image-background wp-image-53287 size-full\" alt=\"\" src=\"https:\/\/syndicom.ch\/app\/uploads\/2026\/01\/gewerkschaft-syndicom-srg-hintergrund.jpg\" style=\"object-position:66% 43%\" data-object-fit=\"cover\" data-object-position=\"66% 43%\" srcset=\"https:\/\/syndicom.ch\/app\/uploads\/2026\/01\/gewerkschaft-syndicom-srg-hintergrund.jpg 1434w, https:\/\/syndicom.ch\/app\/uploads\/2026\/01\/gewerkschaft-syndicom-srg-hintergrund-212x300.jpg 212w, https:\/\/syndicom.ch\/app\/uploads\/2026\/01\/gewerkschaft-syndicom-srg-hintergrund-722x1024.jpg 722w, https:\/\/syndicom.ch\/app\/uploads\/2026\/01\/gewerkschaft-syndicom-srg-hintergrund-768x1089.jpg 768w, https:\/\/syndicom.ch\/app\/uploads\/2026\/01\/gewerkschaft-syndicom-srg-hintergrund-1083x1536.jpg 1083w\" sizes=\"auto, (max-width: 1434px) 100vw, 1434px\" \/><span aria-hidden=\"true\" class=\"wp-block-cover__background has-primary-background-color has-background-dim-30 has-background-dim\"><\/span><div class=\"wp-block-cover__inner-container is-layout-flow wp-block-cover-is-layout-flow\">\n<div class=\"wp-block-columns is-layout-flex wp-container-core-columns-is-layout-9d6595d7 wp-block-columns-is-layout-flex\">\n<div class=\"wp-block-column is-layout-flow wp-block-column-is-layout-flow\" style=\"flex-basis:30%\">\n<figure data-wp-context=\"{&quot;imageId&quot;:&quot;69eb5c1778346&quot;}\" data-wp-interactive=\"core\/image\" data-wp-key=\"69eb5c1778346\" class=\"wp-block-image aligncenter size-large is-resized is-style-syn-small-on-mobile has-lightbox wp-lightbox-container\"><img loading=\"lazy\" decoding=\"async\" width=\"819\" height=\"1024\" data-wp-class--hide=\"state.isContentHidden\" data-wp-class--show=\"state.isContentVisible\" data-wp-init=\"callbacks.setButtonStyles\" data-wp-on--click=\"actions.showLightbox\" data-wp-on--load=\"callbacks.setButtonStyles\" data-wp-on-window--resize=\"callbacks.setButtonStyles\" src=\"https:\/\/syndicom.ch\/app\/uploads\/2026\/01\/syndicat-syndicom-ssr-initiative-portrait-stephanie-vonarburg-819x1024.png\" alt=\"\" class=\"wp-image-53597\" style=\"aspect-ratio:0.799836989743938;width:212px;height:auto\" srcset=\"https:\/\/syndicom.ch\/app\/uploads\/2026\/01\/syndicat-syndicom-ssr-initiative-portrait-stephanie-vonarburg-819x1024.png 819w, https:\/\/syndicom.ch\/app\/uploads\/2026\/01\/syndicat-syndicom-ssr-initiative-portrait-stephanie-vonarburg-240x300.png 240w, https:\/\/syndicom.ch\/app\/uploads\/2026\/01\/syndicat-syndicom-ssr-initiative-portrait-stephanie-vonarburg-768x960.png 768w, https:\/\/syndicom.ch\/app\/uploads\/2026\/01\/syndicat-syndicom-ssr-initiative-portrait-stephanie-vonarburg.png 1080w\" sizes=\"auto, (max-width: 819px) 100vw, 819px\" \/><button\n\t\t\tclass=\"lightbox-trigger\"\n\t\t\ttype=\"button\"\n\t\t\taria-haspopup=\"dialog\"\n\t\t\taria-label=\"Agrandir\"\n\t\t\tdata-wp-init=\"callbacks.initTriggerButton\"\n\t\t\tdata-wp-on--click=\"actions.showLightbox\"\n\t\t\tdata-wp-style--right=\"state.imageButtonRight\"\n\t\t\tdata-wp-style--top=\"state.imageButtonTop\"\n\t\t>\n\t\t\t<svg xmlns=\"http:\/\/www.w3.org\/2000\/svg\" width=\"12\" height=\"12\" fill=\"none\" viewBox=\"0 0 12 12\">\n\t\t\t\t<path fill=\"#fff\" d=\"M2 0a2 2 0 0 0-2 2v2h1.5V2a.5.5 0 0 1 .5-.5h2V0H2Zm2 10.5H2a.5.5 0 0 1-.5-.5V8H0v2a2 2 0 0 0 2 2h2v-1.5ZM8 12v-1.5h2a.5.5 0 0 0 .5-.5V8H12v2a2 2 0 0 1-2 2H8Zm2-12a2 2 0 0 1 2 2v2h-1.5V2a.5.5 0 0 0-.5-.5H8V0h2Z\" \/>\n\t\t\t<\/svg>\n\t\t<\/button><\/figure>\n<\/div>\n\n\n\n<div class=\"wp-block-column is-vertically-aligned-top is-layout-flow wp-block-column-is-layout-flow\">\n<p id=\"zitat-vonarburg\"><mark style=\"background-color:#ffffff\" class=\"has-inline-color\"><mark style=\"background-color:#ffffff\" class=\"has-inline-color\"><strong>\u00ab L\u2019initiative de r\u00e9duction de moiti\u00e9 affaiblit massivement le service public. Elle ne menace pas que la SSR, mais d\u00e9truit des milliers d\u2019emplois bien au-del\u00e0 \u2013 parmi les professionnel-les des m\u00e9dias ind\u00e9pendant-es et dans la production, dans la musique et le cin\u00e9ma, ainsi que dans tous les domaines culturels. \u00bb<\/strong><\/mark><\/mark><\/p>\n\n\n\n<hr class=\"wp-block-separator has-text-color has-background-color has-alpha-channel-opacity has-background-background-color has-background is-style-wide\"\/>\n\n\n\n<p class=\"has-text-align-left\"><strong>Stephanie Vonarburg<\/strong>, vice-pr\u00e9sidente syndicom, responsable du secteur M\u00e9dias<\/p>\n<\/div>\n<\/div>\n<\/div><\/div>\n\n\n\n\n\n\n\n\n","protected":false},"excerpt":{"rendered":"<p>Non \u00e0 l&rsquo;initiative contre la SSR le 8 mars 2026: syndicom, en tant que syndicat de la communication et des m\u00e9dias, s&rsquo;engage dans la campagne de votation.<\/p>\n","protected":false},"author":3,"featured_media":53603,"parent":5964,"menu_order":0,"comment_status":"closed","ping_status":"closed","template":"","meta":{"_acf_changed":false,"inline_featured_image":false,"_coblocks_attr":"","_coblocks_dimensions":"","_coblocks_responsive_height":"","_coblocks_accordion_ie_support":"","footnotes":""},"categories":[370],"class_list":["post-53579","page","type-page","status-publish","has-post-thumbnail","hentry","category-campagne"],"acf":[],"yoast_head":"<!-- This site is optimized with the Yoast SEO plugin v27.3 - https:\/\/yoast.com\/product\/yoast-seo-wordpress\/ -->\n<title>Non \u00e0 l&#039;initiative SSR le 8 mars 2026 - syndicom<\/title>\n<meta name=\"description\" content=\"Non \u00e0 l&#039;initiative contre la SSR le 8 mars 2026: le syndicat syndicom s&#039;engage dans la campagne de votation.\" \/>\n<meta name=\"robots\" content=\"index, follow, max-snippet:-1, max-image-preview:large, max-video-preview:-1\" \/>\n<link rel=\"canonical\" href=\"https:\/\/syndicom.ch\/fr\/campagnes\/initiative-anti-ssr\/\" \/>\n<meta property=\"og:locale\" content=\"fr_FR\" \/>\n<meta property=\"og:type\" content=\"article\" \/>\n<meta property=\"og:title\" content=\"Non \u00e0 l&#039;initiative SSR le 8 mars 2026 - syndicom\" \/>\n<meta property=\"og:description\" content=\"Non \u00e0 l&#039;initiative contre la SSR le 8 mars 2026: le syndicat syndicom s&#039;engage dans la campagne de votation.\" \/>\n<meta property=\"og:url\" content=\"https:\/\/syndicom.ch\/fr\/campagnes\/initiative-anti-ssr\/\" \/>\n<meta property=\"og:site_name\" content=\"syndicom\" \/>\n<meta property=\"article:modified_time\" content=\"2026-03-09T10:13:41+00:00\" \/>\n<meta property=\"og:image\" content=\"https:\/\/syndicom.ch\/app\/uploads\/2026\/01\/syndicat-syndicom-initiative-ssr-logo.jpg\" \/>\n\t<meta property=\"og:image:width\" content=\"1831\" \/>\n\t<meta property=\"og:image:height\" content=\"1231\" \/>\n\t<meta property=\"og:image:type\" content=\"image\/jpeg\" \/>\n<meta name=\"twitter:card\" content=\"summary_large_image\" \/>\n<meta name=\"twitter:label1\" content=\"Dur\u00e9e de lecture estim\u00e9e\" \/>\n\t<meta name=\"twitter:data1\" content=\"11 minutes\" \/>\n<script type=\"application\/ld+json\" class=\"yoast-schema-graph\">{\"@context\":\"https:\\\/\\\/schema.org\",\"@graph\":[{\"@type\":\"WebPage\",\"@id\":\"https:\\\/\\\/syndicom.ch\\\/fr\\\/campagnes\\\/initiative-anti-ssr\\\/\",\"url\":\"https:\\\/\\\/syndicom.ch\\\/fr\\\/campagnes\\\/initiative-anti-ssr\\\/\",\"name\":\"Non \u00e0 l'initiative SSR le 8 mars 2026 - syndicom\",\"isPartOf\":{\"@id\":\"https:\\\/\\\/syndicom.ch\\\/fr\\\/#website\"},\"primaryImageOfPage\":{\"@id\":\"https:\\\/\\\/syndicom.ch\\\/fr\\\/campagnes\\\/initiative-anti-ssr\\\/#primaryimage\"},\"image\":{\"@id\":\"https:\\\/\\\/syndicom.ch\\\/fr\\\/campagnes\\\/initiative-anti-ssr\\\/#primaryimage\"},\"thumbnailUrl\":\"https:\\\/\\\/syndicom.ch\\\/app\\\/uploads\\\/2026\\\/01\\\/syndicat-syndicom-initiative-ssr-logo.jpg\",\"datePublished\":\"2026-01-05T15:03:11+00:00\",\"dateModified\":\"2026-03-09T10:13:41+00:00\",\"description\":\"Non \u00e0 l'initiative contre la SSR le 8 mars 2026: le syndicat syndicom s'engage dans la campagne de votation.\",\"breadcrumb\":{\"@id\":\"https:\\\/\\\/syndicom.ch\\\/fr\\\/campagnes\\\/initiative-anti-ssr\\\/#breadcrumb\"},\"inLanguage\":\"fr-FR\",\"potentialAction\":[{\"@type\":\"ReadAction\",\"target\":[\"https:\\\/\\\/syndicom.ch\\\/fr\\\/campagnes\\\/initiative-anti-ssr\\\/\"]}]},{\"@type\":\"ImageObject\",\"inLanguage\":\"fr-FR\",\"@id\":\"https:\\\/\\\/syndicom.ch\\\/fr\\\/campagnes\\\/initiative-anti-ssr\\\/#primaryimage\",\"url\":\"https:\\\/\\\/syndicom.ch\\\/app\\\/uploads\\\/2026\\\/01\\\/syndicat-syndicom-initiative-ssr-logo.jpg\",\"contentUrl\":\"https:\\\/\\\/syndicom.ch\\\/app\\\/uploads\\\/2026\\\/01\\\/syndicat-syndicom-initiative-ssr-logo.jpg\",\"width\":1831,\"height\":1231},{\"@type\":\"BreadcrumbList\",\"@id\":\"https:\\\/\\\/syndicom.ch\\\/fr\\\/campagnes\\\/initiative-anti-ssr\\\/#breadcrumb\",\"itemListElement\":[{\"@type\":\"ListItem\",\"position\":1,\"name\":\"Page d'accueil\",\"item\":\"https:\\\/\\\/syndicom.ch\\\/fr\\\/\"},{\"@type\":\"ListItem\",\"position\":2,\"name\":\"Campagnes\",\"item\":\"https:\\\/\\\/syndicom.ch\\\/fr\\\/campagnes\\\/\"},{\"@type\":\"ListItem\",\"position\":3,\"name\":\"Non \u00e0 l&#8217;initiative SSR le 8 mars 2026\"}]},{\"@type\":\"WebSite\",\"@id\":\"https:\\\/\\\/syndicom.ch\\\/fr\\\/#website\",\"url\":\"https:\\\/\\\/syndicom.ch\\\/fr\\\/\",\"name\":\"syndicom\",\"description\":\"\",\"publisher\":{\"@id\":\"https:\\\/\\\/syndicom.ch\\\/fr\\\/#organization\"},\"potentialAction\":[{\"@type\":\"SearchAction\",\"target\":{\"@type\":\"EntryPoint\",\"urlTemplate\":\"https:\\\/\\\/syndicom.ch\\\/fr\\\/?s={search_term_string}\"},\"query-input\":{\"@type\":\"PropertyValueSpecification\",\"valueRequired\":true,\"valueName\":\"search_term_string\"}}],\"inLanguage\":\"fr-FR\"},{\"@type\":\"Organization\",\"@id\":\"https:\\\/\\\/syndicom.ch\\\/fr\\\/#organization\",\"name\":\"syndicom\",\"url\":\"https:\\\/\\\/syndicom.ch\\\/fr\\\/\",\"logo\":{\"@type\":\"ImageObject\",\"inLanguage\":\"fr-FR\",\"@id\":\"https:\\\/\\\/syndicom.ch\\\/fr\\\/#\\\/schema\\\/logo\\\/image\\\/\",\"url\":\"https:\\\/\\\/syndicom.ch\\\/app\\\/uploads\\\/2024\\\/06\\\/logo.svg\",\"contentUrl\":\"https:\\\/\\\/syndicom.ch\\\/app\\\/uploads\\\/2024\\\/06\\\/logo.svg\",\"width\":297,\"height\":51,\"caption\":\"syndicom\"},\"image\":{\"@id\":\"https:\\\/\\\/syndicom.ch\\\/fr\\\/#\\\/schema\\\/logo\\\/image\\\/\"}}]}<\/script>\n<!-- \/ Yoast SEO plugin. -->","yoast_head_json":{"title":"Non \u00e0 l'initiative SSR le 8 mars 2026 - syndicom","description":"Non \u00e0 l'initiative contre la SSR le 8 mars 2026: le syndicat syndicom s'engage dans la campagne de votation.","robots":{"index":"index","follow":"follow","max-snippet":"max-snippet:-1","max-image-preview":"max-image-preview:large","max-video-preview":"max-video-preview:-1"},"canonical":"https:\/\/syndicom.ch\/fr\/campagnes\/initiative-anti-ssr\/","og_locale":"fr_FR","og_type":"article","og_title":"Non \u00e0 l'initiative SSR le 8 mars 2026 - syndicom","og_description":"Non \u00e0 l'initiative contre la SSR le 8 mars 2026: le syndicat syndicom s'engage dans la campagne de votation.","og_url":"https:\/\/syndicom.ch\/fr\/campagnes\/initiative-anti-ssr\/","og_site_name":"syndicom","article_modified_time":"2026-03-09T10:13:41+00:00","og_image":[{"width":1831,"height":1231,"url":"https:\/\/syndicom.ch\/app\/uploads\/2026\/01\/syndicat-syndicom-initiative-ssr-logo.jpg","type":"image\/jpeg"}],"twitter_card":"summary_large_image","twitter_misc":{"Dur\u00e9e de lecture estim\u00e9e":"11 minutes"},"schema":{"@context":"https:\/\/schema.org","@graph":[{"@type":"WebPage","@id":"https:\/\/syndicom.ch\/fr\/campagnes\/initiative-anti-ssr\/","url":"https:\/\/syndicom.ch\/fr\/campagnes\/initiative-anti-ssr\/","name":"Non \u00e0 l'initiative SSR le 8 mars 2026 - syndicom","isPartOf":{"@id":"https:\/\/syndicom.ch\/fr\/#website"},"primaryImageOfPage":{"@id":"https:\/\/syndicom.ch\/fr\/campagnes\/initiative-anti-ssr\/#primaryimage"},"image":{"@id":"https:\/\/syndicom.ch\/fr\/campagnes\/initiative-anti-ssr\/#primaryimage"},"thumbnailUrl":"https:\/\/syndicom.ch\/app\/uploads\/2026\/01\/syndicat-syndicom-initiative-ssr-logo.jpg","datePublished":"2026-01-05T15:03:11+00:00","dateModified":"2026-03-09T10:13:41+00:00","description":"Non \u00e0 l'initiative contre la SSR le 8 mars 2026: le syndicat syndicom s'engage dans la campagne de votation.","breadcrumb":{"@id":"https:\/\/syndicom.ch\/fr\/campagnes\/initiative-anti-ssr\/#breadcrumb"},"inLanguage":"fr-FR","potentialAction":[{"@type":"ReadAction","target":["https:\/\/syndicom.ch\/fr\/campagnes\/initiative-anti-ssr\/"]}]},{"@type":"ImageObject","inLanguage":"fr-FR","@id":"https:\/\/syndicom.ch\/fr\/campagnes\/initiative-anti-ssr\/#primaryimage","url":"https:\/\/syndicom.ch\/app\/uploads\/2026\/01\/syndicat-syndicom-initiative-ssr-logo.jpg","contentUrl":"https:\/\/syndicom.ch\/app\/uploads\/2026\/01\/syndicat-syndicom-initiative-ssr-logo.jpg","width":1831,"height":1231},{"@type":"BreadcrumbList","@id":"https:\/\/syndicom.ch\/fr\/campagnes\/initiative-anti-ssr\/#breadcrumb","itemListElement":[{"@type":"ListItem","position":1,"name":"Page d'accueil","item":"https:\/\/syndicom.ch\/fr\/"},{"@type":"ListItem","position":2,"name":"Campagnes","item":"https:\/\/syndicom.ch\/fr\/campagnes\/"},{"@type":"ListItem","position":3,"name":"Non \u00e0 l&#8217;initiative SSR le 8 mars 2026"}]},{"@type":"WebSite","@id":"https:\/\/syndicom.ch\/fr\/#website","url":"https:\/\/syndicom.ch\/fr\/","name":"syndicom","description":"","publisher":{"@id":"https:\/\/syndicom.ch\/fr\/#organization"},"potentialAction":[{"@type":"SearchAction","target":{"@type":"EntryPoint","urlTemplate":"https:\/\/syndicom.ch\/fr\/?s={search_term_string}"},"query-input":{"@type":"PropertyValueSpecification","valueRequired":true,"valueName":"search_term_string"}}],"inLanguage":"fr-FR"},{"@type":"Organization","@id":"https:\/\/syndicom.ch\/fr\/#organization","name":"syndicom","url":"https:\/\/syndicom.ch\/fr\/","logo":{"@type":"ImageObject","inLanguage":"fr-FR","@id":"https:\/\/syndicom.ch\/fr\/#\/schema\/logo\/image\/","url":"https:\/\/syndicom.ch\/app\/uploads\/2024\/06\/logo.svg","contentUrl":"https:\/\/syndicom.ch\/app\/uploads\/2024\/06\/logo.svg","width":297,"height":51,"caption":"syndicom"},"image":{"@id":"https:\/\/syndicom.ch\/fr\/#\/schema\/logo\/image\/"}}]}},"_links":{"self":[{"href":"https:\/\/syndicom.ch\/fr\/wp-json\/wp\/v2\/pages\/53579","targetHints":{"allow":["GET"]}}],"collection":[{"href":"https:\/\/syndicom.ch\/fr\/wp-json\/wp\/v2\/pages"}],"about":[{"href":"https:\/\/syndicom.ch\/fr\/wp-json\/wp\/v2\/types\/page"}],"author":[{"embeddable":true,"href":"https:\/\/syndicom.ch\/fr\/wp-json\/wp\/v2\/users\/3"}],"replies":[{"embeddable":true,"href":"https:\/\/syndicom.ch\/fr\/wp-json\/wp\/v2\/comments?post=53579"}],"version-history":[{"count":91,"href":"https:\/\/syndicom.ch\/fr\/wp-json\/wp\/v2\/pages\/53579\/revisions"}],"predecessor-version":[{"id":59287,"href":"https:\/\/syndicom.ch\/fr\/wp-json\/wp\/v2\/pages\/53579\/revisions\/59287"}],"up":[{"embeddable":true,"href":"https:\/\/syndicom.ch\/fr\/wp-json\/wp\/v2\/pages\/5964"}],"wp:featuredmedia":[{"embeddable":true,"href":"https:\/\/syndicom.ch\/fr\/wp-json\/wp\/v2\/media\/53603"}],"wp:attachment":[{"href":"https:\/\/syndicom.ch\/fr\/wp-json\/wp\/v2\/media?parent=53579"}],"wp:term":[{"taxonomy":"category","embeddable":true,"href":"https:\/\/syndicom.ch\/fr\/wp-json\/wp\/v2\/categories?post=53579"}],"curies":[{"name":"wp","href":"https:\/\/api.w.org\/{rel}","templated":true}]}}