{"id":5473,"date":"2024-09-23T14:55:26","date_gmt":"2024-09-23T12:55:26","guid":{"rendered":"https:\/\/projects.atxeit.ch\/syndicom\/?page_id=5473"},"modified":"2026-02-04T14:19:43","modified_gmt":"2026-02-04T13:19:43","slug":"comite-central","status":"publish","type":"page","link":"https:\/\/syndicom.ch\/fr\/au-sujet-de-syndicom\/comite-central\/","title":{"rendered":"syndicom Comit\u00e9 central"},"content":{"rendered":"\n<div class=\"wp-block-group alignfull has-background-color has-primary-background-color has-text-color has-background has-link-color wp-elements-c8295d77bdc610eb36496c6ec09ad38e is-layout-constrained wp-block-group-is-layout-constrained\">\n<div class=\"wp-block-group is-style-narrow is-layout-constrained wp-block-group-is-layout-constrained\">\n<div class=\"wp-block-columns is-layout-flex wp-container-core-columns-is-layout-9d6595d7 wp-block-columns-is-layout-flex\">\n<div class=\"wp-block-column is-layout-flow wp-block-column-is-layout-flow\" style=\"flex-basis:70%\">\n<h1 class=\"wp-block-heading\">Comit\u00e9 central<\/h1>\n\n\n\n<p class=\"is-style-lead\">Le comit\u00e9 central est l\u2019organe de direction strat\u00e9gique de syndicom.<\/p>\n<\/div>\n<\/div>\n<\/div>\n<\/div>\n\n\n\n<div class=\"wp-block-group alignfull has-background-background-color has-background is-layout-constrained wp-block-group-is-layout-constrained\">\n<div class=\"wp-block-group is-style-narrow is-layout-constrained wp-block-group-is-layout-constrained\">\n<h2 class=\"wp-block-heading\"><strong>Le comit\u00e9 central <\/strong><\/h2>\n\n\n\n<ul class=\"wp-block-list\">\n<li class=\"is-style-check\">prend des d\u00e9cisions en mati\u00e8re de politique syndicale quatre fois par an.<\/li>\n\n\n\n<li class=\"is-style-check\">d\u00e9cide notamment de soutenir des initiatives et des r\u00e9f\u00e9rendums.<\/li>\n\n\n\n<li class=\"is-style-check\">se compose des repr\u00e9sentant-es issus des branches, des groupes d\u2019int\u00e9r\u00eat et des sections de syndicom. <\/li>\n<\/ul>\n\n\n\n<p>Tous les membres du comit\u00e9 central s\u2019engagent \u00e0 titre b\u00e9n\u00e9vole.<\/p>\n\n\n\n<h2 class=\"wp-block-heading\"><strong>Les membres du comit\u00e9 central<\/strong><\/h2>\n\n\n\n<p>Les membres du comit\u00e9 central ont \u00e9t\u00e9 \u00e9lus lors du <a href=\"https:\/\/syndicom.ch\/fr\/au-sujet-de-syndicom\/congres-2025\/\" target=\"_blank\" rel=\"noreferrer noopener\">congr\u00e8s syndicom 2025<\/a>.<\/p>\n\n\n\n<div class=\"wp-block-columns is-layout-flex wp-container-core-columns-is-layout-9d6595d7 wp-block-columns-is-layout-flex\">\n<div class=\"wp-block-column is-layout-flow wp-block-column-is-layout-flow\">\n<h3 class=\"wp-block-heading\"><strong>Secteur Logistique<\/strong><\/h3>\n\n\n\n<ul class=\"wp-block-list\">\n<li>Peter Dietrich, Sursee<\/li>\n\n\n\n<li>Nelson Jos\u00e9 Ferreira Vaz, Del\u00e9mont<\/li>\n\n\n\n<li>Patrick Savary, Mathod **<\/li>\n\n\n\n<li>Susanna Bosshard, Winterthur **<\/li>\n\n\n\n<li>Beat Haldimann, Thun<\/li>\n\n\n\n<li>Ren\u00e9 Frey, Oberurnen<\/li>\n\n\n\n<li>Sibylle Sch\u00f6n, Buchrain<\/li>\n\n\n\n<li>Gabriela Schwere, Birsfelden<\/li>\n\n\n\n<li>Sharon Peduzzi, Lumino<\/li>\n\n\n\n<li>Micha\u00ebl Codiroli, Giubiasco<\/li>\n<\/ul>\n\n\n\n<p><em><em>1 si\u00e8ge vacant<\/em><\/em><\/p>\n<\/div>\n\n\n\n<div class=\"wp-block-column is-layout-flow wp-block-column-is-layout-flow\">\n<h3 class=\"wp-block-heading\"><strong><strong>Secteur<\/strong><\/strong> <strong>ICT<\/strong><\/h3>\n\n\n\n<ul class=\"wp-block-list\">\n<li>Pascal Bassu, Wetzikon<\/li>\n\n\n\n<li>Michelle Crapella-Papet, Heitenried **<\/li>\n\n\n\n<li>Mariem Fiadjigbe, Zurich<\/li>\n\n\n\n<li>Urs Zumbach, Meikirch **<\/li>\n\n\n\n<li>Nadia Huberson, Zurich *<\/li>\n\n\n\n<li>Marco de Monaco, D\u00fcbendorf<\/li>\n\n\n\n<li>Marc W\u00e4lti, Seedorf BE<\/li>\n\n\n\n<li>Werner Schenk, Berne<\/li>\n<\/ul>\n<\/div>\n\n\n\n<div class=\"wp-block-column is-layout-flow wp-block-column-is-layout-flow\">\n<h3 class=\"wp-block-heading\"><strong>Secteur M\u00e9dias<\/strong><\/h3>\n\n\n\n<ul class=\"wp-block-list\">\n<li>Sarah Bonomo, Zurich<\/li>\n\n\n\n<li>Juliane Puppato-Kr\u00fcger, Zurich<\/li>\n\n\n\n<li>Jonas Studach, Zurich **<\/li>\n\n\n\n<li>Silvana Cotelli Boillat, Nidau<\/li>\n\n\n\n<li>Nicolas Fazzari, Les Breuleux<\/li>\n\n\n\n<li>Miriam K\u00fcnzli, Zurich<\/li>\n\n\n\n<li>Line Rime, Lucerne<\/li>\n<\/ul>\n<\/div>\n<\/div>\n\n\n\n<div class=\"wp-block-columns is-layout-flex wp-container-core-columns-is-layout-9d6595d7 wp-block-columns-is-layout-flex\">\n<div class=\"wp-block-column is-layout-flow wp-block-column-is-layout-flow\">\n<h3 class=\"wp-block-heading\"><strong>Groupes d\u2019int\u00e9r\u00eat<\/strong><\/h3>\n\n\n\n<ul class=\"wp-block-list\">\n<li><strong>GI Femmes<\/strong>\n<ul class=\"wp-block-list\">\n<li>Ingrid Kaufmann, Riniken<\/li>\n\n\n\n<li>Anja Bachmann, Andelfingen<\/li>\n<\/ul>\n<\/li>\n\n\n\n<li><strong>GI Jeunesse<\/strong><br>Zoe Sutter, Aarau<\/li>\n\n\n\n<li><strong>GI Ind\u00e9pendants<\/strong><br>Leonie R\u00f6sler, B\u00e2le<\/li>\n\n\n\n<li><strong>IG Migration<\/strong><br>Augustin Mukamba-Moyo, Renens VD **<\/li>\n<\/ul>\n<\/div>\n\n\n\n<div class=\"wp-block-column is-layout-flow wp-block-column-is-layout-flow\">\n<h3 class=\"wp-block-heading\"><strong>Retrait\u00e9-es syndicom<\/strong><\/h3>\n\n\n\n<ul class=\"wp-block-list\">\n<li>Thomas Burger, Zurich<\/li>\n\n\n\n<li>Fabienne Brunner, Goumoens-la-Ville<\/li>\n<\/ul>\n<\/div>\n\n\n\n<div class=\"wp-block-column is-layout-flow wp-block-column-is-layout-flow\">\n<h3 class=\"wp-block-heading\"><strong><strong>R\u00e9gions \/ Sections<\/strong><\/strong><\/h3>\n\n\n\n<ul class=\"wp-block-list\">\n<li><strong>Nord-Ouest \/ Suisse centrale<\/strong><br>Markus Zeugin, Reinach BL<\/li>\n\n\n\n<li><strong>Berne \/ Haut-Valais<\/strong><br>Daniel Tr\u00f6sch, Melchnau<\/li>\n\n\n\n<li><strong>Tessin\/Moesano<\/strong><br>Rocco Bianchi, Lugano<\/li>\n\n\n\n<li><strong>Zurich \/ Suisse orientale<br><\/strong>Marius L\u00fcdi, Effretikon<\/li>\n\n\n\n<li><strong>Suisse romande <\/strong><br><em>vacant<\/em><\/li>\n<\/ul>\n<\/div>\n<\/div>\n\n\n\n<p>* Commission Finances du CC<br>** Commission Personnel du CC<\/p>\n<\/div>\n<\/div>\n","protected":false},"excerpt":{"rendered":"<p>Le comit\u00e9 central Tous les membres du comit\u00e9 central s\u2019engagent \u00e0 titre b\u00e9n\u00e9vole. Les membres du comit\u00e9 central Les membres du comit\u00e9 central ont \u00e9t\u00e9 \u00e9lus lors du congr\u00e8s syndicom 2025. Secteur Logistique 1 si\u00e8ge vacant Secteur ICT Secteur M\u00e9dias Groupes d\u2019int\u00e9r\u00eat Retrait\u00e9-es syndicom R\u00e9gions \/ Sections * Commission Finances du CC** Commission Personnel du [&hellip;]<\/p>\n","protected":false},"author":2,"featured_media":0,"parent":39190,"menu_order":0,"comment_status":"closed","ping_status":"closed","template":"","meta":{"_acf_changed":false,"_coblocks_attr":"","_coblocks_dimensions":"","_coblocks_responsive_height":"","_coblocks_accordion_ie_support":"","inline_featured_image":false,"footnotes":""},"categories":[],"class_list":["post-5473","page","type-page","status-publish","hentry"],"acf":[],"yoast_head":"<!-- This site is optimized with the Yoast SEO plugin v27.3 - https:\/\/yoast.com\/product\/yoast-seo-wordpress\/ -->\n<title>syndicom Comit\u00e9 central - syndicom<\/title>\n<meta name=\"description\" content=\"Le comit\u00e9 central est l\u2019organe de direction strat\u00e9gique de syndicom. Il prend des d\u00e9cisions en mati\u00e8re de politique syndicale quatre fois par an.\" \/>\n<meta name=\"robots\" content=\"index, follow, max-snippet:-1, max-image-preview:large, max-video-preview:-1\" \/>\n<link rel=\"canonical\" href=\"https:\/\/syndicom.ch\/fr\/au-sujet-de-syndicom\/comite-central\/\" \/>\n<meta property=\"og:locale\" content=\"fr_FR\" \/>\n<meta property=\"og:type\" content=\"article\" \/>\n<meta property=\"og:title\" content=\"syndicom Comit\u00e9 central - syndicom\" \/>\n<meta property=\"og:description\" content=\"Le comit\u00e9 central est l\u2019organe de direction strat\u00e9gique de syndicom. Il prend des d\u00e9cisions en mati\u00e8re de politique syndicale quatre fois par an.\" \/>\n<meta property=\"og:url\" content=\"https:\/\/syndicom.ch\/fr\/au-sujet-de-syndicom\/comite-central\/\" \/>\n<meta property=\"og:site_name\" content=\"syndicom\" \/>\n<meta property=\"article:publisher\" content=\"https:\/\/www.facebook.com\/syndicom\/\" \/>\n<meta property=\"article:modified_time\" content=\"2026-02-04T13:19:43+00:00\" \/>\n<meta name=\"twitter:card\" content=\"summary_large_image\" \/>\n<meta name=\"twitter:label1\" content=\"Dur\u00e9e de lecture estim\u00e9e\" \/>\n\t<meta name=\"twitter:data1\" content=\"3 minutes\" \/>\n<script type=\"application\/ld+json\" class=\"yoast-schema-graph\">{\"@context\":\"https:\\\/\\\/schema.org\",\"@graph\":[{\"@type\":\"WebPage\",\"@id\":\"https:\\\/\\\/syndicom.ch\\\/fr\\\/au-sujet-de-syndicom\\\/comite-central\\\/\",\"url\":\"https:\\\/\\\/syndicom.ch\\\/fr\\\/au-sujet-de-syndicom\\\/comite-central\\\/\",\"name\":\"syndicom Comit\u00e9 central - syndicom\",\"isPartOf\":{\"@id\":\"https:\\\/\\\/syndicom.ch\\\/fr\\\/#website\"},\"datePublished\":\"2024-09-23T12:55:26+00:00\",\"dateModified\":\"2026-02-04T13:19:43+00:00\",\"description\":\"Le comit\u00e9 central est l\u2019organe de direction strat\u00e9gique de syndicom. Il prend des d\u00e9cisions en mati\u00e8re de politique syndicale quatre fois par an.\",\"breadcrumb\":{\"@id\":\"https:\\\/\\\/syndicom.ch\\\/fr\\\/au-sujet-de-syndicom\\\/comite-central\\\/#breadcrumb\"},\"inLanguage\":\"fr-FR\",\"potentialAction\":[{\"@type\":\"ReadAction\",\"target\":[\"https:\\\/\\\/syndicom.ch\\\/fr\\\/au-sujet-de-syndicom\\\/comite-central\\\/\"]}]},{\"@type\":\"BreadcrumbList\",\"@id\":\"https:\\\/\\\/syndicom.ch\\\/fr\\\/au-sujet-de-syndicom\\\/comite-central\\\/#breadcrumb\",\"itemListElement\":[{\"@type\":\"ListItem\",\"position\":1,\"name\":\"Page d'accueil\",\"item\":\"https:\\\/\\\/syndicom.ch\\\/fr\\\/\"},{\"@type\":\"ListItem\",\"position\":2,\"name\":\"Au sujet de syndicom\",\"item\":\"https:\\\/\\\/syndicom.ch\\\/fr\\\/au-sujet-de-syndicom\\\/\"},{\"@type\":\"ListItem\",\"position\":3,\"name\":\"syndicom Comit\u00e9 central\"}]},{\"@type\":\"WebSite\",\"@id\":\"https:\\\/\\\/syndicom.ch\\\/fr\\\/#website\",\"url\":\"https:\\\/\\\/syndicom.ch\\\/fr\\\/\",\"name\":\"syndicom\",\"description\":\"\",\"publisher\":{\"@id\":\"https:\\\/\\\/syndicom.ch\\\/fr\\\/#organization\"},\"potentialAction\":[{\"@type\":\"SearchAction\",\"target\":{\"@type\":\"EntryPoint\",\"urlTemplate\":\"https:\\\/\\\/syndicom.ch\\\/fr\\\/?s={search_term_string}\"},\"query-input\":{\"@type\":\"PropertyValueSpecification\",\"valueRequired\":true,\"valueName\":\"search_term_string\"}}],\"inLanguage\":\"fr-FR\"},{\"@type\":\"Organization\",\"@id\":\"https:\\\/\\\/syndicom.ch\\\/fr\\\/#organization\",\"name\":\"syndicom\",\"alternateName\":\"Gewerkschaft Medien und Kommunikation\",\"url\":\"https:\\\/\\\/syndicom.ch\\\/fr\\\/\",\"logo\":{\"@type\":\"ImageObject\",\"inLanguage\":\"fr-FR\",\"@id\":\"https:\\\/\\\/syndicom.ch\\\/fr\\\/#\\\/schema\\\/logo\\\/image\\\/\",\"url\":\"https:\\\/\\\/syndicom.ch\\\/app\\\/uploads\\\/2024\\\/06\\\/logo.svg\",\"contentUrl\":\"https:\\\/\\\/syndicom.ch\\\/app\\\/uploads\\\/2024\\\/06\\\/logo.svg\",\"width\":297,\"height\":51,\"caption\":\"syndicom\"},\"image\":{\"@id\":\"https:\\\/\\\/syndicom.ch\\\/fr\\\/#\\\/schema\\\/logo\\\/image\\\/\"},\"sameAs\":[\"https:\\\/\\\/www.facebook.com\\\/syndicom\\\/\",\"https:\\\/\\\/ch.linkedin.com\\\/company\\\/syndicom-gewerkschaft-medien-und-kommunikation\",\"https:\\\/\\\/www.instagram.com\\\/syndicom\\\/\"]}]}<\/script>\n<!-- \/ Yoast SEO plugin. -->","yoast_head_json":{"title":"syndicom Comit\u00e9 central - syndicom","description":"Le comit\u00e9 central est l\u2019organe de direction strat\u00e9gique de syndicom. Il prend des d\u00e9cisions en mati\u00e8re de politique syndicale quatre fois par an.","robots":{"index":"index","follow":"follow","max-snippet":"max-snippet:-1","max-image-preview":"max-image-preview:large","max-video-preview":"max-video-preview:-1"},"canonical":"https:\/\/syndicom.ch\/fr\/au-sujet-de-syndicom\/comite-central\/","og_locale":"fr_FR","og_type":"article","og_title":"syndicom Comit\u00e9 central - syndicom","og_description":"Le comit\u00e9 central est l\u2019organe de direction strat\u00e9gique de syndicom. Il prend des d\u00e9cisions en mati\u00e8re de politique syndicale quatre fois par an.","og_url":"https:\/\/syndicom.ch\/fr\/au-sujet-de-syndicom\/comite-central\/","og_site_name":"syndicom","article_publisher":"https:\/\/www.facebook.com\/syndicom\/","article_modified_time":"2026-02-04T13:19:43+00:00","twitter_card":"summary_large_image","twitter_misc":{"Dur\u00e9e de lecture estim\u00e9e":"3 minutes"},"schema":{"@context":"https:\/\/schema.org","@graph":[{"@type":"WebPage","@id":"https:\/\/syndicom.ch\/fr\/au-sujet-de-syndicom\/comite-central\/","url":"https:\/\/syndicom.ch\/fr\/au-sujet-de-syndicom\/comite-central\/","name":"syndicom Comit\u00e9 central - syndicom","isPartOf":{"@id":"https:\/\/syndicom.ch\/fr\/#website"},"datePublished":"2024-09-23T12:55:26+00:00","dateModified":"2026-02-04T13:19:43+00:00","description":"Le comit\u00e9 central est l\u2019organe de direction strat\u00e9gique de syndicom. Il prend des d\u00e9cisions en mati\u00e8re de politique syndicale quatre fois par an.","breadcrumb":{"@id":"https:\/\/syndicom.ch\/fr\/au-sujet-de-syndicom\/comite-central\/#breadcrumb"},"inLanguage":"fr-FR","potentialAction":[{"@type":"ReadAction","target":["https:\/\/syndicom.ch\/fr\/au-sujet-de-syndicom\/comite-central\/"]}]},{"@type":"BreadcrumbList","@id":"https:\/\/syndicom.ch\/fr\/au-sujet-de-syndicom\/comite-central\/#breadcrumb","itemListElement":[{"@type":"ListItem","position":1,"name":"Page d'accueil","item":"https:\/\/syndicom.ch\/fr\/"},{"@type":"ListItem","position":2,"name":"Au sujet de syndicom","item":"https:\/\/syndicom.ch\/fr\/au-sujet-de-syndicom\/"},{"@type":"ListItem","position":3,"name":"syndicom Comit\u00e9 central"}]},{"@type":"WebSite","@id":"https:\/\/syndicom.ch\/fr\/#website","url":"https:\/\/syndicom.ch\/fr\/","name":"syndicom","description":"","publisher":{"@id":"https:\/\/syndicom.ch\/fr\/#organization"},"potentialAction":[{"@type":"SearchAction","target":{"@type":"EntryPoint","urlTemplate":"https:\/\/syndicom.ch\/fr\/?s={search_term_string}"},"query-input":{"@type":"PropertyValueSpecification","valueRequired":true,"valueName":"search_term_string"}}],"inLanguage":"fr-FR"},{"@type":"Organization","@id":"https:\/\/syndicom.ch\/fr\/#organization","name":"syndicom","alternateName":"Gewerkschaft Medien und Kommunikation","url":"https:\/\/syndicom.ch\/fr\/","logo":{"@type":"ImageObject","inLanguage":"fr-FR","@id":"https:\/\/syndicom.ch\/fr\/#\/schema\/logo\/image\/","url":"https:\/\/syndicom.ch\/app\/uploads\/2024\/06\/logo.svg","contentUrl":"https:\/\/syndicom.ch\/app\/uploads\/2024\/06\/logo.svg","width":297,"height":51,"caption":"syndicom"},"image":{"@id":"https:\/\/syndicom.ch\/fr\/#\/schema\/logo\/image\/"},"sameAs":["https:\/\/www.facebook.com\/syndicom\/","https:\/\/ch.linkedin.com\/company\/syndicom-gewerkschaft-medien-und-kommunikation","https:\/\/www.instagram.com\/syndicom\/"]}]}},"_links":{"self":[{"href":"https:\/\/syndicom.ch\/fr\/wp-json\/wp\/v2\/pages\/5473","targetHints":{"allow":["GET"]}}],"collection":[{"href":"https:\/\/syndicom.ch\/fr\/wp-json\/wp\/v2\/pages"}],"about":[{"href":"https:\/\/syndicom.ch\/fr\/wp-json\/wp\/v2\/types\/page"}],"author":[{"embeddable":true,"href":"https:\/\/syndicom.ch\/fr\/wp-json\/wp\/v2\/users\/2"}],"replies":[{"embeddable":true,"href":"https:\/\/syndicom.ch\/fr\/wp-json\/wp\/v2\/comments?post=5473"}],"version-history":[{"count":38,"href":"https:\/\/syndicom.ch\/fr\/wp-json\/wp\/v2\/pages\/5473\/revisions"}],"predecessor-version":[{"id":57024,"href":"https:\/\/syndicom.ch\/fr\/wp-json\/wp\/v2\/pages\/5473\/revisions\/57024"}],"up":[{"embeddable":true,"href":"https:\/\/syndicom.ch\/fr\/wp-json\/wp\/v2\/pages\/39190"}],"wp:attachment":[{"href":"https:\/\/syndicom.ch\/fr\/wp-json\/wp\/v2\/media?parent=5473"}],"wp:term":[{"taxonomy":"category","embeddable":true,"href":"https:\/\/syndicom.ch\/fr\/wp-json\/wp\/v2\/categories?post=5473"}],"curies":[{"name":"wp","href":"https:\/\/api.w.org\/{rel}","templated":true}]}}