{"id":56427,"date":"2026-01-26T16:14:05","date_gmt":"2026-01-26T15:14:05","guid":{"rendered":"https:\/\/syndicom.ch\/?page_id=56427"},"modified":"2026-02-03T17:37:21","modified_gmt":"2026-02-03T16:37:21","slug":"honoraire-illustration","status":"publish","type":"page","link":"https:\/\/syndicom.ch\/fr\/salaire\/honoraire-illustration\/","title":{"rendered":"Recommandations d&rsquo;honoraires Illustration"},"content":{"rendered":"\n<div class=\"wp-block-cover alignfull is-light is-style-imageheight mb-0 mt-0\" style=\"min-height:531px;aspect-ratio:unset;\"><img loading=\"lazy\" decoding=\"async\" width=\"2560\" height=\"549\" class=\"wp-block-cover__image-background wp-image-56170 size-full\" alt=\"\" src=\"https:\/\/syndicom.ch\/app\/uploads\/2026\/01\/gewerkschaft-syndicom-illustration-honorar-leonie-roesler-scaled.jpg\" style=\"object-position:39% 97%\" data-object-fit=\"cover\" data-object-position=\"39% 97%\" srcset=\"https:\/\/syndicom.ch\/app\/uploads\/2026\/01\/gewerkschaft-syndicom-illustration-honorar-leonie-roesler-scaled.jpg 2560w, https:\/\/syndicom.ch\/app\/uploads\/2026\/01\/gewerkschaft-syndicom-illustration-honorar-leonie-roesler-300x64.jpg 300w, https:\/\/syndicom.ch\/app\/uploads\/2026\/01\/gewerkschaft-syndicom-illustration-honorar-leonie-roesler-1024x219.jpg 1024w, https:\/\/syndicom.ch\/app\/uploads\/2026\/01\/gewerkschaft-syndicom-illustration-honorar-leonie-roesler-768x165.jpg 768w, https:\/\/syndicom.ch\/app\/uploads\/2026\/01\/gewerkschaft-syndicom-illustration-honorar-leonie-roesler-1536x329.jpg 1536w, https:\/\/syndicom.ch\/app\/uploads\/2026\/01\/gewerkschaft-syndicom-illustration-honorar-leonie-roesler-2048x439.jpg 2048w\" sizes=\"auto, (max-width: 2560px) 100vw, 2560px\" \/><span aria-hidden=\"true\" class=\"wp-block-cover__background has-primary-background-color has-background-dim-0 has-background-dim\"><\/span><div class=\"wp-block-cover__inner-container is-layout-flow wp-block-cover-is-layout-flow\">\n<div class=\"wp-block-group is-content-justification-center is-layout-constrained wp-block-group-is-layout-constrained\">\n<div class=\"wp-block-group is-layout-constrained wp-block-group-is-layout-constrained\">\n<div class=\"wp-block-columns is-layout-flex wp-container-core-columns-is-layout-9d6595d7 wp-block-columns-is-layout-flex\">\n<div class=\"wp-block-column is-layout-flow wp-block-column-is-layout-flow\" style=\"flex-basis:4.5%\"><\/div>\n\n\n\n<div class=\"wp-block-column is-layout-flow wp-block-column-is-layout-flow\" style=\"flex-basis:100%\">\n<div class=\"wp-block-group is-layout-constrained wp-block-group-is-layout-constrained\">\n<div class=\"wp-block-columns has-background-background-color has-background is-layout-flex wp-container-core-columns-is-layout-9d6595d7 wp-block-columns-is-layout-flex\">\n<div class=\"wp-block-column is-layout-flow wp-block-column-is-layout-flow\" style=\"flex-basis:100%\">\n<h1 class=\"wp-block-heading is-style-lead has-background-color has-text-color has-link-color wp-elements-a6f3d6cb936e3517a25e200186100e76\"><mark style=\"background-color:#ffffff\" class=\"has-inline-color\"><strong><strong>Combien vaut ton illustration ?<\/strong><\/strong><\/mark><\/h1>\n<\/div>\n<\/div>\n\n\n\n<div class=\"wp-block-columns has-primary-background-color has-background is-layout-flex wp-container-core-columns-is-layout-9d6595d7 wp-block-columns-is-layout-flex\">\n<div class=\"wp-block-column is-layout-flow wp-block-column-is-layout-flow\" style=\"flex-basis:66.66%\">\n<p class=\"is-style-lead has-background-color has-text-color has-link-color wp-elements-db2478f612e2a27145f32f0f64e66788\">Nos recommandations pour des honoraires \u00e9quitables.<\/p>\n<\/div>\n\n\n\n<div class=\"wp-block-column is-layout-flow wp-block-column-is-layout-flow\" style=\"flex-basis:33.33%\">\n<div class=\"wp-block-group is-vertical is-nowrap is-layout-flex wp-container-core-group-is-layout-fc43baa9 wp-block-group-is-layout-flex\">\n<p><mark style=\"background-color:#0D7EAC\" class=\"has-inline-color has-background-color\"><a href=\"#honoraire\"><mark style=\"background-color:rgba(0, 0, 0, 0)\" class=\"has-inline-color has-background-color\">\u279c Recommandations d\u2019honoraires<\/mark><\/a><br><a href=\"#concurrence-deloyale\"><mark style=\"background-color:rgba(0, 0, 0, 0)\" class=\"has-inline-color has-background-color\">\u279c Nos revendications contre la concurrence d\u00e9loyale et le travail gratuit<\/mark><\/a><\/mark><\/p>\n<\/div>\n<\/div>\n<\/div>\n<\/div>\n<\/div>\n<\/div>\n<\/div>\n<\/div>\n\n\n\n<p class=\"has-text-align-right\"><sub><mark style=\"background-color:rgba(0, 0, 0, 0)\" class=\"has-inline-color has-background-color\">Copyright: Leonie R\u00f6sler<\/mark><\/sub><\/p>\n<\/div><\/div>\n\n\n\n<div class=\"wp-block-group alignfull has-background-background-color has-background is-layout-constrained wp-block-group-is-layout-constrained\">\n<div class=\"wp-block-group is-style-narrow is-layout-constrained wp-block-group-is-layout-constrained\">\n<h2 class=\"wp-block-heading\" id=\"honoraire\"><strong><strong>Des honoraires \u00e9quitables pour les illustratrices-teurs<\/strong><\/strong><\/h2>\n\n\n\n<p>Nous, les illustratrices-teurs, fournissons un travail professionnel, mais dans la pratique, les honoraires \u00e9quitables sont souvent l&rsquo;exception. Avec les recommandations \u00e9labor\u00e9es par syndicom, la SCAA (Swiss Comic Artists Association) et l&rsquo;A*dS (Association autrices et auteurs de Suisse), nous nous engageons en faveur de conditions de travail transparentes et \u00e9quitables dans le domaine du design visuel.<\/p>\n\n\n\n<p>Les recommandations d&rsquo;honoraires<\/p>\n\n\n\n<ul class=\"wp-block-list is-style-default\">\n<li class=\"is-style-check\">fournissent des rep\u00e8res<\/li>\n\n\n\n<li class=\"is-style-check\">favorisent des conditions de travail \u00e9quitables<\/li>\n\n\n\n<li class=\"is-style-check\">renforcent la valeur des professions cr\u00e9atives<\/li>\n<\/ul>\n\n\n\n<div class=\"wp-block-buttons is-layout-flex wp-block-buttons-is-layout-flex\">\n<div class=\"wp-block-button is-style-external\"><a class=\"wp-block-button__link wp-element-button\" href=\"https:\/\/syndicom.ch\/app\/uploads\/2026\/01\/syndicat-syndicom-recommandations-honoraires-illustration.pdf\" target=\"_blank\" rel=\"noreferrer noopener\"><strong>T\u00e9l\u00e9chargez ici nos recommandations d&rsquo;honoraires<\/strong><\/a><\/div>\n<\/div>\n<\/div>\n<\/div>\n\n\n\n<div class=\"wp-block-group alignfull has-background-background-color has-background is-layout-constrained wp-block-group-is-layout-constrained\">\n<div class=\"wp-block-group is-style-narrow is-layout-constrained wp-block-group-is-layout-constrained\">\n<h2 class=\"wp-block-heading\" id=\"concurrence-deloyale\">Contre la concurrence d\u00e9loyale et le travail gratuit<\/h2>\n\n\n\n<p>A nous, les illustratrices-teurs, il nous est souvent demand\u00e9 de travailler gratuitement. Que ce soit \u00e0 travers des appels \u00e0 candidatures ou des concours, nous sommes \u00ab invit\u00e9-es \u00bb \u00e0 participer \u00e0 un \u00ab super projet \u00bb ou \u00e0 \u00eatre pr\u00e9sent-es lors d&rsquo;un \u00ab \u00e9v\u00e9nement passionnant \u00bb. La contre-partie ? Qu\u2019\u00ab en cas de succ\u00e8s \u00bb, nous augmentions notre notori\u00e9t\u00e9.<\/p>\n\n\n\n<p>Que ce soit intentionnel ou par ignorance, ces appels sapent notre existence professionnelle et notre capacit\u00e9 \u00e0 vivre de notre travail. La gloire et la notori\u00e9t\u00e9 ne nous permettent pas de payer notre loyer !<\/p>\n\n\n\n<div class=\"wp-block-buttons is-layout-flex wp-block-buttons-is-layout-flex\">\n<div class=\"wp-block-button is-style-external\"><a class=\"wp-block-button__link wp-element-button\" href=\"https:\/\/syndicom.ch\/app\/uploads\/2026\/01\/syndicat-syndicom-concurrence-deloyale-illustration.pdf\" target=\"_blank\" rel=\"noreferrer noopener\"><strong>Lisez ici nos revendications contre la concurrence d\u00e9loyale et le travail gratuit.<\/strong><\/a><\/div>\n<\/div>\n\n\n\n<p><a id=\"_msocom_1\"><\/a><\/p>\n<\/div>\n<\/div>\n\n\n\n<div class=\"wp-block-group alignfull has-background-background-color has-background is-layout-constrained wp-block-group-is-layout-constrained\">\n<div class=\"wp-block-group is-style-narrow is-layout-constrained wp-block-group-is-layout-constrained\">\n<h2 class=\"wp-block-heading\"><strong>Plus d&rsquo;infos<\/strong><\/h2>\n\n\n\n<p>Nous, les illustratrices-teurs avons rejoint syndicom pour lutter contre les conditions de travail pr\u00e9caires dans notre branche et lancer la discussion sur les honoraires et les droits d\u2019auteur. Ce n\u2019est possible qu\u2019en nous unissant. <strong>Nous avons donc aussi besoin de toi!<\/strong><\/p>\n\n\n\n<div class=\"wp-block-buttons is-layout-flex wp-block-buttons-is-layout-flex\">\n<div class=\"wp-block-button is-style-external\"><a class=\"wp-block-button__link wp-element-button\" href=\"https:\/\/syndicom.ch\/fr\/devenir-membre-illustrateurs\/\" target=\"_blank\" rel=\"noreferrer noopener\"><strong>D\u00e9couvre ici plus d&rsquo;infos sur notre travail<\/strong><\/a><\/div>\n<\/div>\n\n\n\n<div style=\"height:100px\" aria-hidden=\"true\" class=\"wp-block-spacer\"><\/div>\n\n\n\n<div class=\"wp-block-columns is-layout-flex wp-container-core-columns-is-layout-9d6595d7 wp-block-columns-is-layout-flex\" id=\"anina-koch\">\n<div class=\"wp-block-column is-layout-flow wp-block-column-is-layout-flow\">\n<h2 class=\"wp-block-heading\"><strong>Ta personne de contact<\/strong><\/h2>\n<\/div>\n\n\n\n<div class=\"wp-block-column is-layout-flow wp-block-column-is-layout-flow\"><div class=\"wp-block-custom-person-item\"><div class=\"person-image\"><a class=\"employee-lightbox\" href=\"https:\/\/syndicom.ch\/app\/uploads\/2024\/08\/gewerkschaft-syndicom-joelle-racine.jpg\" data-gallery=\"person-69e226c88b156\" ><img loading=\"lazy\" decoding=\"async\" src=\"https:\/\/syndicom.ch\/app\/uploads\/2024\/08\/gewerkschaft-syndicom-joelle-racine.jpg\" class=\"attachment-post-thumbnail size-post-thumbnail wp-post-image \" \/><\/a><\/div><div class=\"meta-holder\"><h3 class=\"person-name\">Jo\u00eblle Racine<\/h3><div class=\"person-role\">Secr\u00e9taire r\u00e9gionale M\u00e9dias<\/div><div class=\"person-email\"><a href=\"mailto:&#105;&#110;&#102;&#111;&#64;&#115;&#121;&#110;&#100;&#105;&#99;&#111;&#109;&#46;&#99;&#104;\">&#105;&#110;&#102;&#111;&#64;&#115;&#121;&#110;&#100;&#105;&#99;&#111;&#109;&#46;&#99;&#104;<\/a><\/div><div><a href=\"tel:+41 58 817 18 18\" class=\"person-phone\">+41 58 817 18 18<\/a><\/div><\/div><\/div><\/div>\n<\/div>\n\n\n\n<p><a id=\"_msocom_1\"><\/a><\/p>\n<\/div>\n<\/div>\n","protected":false},"excerpt":{"rendered":"<p>Avec les recommandations, nous nous engageons en faveur de conditions de travail \u00e9quitables dans le domaine du design visuel.<\/p>\n","protected":false},"author":3,"featured_media":0,"parent":42014,"menu_order":0,"comment_status":"closed","ping_status":"closed","template":"","meta":{"_acf_changed":false,"_coblocks_attr":"","_coblocks_dimensions":"","_coblocks_responsive_height":"","_coblocks_accordion_ie_support":"","inline_featured_image":false,"footnotes":""},"categories":[370],"class_list":["post-56427","page","type-page","status-publish","hentry","category-campagne"],"acf":[],"yoast_head":"<!-- This site is optimized with the Yoast SEO plugin v27.3 - https:\/\/yoast.com\/product\/yoast-seo-wordpress\/ -->\n<title>Recommandations d&#039;honoraires Illustration - syndicom<\/title>\n<meta name=\"description\" content=\"Avec les recommandations, nous nous engageons en faveur de conditions de travail \u00e9quitables dans le domaine du design visuel.\" \/>\n<meta name=\"robots\" content=\"index, follow, max-snippet:-1, max-image-preview:large, max-video-preview:-1\" \/>\n<link rel=\"canonical\" href=\"https:\/\/syndicom.ch\/fr\/salaire\/honoraire-illustration\/\" \/>\n<meta property=\"og:locale\" content=\"fr_FR\" \/>\n<meta property=\"og:type\" content=\"article\" \/>\n<meta property=\"og:title\" content=\"Recommandations d&#039;honoraires Illustration - syndicom\" \/>\n<meta property=\"og:description\" content=\"Avec les recommandations, nous nous engageons en faveur de conditions de travail \u00e9quitables dans le domaine du design visuel.\" \/>\n<meta property=\"og:url\" content=\"https:\/\/syndicom.ch\/fr\/salaire\/honoraire-illustration\/\" \/>\n<meta property=\"og:site_name\" content=\"syndicom\" \/>\n<meta property=\"article:publisher\" content=\"https:\/\/www.facebook.com\/syndicom\/\" \/>\n<meta property=\"article:modified_time\" content=\"2026-02-03T16:37:21+00:00\" \/>\n<meta property=\"og:image\" content=\"https:\/\/syndicom.ch\/app\/uploads\/2026\/01\/gewerkschaft-syndicom-illustration-honorar-leonie-roesler-scaled.jpg\" \/>\n\t<meta property=\"og:image:width\" content=\"2560\" \/>\n\t<meta property=\"og:image:height\" content=\"549\" \/>\n\t<meta property=\"og:image:type\" content=\"image\/jpeg\" \/>\n<meta name=\"twitter:card\" content=\"summary_large_image\" \/>\n<meta name=\"twitter:label1\" content=\"Dur\u00e9e de lecture estim\u00e9e\" \/>\n\t<meta name=\"twitter:data1\" content=\"2 minutes\" \/>\n<script type=\"application\/ld+json\" class=\"yoast-schema-graph\">{\"@context\":\"https:\\\/\\\/schema.org\",\"@graph\":[{\"@type\":\"WebPage\",\"@id\":\"https:\\\/\\\/syndicom.ch\\\/fr\\\/salaire\\\/honoraire-illustration\\\/\",\"url\":\"https:\\\/\\\/syndicom.ch\\\/fr\\\/salaire\\\/honoraire-illustration\\\/\",\"name\":\"Recommandations d'honoraires Illustration - syndicom\",\"isPartOf\":{\"@id\":\"https:\\\/\\\/syndicom.ch\\\/fr\\\/#website\"},\"primaryImageOfPage\":{\"@id\":\"https:\\\/\\\/syndicom.ch\\\/fr\\\/salaire\\\/honoraire-illustration\\\/#primaryimage\"},\"image\":{\"@id\":\"https:\\\/\\\/syndicom.ch\\\/fr\\\/salaire\\\/honoraire-illustration\\\/#primaryimage\"},\"thumbnailUrl\":\"https:\\\/\\\/syndicom.ch\\\/app\\\/uploads\\\/2026\\\/01\\\/gewerkschaft-syndicom-illustration-honorar-leonie-roesler-scaled.jpg\",\"datePublished\":\"2026-01-26T15:14:05+00:00\",\"dateModified\":\"2026-02-03T16:37:21+00:00\",\"description\":\"Avec les recommandations, nous nous engageons en faveur de conditions de travail \u00e9quitables dans le domaine du design visuel.\",\"breadcrumb\":{\"@id\":\"https:\\\/\\\/syndicom.ch\\\/fr\\\/salaire\\\/honoraire-illustration\\\/#breadcrumb\"},\"inLanguage\":\"fr-FR\",\"potentialAction\":[{\"@type\":\"ReadAction\",\"target\":[\"https:\\\/\\\/syndicom.ch\\\/fr\\\/salaire\\\/honoraire-illustration\\\/\"]}]},{\"@type\":\"ImageObject\",\"inLanguage\":\"fr-FR\",\"@id\":\"https:\\\/\\\/syndicom.ch\\\/fr\\\/salaire\\\/honoraire-illustration\\\/#primaryimage\",\"url\":\"https:\\\/\\\/syndicom.ch\\\/app\\\/uploads\\\/2026\\\/01\\\/gewerkschaft-syndicom-illustration-honorar-leonie-roesler-scaled.jpg\",\"contentUrl\":\"https:\\\/\\\/syndicom.ch\\\/app\\\/uploads\\\/2026\\\/01\\\/gewerkschaft-syndicom-illustration-honorar-leonie-roesler-scaled.jpg\"},{\"@type\":\"BreadcrumbList\",\"@id\":\"https:\\\/\\\/syndicom.ch\\\/fr\\\/salaire\\\/honoraire-illustration\\\/#breadcrumb\",\"itemListElement\":[{\"@type\":\"ListItem\",\"position\":1,\"name\":\"Page d'accueil\",\"item\":\"https:\\\/\\\/syndicom.ch\\\/fr\\\/\"},{\"@type\":\"ListItem\",\"position\":2,\"name\":\"Salaire\",\"item\":\"https:\\\/\\\/syndicom.ch\\\/fr\\\/salaire\\\/\"},{\"@type\":\"ListItem\",\"position\":3,\"name\":\"Recommandations d&#8217;honoraires Illustration\"}]},{\"@type\":\"WebSite\",\"@id\":\"https:\\\/\\\/syndicom.ch\\\/fr\\\/#website\",\"url\":\"https:\\\/\\\/syndicom.ch\\\/fr\\\/\",\"name\":\"syndicom\",\"description\":\"\",\"publisher\":{\"@id\":\"https:\\\/\\\/syndicom.ch\\\/fr\\\/#organization\"},\"potentialAction\":[{\"@type\":\"SearchAction\",\"target\":{\"@type\":\"EntryPoint\",\"urlTemplate\":\"https:\\\/\\\/syndicom.ch\\\/fr\\\/?s={search_term_string}\"},\"query-input\":{\"@type\":\"PropertyValueSpecification\",\"valueRequired\":true,\"valueName\":\"search_term_string\"}}],\"inLanguage\":\"fr-FR\"},{\"@type\":\"Organization\",\"@id\":\"https:\\\/\\\/syndicom.ch\\\/fr\\\/#organization\",\"name\":\"syndicom\",\"alternateName\":\"Gewerkschaft Medien und Kommunikation\",\"url\":\"https:\\\/\\\/syndicom.ch\\\/fr\\\/\",\"logo\":{\"@type\":\"ImageObject\",\"inLanguage\":\"fr-FR\",\"@id\":\"https:\\\/\\\/syndicom.ch\\\/fr\\\/#\\\/schema\\\/logo\\\/image\\\/\",\"url\":\"https:\\\/\\\/syndicom.ch\\\/app\\\/uploads\\\/2024\\\/06\\\/logo.svg\",\"contentUrl\":\"https:\\\/\\\/syndicom.ch\\\/app\\\/uploads\\\/2024\\\/06\\\/logo.svg\",\"width\":297,\"height\":51,\"caption\":\"syndicom\"},\"image\":{\"@id\":\"https:\\\/\\\/syndicom.ch\\\/fr\\\/#\\\/schema\\\/logo\\\/image\\\/\"},\"sameAs\":[\"https:\\\/\\\/www.facebook.com\\\/syndicom\\\/\",\"https:\\\/\\\/ch.linkedin.com\\\/company\\\/syndicom-gewerkschaft-medien-und-kommunikation\",\"https:\\\/\\\/www.instagram.com\\\/syndicom\\\/\"]}]}<\/script>\n<!-- \/ Yoast SEO plugin. -->","yoast_head_json":{"title":"Recommandations d'honoraires Illustration - syndicom","description":"Avec les recommandations, nous nous engageons en faveur de conditions de travail \u00e9quitables dans le domaine du design visuel.","robots":{"index":"index","follow":"follow","max-snippet":"max-snippet:-1","max-image-preview":"max-image-preview:large","max-video-preview":"max-video-preview:-1"},"canonical":"https:\/\/syndicom.ch\/fr\/salaire\/honoraire-illustration\/","og_locale":"fr_FR","og_type":"article","og_title":"Recommandations d'honoraires Illustration - syndicom","og_description":"Avec les recommandations, nous nous engageons en faveur de conditions de travail \u00e9quitables dans le domaine du design visuel.","og_url":"https:\/\/syndicom.ch\/fr\/salaire\/honoraire-illustration\/","og_site_name":"syndicom","article_publisher":"https:\/\/www.facebook.com\/syndicom\/","article_modified_time":"2026-02-03T16:37:21+00:00","og_image":[{"width":2560,"height":549,"url":"https:\/\/syndicom.ch\/app\/uploads\/2026\/01\/gewerkschaft-syndicom-illustration-honorar-leonie-roesler-scaled.jpg","type":"image\/jpeg"}],"twitter_card":"summary_large_image","twitter_misc":{"Dur\u00e9e de lecture estim\u00e9e":"2 minutes"},"schema":{"@context":"https:\/\/schema.org","@graph":[{"@type":"WebPage","@id":"https:\/\/syndicom.ch\/fr\/salaire\/honoraire-illustration\/","url":"https:\/\/syndicom.ch\/fr\/salaire\/honoraire-illustration\/","name":"Recommandations d'honoraires Illustration - syndicom","isPartOf":{"@id":"https:\/\/syndicom.ch\/fr\/#website"},"primaryImageOfPage":{"@id":"https:\/\/syndicom.ch\/fr\/salaire\/honoraire-illustration\/#primaryimage"},"image":{"@id":"https:\/\/syndicom.ch\/fr\/salaire\/honoraire-illustration\/#primaryimage"},"thumbnailUrl":"https:\/\/syndicom.ch\/app\/uploads\/2026\/01\/gewerkschaft-syndicom-illustration-honorar-leonie-roesler-scaled.jpg","datePublished":"2026-01-26T15:14:05+00:00","dateModified":"2026-02-03T16:37:21+00:00","description":"Avec les recommandations, nous nous engageons en faveur de conditions de travail \u00e9quitables dans le domaine du design visuel.","breadcrumb":{"@id":"https:\/\/syndicom.ch\/fr\/salaire\/honoraire-illustration\/#breadcrumb"},"inLanguage":"fr-FR","potentialAction":[{"@type":"ReadAction","target":["https:\/\/syndicom.ch\/fr\/salaire\/honoraire-illustration\/"]}]},{"@type":"ImageObject","inLanguage":"fr-FR","@id":"https:\/\/syndicom.ch\/fr\/salaire\/honoraire-illustration\/#primaryimage","url":"https:\/\/syndicom.ch\/app\/uploads\/2026\/01\/gewerkschaft-syndicom-illustration-honorar-leonie-roesler-scaled.jpg","contentUrl":"https:\/\/syndicom.ch\/app\/uploads\/2026\/01\/gewerkschaft-syndicom-illustration-honorar-leonie-roesler-scaled.jpg"},{"@type":"BreadcrumbList","@id":"https:\/\/syndicom.ch\/fr\/salaire\/honoraire-illustration\/#breadcrumb","itemListElement":[{"@type":"ListItem","position":1,"name":"Page d'accueil","item":"https:\/\/syndicom.ch\/fr\/"},{"@type":"ListItem","position":2,"name":"Salaire","item":"https:\/\/syndicom.ch\/fr\/salaire\/"},{"@type":"ListItem","position":3,"name":"Recommandations d&#8217;honoraires Illustration"}]},{"@type":"WebSite","@id":"https:\/\/syndicom.ch\/fr\/#website","url":"https:\/\/syndicom.ch\/fr\/","name":"syndicom","description":"","publisher":{"@id":"https:\/\/syndicom.ch\/fr\/#organization"},"potentialAction":[{"@type":"SearchAction","target":{"@type":"EntryPoint","urlTemplate":"https:\/\/syndicom.ch\/fr\/?s={search_term_string}"},"query-input":{"@type":"PropertyValueSpecification","valueRequired":true,"valueName":"search_term_string"}}],"inLanguage":"fr-FR"},{"@type":"Organization","@id":"https:\/\/syndicom.ch\/fr\/#organization","name":"syndicom","alternateName":"Gewerkschaft Medien und Kommunikation","url":"https:\/\/syndicom.ch\/fr\/","logo":{"@type":"ImageObject","inLanguage":"fr-FR","@id":"https:\/\/syndicom.ch\/fr\/#\/schema\/logo\/image\/","url":"https:\/\/syndicom.ch\/app\/uploads\/2024\/06\/logo.svg","contentUrl":"https:\/\/syndicom.ch\/app\/uploads\/2024\/06\/logo.svg","width":297,"height":51,"caption":"syndicom"},"image":{"@id":"https:\/\/syndicom.ch\/fr\/#\/schema\/logo\/image\/"},"sameAs":["https:\/\/www.facebook.com\/syndicom\/","https:\/\/ch.linkedin.com\/company\/syndicom-gewerkschaft-medien-und-kommunikation","https:\/\/www.instagram.com\/syndicom\/"]}]}},"_links":{"self":[{"href":"https:\/\/syndicom.ch\/fr\/wp-json\/wp\/v2\/pages\/56427","targetHints":{"allow":["GET"]}}],"collection":[{"href":"https:\/\/syndicom.ch\/fr\/wp-json\/wp\/v2\/pages"}],"about":[{"href":"https:\/\/syndicom.ch\/fr\/wp-json\/wp\/v2\/types\/page"}],"author":[{"embeddable":true,"href":"https:\/\/syndicom.ch\/fr\/wp-json\/wp\/v2\/users\/3"}],"replies":[{"embeddable":true,"href":"https:\/\/syndicom.ch\/fr\/wp-json\/wp\/v2\/comments?post=56427"}],"version-history":[{"count":12,"href":"https:\/\/syndicom.ch\/fr\/wp-json\/wp\/v2\/pages\/56427\/revisions"}],"predecessor-version":[{"id":56874,"href":"https:\/\/syndicom.ch\/fr\/wp-json\/wp\/v2\/pages\/56427\/revisions\/56874"}],"up":[{"embeddable":true,"href":"https:\/\/syndicom.ch\/fr\/wp-json\/wp\/v2\/pages\/42014"}],"wp:attachment":[{"href":"https:\/\/syndicom.ch\/fr\/wp-json\/wp\/v2\/media?parent=56427"}],"wp:term":[{"taxonomy":"category","embeddable":true,"href":"https:\/\/syndicom.ch\/fr\/wp-json\/wp\/v2\/categories?post=56427"}],"curies":[{"name":"wp","href":"https:\/\/api.w.org\/{rel}","templated":true}]}}