{"id":5892,"date":"2024-07-11T12:29:56","date_gmt":"2024-07-11T10:29:56","guid":{"rendered":"https:\/\/projects.atxeit.ch\/syndicom\/?page_id=5892"},"modified":"2026-02-23T14:58:47","modified_gmt":"2026-02-23T13:58:47","slug":"assistance-juridique-professionnelle","status":"publish","type":"page","link":"https:\/\/syndicom.ch\/fr\/assistance-juridique-professionnelle\/","title":{"rendered":"Protection juridique"},"content":{"rendered":"\n<div class=\"wp-block-group alignfull has-primary-background-color has-background is-layout-constrained wp-block-group-is-layout-constrained\">\n<div class=\"wp-block-group is-style-narrow is-layout-constrained wp-block-group-is-layout-constrained\">\n<h1 class=\"wp-block-heading has-background-color has-text-color has-link-color wp-elements-3dbc50da78fcb7dd646769bb8faea960\">Assistance juridique professionnelle<\/h1>\n\n\n\n<div class=\"wp-block-columns is-layout-flex wp-container-core-columns-is-layout-9d6595d7 wp-block-columns-is-layout-flex\">\n<div class=\"wp-block-column is-layout-flow wp-block-column-is-layout-flow\" style=\"flex-basis:66.66%\">\n<p class=\"is-style-lead has-background-color has-text-color has-link-color wp-elements-ac913e0f8218b652b0e9a8cd9e71c916\">Comme membre de syndicom, tu b\u00e9n\u00e9ficies d\u2019une protection juridique professionnelle compl\u00e8te. Cela signifie que tu re\u00e7ois gratuitement des conseils et une assistance juridique pour toutes les questions relatives \u00e0 ton contrat de travail et \u00e0 ton activit\u00e9 professionnelle.<\/p>\n<\/div>\n\n\n\n<div class=\"wp-block-column is-layout-flow wp-block-column-is-layout-flow\" style=\"flex-basis:33.33%\">\n<div class=\"wp-block-group is-vertical is-nowrap is-layout-flex wp-container-core-group-is-layout-fc43baa9 wp-block-group-is-layout-flex\">\n<p><\/p>\n<\/div>\n<\/div>\n<\/div>\n<\/div>\n<\/div>\n\n\n\n<div class=\"wp-block-group alignfull has-background-background-color has-background is-layout-constrained wp-block-group-is-layout-constrained\">\n<div class=\"wp-block-group is-style-narrow is-layout-constrained wp-block-group-is-layout-constrained\">\n<h2 class=\"wp-block-heading\"><strong>Ce qu&rsquo;offre l&rsquo;assistance juridique professionnelle de syndicom<\/strong><\/h2>\n\n\n\n<p>L&rsquo;assistance juridique professionnelle pour les membres de syndicom comprend l&rsquo;information, le conseil et la repr\u00e9sentation gratuits en cas de questions sur:<\/p>\n\n\n\n<ol style=\"list-style-type:upper-roman\" class=\"wp-block-list is-style-checkbox\">\n<li class=\"is-style-default\">les conditions de travail (<a href=\"https:\/\/syndicom.ch\/fr\/salaire\/\" target=\"_blank\" rel=\"noreferrer noopener\">salaire<\/a>, temps de travail, vacances, licenciement, etc.);&nbsp;<\/li>\n\n\n\n<li class=\"is-style-default\">les assurances sociales (AVS, AI, AC, caisse de pension, assurance-accidents, etc.);<\/li>\n\n\n\n<li>les <a href=\"https:\/\/syndicom.ch\/fr\/conventions-collectives-de-travail-cct\/\" target=\"_blank\" rel=\"noreferrer noopener\">conventions collectives de travail<\/a> relevant de notre domaine d\u2019organisation.<\/li>\n\n\n\n<li>le droit contractuel (p. ex. mandat)<\/li>\n\n\n\n<li>la <a href=\"https:\/\/syndicom.ch\/fr\/participation-dans-lentreprise\/\" target=\"_blank\" rel=\"noreferrer noopener\">participation<\/a><\/li>\n\n\n\n<li>les questions juridiques li\u00e9es \u00e0 l\u2019<a href=\"https:\/\/syndicom.ch\/fr\/femmes\/\" target=\"_blank\" rel=\"noreferrer noopener\">\u00e9galit\u00e9<\/a><\/li>\n\n\n\n<li class=\"is-style-check\">les questions sur les rapports de <a href=\"https:\/\/syndicom.ch\/fr\/formation-continue-cours-education\/\" target=\"_blank\" rel=\"noreferrer noopener\">formation<\/a><\/li>\n<\/ol>\n<\/div>\n<\/div>\n\n\n\n<div class=\"wp-block-group alignfull has-background-color has-primary-background-color has-text-color has-background has-link-color wp-elements-4234f1f05dcb75149c11e5b2f34e7a3b is-layout-constrained wp-block-group-is-layout-constrained\">\n<div class=\"wp-block-group is-style-narrow is-layout-constrained wp-block-group-is-layout-constrained\">\n<figure class=\"wp-block-image aligncenter size-large box-icon\"><img loading=\"lazy\" decoding=\"async\" width=\"43\" height=\"44\" src=\"https:\/\/syndicom.ch\/app\/uploads\/2024\/07\/info-alert.svg\" alt=\"\" class=\"wp-image-897\"\/><\/figure>\n\n\n\n<h2 class=\"wp-block-heading has-text-align-center\">\u00ab\u00abDroit au but\u00bb\u00a0\u2013 Ton guide<\/h2>\n\n\n\n<p class=\"has-text-align-center\">Tu trouveras ici des r\u00e9ponses et des informations utiles sur ton travail.<\/p>\n\n\n\n<div class=\"wp-block-buttons is-content-justification-center is-layout-flex wp-container-core-buttons-is-layout-16018d1d wp-block-buttons-is-layout-flex\">\n<div class=\"wp-block-button\"><a rel=\"noreferrer noopener\" target=\"_blank\" href=\"https:\/\/syndicom.ch\/fr\/guide\/\" class=\"wp-block-button__link wp-element-button\">Vers le guide<\/a><\/div>\n<\/div>\n<\/div>\n<\/div>\n\n\n\n<div class=\"wp-block-group alignfull has-background-background-color has-background is-layout-constrained wp-block-group-is-layout-constrained\">\n<div class=\"wp-block-group is-style-narrow is-layout-constrained wp-block-group-is-layout-constrained\">\n<h2 class=\"wp-block-heading has-text-align-left\"><strong>Nous insistons sur ton droit<\/strong><\/h2>\n\n\n\n<p>En tant que travailleur-se, tu as des droits. Nous t&rsquo;aidons \u00e0 les faire valoir.<\/p>\n\n\n\n<p class=\"has-text-align-left\">Les secr\u00e9tariats r\u00e9gionaux, premi\u00e8res antennes de proximit\u00e9, recherchent des solutions \u00e0 l&rsquo;amiable pour te soutenir en permanence. Pour r\u00e9soudre les cas difficiles, ils font appel \u00e0 l&rsquo;\u00e9quipe sp\u00e9cialis\u00e9e (avocats et juristes) du service juridique \u00e0 la centrale.<\/p>\n\n\n\n<div class=\"wp-block-buttons is-content-justification-center is-layout-flex wp-container-core-buttons-is-layout-16018d1d wp-block-buttons-is-layout-flex\">\n<div class=\"wp-block-button is-style-outline is-style-outline--1\"><a class=\"wp-block-button__link has-primary-color has-text-color has-link-color wp-element-button\" href=\"https:\/\/syndicom.ch\/fr\/contact\/\" target=\"_blank\" rel=\"noreferrer noopener\">Contacte-nous<\/a><\/div>\n<\/div>\n\n\n\n<p><\/p>\n\n\n\n<div class=\"wp-block-buttons is-layout-flex wp-block-buttons-is-layout-flex\">\n<div class=\"wp-block-button is-style-external\"><a class=\"wp-block-button__link wp-element-button\" href=\"https:\/\/syndicom.ch\/app\/uploads\/2024\/09\/gewerkschaft-syndicom-Reglement_sur_l_assistance_juridique_professionnelle_membres.pdf\" target=\"_blank\" rel=\"noreferrer noopener\">R\u00e8glement sur l\u2019assistance juridique professionnelle<\/a><\/div>\n<\/div>\n\n\n\n<div class=\"wp-block-columns is-layout-flex wp-container-core-columns-is-layout-9d6595d7 wp-block-columns-is-layout-flex\">\n<div class=\"wp-block-column is-layout-flow wp-block-column-is-layout-flow\" style=\"flex-basis:40%\"><\/div>\n<\/div>\n<\/div>\n<\/div>\n","protected":false},"excerpt":{"rendered":"<p>En tant que membre du syndicat syndicom, tu b\u00e9n\u00e9ficies d&rsquo;une protection juridique professionnelle compl\u00e8te chez syndicom.<\/p>\n","protected":false},"author":2,"featured_media":45677,"parent":0,"menu_order":0,"comment_status":"closed","ping_status":"closed","template":"","meta":{"_acf_changed":false,"inline_featured_image":false,"_coblocks_attr":"","_coblocks_dimensions":"","_coblocks_responsive_height":"","_coblocks_accordion_ie_support":"","footnotes":""},"categories":[358],"class_list":["post-5892","page","type-page","status-publish","has-post-thumbnail","hentry","category-tes-avantages"],"acf":[],"yoast_head":"<!-- This site is optimized with the Yoast SEO plugin v27.3 - https:\/\/yoast.com\/product\/yoast-seo-wordpress\/ -->\n<title>Protection juridique - syndicom<\/title>\n<meta name=\"description\" content=\"En tant que membre du syndicat syndicom, tu b\u00e9n\u00e9ficies d&#039;une protection juridique professionnelle compl\u00e8te chez syndicom.\" \/>\n<meta name=\"robots\" content=\"index, follow, max-snippet:-1, max-image-preview:large, max-video-preview:-1\" \/>\n<link rel=\"canonical\" href=\"https:\/\/syndicom.ch\/fr\/assistance-juridique-professionnelle\/\" \/>\n<meta property=\"og:locale\" content=\"fr_FR\" \/>\n<meta property=\"og:type\" content=\"article\" \/>\n<meta property=\"og:title\" content=\"Protection juridique - syndicom\" \/>\n<meta property=\"og:description\" content=\"En tant que membre du syndicat syndicom, tu b\u00e9n\u00e9ficies d&#039;une protection juridique professionnelle compl\u00e8te chez syndicom.\" \/>\n<meta property=\"og:url\" content=\"https:\/\/syndicom.ch\/fr\/assistance-juridique-professionnelle\/\" \/>\n<meta property=\"og:site_name\" content=\"syndicom\" \/>\n<meta property=\"article:modified_time\" content=\"2026-02-23T13:58:47+00:00\" \/>\n<meta property=\"og:image\" content=\"https:\/\/syndicom.ch\/app\/uploads\/2024\/06\/gewerkschaft-syndicom-rechtsdienst-icon-rund-scaled.png\" \/>\n\t<meta property=\"og:image:width\" content=\"2560\" \/>\n\t<meta property=\"og:image:height\" content=\"1920\" \/>\n\t<meta property=\"og:image:type\" content=\"image\/png\" \/>\n<meta name=\"twitter:card\" content=\"summary_large_image\" \/>\n<meta name=\"twitter:label1\" content=\"Dur\u00e9e de lecture estim\u00e9e\" \/>\n\t<meta name=\"twitter:data1\" content=\"1 minute\" \/>\n<script type=\"application\/ld+json\" class=\"yoast-schema-graph\">{\"@context\":\"https:\\\/\\\/schema.org\",\"@graph\":[{\"@type\":\"WebPage\",\"@id\":\"https:\\\/\\\/syndicom.ch\\\/fr\\\/assistance-juridique-professionnelle\\\/\",\"url\":\"https:\\\/\\\/syndicom.ch\\\/fr\\\/assistance-juridique-professionnelle\\\/\",\"name\":\"Protection juridique - syndicom\",\"isPartOf\":{\"@id\":\"https:\\\/\\\/syndicom.ch\\\/fr\\\/#website\"},\"primaryImageOfPage\":{\"@id\":\"https:\\\/\\\/syndicom.ch\\\/fr\\\/assistance-juridique-professionnelle\\\/#primaryimage\"},\"image\":{\"@id\":\"https:\\\/\\\/syndicom.ch\\\/fr\\\/assistance-juridique-professionnelle\\\/#primaryimage\"},\"thumbnailUrl\":\"https:\\\/\\\/syndicom.ch\\\/app\\\/uploads\\\/2024\\\/06\\\/gewerkschaft-syndicom-rechtsdienst-icon-rund-scaled.png\",\"datePublished\":\"2024-07-11T10:29:56+00:00\",\"dateModified\":\"2026-02-23T13:58:47+00:00\",\"description\":\"En tant que membre du syndicat syndicom, tu b\u00e9n\u00e9ficies d'une protection juridique professionnelle compl\u00e8te chez syndicom.\",\"breadcrumb\":{\"@id\":\"https:\\\/\\\/syndicom.ch\\\/fr\\\/assistance-juridique-professionnelle\\\/#breadcrumb\"},\"inLanguage\":\"fr-FR\",\"potentialAction\":[{\"@type\":\"ReadAction\",\"target\":[\"https:\\\/\\\/syndicom.ch\\\/fr\\\/assistance-juridique-professionnelle\\\/\"]}]},{\"@type\":\"ImageObject\",\"inLanguage\":\"fr-FR\",\"@id\":\"https:\\\/\\\/syndicom.ch\\\/fr\\\/assistance-juridique-professionnelle\\\/#primaryimage\",\"url\":\"https:\\\/\\\/syndicom.ch\\\/app\\\/uploads\\\/2024\\\/06\\\/gewerkschaft-syndicom-rechtsdienst-icon-rund-scaled.png\",\"contentUrl\":\"https:\\\/\\\/syndicom.ch\\\/app\\\/uploads\\\/2024\\\/06\\\/gewerkschaft-syndicom-rechtsdienst-icon-rund-scaled.png\",\"width\":2560,\"height\":1920},{\"@type\":\"BreadcrumbList\",\"@id\":\"https:\\\/\\\/syndicom.ch\\\/fr\\\/assistance-juridique-professionnelle\\\/#breadcrumb\",\"itemListElement\":[{\"@type\":\"ListItem\",\"position\":1,\"name\":\"Page d'accueil\",\"item\":\"https:\\\/\\\/syndicom.ch\\\/fr\\\/\"},{\"@type\":\"ListItem\",\"position\":2,\"name\":\"Protection juridique\"}]},{\"@type\":\"WebSite\",\"@id\":\"https:\\\/\\\/syndicom.ch\\\/fr\\\/#website\",\"url\":\"https:\\\/\\\/syndicom.ch\\\/fr\\\/\",\"name\":\"syndicom\",\"description\":\"\",\"publisher\":{\"@id\":\"https:\\\/\\\/syndicom.ch\\\/fr\\\/#organization\"},\"potentialAction\":[{\"@type\":\"SearchAction\",\"target\":{\"@type\":\"EntryPoint\",\"urlTemplate\":\"https:\\\/\\\/syndicom.ch\\\/fr\\\/?s={search_term_string}\"},\"query-input\":{\"@type\":\"PropertyValueSpecification\",\"valueRequired\":true,\"valueName\":\"search_term_string\"}}],\"inLanguage\":\"fr-FR\"},{\"@type\":\"Organization\",\"@id\":\"https:\\\/\\\/syndicom.ch\\\/fr\\\/#organization\",\"name\":\"syndicom\",\"url\":\"https:\\\/\\\/syndicom.ch\\\/fr\\\/\",\"logo\":{\"@type\":\"ImageObject\",\"inLanguage\":\"fr-FR\",\"@id\":\"https:\\\/\\\/syndicom.ch\\\/fr\\\/#\\\/schema\\\/logo\\\/image\\\/\",\"url\":\"https:\\\/\\\/syndicom.ch\\\/app\\\/uploads\\\/2024\\\/06\\\/logo.svg\",\"contentUrl\":\"https:\\\/\\\/syndicom.ch\\\/app\\\/uploads\\\/2024\\\/06\\\/logo.svg\",\"width\":297,\"height\":51,\"caption\":\"syndicom\"},\"image\":{\"@id\":\"https:\\\/\\\/syndicom.ch\\\/fr\\\/#\\\/schema\\\/logo\\\/image\\\/\"}}]}<\/script>\n<!-- \/ Yoast SEO plugin. -->","yoast_head_json":{"title":"Protection juridique - syndicom","description":"En tant que membre du syndicat syndicom, tu b\u00e9n\u00e9ficies d'une protection juridique professionnelle compl\u00e8te chez syndicom.","robots":{"index":"index","follow":"follow","max-snippet":"max-snippet:-1","max-image-preview":"max-image-preview:large","max-video-preview":"max-video-preview:-1"},"canonical":"https:\/\/syndicom.ch\/fr\/assistance-juridique-professionnelle\/","og_locale":"fr_FR","og_type":"article","og_title":"Protection juridique - syndicom","og_description":"En tant que membre du syndicat syndicom, tu b\u00e9n\u00e9ficies d'une protection juridique professionnelle compl\u00e8te chez syndicom.","og_url":"https:\/\/syndicom.ch\/fr\/assistance-juridique-professionnelle\/","og_site_name":"syndicom","article_modified_time":"2026-02-23T13:58:47+00:00","og_image":[{"width":2560,"height":1920,"url":"https:\/\/syndicom.ch\/app\/uploads\/2024\/06\/gewerkschaft-syndicom-rechtsdienst-icon-rund-scaled.png","type":"image\/png"}],"twitter_card":"summary_large_image","twitter_misc":{"Dur\u00e9e de lecture estim\u00e9e":"1 minute"},"schema":{"@context":"https:\/\/schema.org","@graph":[{"@type":"WebPage","@id":"https:\/\/syndicom.ch\/fr\/assistance-juridique-professionnelle\/","url":"https:\/\/syndicom.ch\/fr\/assistance-juridique-professionnelle\/","name":"Protection juridique - syndicom","isPartOf":{"@id":"https:\/\/syndicom.ch\/fr\/#website"},"primaryImageOfPage":{"@id":"https:\/\/syndicom.ch\/fr\/assistance-juridique-professionnelle\/#primaryimage"},"image":{"@id":"https:\/\/syndicom.ch\/fr\/assistance-juridique-professionnelle\/#primaryimage"},"thumbnailUrl":"https:\/\/syndicom.ch\/app\/uploads\/2024\/06\/gewerkschaft-syndicom-rechtsdienst-icon-rund-scaled.png","datePublished":"2024-07-11T10:29:56+00:00","dateModified":"2026-02-23T13:58:47+00:00","description":"En tant que membre du syndicat syndicom, tu b\u00e9n\u00e9ficies d'une protection juridique professionnelle compl\u00e8te chez syndicom.","breadcrumb":{"@id":"https:\/\/syndicom.ch\/fr\/assistance-juridique-professionnelle\/#breadcrumb"},"inLanguage":"fr-FR","potentialAction":[{"@type":"ReadAction","target":["https:\/\/syndicom.ch\/fr\/assistance-juridique-professionnelle\/"]}]},{"@type":"ImageObject","inLanguage":"fr-FR","@id":"https:\/\/syndicom.ch\/fr\/assistance-juridique-professionnelle\/#primaryimage","url":"https:\/\/syndicom.ch\/app\/uploads\/2024\/06\/gewerkschaft-syndicom-rechtsdienst-icon-rund-scaled.png","contentUrl":"https:\/\/syndicom.ch\/app\/uploads\/2024\/06\/gewerkschaft-syndicom-rechtsdienst-icon-rund-scaled.png","width":2560,"height":1920},{"@type":"BreadcrumbList","@id":"https:\/\/syndicom.ch\/fr\/assistance-juridique-professionnelle\/#breadcrumb","itemListElement":[{"@type":"ListItem","position":1,"name":"Page d'accueil","item":"https:\/\/syndicom.ch\/fr\/"},{"@type":"ListItem","position":2,"name":"Protection juridique"}]},{"@type":"WebSite","@id":"https:\/\/syndicom.ch\/fr\/#website","url":"https:\/\/syndicom.ch\/fr\/","name":"syndicom","description":"","publisher":{"@id":"https:\/\/syndicom.ch\/fr\/#organization"},"potentialAction":[{"@type":"SearchAction","target":{"@type":"EntryPoint","urlTemplate":"https:\/\/syndicom.ch\/fr\/?s={search_term_string}"},"query-input":{"@type":"PropertyValueSpecification","valueRequired":true,"valueName":"search_term_string"}}],"inLanguage":"fr-FR"},{"@type":"Organization","@id":"https:\/\/syndicom.ch\/fr\/#organization","name":"syndicom","url":"https:\/\/syndicom.ch\/fr\/","logo":{"@type":"ImageObject","inLanguage":"fr-FR","@id":"https:\/\/syndicom.ch\/fr\/#\/schema\/logo\/image\/","url":"https:\/\/syndicom.ch\/app\/uploads\/2024\/06\/logo.svg","contentUrl":"https:\/\/syndicom.ch\/app\/uploads\/2024\/06\/logo.svg","width":297,"height":51,"caption":"syndicom"},"image":{"@id":"https:\/\/syndicom.ch\/fr\/#\/schema\/logo\/image\/"}}]}},"_links":{"self":[{"href":"https:\/\/syndicom.ch\/fr\/wp-json\/wp\/v2\/pages\/5892","targetHints":{"allow":["GET"]}}],"collection":[{"href":"https:\/\/syndicom.ch\/fr\/wp-json\/wp\/v2\/pages"}],"about":[{"href":"https:\/\/syndicom.ch\/fr\/wp-json\/wp\/v2\/types\/page"}],"author":[{"embeddable":true,"href":"https:\/\/syndicom.ch\/fr\/wp-json\/wp\/v2\/users\/2"}],"replies":[{"embeddable":true,"href":"https:\/\/syndicom.ch\/fr\/wp-json\/wp\/v2\/comments?post=5892"}],"version-history":[{"count":30,"href":"https:\/\/syndicom.ch\/fr\/wp-json\/wp\/v2\/pages\/5892\/revisions"}],"predecessor-version":[{"id":58282,"href":"https:\/\/syndicom.ch\/fr\/wp-json\/wp\/v2\/pages\/5892\/revisions\/58282"}],"wp:featuredmedia":[{"embeddable":true,"href":"https:\/\/syndicom.ch\/fr\/wp-json\/wp\/v2\/media\/45677"}],"wp:attachment":[{"href":"https:\/\/syndicom.ch\/fr\/wp-json\/wp\/v2\/media?parent=5892"}],"wp:term":[{"taxonomy":"category","embeddable":true,"href":"https:\/\/syndicom.ch\/fr\/wp-json\/wp\/v2\/categories?post=5892"}],"curies":[{"name":"wp","href":"https:\/\/api.w.org\/{rel}","templated":true}]}}