{"id":5938,"date":"2025-04-16T11:30:04","date_gmt":"2025-04-16T09:30:04","guid":{"rendered":"https:\/\/projects.atxeit.ch\/syndicom\/?page_id=5938"},"modified":"2026-03-20T08:37:44","modified_gmt":"2026-03-20T07:37:44","slug":"emplois","status":"publish","type":"page","link":"https:\/\/syndicom.ch\/fr\/au-sujet-de-syndicom\/emplois\/","title":{"rendered":"Emplois"},"content":{"rendered":"\n<div class=\"wp-block-group alignfull has-primary-background-color has-background is-layout-constrained wp-block-group-is-layout-constrained\">\n<div class=\"wp-block-group is-style-narrow is-layout-constrained wp-block-group-is-layout-constrained\">\n<h1 class=\"wp-block-heading has-background-color has-text-color has-link-color wp-elements-1a87577e3b225e0b28dc600d6fe5339c\"><strong>Travailler chez le syndicat syndicom<\/strong><\/h1>\n\n\n\n<div class=\"wp-block-columns is-layout-flex wp-container-core-columns-is-layout-9d6595d7 wp-block-columns-is-layout-flex\">\n<div class=\"wp-block-column is-layout-flow wp-block-column-is-layout-flow\" style=\"flex-basis:66.66%\">\n<p class=\"is-style-lead has-background-color has-text-color has-link-color wp-elements-b66e1ad57d3b343a23de50c704a6ad7c\">Fa\u00e7onner le monde du travail avec syndicom<\/p>\n<\/div>\n\n\n\n<div class=\"wp-block-column is-layout-flow wp-block-column-is-layout-flow\" style=\"flex-basis:33.33%\">\n<div class=\"wp-block-group is-vertical is-nowrap is-layout-flex wp-container-core-group-is-layout-fc43baa9 wp-block-group-is-layout-flex\">\n<p><\/p>\n<\/div>\n<\/div>\n<\/div>\n<\/div>\n<\/div>\n\n\n\n\n\n<div class=\"wp-block-group alignfull has-background-background-color has-background is-layout-constrained wp-block-group-is-layout-constrained\">\n<div class=\"wp-block-group is-style-narrow is-layout-constrained wp-block-group-is-layout-constrained\">\n<p><strong>Nos offres d\u2019emploi actuelles sont disponibles uniquement en allemand. Tu les trouves <a href=\"https:\/\/syndicom.ch\/de_DE\/jobs\" target=\"_blank\" rel=\"noreferrer noopener\">sur notre site allemand ici<\/a>.<\/strong><\/p>\n<\/div>\n<\/div>\n\n\n\n\n\n<div class=\"wp-block-group alignfull has-background-background-color has-background is-layout-constrained wp-block-group-is-layout-constrained\">\n<div class=\"wp-block-group is-style-narrow is-layout-constrained wp-block-group-is-layout-constrained\">\n<h2 class=\"wp-block-heading has-text-align-left\">Ton contact de syndicom pour les offres d&#8217;emploi<\/h2>\n\n\n\n<div class=\"wp-block-group is-style-row-2 is-nowrap is-layout-flex wp-container-core-group-is-layout-64989fb1 wp-block-group-is-layout-flex\"><div class=\"wp-block-custom-person-item\"><div class=\"person-image\"><a class=\"employee-lightbox\" href=\"https:\/\/syndicom.ch\/app\/uploads\/2024\/08\/gewerkschaft-syndicom-verena-fritzenwallner-scaled.jpg\" data-gallery=\"person-69eb36cfeb5cb\" ><img loading=\"lazy\" decoding=\"async\" src=\"https:\/\/syndicom.ch\/app\/uploads\/2024\/08\/gewerkschaft-syndicom-verena-fritzenwallner-scaled.jpg\" class=\"attachment-post-thumbnail size-post-thumbnail wp-post-image \" \/><\/a><\/div><div class=\"meta-holder\"><h3 class=\"person-name\">Verena Fritzenwallner<\/h3><div class=\"person-role\">Responsable du personnel<\/div><div class=\"person-email\"><a href=\"mailto:&#112;&#101;&#114;&#115;&#111;&#110;&#97;&#108;&#64;&#115;&#121;&#110;&#100;&#105;&#99;&#111;&#109;&#46;&#99;&#104;\">&#112;&#101;&#114;&#115;&#111;&#110;&#97;&#108;&#64;&#115;&#121;&#110;&#100;&#105;&#99;&#111;&#109;&#46;&#99;&#104;<\/a><\/div><\/div><\/div>\n\n\n<div class=\"wp-block-group employee-more-info is-layout-constrained wp-block-group-is-layout-constrained\">\n<div class=\"wp-block-columns has-tertiary-background-color has-background is-layout-flex wp-container-core-columns-is-layout-9d6595d7 wp-block-columns-is-layout-flex\">\n<div class=\"wp-block-column has-tertiary-background-color has-background is-layout-flow wp-block-column-is-layout-flow\">\n<p><a href=\"https:\/\/syndicom.ch\/fr\/au-sujet-de-syndicom\/\" target=\"_blank\" rel=\"noreferrer noopener\">Plus d&rsquo;informations sur syndicom.<\/a><\/p>\n<\/div>\n<\/div>\n<\/div>\n<\/div>\n<\/div>\n<\/div>\n\n\n\n<div class=\"wp-block-group alignfull has-background-color has-primary-background-color has-text-color has-background has-link-color wp-elements-f9b130a213a1a7f7c54001bc50979e80 is-layout-constrained wp-block-group-is-layout-constrained\">\n<div class=\"wp-block-group is-style-narrow is-layout-constrained wp-block-group-is-layout-constrained\">\n<h2 class=\"wp-block-heading has-text-align-center\">Personnelle, rapide, directe<\/h2>\n\n\n\n<p class=\"has-text-align-center\">Tu veux en savoir plus sur le syndicat syndicom ? Tu as des questions ou des probl\u00e8mes et tu souhaites \u00eatre conseill\u00e9 ? Contacte-nous, nous sommes l\u00e0 pour toi.<\/p>\n\n\n\n<div class=\"wp-block-buttons is-content-justification-center is-layout-flex wp-container-core-buttons-is-layout-16018d1d wp-block-buttons-is-layout-flex\">\n<div class=\"wp-block-button\"><a class=\"wp-block-button__link wp-element-button\" href=\"https:\/\/syndicom.ch\/fr\/contact\/\" target=\"_blank\" rel=\"noreferrer noopener\">Contacte-nous<\/a><\/div>\n\n\n\n<div class=\"wp-block-button is-style-outline is-style-outline--1\"><a class=\"wp-block-button__link wp-element-button\" href=\"https:\/\/syndicom.ch\/fr\/faq-affiliation\/\" target=\"_blank\" rel=\"noreferrer noopener\">Avantages et infos sur l\u2019adh\u00e9sion<\/a><\/div>\n<\/div>\n<\/div>\n<\/div>\n","protected":false},"excerpt":{"rendered":"<p>Travailler chez le syndicat syndicom Fa\u00e7onner le monde du travail avec syndicom Nous n&rsquo;avons actuellement aucun poste \u00e0 repourvoir. Nos offres d\u2019emploi actuelles sont disponibles uniquement en allemand. Tu les trouves sur notre site allemand ici. syndicom est le syndicat leader des branches Logistique, Technologie de l\u2019informationet de la communication et M\u00e9dias. Il compte dans [&hellip;]<\/p>\n","protected":false},"author":2,"featured_media":0,"parent":39190,"menu_order":0,"comment_status":"closed","ping_status":"closed","template":"","meta":{"_acf_changed":false,"inline_featured_image":false,"_coblocks_attr":"","_coblocks_dimensions":"","_coblocks_responsive_height":"","_coblocks_accordion_ie_support":"","footnotes":""},"categories":[],"class_list":["post-5938","page","type-page","status-publish","hentry"],"acf":[],"yoast_head":"<!-- This site is optimized with the Yoast SEO plugin v27.3 - https:\/\/yoast.com\/product\/yoast-seo-wordpress\/ -->\n<title>Emplois - syndicom<\/title>\n<meta name=\"description\" content=\"Construire le monde du travail avec syndicom! Am\u00e9liorer le monde du travail avec nous : consulte les offres d&#039;emploi que nous avons publi\u00e9es.\" \/>\n<meta name=\"robots\" content=\"index, follow, max-snippet:-1, max-image-preview:large, max-video-preview:-1\" \/>\n<link rel=\"canonical\" href=\"https:\/\/syndicom.ch\/fr\/au-sujet-de-syndicom\/emplois\/\" \/>\n<meta property=\"og:locale\" content=\"fr_FR\" \/>\n<meta property=\"og:type\" content=\"article\" \/>\n<meta property=\"og:title\" content=\"Emplois - syndicom\" \/>\n<meta property=\"og:description\" content=\"Construire le monde du travail avec syndicom! Am\u00e9liorer le monde du travail avec nous : consulte les offres d&#039;emploi que nous avons publi\u00e9es.\" \/>\n<meta property=\"og:url\" content=\"https:\/\/syndicom.ch\/fr\/au-sujet-de-syndicom\/emplois\/\" \/>\n<meta property=\"og:site_name\" content=\"syndicom\" \/>\n<meta property=\"article:modified_time\" content=\"2026-03-20T07:37:44+00:00\" \/>\n<meta name=\"twitter:card\" content=\"summary_large_image\" \/>\n<meta name=\"twitter:label1\" content=\"Dur\u00e9e de lecture estim\u00e9e\" \/>\n\t<meta name=\"twitter:data1\" content=\"7 minutes\" \/>\n<script type=\"application\/ld+json\" class=\"yoast-schema-graph\">{\"@context\":\"https:\\\/\\\/schema.org\",\"@graph\":[{\"@type\":\"WebPage\",\"@id\":\"https:\\\/\\\/syndicom.ch\\\/fr\\\/au-sujet-de-syndicom\\\/emplois\\\/\",\"url\":\"https:\\\/\\\/syndicom.ch\\\/fr\\\/au-sujet-de-syndicom\\\/emplois\\\/\",\"name\":\"Emplois - syndicom\",\"isPartOf\":{\"@id\":\"https:\\\/\\\/syndicom.ch\\\/fr\\\/#website\"},\"datePublished\":\"2025-04-16T09:30:04+00:00\",\"dateModified\":\"2026-03-20T07:37:44+00:00\",\"description\":\"Construire le monde du travail avec syndicom! Am\u00e9liorer le monde du travail avec nous : consulte les offres d'emploi que nous avons publi\u00e9es.\",\"breadcrumb\":{\"@id\":\"https:\\\/\\\/syndicom.ch\\\/fr\\\/au-sujet-de-syndicom\\\/emplois\\\/#breadcrumb\"},\"inLanguage\":\"fr-FR\",\"potentialAction\":[{\"@type\":\"ReadAction\",\"target\":[\"https:\\\/\\\/syndicom.ch\\\/fr\\\/au-sujet-de-syndicom\\\/emplois\\\/\"]}]},{\"@type\":\"BreadcrumbList\",\"@id\":\"https:\\\/\\\/syndicom.ch\\\/fr\\\/au-sujet-de-syndicom\\\/emplois\\\/#breadcrumb\",\"itemListElement\":[{\"@type\":\"ListItem\",\"position\":1,\"name\":\"Page d'accueil\",\"item\":\"https:\\\/\\\/syndicom.ch\\\/fr\\\/\"},{\"@type\":\"ListItem\",\"position\":2,\"name\":\"Au sujet de syndicom\",\"item\":\"https:\\\/\\\/syndicom.ch\\\/fr\\\/au-sujet-de-syndicom\\\/\"},{\"@type\":\"ListItem\",\"position\":3,\"name\":\"Emplois\"}]},{\"@type\":\"WebSite\",\"@id\":\"https:\\\/\\\/syndicom.ch\\\/fr\\\/#website\",\"url\":\"https:\\\/\\\/syndicom.ch\\\/fr\\\/\",\"name\":\"syndicom\",\"description\":\"\",\"publisher\":{\"@id\":\"https:\\\/\\\/syndicom.ch\\\/fr\\\/#organization\"},\"potentialAction\":[{\"@type\":\"SearchAction\",\"target\":{\"@type\":\"EntryPoint\",\"urlTemplate\":\"https:\\\/\\\/syndicom.ch\\\/fr\\\/?s={search_term_string}\"},\"query-input\":{\"@type\":\"PropertyValueSpecification\",\"valueRequired\":true,\"valueName\":\"search_term_string\"}}],\"inLanguage\":\"fr-FR\"},{\"@type\":\"Organization\",\"@id\":\"https:\\\/\\\/syndicom.ch\\\/fr\\\/#organization\",\"name\":\"syndicom\",\"url\":\"https:\\\/\\\/syndicom.ch\\\/fr\\\/\",\"logo\":{\"@type\":\"ImageObject\",\"inLanguage\":\"fr-FR\",\"@id\":\"https:\\\/\\\/syndicom.ch\\\/fr\\\/#\\\/schema\\\/logo\\\/image\\\/\",\"url\":\"https:\\\/\\\/syndicom.ch\\\/app\\\/uploads\\\/2024\\\/06\\\/logo.svg\",\"contentUrl\":\"https:\\\/\\\/syndicom.ch\\\/app\\\/uploads\\\/2024\\\/06\\\/logo.svg\",\"width\":297,\"height\":51,\"caption\":\"syndicom\"},\"image\":{\"@id\":\"https:\\\/\\\/syndicom.ch\\\/fr\\\/#\\\/schema\\\/logo\\\/image\\\/\"}}]}<\/script>\n<!-- \/ Yoast SEO plugin. -->","yoast_head_json":{"title":"Emplois - syndicom","description":"Construire le monde du travail avec syndicom! Am\u00e9liorer le monde du travail avec nous : consulte les offres d'emploi que nous avons publi\u00e9es.","robots":{"index":"index","follow":"follow","max-snippet":"max-snippet:-1","max-image-preview":"max-image-preview:large","max-video-preview":"max-video-preview:-1"},"canonical":"https:\/\/syndicom.ch\/fr\/au-sujet-de-syndicom\/emplois\/","og_locale":"fr_FR","og_type":"article","og_title":"Emplois - syndicom","og_description":"Construire le monde du travail avec syndicom! Am\u00e9liorer le monde du travail avec nous : consulte les offres d'emploi que nous avons publi\u00e9es.","og_url":"https:\/\/syndicom.ch\/fr\/au-sujet-de-syndicom\/emplois\/","og_site_name":"syndicom","article_modified_time":"2026-03-20T07:37:44+00:00","twitter_card":"summary_large_image","twitter_misc":{"Dur\u00e9e de lecture estim\u00e9e":"7 minutes"},"schema":{"@context":"https:\/\/schema.org","@graph":[{"@type":"WebPage","@id":"https:\/\/syndicom.ch\/fr\/au-sujet-de-syndicom\/emplois\/","url":"https:\/\/syndicom.ch\/fr\/au-sujet-de-syndicom\/emplois\/","name":"Emplois - syndicom","isPartOf":{"@id":"https:\/\/syndicom.ch\/fr\/#website"},"datePublished":"2025-04-16T09:30:04+00:00","dateModified":"2026-03-20T07:37:44+00:00","description":"Construire le monde du travail avec syndicom! Am\u00e9liorer le monde du travail avec nous : consulte les offres d'emploi que nous avons publi\u00e9es.","breadcrumb":{"@id":"https:\/\/syndicom.ch\/fr\/au-sujet-de-syndicom\/emplois\/#breadcrumb"},"inLanguage":"fr-FR","potentialAction":[{"@type":"ReadAction","target":["https:\/\/syndicom.ch\/fr\/au-sujet-de-syndicom\/emplois\/"]}]},{"@type":"BreadcrumbList","@id":"https:\/\/syndicom.ch\/fr\/au-sujet-de-syndicom\/emplois\/#breadcrumb","itemListElement":[{"@type":"ListItem","position":1,"name":"Page d'accueil","item":"https:\/\/syndicom.ch\/fr\/"},{"@type":"ListItem","position":2,"name":"Au sujet de syndicom","item":"https:\/\/syndicom.ch\/fr\/au-sujet-de-syndicom\/"},{"@type":"ListItem","position":3,"name":"Emplois"}]},{"@type":"WebSite","@id":"https:\/\/syndicom.ch\/fr\/#website","url":"https:\/\/syndicom.ch\/fr\/","name":"syndicom","description":"","publisher":{"@id":"https:\/\/syndicom.ch\/fr\/#organization"},"potentialAction":[{"@type":"SearchAction","target":{"@type":"EntryPoint","urlTemplate":"https:\/\/syndicom.ch\/fr\/?s={search_term_string}"},"query-input":{"@type":"PropertyValueSpecification","valueRequired":true,"valueName":"search_term_string"}}],"inLanguage":"fr-FR"},{"@type":"Organization","@id":"https:\/\/syndicom.ch\/fr\/#organization","name":"syndicom","url":"https:\/\/syndicom.ch\/fr\/","logo":{"@type":"ImageObject","inLanguage":"fr-FR","@id":"https:\/\/syndicom.ch\/fr\/#\/schema\/logo\/image\/","url":"https:\/\/syndicom.ch\/app\/uploads\/2024\/06\/logo.svg","contentUrl":"https:\/\/syndicom.ch\/app\/uploads\/2024\/06\/logo.svg","width":297,"height":51,"caption":"syndicom"},"image":{"@id":"https:\/\/syndicom.ch\/fr\/#\/schema\/logo\/image\/"}}]}},"_links":{"self":[{"href":"https:\/\/syndicom.ch\/fr\/wp-json\/wp\/v2\/pages\/5938","targetHints":{"allow":["GET"]}}],"collection":[{"href":"https:\/\/syndicom.ch\/fr\/wp-json\/wp\/v2\/pages"}],"about":[{"href":"https:\/\/syndicom.ch\/fr\/wp-json\/wp\/v2\/types\/page"}],"author":[{"embeddable":true,"href":"https:\/\/syndicom.ch\/fr\/wp-json\/wp\/v2\/users\/2"}],"replies":[{"embeddable":true,"href":"https:\/\/syndicom.ch\/fr\/wp-json\/wp\/v2\/comments?post=5938"}],"version-history":[{"count":25,"href":"https:\/\/syndicom.ch\/fr\/wp-json\/wp\/v2\/pages\/5938\/revisions"}],"predecessor-version":[{"id":59688,"href":"https:\/\/syndicom.ch\/fr\/wp-json\/wp\/v2\/pages\/5938\/revisions\/59688"}],"up":[{"embeddable":true,"href":"https:\/\/syndicom.ch\/fr\/wp-json\/wp\/v2\/pages\/39190"}],"wp:attachment":[{"href":"https:\/\/syndicom.ch\/fr\/wp-json\/wp\/v2\/media?parent=5938"}],"wp:term":[{"taxonomy":"category","embeddable":true,"href":"https:\/\/syndicom.ch\/fr\/wp-json\/wp\/v2\/categories?post=5938"}],"curies":[{"name":"wp","href":"https:\/\/api.w.org\/{rel}","templated":true}]}}