{"id":59702,"date":"2026-02-16T10:47:49","date_gmt":"2026-02-16T09:47:49","guid":{"rendered":"https:\/\/syndicom.ch\/?page_id=59702"},"modified":"2026-03-23T11:18:50","modified_gmt":"2026-03-23T10:18:50","slug":"demande-de-participation-aux-frais-cours","status":"publish","type":"page","link":"https:\/\/syndicom.ch\/fr\/demande-de-participation-aux-frais-cours\/","title":{"rendered":"Demande de participation aux frais des cours de perfectionnement et de langue"},"content":{"rendered":"\n<div class=\"wp-block-group alignfull has-primary-background-color has-background is-layout-constrained wp-block-group-is-layout-constrained\">\n<div class=\"wp-block-group is-style-narrow is-layout-constrained wp-block-group-is-layout-constrained\">\n<h1 class=\"wp-block-heading has-background-color has-text-color has-link-color wp-elements-61c2d5c8849cf6e400bfda406bbb35e2\">Demande de participation aux frais des cours de perfectionnement et de langue<\/h1>\n\n\n\n<div class=\"wp-block-columns is-layout-flex wp-container-core-columns-is-layout-9d6595d7 wp-block-columns-is-layout-flex\">\n<div class=\"wp-block-column is-layout-flow wp-block-column-is-layout-flow\" style=\"flex-basis:66.66%\">\n<p class=\"is-style-lead has-background-color has-text-color has-link-color wp-elements-f4bfbbcb2eaef9d23c903b9b6791d03a\">En tant que membre de syndicom, tu peux demander ici en ligne ta participation aux frais pour des cours de perfectionnement et de langue.<\/p>\n<\/div>\n\n\n\n<div class=\"wp-block-column is-layout-flow wp-block-column-is-layout-flow\" style=\"flex-basis:33.33%\">\n<div class=\"wp-block-group is-vertical is-nowrap is-layout-flex wp-container-core-group-is-layout-fc43baa9 wp-block-group-is-layout-flex\">\n<p><\/p>\n<\/div>\n<\/div>\n<\/div>\n<\/div>\n<\/div>\n\n\n\n<div class=\"wp-block-group alignfull has-tertiary-background-color has-background is-layout-constrained wp-block-group-is-layout-constrained\">\n<div class=\"wp-block-group is-style-narrow is-layout-constrained wp-block-group-is-layout-constrained\">\n<div class=\"wp-block-contact-form-7-contact-form-selector\">\n<div class=\"wpcf7 no-js\" id=\"wpcf7-f59704-o1\" lang=\"de-DE\" dir=\"ltr\" data-wpcf7-id=\"59704\">\n<div class=\"screen-reader-response\"><p role=\"status\" aria-live=\"polite\" aria-atomic=\"true\"><\/p> <ul><\/ul><\/div>\n<form action=\"\/fr\/wp-json\/wp\/v2\/pages\/59702#wpcf7-f59704-o1\" method=\"post\" class=\"wpcf7-form init\" aria-label=\"Kontaktformular\" enctype=\"multipart\/form-data\" novalidate=\"novalidate\" data-status=\"init\">\n<fieldset class=\"hidden-fields-container\"><input type=\"hidden\" name=\"_wpcf7\" value=\"59704\" \/><input type=\"hidden\" name=\"_wpcf7_version\" value=\"6.1.5\" \/><input type=\"hidden\" name=\"_wpcf7_locale\" value=\"de_DE\" \/><input type=\"hidden\" name=\"_wpcf7_unit_tag\" value=\"wpcf7-f59704-o1\" \/><input type=\"hidden\" name=\"_wpcf7_container_post\" value=\"0\" \/><input type=\"hidden\" name=\"_wpcf7_posted_data_hash\" value=\"\" \/><input type=\"hidden\" name=\"_wpcf7cf_hidden_group_fields\" value=\"[]\" \/><input type=\"hidden\" name=\"_wpcf7cf_hidden_groups\" value=\"[]\" \/><input type=\"hidden\" name=\"_wpcf7cf_visible_groups\" value=\"[]\" \/><input type=\"hidden\" name=\"_wpcf7cf_repeaters\" value=\"[]\" \/><input type=\"hidden\" name=\"_wpcf7cf_steps\" value=\"{}\" \/><input type=\"hidden\" name=\"_wpcf7cf_options\" value=\"{&quot;form_id&quot;:59704,&quot;conditions&quot;:[{&quot;then_field&quot;:&quot;antr\\u00e4ge&quot;,&quot;and_rules&quot;:[{&quot;if_field&quot;:&quot;radio-877&quot;,&quot;operator&quot;:&quot;equals&quot;,&quot;if_value&quot;:&quot;Oui&quot;}]},{&quot;then_field&quot;:&quot;gesuche&quot;,&quot;and_rules&quot;:[{&quot;if_field&quot;:&quot;radio-64&quot;,&quot;operator&quot;:&quot;equals&quot;,&quot;if_value&quot;:&quot;Oui&quot;}]}],&quot;settings&quot;:{&quot;animation&quot;:&quot;yes&quot;,&quot;animation_intime&quot;:200,&quot;animation_outtime&quot;:200,&quot;conditions_ui&quot;:&quot;normal&quot;,&quot;notice_dismissed&quot;:false,&quot;notice_dismissed_update-cf7-6.0&quot;:true}}\" \/><input type=\"hidden\" name=\"_wpcf7_recaptcha_response\" value=\"\" \/>\n<\/fieldset>\n<strong> Requ\u00e9rant-e<\/strong>\n\n<table style=\"width:100%;\">\n<tr>\n<td>\n<span class=\"wpcf7-form-control-wrap\" data-name=\"nachname\"><input size=\"40\" maxlength=\"400\" class=\"wpcf7-form-control wpcf7-text wpcf7-validates-as-required\" aria-required=\"true\" aria-invalid=\"false\" placeholder=\"Nom*\" value=\"\" type=\"text\" name=\"nachname\" \/><\/span>\n<\/td>\n<td>\n<span class=\"wpcf7-form-control-wrap\" data-name=\"vorname\"><input size=\"40\" maxlength=\"400\" class=\"wpcf7-form-control wpcf7-text wpcf7-validates-as-required\" aria-required=\"true\" aria-invalid=\"false\" placeholder=\"Pr\u00e9nom*\" value=\"\" type=\"text\" name=\"vorname\" \/><\/span>\n<\/td>\n<\/tr>\n\n<tr>\n<td>\n<span class=\"wpcf7-form-control-wrap\" data-name=\"Strasse\"><input size=\"40\" maxlength=\"400\" class=\"wpcf7-form-control wpcf7-text wpcf7-validates-as-required\" aria-required=\"true\" aria-invalid=\"false\" placeholder=\"Rue, N\u00b0*\" value=\"\" type=\"text\" name=\"Strasse\" \/><\/span>\n<\/td>\n<td>\n<span class=\"wpcf7-form-control-wrap\" data-name=\"PLZ\"><input size=\"40\" maxlength=\"400\" class=\"wpcf7-form-control wpcf7-text wpcf7-validates-as-required\" aria-required=\"true\" aria-invalid=\"false\" placeholder=\"NPA, lieu*\" value=\"\" type=\"text\" name=\"PLZ\" \/><\/span>\n<\/td>\n<\/tr>\n\n<tr>\n<td>\n<span class=\"wpcf7-form-control-wrap\" data-name=\"email\"><input size=\"40\" maxlength=\"400\" class=\"wpcf7-form-control wpcf7-email wpcf7-validates-as-required wpcf7-text wpcf7-validates-as-email\" aria-required=\"true\" aria-invalid=\"false\" placeholder=\"E-mail*\" value=\"\" type=\"email\" name=\"email\" \/><\/span>\n<\/td>\n<td>\n<span class=\"wpcf7-form-control-wrap\" data-name=\"tel\"><input size=\"40\" maxlength=\"400\" class=\"wpcf7-form-control wpcf7-tel wpcf7-validates-as-required wpcf7-text wpcf7-validates-as-tel\" aria-required=\"true\" aria-invalid=\"false\" placeholder=\"Mobile*\" value=\"\" type=\"tel\" name=\"tel\" \/><\/span>\n<\/td>\n<\/tr>\n\n<tr>\n<td>\n<span class=\"wpcf7-form-control-wrap\" data-name=\"Beruf\"><input size=\"40\" maxlength=\"400\" class=\"wpcf7-form-control wpcf7-text wpcf7-validates-as-required\" aria-required=\"true\" aria-invalid=\"false\" placeholder=\"Profession*\" value=\"\" type=\"text\" name=\"Beruf\" \/><\/span>\n<\/td>\n<td>\n<span class=\"wpcf7-form-control-wrap\" data-name=\"Arbeitgeber\"><input size=\"40\" maxlength=\"400\" class=\"wpcf7-form-control wpcf7-text\" aria-invalid=\"false\" placeholder=\"Entreprise\" value=\"\" type=\"text\" name=\"Arbeitgeber\" \/><\/span>\n<\/td>\n<\/tr>\n<\/table>\n\n<span class=\"wpcf7-form-control-wrap\" data-name=\"Mitglieder-Nr\"><input size=\"40\" maxlength=\"400\" class=\"wpcf7-form-control wpcf7-text\" aria-invalid=\"false\" placeholder=\"N\u00b0 de membre syndicom\" value=\"\" type=\"text\" name=\"Mitglieder-Nr\" \/><\/span>\n<span class=\"wpcf7-form-control-wrap\" data-name=\"Konto\"><input size=\"40\" maxlength=\"400\" class=\"wpcf7-form-control wpcf7-text wpcf7-validates-as-required\" aria-required=\"true\" aria-invalid=\"false\" placeholder=\"Compte postal ou bancaire (IBAN)*\" value=\"\" type=\"text\" name=\"Konto\" \/><\/span>\n\nDes contributions aux frais de perfectionnement ont-elles d\u00e9j\u00e0 \u00e9t\u00e9 per\u00e7ues aupr\u00e8s de syndicom?\n<label><span class=\"wpcf7-form-control-wrap\" data-name=\"radio-877\"><span class=\"wpcf7-form-control wpcf7-radio\"><span class=\"wpcf7-list-item first last\"><label><input type=\"radio\" name=\"radio-877\" value=\"Oui\" \/><span class=\"wpcf7-list-item-label\">Oui<\/span><\/label><\/span><\/span><\/span><\/label>\n\n<div data-id=\"antr\u00e4ge\" data-orig_data_id=\"antr\u00e4ge\"  class=\"\" data-class=\"wpcf7cf_group\">\n<table style=\"width:100%;\">\n<tr>\n<td>\n<span class=\"wpcf7-form-control-wrap\" data-name=\"jahr\"><input size=\"40\" maxlength=\"400\" class=\"wpcf7-form-control wpcf7-text wpcf7-validates-as-required\" aria-required=\"true\" aria-invalid=\"false\" placeholder=\"Ann\u00e9e*\" value=\"\" type=\"text\" name=\"jahr\" \/><\/span>\n<\/td>\n<td>\n<span class=\"wpcf7-form-control-wrap\" data-name=\"Beitrag\"><input size=\"40\" maxlength=\"400\" class=\"wpcf7-form-control wpcf7-text wpcf7-validates-as-required\" aria-required=\"true\" aria-invalid=\"false\" placeholder=\"Montant*\" value=\"\" type=\"text\" name=\"Beitrag\" \/><\/span>\n<\/td>\n<\/tr>\n<\/table>\n<\/div>\n\n\n<label><span class=\"wpcf7-form-control-wrap\" data-name=\"radio-877\"><span class=\"wpcf7-form-control wpcf7-radio\"><span class=\"wpcf7-list-item first last\"><label><input type=\"radio\" name=\"radio-877\" value=\"Non\" \/><span class=\"wpcf7-list-item-label\">Non<\/span><\/label><\/span><\/span><\/span><\/label>\n<br>\n\n<strong> D\u00e9tails des cours de perfectionnement et de langue<\/strong> <br>\n\nPour quel cours \u2215quelle formation une contribution est-elle sollicit\u00e9e? \n<span class=\"wpcf7-form-control-wrap\" data-name=\"radio-834\"><span class=\"wpcf7-form-control wpcf7-radio\"><span class=\"wpcf7-list-item first\"><label><input type=\"radio\" name=\"radio-834\" value=\"Cours de perfectionnement\" \/><span class=\"wpcf7-list-item-label\">Cours de perfectionnement<\/span><\/label><\/span><span class=\"wpcf7-list-item last\"><label><input type=\"radio\" name=\"radio-834\" value=\"Cours de langue\" \/><span class=\"wpcf7-list-item-label\">Cours de langue<\/span><\/label><\/span><\/span><\/span> <br>\n\n<span class=\"wpcf7-form-control-wrap\" data-name=\"Bezeichnung\"><input size=\"40\" maxlength=\"400\" class=\"wpcf7-form-control wpcf7-text wpcf7-validates-as-required\" aria-required=\"true\" aria-invalid=\"false\" placeholder=\"D\u00e9nomination du cours*\" value=\"\" type=\"text\" name=\"Bezeichnung\" \/><\/span>\n\n<table style=\"width:100%;\">\n<tr>\n<td>\n<span class=\"wpcf7-form-control-wrap\" data-name=\"Veranstalter\"><input size=\"40\" maxlength=\"400\" class=\"wpcf7-form-control wpcf7-text wpcf7-validates-as-required\" aria-required=\"true\" aria-invalid=\"false\" placeholder=\"Organisateur*\" value=\"\" type=\"text\" name=\"Veranstalter\" \/><\/span>\n<\/td>\n<td>\n<span class=\"wpcf7-form-control-wrap\" data-name=\"Ort\"><input size=\"40\" maxlength=\"400\" class=\"wpcf7-form-control wpcf7-text wpcf7-validates-as-required\" aria-required=\"true\" aria-invalid=\"false\" placeholder=\"Lieu*\" value=\"\" type=\"text\" name=\"Ort\" \/><\/span>\n<\/td>\n<\/tr>\n<\/table>\n\n<table style=\"width:100%;\">\n<tr>\n<td> Dur\u00e9e du: \n<span class=\"wpcf7-form-control-wrap\" data-name=\"von\"><input class=\"wpcf7-form-control wpcf7-date wpcf7-validates-as-required wpcf7-validates-as-date\" aria-required=\"true\" aria-invalid=\"false\" placeholder=\"Dur\u00e9e du*\" value=\"\" type=\"date\" name=\"von\" \/><\/span>\n<\/td>\n<td>au:\n<span class=\"wpcf7-form-control-wrap\" data-name=\"bis\"><input class=\"wpcf7-form-control wpcf7-date wpcf7-validates-as-required wpcf7-validates-as-date\" aria-required=\"true\" aria-invalid=\"false\" placeholder=\"au:*\" value=\"\" type=\"date\" name=\"bis\" \/><\/span>\n<\/td>\n<\/tr>\n<\/table>\n\n<span class=\"wpcf7-form-control-wrap\" data-name=\"Lektionen\"><input size=\"40\" maxlength=\"400\" class=\"wpcf7-form-control wpcf7-text wpcf7-validates-as-required\" aria-required=\"true\" aria-invalid=\"false\" placeholder=\"Nombre de le\u00e7ons \u2215 semestres*\" value=\"\" type=\"text\" name=\"Lektionen\" \/><\/span>\n<span class=\"wpcf7-form-control-wrap\" data-name=\"Abschluss\"><input size=\"40\" maxlength=\"400\" class=\"wpcf7-form-control wpcf7-text\" aria-invalid=\"false\" placeholder=\"Certificat \u2215dipl\u00f4me en tant que\" value=\"\" type=\"text\" name=\"Abschluss\" \/><\/span>\n\nCopie de l\u2019inscription au cours*: \n<label class=\"syn-file-upload\">\n<div class=\"syn-file-upload__label\">s\u00e9lectionner un fichier<\/div>\n<span class=\"wpcf7-form-control-wrap\" data-name=\"Kursausweis\"><input size=\"40\" class=\"wpcf7-form-control wpcf7-file wpcf7-validates-as-required\" accept=\".pdf,.doc,.docx,.xls,.xlsx,.ppt,.pptx,.jpg,.jpeg,.png,.zip\" aria-required=\"true\" aria-invalid=\"false\" type=\"file\" name=\"Kursausweis\" \/><\/span>\n<\/label><br>\n\n<br>\n<strong>Co\u00fbts<\/strong>\n\n<table style=\"width:100%;\">\n<tr>\n<td>\n<span class=\"wpcf7-form-control-wrap\" data-name=\"Kursgeld\"><input size=\"40\" maxlength=\"400\" class=\"wpcf7-form-control wpcf7-text wpcf7-validates-as-required\" aria-required=\"true\" aria-invalid=\"false\" placeholder=\"Co\u00fbts du cours \u2215 frais de scolarit\u00e9 *\" value=\"\" type=\"text\" name=\"Kursgeld\" \/><\/span>\n<\/td>\n<td>\n<span class=\"wpcf7-form-control-wrap\" data-name=\"Kursmaterial\"><input size=\"40\" maxlength=\"400\" class=\"wpcf7-form-control wpcf7-text wpcf7-validates-as-required\" aria-required=\"true\" aria-invalid=\"false\" placeholder=\"Mat\u00e9riel pour le cours *\" value=\"\" type=\"text\" name=\"Kursmaterial\" \/><\/span>\n<\/td>\n<\/tr>\n<\/table>\n\n<span class=\"wpcf7-form-control-wrap\" data-name=\"Gesamttotal\"><input size=\"40\" maxlength=\"400\" class=\"wpcf7-form-control wpcf7-text wpcf7-validates-as-required\" aria-required=\"true\" aria-invalid=\"false\" placeholder=\"Total en CHF*\" value=\"\" type=\"text\" name=\"Gesamttotal\" \/><\/span>\n\nCopie du paiement (pas la facture) ou relev\u00e9 de compte en ligne*:\n<label class=\"syn-file-upload\">\n<div class=\"syn-file-upload__label\">s\u00e9lectionner un fichier<\/div>\n<span class=\"wpcf7-form-control-wrap\" data-name=\"Kurskosten\"><input size=\"40\" class=\"wpcf7-form-control wpcf7-file wpcf7-validates-as-required\" accept=\".pdf,.doc,.docx,.xls,.xlsx,.ppt,.pptx,.jpg,.jpeg,.png,.zip\" aria-required=\"true\" aria-invalid=\"false\" type=\"file\" name=\"Kurskosten\" \/><\/span>\n<\/label>\n<br>\n <br>\n<strong>  Autres bailleurs de fonds<\/strong>\n<label><span class=\"wpcf7-form-control-wrap\" data-name=\"radio-64\"><span class=\"wpcf7-form-control wpcf7-radio\"><span class=\"wpcf7-list-item first last\"><label><input type=\"radio\" name=\"radio-64\" value=\"Oui\" \/><span class=\"wpcf7-list-item-label\">Oui<\/span><\/label><\/span><\/span><\/span><\/label>\n\n<div data-id=\"gesuche\" data-orig_data_id=\"gesuche\"  class=\"\" data-class=\"wpcf7cf_group\">\n\n\n<span class=\"wpcf7-form-control-wrap\" data-name=\"Finanzgeber\"><input size=\"40\" maxlength=\"400\" class=\"wpcf7-form-control wpcf7-text wpcf7-validates-as-required\" aria-required=\"true\" aria-invalid=\"false\" placeholder=\"J\u2019ai sollicit\u00e9 une contribution aupr\u00e8s des bailleurs de fonds suivants:*\" value=\"\" type=\"text\" name=\"Finanzgeber\" \/><\/span>\nDemandes et d\u00e9cisions d'autres bailleurs de fonds:<br>\n<span class=\"wpcf7-form-control-wrap\" data-name=\"Finanzgeber1\"><input size=\"40\" class=\"wpcf7-form-control wpcf7-file wpcf7-validates-as-required\" accept=\".pdf,.doc,.docx,.xls,.xlsx,.ppt,.pptx,.jpg,.jpeg,.png,.zip\" aria-required=\"true\" aria-invalid=\"false\" type=\"file\" name=\"Finanzgeber1\" \/><\/span><br>\n<span class=\"wpcf7-form-control-wrap\" data-name=\"Finanzgeber2\"><input size=\"40\" class=\"wpcf7-form-control wpcf7-file\" accept=\".pdf,.doc,.docx,.xls,.xlsx,.ppt,.pptx,.jpg,.jpeg,.png,.zip\" aria-invalid=\"false\" type=\"file\" name=\"Finanzgeber2\" \/><\/span><br>\n<span class=\"wpcf7-form-control-wrap\" data-name=\"Finanzgeber3\"><input size=\"40\" class=\"wpcf7-form-control wpcf7-file\" accept=\".pdf,.doc,.docx,.xls,.xlsx,.ppt,.pptx,.jpg,.jpeg,.png,.zip\" aria-invalid=\"false\" type=\"file\" name=\"Finanzgeber3\" \/><\/span><br>\n\n<br>\n<\/div>\n\n\n<label><span class=\"wpcf7-form-control-wrap\" data-name=\"radio-64\"><span class=\"wpcf7-form-control wpcf7-radio\"><span class=\"wpcf7-list-item first last\"><label><input type=\"radio\" name=\"radio-64\" value=\"Non\" \/><span class=\"wpcf7-list-item-label\">Non<\/span><\/label><\/span><\/span><\/span><\/label>\n<br>\n\n<span class=\"wpcf7-form-control-wrap\" data-name=\"acceptance-432\"><span class=\"wpcf7-form-control wpcf7-acceptance optional\"><span class=\"wpcf7-list-item\"><label><input type=\"checkbox\" name=\"acceptance-432\" value=\"1\" aria-invalid=\"false\" \/><span class=\"wpcf7-list-item-label\">Je confirmes que les informations fournies sont correctes et que j'ai bien compris <a target=\"_blank\" href=\"https:\/\/syndicom.ch\/app\/uploads\/2026\/03\/gewerkschaft-syndicom-reglement-hilfsfonds.pdf\">le r\u00e8glement du Fonds d'aide et de solidarit\u00e9<\/a>. J'accepte notamment la disposition relative \u00e0 l'obligation de remboursement en cas de d\u00e9part de syndicom (conform\u00e9ment \u00e0 l'art. 2).<\/span><\/label><\/span><\/span><\/span>\n<span class=\"wpcf7-form-control-wrap\" data-name=\"Datenschutz\"><span class=\"wpcf7-form-control wpcf7-acceptance\"><span class=\"wpcf7-list-item\"><label><input type=\"checkbox\" name=\"Datenschutz\" value=\"1\" aria-invalid=\"false\" \/><span class=\"wpcf7-list-item-label\">J'accepte la <a target=\"_blank\" href=\"https:\/\/syndicom.ch\/fr\/declaration-de-confidentialite\/\">d\u00e9claration de confidentialit\u00e9<\/a>.<\/span><\/label><\/span><\/span><\/span>\n\n<input class=\"wpcf7-form-control wpcf7-submit has-spinner\" type=\"submit\" value=\"Passer la demande\" \/><div class=\"wpcf7-response-output\" aria-hidden=\"true\"><\/div>\n<\/form>\n<\/div>\n<\/div>\n\n\n\n<p><\/p>\n<\/div>\n<\/div>\n","protected":false},"excerpt":{"rendered":"<p>Demande de participation aux frais des cours de perfectionnement et de langue En tant que membre de syndicom, tu peux demander ici en ligne ta participation aux frais pour des cours de perfectionnement et de langue.<\/p>\n","protected":false},"author":3,"featured_media":0,"parent":0,"menu_order":0,"comment_status":"closed","ping_status":"closed","template":"","meta":{"_acf_changed":false,"inline_featured_image":false,"_coblocks_attr":"","_coblocks_dimensions":"","_coblocks_responsive_height":"","_coblocks_accordion_ie_support":"","footnotes":""},"class_list":["post-59702","page","type-page","status-publish","hentry"],"acf":[],"yoast_head":"<!-- This site is optimized with the Yoast SEO plugin v27.3 - https:\/\/yoast.com\/product\/yoast-seo-wordpress\/ -->\n<title>Demande de participation aux frais des cours de perfectionnement et de langue - syndicom<\/title>\n<meta name=\"description\" content=\"En tant que membre de syndicom, tu peux demander ici en ligne ta participation aux frais pour des cours de perfectionnement et de langue.\" \/>\n<meta name=\"robots\" content=\"noindex, nofollow\" \/>\n<meta property=\"og:locale\" content=\"fr_FR\" \/>\n<meta property=\"og:type\" content=\"article\" \/>\n<meta property=\"og:title\" content=\"Demande de participation aux frais des cours de perfectionnement et de langue - syndicom\" \/>\n<meta property=\"og:description\" content=\"En tant que membre de syndicom, tu peux demander ici en ligne ta participation aux frais pour des cours de perfectionnement et de langue.\" \/>\n<meta property=\"og:url\" content=\"https:\/\/syndicom.ch\/fr\/demande-de-participation-aux-frais-cours\/\" \/>\n<meta property=\"og:site_name\" content=\"syndicom\" \/>\n<meta property=\"article:modified_time\" content=\"2026-03-23T10:18:50+00:00\" \/>\n<meta name=\"twitter:card\" content=\"summary_large_image\" \/>\n<meta name=\"twitter:label1\" content=\"Dur\u00e9e de lecture estim\u00e9e\" \/>\n\t<meta name=\"twitter:data1\" content=\"1 minute\" \/>\n<script type=\"application\/ld+json\" class=\"yoast-schema-graph\">{\"@context\":\"https:\\\/\\\/schema.org\",\"@graph\":[{\"@type\":\"WebPage\",\"@id\":\"https:\\\/\\\/syndicom.ch\\\/fr\\\/demande-de-participation-aux-frais-cours\\\/\",\"url\":\"https:\\\/\\\/syndicom.ch\\\/fr\\\/demande-de-participation-aux-frais-cours\\\/\",\"name\":\"Demande de participation aux frais des cours de perfectionnement et de langue - syndicom\",\"isPartOf\":{\"@id\":\"https:\\\/\\\/syndicom.ch\\\/fr\\\/#website\"},\"datePublished\":\"2026-02-16T09:47:49+00:00\",\"dateModified\":\"2026-03-23T10:18:50+00:00\",\"description\":\"En tant que membre de syndicom, tu peux demander ici en ligne ta participation aux frais pour des cours de perfectionnement et de langue.\",\"breadcrumb\":{\"@id\":\"https:\\\/\\\/syndicom.ch\\\/fr\\\/demande-de-participation-aux-frais-cours\\\/#breadcrumb\"},\"inLanguage\":\"fr-FR\",\"potentialAction\":[{\"@type\":\"ReadAction\",\"target\":[\"https:\\\/\\\/syndicom.ch\\\/fr\\\/demande-de-participation-aux-frais-cours\\\/\"]}]},{\"@type\":\"BreadcrumbList\",\"@id\":\"https:\\\/\\\/syndicom.ch\\\/fr\\\/demande-de-participation-aux-frais-cours\\\/#breadcrumb\",\"itemListElement\":[{\"@type\":\"ListItem\",\"position\":1,\"name\":\"Page d'accueil\",\"item\":\"https:\\\/\\\/syndicom.ch\\\/fr\\\/\"},{\"@type\":\"ListItem\",\"position\":2,\"name\":\"Demande de participation aux frais des cours de perfectionnement et de langue\"}]},{\"@type\":\"WebSite\",\"@id\":\"https:\\\/\\\/syndicom.ch\\\/fr\\\/#website\",\"url\":\"https:\\\/\\\/syndicom.ch\\\/fr\\\/\",\"name\":\"syndicom\",\"description\":\"\",\"publisher\":{\"@id\":\"https:\\\/\\\/syndicom.ch\\\/fr\\\/#organization\"},\"potentialAction\":[{\"@type\":\"SearchAction\",\"target\":{\"@type\":\"EntryPoint\",\"urlTemplate\":\"https:\\\/\\\/syndicom.ch\\\/fr\\\/?s={search_term_string}\"},\"query-input\":{\"@type\":\"PropertyValueSpecification\",\"valueRequired\":true,\"valueName\":\"search_term_string\"}}],\"inLanguage\":\"fr-FR\"},{\"@type\":\"Organization\",\"@id\":\"https:\\\/\\\/syndicom.ch\\\/fr\\\/#organization\",\"name\":\"syndicom\",\"url\":\"https:\\\/\\\/syndicom.ch\\\/fr\\\/\",\"logo\":{\"@type\":\"ImageObject\",\"inLanguage\":\"fr-FR\",\"@id\":\"https:\\\/\\\/syndicom.ch\\\/fr\\\/#\\\/schema\\\/logo\\\/image\\\/\",\"url\":\"https:\\\/\\\/syndicom.ch\\\/app\\\/uploads\\\/2024\\\/06\\\/logo.svg\",\"contentUrl\":\"https:\\\/\\\/syndicom.ch\\\/app\\\/uploads\\\/2024\\\/06\\\/logo.svg\",\"width\":297,\"height\":51,\"caption\":\"syndicom\"},\"image\":{\"@id\":\"https:\\\/\\\/syndicom.ch\\\/fr\\\/#\\\/schema\\\/logo\\\/image\\\/\"}}]}<\/script>\n<!-- \/ Yoast SEO plugin. -->","yoast_head_json":{"title":"Demande de participation aux frais des cours de perfectionnement et de langue - syndicom","description":"En tant que membre de syndicom, tu peux demander ici en ligne ta participation aux frais pour des cours de perfectionnement et de langue.","robots":{"index":"noindex","follow":"nofollow"},"og_locale":"fr_FR","og_type":"article","og_title":"Demande de participation aux frais des cours de perfectionnement et de langue - syndicom","og_description":"En tant que membre de syndicom, tu peux demander ici en ligne ta participation aux frais pour des cours de perfectionnement et de langue.","og_url":"https:\/\/syndicom.ch\/fr\/demande-de-participation-aux-frais-cours\/","og_site_name":"syndicom","article_modified_time":"2026-03-23T10:18:50+00:00","twitter_card":"summary_large_image","twitter_misc":{"Dur\u00e9e de lecture estim\u00e9e":"1 minute"},"schema":{"@context":"https:\/\/schema.org","@graph":[{"@type":"WebPage","@id":"https:\/\/syndicom.ch\/fr\/demande-de-participation-aux-frais-cours\/","url":"https:\/\/syndicom.ch\/fr\/demande-de-participation-aux-frais-cours\/","name":"Demande de participation aux frais des cours de perfectionnement et de langue - syndicom","isPartOf":{"@id":"https:\/\/syndicom.ch\/fr\/#website"},"datePublished":"2026-02-16T09:47:49+00:00","dateModified":"2026-03-23T10:18:50+00:00","description":"En tant que membre de syndicom, tu peux demander ici en ligne ta participation aux frais pour des cours de perfectionnement et de langue.","breadcrumb":{"@id":"https:\/\/syndicom.ch\/fr\/demande-de-participation-aux-frais-cours\/#breadcrumb"},"inLanguage":"fr-FR","potentialAction":[{"@type":"ReadAction","target":["https:\/\/syndicom.ch\/fr\/demande-de-participation-aux-frais-cours\/"]}]},{"@type":"BreadcrumbList","@id":"https:\/\/syndicom.ch\/fr\/demande-de-participation-aux-frais-cours\/#breadcrumb","itemListElement":[{"@type":"ListItem","position":1,"name":"Page d'accueil","item":"https:\/\/syndicom.ch\/fr\/"},{"@type":"ListItem","position":2,"name":"Demande de participation aux frais des cours de perfectionnement et de langue"}]},{"@type":"WebSite","@id":"https:\/\/syndicom.ch\/fr\/#website","url":"https:\/\/syndicom.ch\/fr\/","name":"syndicom","description":"","publisher":{"@id":"https:\/\/syndicom.ch\/fr\/#organization"},"potentialAction":[{"@type":"SearchAction","target":{"@type":"EntryPoint","urlTemplate":"https:\/\/syndicom.ch\/fr\/?s={search_term_string}"},"query-input":{"@type":"PropertyValueSpecification","valueRequired":true,"valueName":"search_term_string"}}],"inLanguage":"fr-FR"},{"@type":"Organization","@id":"https:\/\/syndicom.ch\/fr\/#organization","name":"syndicom","url":"https:\/\/syndicom.ch\/fr\/","logo":{"@type":"ImageObject","inLanguage":"fr-FR","@id":"https:\/\/syndicom.ch\/fr\/#\/schema\/logo\/image\/","url":"https:\/\/syndicom.ch\/app\/uploads\/2024\/06\/logo.svg","contentUrl":"https:\/\/syndicom.ch\/app\/uploads\/2024\/06\/logo.svg","width":297,"height":51,"caption":"syndicom"},"image":{"@id":"https:\/\/syndicom.ch\/fr\/#\/schema\/logo\/image\/"}}]}},"_links":{"self":[{"href":"https:\/\/syndicom.ch\/fr\/wp-json\/wp\/v2\/pages\/59702","targetHints":{"allow":["GET"]}}],"collection":[{"href":"https:\/\/syndicom.ch\/fr\/wp-json\/wp\/v2\/pages"}],"about":[{"href":"https:\/\/syndicom.ch\/fr\/wp-json\/wp\/v2\/types\/page"}],"author":[{"embeddable":true,"href":"https:\/\/syndicom.ch\/fr\/wp-json\/wp\/v2\/users\/3"}],"replies":[{"embeddable":true,"href":"https:\/\/syndicom.ch\/fr\/wp-json\/wp\/v2\/comments?post=59702"}],"version-history":[{"count":2,"href":"https:\/\/syndicom.ch\/fr\/wp-json\/wp\/v2\/pages\/59702\/revisions"}],"predecessor-version":[{"id":59705,"href":"https:\/\/syndicom.ch\/fr\/wp-json\/wp\/v2\/pages\/59702\/revisions\/59705"}],"wp:attachment":[{"href":"https:\/\/syndicom.ch\/fr\/wp-json\/wp\/v2\/media?parent=59702"}],"curies":[{"name":"wp","href":"https:\/\/api.w.org\/{rel}","templated":true}]}}