{"id":6788,"date":"2024-08-08T16:27:14","date_gmt":"2024-08-08T14:27:14","guid":{"rendered":"https:\/\/projects.atxeit.ch\/syndicom\/?page_id=6788"},"modified":"2026-03-23T15:32:09","modified_gmt":"2026-03-23T14:32:09","slug":"banque-cler","status":"publish","type":"page","link":"https:\/\/syndicom.ch\/fr\/tes-avantages\/banque-cler\/","title":{"rendered":"Banque Cler"},"content":{"rendered":"\n<div class=\"wp-block-group alignfull has-background-color has-primary-background-color has-text-color has-background has-link-color wp-elements-9c3ea59f0cbb35d73dbbc89974002af9 is-layout-constrained wp-block-group-is-layout-constrained\">\n<div class=\"wp-block-group is-style-narrow is-layout-constrained wp-block-group-is-layout-constrained\">\n<div class=\"wp-block-columns is-layout-flex wp-container-core-columns-is-layout-9d6595d7 wp-block-columns-is-layout-flex\">\n<div class=\"wp-block-column is-layout-flow wp-block-column-is-layout-flow\" style=\"flex-basis:50%\">\n<h1 class=\"wp-block-heading\">Banque Cler<\/h1>\n\n\n\n<p class=\"is-style-lead\">En tant que membre de syndicom, tu profites de rabais sur les placements, les hypoth\u00e8ques et la planification financi\u00e8re aupr\u00e8s de la Banque Cler.<\/p>\n<\/div>\n\n\n\n<div class=\"wp-block-column is-layout-flow wp-block-column-is-layout-flow\" style=\"flex-basis:50%\">\n<figure class=\"wp-block-image size-full\"><img loading=\"lazy\" decoding=\"async\" width=\"2560\" height=\"1707\" src=\"https:\/\/syndicom.ch\/app\/uploads\/2025\/02\/gewerkschaft-syndicom-bank-cler-bild-scaled.jpg\" alt=\"\" class=\"wp-image-24234\" srcset=\"https:\/\/syndicom.ch\/app\/uploads\/2025\/02\/gewerkschaft-syndicom-bank-cler-bild-scaled.jpg 2560w, https:\/\/syndicom.ch\/app\/uploads\/2025\/02\/gewerkschaft-syndicom-bank-cler-bild-300x200.jpg 300w, https:\/\/syndicom.ch\/app\/uploads\/2025\/02\/gewerkschaft-syndicom-bank-cler-bild-1024x683.jpg 1024w, https:\/\/syndicom.ch\/app\/uploads\/2025\/02\/gewerkschaft-syndicom-bank-cler-bild-768x512.jpg 768w, https:\/\/syndicom.ch\/app\/uploads\/2025\/02\/gewerkschaft-syndicom-bank-cler-bild-1536x1024.jpg 1536w, https:\/\/syndicom.ch\/app\/uploads\/2025\/02\/gewerkschaft-syndicom-bank-cler-bild-2048x1365.jpg 2048w\" sizes=\"auto, (max-width: 2560px) 100vw, 2560px\" \/><\/figure>\n<\/div>\n<\/div>\n<\/div>\n<\/div>\n\n\n\n<div class=\"wp-block-group alignfull has-background-background-color has-background is-layout-constrained wp-block-group-is-layout-constrained\">\n<div class=\"wp-block-group is-style-narrow is-layout-constrained wp-block-group-is-layout-constrained\">\n<h2 class=\"wp-block-heading\"><strong>Tes avantages comme membre de syndicom \u00e0 la Banque Cler<\/strong><\/h2>\n\n\n\n<div class=\"wp-block-group is-style-slider is-autoplay is-style-narrow-mid is-layout-constrained wp-block-group-is-layout-constrained\">\n<div class=\"wp-block-media-text is-stacked-on-mobile is-style-stacked-spacious coblocks-animate\" data-coblocks-animation=\"zoomIn\"><figure class=\"wp-block-media-text__media\"><\/figure><div class=\"wp-block-media-text__content\">\n<p><strong>Paiements et \u00e9pargne<\/strong><\/p>\n\n\n\n<ul class=\"wp-block-list\">\n<li class=\"is-style-check\">Pack bancaire Classic gratuit (sans papier) les deux premi\u00e8res ann\u00e9es.&nbsp;<\/li>\n\n\n\n<li class=\"is-style-check\">Et toujours gratuit apr\u00e8s les deux premi\u00e8res ann\u00e9es si tu d\u00e9tiens chez nous en permanence des titres pour un montant sup\u00e9rieur \u00e0 50 000 CHF ou une hypoth\u00e8que.*<\/li>\n<\/ul>\n<\/div><\/div>\n\n\n\n<div class=\"wp-block-media-text is-stacked-on-mobile is-style-stacked-spacious coblocks-animate\" data-coblocks-animation=\"zoomIn\"><figure class=\"wp-block-media-text__media\"><\/figure><div class=\"wp-block-media-text__content\">\n<p><strong>Placements<\/strong><\/p>\n\n\n\n<ul class=\"wp-block-list\">\n<li class=\"is-style-check\">Rabais de 25 % sur les frais de courtage dans le cadre de la tarification \u00e0 l\u2019unit\u00e9*<\/li>\n\n\n\n<li class=\"is-style-check\">Rabais de 25 % sur les droits de garde et les frais relatifs au pack de<br>conseil en placement*<\/li>\n\n\n\n<li class=\"is-style-check\">Prime de 10 % sur les versements dans la Solution de placement&nbsp;les deux premi\u00e8res ann\u00e9es qui suivent votre saisie en tant qu&rsquo;affili\u00e9 dans notre syst\u00e8me.*<\/li>\n<\/ul>\n<\/div><\/div>\n\n\n\n<div class=\"wp-block-media-text is-stacked-on-mobile is-style-stacked-spacious coblocks-animate\" data-coblocks-animation=\"zoomIn\"><figure class=\"wp-block-media-text__media\"><\/figure><div class=\"wp-block-media-text__content\">\n<p><strong>Hypoth\u00e8ques<\/strong><\/p>\n\n\n\n<ul class=\"wp-block-list\">\n<li class=\"is-style-check\">0,2 % de r\u00e9duction sur le taux hypoth\u00e9caire (hypoth\u00e8que variable et hypoth\u00e8que \u00e0 taux fixe)*<\/li>\n\n\n\n<li class=\"is-style-check\">0,1 % de r\u00e9duction suppl\u00e9mentaire*<\/li>\n<\/ul>\n<\/div><\/div>\n\n\n\n<div class=\"wp-block-media-text is-stacked-on-mobile is-style-stacked-spacious coblocks-animate\" data-coblocks-animation=\"zoomIn\"><figure class=\"wp-block-media-text__media\"><\/figure><div class=\"wp-block-media-text__content\">\n<p><strong>Planification financi\u00e8re<\/strong><\/p>\n\n\n\n<ul class=\"wp-block-list\">\n<li class=\"is-style-check\">Rabais* unique de 25 % sur le conseil fiscal, successoral ou sur la planification de la retraite<\/li>\n<\/ul>\n<\/div><\/div>\n<\/div>\n\n\n\n<p>* Conditions et dispositions sous: <a href=\"https:\/\/www.cler.ch\/fr\/kooperationen\/syndicom2\" target=\"_blank\" rel=\"noreferrer noopener\">www.cler.ch\/syndicom<\/a><\/p>\n<\/div>\n<\/div>\n\n\n\n<div class=\"wp-block-group alignfull has-tertiary-background-color has-background is-layout-constrained wp-block-group-is-layout-constrained\">\n<div class=\"wp-block-group is-style-narrow is-layout-constrained wp-block-group-is-layout-constrained\">\n<h2 class=\"wp-block-heading\"><strong><strong>Tu n&rsquo;es pas encore membre de syndicom ?<\/strong><\/strong><\/h2>\n\n\n\n<p>C&rsquo;est donc le moment id\u00e9al pour devenir membre de syndicom et profiter de cette offre attrayante de la Banque Cler, ainsi que de nombreux autres avantages.<\/p>\n\n\n\n<div class=\"wp-block-buttons is-layout-flex wp-block-buttons-is-layout-flex\">\n<div class=\"wp-block-button is-style-syn-member-cta\"><a class=\"wp-block-button__link wp-element-button\" href=\"https:\/\/my.syndicom.ch\/adhesion\" target=\"_blank\" rel=\"noreferrer noopener\"><strong>Deviens membre maintenant et profite<\/strong><\/a><\/div>\n\n\n\n<div class=\"wp-block-button is-style-outline is-style-outline--1\"><a class=\"wp-block-button__link has-primary-color has-primary-background-color has-text-color has-background has-link-color wp-element-button\" href=\"https:\/\/syndicom.ch\/fr\/faq-affiliation\/\" target=\"_blank\" rel=\"noreferrer noopener\"><strong>Aper\u00e7u des avantages<\/strong><\/a><\/div>\n<\/div>\n<\/div>\n<\/div>\n\n\n\n<div class=\"wp-block-group alignfull has-background-background-color has-background is-layout-constrained wp-block-group-is-layout-constrained\">\n<div class=\"wp-block-group is-style-narrow is-layout-constrained wp-block-group-is-layout-constrained\">\n<h2 class=\"wp-block-heading\"><strong><strong>Profiter de l&rsquo;offre de la Banque Cler<\/strong><\/strong><\/h2>\n\n\n\n<p>En tant que <strong>membre de syndicom<\/strong>, tu peux demander <a href=\"https:\/\/www.cler.ch\/fr\/sites\/cooperation\/contact-cooperations\" target=\"_blank\" rel=\"noreferrer noopener nofollow\">un entretien de conseil en ligne<\/a>, sans engagement.<\/p>\n\n\n\n<p>Tu es d\u00e9j\u00e0 <strong>client de la Banque Cler<\/strong> ? Alors prends directement contact avec le service client\u00e8le.<\/p>\n<\/div>\n<\/div>\n","protected":false},"excerpt":{"rendered":"<p>Tes avantages comme membre de syndicom \u00e0 la Banque Cler Paiements et \u00e9pargne Placements Hypoth\u00e8ques Planification financi\u00e8re * Conditions et dispositions sous: www.cler.ch\/syndicom Tu n&rsquo;es pas encore membre de syndicom ? C&rsquo;est donc le moment id\u00e9al pour devenir membre de syndicom et profiter de cette offre attrayante de la Banque Cler, ainsi que de nombreux [&hellip;]<\/p>\n","protected":false},"author":3,"featured_media":0,"parent":45049,"menu_order":0,"comment_status":"closed","ping_status":"closed","template":"","meta":{"_acf_changed":false,"_coblocks_attr":"","_coblocks_dimensions":"","_coblocks_responsive_height":"","_coblocks_accordion_ie_support":"","inline_featured_image":false,"footnotes":""},"categories":[358],"class_list":["post-6788","page","type-page","status-publish","hentry","category-tes-avantages"],"acf":[],"yoast_head":"<!-- This site is optimized with the Yoast SEO plugin v27.3 - https:\/\/yoast.com\/product\/yoast-seo-wordpress\/ -->\n<title>Banque Cler - syndicom<\/title>\n<meta name=\"description\" content=\"Les membres du syndicat syndicom b\u00e9n\u00e9ficient de rabais sur les placements, les hypoth\u00e8ques et la planification financi\u00e8re \u00e0 la Banque Cler.\" \/>\n<meta name=\"robots\" content=\"index, follow, max-snippet:-1, max-image-preview:large, max-video-preview:-1\" \/>\n<link rel=\"canonical\" href=\"https:\/\/syndicom.ch\/fr\/tes-avantages\/banque-cler\/\" \/>\n<meta property=\"og:locale\" content=\"fr_FR\" \/>\n<meta property=\"og:type\" content=\"article\" \/>\n<meta property=\"og:title\" content=\"Banque Cler - syndicom\" \/>\n<meta property=\"og:description\" content=\"Les membres du syndicat syndicom b\u00e9n\u00e9ficient de rabais sur les placements, les hypoth\u00e8ques et la planification financi\u00e8re \u00e0 la Banque Cler.\" \/>\n<meta property=\"og:url\" content=\"https:\/\/syndicom.ch\/fr\/tes-avantages\/banque-cler\/\" \/>\n<meta property=\"og:site_name\" content=\"syndicom\" \/>\n<meta property=\"article:publisher\" content=\"https:\/\/www.facebook.com\/syndicom\/\" \/>\n<meta property=\"article:modified_time\" content=\"2026-03-23T14:32:09+00:00\" \/>\n<meta name=\"twitter:card\" content=\"summary_large_image\" \/>\n<meta name=\"twitter:label1\" content=\"Dur\u00e9e de lecture estim\u00e9e\" \/>\n\t<meta name=\"twitter:data1\" content=\"2 minutes\" \/>\n<script type=\"application\/ld+json\" class=\"yoast-schema-graph\">{\"@context\":\"https:\\\/\\\/schema.org\",\"@graph\":[{\"@type\":\"WebPage\",\"@id\":\"https:\\\/\\\/syndicom.ch\\\/fr\\\/tes-avantages\\\/banque-cler\\\/\",\"url\":\"https:\\\/\\\/syndicom.ch\\\/fr\\\/tes-avantages\\\/banque-cler\\\/\",\"name\":\"Banque Cler - syndicom\",\"isPartOf\":{\"@id\":\"https:\\\/\\\/syndicom.ch\\\/fr\\\/#website\"},\"datePublished\":\"2024-08-08T14:27:14+00:00\",\"dateModified\":\"2026-03-23T14:32:09+00:00\",\"description\":\"Les membres du syndicat syndicom b\u00e9n\u00e9ficient de rabais sur les placements, les hypoth\u00e8ques et la planification financi\u00e8re \u00e0 la Banque Cler.\",\"breadcrumb\":{\"@id\":\"https:\\\/\\\/syndicom.ch\\\/fr\\\/tes-avantages\\\/banque-cler\\\/#breadcrumb\"},\"inLanguage\":\"fr-FR\",\"potentialAction\":[{\"@type\":\"ReadAction\",\"target\":[\"https:\\\/\\\/syndicom.ch\\\/fr\\\/tes-avantages\\\/banque-cler\\\/\"]}]},{\"@type\":\"BreadcrumbList\",\"@id\":\"https:\\\/\\\/syndicom.ch\\\/fr\\\/tes-avantages\\\/banque-cler\\\/#breadcrumb\",\"itemListElement\":[{\"@type\":\"ListItem\",\"position\":1,\"name\":\"Page d'accueil\",\"item\":\"https:\\\/\\\/syndicom.ch\\\/fr\\\/\"},{\"@type\":\"ListItem\",\"position\":2,\"name\":\"Tes avantages\",\"item\":\"https:\\\/\\\/syndicom.ch\\\/fr\\\/tes-avantages\\\/\"},{\"@type\":\"ListItem\",\"position\":3,\"name\":\"Banque Cler\"}]},{\"@type\":\"WebSite\",\"@id\":\"https:\\\/\\\/syndicom.ch\\\/fr\\\/#website\",\"url\":\"https:\\\/\\\/syndicom.ch\\\/fr\\\/\",\"name\":\"syndicom\",\"description\":\"\",\"publisher\":{\"@id\":\"https:\\\/\\\/syndicom.ch\\\/fr\\\/#organization\"},\"potentialAction\":[{\"@type\":\"SearchAction\",\"target\":{\"@type\":\"EntryPoint\",\"urlTemplate\":\"https:\\\/\\\/syndicom.ch\\\/fr\\\/?s={search_term_string}\"},\"query-input\":{\"@type\":\"PropertyValueSpecification\",\"valueRequired\":true,\"valueName\":\"search_term_string\"}}],\"inLanguage\":\"fr-FR\"},{\"@type\":\"Organization\",\"@id\":\"https:\\\/\\\/syndicom.ch\\\/fr\\\/#organization\",\"name\":\"syndicom\",\"alternateName\":\"Gewerkschaft Medien und Kommunikation\",\"url\":\"https:\\\/\\\/syndicom.ch\\\/fr\\\/\",\"logo\":{\"@type\":\"ImageObject\",\"inLanguage\":\"fr-FR\",\"@id\":\"https:\\\/\\\/syndicom.ch\\\/fr\\\/#\\\/schema\\\/logo\\\/image\\\/\",\"url\":\"https:\\\/\\\/syndicom.ch\\\/app\\\/uploads\\\/2024\\\/06\\\/logo.svg\",\"contentUrl\":\"https:\\\/\\\/syndicom.ch\\\/app\\\/uploads\\\/2024\\\/06\\\/logo.svg\",\"width\":297,\"height\":51,\"caption\":\"syndicom\"},\"image\":{\"@id\":\"https:\\\/\\\/syndicom.ch\\\/fr\\\/#\\\/schema\\\/logo\\\/image\\\/\"},\"sameAs\":[\"https:\\\/\\\/www.facebook.com\\\/syndicom\\\/\",\"https:\\\/\\\/ch.linkedin.com\\\/company\\\/syndicom-gewerkschaft-medien-und-kommunikation\",\"https:\\\/\\\/www.instagram.com\\\/syndicom\\\/\"]}]}<\/script>\n<!-- \/ Yoast SEO plugin. -->","yoast_head_json":{"title":"Banque Cler - syndicom","description":"Les membres du syndicat syndicom b\u00e9n\u00e9ficient de rabais sur les placements, les hypoth\u00e8ques et la planification financi\u00e8re \u00e0 la Banque Cler.","robots":{"index":"index","follow":"follow","max-snippet":"max-snippet:-1","max-image-preview":"max-image-preview:large","max-video-preview":"max-video-preview:-1"},"canonical":"https:\/\/syndicom.ch\/fr\/tes-avantages\/banque-cler\/","og_locale":"fr_FR","og_type":"article","og_title":"Banque Cler - syndicom","og_description":"Les membres du syndicat syndicom b\u00e9n\u00e9ficient de rabais sur les placements, les hypoth\u00e8ques et la planification financi\u00e8re \u00e0 la Banque Cler.","og_url":"https:\/\/syndicom.ch\/fr\/tes-avantages\/banque-cler\/","og_site_name":"syndicom","article_publisher":"https:\/\/www.facebook.com\/syndicom\/","article_modified_time":"2026-03-23T14:32:09+00:00","twitter_card":"summary_large_image","twitter_misc":{"Dur\u00e9e de lecture estim\u00e9e":"2 minutes"},"schema":{"@context":"https:\/\/schema.org","@graph":[{"@type":"WebPage","@id":"https:\/\/syndicom.ch\/fr\/tes-avantages\/banque-cler\/","url":"https:\/\/syndicom.ch\/fr\/tes-avantages\/banque-cler\/","name":"Banque Cler - syndicom","isPartOf":{"@id":"https:\/\/syndicom.ch\/fr\/#website"},"datePublished":"2024-08-08T14:27:14+00:00","dateModified":"2026-03-23T14:32:09+00:00","description":"Les membres du syndicat syndicom b\u00e9n\u00e9ficient de rabais sur les placements, les hypoth\u00e8ques et la planification financi\u00e8re \u00e0 la Banque Cler.","breadcrumb":{"@id":"https:\/\/syndicom.ch\/fr\/tes-avantages\/banque-cler\/#breadcrumb"},"inLanguage":"fr-FR","potentialAction":[{"@type":"ReadAction","target":["https:\/\/syndicom.ch\/fr\/tes-avantages\/banque-cler\/"]}]},{"@type":"BreadcrumbList","@id":"https:\/\/syndicom.ch\/fr\/tes-avantages\/banque-cler\/#breadcrumb","itemListElement":[{"@type":"ListItem","position":1,"name":"Page d'accueil","item":"https:\/\/syndicom.ch\/fr\/"},{"@type":"ListItem","position":2,"name":"Tes avantages","item":"https:\/\/syndicom.ch\/fr\/tes-avantages\/"},{"@type":"ListItem","position":3,"name":"Banque Cler"}]},{"@type":"WebSite","@id":"https:\/\/syndicom.ch\/fr\/#website","url":"https:\/\/syndicom.ch\/fr\/","name":"syndicom","description":"","publisher":{"@id":"https:\/\/syndicom.ch\/fr\/#organization"},"potentialAction":[{"@type":"SearchAction","target":{"@type":"EntryPoint","urlTemplate":"https:\/\/syndicom.ch\/fr\/?s={search_term_string}"},"query-input":{"@type":"PropertyValueSpecification","valueRequired":true,"valueName":"search_term_string"}}],"inLanguage":"fr-FR"},{"@type":"Organization","@id":"https:\/\/syndicom.ch\/fr\/#organization","name":"syndicom","alternateName":"Gewerkschaft Medien und Kommunikation","url":"https:\/\/syndicom.ch\/fr\/","logo":{"@type":"ImageObject","inLanguage":"fr-FR","@id":"https:\/\/syndicom.ch\/fr\/#\/schema\/logo\/image\/","url":"https:\/\/syndicom.ch\/app\/uploads\/2024\/06\/logo.svg","contentUrl":"https:\/\/syndicom.ch\/app\/uploads\/2024\/06\/logo.svg","width":297,"height":51,"caption":"syndicom"},"image":{"@id":"https:\/\/syndicom.ch\/fr\/#\/schema\/logo\/image\/"},"sameAs":["https:\/\/www.facebook.com\/syndicom\/","https:\/\/ch.linkedin.com\/company\/syndicom-gewerkschaft-medien-und-kommunikation","https:\/\/www.instagram.com\/syndicom\/"]}]}},"_links":{"self":[{"href":"https:\/\/syndicom.ch\/fr\/wp-json\/wp\/v2\/pages\/6788","targetHints":{"allow":["GET"]}}],"collection":[{"href":"https:\/\/syndicom.ch\/fr\/wp-json\/wp\/v2\/pages"}],"about":[{"href":"https:\/\/syndicom.ch\/fr\/wp-json\/wp\/v2\/types\/page"}],"author":[{"embeddable":true,"href":"https:\/\/syndicom.ch\/fr\/wp-json\/wp\/v2\/users\/3"}],"replies":[{"embeddable":true,"href":"https:\/\/syndicom.ch\/fr\/wp-json\/wp\/v2\/comments?post=6788"}],"version-history":[{"count":14,"href":"https:\/\/syndicom.ch\/fr\/wp-json\/wp\/v2\/pages\/6788\/revisions"}],"predecessor-version":[{"id":59734,"href":"https:\/\/syndicom.ch\/fr\/wp-json\/wp\/v2\/pages\/6788\/revisions\/59734"}],"up":[{"embeddable":true,"href":"https:\/\/syndicom.ch\/fr\/wp-json\/wp\/v2\/pages\/45049"}],"wp:attachment":[{"href":"https:\/\/syndicom.ch\/fr\/wp-json\/wp\/v2\/media?parent=6788"}],"wp:term":[{"taxonomy":"category","embeddable":true,"href":"https:\/\/syndicom.ch\/fr\/wp-json\/wp\/v2\/categories?post=6788"}],"curies":[{"name":"wp","href":"https:\/\/api.w.org\/{rel}","templated":true}]}}