{"id":6852,"date":"2024-08-05T13:05:50","date_gmt":"2024-08-05T11:05:50","guid":{"rendered":"https:\/\/projects.atxeit.ch\/syndicom\/?page_id=6852"},"modified":"2026-04-15T08:59:38","modified_gmt":"2026-04-15T06:59:38","slug":"consultation-de-retraite","status":"publish","type":"page","link":"https:\/\/syndicom.ch\/fr\/consultation-de-retraite\/","title":{"rendered":"Consultation de retraite"},"content":{"rendered":"\n<div class=\"wp-block-group alignfull has-primary-background-color has-background is-layout-constrained wp-block-group-is-layout-constrained\">\n<div class=\"wp-block-group is-style-narrow is-layout-constrained wp-block-group-is-layout-constrained\">\n<h1 class=\"wp-block-heading has-background-color has-text-color has-link-color wp-elements-3cbeab5d728de92d8caaab3d48623111\">Comment te pr\u00e9parer pour la retraite<\/h1>\n\n\n\n<div class=\"wp-block-columns is-layout-flex wp-container-core-columns-is-layout-9d6595d7 wp-block-columns-is-layout-flex\">\n<div class=\"wp-block-column is-layout-flow wp-block-column-is-layout-flow\" style=\"flex-basis:66.66%\">\n<p class=\"is-style-lead has-background-color has-text-color has-link-color wp-elements-e82f9f54e00dad48ad3e5816c129302a\">La consultation de retraite de syndicom t&rsquo;aide si tu as des questions sur la rente et la pr\u00e9voyance vieillesse.<\/p>\n<\/div>\n\n\n\n<div class=\"wp-block-column is-layout-flow wp-block-column-is-layout-flow\" style=\"flex-basis:33.33%\">\n<div class=\"wp-block-group is-vertical is-nowrap is-layout-flex wp-container-core-group-is-layout-fc43baa9 wp-block-group-is-layout-flex\">\n<p><mark style=\"background-color:#0D7EAC\" class=\"has-inline-color has-background-color\"><a href=\"#Conseils-de-retraite\"><mark style=\"background-color:rgba(0, 0, 0, 0)\" class=\"has-inline-color has-background-color\">\u279c Qu&rsquo;est-ce qu&rsquo;une consultation de retraite ?<\/mark><\/a><br><a href=\"#coutes\"><mark style=\"background-color:rgba(0, 0, 0, 0)\" class=\"has-inline-color has-background-color\">\u279c Combien co\u00fbte une consultation de retraite ?<\/mark><\/a><\/mark><\/p>\n<\/div>\n<\/div>\n<\/div>\n\n\n\n<div class=\"wp-block-buttons is-content-justification-center is-layout-flex wp-container-core-buttons-is-layout-16018d1d wp-block-buttons-is-layout-flex\">\n<div class=\"wp-block-button is-style-fill\"><a class=\"wp-block-button__link has-primary-color has-background-background-color has-text-color has-background has-link-color wp-element-button\" href=\"#rendez-vous\">R\u00e9server un rendez-vous de consultation ici<\/a><\/div>\n<\/div>\n<\/div>\n<\/div>\n\n\n\n<div class=\"wp-block-group alignfull has-background-background-color has-background is-layout-constrained wp-block-group-is-layout-constrained\">\n<div class=\"wp-block-group is-style-narrow is-layout-constrained wp-block-group-is-layout-constrained\">\n<p><strong>\u00c0 quoi ressemblera ma vie apr\u00e8s la retraite ? Puis-je me permettre financi\u00e8rement de prendre ma retraite anticip\u00e9e ? Dois-je travailler jusqu&rsquo;\u00e0 70 ans pour que ma rente de vieillesse me permette de vivre d\u00e9cemment ? Ma rente AVS et ma rente de caisse de pension suffiront-elles, ou vais-je devoir faire face \u00e0 des ann\u00e9es difficiles ? Ma rente sera-t-elle suffisante pour subvenir \u00e0 mes besoins pendant ma vieillesse ?<\/strong><\/p>\n\n\n\n<h2 class=\"wp-block-heading\" id=\"Conseils-de-retraite\"><strong><strong>Des questions sur la retraite ? <strong>Pourquoi une consultaton de retraite en vaut la peine<\/strong><\/strong><\/strong><\/h2>\n\n\n\n<p><a href=\"#consultants-et-consultantes\">L\u2019\u00e9quipe de consultation du syndicat syndicom<\/a>, qui est active dans toute la Suisse,<\/p>\n\n\n\n<ul class=\"wp-block-list\">\n<li class=\"is-style-check\">t&rsquo;explique le syst\u00e8me des trois piliers.<\/li>\n\n\n\n<li class=\"is-style-check\">te montre \u2013 dans le sens d\u2019une aide \u00e0 s\u2019aider soi-m\u00eame \u2013 comment tu peux calculer l\u2019ordre de grandeur de ton futur revenu en tant que personne retrait\u00e9e.<\/li>\n\n\n\n<li class=\"is-style-check\">t\u2019informe des cons\u00e9quences de la r\u00e9forme AVS 21.<\/li>\n\n\n\n<li class=\"is-style-check\">te montre les avantages et les inconv\u00e9nients d\u2019un retrait de capital de ta caisse de pension.<\/li>\n\n\n\n<li class=\"is-style-check\">te met \u00e0 disposition des bases pour \u00e9tablir un budget annuel.<\/li>\n\n\n\n<li class=\"is-style-check\">te montre quels pi\u00e8ges \u00e9viter si tu poss\u00e8des un logement ou envisages d\u2019en acheter un.<\/li>\n<\/ul>\n\n\n\n<p><\/p>\n\n\n\n<p>De nombreuses personnes actives ne peuvent s\u2019attendre qu\u2019\u00e0 une rente du 1er pilier, de l\u2019AVS, malgr\u00e9 des d\u00e9cennies de travail. Cette situation concerne avant tout les femmes et les personnes \u00e0 temps partiel avec un petit taux d\u2019occupation et un salaire bas. <\/p>\n\n\n\n<p class=\"has-tertiary-background-color has-background\">C\u2019est pourquoi le syndicat syndicom exige une meilleure AVS et l\u2019abolition de la d\u00e9duction de coordination pour le 2e pilier \u2013 la pr\u00e9voyance vieillesse (LPP). Seule une minorit\u00e9 des personnes actives peuvent se permettre un 3e pilier, donc une pr\u00e9voyance priv\u00e9e.<\/p>\n<\/div>\n<\/div>\n\n\n\n<div class=\"wp-block-group alignfull is-layout-constrained wp-block-group-is-layout-constrained\">\n<figure class=\"wp-block-image alignwide size-full\"><img loading=\"lazy\" decoding=\"async\" width=\"760\" height=\"391\" src=\"https:\/\/syndicom.ch\/app\/uploads\/2024\/08\/gewerkschaft-syndicom-pensionierungsberatung.jpg\" alt=\"Symbolbild f\u00fcr die syndicom Pensionierungsberatung mit zwei alten Menschen auf einer Vespa\" class=\"wp-image-1360\" srcset=\"https:\/\/syndicom.ch\/app\/uploads\/2024\/08\/gewerkschaft-syndicom-pensionierungsberatung.jpg 760w, https:\/\/syndicom.ch\/app\/uploads\/2024\/08\/gewerkschaft-syndicom-pensionierungsberatung-300x154.jpg 300w\" sizes=\"auto, (max-width: 760px) 100vw, 760px\" \/><\/figure>\n<\/div>\n\n\n\n<div class=\"wp-block-group alignfull has-background-background-color has-background is-layout-constrained wp-block-group-is-layout-constrained\">\n<div class=\"wp-block-group is-style-narrow is-layout-constrained wp-block-group-is-layout-constrained\">\n<h2 class=\"wp-block-heading\" id=\"coutes\">Combien co\u00fbte une consultation de retraite ?<\/h2>\n\n\n\n<div class=\"wp-block-group is-style-narrow is-layout-constrained wp-block-group-is-layout-constrained\">\n<hr class=\"wp-block-separator has-alpha-channel-opacity is-style-wide\"\/>\n\n\n\n<div class=\"wp-block-columns is-style-accordion has-background-background-color has-background is-layout-flex wp-container-core-columns-is-layout-9d6595d7 wp-block-columns-is-layout-flex\">\n<div class=\"wp-block-column has-background-background-color has-background is-layout-flow wp-block-column-is-layout-flow\">\n<p class=\"has-foreground-color has-text-color has-link-color wp-elements-b7884f710166029700b40e0dee05f0f6\"><strong><strong>Gratuite pour les membres de syndicom<\/strong><\/strong><\/p>\n<\/div>\n\n\n\n<div class=\"wp-block-column is-layout-flow wp-block-column-is-layout-flow\">\n<p class=\"is-style-default\">La consultation du syndicat syndicom est gratuite pour les <a href=\"https:\/\/syndicom.ch\/fr\/offres-de-syndicom\/\" target=\"_blank\" rel=\"noreferrer noopener\">membres de syndicom<\/a> et leurs partenaires de vie.<\/p>\n<\/div>\n<\/div>\n\n\n\n<hr class=\"wp-block-separator has-alpha-channel-opacity is-style-wide\"\/>\n\n\n\n<div class=\"wp-block-columns is-style-accordion has-background-background-color has-background is-layout-flex wp-container-core-columns-is-layout-9d6595d7 wp-block-columns-is-layout-flex\">\n<div class=\"wp-block-column has-background-background-color has-background is-layout-flow wp-block-column-is-layout-flow\">\n<p class=\"has-foreground-color has-text-color has-link-color wp-elements-2fa3802b2b2723312346d4c050904ed1\"><strong><strong><strong>Gratuite pour le personnel de Swisscom, cablex et localsearch<\/strong><\/strong><\/strong><\/p>\n<\/div>\n\n\n\n<div class=\"wp-block-column is-layout-flow wp-block-column-is-layout-flow\">\n<p class=\"is-style-default\">Gr\u00e2ce au soutien de la fondation sovis, nous pouvons proposer gratuitement les consultations \u00e0 l\u2019ensemble du personnel de Swisscom, cablex et localsearch.<\/p>\n<\/div>\n<\/div>\n\n\n\n<hr class=\"wp-block-separator has-alpha-channel-opacity is-style-wide\"\/>\n\n\n\n<div class=\"wp-block-columns is-style-accordion has-background-background-color has-background is-layout-flex wp-container-core-columns-is-layout-9d6595d7 wp-block-columns-is-layout-flex\">\n<div class=\"wp-block-column has-background-background-color has-background is-layout-flow wp-block-column-is-layout-flow\">\n<h3 class=\"wp-block-heading has-foreground-color has-text-color has-link-color wp-elements-692cb80ce557daf8f6b39f663ff226da\"><strong><strong><strong><strong>Prix pour les non-membres de syndicom<\/strong><\/strong><\/strong><\/strong><\/h3>\n<\/div>\n\n\n\n<div class=\"wp-block-column is-layout-flow wp-block-column-is-layout-flow\">\n<p class=\"is-style-default\">Les non-membres peuvent \u00e9galement b\u00e9n\u00e9ficier d\u2019une consultation pour un forfait de 390 francs. Les personnes int\u00e9ress\u00e9es sont pri\u00e9es de nous contacter par courriel en indiquant leur adresse de domicile et leur num\u00e9ro de t\u00e9l\u00e9phone portable: <a href=\"mailto:&#97;&#100;&#109;&#105;&#110;&#64;&#115;&#121;&#110;&#100;&#105;&#99;&#111;&#109;&#46;&#99;&#104;\">&#97;&#100;&#109;&#105;&#110;&#64;&#115;&#121;&#110;&#100;&#105;&#99;&#111;&#109;&#46;&#99;&#104;<\/a><\/p>\n<\/div>\n<\/div>\n\n\n\n<hr class=\"wp-block-separator has-alpha-channel-opacity is-style-wide\"\/>\n<\/div>\n<\/div>\n<\/div>\n\n\n\n<div class=\"wp-block-group alignfull has-background-color has-primary-background-color has-text-color has-background has-link-color wp-elements-3f692e9ea80f636d944ac457bc5c3c5b is-layout-constrained wp-block-group-is-layout-constrained\">\n<div id=\"rendez-vous\" class=\"wp-block-group is-style-narrow is-layout-constrained wp-block-group-is-layout-constrained\">\n<figure class=\"wp-block-image aligncenter size-large box-icon\"><img loading=\"lazy\" decoding=\"async\" width=\"43\" height=\"44\" src=\"https:\/\/syndicom.ch\/app\/uploads\/2024\/07\/info-alert.svg\" alt=\"\" class=\"wp-image-897\"\/><\/figure>\n\n\n\n<h2 class=\"wp-block-heading has-text-align-center\">R\u00e9serve maintenant ta consultation de retraite<\/h2>\n\n\n\n<p class=\"has-text-align-center\">Tu peux t\u2019inscrire \u00e0 une consultation de retraite via my.syndicom ou par mail en indiquant ton adresse de domicile et ton num\u00e9ro de t\u00e9l\u00e9phone portable.<\/p>\n\n\n\n<div class=\"wp-block-buttons is-content-justification-center is-layout-flex wp-container-core-buttons-is-layout-16018d1d wp-block-buttons-is-layout-flex\">\n<div class=\"wp-block-button\"><a class=\"wp-block-button__link has-primary-color has-background-background-color has-text-color has-background has-link-color wp-element-button\" href=\"https:\/\/my.syndicom.ch\/?l=fr&amp;p=6f72cff901ca9dc2487c4dc8d03ce0f3\" target=\"_blank\" rel=\"noreferrer noopener\">via my.syndicom<\/a><\/div>\n\n\n\n<div class=\"wp-block-button\"><a class=\"wp-block-button__link has-primary-color has-background-background-color has-text-color has-background has-link-color wp-element-button\" href=\"mailto:admin@syndicom.ch?subject=Conseils de retraite\">par mail<\/a><\/div>\n<\/div>\n<\/div>\n<\/div>\n\n\n\n<div class=\"wp-block-group alignfull has-background-background-color has-background is-layout-constrained wp-block-group-is-layout-constrained\">\n<div class=\"wp-block-group is-style-narrow is-layout-constrained wp-block-group-is-layout-constrained\">\n<h2 class=\"wp-block-heading\" id=\"consultants-et-consultantes\">Tes consultant-es de retraite de syndicom<\/h2>\n\n\n\n<p>Fort-es de leur longue exp\u00e9rience, les consultant-es du syndicat syndicom s\u2019occupent de ta situation individuelle avec beaucoup de tact. Les consultations se d\u00e9roulent en toute discr\u00e9tion, si n\u00e9cessaire en pr\u00e9sence du partenaire de vie.<\/p>\n\n\n\n<div class=\"wp-block-group is-style-row-2 is-nowrap is-layout-flex wp-container-core-group-is-layout-64989fb1 wp-block-group-is-layout-flex\"><div class=\"wp-block-custom-person-item\"><div class=\"person-image\"><a class=\"employee-lightbox\" href=\"https:\/\/syndicom.ch\/app\/uploads\/2024\/10\/gewerkschaft-syndicom-pensionierungsberaterin-fabienne-brunner.jpg\" data-gallery=\"person-69e9fd37514e7\" ><img loading=\"lazy\" decoding=\"async\" src=\"https:\/\/syndicom.ch\/app\/uploads\/2024\/10\/gewerkschaft-syndicom-pensionierungsberaterin-fabienne-brunner.jpg\" class=\"attachment-post-thumbnail size-post-thumbnail wp-post-image \" \/><\/a><\/div><div class=\"meta-holder\"><h3 class=\"person-name\">Fabienne Brunner<\/h3><div class=\"person-role\">Consultante de retraite du syndicat syndicom<\/div><div class=\"person-email\"><a href=\"mailto:&#97;&#100;&#109;&#105;&#110;&#64;&#115;&#121;&#110;&#100;&#105;&#99;&#111;&#109;&#46;&#99;&#104;\">&#97;&#100;&#109;&#105;&#110;&#64;&#115;&#121;&#110;&#100;&#105;&#99;&#111;&#109;&#46;&#99;&#104;<\/a><\/div><\/div><\/div>\n\n<div class=\"wp-block-custom-person-item\"><div class=\"person-image\"><a class=\"employee-lightbox\" href=\"https:\/\/syndicom.ch\/app\/uploads\/2024\/10\/gewerkschaft-syndicom-pensionierungsberater-pierre-yves-sprunger-1.jpg\" data-gallery=\"person-69e9fd3751b51\" ><img loading=\"lazy\" decoding=\"async\" src=\"https:\/\/syndicom.ch\/app\/uploads\/2024\/10\/gewerkschaft-syndicom-pensionierungsberater-pierre-yves-sprunger-1.jpg\" class=\"attachment-post-thumbnail size-post-thumbnail wp-post-image \" \/><\/a><\/div><div class=\"meta-holder\"><h3 class=\"person-name\">Pierre-Yves Sprunger<\/h3><div class=\"person-role\">Consultant de retraite du syndicat syndicom<\/div><div class=\"person-email\"><a href=\"mailto:&#97;&#100;&#109;&#105;&#110;&#64;&#115;&#121;&#110;&#100;&#105;&#99;&#111;&#109;&#46;&#99;&#104;\">&#97;&#100;&#109;&#105;&#110;&#64;&#115;&#121;&#110;&#100;&#105;&#99;&#111;&#109;&#46;&#99;&#104;<\/a><\/div><\/div><\/div>\n\n<div class=\"wp-block-custom-person-item\"><div class=\"person-image\"><a class=\"employee-lightbox\" href=\"https:\/\/syndicom.ch\/app\/uploads\/2024\/10\/gewerkschaft-syndicom-pensionierungsberaterin-catherine-tabary.jpg\" data-gallery=\"person-69e9fd37520dc\" ><img loading=\"lazy\" decoding=\"async\" src=\"https:\/\/syndicom.ch\/app\/uploads\/2024\/10\/gewerkschaft-syndicom-pensionierungsberaterin-catherine-tabary.jpg\" class=\"attachment-post-thumbnail size-post-thumbnail wp-post-image \" \/><\/a><\/div><div class=\"meta-holder\"><h3 class=\"person-name\">Catherine Tabary<\/h3><div class=\"person-role\">Consultante de retraite du syndicat syndicom<\/div><div class=\"person-email\"><a href=\"mailto:&#97;&#100;&#109;&#105;&#110;&#64;&#115;&#121;&#110;&#100;&#105;&#99;&#111;&#109;&#46;&#99;&#104;\">&#97;&#100;&#109;&#105;&#110;&#64;&#115;&#121;&#110;&#100;&#105;&#99;&#111;&#109;&#46;&#99;&#104;<\/a><\/div><\/div><\/div><\/div>\n<\/div>\n<\/div>\n","protected":false},"excerpt":{"rendered":"<p>Comment te pr\u00e9parer pour la retraite: La consultation de retraite de syndicom t&rsquo;aide si tu as des questions sur la rente.<\/p>\n","protected":false},"author":3,"featured_media":2212,"parent":0,"menu_order":0,"comment_status":"closed","ping_status":"closed","template":"","meta":{"_acf_changed":false,"inline_featured_image":false,"_coblocks_attr":"","_coblocks_dimensions":"","_coblocks_responsive_height":"","_coblocks_accordion_ie_support":"","footnotes":""},"categories":[358],"class_list":["post-6852","page","type-page","status-publish","has-post-thumbnail","hentry","category-tes-avantages"],"acf":[],"yoast_head":"<!-- This site is optimized with the Yoast SEO plugin v27.3 - https:\/\/yoast.com\/product\/yoast-seo-wordpress\/ -->\n<title>Consultation de retraite - syndicom<\/title>\n<meta name=\"description\" content=\"Comment te pr\u00e9parer pour la retraite: La consultation de retraite de syndicom t&#039;aide si tu as des questions sur la rente.\" \/>\n<meta name=\"robots\" content=\"index, follow, max-snippet:-1, max-image-preview:large, max-video-preview:-1\" \/>\n<link rel=\"canonical\" href=\"https:\/\/syndicom.ch\/fr\/consultation-de-retraite\/\" \/>\n<meta property=\"og:locale\" content=\"fr_FR\" \/>\n<meta property=\"og:type\" content=\"article\" \/>\n<meta property=\"og:title\" content=\"Consultation de retraite - syndicom\" \/>\n<meta property=\"og:description\" content=\"Comment te pr\u00e9parer pour la retraite: La consultation de retraite de syndicom t&#039;aide si tu as des questions sur la rente.\" \/>\n<meta property=\"og:url\" content=\"https:\/\/syndicom.ch\/fr\/consultation-de-retraite\/\" \/>\n<meta property=\"og:site_name\" content=\"syndicom\" \/>\n<meta property=\"article:modified_time\" content=\"2026-04-15T06:59:38+00:00\" \/>\n<meta property=\"og:image\" content=\"https:\/\/syndicom.ch\/app\/uploads\/2024\/08\/gewerkschaft-syndicom-pensionierungsberatung.jpg\" \/>\n\t<meta property=\"og:image:width\" content=\"760\" \/>\n\t<meta property=\"og:image:height\" content=\"391\" \/>\n\t<meta property=\"og:image:type\" content=\"image\/jpeg\" \/>\n<meta name=\"twitter:card\" content=\"summary_large_image\" \/>\n<meta name=\"twitter:label1\" content=\"Dur\u00e9e de lecture estim\u00e9e\" \/>\n\t<meta name=\"twitter:data1\" content=\"4 minutes\" \/>\n<script type=\"application\/ld+json\" class=\"yoast-schema-graph\">{\"@context\":\"https:\\\/\\\/schema.org\",\"@graph\":[{\"@type\":\"WebPage\",\"@id\":\"https:\\\/\\\/syndicom.ch\\\/fr\\\/consultation-de-retraite\\\/\",\"url\":\"https:\\\/\\\/syndicom.ch\\\/fr\\\/consultation-de-retraite\\\/\",\"name\":\"Consultation de retraite - syndicom\",\"isPartOf\":{\"@id\":\"https:\\\/\\\/syndicom.ch\\\/fr\\\/#website\"},\"primaryImageOfPage\":{\"@id\":\"https:\\\/\\\/syndicom.ch\\\/fr\\\/consultation-de-retraite\\\/#primaryimage\"},\"image\":{\"@id\":\"https:\\\/\\\/syndicom.ch\\\/fr\\\/consultation-de-retraite\\\/#primaryimage\"},\"thumbnailUrl\":\"https:\\\/\\\/syndicom.ch\\\/app\\\/uploads\\\/2024\\\/08\\\/gewerkschaft-syndicom-pensionierungsberatung.jpg\",\"datePublished\":\"2024-08-05T11:05:50+00:00\",\"dateModified\":\"2026-04-15T06:59:38+00:00\",\"description\":\"Comment te pr\u00e9parer pour la retraite: La consultation de retraite de syndicom t'aide si tu as des questions sur la rente.\",\"breadcrumb\":{\"@id\":\"https:\\\/\\\/syndicom.ch\\\/fr\\\/consultation-de-retraite\\\/#breadcrumb\"},\"inLanguage\":\"fr-FR\",\"potentialAction\":[{\"@type\":\"ReadAction\",\"target\":[\"https:\\\/\\\/syndicom.ch\\\/fr\\\/consultation-de-retraite\\\/\"]}]},{\"@type\":\"ImageObject\",\"inLanguage\":\"fr-FR\",\"@id\":\"https:\\\/\\\/syndicom.ch\\\/fr\\\/consultation-de-retraite\\\/#primaryimage\",\"url\":\"https:\\\/\\\/syndicom.ch\\\/app\\\/uploads\\\/2024\\\/08\\\/gewerkschaft-syndicom-pensionierungsberatung.jpg\",\"contentUrl\":\"https:\\\/\\\/syndicom.ch\\\/app\\\/uploads\\\/2024\\\/08\\\/gewerkschaft-syndicom-pensionierungsberatung.jpg\",\"width\":760,\"height\":391},{\"@type\":\"BreadcrumbList\",\"@id\":\"https:\\\/\\\/syndicom.ch\\\/fr\\\/consultation-de-retraite\\\/#breadcrumb\",\"itemListElement\":[{\"@type\":\"ListItem\",\"position\":1,\"name\":\"Page d'accueil\",\"item\":\"https:\\\/\\\/syndicom.ch\\\/fr\\\/\"},{\"@type\":\"ListItem\",\"position\":2,\"name\":\"Consultation de retraite\"}]},{\"@type\":\"WebSite\",\"@id\":\"https:\\\/\\\/syndicom.ch\\\/fr\\\/#website\",\"url\":\"https:\\\/\\\/syndicom.ch\\\/fr\\\/\",\"name\":\"syndicom\",\"description\":\"\",\"publisher\":{\"@id\":\"https:\\\/\\\/syndicom.ch\\\/fr\\\/#organization\"},\"potentialAction\":[{\"@type\":\"SearchAction\",\"target\":{\"@type\":\"EntryPoint\",\"urlTemplate\":\"https:\\\/\\\/syndicom.ch\\\/fr\\\/?s={search_term_string}\"},\"query-input\":{\"@type\":\"PropertyValueSpecification\",\"valueRequired\":true,\"valueName\":\"search_term_string\"}}],\"inLanguage\":\"fr-FR\"},{\"@type\":\"Organization\",\"@id\":\"https:\\\/\\\/syndicom.ch\\\/fr\\\/#organization\",\"name\":\"syndicom\",\"url\":\"https:\\\/\\\/syndicom.ch\\\/fr\\\/\",\"logo\":{\"@type\":\"ImageObject\",\"inLanguage\":\"fr-FR\",\"@id\":\"https:\\\/\\\/syndicom.ch\\\/fr\\\/#\\\/schema\\\/logo\\\/image\\\/\",\"url\":\"https:\\\/\\\/syndicom.ch\\\/app\\\/uploads\\\/2024\\\/06\\\/logo.svg\",\"contentUrl\":\"https:\\\/\\\/syndicom.ch\\\/app\\\/uploads\\\/2024\\\/06\\\/logo.svg\",\"width\":297,\"height\":51,\"caption\":\"syndicom\"},\"image\":{\"@id\":\"https:\\\/\\\/syndicom.ch\\\/fr\\\/#\\\/schema\\\/logo\\\/image\\\/\"}}]}<\/script>\n<!-- \/ Yoast SEO plugin. -->","yoast_head_json":{"title":"Consultation de retraite - syndicom","description":"Comment te pr\u00e9parer pour la retraite: La consultation de retraite de syndicom t'aide si tu as des questions sur la rente.","robots":{"index":"index","follow":"follow","max-snippet":"max-snippet:-1","max-image-preview":"max-image-preview:large","max-video-preview":"max-video-preview:-1"},"canonical":"https:\/\/syndicom.ch\/fr\/consultation-de-retraite\/","og_locale":"fr_FR","og_type":"article","og_title":"Consultation de retraite - syndicom","og_description":"Comment te pr\u00e9parer pour la retraite: La consultation de retraite de syndicom t'aide si tu as des questions sur la rente.","og_url":"https:\/\/syndicom.ch\/fr\/consultation-de-retraite\/","og_site_name":"syndicom","article_modified_time":"2026-04-15T06:59:38+00:00","og_image":[{"width":760,"height":391,"url":"https:\/\/syndicom.ch\/app\/uploads\/2024\/08\/gewerkschaft-syndicom-pensionierungsberatung.jpg","type":"image\/jpeg"}],"twitter_card":"summary_large_image","twitter_misc":{"Dur\u00e9e de lecture estim\u00e9e":"4 minutes"},"schema":{"@context":"https:\/\/schema.org","@graph":[{"@type":"WebPage","@id":"https:\/\/syndicom.ch\/fr\/consultation-de-retraite\/","url":"https:\/\/syndicom.ch\/fr\/consultation-de-retraite\/","name":"Consultation de retraite - syndicom","isPartOf":{"@id":"https:\/\/syndicom.ch\/fr\/#website"},"primaryImageOfPage":{"@id":"https:\/\/syndicom.ch\/fr\/consultation-de-retraite\/#primaryimage"},"image":{"@id":"https:\/\/syndicom.ch\/fr\/consultation-de-retraite\/#primaryimage"},"thumbnailUrl":"https:\/\/syndicom.ch\/app\/uploads\/2024\/08\/gewerkschaft-syndicom-pensionierungsberatung.jpg","datePublished":"2024-08-05T11:05:50+00:00","dateModified":"2026-04-15T06:59:38+00:00","description":"Comment te pr\u00e9parer pour la retraite: La consultation de retraite de syndicom t'aide si tu as des questions sur la rente.","breadcrumb":{"@id":"https:\/\/syndicom.ch\/fr\/consultation-de-retraite\/#breadcrumb"},"inLanguage":"fr-FR","potentialAction":[{"@type":"ReadAction","target":["https:\/\/syndicom.ch\/fr\/consultation-de-retraite\/"]}]},{"@type":"ImageObject","inLanguage":"fr-FR","@id":"https:\/\/syndicom.ch\/fr\/consultation-de-retraite\/#primaryimage","url":"https:\/\/syndicom.ch\/app\/uploads\/2024\/08\/gewerkschaft-syndicom-pensionierungsberatung.jpg","contentUrl":"https:\/\/syndicom.ch\/app\/uploads\/2024\/08\/gewerkschaft-syndicom-pensionierungsberatung.jpg","width":760,"height":391},{"@type":"BreadcrumbList","@id":"https:\/\/syndicom.ch\/fr\/consultation-de-retraite\/#breadcrumb","itemListElement":[{"@type":"ListItem","position":1,"name":"Page d'accueil","item":"https:\/\/syndicom.ch\/fr\/"},{"@type":"ListItem","position":2,"name":"Consultation de retraite"}]},{"@type":"WebSite","@id":"https:\/\/syndicom.ch\/fr\/#website","url":"https:\/\/syndicom.ch\/fr\/","name":"syndicom","description":"","publisher":{"@id":"https:\/\/syndicom.ch\/fr\/#organization"},"potentialAction":[{"@type":"SearchAction","target":{"@type":"EntryPoint","urlTemplate":"https:\/\/syndicom.ch\/fr\/?s={search_term_string}"},"query-input":{"@type":"PropertyValueSpecification","valueRequired":true,"valueName":"search_term_string"}}],"inLanguage":"fr-FR"},{"@type":"Organization","@id":"https:\/\/syndicom.ch\/fr\/#organization","name":"syndicom","url":"https:\/\/syndicom.ch\/fr\/","logo":{"@type":"ImageObject","inLanguage":"fr-FR","@id":"https:\/\/syndicom.ch\/fr\/#\/schema\/logo\/image\/","url":"https:\/\/syndicom.ch\/app\/uploads\/2024\/06\/logo.svg","contentUrl":"https:\/\/syndicom.ch\/app\/uploads\/2024\/06\/logo.svg","width":297,"height":51,"caption":"syndicom"},"image":{"@id":"https:\/\/syndicom.ch\/fr\/#\/schema\/logo\/image\/"}}]}},"_links":{"self":[{"href":"https:\/\/syndicom.ch\/fr\/wp-json\/wp\/v2\/pages\/6852","targetHints":{"allow":["GET"]}}],"collection":[{"href":"https:\/\/syndicom.ch\/fr\/wp-json\/wp\/v2\/pages"}],"about":[{"href":"https:\/\/syndicom.ch\/fr\/wp-json\/wp\/v2\/types\/page"}],"author":[{"embeddable":true,"href":"https:\/\/syndicom.ch\/fr\/wp-json\/wp\/v2\/users\/3"}],"replies":[{"embeddable":true,"href":"https:\/\/syndicom.ch\/fr\/wp-json\/wp\/v2\/comments?post=6852"}],"version-history":[{"count":55,"href":"https:\/\/syndicom.ch\/fr\/wp-json\/wp\/v2\/pages\/6852\/revisions"}],"predecessor-version":[{"id":61042,"href":"https:\/\/syndicom.ch\/fr\/wp-json\/wp\/v2\/pages\/6852\/revisions\/61042"}],"wp:featuredmedia":[{"embeddable":true,"href":"https:\/\/syndicom.ch\/fr\/wp-json\/wp\/v2\/media\/2212"}],"wp:attachment":[{"href":"https:\/\/syndicom.ch\/fr\/wp-json\/wp\/v2\/media?parent=6852"}],"wp:term":[{"taxonomy":"category","embeddable":true,"href":"https:\/\/syndicom.ch\/fr\/wp-json\/wp\/v2\/categories?post=6852"}],"curies":[{"name":"wp","href":"https:\/\/api.w.org\/{rel}","templated":true}]}}