{"id":7220,"date":"2024-07-24T14:16:50","date_gmt":"2024-07-24T12:16:50","guid":{"rendered":"https:\/\/projects.atxeit.ch\/syndicom\/?page_id=7220"},"modified":"2026-02-04T14:16:22","modified_gmt":"2026-02-04T13:16:22","slug":"professionel-les-des-medias-independants","status":"publish","type":"page","link":"https:\/\/syndicom.ch\/fr\/offres-par-metier\/professionel-les-des-medias-independants\/","title":{"rendered":"Professionel-les des m\u00e9dias ind\u00e9pendants"},"content":{"rendered":"\n<div class=\"wp-block-group alignfull has-primary-background-color has-background is-layout-constrained wp-block-group-is-layout-constrained\">\n<div class=\"wp-block-group is-style-narrow is-layout-constrained wp-block-group-is-layout-constrained\">\n<h1 class=\"wp-block-heading has-background-color has-text-color has-link-color wp-elements-10cfbcf331d085c86e6d1e1a0537001f\">Comit\u00e9 des professionel-les des m\u00e9dias ind\u00e9pendants<\/h1>\n\n\n\n<div class=\"wp-block-columns is-layout-flex wp-container-core-columns-is-layout-9d6595d7 wp-block-columns-is-layout-flex\">\n<div class=\"wp-block-column is-layout-flow wp-block-column-is-layout-flow\" style=\"flex-basis:66.66%\">\n<p class=\"is-style-lead has-background-color has-text-color has-link-color wp-elements-8178abba8a54f9a2ab065d65ce079d2c\">Les professionel-les des m\u00e9dias ind\u00e9pendants et freelances \u00e9voluent dans un champ de tension permanent entre libert\u00e9 et ins\u00e9curit\u00e9, entre trop et pas assez de mandats, entre journalisme et relations publiques, entre mandats et projets personnels.<\/p>\n<\/div>\n\n\n\n<div class=\"wp-block-column is-layout-flow wp-block-column-is-layout-flow\" style=\"flex-basis:33.33%\">\n<div class=\"wp-block-group is-vertical is-nowrap is-layout-flex wp-container-core-group-is-layout-fc43baa9 wp-block-group-is-layout-flex\">\n<p><\/p>\n<\/div>\n<\/div>\n<\/div>\n<\/div>\n<\/div>\n\n\n\n<div class=\"wp-block-group alignfull has-background-background-color has-background is-layout-constrained wp-block-group-is-layout-constrained\">\n<div class=\"wp-block-group is-style-narrow is-layout-constrained wp-block-group-is-layout-constrained\">\n<p>La commission des ind\u00e9pendant-es de syndicom soutient les travailleuses et travailleurs ind\u00e9pendants, afin de ne pas les laisser \u00e0 leur sort et pour \u00e9viter qu\u2019ils soient mont\u00e9s les uns contre les autres. Comme commission permanente de la branche&nbsp;Presse et m\u00e9dias \u00e9lectroniques, elle s\u2019occupe des requ\u00eates sp\u00e9cifiques des professionel-le-s des m\u00e9dias ind\u00e9pendants, organise des \u00e9v\u00e9nements en ligne et la&nbsp;Tag der Freien&nbsp;qui a lieu chaque ann\u00e9e, ainsi que le cours&nbsp;\u00abFreier Journalismus: wie organisiere ich mich?\u00bb.<\/p>\n<\/div>\n<\/div>\n\n\n\n<div class=\"wp-block-group alignfull has-background-background-color has-background is-layout-constrained wp-block-group-is-layout-constrained\">\n<div class=\"wp-block-group is-style-narrow is-layout-constrained wp-block-group-is-layout-constrained\">\n<div class=\"wp-block-columns is-layout-flex wp-container-core-columns-is-layout-9d6595d7 wp-block-columns-is-layout-flex\">\n<div class=\"wp-block-column is-layout-flow wp-block-column-is-layout-flow\" style=\"flex-basis:40%\">\n<h2 class=\"wp-block-heading\">La commission des ind\u00e9pendant-es<\/h2>\n<\/div>\n\n\n\n<div class=\"wp-block-column is-layout-flow wp-block-column-is-layout-flow\" style=\"flex-basis:60%\">\n<figure class=\"wp-block-image is-resized\"><img decoding=\"async\" src=\"https:\/\/syndicom.ch\/app\/uploads\/2024\/07\/gewerkschaft-syndicom-freko-gruppenfoto.jpg\" alt=\"\" class=\"wp-image-751\" style=\"width:665px;height:auto\"\/><figcaption class=\"wp-element-caption\">De g. \u00e0 d : Michael Moser, Theodora Peter, Thomas B\u00fcrgisser, Miriam K\u00fcnzli, Pieter Poldervaart, Eva Hirschi, Markus Forte. <br>Ne sont pas sur la photo: Mireille Guggenb\u00fchler, Nicole Kr\u00e4ttli et Barbara Saladin. \u00a9 Markus Forte<\/figcaption><\/figure>\n\n\n\n<p><\/p>\n\n\n\n<p><strong>Voici les membres actifs de la commission des ind\u00e9pendant-es<\/strong><\/p>\n\n\n\n<ul class=\"wp-block-list\">\n<li>Thomas B\u00fcrgisser<\/li>\n\n\n\n<li>Markus Forte<\/li>\n\n\n\n<li>Mireille Guggenb\u00fchler<\/li>\n\n\n\n<li>Eva Hirschi<\/li>\n\n\n\n<li>Melanie Keim<\/li>\n\n\n\n<li>Nicole Kr\u00e4ttli<\/li>\n\n\n\n<li>Miriam Kuenzli<\/li>\n\n\n\n<li>Mirjam Oertli<\/li>\n\n\n\n<li>Theodora Peter<\/li>\n\n\n\n<li>Pieter Poldervaart<\/li>\n\n\n\n<li>Barbara Saladin<\/li>\n<\/ul>\n<\/div>\n<\/div>\n\n\n\n<h2 class=\"wp-block-heading\"><strong><strong>Tu veux t&rsquo;engager toi aussi et recevoir plus d&rsquo;informations ?<\/strong><\/strong><\/h2>\n\n\n\n<div class=\"wp-block-columns is-layout-flex wp-container-core-columns-is-layout-9d6595d7 wp-block-columns-is-layout-flex\">\n<div class=\"wp-block-column is-layout-flow wp-block-column-is-layout-flow\">\n<p>Anina Koch est responsable de la commission des ind\u00e9pendant-es.<\/p>\n<\/div>\n\n\n\n<div class=\"wp-block-column is-layout-flow wp-block-column-is-layout-flow\"><div class=\"wp-block-custom-person-item\"><div class=\"person-image\"><a class=\"employee-lightbox\" href=\"https:\/\/syndicom.ch\/app\/uploads\/2024\/09\/gewerkschaft-syndicom-anina-koch.jpg\" data-gallery=\"person-69eb5c17ec599\" ><img loading=\"lazy\" decoding=\"async\" src=\"https:\/\/syndicom.ch\/app\/uploads\/2024\/09\/gewerkschaft-syndicom-anina-koch.jpg\" class=\"attachment-post-thumbnail size-post-thumbnail wp-post-image \" \/><\/a><\/div><div class=\"meta-holder\"><h3 class=\"person-name\">Anina Koch<\/h3><div class=\"person-role\">Secr\u00e9taire r\u00e9gionale M\u00e9dias<\/div><div class=\"person-email\"><a href=\"mailto:&#105;&#110;&#102;&#111;&#64;&#115;&#121;&#110;&#100;&#105;&#99;&#111;&#109;&#46;&#99;&#104;\">&#105;&#110;&#102;&#111;&#64;&#115;&#121;&#110;&#100;&#105;&#99;&#111;&#109;&#46;&#99;&#104;<\/a><\/div><div><a href=\"tel:+41 58 817 19 03\" class=\"person-phone\">+41 58 817 19 03<\/a><\/div><div class=\"person-workdays\">Jours de travail: lundi &#8211; jeudi<\/div><\/div><\/div><\/div>\n<\/div>\n<\/div>\n<\/div>\n","protected":false},"excerpt":{"rendered":"<p>La commission des ind\u00e9pendant-es s&rsquo;occupe des pr\u00e9occupations des professionel-les des m\u00e9dias ind\u00e9pendants.<\/p>\n","protected":false},"author":2,"featured_media":0,"parent":7856,"menu_order":0,"comment_status":"closed","ping_status":"closed","template":"","meta":{"_acf_changed":false,"inline_featured_image":false,"_coblocks_attr":"","_coblocks_dimensions":"","_coblocks_responsive_height":"","_coblocks_accordion_ie_support":"","footnotes":""},"categories":[380],"class_list":["post-7220","page","type-page","status-publish","hentry","category-ton-travail"],"acf":[],"yoast_head":"<!-- This site is optimized with the Yoast SEO plugin v27.3 - https:\/\/yoast.com\/product\/yoast-seo-wordpress\/ -->\n<title>Professionel-les des m\u00e9dias ind\u00e9pendants - syndicom<\/title>\n<meta name=\"description\" content=\"La commission des ind\u00e9pendant-es s&#039;occupe des pr\u00e9occupations des professionel-les des m\u00e9dias ind\u00e9pendants.\" \/>\n<meta name=\"robots\" content=\"index, follow, max-snippet:-1, max-image-preview:large, max-video-preview:-1\" \/>\n<link rel=\"canonical\" href=\"https:\/\/syndicom.ch\/fr\/offres-par-metier\/professionel-les-des-medias-independants\/\" \/>\n<meta property=\"og:locale\" content=\"fr_FR\" \/>\n<meta property=\"og:type\" content=\"article\" \/>\n<meta property=\"og:title\" content=\"Professionel-les des m\u00e9dias ind\u00e9pendants - syndicom\" \/>\n<meta property=\"og:description\" content=\"La commission des ind\u00e9pendant-es s&#039;occupe des pr\u00e9occupations des professionel-les des m\u00e9dias ind\u00e9pendants.\" \/>\n<meta property=\"og:url\" content=\"https:\/\/syndicom.ch\/fr\/offres-par-metier\/professionel-les-des-medias-independants\/\" \/>\n<meta property=\"og:site_name\" content=\"syndicom\" \/>\n<meta property=\"article:modified_time\" content=\"2026-02-04T13:16:22+00:00\" \/>\n<meta property=\"og:image\" content=\"https:\/\/syndicom.ch\/app\/uploads\/2024\/07\/gewerkschaft-syndicom-freko-gruppenfoto.jpg\" \/>\n<meta name=\"twitter:card\" content=\"summary_large_image\" \/>\n<meta name=\"twitter:label1\" content=\"Dur\u00e9e de lecture estim\u00e9e\" \/>\n\t<meta name=\"twitter:data1\" content=\"2 minutes\" \/>\n<script type=\"application\/ld+json\" class=\"yoast-schema-graph\">{\"@context\":\"https:\\\/\\\/schema.org\",\"@graph\":[{\"@type\":\"WebPage\",\"@id\":\"https:\\\/\\\/syndicom.ch\\\/fr\\\/offres-par-metier\\\/professionel-les-des-medias-independants\\\/\",\"url\":\"https:\\\/\\\/syndicom.ch\\\/fr\\\/offres-par-metier\\\/professionel-les-des-medias-independants\\\/\",\"name\":\"Professionel-les des m\u00e9dias ind\u00e9pendants - syndicom\",\"isPartOf\":{\"@id\":\"https:\\\/\\\/syndicom.ch\\\/fr\\\/#website\"},\"primaryImageOfPage\":{\"@id\":\"https:\\\/\\\/syndicom.ch\\\/fr\\\/offres-par-metier\\\/professionel-les-des-medias-independants\\\/#primaryimage\"},\"image\":{\"@id\":\"https:\\\/\\\/syndicom.ch\\\/fr\\\/offres-par-metier\\\/professionel-les-des-medias-independants\\\/#primaryimage\"},\"thumbnailUrl\":\"https:\\\/\\\/syndicom.ch\\\/app\\\/uploads\\\/2024\\\/07\\\/gewerkschaft-syndicom-freko-gruppenfoto.jpg\",\"datePublished\":\"2024-07-24T12:16:50+00:00\",\"dateModified\":\"2026-02-04T13:16:22+00:00\",\"description\":\"La commission des ind\u00e9pendant-es s'occupe des pr\u00e9occupations des professionel-les des m\u00e9dias ind\u00e9pendants.\",\"breadcrumb\":{\"@id\":\"https:\\\/\\\/syndicom.ch\\\/fr\\\/offres-par-metier\\\/professionel-les-des-medias-independants\\\/#breadcrumb\"},\"inLanguage\":\"fr-FR\",\"potentialAction\":[{\"@type\":\"ReadAction\",\"target\":[\"https:\\\/\\\/syndicom.ch\\\/fr\\\/offres-par-metier\\\/professionel-les-des-medias-independants\\\/\"]}]},{\"@type\":\"ImageObject\",\"inLanguage\":\"fr-FR\",\"@id\":\"https:\\\/\\\/syndicom.ch\\\/fr\\\/offres-par-metier\\\/professionel-les-des-medias-independants\\\/#primaryimage\",\"url\":\"https:\\\/\\\/syndicom.ch\\\/app\\\/uploads\\\/2024\\\/07\\\/gewerkschaft-syndicom-freko-gruppenfoto.jpg\",\"contentUrl\":\"https:\\\/\\\/syndicom.ch\\\/app\\\/uploads\\\/2024\\\/07\\\/gewerkschaft-syndicom-freko-gruppenfoto.jpg\"},{\"@type\":\"BreadcrumbList\",\"@id\":\"https:\\\/\\\/syndicom.ch\\\/fr\\\/offres-par-metier\\\/professionel-les-des-medias-independants\\\/#breadcrumb\",\"itemListElement\":[{\"@type\":\"ListItem\",\"position\":1,\"name\":\"Page d'accueil\",\"item\":\"https:\\\/\\\/syndicom.ch\\\/fr\\\/\"},{\"@type\":\"ListItem\",\"position\":2,\"name\":\"Offres par m\u00e9tier\",\"item\":\"https:\\\/\\\/syndicom.ch\\\/fr\\\/offres-par-metier\\\/\"},{\"@type\":\"ListItem\",\"position\":3,\"name\":\"Professionel-les des m\u00e9dias ind\u00e9pendants\"}]},{\"@type\":\"WebSite\",\"@id\":\"https:\\\/\\\/syndicom.ch\\\/fr\\\/#website\",\"url\":\"https:\\\/\\\/syndicom.ch\\\/fr\\\/\",\"name\":\"syndicom\",\"description\":\"\",\"publisher\":{\"@id\":\"https:\\\/\\\/syndicom.ch\\\/fr\\\/#organization\"},\"potentialAction\":[{\"@type\":\"SearchAction\",\"target\":{\"@type\":\"EntryPoint\",\"urlTemplate\":\"https:\\\/\\\/syndicom.ch\\\/fr\\\/?s={search_term_string}\"},\"query-input\":{\"@type\":\"PropertyValueSpecification\",\"valueRequired\":true,\"valueName\":\"search_term_string\"}}],\"inLanguage\":\"fr-FR\"},{\"@type\":\"Organization\",\"@id\":\"https:\\\/\\\/syndicom.ch\\\/fr\\\/#organization\",\"name\":\"syndicom\",\"url\":\"https:\\\/\\\/syndicom.ch\\\/fr\\\/\",\"logo\":{\"@type\":\"ImageObject\",\"inLanguage\":\"fr-FR\",\"@id\":\"https:\\\/\\\/syndicom.ch\\\/fr\\\/#\\\/schema\\\/logo\\\/image\\\/\",\"url\":\"https:\\\/\\\/syndicom.ch\\\/app\\\/uploads\\\/2024\\\/06\\\/logo.svg\",\"contentUrl\":\"https:\\\/\\\/syndicom.ch\\\/app\\\/uploads\\\/2024\\\/06\\\/logo.svg\",\"width\":297,\"height\":51,\"caption\":\"syndicom\"},\"image\":{\"@id\":\"https:\\\/\\\/syndicom.ch\\\/fr\\\/#\\\/schema\\\/logo\\\/image\\\/\"}}]}<\/script>\n<!-- \/ Yoast SEO plugin. -->","yoast_head_json":{"title":"Professionel-les des m\u00e9dias ind\u00e9pendants - syndicom","description":"La commission des ind\u00e9pendant-es s'occupe des pr\u00e9occupations des professionel-les des m\u00e9dias ind\u00e9pendants.","robots":{"index":"index","follow":"follow","max-snippet":"max-snippet:-1","max-image-preview":"max-image-preview:large","max-video-preview":"max-video-preview:-1"},"canonical":"https:\/\/syndicom.ch\/fr\/offres-par-metier\/professionel-les-des-medias-independants\/","og_locale":"fr_FR","og_type":"article","og_title":"Professionel-les des m\u00e9dias ind\u00e9pendants - syndicom","og_description":"La commission des ind\u00e9pendant-es s'occupe des pr\u00e9occupations des professionel-les des m\u00e9dias ind\u00e9pendants.","og_url":"https:\/\/syndicom.ch\/fr\/offres-par-metier\/professionel-les-des-medias-independants\/","og_site_name":"syndicom","article_modified_time":"2026-02-04T13:16:22+00:00","og_image":[{"url":"https:\/\/syndicom.ch\/app\/uploads\/2024\/07\/gewerkschaft-syndicom-freko-gruppenfoto.jpg","type":"","width":"","height":""}],"twitter_card":"summary_large_image","twitter_misc":{"Dur\u00e9e de lecture estim\u00e9e":"2 minutes"},"schema":{"@context":"https:\/\/schema.org","@graph":[{"@type":"WebPage","@id":"https:\/\/syndicom.ch\/fr\/offres-par-metier\/professionel-les-des-medias-independants\/","url":"https:\/\/syndicom.ch\/fr\/offres-par-metier\/professionel-les-des-medias-independants\/","name":"Professionel-les des m\u00e9dias ind\u00e9pendants - syndicom","isPartOf":{"@id":"https:\/\/syndicom.ch\/fr\/#website"},"primaryImageOfPage":{"@id":"https:\/\/syndicom.ch\/fr\/offres-par-metier\/professionel-les-des-medias-independants\/#primaryimage"},"image":{"@id":"https:\/\/syndicom.ch\/fr\/offres-par-metier\/professionel-les-des-medias-independants\/#primaryimage"},"thumbnailUrl":"https:\/\/syndicom.ch\/app\/uploads\/2024\/07\/gewerkschaft-syndicom-freko-gruppenfoto.jpg","datePublished":"2024-07-24T12:16:50+00:00","dateModified":"2026-02-04T13:16:22+00:00","description":"La commission des ind\u00e9pendant-es s'occupe des pr\u00e9occupations des professionel-les des m\u00e9dias ind\u00e9pendants.","breadcrumb":{"@id":"https:\/\/syndicom.ch\/fr\/offres-par-metier\/professionel-les-des-medias-independants\/#breadcrumb"},"inLanguage":"fr-FR","potentialAction":[{"@type":"ReadAction","target":["https:\/\/syndicom.ch\/fr\/offres-par-metier\/professionel-les-des-medias-independants\/"]}]},{"@type":"ImageObject","inLanguage":"fr-FR","@id":"https:\/\/syndicom.ch\/fr\/offres-par-metier\/professionel-les-des-medias-independants\/#primaryimage","url":"https:\/\/syndicom.ch\/app\/uploads\/2024\/07\/gewerkschaft-syndicom-freko-gruppenfoto.jpg","contentUrl":"https:\/\/syndicom.ch\/app\/uploads\/2024\/07\/gewerkschaft-syndicom-freko-gruppenfoto.jpg"},{"@type":"BreadcrumbList","@id":"https:\/\/syndicom.ch\/fr\/offres-par-metier\/professionel-les-des-medias-independants\/#breadcrumb","itemListElement":[{"@type":"ListItem","position":1,"name":"Page d'accueil","item":"https:\/\/syndicom.ch\/fr\/"},{"@type":"ListItem","position":2,"name":"Offres par m\u00e9tier","item":"https:\/\/syndicom.ch\/fr\/offres-par-metier\/"},{"@type":"ListItem","position":3,"name":"Professionel-les des m\u00e9dias ind\u00e9pendants"}]},{"@type":"WebSite","@id":"https:\/\/syndicom.ch\/fr\/#website","url":"https:\/\/syndicom.ch\/fr\/","name":"syndicom","description":"","publisher":{"@id":"https:\/\/syndicom.ch\/fr\/#organization"},"potentialAction":[{"@type":"SearchAction","target":{"@type":"EntryPoint","urlTemplate":"https:\/\/syndicom.ch\/fr\/?s={search_term_string}"},"query-input":{"@type":"PropertyValueSpecification","valueRequired":true,"valueName":"search_term_string"}}],"inLanguage":"fr-FR"},{"@type":"Organization","@id":"https:\/\/syndicom.ch\/fr\/#organization","name":"syndicom","url":"https:\/\/syndicom.ch\/fr\/","logo":{"@type":"ImageObject","inLanguage":"fr-FR","@id":"https:\/\/syndicom.ch\/fr\/#\/schema\/logo\/image\/","url":"https:\/\/syndicom.ch\/app\/uploads\/2024\/06\/logo.svg","contentUrl":"https:\/\/syndicom.ch\/app\/uploads\/2024\/06\/logo.svg","width":297,"height":51,"caption":"syndicom"},"image":{"@id":"https:\/\/syndicom.ch\/fr\/#\/schema\/logo\/image\/"}}]}},"_links":{"self":[{"href":"https:\/\/syndicom.ch\/fr\/wp-json\/wp\/v2\/pages\/7220","targetHints":{"allow":["GET"]}}],"collection":[{"href":"https:\/\/syndicom.ch\/fr\/wp-json\/wp\/v2\/pages"}],"about":[{"href":"https:\/\/syndicom.ch\/fr\/wp-json\/wp\/v2\/types\/page"}],"author":[{"embeddable":true,"href":"https:\/\/syndicom.ch\/fr\/wp-json\/wp\/v2\/users\/2"}],"replies":[{"embeddable":true,"href":"https:\/\/syndicom.ch\/fr\/wp-json\/wp\/v2\/comments?post=7220"}],"version-history":[{"count":15,"href":"https:\/\/syndicom.ch\/fr\/wp-json\/wp\/v2\/pages\/7220\/revisions"}],"predecessor-version":[{"id":55126,"href":"https:\/\/syndicom.ch\/fr\/wp-json\/wp\/v2\/pages\/7220\/revisions\/55126"}],"up":[{"embeddable":true,"href":"https:\/\/syndicom.ch\/fr\/wp-json\/wp\/v2\/pages\/7856"}],"wp:attachment":[{"href":"https:\/\/syndicom.ch\/fr\/wp-json\/wp\/v2\/media?parent=7220"}],"wp:term":[{"taxonomy":"category","embeddable":true,"href":"https:\/\/syndicom.ch\/fr\/wp-json\/wp\/v2\/categories?post=7220"}],"curies":[{"name":"wp","href":"https:\/\/api.w.org\/{rel}","templated":true}]}}