{"id":7521,"date":"2024-08-09T10:28:51","date_gmt":"2024-08-09T08:28:51","guid":{"rendered":"https:\/\/projects.atxeit.ch\/syndicom\/?page_id=7521"},"modified":"2026-04-02T16:42:52","modified_gmt":"2026-04-02T14:42:52","slug":"secretariat-regional-olten","status":"publish","type":"page","link":"https:\/\/syndicom.ch\/fr\/contact\/secretariat-regional-olten\/","title":{"rendered":"Secr\u00e9tariat r\u00e9gional Olten"},"content":{"rendered":"\n<div class=\"wp-block-group alignfull has-background-color has-primary-background-color has-text-color has-background has-link-color wp-elements-c8295d77bdc610eb36496c6ec09ad38e is-layout-constrained wp-block-group-is-layout-constrained\">\n<div class=\"wp-block-group is-style-narrow is-layout-constrained wp-block-group-is-layout-constrained\">\n<div class=\"wp-block-columns is-layout-flex wp-container-core-columns-is-layout-9d6595d7 wp-block-columns-is-layout-flex\">\n<div class=\"wp-block-column is-layout-flow wp-block-column-is-layout-flow\" style=\"flex-basis:70%\">\n<h1 class=\"wp-block-heading\">Secr\u00e9tariat r\u00e9gional Olten<\/h1>\n\n\n\n<p class=\"is-style-lead\">Bienvenue au secr\u00e9tariat r\u00e9gional d&rsquo;Olten ! Ton premier point de contact au c\u0153ur du Mittelland, o\u00f9 tu trouveras \u2013 que tu sois d\u00e9j\u00e0 membre ou que tu souhaites le devenir \u2013 un soutien et des conseils personnalis\u00e9s concernant ton monde du travail. Passe nous voir et fais notre connaissance !<\/p>\n<\/div>\n<\/div>\n<\/div>\n<\/div>\n\n\n\n<div class=\"wp-block-group alignfull has-tertiary-background-color has-background is-layout-constrained wp-block-group-is-layout-constrained\">\n<div class=\"wp-block-group is-style-narrow is-layout-constrained wp-block-group-is-layout-constrained\">\n<div class=\"wp-block-columns is-layout-flex wp-container-core-columns-is-layout-9d6595d7 wp-block-columns-is-layout-flex\">\n<div class=\"wp-block-column is-layout-flow wp-block-column-is-layout-flow\">\n<p><strong>Secr\u00e9tariat r\u00e9gional Olten<\/strong><br><br>Hauptgasse 33<br>4600 Olten<\/p>\n\n\n\n\n\n<div class=\"wp-block-columns is-layout-flex wp-container-core-columns-is-layout-9d6595d7 wp-block-columns-is-layout-flex\">\n<div class=\"wp-block-column is-layout-flow wp-block-column-is-layout-flow\">\n<p>T\u00e9l\u00e9phone: <a href=\"tel:+41 58 817 18 18\">+41 58 817 18 18<\/a><br>E-Mail:&nbsp;<a href=\"mailto:&#105;&#110;&#102;&#111;&#64;&#115;&#121;&#110;&#100;&#105;&#99;&#111;&#109;&#46;&#99;&#104;\">&#105;&#110;&#102;&#111;&#64;&#115;&#121;&#110;&#100;&#105;&#99;&#111;&#109;&#46;&#99;&#104;<\/a><br><br><strong>Correspondance<\/strong><br>syndicom Secr\u00e9tariat central<br>Monbijoustrasse 33<br>Case postale<br>3001 Berne<\/p>\n<\/div>\n\n\n\n<div class=\"wp-block-column is-layout-flow wp-block-column-is-layout-flow\">\n<p><strong>Heures de consultation:<\/strong> sur rendez-vous t\u00e9l.<\/p>\n\n\n\n<p><strong>Heures pour t\u00e9l\u00e9phoner:<\/strong><\/p>\n\n\n\n<figure class=\"wp-block-table is-style-stripes\"><table class=\"has-fixed-layout\"><tbody><tr><td>lundi au jeudi<\/td><td>08h30 &#8211; 12h00<br>13h30 &#8211; 17h00<\/td><\/tr><tr><td>vendredi<\/td><td>08h30 &#8211; 12h00<br>13h30 &#8211; 16h00<\/td><\/tr><tr><td>samedi et dimanche<\/td><td>ferm\u00e9<\/td><\/tr><\/tbody><\/table><\/figure>\n<\/div>\n<\/div>\n<\/div>\n<\/div>\n<\/div>\n<\/div>\n\n\n\n<div class=\"wp-block-group alignfull has-background-background-color has-background is-layout-constrained wp-block-group-is-layout-constrained\">\n<div class=\"wp-block-group is-style-narrow is-layout-constrained wp-block-group-is-layout-constrained\">\n<h2 class=\"wp-block-heading has-text-align-center\">Tes personnes de contact syndicom<br>au secr\u00e9tariat r\u00e9gional d&rsquo;Olten<\/h2>\n\n\n\n<div class=\"wp-block-group is-style-row-2 is-nowrap is-layout-flex wp-container-core-group-is-layout-64989fb1 wp-block-group-is-layout-flex\"><div class=\"wp-block-custom-person-item\"><div class=\"person-image\"><a class=\"employee-lightbox\" href=\"https:\/\/syndicom.ch\/app\/uploads\/2026\/04\/gewerkschaft-syndicom-martin-buehler.jpg\" data-gallery=\"person-69eb4bb730eef\" ><img loading=\"lazy\" decoding=\"async\" src=\"https:\/\/syndicom.ch\/app\/uploads\/2026\/04\/gewerkschaft-syndicom-martin-buehler.jpg\" class=\"attachment-post-thumbnail size-post-thumbnail wp-post-image \" \/><\/a><\/div><div class=\"meta-holder\"><h3 class=\"person-name\">Martin B\u00fchler<\/h3><div class=\"person-role\">Secr\u00e9taire r\u00e9gional Logistique<\/div><div class=\"person-email\"><a href=\"mailto:&#105;&#110;&#102;&#111;&#64;&#115;&#121;&#110;&#100;&#105;&#99;&#111;&#109;&#46;&#99;&#104;\">&#105;&#110;&#102;&#111;&#64;&#115;&#121;&#110;&#100;&#105;&#99;&#111;&#109;&#46;&#99;&#104;<\/a><\/div><div><a href=\"tel:+41 58 817 18 18 \" class=\"person-phone\">+41 58 817 18 18 <\/a><\/div><\/div><\/div>\n\n<div class=\"wp-block-custom-person-item\"><div class=\"person-image\"><a class=\"employee-lightbox\" href=\"https:\/\/syndicom.ch\/app\/uploads\/2024\/08\/gewerkschaft-syndicom-beni-huerzeler.jpg\" data-gallery=\"person-69eb4bb7314f0\" ><img loading=\"lazy\" decoding=\"async\" src=\"https:\/\/syndicom.ch\/app\/uploads\/2024\/08\/gewerkschaft-syndicom-beni-huerzeler.jpg\" class=\"attachment-post-thumbnail size-post-thumbnail wp-post-image \" \/><\/a><\/div><div class=\"meta-holder\"><h3 class=\"person-name\">Beni H\u00fcrzeler<\/h3><div class=\"person-role\">Secr\u00e9taire r\u00e9gional Logistique<\/div><div class=\"person-email\"><a href=\"mailto:&#105;&#110;&#102;&#111;&#64;&#115;&#121;&#110;&#100;&#105;&#99;&#111;&#109;&#46;&#99;&#104;\">&#105;&#110;&#102;&#111;&#64;&#115;&#121;&#110;&#100;&#105;&#99;&#111;&#109;&#46;&#99;&#104;<\/a><\/div><div><a href=\"tel:+41 58 817 18 18 \" class=\"person-phone\">+41 58 817 18 18 <\/a><\/div><\/div><\/div>\n\n<div class=\"wp-block-custom-person-item\"><div class=\"person-image\"><a class=\"employee-lightbox\" href=\"https:\/\/syndicom.ch\/app\/uploads\/2024\/08\/gewerkschaft-syndicom-karin-omanovic.jpg\" data-gallery=\"person-69eb4bb731aa3\" ><img loading=\"lazy\" decoding=\"async\" src=\"https:\/\/syndicom.ch\/app\/uploads\/2024\/08\/gewerkschaft-syndicom-karin-omanovic.jpg\" class=\"attachment-post-thumbnail size-post-thumbnail wp-post-image \" \/><\/a><\/div><div class=\"meta-holder\"><h3 class=\"person-name\">Karin Omanovic<\/h3><div class=\"person-role\">Secr\u00e9taire r\u00e9gionale Logistique<\/div><div class=\"person-email\"><a href=\"mailto:&#105;&#110;&#102;&#111;&#64;&#115;&#121;&#110;&#100;&#105;&#99;&#111;&#109;&#46;&#99;&#104;\">&#105;&#110;&#102;&#111;&#64;&#115;&#121;&#110;&#100;&#105;&#99;&#111;&#109;&#46;&#99;&#104;<\/a><\/div><div><a href=\"tel:+41 58 817 18 18 \" class=\"person-phone\">+41 58 817 18 18 <\/a><\/div><\/div><\/div>\n\n<div class=\"wp-block-custom-person-item\"><div class=\"person-image\"><a class=\"employee-lightbox\" href=\"https:\/\/syndicom.ch\/app\/uploads\/2024\/08\/gewerkschaft-syndicom-valentina-smajli.jpg\" data-gallery=\"person-69eb4bb732055\" ><img loading=\"lazy\" decoding=\"async\" src=\"https:\/\/syndicom.ch\/app\/uploads\/2024\/08\/gewerkschaft-syndicom-valentina-smajli.jpg\" class=\"attachment-post-thumbnail size-post-thumbnail wp-post-image \" \/><\/a><\/div><div class=\"meta-holder\"><h3 class=\"person-name\">Valentina Smajli<\/h3><div class=\"person-role\">Secr\u00e9taire r\u00e9gionale TIC<\/div><div class=\"person-email\"><a href=\"mailto:&#105;&#110;&#102;&#111;&#64;&#115;&#121;&#110;&#100;&#105;&#99;&#111;&#109;&#46;&#99;&#104;\">&#105;&#110;&#102;&#111;&#64;&#115;&#121;&#110;&#100;&#105;&#99;&#111;&#109;&#46;&#99;&#104;<\/a><\/div><div><a href=\"tel:+41 58 817 18 18 \" class=\"person-phone\">+41 58 817 18 18 <\/a><\/div><\/div><\/div>\n\n<div class=\"wp-block-custom-person-item\"><div class=\"person-image\"><a class=\"employee-lightbox\" href=\"https:\/\/syndicom.ch\/app\/uploads\/2024\/08\/gewerkschaft-syndicom-anna-stahl.jpg\" data-gallery=\"person-69eb4bb7325f1\" ><img loading=\"lazy\" decoding=\"async\" src=\"https:\/\/syndicom.ch\/app\/uploads\/2024\/08\/gewerkschaft-syndicom-anna-stahl.jpg\" class=\"attachment-post-thumbnail size-post-thumbnail wp-post-image \" \/><\/a><\/div><div class=\"meta-holder\"><h3 class=\"person-name\">Anna Stahl<\/h3><div class=\"person-role\">Secr\u00e9taire sp\u00e9cialis\u00e9e Communication visuelle Suisse al\u00e9manique<\/div><div class=\"person-email\"><a href=\"mailto:&#105;&#110;&#102;&#111;&#64;&#115;&#121;&#110;&#100;&#105;&#99;&#111;&#109;&#46;&#99;&#104;\">&#105;&#110;&#102;&#111;&#64;&#115;&#121;&#110;&#100;&#105;&#99;&#111;&#109;&#46;&#99;&#104;<\/a><\/div><div><a href=\"tel:+41 76 683 32 69\" class=\"person-phone\">+41 76 683 32 69<\/a><\/div><\/div><\/div><\/div>\n<\/div>\n<\/div>\n\n\n\n<div class=\"wp-block-group alignfull has-background-color has-primary-background-color has-text-color has-background has-link-color wp-elements-f9b130a213a1a7f7c54001bc50979e80 is-layout-constrained wp-block-group-is-layout-constrained\">\n<div class=\"wp-block-group is-style-narrow is-layout-constrained wp-block-group-is-layout-constrained\">\n<h2 class=\"wp-block-heading has-text-align-center\">Personnelle, rapide, directe<\/h2>\n\n\n\n<p class=\"has-text-align-center\">Tu veux en savoir plus sur le syndicat syndicom ? Tu as des questions ou des probl\u00e8mes et tu souhaites \u00eatre conseill\u00e9 ? Contacte-nous, nous sommes l\u00e0 pour toi.<\/p>\n\n\n\n<div class=\"wp-block-buttons is-content-justification-center is-layout-flex wp-container-core-buttons-is-layout-16018d1d wp-block-buttons-is-layout-flex\">\n<div class=\"wp-block-button\"><a class=\"wp-block-button__link wp-element-button\" href=\"https:\/\/syndicom.ch\/fr\/contact\/\" target=\"_blank\" rel=\"noreferrer noopener\">Contacte-nous<\/a><\/div>\n\n\n\n<div class=\"wp-block-button is-style-outline is-style-outline--1\"><a class=\"wp-block-button__link wp-element-button\" href=\"https:\/\/syndicom.ch\/fr\/faq-affiliation\/\" target=\"_blank\" rel=\"noreferrer noopener\">Avantages et infos sur l\u2019adh\u00e9sion<\/a><\/div>\n<\/div>\n<\/div>\n<\/div>\n","protected":false},"excerpt":{"rendered":"<p>Secr\u00e9tariat r\u00e9gional Olten Hauptgasse 334600 Olten Tes personnes de contact syndicomau secr\u00e9tariat r\u00e9gional d&rsquo;Olten<\/p>\n","protected":false},"author":2,"featured_media":0,"parent":7466,"menu_order":0,"comment_status":"closed","ping_status":"closed","template":"","meta":{"_acf_changed":false,"inline_featured_image":false,"_coblocks_attr":"","_coblocks_dimensions":"","_coblocks_responsive_height":"","_coblocks_accordion_ie_support":"","footnotes":""},"categories":[260],"class_list":["post-7521","page","type-page","status-publish","hentry","category-secretariat-fr"],"acf":[],"yoast_head":"<!-- This site is optimized with the Yoast SEO plugin v27.3 - https:\/\/yoast.com\/product\/yoast-seo-wordpress\/ -->\n<title>Secr\u00e9tariat r\u00e9gional Olten - syndicom<\/title>\n<meta name=\"robots\" content=\"index, follow, max-snippet:-1, max-image-preview:large, max-video-preview:-1\" \/>\n<link rel=\"canonical\" href=\"https:\/\/syndicom.ch\/fr\/contact\/secretariat-regional-olten\/\" \/>\n<meta property=\"og:locale\" content=\"fr_FR\" \/>\n<meta property=\"og:type\" content=\"article\" \/>\n<meta property=\"og:title\" content=\"Secr\u00e9tariat r\u00e9gional Olten - syndicom\" \/>\n<meta property=\"og:description\" content=\"Secr\u00e9tariat r\u00e9gional Olten Hauptgasse 334600 Olten Tes personnes de contact syndicomau secr\u00e9tariat r\u00e9gional d&rsquo;Olten\" \/>\n<meta property=\"og:url\" content=\"https:\/\/syndicom.ch\/fr\/contact\/secretariat-regional-olten\/\" \/>\n<meta property=\"og:site_name\" content=\"syndicom\" \/>\n<meta property=\"article:modified_time\" content=\"2026-04-02T14:42:52+00:00\" \/>\n<meta name=\"twitter:card\" content=\"summary_large_image\" \/>\n<meta name=\"twitter:label1\" content=\"Dur\u00e9e de lecture estim\u00e9e\" \/>\n\t<meta name=\"twitter:data1\" content=\"1 minute\" \/>\n<script type=\"application\/ld+json\" class=\"yoast-schema-graph\">{\"@context\":\"https:\\\/\\\/schema.org\",\"@graph\":[{\"@type\":\"WebPage\",\"@id\":\"https:\\\/\\\/syndicom.ch\\\/fr\\\/contact\\\/secretariat-regional-olten\\\/\",\"url\":\"https:\\\/\\\/syndicom.ch\\\/fr\\\/contact\\\/secretariat-regional-olten\\\/\",\"name\":\"Secr\u00e9tariat r\u00e9gional Olten - syndicom\",\"isPartOf\":{\"@id\":\"https:\\\/\\\/syndicom.ch\\\/fr\\\/#website\"},\"datePublished\":\"2024-08-09T08:28:51+00:00\",\"dateModified\":\"2026-04-02T14:42:52+00:00\",\"breadcrumb\":{\"@id\":\"https:\\\/\\\/syndicom.ch\\\/fr\\\/contact\\\/secretariat-regional-olten\\\/#breadcrumb\"},\"inLanguage\":\"fr-FR\",\"potentialAction\":[{\"@type\":\"ReadAction\",\"target\":[\"https:\\\/\\\/syndicom.ch\\\/fr\\\/contact\\\/secretariat-regional-olten\\\/\"]}]},{\"@type\":\"BreadcrumbList\",\"@id\":\"https:\\\/\\\/syndicom.ch\\\/fr\\\/contact\\\/secretariat-regional-olten\\\/#breadcrumb\",\"itemListElement\":[{\"@type\":\"ListItem\",\"position\":1,\"name\":\"Page d'accueil\",\"item\":\"https:\\\/\\\/syndicom.ch\\\/fr\\\/\"},{\"@type\":\"ListItem\",\"position\":2,\"name\":\"Contact\",\"item\":\"https:\\\/\\\/syndicom.ch\\\/fr\\\/contact\\\/\"},{\"@type\":\"ListItem\",\"position\":3,\"name\":\"Secr\u00e9tariat r\u00e9gional Olten\"}]},{\"@type\":\"WebSite\",\"@id\":\"https:\\\/\\\/syndicom.ch\\\/fr\\\/#website\",\"url\":\"https:\\\/\\\/syndicom.ch\\\/fr\\\/\",\"name\":\"syndicom\",\"description\":\"\",\"publisher\":{\"@id\":\"https:\\\/\\\/syndicom.ch\\\/fr\\\/#organization\"},\"potentialAction\":[{\"@type\":\"SearchAction\",\"target\":{\"@type\":\"EntryPoint\",\"urlTemplate\":\"https:\\\/\\\/syndicom.ch\\\/fr\\\/?s={search_term_string}\"},\"query-input\":{\"@type\":\"PropertyValueSpecification\",\"valueRequired\":true,\"valueName\":\"search_term_string\"}}],\"inLanguage\":\"fr-FR\"},{\"@type\":\"Organization\",\"@id\":\"https:\\\/\\\/syndicom.ch\\\/fr\\\/#organization\",\"name\":\"syndicom\",\"url\":\"https:\\\/\\\/syndicom.ch\\\/fr\\\/\",\"logo\":{\"@type\":\"ImageObject\",\"inLanguage\":\"fr-FR\",\"@id\":\"https:\\\/\\\/syndicom.ch\\\/fr\\\/#\\\/schema\\\/logo\\\/image\\\/\",\"url\":\"https:\\\/\\\/syndicom.ch\\\/app\\\/uploads\\\/2024\\\/06\\\/logo.svg\",\"contentUrl\":\"https:\\\/\\\/syndicom.ch\\\/app\\\/uploads\\\/2024\\\/06\\\/logo.svg\",\"width\":297,\"height\":51,\"caption\":\"syndicom\"},\"image\":{\"@id\":\"https:\\\/\\\/syndicom.ch\\\/fr\\\/#\\\/schema\\\/logo\\\/image\\\/\"}}]}<\/script>\n<!-- \/ Yoast SEO plugin. -->","yoast_head_json":{"title":"Secr\u00e9tariat r\u00e9gional Olten - syndicom","robots":{"index":"index","follow":"follow","max-snippet":"max-snippet:-1","max-image-preview":"max-image-preview:large","max-video-preview":"max-video-preview:-1"},"canonical":"https:\/\/syndicom.ch\/fr\/contact\/secretariat-regional-olten\/","og_locale":"fr_FR","og_type":"article","og_title":"Secr\u00e9tariat r\u00e9gional Olten - syndicom","og_description":"Secr\u00e9tariat r\u00e9gional Olten Hauptgasse 334600 Olten Tes personnes de contact syndicomau secr\u00e9tariat r\u00e9gional d&rsquo;Olten","og_url":"https:\/\/syndicom.ch\/fr\/contact\/secretariat-regional-olten\/","og_site_name":"syndicom","article_modified_time":"2026-04-02T14:42:52+00:00","twitter_card":"summary_large_image","twitter_misc":{"Dur\u00e9e de lecture estim\u00e9e":"1 minute"},"schema":{"@context":"https:\/\/schema.org","@graph":[{"@type":"WebPage","@id":"https:\/\/syndicom.ch\/fr\/contact\/secretariat-regional-olten\/","url":"https:\/\/syndicom.ch\/fr\/contact\/secretariat-regional-olten\/","name":"Secr\u00e9tariat r\u00e9gional Olten - syndicom","isPartOf":{"@id":"https:\/\/syndicom.ch\/fr\/#website"},"datePublished":"2024-08-09T08:28:51+00:00","dateModified":"2026-04-02T14:42:52+00:00","breadcrumb":{"@id":"https:\/\/syndicom.ch\/fr\/contact\/secretariat-regional-olten\/#breadcrumb"},"inLanguage":"fr-FR","potentialAction":[{"@type":"ReadAction","target":["https:\/\/syndicom.ch\/fr\/contact\/secretariat-regional-olten\/"]}]},{"@type":"BreadcrumbList","@id":"https:\/\/syndicom.ch\/fr\/contact\/secretariat-regional-olten\/#breadcrumb","itemListElement":[{"@type":"ListItem","position":1,"name":"Page d'accueil","item":"https:\/\/syndicom.ch\/fr\/"},{"@type":"ListItem","position":2,"name":"Contact","item":"https:\/\/syndicom.ch\/fr\/contact\/"},{"@type":"ListItem","position":3,"name":"Secr\u00e9tariat r\u00e9gional Olten"}]},{"@type":"WebSite","@id":"https:\/\/syndicom.ch\/fr\/#website","url":"https:\/\/syndicom.ch\/fr\/","name":"syndicom","description":"","publisher":{"@id":"https:\/\/syndicom.ch\/fr\/#organization"},"potentialAction":[{"@type":"SearchAction","target":{"@type":"EntryPoint","urlTemplate":"https:\/\/syndicom.ch\/fr\/?s={search_term_string}"},"query-input":{"@type":"PropertyValueSpecification","valueRequired":true,"valueName":"search_term_string"}}],"inLanguage":"fr-FR"},{"@type":"Organization","@id":"https:\/\/syndicom.ch\/fr\/#organization","name":"syndicom","url":"https:\/\/syndicom.ch\/fr\/","logo":{"@type":"ImageObject","inLanguage":"fr-FR","@id":"https:\/\/syndicom.ch\/fr\/#\/schema\/logo\/image\/","url":"https:\/\/syndicom.ch\/app\/uploads\/2024\/06\/logo.svg","contentUrl":"https:\/\/syndicom.ch\/app\/uploads\/2024\/06\/logo.svg","width":297,"height":51,"caption":"syndicom"},"image":{"@id":"https:\/\/syndicom.ch\/fr\/#\/schema\/logo\/image\/"}}]}},"_links":{"self":[{"href":"https:\/\/syndicom.ch\/fr\/wp-json\/wp\/v2\/pages\/7521","targetHints":{"allow":["GET"]}}],"collection":[{"href":"https:\/\/syndicom.ch\/fr\/wp-json\/wp\/v2\/pages"}],"about":[{"href":"https:\/\/syndicom.ch\/fr\/wp-json\/wp\/v2\/types\/page"}],"author":[{"embeddable":true,"href":"https:\/\/syndicom.ch\/fr\/wp-json\/wp\/v2\/users\/2"}],"replies":[{"embeddable":true,"href":"https:\/\/syndicom.ch\/fr\/wp-json\/wp\/v2\/comments?post=7521"}],"version-history":[{"count":9,"href":"https:\/\/syndicom.ch\/fr\/wp-json\/wp\/v2\/pages\/7521\/revisions"}],"predecessor-version":[{"id":60241,"href":"https:\/\/syndicom.ch\/fr\/wp-json\/wp\/v2\/pages\/7521\/revisions\/60241"}],"up":[{"embeddable":true,"href":"https:\/\/syndicom.ch\/fr\/wp-json\/wp\/v2\/pages\/7466"}],"wp:attachment":[{"href":"https:\/\/syndicom.ch\/fr\/wp-json\/wp\/v2\/media?parent=7521"}],"wp:term":[{"taxonomy":"category","embeddable":true,"href":"https:\/\/syndicom.ch\/fr\/wp-json\/wp\/v2\/categories?post=7521"}],"curies":[{"name":"wp","href":"https:\/\/api.w.org\/{rel}","templated":true}]}}