{"id":7551,"date":"2024-08-06T08:20:12","date_gmt":"2024-08-06T06:20:12","guid":{"rendered":"https:\/\/projects.atxeit.ch\/syndicom\/?page_id=7551"},"modified":"2026-02-04T14:17:40","modified_gmt":"2026-02-04T13:17:40","slug":"coop-protection-juridique","status":"publish","type":"page","link":"https:\/\/syndicom.ch\/fr\/tes-avantages\/coop-protection-juridique\/","title":{"rendered":"Coop protection juridique"},"content":{"rendered":"\n<div class=\"wp-block-group alignfull has-background-color has-primary-background-color has-text-color has-background has-link-color wp-elements-c8295d77bdc610eb36496c6ec09ad38e is-layout-constrained wp-block-group-is-layout-constrained\">\n<div class=\"wp-block-group is-style-narrow is-layout-constrained wp-block-group-is-layout-constrained\">\n<div class=\"wp-block-columns is-layout-flex wp-container-core-columns-is-layout-9d6595d7 wp-block-columns-is-layout-flex\">\n<div class=\"wp-block-column is-layout-flow wp-block-column-is-layout-flow\" style=\"flex-basis:70%\">\n<h1 class=\"wp-block-heading\">Coop Protection Juridique<\/h1>\n\n\n\n<p class=\"is-style-lead\">Protection juridique compl\u00e8te pour la circulation, les loisirs et la vie priv\u00e9e, le logement, la sant\u00e9<\/p>\n<\/div>\n<\/div>\n<\/div>\n<\/div>\n\n\n\n<div class=\"wp-block-group alignfull has-background-background-color has-background is-layout-constrained wp-block-group-is-layout-constrained\">\n<div class=\"wp-block-group is-style-narrow is-layout-constrained wp-block-group-is-layout-constrained\">\n<h2 class=\"wp-block-heading\"><strong>Tes avantages<\/strong><\/h2>\n\n\n\n<ul class=\"wp-block-list\">\n<li>pour le membre, le conjoint ou le partenaire et les enfants<\/li>\n\n\n\n<li>soutien juridiue par des sp\u00e9cialistes exp\u00e9riment\u00e9s<\/li>\n\n\n\n<li>aucun risque au niveau des co\u00fbts:<\/li>\n\n\n\n<li>prise en charge des frais d\u2019avocats, d\u2019expertises, de proc\u00e9dures jusqu\u2019\u00e0 CHF 300&rsquo;000<\/li>\n\n\n\n<li>prix imbattable: Prime annuelle seulement CHF 69.60<\/li>\n\n\n\n<li>meilleure service par Coop Protection Juridique<\/li>\n\n\n\n<li>r\u00e8glement des sinistres simple et facile<\/li>\n<\/ul>\n\n\n\n<p><\/p>\n\n\n\n<div class=\"wp-block-buttons is-layout-flex wp-block-buttons-is-layout-flex\">\n<div class=\"wp-block-button is-style-external\"><a class=\"wp-block-button__link wp-element-button\" href=\"https:\/\/syndicom.ch\/app\/uploads\/2025\/08\/syndicat-syndicom-coop-protection-juridique-infos.pdf\" target=\"_blank\" rel=\"noreferrer noopener\">Brochure y incl. informations pr\u00e9contractuelles et conditions g\u00e9n\u00e9rales d\u2019assurance<\/a><\/div>\n<\/div>\n\n\n\n<h2 class=\"wp-block-heading\">Faire la demande maintenant<\/h2>\n\n\n\n<p>Les membres de syndicom peuvent souscrire directement aupr\u00e8s de nous une assurance protection juridique multiple. Pour cela, merci d&rsquo;envoyer un e-mail \u00e0 <a href=\"mailto:info@syndicom.ch\">info@syndicom.ch<\/a> ou de cocher la case correspondante sur le formulaire d&rsquo;adh\u00e9sion.<\/p>\n\n\n\n<p><\/p>\n\n\n\n<h2 class=\"wp-block-heading\">Contact Coop Protection Juridique<\/h2>\n\n\n\n<p>Coop Protection Juridique se tient \u00e0 ta disposition pour tout renseignement en rapport avec la couverture ainsi que pour l&rsquo;inscription de nouveaux cas :<\/p>\n\n\n\n<ul class=\"wp-block-list\">\n<li>T\u00e9l\u00e9phone: 062 836 00 00<\/li>\n\n\n\n<li><a href=\"http:\/\/www.cooprecht.ch\/fr\/contact\" target=\"_blank\" rel=\"noreferrer noopener nofollow\">www.cooprecht.ch\/fr\/contact<\/a><\/li>\n<\/ul>\n<\/div>\n<\/div>\n\n\n\n<div class=\"wp-block-group alignfull is-style-default has-background-color has-primary-background-color has-text-color has-background has-link-color wp-elements-6e4eb64d055b811d2f95f400bd9db66c is-layout-constrained wp-block-group-is-layout-constrained\">\n<div class=\"wp-block-media-text is-style-default\" style=\"grid-template-columns:26% auto\"><figure class=\"wp-block-media-text__media\"><a href=\"https:\/\/my.syndicom.ch\/adhesion\" target=\"_blank\" rel=\" noreferrer noopener\"><img loading=\"lazy\" decoding=\"async\" width=\"1024\" height=\"964\" src=\"https:\/\/syndicom.ch\/app\/uploads\/2025\/02\/vorteile-1024x964-2.webp\" alt=\"\" class=\"wp-image-27435 size-full\" srcset=\"https:\/\/syndicom.ch\/app\/uploads\/2025\/02\/vorteile-1024x964-2.webp 1024w, https:\/\/syndicom.ch\/app\/uploads\/2025\/02\/vorteile-1024x964-2-300x282.webp 300w, https:\/\/syndicom.ch\/app\/uploads\/2025\/02\/vorteile-1024x964-2-768x723.webp 768w\" sizes=\"auto, (max-width: 1024px) 100vw, 1024px\" \/><\/a><\/figure><div class=\"wp-block-media-text__content\">\n<h2 class=\"wp-block-heading\"><strong>Comme membre de syndicom, tu profites d\u2019avantages<\/strong><\/h2>\n\n\n\n<p>Tu renforces notre syndicat et donc aussi ta position professionnelle. Ainsi, tu b\u00e9n\u00e9ficies d\u2019une protection, d\u2019un soutien et de rabais attrayants.<\/p>\n\n\n\n<p><\/p>\n\n\n\n<p><\/p>\n<\/div><\/div>\n\n\n\n<div class=\"wp-block-buttons is-content-justification-center is-layout-flex wp-container-core-buttons-is-layout-16018d1d wp-block-buttons-is-layout-flex\">\n<div class=\"wp-block-button is-style-syn-member-cta\"><a class=\"wp-block-button__link wp-element-button\" href=\"https:\/\/my.syndicom.ch\/adhesion\" target=\"_blank\" rel=\"noreferrer noopener\">Deviens membre<\/a><\/div>\n\n\n\n<div class=\"wp-block-button is-style-outline is-style-outline--1\"><a class=\"wp-block-button__link has-background-color has-text-color has-link-color wp-element-button\" href=\"https:\/\/syndicom.ch\/fr\/faq-affiliation\/\" target=\"_blank\" rel=\"noreferrer noopener\">Avantages et infos sur l&rsquo;adh\u00e9sion<\/a><\/div>\n<\/div>\n<\/div>\n","protected":false},"excerpt":{"rendered":"<p>Tes avantages Faire la demande maintenant Les membres de syndicom peuvent souscrire directement aupr\u00e8s de nous une assurance protection juridique multiple. Pour cela, merci d&rsquo;envoyer un e-mail \u00e0 info@syndicom.ch ou de cocher la case correspondante sur le formulaire d&rsquo;adh\u00e9sion. Contact Coop Protection Juridique Coop Protection Juridique se tient \u00e0 ta disposition pour tout renseignement en [&hellip;]<\/p>\n","protected":false},"author":3,"featured_media":58281,"parent":45049,"menu_order":0,"comment_status":"closed","ping_status":"closed","template":"","meta":{"_acf_changed":false,"inline_featured_image":false,"_coblocks_attr":"","_coblocks_dimensions":"","_coblocks_responsive_height":"","_coblocks_accordion_ie_support":"","footnotes":""},"categories":[358],"class_list":["post-7551","page","type-page","status-publish","has-post-thumbnail","hentry","category-tes-avantages"],"acf":[],"yoast_head":"<!-- This site is optimized with the Yoast SEO plugin v27.3 - https:\/\/yoast.com\/product\/yoast-seo-wordpress\/ -->\n<title>Coop protection juridique - syndicom<\/title>\n<meta name=\"description\" content=\"Avec la protection juridique Coop Multi, les membres de syndicom b\u00e9n\u00e9ficient d&#039;une protection juridique compl\u00e8te pour une prime avantageuse.\" \/>\n<meta name=\"robots\" content=\"index, follow, max-snippet:-1, max-image-preview:large, max-video-preview:-1\" \/>\n<link rel=\"canonical\" href=\"https:\/\/syndicom.ch\/fr\/tes-avantages\/coop-protection-juridique\/\" \/>\n<meta property=\"og:locale\" content=\"fr_FR\" \/>\n<meta property=\"og:type\" content=\"article\" \/>\n<meta property=\"og:title\" content=\"Coop protection juridique - syndicom\" \/>\n<meta property=\"og:description\" content=\"Avec la protection juridique Coop Multi, les membres de syndicom b\u00e9n\u00e9ficient d&#039;une protection juridique compl\u00e8te pour une prime avantageuse.\" \/>\n<meta property=\"og:url\" content=\"https:\/\/syndicom.ch\/fr\/tes-avantages\/coop-protection-juridique\/\" \/>\n<meta property=\"og:site_name\" content=\"syndicom\" \/>\n<meta property=\"article:modified_time\" content=\"2026-02-04T13:17:40+00:00\" \/>\n<meta property=\"og:image\" content=\"https:\/\/syndicom.ch\/app\/uploads\/2024\/07\/gewerkschaft-syndicom-coop-rechtsschutz-logo-e1732534212885.jpg\" \/>\n\t<meta property=\"og:image:width\" content=\"753\" \/>\n\t<meta property=\"og:image:height\" content=\"274\" \/>\n\t<meta property=\"og:image:type\" content=\"image\/jpeg\" \/>\n<meta name=\"twitter:card\" content=\"summary_large_image\" \/>\n<meta name=\"twitter:label1\" content=\"Dur\u00e9e de lecture estim\u00e9e\" \/>\n\t<meta name=\"twitter:data1\" content=\"2 minutes\" \/>\n<script type=\"application\/ld+json\" class=\"yoast-schema-graph\">{\"@context\":\"https:\\\/\\\/schema.org\",\"@graph\":[{\"@type\":\"WebPage\",\"@id\":\"https:\\\/\\\/syndicom.ch\\\/fr\\\/tes-avantages\\\/coop-protection-juridique\\\/\",\"url\":\"https:\\\/\\\/syndicom.ch\\\/fr\\\/tes-avantages\\\/coop-protection-juridique\\\/\",\"name\":\"Coop protection juridique - syndicom\",\"isPartOf\":{\"@id\":\"https:\\\/\\\/syndicom.ch\\\/fr\\\/#website\"},\"primaryImageOfPage\":{\"@id\":\"https:\\\/\\\/syndicom.ch\\\/fr\\\/tes-avantages\\\/coop-protection-juridique\\\/#primaryimage\"},\"image\":{\"@id\":\"https:\\\/\\\/syndicom.ch\\\/fr\\\/tes-avantages\\\/coop-protection-juridique\\\/#primaryimage\"},\"thumbnailUrl\":\"https:\\\/\\\/syndicom.ch\\\/app\\\/uploads\\\/2024\\\/07\\\/gewerkschaft-syndicom-coop-rechtsschutz-logo-e1732534212885.jpg\",\"datePublished\":\"2024-08-06T06:20:12+00:00\",\"dateModified\":\"2026-02-04T13:17:40+00:00\",\"description\":\"Avec la protection juridique Coop Multi, les membres de syndicom b\u00e9n\u00e9ficient d'une protection juridique compl\u00e8te pour une prime avantageuse.\",\"breadcrumb\":{\"@id\":\"https:\\\/\\\/syndicom.ch\\\/fr\\\/tes-avantages\\\/coop-protection-juridique\\\/#breadcrumb\"},\"inLanguage\":\"fr-FR\",\"potentialAction\":[{\"@type\":\"ReadAction\",\"target\":[\"https:\\\/\\\/syndicom.ch\\\/fr\\\/tes-avantages\\\/coop-protection-juridique\\\/\"]}]},{\"@type\":\"ImageObject\",\"inLanguage\":\"fr-FR\",\"@id\":\"https:\\\/\\\/syndicom.ch\\\/fr\\\/tes-avantages\\\/coop-protection-juridique\\\/#primaryimage\",\"url\":\"https:\\\/\\\/syndicom.ch\\\/app\\\/uploads\\\/2024\\\/07\\\/gewerkschaft-syndicom-coop-rechtsschutz-logo-e1732534212885.jpg\",\"contentUrl\":\"https:\\\/\\\/syndicom.ch\\\/app\\\/uploads\\\/2024\\\/07\\\/gewerkschaft-syndicom-coop-rechtsschutz-logo-e1732534212885.jpg\",\"width\":753,\"height\":274,\"caption\":\"Logo von Coop Rechtsschutz mit Slogan und Auszeichnung\"},{\"@type\":\"BreadcrumbList\",\"@id\":\"https:\\\/\\\/syndicom.ch\\\/fr\\\/tes-avantages\\\/coop-protection-juridique\\\/#breadcrumb\",\"itemListElement\":[{\"@type\":\"ListItem\",\"position\":1,\"name\":\"Page d'accueil\",\"item\":\"https:\\\/\\\/syndicom.ch\\\/fr\\\/\"},{\"@type\":\"ListItem\",\"position\":2,\"name\":\"Tes avantages\",\"item\":\"https:\\\/\\\/syndicom.ch\\\/fr\\\/tes-avantages\\\/\"},{\"@type\":\"ListItem\",\"position\":3,\"name\":\"Coop protection juridique\"}]},{\"@type\":\"WebSite\",\"@id\":\"https:\\\/\\\/syndicom.ch\\\/fr\\\/#website\",\"url\":\"https:\\\/\\\/syndicom.ch\\\/fr\\\/\",\"name\":\"syndicom\",\"description\":\"\",\"publisher\":{\"@id\":\"https:\\\/\\\/syndicom.ch\\\/fr\\\/#organization\"},\"potentialAction\":[{\"@type\":\"SearchAction\",\"target\":{\"@type\":\"EntryPoint\",\"urlTemplate\":\"https:\\\/\\\/syndicom.ch\\\/fr\\\/?s={search_term_string}\"},\"query-input\":{\"@type\":\"PropertyValueSpecification\",\"valueRequired\":true,\"valueName\":\"search_term_string\"}}],\"inLanguage\":\"fr-FR\"},{\"@type\":\"Organization\",\"@id\":\"https:\\\/\\\/syndicom.ch\\\/fr\\\/#organization\",\"name\":\"syndicom\",\"url\":\"https:\\\/\\\/syndicom.ch\\\/fr\\\/\",\"logo\":{\"@type\":\"ImageObject\",\"inLanguage\":\"fr-FR\",\"@id\":\"https:\\\/\\\/syndicom.ch\\\/fr\\\/#\\\/schema\\\/logo\\\/image\\\/\",\"url\":\"https:\\\/\\\/syndicom.ch\\\/app\\\/uploads\\\/2024\\\/06\\\/logo.svg\",\"contentUrl\":\"https:\\\/\\\/syndicom.ch\\\/app\\\/uploads\\\/2024\\\/06\\\/logo.svg\",\"width\":297,\"height\":51,\"caption\":\"syndicom\"},\"image\":{\"@id\":\"https:\\\/\\\/syndicom.ch\\\/fr\\\/#\\\/schema\\\/logo\\\/image\\\/\"}}]}<\/script>\n<!-- \/ Yoast SEO plugin. -->","yoast_head_json":{"title":"Coop protection juridique - syndicom","description":"Avec la protection juridique Coop Multi, les membres de syndicom b\u00e9n\u00e9ficient d'une protection juridique compl\u00e8te pour une prime avantageuse.","robots":{"index":"index","follow":"follow","max-snippet":"max-snippet:-1","max-image-preview":"max-image-preview:large","max-video-preview":"max-video-preview:-1"},"canonical":"https:\/\/syndicom.ch\/fr\/tes-avantages\/coop-protection-juridique\/","og_locale":"fr_FR","og_type":"article","og_title":"Coop protection juridique - syndicom","og_description":"Avec la protection juridique Coop Multi, les membres de syndicom b\u00e9n\u00e9ficient d'une protection juridique compl\u00e8te pour une prime avantageuse.","og_url":"https:\/\/syndicom.ch\/fr\/tes-avantages\/coop-protection-juridique\/","og_site_name":"syndicom","article_modified_time":"2026-02-04T13:17:40+00:00","og_image":[{"width":753,"height":274,"url":"https:\/\/syndicom.ch\/app\/uploads\/2024\/07\/gewerkschaft-syndicom-coop-rechtsschutz-logo-e1732534212885.jpg","type":"image\/jpeg"}],"twitter_card":"summary_large_image","twitter_misc":{"Dur\u00e9e de lecture estim\u00e9e":"2 minutes"},"schema":{"@context":"https:\/\/schema.org","@graph":[{"@type":"WebPage","@id":"https:\/\/syndicom.ch\/fr\/tes-avantages\/coop-protection-juridique\/","url":"https:\/\/syndicom.ch\/fr\/tes-avantages\/coop-protection-juridique\/","name":"Coop protection juridique - syndicom","isPartOf":{"@id":"https:\/\/syndicom.ch\/fr\/#website"},"primaryImageOfPage":{"@id":"https:\/\/syndicom.ch\/fr\/tes-avantages\/coop-protection-juridique\/#primaryimage"},"image":{"@id":"https:\/\/syndicom.ch\/fr\/tes-avantages\/coop-protection-juridique\/#primaryimage"},"thumbnailUrl":"https:\/\/syndicom.ch\/app\/uploads\/2024\/07\/gewerkschaft-syndicom-coop-rechtsschutz-logo-e1732534212885.jpg","datePublished":"2024-08-06T06:20:12+00:00","dateModified":"2026-02-04T13:17:40+00:00","description":"Avec la protection juridique Coop Multi, les membres de syndicom b\u00e9n\u00e9ficient d'une protection juridique compl\u00e8te pour une prime avantageuse.","breadcrumb":{"@id":"https:\/\/syndicom.ch\/fr\/tes-avantages\/coop-protection-juridique\/#breadcrumb"},"inLanguage":"fr-FR","potentialAction":[{"@type":"ReadAction","target":["https:\/\/syndicom.ch\/fr\/tes-avantages\/coop-protection-juridique\/"]}]},{"@type":"ImageObject","inLanguage":"fr-FR","@id":"https:\/\/syndicom.ch\/fr\/tes-avantages\/coop-protection-juridique\/#primaryimage","url":"https:\/\/syndicom.ch\/app\/uploads\/2024\/07\/gewerkschaft-syndicom-coop-rechtsschutz-logo-e1732534212885.jpg","contentUrl":"https:\/\/syndicom.ch\/app\/uploads\/2024\/07\/gewerkschaft-syndicom-coop-rechtsschutz-logo-e1732534212885.jpg","width":753,"height":274,"caption":"Logo von Coop Rechtsschutz mit Slogan und Auszeichnung"},{"@type":"BreadcrumbList","@id":"https:\/\/syndicom.ch\/fr\/tes-avantages\/coop-protection-juridique\/#breadcrumb","itemListElement":[{"@type":"ListItem","position":1,"name":"Page d'accueil","item":"https:\/\/syndicom.ch\/fr\/"},{"@type":"ListItem","position":2,"name":"Tes avantages","item":"https:\/\/syndicom.ch\/fr\/tes-avantages\/"},{"@type":"ListItem","position":3,"name":"Coop protection juridique"}]},{"@type":"WebSite","@id":"https:\/\/syndicom.ch\/fr\/#website","url":"https:\/\/syndicom.ch\/fr\/","name":"syndicom","description":"","publisher":{"@id":"https:\/\/syndicom.ch\/fr\/#organization"},"potentialAction":[{"@type":"SearchAction","target":{"@type":"EntryPoint","urlTemplate":"https:\/\/syndicom.ch\/fr\/?s={search_term_string}"},"query-input":{"@type":"PropertyValueSpecification","valueRequired":true,"valueName":"search_term_string"}}],"inLanguage":"fr-FR"},{"@type":"Organization","@id":"https:\/\/syndicom.ch\/fr\/#organization","name":"syndicom","url":"https:\/\/syndicom.ch\/fr\/","logo":{"@type":"ImageObject","inLanguage":"fr-FR","@id":"https:\/\/syndicom.ch\/fr\/#\/schema\/logo\/image\/","url":"https:\/\/syndicom.ch\/app\/uploads\/2024\/06\/logo.svg","contentUrl":"https:\/\/syndicom.ch\/app\/uploads\/2024\/06\/logo.svg","width":297,"height":51,"caption":"syndicom"},"image":{"@id":"https:\/\/syndicom.ch\/fr\/#\/schema\/logo\/image\/"}}]}},"_links":{"self":[{"href":"https:\/\/syndicom.ch\/fr\/wp-json\/wp\/v2\/pages\/7551","targetHints":{"allow":["GET"]}}],"collection":[{"href":"https:\/\/syndicom.ch\/fr\/wp-json\/wp\/v2\/pages"}],"about":[{"href":"https:\/\/syndicom.ch\/fr\/wp-json\/wp\/v2\/types\/page"}],"author":[{"embeddable":true,"href":"https:\/\/syndicom.ch\/fr\/wp-json\/wp\/v2\/users\/3"}],"replies":[{"embeddable":true,"href":"https:\/\/syndicom.ch\/fr\/wp-json\/wp\/v2\/comments?post=7551"}],"version-history":[{"count":7,"href":"https:\/\/syndicom.ch\/fr\/wp-json\/wp\/v2\/pages\/7551\/revisions"}],"predecessor-version":[{"id":48909,"href":"https:\/\/syndicom.ch\/fr\/wp-json\/wp\/v2\/pages\/7551\/revisions\/48909"}],"up":[{"embeddable":true,"href":"https:\/\/syndicom.ch\/fr\/wp-json\/wp\/v2\/pages\/45049"}],"wp:featuredmedia":[{"embeddable":true,"href":"https:\/\/syndicom.ch\/fr\/wp-json\/wp\/v2\/media\/58281"}],"wp:attachment":[{"href":"https:\/\/syndicom.ch\/fr\/wp-json\/wp\/v2\/media?parent=7551"}],"wp:term":[{"taxonomy":"category","embeddable":true,"href":"https:\/\/syndicom.ch\/fr\/wp-json\/wp\/v2\/categories?post=7551"}],"curies":[{"name":"wp","href":"https:\/\/api.w.org\/{rel}","templated":true}]}}