{"id":7566,"date":"2024-08-08T15:26:31","date_gmt":"2024-08-08T13:26:31","guid":{"rendered":"https:\/\/projects.atxeit.ch\/syndicom\/?page_id=7566"},"modified":"2026-02-04T14:18:16","modified_gmt":"2026-02-04T13:18:16","slug":"reka","status":"publish","type":"page","link":"https:\/\/syndicom.ch\/fr\/tes-avantages\/reka\/","title":{"rendered":"Reka"},"content":{"rendered":"\n<div class=\"wp-block-group alignfull has-background-color has-primary-background-color has-text-color has-background has-link-color wp-elements-c8295d77bdc610eb36496c6ec09ad38e is-layout-constrained wp-block-group-is-layout-constrained\">\n<div class=\"wp-block-group is-style-narrow is-layout-constrained wp-block-group-is-layout-constrained\">\n<div class=\"wp-block-columns is-layout-flex wp-container-core-columns-is-layout-9d6595d7 wp-block-columns-is-layout-flex\">\n<div class=\"wp-block-column is-layout-flow wp-block-column-is-layout-flow\" style=\"flex-basis:70%\">\n<h1 class=\"wp-block-heading\">Reka<\/h1>\n\n\n\n<p class=\"is-style-lead\">Profite d\u2019une r\u00e9duction de 7% sur l\u2019avoir Reka-Pay<\/p>\n<\/div>\n<\/div>\n<\/div>\n<\/div>\n\n\n\n<div class=\"wp-block-group alignfull has-background-background-color has-background is-layout-constrained wp-block-group-is-layout-constrained\">\n<div class=\"wp-block-group is-style-narrow is-layout-constrained wp-block-group-is-layout-constrained\">\n<h2 class=\"wp-block-heading\"><strong>Tes avantages comme membre de syndicom<\/strong><\/h2>\n\n\n\n<p>En tant que membre syndicom, tu peux acheter l&rsquo;avoir Reka-Pay avec une r\u00e9duction de 7%. Pour l&rsquo;avoir Reka d&rsquo;une valeur de CHF 700.\u2013, tu ne paies que CHF 651.\u2013.<\/p>\n<\/div>\n<\/div>\n\n\n\n<div class=\"wp-block-group alignfull has-tertiary-background-color has-background is-layout-constrained wp-block-group-is-layout-constrained\">\n<div class=\"wp-block-group is-style-narrow is-layout-constrained wp-block-group-is-layout-constrained\">\n<h2 class=\"wp-block-heading\"><strong><strong>Tu n\u2019es pas encore membre de syndicom ?<\/strong><\/strong><\/h2>\n\n\n\n<p>C\u2019est donc le moment id\u00e9al pour devenir membre de syndicom et profiter de cette offre attrayante de Reka, ainsi que de nombreux autres avantages.<\/p>\n\n\n\n<div class=\"wp-block-buttons is-layout-flex wp-block-buttons-is-layout-flex\">\n<div class=\"wp-block-button\"><a class=\"wp-block-button__link wp-element-button\" href=\"https:\/\/my.syndicom.ch\/adhesion\" target=\"_blank\" rel=\"noreferrer noopener\"><strong>Deviens membre maintenant et profite<\/strong><\/a><\/div>\n\n\n\n<div class=\"wp-block-button is-style-outline is-style-outline--1\"><a class=\"wp-block-button__link has-primary-color has-primary-background-color has-text-color has-background has-link-color wp-element-button\" href=\"https:\/\/syndicom.ch\/fr\/faq-affiliation\/\" target=\"_blank\" rel=\"noreferrer noopener\"><strong>Aper\u00e7u des avantages<\/strong><\/a><\/div>\n<\/div>\n<\/div>\n<\/div>\n\n\n\n<div class=\"wp-block-group alignfull has-background-background-color has-background is-layout-constrained wp-block-group-is-layout-constrained\">\n<div class=\"wp-block-group is-style-narrow is-layout-constrained wp-block-group-is-layout-constrained\">\n<h2 class=\"wp-block-heading\"><strong>Acquisition<\/strong><\/h2>\n\n\n\n<ul class=\"wp-block-list\">\n<li class=\"is-style-check\"><strong>Envoi automatique des factures QR<\/strong><br>Tous les membres de syndicom re\u00e7oivent automatiquement les factures QR de Reka pour le contingent maximal (acquisition CHF 700.\u2013 \/ versement CHF 651.\u2013). Les factures QR vous parviennent fin janvier et sont valables jusqu\u2019\u00e0 la fin de l\u2019ann\u00e9e. Tu peux d\u00e9cider librement si tu souhaites acheter de l\u2019avoir Reka.<br><br>Tu ne trouves plus tes factures QR de Reka? Dans ce cas, contacte directement le service client\u00e8le de Reka:<br><a href=\"mailto:&#107;&#117;&#110;&#100;&#101;&#110;&#115;&#101;&#114;&#118;&#105;&#99;&#101;&#64;&#114;&#101;&#107;&#97;&#46;&#99;&#104;\">&#107;&#117;&#110;&#100;&#101;&#110;&#115;&#101;&#114;&#118;&#105;&#99;&#101;&#64;&#114;&#101;&#107;&#97;&#46;&#99;&#104;<\/a> \u00a6 telefono: <a href=\"tel:+41 31 329 66 67\">+41 31 329 66 67<\/a> \u00a6 <a href=\"https:\/\/reka.ch\/fr\/argentreka\/a-propos-de-nous\/contact\" target=\"_blank\" rel=\"noreferrer noopener nofollow\">reka.ch<\/a><br><br><strong>Nouveau membre de syndicom?<\/strong><br>Ensuite, tu peux commander les factures QR de Reka:<br>par mail: <a href=\"mailto:&#105;&#110;&#102;&#111;&#64;&#115;&#121;&#110;&#100;&#105;&#99;&#111;&#109;&#46;&#99;&#104;\">&#105;&#110;&#102;&#111;&#64;&#115;&#121;&#110;&#100;&#105;&#99;&#111;&#109;&#46;&#99;&#104;<\/a> \u00a6 par t\u00e9l\u00e9phone: <a href=\"tel:+41 58 817 18 18\">+41 58 817 18 18<\/a><\/li>\n<\/ul>\n\n\n\n<p><\/p>\n\n\n\n<ul class=\"wp-block-list\">\n<li class=\"is-style-check\">En cas de virement, tu re\u00e7ois gratuitement une Reka-Card. Si tu poss\u00e8des d\u00e9j\u00e0 une Reka-Card, l\u2019argent est charg\u00e9 sur cette carte.<\/li>\n<\/ul>\n\n\n\n<p><\/p>\n\n\n\n<ul class=\"wp-block-list\">\n<li class=\"is-style-check\">Les frais de compte, qui s\u2019\u00e9l\u00e8vent \u00e0 15 CHF par an, sont pris en charge par syndicom, pour autant que le contingent syndicom Reka soit retir\u00e9.<\/li>\n<\/ul>\n\n\n\n<p><\/p>\n\n\n\n<div class=\"wp-block-columns has-tertiary-background-color has-background is-layout-flex wp-container-core-columns-is-layout-9d6595d7 wp-block-columns-is-layout-flex\">\n<div class=\"wp-block-column is-layout-flow wp-block-column-is-layout-flow\">\n<p>Transforme tr\u00e8s simplement l\u2019avoir Reka-Card en une Carte cadeau Reka :<\/p>\n\n\n\n<ul class=\"wp-block-list\">\n<li>Commande commod\u00e9ment en ligne, dans le portail clients Reka sur <a href=\"http:\/\/reka.ch\" target=\"_blank\" rel=\"noreferrer noopener nofollow\">reka.ch<\/a><\/li>\n\n\n\n<li>Choisis le montant souhait\u00e9 (CHF 50.\u2013 \u00e0 CHF 500.\u2013)<\/li>\n\n\n\n<li>Paie directement avec ton avoir Reka<\/li>\n<\/ul>\n<\/div>\n<\/div>\n<\/div>\n<\/div>\n\n\n\n<div class=\"wp-block-group alignfull has-background-color has-primary-background-color has-text-color has-background has-link-color wp-elements-352da2b68d80f9bf18eb8743f0210a81 is-layout-constrained wp-block-group-is-layout-constrained\">\n<figure class=\"wp-block-embed is-type-video is-provider-youtube wp-block-embed-youtube wp-embed-aspect-16-9 wp-has-aspect-ratio\"><div class=\"wp-block-embed__wrapper\">\n<iframe loading=\"lazy\" title=\"Reka-Pay | Nombreuses possibilit\u00e9s d&#039;utilisation\" width=\"500\" height=\"281\" src=\"https:\/\/www.youtube.com\/embed\/2zosdfRZC8g?feature=oembed\" frameborder=\"0\" allow=\"accelerometer; autoplay; clipboard-write; encrypted-media; gyroscope; picture-in-picture; web-share\" referrerpolicy=\"strict-origin-when-cross-origin\" allowfullscreen><\/iframe>\n<\/div><\/figure>\n<\/div>\n","protected":false},"excerpt":{"rendered":"<p>Tes avantages comme membre de syndicom En tant que membre syndicom, tu peux acheter l&rsquo;avoir Reka-Pay avec une r\u00e9duction de 7%. Pour l&rsquo;avoir Reka d&rsquo;une valeur de CHF 700.\u2013, tu ne paies que CHF 651.\u2013. Tu n\u2019es pas encore membre de syndicom ? C\u2019est donc le moment id\u00e9al pour devenir membre de syndicom et profiter [&hellip;]<\/p>\n","protected":false},"author":3,"featured_media":0,"parent":45049,"menu_order":0,"comment_status":"closed","ping_status":"closed","template":"","meta":{"_acf_changed":false,"inline_featured_image":false,"_coblocks_attr":"","_coblocks_dimensions":"","_coblocks_responsive_height":"","_coblocks_accordion_ie_support":"","footnotes":""},"categories":[358],"class_list":["post-7566","page","type-page","status-publish","hentry","category-tes-avantages"],"acf":[],"yoast_head":"<!-- This site is optimized with the Yoast SEO plugin v27.3 - https:\/\/yoast.com\/product\/yoast-seo-wordpress\/ -->\n<title>Reka - syndicom<\/title>\n<meta name=\"description\" content=\"Les membres du syndicat syndicom peuvent obtenir de l&#039;argent Reka \u00e0 un prix plus avantageux: Profites-en maintenant.\" \/>\n<meta name=\"robots\" content=\"index, follow, max-snippet:-1, max-image-preview:large, max-video-preview:-1\" \/>\n<link rel=\"canonical\" href=\"https:\/\/syndicom.ch\/fr\/tes-avantages\/reka\/\" \/>\n<meta property=\"og:locale\" content=\"fr_FR\" \/>\n<meta property=\"og:type\" content=\"article\" \/>\n<meta property=\"og:title\" content=\"Reka - syndicom\" \/>\n<meta property=\"og:description\" content=\"Les membres du syndicat syndicom peuvent obtenir de l&#039;argent Reka \u00e0 un prix plus avantageux: Profites-en maintenant.\" \/>\n<meta property=\"og:url\" content=\"https:\/\/syndicom.ch\/fr\/tes-avantages\/reka\/\" \/>\n<meta property=\"og:site_name\" content=\"syndicom\" \/>\n<meta property=\"article:modified_time\" content=\"2026-02-04T13:18:16+00:00\" \/>\n<meta name=\"twitter:card\" content=\"summary_large_image\" \/>\n<meta name=\"twitter:label1\" content=\"Dur\u00e9e de lecture estim\u00e9e\" \/>\n\t<meta name=\"twitter:data1\" content=\"2 minutes\" \/>\n<script type=\"application\/ld+json\" class=\"yoast-schema-graph\">{\"@context\":\"https:\\\/\\\/schema.org\",\"@graph\":[{\"@type\":\"WebPage\",\"@id\":\"https:\\\/\\\/syndicom.ch\\\/fr\\\/tes-avantages\\\/reka\\\/\",\"url\":\"https:\\\/\\\/syndicom.ch\\\/fr\\\/tes-avantages\\\/reka\\\/\",\"name\":\"Reka - syndicom\",\"isPartOf\":{\"@id\":\"https:\\\/\\\/syndicom.ch\\\/fr\\\/#website\"},\"datePublished\":\"2024-08-08T13:26:31+00:00\",\"dateModified\":\"2026-02-04T13:18:16+00:00\",\"description\":\"Les membres du syndicat syndicom peuvent obtenir de l'argent Reka \u00e0 un prix plus avantageux: Profites-en maintenant.\",\"breadcrumb\":{\"@id\":\"https:\\\/\\\/syndicom.ch\\\/fr\\\/tes-avantages\\\/reka\\\/#breadcrumb\"},\"inLanguage\":\"fr-FR\",\"potentialAction\":[{\"@type\":\"ReadAction\",\"target\":[\"https:\\\/\\\/syndicom.ch\\\/fr\\\/tes-avantages\\\/reka\\\/\"]}]},{\"@type\":\"BreadcrumbList\",\"@id\":\"https:\\\/\\\/syndicom.ch\\\/fr\\\/tes-avantages\\\/reka\\\/#breadcrumb\",\"itemListElement\":[{\"@type\":\"ListItem\",\"position\":1,\"name\":\"Page d'accueil\",\"item\":\"https:\\\/\\\/syndicom.ch\\\/fr\\\/\"},{\"@type\":\"ListItem\",\"position\":2,\"name\":\"Tes avantages\",\"item\":\"https:\\\/\\\/syndicom.ch\\\/fr\\\/tes-avantages\\\/\"},{\"@type\":\"ListItem\",\"position\":3,\"name\":\"Reka\"}]},{\"@type\":\"WebSite\",\"@id\":\"https:\\\/\\\/syndicom.ch\\\/fr\\\/#website\",\"url\":\"https:\\\/\\\/syndicom.ch\\\/fr\\\/\",\"name\":\"syndicom\",\"description\":\"\",\"publisher\":{\"@id\":\"https:\\\/\\\/syndicom.ch\\\/fr\\\/#organization\"},\"potentialAction\":[{\"@type\":\"SearchAction\",\"target\":{\"@type\":\"EntryPoint\",\"urlTemplate\":\"https:\\\/\\\/syndicom.ch\\\/fr\\\/?s={search_term_string}\"},\"query-input\":{\"@type\":\"PropertyValueSpecification\",\"valueRequired\":true,\"valueName\":\"search_term_string\"}}],\"inLanguage\":\"fr-FR\"},{\"@type\":\"Organization\",\"@id\":\"https:\\\/\\\/syndicom.ch\\\/fr\\\/#organization\",\"name\":\"syndicom\",\"url\":\"https:\\\/\\\/syndicom.ch\\\/fr\\\/\",\"logo\":{\"@type\":\"ImageObject\",\"inLanguage\":\"fr-FR\",\"@id\":\"https:\\\/\\\/syndicom.ch\\\/fr\\\/#\\\/schema\\\/logo\\\/image\\\/\",\"url\":\"https:\\\/\\\/syndicom.ch\\\/app\\\/uploads\\\/2024\\\/06\\\/logo.svg\",\"contentUrl\":\"https:\\\/\\\/syndicom.ch\\\/app\\\/uploads\\\/2024\\\/06\\\/logo.svg\",\"width\":297,\"height\":51,\"caption\":\"syndicom\"},\"image\":{\"@id\":\"https:\\\/\\\/syndicom.ch\\\/fr\\\/#\\\/schema\\\/logo\\\/image\\\/\"}}]}<\/script>\n<!-- \/ Yoast SEO plugin. -->","yoast_head_json":{"title":"Reka - syndicom","description":"Les membres du syndicat syndicom peuvent obtenir de l'argent Reka \u00e0 un prix plus avantageux: Profites-en maintenant.","robots":{"index":"index","follow":"follow","max-snippet":"max-snippet:-1","max-image-preview":"max-image-preview:large","max-video-preview":"max-video-preview:-1"},"canonical":"https:\/\/syndicom.ch\/fr\/tes-avantages\/reka\/","og_locale":"fr_FR","og_type":"article","og_title":"Reka - syndicom","og_description":"Les membres du syndicat syndicom peuvent obtenir de l'argent Reka \u00e0 un prix plus avantageux: Profites-en maintenant.","og_url":"https:\/\/syndicom.ch\/fr\/tes-avantages\/reka\/","og_site_name":"syndicom","article_modified_time":"2026-02-04T13:18:16+00:00","twitter_card":"summary_large_image","twitter_misc":{"Dur\u00e9e de lecture estim\u00e9e":"2 minutes"},"schema":{"@context":"https:\/\/schema.org","@graph":[{"@type":"WebPage","@id":"https:\/\/syndicom.ch\/fr\/tes-avantages\/reka\/","url":"https:\/\/syndicom.ch\/fr\/tes-avantages\/reka\/","name":"Reka - syndicom","isPartOf":{"@id":"https:\/\/syndicom.ch\/fr\/#website"},"datePublished":"2024-08-08T13:26:31+00:00","dateModified":"2026-02-04T13:18:16+00:00","description":"Les membres du syndicat syndicom peuvent obtenir de l'argent Reka \u00e0 un prix plus avantageux: Profites-en maintenant.","breadcrumb":{"@id":"https:\/\/syndicom.ch\/fr\/tes-avantages\/reka\/#breadcrumb"},"inLanguage":"fr-FR","potentialAction":[{"@type":"ReadAction","target":["https:\/\/syndicom.ch\/fr\/tes-avantages\/reka\/"]}]},{"@type":"BreadcrumbList","@id":"https:\/\/syndicom.ch\/fr\/tes-avantages\/reka\/#breadcrumb","itemListElement":[{"@type":"ListItem","position":1,"name":"Page d'accueil","item":"https:\/\/syndicom.ch\/fr\/"},{"@type":"ListItem","position":2,"name":"Tes avantages","item":"https:\/\/syndicom.ch\/fr\/tes-avantages\/"},{"@type":"ListItem","position":3,"name":"Reka"}]},{"@type":"WebSite","@id":"https:\/\/syndicom.ch\/fr\/#website","url":"https:\/\/syndicom.ch\/fr\/","name":"syndicom","description":"","publisher":{"@id":"https:\/\/syndicom.ch\/fr\/#organization"},"potentialAction":[{"@type":"SearchAction","target":{"@type":"EntryPoint","urlTemplate":"https:\/\/syndicom.ch\/fr\/?s={search_term_string}"},"query-input":{"@type":"PropertyValueSpecification","valueRequired":true,"valueName":"search_term_string"}}],"inLanguage":"fr-FR"},{"@type":"Organization","@id":"https:\/\/syndicom.ch\/fr\/#organization","name":"syndicom","url":"https:\/\/syndicom.ch\/fr\/","logo":{"@type":"ImageObject","inLanguage":"fr-FR","@id":"https:\/\/syndicom.ch\/fr\/#\/schema\/logo\/image\/","url":"https:\/\/syndicom.ch\/app\/uploads\/2024\/06\/logo.svg","contentUrl":"https:\/\/syndicom.ch\/app\/uploads\/2024\/06\/logo.svg","width":297,"height":51,"caption":"syndicom"},"image":{"@id":"https:\/\/syndicom.ch\/fr\/#\/schema\/logo\/image\/"}}]}},"_links":{"self":[{"href":"https:\/\/syndicom.ch\/fr\/wp-json\/wp\/v2\/pages\/7566","targetHints":{"allow":["GET"]}}],"collection":[{"href":"https:\/\/syndicom.ch\/fr\/wp-json\/wp\/v2\/pages"}],"about":[{"href":"https:\/\/syndicom.ch\/fr\/wp-json\/wp\/v2\/types\/page"}],"author":[{"embeddable":true,"href":"https:\/\/syndicom.ch\/fr\/wp-json\/wp\/v2\/users\/3"}],"replies":[{"embeddable":true,"href":"https:\/\/syndicom.ch\/fr\/wp-json\/wp\/v2\/comments?post=7566"}],"version-history":[{"count":20,"href":"https:\/\/syndicom.ch\/fr\/wp-json\/wp\/v2\/pages\/7566\/revisions"}],"predecessor-version":[{"id":53108,"href":"https:\/\/syndicom.ch\/fr\/wp-json\/wp\/v2\/pages\/7566\/revisions\/53108"}],"up":[{"embeddable":true,"href":"https:\/\/syndicom.ch\/fr\/wp-json\/wp\/v2\/pages\/45049"}],"wp:attachment":[{"href":"https:\/\/syndicom.ch\/fr\/wp-json\/wp\/v2\/media?parent=7566"}],"wp:term":[{"taxonomy":"category","embeddable":true,"href":"https:\/\/syndicom.ch\/fr\/wp-json\/wp\/v2\/categories?post=7566"}],"curies":[{"name":"wp","href":"https:\/\/api.w.org\/{rel}","templated":true}]}}