{"id":7643,"date":"2024-08-08T12:33:06","date_gmt":"2024-08-08T10:33:06","guid":{"rendered":"https:\/\/projects.atxeit.ch\/syndicom\/?page_id=7643"},"modified":"2026-04-07T11:57:48","modified_gmt":"2026-04-07T09:57:48","slug":"kpt","status":"publish","type":"page","link":"https:\/\/syndicom.ch\/fr\/tes-avantages\/kpt\/","title":{"rendered":"KPT"},"content":{"rendered":"\n<div class=\"wp-block-group alignfull has-background-color has-primary-background-color has-text-color has-background has-link-color wp-elements-38c7be876c1310e014c2f550b7141279 is-layout-constrained wp-block-group-is-layout-constrained\">\n<div class=\"wp-block-group is-style-narrow is-layout-constrained wp-block-group-is-layout-constrained\">\n<div class=\"wp-block-columns is-layout-flex wp-container-core-columns-is-layout-9d6595d7 wp-block-columns-is-layout-flex\">\n<div class=\"wp-block-column is-layout-flow wp-block-column-is-layout-flow\" style=\"flex-basis:70%\">\n<h1 class=\"wp-block-heading\">Caisse-maladie KPT<\/h1>\n\n\n\n<p class=\"is-style-lead\">En tant que membre de syndicom, tu b\u00e9n\u00e9ficies de r\u00e9ductions aupr\u00e8s de la caisse-maladie KPT.<\/p>\n<\/div>\n<\/div>\n<\/div>\n<\/div>\n\n\n\n<div class=\"wp-block-group alignfull has-background-background-color has-background is-layout-constrained wp-block-group-is-layout-constrained\">\n<div class=\"wp-block-group is-style-narrow is-layout-constrained wp-block-group-is-layout-constrained\">\n<h2 class=\"wp-block-heading\"><strong>Tes avantages chez KPT<\/strong><\/h2>\n\n\n\n<p>Gr\u00e2ce au contrat collectif, en tant que membre de syndicom, tu b\u00e9n\u00e9ficies de r\u00e9ductions aupr\u00e8s de la caisse-maladie KPT. Toi et tes proches pouvez cumuler plusieurs avantages :<\/p>\n\n\n\n<ul class=\"wp-block-list\">\n<li class=\"is-style-check\"><strong>9 % de rabais collectif<\/strong> sur les assurances compl\u00e9mentaires ambulatoires et hospitali\u00e8res (Ambulatoire : Pulse Eco \/ Pulse Top \/ Pulse Premium et Hospitali\u00e8re : Flex Eco \/ Flex Top)<\/li>\n\n\n\n<li class=\"is-style-check\"><strong>5 % de rabais collectif<\/strong> sur les assurances compl\u00e9mentaires hospitali\u00e8res (hospitali\u00e8re semi-priv\u00e9e et hospitali\u00e8re priv\u00e9e)<\/li>\n\n\n\n<li class=\"is-style-check\"><strong>6,7 % de rabais de fid\u00e9lit\u00e9<\/strong> pour une dur\u00e9e d\u2019assurance de 3 ans sur toutes les assurances compl\u00e9mentaires ambulatoires et hospitali\u00e8res<\/li>\n\n\n\n<li class=\"is-style-check\"><strong>5 % de rabais en ligne<\/strong> sur les assurances compl\u00e9mentaires hospitali\u00e8res (demi-priv\u00e9e et priv\u00e9e) pour les souscriptions en ligne<\/li>\n\n\n\n<li class=\"is-style-check\"><strong>Escompte<\/strong> en cas de paiement anticip\u00e9 : 1 % par an ou 0,5 % par semestre<\/li>\n<\/ul>\n\n\n\n<p>Organis\u00e9e en tant que coop\u00e9rative, la KPT reverse enti\u00e8rement ses exc\u00e9dents \u00e0 ses assur\u00e9s. Ils profitent ainsi de primes particuli\u00e8rement basses.<\/p>\n\n\n\n<p>Le rabais global est constitu\u00e9 d\u2019un rabais de prime justifi\u00e9 sur le plan actuariel et d\u2019un avantage suppl\u00e9mentaire accord\u00e9 par la KPT. Le rabais et l\u2019avantage sont v\u00e9rifi\u00e9s et adapt\u00e9s chaque ann\u00e9e.<\/p>\n<\/div>\n<\/div>\n\n\n\n<div class=\"wp-block-group alignfull has-tertiary-background-color has-background is-layout-constrained wp-block-group-is-layout-constrained\">\n<div class=\"wp-block-group is-style-narrow is-layout-constrained wp-block-group-is-layout-constrained\">\n<h2 class=\"wp-block-heading\"><strong><strong>Tu n&rsquo;es pas encore membre de syndicom ?<\/strong><\/strong><\/h2>\n\n\n\n<p>C&rsquo;est donc le moment id\u00e9al pour devenir membre de syndicom et profiter de cette offre attrayante de la KPT, ainsi que de nombreux autres avantages.<\/p>\n\n\n\n<div class=\"wp-block-buttons is-layout-flex wp-block-buttons-is-layout-flex\">\n<div class=\"wp-block-button is-style-syn-member-cta\"><a class=\"wp-block-button__link wp-element-button\" href=\"https:\/\/my.syndicom.ch\/adhesion\" target=\"_blank\" rel=\"noreferrer noopener\"><strong>Deviens membre maintenant et profite<\/strong><\/a><\/div>\n\n\n\n<div class=\"wp-block-button is-style-outline is-style-outline--1\"><a class=\"wp-block-button__link has-primary-color has-primary-background-color has-text-color has-background has-link-color wp-element-button\" href=\"https:\/\/syndicom.ch\/fr\/faq-affiliation\/\" target=\"_blank\" rel=\"noreferrer noopener\"><strong>Aper\u00e7u des avantages<\/strong><\/a><\/div>\n<\/div>\n<\/div>\n<\/div>\n\n\n\n<div class=\"wp-block-group alignfull has-background-background-color has-background is-layout-constrained wp-block-group-is-layout-constrained\">\n<div class=\"wp-block-group is-style-narrow is-layout-constrained wp-block-group-is-layout-constrained\">\n<h2 class=\"wp-block-heading\"><strong><strong>Profiter de l&rsquo;offre de la KPT<\/strong><\/strong><\/h2>\n\n\n\n<p>En tant que membre syndicom, tu peux cr\u00e9er ton offre personnelle via le lien partenaire : <a href=\"http:\/\/www.kpt.ch\/fr\/collective\/syndicom\" target=\"_blank\" rel=\"noreferrer noopener nofollow\">kpt.ch\/fr\/collective\/syndicom<\/a><\/p>\n\n\n\n<p><strong>Contact KPT<\/strong><\/p>\n\n\n\n<p>E-Mail: <a href=\"mailto:&#107;&#111;&#108;&#108;&#101;&#107;&#116;&#105;&#118;&#64;&#107;&#112;&#116;&#46;&#99;&#104;\">&#107;&#111;&#108;&#108;&#101;&#107;&#116;&#105;&#118;&#64;&#107;&#112;&#116;&#46;&#99;&#104;<\/a><br>T\u00e9l\u00e9phone : <a href=\"tel:+4158 310 98 84\">+41 58 310 98 84<\/a><\/p>\n<\/div>\n<\/div>\n\n\n\n<div class=\"wp-block-group alignfull has-background-color has-primary-background-color has-text-color has-background has-link-color wp-elements-50c02aa98ff31b0997567d13ea9c5c2f is-layout-constrained wp-block-group-is-layout-constrained\">\n<figure class=\"wp-block-embed is-type-video is-provider-youtube wp-block-embed-youtube wp-embed-aspect-16-9 wp-has-aspect-ratio\"><div class=\"wp-block-embed__wrapper\">\n<iframe loading=\"lazy\" title=\"Rien n\u2019a de sens pour vous?\" width=\"500\" height=\"281\" src=\"https:\/\/www.youtube.com\/embed\/LZMjBhGyz1o?feature=oembed\" frameborder=\"0\" allow=\"accelerometer; autoplay; clipboard-write; encrypted-media; gyroscope; picture-in-picture; web-share\" referrerpolicy=\"strict-origin-when-cross-origin\" allowfullscreen><\/iframe>\n<\/div><\/figure>\n<\/div>\n","protected":false},"excerpt":{"rendered":"<p>Tes avantages chez KPT Gr\u00e2ce au contrat collectif, en tant que membre de syndicom, tu b\u00e9n\u00e9ficies de r\u00e9ductions aupr\u00e8s de la caisse-maladie KPT. Toi et tes proches pouvez cumuler plusieurs avantages : Organis\u00e9e en tant que coop\u00e9rative, la KPT reverse enti\u00e8rement ses exc\u00e9dents \u00e0 ses assur\u00e9s. Ils profitent ainsi de primes particuli\u00e8rement basses. Le rabais [&hellip;]<\/p>\n","protected":false},"author":3,"featured_media":0,"parent":45049,"menu_order":0,"comment_status":"closed","ping_status":"closed","template":"","meta":{"_acf_changed":false,"_coblocks_attr":"","_coblocks_dimensions":"","_coblocks_responsive_height":"","_coblocks_accordion_ie_support":"","inline_featured_image":false,"footnotes":""},"categories":[358],"class_list":["post-7643","page","type-page","status-publish","hentry","category-tes-avantages"],"acf":[],"yoast_head":"<!-- This site is optimized with the Yoast SEO plugin v27.3 - https:\/\/yoast.com\/product\/yoast-seo-wordpress\/ -->\n<title>KPT - syndicom<\/title>\n<meta name=\"description\" content=\"En tant que membre du syndicat syndicom, tu profites de rabais sur de nombreuses assurances compl\u00e9mentaires aupr\u00e8s de la caisse-maladie KPT.\" \/>\n<meta name=\"robots\" content=\"index, follow, max-snippet:-1, max-image-preview:large, max-video-preview:-1\" \/>\n<link rel=\"canonical\" href=\"https:\/\/syndicom.ch\/fr\/tes-avantages\/kpt\/\" \/>\n<meta property=\"og:locale\" content=\"fr_FR\" \/>\n<meta property=\"og:type\" content=\"article\" \/>\n<meta property=\"og:title\" content=\"KPT - syndicom\" \/>\n<meta property=\"og:description\" content=\"En tant que membre du syndicat syndicom, tu profites de rabais sur de nombreuses assurances compl\u00e9mentaires aupr\u00e8s de la caisse-maladie KPT.\" \/>\n<meta property=\"og:url\" content=\"https:\/\/syndicom.ch\/fr\/tes-avantages\/kpt\/\" \/>\n<meta property=\"og:site_name\" content=\"syndicom\" \/>\n<meta property=\"article:publisher\" content=\"https:\/\/www.facebook.com\/syndicom\/\" \/>\n<meta property=\"article:modified_time\" content=\"2026-04-07T09:57:48+00:00\" \/>\n<meta name=\"twitter:card\" content=\"summary_large_image\" \/>\n<meta name=\"twitter:label1\" content=\"Dur\u00e9e de lecture estim\u00e9e\" \/>\n\t<meta name=\"twitter:data1\" content=\"2 minutes\" \/>\n<script type=\"application\/ld+json\" class=\"yoast-schema-graph\">{\"@context\":\"https:\\\/\\\/schema.org\",\"@graph\":[{\"@type\":\"WebPage\",\"@id\":\"https:\\\/\\\/syndicom.ch\\\/fr\\\/tes-avantages\\\/kpt\\\/\",\"url\":\"https:\\\/\\\/syndicom.ch\\\/fr\\\/tes-avantages\\\/kpt\\\/\",\"name\":\"KPT - syndicom\",\"isPartOf\":{\"@id\":\"https:\\\/\\\/syndicom.ch\\\/fr\\\/#website\"},\"datePublished\":\"2024-08-08T10:33:06+00:00\",\"dateModified\":\"2026-04-07T09:57:48+00:00\",\"description\":\"En tant que membre du syndicat syndicom, tu profites de rabais sur de nombreuses assurances compl\u00e9mentaires aupr\u00e8s de la caisse-maladie KPT.\",\"breadcrumb\":{\"@id\":\"https:\\\/\\\/syndicom.ch\\\/fr\\\/tes-avantages\\\/kpt\\\/#breadcrumb\"},\"inLanguage\":\"fr-FR\",\"potentialAction\":[{\"@type\":\"ReadAction\",\"target\":[\"https:\\\/\\\/syndicom.ch\\\/fr\\\/tes-avantages\\\/kpt\\\/\"]}]},{\"@type\":\"BreadcrumbList\",\"@id\":\"https:\\\/\\\/syndicom.ch\\\/fr\\\/tes-avantages\\\/kpt\\\/#breadcrumb\",\"itemListElement\":[{\"@type\":\"ListItem\",\"position\":1,\"name\":\"Page d'accueil\",\"item\":\"https:\\\/\\\/syndicom.ch\\\/fr\\\/\"},{\"@type\":\"ListItem\",\"position\":2,\"name\":\"Tes avantages\",\"item\":\"https:\\\/\\\/syndicom.ch\\\/fr\\\/tes-avantages\\\/\"},{\"@type\":\"ListItem\",\"position\":3,\"name\":\"KPT\"}]},{\"@type\":\"WebSite\",\"@id\":\"https:\\\/\\\/syndicom.ch\\\/fr\\\/#website\",\"url\":\"https:\\\/\\\/syndicom.ch\\\/fr\\\/\",\"name\":\"syndicom\",\"description\":\"\",\"publisher\":{\"@id\":\"https:\\\/\\\/syndicom.ch\\\/fr\\\/#organization\"},\"potentialAction\":[{\"@type\":\"SearchAction\",\"target\":{\"@type\":\"EntryPoint\",\"urlTemplate\":\"https:\\\/\\\/syndicom.ch\\\/fr\\\/?s={search_term_string}\"},\"query-input\":{\"@type\":\"PropertyValueSpecification\",\"valueRequired\":true,\"valueName\":\"search_term_string\"}}],\"inLanguage\":\"fr-FR\"},{\"@type\":\"Organization\",\"@id\":\"https:\\\/\\\/syndicom.ch\\\/fr\\\/#organization\",\"name\":\"syndicom\",\"alternateName\":\"Gewerkschaft Medien und Kommunikation\",\"url\":\"https:\\\/\\\/syndicom.ch\\\/fr\\\/\",\"logo\":{\"@type\":\"ImageObject\",\"inLanguage\":\"fr-FR\",\"@id\":\"https:\\\/\\\/syndicom.ch\\\/fr\\\/#\\\/schema\\\/logo\\\/image\\\/\",\"url\":\"https:\\\/\\\/syndicom.ch\\\/app\\\/uploads\\\/2024\\\/06\\\/logo.svg\",\"contentUrl\":\"https:\\\/\\\/syndicom.ch\\\/app\\\/uploads\\\/2024\\\/06\\\/logo.svg\",\"width\":297,\"height\":51,\"caption\":\"syndicom\"},\"image\":{\"@id\":\"https:\\\/\\\/syndicom.ch\\\/fr\\\/#\\\/schema\\\/logo\\\/image\\\/\"},\"sameAs\":[\"https:\\\/\\\/www.facebook.com\\\/syndicom\\\/\",\"https:\\\/\\\/ch.linkedin.com\\\/company\\\/syndicom-gewerkschaft-medien-und-kommunikation\",\"https:\\\/\\\/www.instagram.com\\\/syndicom\\\/\"]}]}<\/script>\n<!-- \/ Yoast SEO plugin. -->","yoast_head_json":{"title":"KPT - syndicom","description":"En tant que membre du syndicat syndicom, tu profites de rabais sur de nombreuses assurances compl\u00e9mentaires aupr\u00e8s de la caisse-maladie KPT.","robots":{"index":"index","follow":"follow","max-snippet":"max-snippet:-1","max-image-preview":"max-image-preview:large","max-video-preview":"max-video-preview:-1"},"canonical":"https:\/\/syndicom.ch\/fr\/tes-avantages\/kpt\/","og_locale":"fr_FR","og_type":"article","og_title":"KPT - syndicom","og_description":"En tant que membre du syndicat syndicom, tu profites de rabais sur de nombreuses assurances compl\u00e9mentaires aupr\u00e8s de la caisse-maladie KPT.","og_url":"https:\/\/syndicom.ch\/fr\/tes-avantages\/kpt\/","og_site_name":"syndicom","article_publisher":"https:\/\/www.facebook.com\/syndicom\/","article_modified_time":"2026-04-07T09:57:48+00:00","twitter_card":"summary_large_image","twitter_misc":{"Dur\u00e9e de lecture estim\u00e9e":"2 minutes"},"schema":{"@context":"https:\/\/schema.org","@graph":[{"@type":"WebPage","@id":"https:\/\/syndicom.ch\/fr\/tes-avantages\/kpt\/","url":"https:\/\/syndicom.ch\/fr\/tes-avantages\/kpt\/","name":"KPT - syndicom","isPartOf":{"@id":"https:\/\/syndicom.ch\/fr\/#website"},"datePublished":"2024-08-08T10:33:06+00:00","dateModified":"2026-04-07T09:57:48+00:00","description":"En tant que membre du syndicat syndicom, tu profites de rabais sur de nombreuses assurances compl\u00e9mentaires aupr\u00e8s de la caisse-maladie KPT.","breadcrumb":{"@id":"https:\/\/syndicom.ch\/fr\/tes-avantages\/kpt\/#breadcrumb"},"inLanguage":"fr-FR","potentialAction":[{"@type":"ReadAction","target":["https:\/\/syndicom.ch\/fr\/tes-avantages\/kpt\/"]}]},{"@type":"BreadcrumbList","@id":"https:\/\/syndicom.ch\/fr\/tes-avantages\/kpt\/#breadcrumb","itemListElement":[{"@type":"ListItem","position":1,"name":"Page d'accueil","item":"https:\/\/syndicom.ch\/fr\/"},{"@type":"ListItem","position":2,"name":"Tes avantages","item":"https:\/\/syndicom.ch\/fr\/tes-avantages\/"},{"@type":"ListItem","position":3,"name":"KPT"}]},{"@type":"WebSite","@id":"https:\/\/syndicom.ch\/fr\/#website","url":"https:\/\/syndicom.ch\/fr\/","name":"syndicom","description":"","publisher":{"@id":"https:\/\/syndicom.ch\/fr\/#organization"},"potentialAction":[{"@type":"SearchAction","target":{"@type":"EntryPoint","urlTemplate":"https:\/\/syndicom.ch\/fr\/?s={search_term_string}"},"query-input":{"@type":"PropertyValueSpecification","valueRequired":true,"valueName":"search_term_string"}}],"inLanguage":"fr-FR"},{"@type":"Organization","@id":"https:\/\/syndicom.ch\/fr\/#organization","name":"syndicom","alternateName":"Gewerkschaft Medien und Kommunikation","url":"https:\/\/syndicom.ch\/fr\/","logo":{"@type":"ImageObject","inLanguage":"fr-FR","@id":"https:\/\/syndicom.ch\/fr\/#\/schema\/logo\/image\/","url":"https:\/\/syndicom.ch\/app\/uploads\/2024\/06\/logo.svg","contentUrl":"https:\/\/syndicom.ch\/app\/uploads\/2024\/06\/logo.svg","width":297,"height":51,"caption":"syndicom"},"image":{"@id":"https:\/\/syndicom.ch\/fr\/#\/schema\/logo\/image\/"},"sameAs":["https:\/\/www.facebook.com\/syndicom\/","https:\/\/ch.linkedin.com\/company\/syndicom-gewerkschaft-medien-und-kommunikation","https:\/\/www.instagram.com\/syndicom\/"]}]}},"_links":{"self":[{"href":"https:\/\/syndicom.ch\/fr\/wp-json\/wp\/v2\/pages\/7643","targetHints":{"allow":["GET"]}}],"collection":[{"href":"https:\/\/syndicom.ch\/fr\/wp-json\/wp\/v2\/pages"}],"about":[{"href":"https:\/\/syndicom.ch\/fr\/wp-json\/wp\/v2\/types\/page"}],"author":[{"embeddable":true,"href":"https:\/\/syndicom.ch\/fr\/wp-json\/wp\/v2\/users\/3"}],"replies":[{"embeddable":true,"href":"https:\/\/syndicom.ch\/fr\/wp-json\/wp\/v2\/comments?post=7643"}],"version-history":[{"count":16,"href":"https:\/\/syndicom.ch\/fr\/wp-json\/wp\/v2\/pages\/7643\/revisions"}],"predecessor-version":[{"id":60257,"href":"https:\/\/syndicom.ch\/fr\/wp-json\/wp\/v2\/pages\/7643\/revisions\/60257"}],"up":[{"embeddable":true,"href":"https:\/\/syndicom.ch\/fr\/wp-json\/wp\/v2\/pages\/45049"}],"wp:attachment":[{"href":"https:\/\/syndicom.ch\/fr\/wp-json\/wp\/v2\/media?parent=7643"}],"wp:term":[{"taxonomy":"category","embeddable":true,"href":"https:\/\/syndicom.ch\/fr\/wp-json\/wp\/v2\/categories?post=7643"}],"curies":[{"name":"wp","href":"https:\/\/api.w.org\/{rel}","templated":true}]}}