{"id":7676,"date":"2024-08-08T16:44:25","date_gmt":"2024-08-08T14:44:25","guid":{"rendered":"https:\/\/projects.atxeit.ch\/syndicom\/?page_id=7676"},"modified":"2026-02-04T14:18:00","modified_gmt":"2026-02-04T13:18:00","slug":"hotelcard","status":"publish","type":"page","link":"https:\/\/syndicom.ch\/fr\/tes-avantages\/hotelcard\/","title":{"rendered":"HotelCard"},"content":{"rendered":"\n<div class=\"wp-block-group alignfull has-background-color has-primary-background-color has-text-color has-background has-link-color wp-elements-c8295d77bdc610eb36496c6ec09ad38e is-layout-constrained wp-block-group-is-layout-constrained\">\n<div class=\"wp-block-group is-style-narrow is-layout-constrained wp-block-group-is-layout-constrained\">\n<div class=\"wp-block-columns is-layout-flex wp-container-core-columns-is-layout-9d6595d7 wp-block-columns-is-layout-flex\">\n<div class=\"wp-block-column is-layout-flow wp-block-column-is-layout-flow\" style=\"flex-basis:70%\">\n<h1 class=\"wp-block-heading\">HotelCard<\/h1>\n\n\n\n<p class=\"is-style-lead\">En tant que membre de syndicom, tu peux b\u00e9n\u00e9ficier d&rsquo;un prix sp\u00e9cial sur l&rsquo;HotelCard, l&rsquo;\u00ababonnement demi-tarif pour les h\u00f4tels\u00bb.<\/p>\n<\/div>\n<\/div>\n<\/div>\n<\/div>\n\n\n\n<div class=\"wp-block-group alignfull has-background-background-color has-background is-layout-constrained wp-block-group-is-layout-constrained\">\n<div class=\"wp-block-group is-style-narrow is-layout-constrained wp-block-group-is-layout-constrained\">\n<h2 class=\"wp-block-heading\"><strong><strong>Avantages<\/strong><\/strong> avec l&rsquo;HotelCard<\/h2>\n\n\n\n<ul class=\"wp-block-list\">\n<li class=\"is-style-check\">S\u00e9journer dans plus de 500 h\u00f4tels avec des r\u00e9ductions allant \u00e0 50 %<\/li>\n\n\n\n<li class=\"is-style-check\">Les offres d&rsquo;h\u00f4tels les moins ch\u00e8res de Suisse<\/li>\n\n\n\n<li class=\"is-style-check\">H\u00f4tels de luxe, design ou bien-\u00eatre<\/li>\n\n\n\n<li class=\"is-style-check\">R\u00e9servez en toute simplicit\u00e9, sans charges suppl\u00e9mentaires : 1 carte par chambre est n\u00e9cessaire.<\/li>\n\n\n\n<li class=\"is-style-check\">Des informations et conseils de voyage toutes les deux semainesps<\/li>\n<\/ul>\n\n\n\n<h2 class=\"wp-block-heading\">Prix exclusifs pour les membres de syndicom<\/h2>\n\n\n\n<p>Les membres de syndicom peuvent obtenir la HotelCard \u00e0 des conditions avantageuses :<\/p>\n\n\n\n<figure class=\"wp-block-table is-style-stripes\"><table class=\"has-fixed-layout\"><thead><tr><th class=\"has-text-align-center\" data-align=\"center\"><strong><strong>Dur\u00e9e<\/strong><\/strong><\/th><th class=\"has-text-align-center\" data-align=\"center\"><strong><strong>Prix pour les membres de syndicom<\/strong><\/strong><\/th><th class=\"has-text-align-center\" data-align=\"center\"><strong><strong>Prix normal<\/strong><\/strong><\/th><\/tr><\/thead><tbody><tr><td class=\"has-text-align-center\" data-align=\"center\">6 mois<\/td><td class=\"has-text-align-center\" data-align=\"center\">CHF 59*<\/td><td class=\"has-text-align-center\" data-align=\"center\">CHF 79<\/td><\/tr><tr><td class=\"has-text-align-center\" data-align=\"center\">1 an<\/td><td class=\"has-text-align-center\" data-align=\"center\">CHF 79*<\/td><td class=\"has-text-align-center\" data-align=\"center\">CHF 99<\/td><\/tr><tr><td class=\"has-text-align-center\" data-align=\"center\">3 ans<\/td><td class=\"has-text-align-center\" data-align=\"center\">CHF 197*<\/td><td class=\"has-text-align-center\" data-align=\"center\">CHF 297<\/td><\/tr><\/tbody><\/table><\/figure>\n\n\n\n<p>* Cette offre n&rsquo;est valable que pour les nouveaux clients d&rsquo;HotelCard et ne peut pas \u00eatre utilis\u00e9e pour renouveler une adh\u00e9sion existante.<\/p>\n<\/div>\n<\/div>\n\n\n\n<div class=\"wp-block-group alignfull has-tertiary-background-color has-background is-layout-constrained wp-block-group-is-layout-constrained\">\n<div class=\"wp-block-group is-style-narrow is-layout-constrained wp-block-group-is-layout-constrained\">\n<h2 class=\"wp-block-heading\"><strong><strong>Tu n&rsquo;es pas encore membre de syndicom ?<\/strong><\/strong><\/h2>\n\n\n\n<p>C&rsquo;est donc le moment id\u00e9al pour devenir membre de syndicom et profiter de cette offre attrayante de HotelCard, ainsi que de nombreux autres avantages.<\/p>\n\n\n\n<div class=\"wp-block-buttons is-layout-flex wp-block-buttons-is-layout-flex\">\n<div class=\"wp-block-button\"><a class=\"wp-block-button__link wp-element-button\" href=\"https:\/\/my.syndicom.ch\/adhesion\" target=\"_blank\" rel=\"noreferrer noopener\"><strong>Deviens membre maintenant et profite<\/strong><\/a><\/div>\n\n\n\n<div class=\"wp-block-button is-style-outline is-style-outline--1\"><a class=\"wp-block-button__link has-primary-color has-primary-background-color has-text-color has-background has-link-color wp-element-button\" href=\"https:\/\/syndicom.ch\/fr\/faq-affiliation\/\" target=\"_blank\" rel=\"noreferrer noopener\"><strong>Aper\u00e7u des avantages<\/strong><\/a><\/div>\n<\/div>\n<\/div>\n<\/div>\n\n\n\n<div class=\"wp-block-group alignfull has-background-background-color has-background is-layout-constrained wp-block-group-is-layout-constrained\">\n<div class=\"wp-block-group is-style-narrow is-layout-constrained wp-block-group-is-layout-constrained\">\n<h2 class=\"wp-block-heading\"><strong><strong>Comment commander ton HotelCard<\/strong><\/strong><\/h2>\n\n\n\n<p>En tant que membre de syndicom, tu peux commander la HotelCard directement via le lien partenaire ou par t\u00e9l\u00e9phone.<\/p>\n\n\n\n<p><a href=\"https:\/\/hotelcard.ch\/fr\/syndicom-profit\" target=\"_blank\" rel=\"noreferrer noopener nofollow\">hotelcard.ch\/fr\/syndicom-profit<\/a><br>T\u00e9l\u00e9phone: 0800 083 083 (code promo: syndicom-profit)<\/p>\n<\/div>\n<\/div>\n","protected":false},"excerpt":{"rendered":"<p>Dormir moins cher dans les h\u00f4tels avec l&rsquo;HotelCard &#8211; en tant que membre de syndicom, tu peux acheter l&rsquo;HotelCard \u00e0 un prix avantageux.<\/p>\n","protected":false},"author":3,"featured_media":0,"parent":45049,"menu_order":0,"comment_status":"closed","ping_status":"closed","template":"","meta":{"_acf_changed":false,"_coblocks_attr":"","_coblocks_dimensions":"","_coblocks_responsive_height":"","_coblocks_accordion_ie_support":"","inline_featured_image":false,"footnotes":""},"categories":[358],"class_list":["post-7676","page","type-page","status-publish","hentry","category-tes-avantages"],"acf":[],"yoast_head":"<!-- This site is optimized with the Yoast SEO plugin v27.3 - https:\/\/yoast.com\/product\/yoast-seo-wordpress\/ -->\n<title>HotelCard - syndicom<\/title>\n<meta name=\"description\" content=\"Dormir moins cher dans les h\u00f4tels avec l&#039;HotelCard - en tant que membre de syndicom, tu peux acheter l&#039;HotelCard \u00e0 un prix avantageux.\" \/>\n<meta name=\"robots\" content=\"noindex, nofollow\" \/>\n<meta property=\"og:locale\" content=\"fr_FR\" \/>\n<meta property=\"og:type\" content=\"article\" \/>\n<meta property=\"og:title\" content=\"HotelCard - syndicom\" \/>\n<meta property=\"og:description\" content=\"Dormir moins cher dans les h\u00f4tels avec l&#039;HotelCard - en tant que membre de syndicom, tu peux acheter l&#039;HotelCard \u00e0 un prix avantageux.\" \/>\n<meta property=\"og:url\" content=\"https:\/\/syndicom.ch\/fr\/tes-avantages\/hotelcard\/\" \/>\n<meta property=\"og:site_name\" content=\"syndicom\" \/>\n<meta property=\"article:publisher\" content=\"https:\/\/www.facebook.com\/syndicom\/\" \/>\n<meta property=\"article:modified_time\" content=\"2026-02-04T13:18:00+00:00\" \/>\n<meta name=\"twitter:card\" content=\"summary_large_image\" \/>\n<meta name=\"twitter:label1\" content=\"Dur\u00e9e de lecture estim\u00e9e\" \/>\n\t<meta name=\"twitter:data1\" content=\"2 minutes\" \/>\n<script type=\"application\/ld+json\" class=\"yoast-schema-graph\">{\"@context\":\"https:\\\/\\\/schema.org\",\"@graph\":[{\"@type\":\"WebPage\",\"@id\":\"https:\\\/\\\/syndicom.ch\\\/fr\\\/tes-avantages\\\/hotelcard\\\/\",\"url\":\"https:\\\/\\\/syndicom.ch\\\/fr\\\/tes-avantages\\\/hotelcard\\\/\",\"name\":\"HotelCard - syndicom\",\"isPartOf\":{\"@id\":\"https:\\\/\\\/syndicom.ch\\\/fr\\\/#website\"},\"datePublished\":\"2024-08-08T14:44:25+00:00\",\"dateModified\":\"2026-02-04T13:18:00+00:00\",\"description\":\"Dormir moins cher dans les h\u00f4tels avec l'HotelCard - en tant que membre de syndicom, tu peux acheter l'HotelCard \u00e0 un prix avantageux.\",\"breadcrumb\":{\"@id\":\"https:\\\/\\\/syndicom.ch\\\/fr\\\/tes-avantages\\\/hotelcard\\\/#breadcrumb\"},\"inLanguage\":\"fr-FR\",\"potentialAction\":[{\"@type\":\"ReadAction\",\"target\":[\"https:\\\/\\\/syndicom.ch\\\/fr\\\/tes-avantages\\\/hotelcard\\\/\"]}]},{\"@type\":\"BreadcrumbList\",\"@id\":\"https:\\\/\\\/syndicom.ch\\\/fr\\\/tes-avantages\\\/hotelcard\\\/#breadcrumb\",\"itemListElement\":[{\"@type\":\"ListItem\",\"position\":1,\"name\":\"Page d'accueil\",\"item\":\"https:\\\/\\\/syndicom.ch\\\/fr\\\/\"},{\"@type\":\"ListItem\",\"position\":2,\"name\":\"Tes avantages\",\"item\":\"https:\\\/\\\/syndicom.ch\\\/fr\\\/tes-avantages\\\/\"},{\"@type\":\"ListItem\",\"position\":3,\"name\":\"HotelCard\"}]},{\"@type\":\"WebSite\",\"@id\":\"https:\\\/\\\/syndicom.ch\\\/fr\\\/#website\",\"url\":\"https:\\\/\\\/syndicom.ch\\\/fr\\\/\",\"name\":\"syndicom\",\"description\":\"\",\"publisher\":{\"@id\":\"https:\\\/\\\/syndicom.ch\\\/fr\\\/#organization\"},\"potentialAction\":[{\"@type\":\"SearchAction\",\"target\":{\"@type\":\"EntryPoint\",\"urlTemplate\":\"https:\\\/\\\/syndicom.ch\\\/fr\\\/?s={search_term_string}\"},\"query-input\":{\"@type\":\"PropertyValueSpecification\",\"valueRequired\":true,\"valueName\":\"search_term_string\"}}],\"inLanguage\":\"fr-FR\"},{\"@type\":\"Organization\",\"@id\":\"https:\\\/\\\/syndicom.ch\\\/fr\\\/#organization\",\"name\":\"syndicom\",\"alternateName\":\"Gewerkschaft Medien und Kommunikation\",\"url\":\"https:\\\/\\\/syndicom.ch\\\/fr\\\/\",\"logo\":{\"@type\":\"ImageObject\",\"inLanguage\":\"fr-FR\",\"@id\":\"https:\\\/\\\/syndicom.ch\\\/fr\\\/#\\\/schema\\\/logo\\\/image\\\/\",\"url\":\"https:\\\/\\\/syndicom.ch\\\/app\\\/uploads\\\/2024\\\/06\\\/logo.svg\",\"contentUrl\":\"https:\\\/\\\/syndicom.ch\\\/app\\\/uploads\\\/2024\\\/06\\\/logo.svg\",\"width\":297,\"height\":51,\"caption\":\"syndicom\"},\"image\":{\"@id\":\"https:\\\/\\\/syndicom.ch\\\/fr\\\/#\\\/schema\\\/logo\\\/image\\\/\"},\"sameAs\":[\"https:\\\/\\\/www.facebook.com\\\/syndicom\\\/\",\"https:\\\/\\\/ch.linkedin.com\\\/company\\\/syndicom-gewerkschaft-medien-und-kommunikation\",\"https:\\\/\\\/www.instagram.com\\\/syndicom\\\/\"]}]}<\/script>\n<!-- \/ Yoast SEO plugin. -->","yoast_head_json":{"title":"HotelCard - syndicom","description":"Dormir moins cher dans les h\u00f4tels avec l'HotelCard - en tant que membre de syndicom, tu peux acheter l'HotelCard \u00e0 un prix avantageux.","robots":{"index":"noindex","follow":"nofollow"},"og_locale":"fr_FR","og_type":"article","og_title":"HotelCard - syndicom","og_description":"Dormir moins cher dans les h\u00f4tels avec l'HotelCard - en tant que membre de syndicom, tu peux acheter l'HotelCard \u00e0 un prix avantageux.","og_url":"https:\/\/syndicom.ch\/fr\/tes-avantages\/hotelcard\/","og_site_name":"syndicom","article_publisher":"https:\/\/www.facebook.com\/syndicom\/","article_modified_time":"2026-02-04T13:18:00+00:00","twitter_card":"summary_large_image","twitter_misc":{"Dur\u00e9e de lecture estim\u00e9e":"2 minutes"},"schema":{"@context":"https:\/\/schema.org","@graph":[{"@type":"WebPage","@id":"https:\/\/syndicom.ch\/fr\/tes-avantages\/hotelcard\/","url":"https:\/\/syndicom.ch\/fr\/tes-avantages\/hotelcard\/","name":"HotelCard - syndicom","isPartOf":{"@id":"https:\/\/syndicom.ch\/fr\/#website"},"datePublished":"2024-08-08T14:44:25+00:00","dateModified":"2026-02-04T13:18:00+00:00","description":"Dormir moins cher dans les h\u00f4tels avec l'HotelCard - en tant que membre de syndicom, tu peux acheter l'HotelCard \u00e0 un prix avantageux.","breadcrumb":{"@id":"https:\/\/syndicom.ch\/fr\/tes-avantages\/hotelcard\/#breadcrumb"},"inLanguage":"fr-FR","potentialAction":[{"@type":"ReadAction","target":["https:\/\/syndicom.ch\/fr\/tes-avantages\/hotelcard\/"]}]},{"@type":"BreadcrumbList","@id":"https:\/\/syndicom.ch\/fr\/tes-avantages\/hotelcard\/#breadcrumb","itemListElement":[{"@type":"ListItem","position":1,"name":"Page d'accueil","item":"https:\/\/syndicom.ch\/fr\/"},{"@type":"ListItem","position":2,"name":"Tes avantages","item":"https:\/\/syndicom.ch\/fr\/tes-avantages\/"},{"@type":"ListItem","position":3,"name":"HotelCard"}]},{"@type":"WebSite","@id":"https:\/\/syndicom.ch\/fr\/#website","url":"https:\/\/syndicom.ch\/fr\/","name":"syndicom","description":"","publisher":{"@id":"https:\/\/syndicom.ch\/fr\/#organization"},"potentialAction":[{"@type":"SearchAction","target":{"@type":"EntryPoint","urlTemplate":"https:\/\/syndicom.ch\/fr\/?s={search_term_string}"},"query-input":{"@type":"PropertyValueSpecification","valueRequired":true,"valueName":"search_term_string"}}],"inLanguage":"fr-FR"},{"@type":"Organization","@id":"https:\/\/syndicom.ch\/fr\/#organization","name":"syndicom","alternateName":"Gewerkschaft Medien und Kommunikation","url":"https:\/\/syndicom.ch\/fr\/","logo":{"@type":"ImageObject","inLanguage":"fr-FR","@id":"https:\/\/syndicom.ch\/fr\/#\/schema\/logo\/image\/","url":"https:\/\/syndicom.ch\/app\/uploads\/2024\/06\/logo.svg","contentUrl":"https:\/\/syndicom.ch\/app\/uploads\/2024\/06\/logo.svg","width":297,"height":51,"caption":"syndicom"},"image":{"@id":"https:\/\/syndicom.ch\/fr\/#\/schema\/logo\/image\/"},"sameAs":["https:\/\/www.facebook.com\/syndicom\/","https:\/\/ch.linkedin.com\/company\/syndicom-gewerkschaft-medien-und-kommunikation","https:\/\/www.instagram.com\/syndicom\/"]}]}},"_links":{"self":[{"href":"https:\/\/syndicom.ch\/fr\/wp-json\/wp\/v2\/pages\/7676","targetHints":{"allow":["GET"]}}],"collection":[{"href":"https:\/\/syndicom.ch\/fr\/wp-json\/wp\/v2\/pages"}],"about":[{"href":"https:\/\/syndicom.ch\/fr\/wp-json\/wp\/v2\/types\/page"}],"author":[{"embeddable":true,"href":"https:\/\/syndicom.ch\/fr\/wp-json\/wp\/v2\/users\/3"}],"replies":[{"embeddable":true,"href":"https:\/\/syndicom.ch\/fr\/wp-json\/wp\/v2\/comments?post=7676"}],"version-history":[{"count":24,"href":"https:\/\/syndicom.ch\/fr\/wp-json\/wp\/v2\/pages\/7676\/revisions"}],"predecessor-version":[{"id":52894,"href":"https:\/\/syndicom.ch\/fr\/wp-json\/wp\/v2\/pages\/7676\/revisions\/52894"}],"up":[{"embeddable":true,"href":"https:\/\/syndicom.ch\/fr\/wp-json\/wp\/v2\/pages\/45049"}],"wp:attachment":[{"href":"https:\/\/syndicom.ch\/fr\/wp-json\/wp\/v2\/media?parent=7676"}],"wp:term":[{"taxonomy":"category","embeddable":true,"href":"https:\/\/syndicom.ch\/fr\/wp-json\/wp\/v2\/categories?post=7676"}],"curies":[{"name":"wp","href":"https:\/\/api.w.org\/{rel}","templated":true}]}}