{"id":7708,"date":"2024-08-08T17:09:53","date_gmt":"2024-08-08T15:09:53","guid":{"rendered":"https:\/\/projects.atxeit.ch\/syndicom\/?page_id=7708"},"modified":"2026-02-04T14:17:51","modified_gmt":"2026-02-04T13:17:51","slug":"fairsicherung","status":"publish","type":"page","link":"https:\/\/syndicom.ch\/fr\/tes-avantages\/fairsicherung\/","title":{"rendered":"fairSicherung"},"content":{"rendered":"\n<div class=\"wp-block-group alignfull has-background-color has-primary-background-color has-text-color has-background has-link-color wp-elements-c8295d77bdc610eb36496c6ec09ad38e is-layout-constrained wp-block-group-is-layout-constrained\">\n<div class=\"wp-block-group is-style-narrow is-layout-constrained wp-block-group-is-layout-constrained\">\n<div class=\"wp-block-columns is-layout-flex wp-container-core-columns-is-layout-9d6595d7 wp-block-columns-is-layout-flex\">\n<div class=\"wp-block-column is-layout-flow wp-block-column-is-layout-flow\" style=\"flex-basis:70%\">\n<h1 class=\"wp-block-heading\">fairSicherung<\/h1>\n\n\n\n<p class=\"is-style-lead\">Premier conseil \u00e0 tarif r\u00e9duit sur les questions d&rsquo;assurance et de pr\u00e9voyance<\/p>\n<\/div>\n<\/div>\n<\/div>\n<\/div>\n\n\n\n<div class=\"wp-block-group alignfull has-background-background-color has-background is-layout-constrained wp-block-group-is-layout-constrained\">\n<div class=\"wp-block-group is-style-narrow is-layout-constrained wp-block-group-is-layout-constrained\">\n<p><strong>conseil ind\u00e9pendant en mati\u00e8re d&rsquo;assurance et de pr\u00e9voyance<\/strong><\/p>\n\n\n\n<h2 class=\"wp-block-heading\"><strong>Tes avantages<\/strong><\/h2>\n\n\n\n<p>En tant que membre de syndicom, tu b\u00e9n\u00e9ficies d&rsquo;une consultation initiale \u00e0 tarif r\u00e9duit pour les conseils en assurance et pr\u00e9voyance. Au lieu de CHF 380 (pour 2h), seuls CHF 300 te seront factur\u00e9s.<\/p>\n\n\n\n<h2 class=\"wp-block-heading\"><strong>Offre de fairSicherung<\/strong><\/h2>\n\n\n\n<div class=\"wp-block-group is-style-narrow is-layout-constrained wp-block-group-is-layout-constrained\">\n<div class=\"wp-block-columns is-style-accordion has-background-background-color has-background is-layout-flex wp-container-core-columns-is-layout-9d6595d7 wp-block-columns-is-layout-flex\">\n<div class=\"wp-block-column has-background-background-color has-background is-layout-flow wp-block-column-is-layout-flow\">\n<h3 class=\"wp-block-heading has-primary-color has-text-color has-link-color wp-elements-70bab2e9cd54926956b7730907b38838\">pour des particuliers<\/h3>\n<\/div>\n\n\n\n<div class=\"wp-block-column is-layout-flow wp-block-column-is-layout-flow\">\n<p><strong>Conseil en pr\u00e9voyance<\/strong> Ta vie peut changer. Nous veillons avec toi \u00e0 ce que tes assurances s\u2019adaptent \u00e0 ta phase de vie actuelle.<\/p>\n\n\n\n<p><strong>Analyse de la pr\u00e9voyance<\/strong> Il est souvent d\u00e9j\u00e0 trop tard quand on pense \u00e0 sa pr\u00e9voyance. Il est judicieux de r\u00e9fl\u00e9chir r\u00e9guli\u00e8rement \u00e0 sa situation. Nous analysons avec toi ta pr\u00e9voyance actuelle pour que tu puisses envisager l&rsquo;avenir avec s\u00e9r\u00e9nit\u00e9.<\/p>\n\n\n\n<p><em>Une analyse de pr\u00e9voyance \u00e9crite incluant un entretien de conseil co\u00fbte 600 francs pour une personne ou 900 francs pour un couple.<\/em><\/p>\n\n\n\n<p><strong>Planification de la retraite<\/strong> La retraite marque le d\u00e9but d&rsquo;une nouvelle \u00e9tape de ta vie. Cela n\u00e9cessite une pr\u00e9paration s\u00e9rieuse.<\/p>\n\n\n\n<p><em>Une planification de la retraite incluant deux entretiens de conseil et l\u2019analyse de la situation co\u00fbte 1200 francs pour une personne et 1600\u00a0francs pour un couple.<\/em><\/p>\n<\/div>\n<\/div>\n\n\n\n<div class=\"wp-block-columns is-style-accordion has-background-background-color has-background is-layout-flex wp-container-core-columns-is-layout-9d6595d7 wp-block-columns-is-layout-flex\">\n<div class=\"wp-block-column has-background-background-color has-background is-layout-flow wp-block-column-is-layout-flow\">\n<h3 class=\"wp-block-heading has-primary-color has-text-color has-link-color wp-elements-15ebb5916fe4a604bffbf241805c845b\">pour des PME et ind\u00e9pendants<\/h3>\n<\/div>\n\n\n\n<div class=\"wp-block-column is-layout-flow wp-block-column-is-layout-flow\">\n<p>Tu es ind\u00e9pendant ou envisages de le devenir ? Tu diriges une PME ou une organisation sociale et n\u2019es pas s\u00fbr des assurances dont tu as vraiment besoin ?<\/p>\n\n\n\n<p>Quels que soient les sujets qui te pr\u00e9occupent, nous t\u2019aidons pour tout ce qui concerne tes assurances. L&rsquo;accent est toujours mis sur l&rsquo;exhaustivit\u00e9, l&rsquo;exactitude et l&rsquo;ad\u00e9quation de ton portefeuille.<\/p>\n\n\n\n<p>Si la collaboration d\u00e9bouche sur un mandat, les honoraires horaires sont d\u00e9duits des courtages.<\/p>\n<\/div>\n<\/div>\n<\/div>\n\n\n\n<p class=\"has-text-align-center has-tertiary-background-color has-background\"><a href=\"https:\/\/fairsicherung.ch\/fr\/\" target=\"_blank\" rel=\"noreferrer noopener\">fairsicherung.ch<\/a><\/p>\n\n\n\n<h2 class=\"wp-block-heading\">Contact fairSicherung<\/h2>\n\n\n\n<p>Pour une discussion sans engagement de l&rsquo;offre:<\/p>\n\n\n\n<ul class=\"wp-block-list\">\n<li>T\u00e9l\u00e9phone: <a href=\"tel:+41 31 378 10 10\">+41 31 378 10 10<\/a><\/li>\n\n\n\n<li><span style=\"font-size: revert; color: var(--wp--preset--color--foreground); font-family: var(--wp--preset--font-family--default);\"><a href=\"mailto:&#102;&#97;&#105;&#114;&#64;&#102;&#97;&#105;&#114;&#115;&#105;&#99;&#104;&#101;&#114;&#117;&#110;&#103;&#46;&#99;&#104;\">&#102;&#97;&#105;&#114;&#64;&#102;&#97;&#105;&#114;&#115;&#105;&#99;&#104;&#101;&#114;&#117;&#110;&#103;&#46;&#99;&#104;<\/a><\/span><\/li>\n<\/ul>\n<\/div>\n<\/div>\n\n\n\n<div class=\"wp-block-group alignfull is-style-default has-background-color has-primary-background-color has-text-color has-background has-link-color wp-elements-6e4eb64d055b811d2f95f400bd9db66c is-layout-constrained wp-block-group-is-layout-constrained\">\n<div class=\"wp-block-media-text is-style-default\" style=\"grid-template-columns:26% auto\"><figure class=\"wp-block-media-text__media\"><a href=\"https:\/\/my.syndicom.ch\/adhesion\" target=\"_blank\" rel=\" noreferrer noopener\"><img loading=\"lazy\" decoding=\"async\" width=\"1024\" height=\"964\" src=\"https:\/\/syndicom.ch\/app\/uploads\/2025\/02\/vorteile-1024x964-2.webp\" alt=\"\" class=\"wp-image-27435 size-full\" srcset=\"https:\/\/syndicom.ch\/app\/uploads\/2025\/02\/vorteile-1024x964-2.webp 1024w, https:\/\/syndicom.ch\/app\/uploads\/2025\/02\/vorteile-1024x964-2-300x282.webp 300w, https:\/\/syndicom.ch\/app\/uploads\/2025\/02\/vorteile-1024x964-2-768x723.webp 768w\" sizes=\"auto, (max-width: 1024px) 100vw, 1024px\" \/><\/a><\/figure><div class=\"wp-block-media-text__content\">\n<h2 class=\"wp-block-heading\"><strong>Comme membre de syndicom, tu profites d\u2019avantages<\/strong><\/h2>\n\n\n\n<p>Tu renforces notre syndicat et donc aussi ta position professionnelle. Ainsi, tu b\u00e9n\u00e9ficies d\u2019une protection, d\u2019un soutien et de rabais attrayants.<\/p>\n\n\n\n<p><\/p>\n\n\n\n<p><\/p>\n<\/div><\/div>\n\n\n\n<div class=\"wp-block-buttons is-content-justification-center is-layout-flex wp-container-core-buttons-is-layout-16018d1d wp-block-buttons-is-layout-flex\">\n<div class=\"wp-block-button is-style-syn-member-cta\"><a class=\"wp-block-button__link wp-element-button\" href=\"https:\/\/my.syndicom.ch\/adhesion\" target=\"_blank\" rel=\"noreferrer noopener\">Deviens membre<\/a><\/div>\n\n\n\n<div class=\"wp-block-button is-style-outline is-style-outline--1\"><a class=\"wp-block-button__link has-background-color has-text-color has-link-color wp-element-button\" href=\"https:\/\/syndicom.ch\/fr\/faq-affiliation\/\" target=\"_blank\" rel=\"noreferrer noopener\">Avantages et infos sur l&rsquo;adh\u00e9sion<\/a><\/div>\n<\/div>\n<\/div>\n","protected":false},"excerpt":{"rendered":"<p>conseil ind\u00e9pendant en mati\u00e8re d&rsquo;assurance et de pr\u00e9voyance Tes avantages En tant que membre de syndicom, tu b\u00e9n\u00e9ficies d&rsquo;une consultation initiale \u00e0 tarif r\u00e9duit pour les conseils en assurance et pr\u00e9voyance. Au lieu de CHF 380 (pour 2h), seuls CHF 300 te seront factur\u00e9s. Offre de fairSicherung pour des particuliers Conseil en pr\u00e9voyance Ta vie [&hellip;]<\/p>\n","protected":false},"author":3,"featured_media":0,"parent":45049,"menu_order":0,"comment_status":"closed","ping_status":"closed","template":"","meta":{"_acf_changed":false,"inline_featured_image":false,"_coblocks_attr":"","_coblocks_dimensions":"","_coblocks_responsive_height":"","_coblocks_accordion_ie_support":"","footnotes":""},"categories":[358],"class_list":["post-7708","page","type-page","status-publish","hentry","category-tes-avantages"],"acf":[],"yoast_head":"<!-- This site is optimized with the Yoast SEO plugin v27.3 - https:\/\/yoast.com\/product\/yoast-seo-wordpress\/ -->\n<title>fairSicherung - syndicom<\/title>\n<meta name=\"description\" content=\"En tant que membre de syndicom, tu profites d&#039;un premier conseil en assurance et pr\u00e9voyance \u00e0 prix r\u00e9duit aupr\u00e8s de fairsicherung.\" \/>\n<meta name=\"robots\" content=\"index, follow, max-snippet:-1, max-image-preview:large, max-video-preview:-1\" \/>\n<link rel=\"canonical\" href=\"https:\/\/syndicom.ch\/fr\/tes-avantages\/fairsicherung\/\" \/>\n<meta property=\"og:locale\" content=\"fr_FR\" \/>\n<meta property=\"og:type\" content=\"article\" \/>\n<meta property=\"og:title\" content=\"fairSicherung - syndicom\" \/>\n<meta property=\"og:description\" content=\"En tant que membre de syndicom, tu profites d&#039;un premier conseil en assurance et pr\u00e9voyance \u00e0 prix r\u00e9duit aupr\u00e8s de fairsicherung.\" \/>\n<meta property=\"og:url\" content=\"https:\/\/syndicom.ch\/fr\/tes-avantages\/fairsicherung\/\" \/>\n<meta property=\"og:site_name\" content=\"syndicom\" \/>\n<meta property=\"article:modified_time\" content=\"2026-02-04T13:17:51+00:00\" \/>\n<meta name=\"twitter:card\" content=\"summary_large_image\" \/>\n<meta name=\"twitter:label1\" content=\"Dur\u00e9e de lecture estim\u00e9e\" \/>\n\t<meta name=\"twitter:data1\" content=\"2 minutes\" \/>\n<script type=\"application\/ld+json\" class=\"yoast-schema-graph\">{\"@context\":\"https:\\\/\\\/schema.org\",\"@graph\":[{\"@type\":\"WebPage\",\"@id\":\"https:\\\/\\\/syndicom.ch\\\/fr\\\/tes-avantages\\\/fairsicherung\\\/\",\"url\":\"https:\\\/\\\/syndicom.ch\\\/fr\\\/tes-avantages\\\/fairsicherung\\\/\",\"name\":\"fairSicherung - syndicom\",\"isPartOf\":{\"@id\":\"https:\\\/\\\/syndicom.ch\\\/fr\\\/#website\"},\"datePublished\":\"2024-08-08T15:09:53+00:00\",\"dateModified\":\"2026-02-04T13:17:51+00:00\",\"description\":\"En tant que membre de syndicom, tu profites d'un premier conseil en assurance et pr\u00e9voyance \u00e0 prix r\u00e9duit aupr\u00e8s de fairsicherung.\",\"breadcrumb\":{\"@id\":\"https:\\\/\\\/syndicom.ch\\\/fr\\\/tes-avantages\\\/fairsicherung\\\/#breadcrumb\"},\"inLanguage\":\"fr-FR\",\"potentialAction\":[{\"@type\":\"ReadAction\",\"target\":[\"https:\\\/\\\/syndicom.ch\\\/fr\\\/tes-avantages\\\/fairsicherung\\\/\"]}]},{\"@type\":\"BreadcrumbList\",\"@id\":\"https:\\\/\\\/syndicom.ch\\\/fr\\\/tes-avantages\\\/fairsicherung\\\/#breadcrumb\",\"itemListElement\":[{\"@type\":\"ListItem\",\"position\":1,\"name\":\"Page d'accueil\",\"item\":\"https:\\\/\\\/syndicom.ch\\\/fr\\\/\"},{\"@type\":\"ListItem\",\"position\":2,\"name\":\"Tes avantages\",\"item\":\"https:\\\/\\\/syndicom.ch\\\/fr\\\/tes-avantages\\\/\"},{\"@type\":\"ListItem\",\"position\":3,\"name\":\"fairSicherung\"}]},{\"@type\":\"WebSite\",\"@id\":\"https:\\\/\\\/syndicom.ch\\\/fr\\\/#website\",\"url\":\"https:\\\/\\\/syndicom.ch\\\/fr\\\/\",\"name\":\"syndicom\",\"description\":\"\",\"publisher\":{\"@id\":\"https:\\\/\\\/syndicom.ch\\\/fr\\\/#organization\"},\"potentialAction\":[{\"@type\":\"SearchAction\",\"target\":{\"@type\":\"EntryPoint\",\"urlTemplate\":\"https:\\\/\\\/syndicom.ch\\\/fr\\\/?s={search_term_string}\"},\"query-input\":{\"@type\":\"PropertyValueSpecification\",\"valueRequired\":true,\"valueName\":\"search_term_string\"}}],\"inLanguage\":\"fr-FR\"},{\"@type\":\"Organization\",\"@id\":\"https:\\\/\\\/syndicom.ch\\\/fr\\\/#organization\",\"name\":\"syndicom\",\"url\":\"https:\\\/\\\/syndicom.ch\\\/fr\\\/\",\"logo\":{\"@type\":\"ImageObject\",\"inLanguage\":\"fr-FR\",\"@id\":\"https:\\\/\\\/syndicom.ch\\\/fr\\\/#\\\/schema\\\/logo\\\/image\\\/\",\"url\":\"https:\\\/\\\/syndicom.ch\\\/app\\\/uploads\\\/2024\\\/06\\\/logo.svg\",\"contentUrl\":\"https:\\\/\\\/syndicom.ch\\\/app\\\/uploads\\\/2024\\\/06\\\/logo.svg\",\"width\":297,\"height\":51,\"caption\":\"syndicom\"},\"image\":{\"@id\":\"https:\\\/\\\/syndicom.ch\\\/fr\\\/#\\\/schema\\\/logo\\\/image\\\/\"}}]}<\/script>\n<!-- \/ Yoast SEO plugin. -->","yoast_head_json":{"title":"fairSicherung - syndicom","description":"En tant que membre de syndicom, tu profites d'un premier conseil en assurance et pr\u00e9voyance \u00e0 prix r\u00e9duit aupr\u00e8s de fairsicherung.","robots":{"index":"index","follow":"follow","max-snippet":"max-snippet:-1","max-image-preview":"max-image-preview:large","max-video-preview":"max-video-preview:-1"},"canonical":"https:\/\/syndicom.ch\/fr\/tes-avantages\/fairsicherung\/","og_locale":"fr_FR","og_type":"article","og_title":"fairSicherung - syndicom","og_description":"En tant que membre de syndicom, tu profites d'un premier conseil en assurance et pr\u00e9voyance \u00e0 prix r\u00e9duit aupr\u00e8s de fairsicherung.","og_url":"https:\/\/syndicom.ch\/fr\/tes-avantages\/fairsicherung\/","og_site_name":"syndicom","article_modified_time":"2026-02-04T13:17:51+00:00","twitter_card":"summary_large_image","twitter_misc":{"Dur\u00e9e de lecture estim\u00e9e":"2 minutes"},"schema":{"@context":"https:\/\/schema.org","@graph":[{"@type":"WebPage","@id":"https:\/\/syndicom.ch\/fr\/tes-avantages\/fairsicherung\/","url":"https:\/\/syndicom.ch\/fr\/tes-avantages\/fairsicherung\/","name":"fairSicherung - syndicom","isPartOf":{"@id":"https:\/\/syndicom.ch\/fr\/#website"},"datePublished":"2024-08-08T15:09:53+00:00","dateModified":"2026-02-04T13:17:51+00:00","description":"En tant que membre de syndicom, tu profites d'un premier conseil en assurance et pr\u00e9voyance \u00e0 prix r\u00e9duit aupr\u00e8s de fairsicherung.","breadcrumb":{"@id":"https:\/\/syndicom.ch\/fr\/tes-avantages\/fairsicherung\/#breadcrumb"},"inLanguage":"fr-FR","potentialAction":[{"@type":"ReadAction","target":["https:\/\/syndicom.ch\/fr\/tes-avantages\/fairsicherung\/"]}]},{"@type":"BreadcrumbList","@id":"https:\/\/syndicom.ch\/fr\/tes-avantages\/fairsicherung\/#breadcrumb","itemListElement":[{"@type":"ListItem","position":1,"name":"Page d'accueil","item":"https:\/\/syndicom.ch\/fr\/"},{"@type":"ListItem","position":2,"name":"Tes avantages","item":"https:\/\/syndicom.ch\/fr\/tes-avantages\/"},{"@type":"ListItem","position":3,"name":"fairSicherung"}]},{"@type":"WebSite","@id":"https:\/\/syndicom.ch\/fr\/#website","url":"https:\/\/syndicom.ch\/fr\/","name":"syndicom","description":"","publisher":{"@id":"https:\/\/syndicom.ch\/fr\/#organization"},"potentialAction":[{"@type":"SearchAction","target":{"@type":"EntryPoint","urlTemplate":"https:\/\/syndicom.ch\/fr\/?s={search_term_string}"},"query-input":{"@type":"PropertyValueSpecification","valueRequired":true,"valueName":"search_term_string"}}],"inLanguage":"fr-FR"},{"@type":"Organization","@id":"https:\/\/syndicom.ch\/fr\/#organization","name":"syndicom","url":"https:\/\/syndicom.ch\/fr\/","logo":{"@type":"ImageObject","inLanguage":"fr-FR","@id":"https:\/\/syndicom.ch\/fr\/#\/schema\/logo\/image\/","url":"https:\/\/syndicom.ch\/app\/uploads\/2024\/06\/logo.svg","contentUrl":"https:\/\/syndicom.ch\/app\/uploads\/2024\/06\/logo.svg","width":297,"height":51,"caption":"syndicom"},"image":{"@id":"https:\/\/syndicom.ch\/fr\/#\/schema\/logo\/image\/"}}]}},"_links":{"self":[{"href":"https:\/\/syndicom.ch\/fr\/wp-json\/wp\/v2\/pages\/7708","targetHints":{"allow":["GET"]}}],"collection":[{"href":"https:\/\/syndicom.ch\/fr\/wp-json\/wp\/v2\/pages"}],"about":[{"href":"https:\/\/syndicom.ch\/fr\/wp-json\/wp\/v2\/types\/page"}],"author":[{"embeddable":true,"href":"https:\/\/syndicom.ch\/fr\/wp-json\/wp\/v2\/users\/3"}],"replies":[{"embeddable":true,"href":"https:\/\/syndicom.ch\/fr\/wp-json\/wp\/v2\/comments?post=7708"}],"version-history":[{"count":8,"href":"https:\/\/syndicom.ch\/fr\/wp-json\/wp\/v2\/pages\/7708\/revisions"}],"predecessor-version":[{"id":16963,"href":"https:\/\/syndicom.ch\/fr\/wp-json\/wp\/v2\/pages\/7708\/revisions\/16963"}],"up":[{"embeddable":true,"href":"https:\/\/syndicom.ch\/fr\/wp-json\/wp\/v2\/pages\/45049"}],"wp:attachment":[{"href":"https:\/\/syndicom.ch\/fr\/wp-json\/wp\/v2\/media?parent=7708"}],"wp:term":[{"taxonomy":"category","embeddable":true,"href":"https:\/\/syndicom.ch\/fr\/wp-json\/wp\/v2\/categories?post=7708"}],"curies":[{"name":"wp","href":"https:\/\/api.w.org\/{rel}","templated":true}]}}