{"id":7726,"date":"2024-08-09T10:27:35","date_gmt":"2024-08-09T08:27:35","guid":{"rendered":"https:\/\/projects.atxeit.ch\/syndicom\/?page_id=7726"},"modified":"2026-02-04T14:17:45","modified_gmt":"2026-02-04T13:17:45","slug":"fairline","status":"publish","type":"page","link":"https:\/\/syndicom.ch\/fr\/tes-avantages\/fairline\/","title":{"rendered":"fairline"},"content":{"rendered":"\n<div class=\"wp-block-group alignfull has-background-color has-primary-background-color has-text-color has-background has-link-color wp-elements-c8295d77bdc610eb36496c6ec09ad38e is-layout-constrained wp-block-group-is-layout-constrained\">\n<div class=\"wp-block-group is-style-narrow is-layout-constrained wp-block-group-is-layout-constrained\">\n<div class=\"wp-block-columns is-layout-flex wp-container-core-columns-is-layout-9d6595d7 wp-block-columns-is-layout-flex\">\n<div class=\"wp-block-column is-layout-flow wp-block-column-is-layout-flow\" style=\"flex-basis:70%\">\n<h1 class=\"wp-block-heading\">fairline<\/h1>\n\n\n\n<p class=\"is-style-lead\">produits d&rsquo;assurance \u00e0 la fois durables et avantageux pour les ind\u00e9pendants<\/p>\n<\/div>\n<\/div>\n<\/div>\n<\/div>\n\n\n\n<div class=\"wp-block-group alignfull has-background-background-color has-background is-layout-constrained wp-block-group-is-layout-constrained\">\n<div class=\"wp-block-group is-style-narrow is-layout-constrained wp-block-group-is-layout-constrained\">\n<h2 class=\"wp-block-heading\"><strong>Tes avantages<\/strong><\/h2>\n\n\n\n<p>Pour tous les membres ind\u00e9pendants, syndicom propose, en coop\u00e9ration avec la soci\u00e9t\u00e9 fairsicherungsberatung ag et sa ligne de produits \u00ab fairline \u00bb, un contrat collectif pour l&rsquo;assurance d&rsquo;indemnit\u00e9s journali\u00e8res en cas de maladie et d&rsquo;accident. En tant que membre de syndicom, tu b\u00e9n\u00e9ficies de contrats-cadres exclusifs.<\/p>\n\n\n\n<h2 class=\"wp-block-heading\"><strong><strong>Assurance d&rsquo;indemnit\u00e9s journali\u00e8res en cas de maladie et d&rsquo;accident<\/strong><\/strong><\/h2>\n\n\n\n<p>Les intermittents et les ind\u00e9pendants sont souvent confront\u00e9s \u00e0 un d\u00e9fi de taille en cas de maladie ou d&rsquo;accident : contrairement aux employ\u00e9s fixes, ils ne b\u00e9n\u00e9ficient g\u00e9n\u00e9ralement pas d&rsquo;une assurance pour couvrir la perte de revenus. En cas d&rsquo;incapacit\u00e9 de travail prolong\u00e9e, il en r\u00e9sulte une lacune de revenu qui peut durer jusqu&rsquo;\u00e0 deux ans, jusqu&rsquo;\u00e0 ce que les prestations du premier et du deuxi\u00e8me pilier interviennent.<\/p>\n\n\n\n<p>Pour te pr\u00e9munir contre ce risque, tu peux souscrire \u00e0 une assurance indemnit\u00e9s journali\u00e8res. Celle-ci t&rsquo;offre une somme salariale fixe convenue, qui te sera vers\u00e9e en cas de maladie ou d&rsquo;accident.<\/p>\n\n\n\n<p>D\u00e9couvre cette solution d&rsquo;assurance sur mesure et bien d&rsquo;autres sur notre site Internet:<\/p>\n\n\n\n<p class=\"has-text-align-center has-tertiary-background-color has-background\"><a href=\"https:\/\/versicherungen-fairline.ch\/fr\/angebot\/syndicom\/\" target=\"_blank\" rel=\"noreferrer noopener nofollow\">fairline.ch<\/a><\/p>\n\n\n\n<h2 class=\"wp-block-heading\">Contact<\/h2>\n\n\n\n<ul class=\"wp-block-list\">\n<li>T\u00e9l\u00e9phone: <a href=\"tel:+41 31 378 10 10\">+41 31 378 10 10<\/a><\/li>\n\n\n\n<li><span style=\"font-size: revert; color: var(--wp--preset--color--foreground); font-family: var(--wp--preset--font-family--default);\"><a href=\"mailto:&#102;&#97;&#105;&#114;&#64;&#102;&#97;&#105;&#114;&#115;&#105;&#99;&#104;&#101;&#114;&#117;&#110;&#103;&#46;&#99;&#104;\">&#102;&#97;&#105;&#114;&#64;&#102;&#97;&#105;&#114;&#115;&#105;&#99;&#104;&#101;&#114;&#117;&#110;&#103;&#46;&#99;&#104;<\/a><\/span><\/li>\n\n\n\n<li>En ligne: <a href=\"https:\/\/versicherungen-fairline.ch\/fr\/demande-dassurance-dindemnites-journalieres-de-maladie-et-daccident-fairline\/\" target=\"_blank\" rel=\"noreferrer noopener nofollow\">Calculer la prime ou souscrire une assurance<\/a><\/li>\n<\/ul>\n<\/div>\n<\/div>\n\n\n\n<div class=\"wp-block-group alignfull is-style-default has-background-color has-primary-background-color has-text-color has-background has-link-color wp-elements-6e4eb64d055b811d2f95f400bd9db66c is-layout-constrained wp-block-group-is-layout-constrained\">\n<div class=\"wp-block-media-text is-style-default\" style=\"grid-template-columns:26% auto\"><figure class=\"wp-block-media-text__media\"><a href=\"https:\/\/my.syndicom.ch\/adhesion\" target=\"_blank\" rel=\" noreferrer noopener\"><img loading=\"lazy\" decoding=\"async\" width=\"1024\" height=\"964\" src=\"https:\/\/syndicom.ch\/app\/uploads\/2025\/02\/vorteile-1024x964-2.webp\" alt=\"\" class=\"wp-image-27435 size-full\" srcset=\"https:\/\/syndicom.ch\/app\/uploads\/2025\/02\/vorteile-1024x964-2.webp 1024w, https:\/\/syndicom.ch\/app\/uploads\/2025\/02\/vorteile-1024x964-2-300x282.webp 300w, https:\/\/syndicom.ch\/app\/uploads\/2025\/02\/vorteile-1024x964-2-768x723.webp 768w\" sizes=\"auto, (max-width: 1024px) 100vw, 1024px\" \/><\/a><\/figure><div class=\"wp-block-media-text__content\">\n<h2 class=\"wp-block-heading\"><strong>Comme membre de syndicom, tu profites d\u2019avantages<\/strong><\/h2>\n\n\n\n<p>Tu renforces notre syndicat et donc aussi ta position professionnelle. Ainsi, tu b\u00e9n\u00e9ficies d\u2019une protection, d\u2019un soutien et de rabais attrayants.<\/p>\n\n\n\n<p><\/p>\n\n\n\n<p><\/p>\n<\/div><\/div>\n\n\n\n<div class=\"wp-block-buttons is-content-justification-center is-layout-flex wp-container-core-buttons-is-layout-16018d1d wp-block-buttons-is-layout-flex\">\n<div class=\"wp-block-button is-style-syn-member-cta\"><a class=\"wp-block-button__link wp-element-button\" href=\"https:\/\/my.syndicom.ch\/adhesion\" target=\"_blank\" rel=\"noreferrer noopener\">Deviens membre<\/a><\/div>\n\n\n\n<div class=\"wp-block-button is-style-outline is-style-outline--1\"><a class=\"wp-block-button__link has-background-color has-text-color has-link-color wp-element-button\" href=\"https:\/\/syndicom.ch\/fr\/faq-affiliation\/\" target=\"_blank\" rel=\"noreferrer noopener\">Avantages et infos sur l&rsquo;adh\u00e9sion<\/a><\/div>\n<\/div>\n<\/div>\n","protected":false},"excerpt":{"rendered":"<p>Tes avantages Pour tous les membres ind\u00e9pendants, syndicom propose, en coop\u00e9ration avec la soci\u00e9t\u00e9 fairsicherungsberatung ag et sa ligne de produits \u00ab fairline \u00bb, un contrat collectif pour l&rsquo;assurance d&rsquo;indemnit\u00e9s journali\u00e8res en cas de maladie et d&rsquo;accident. En tant que membre de syndicom, tu b\u00e9n\u00e9ficies de contrats-cadres exclusifs. Assurance d&rsquo;indemnit\u00e9s journali\u00e8res en cas de maladie [&hellip;]<\/p>\n","protected":false},"author":3,"featured_media":0,"parent":45049,"menu_order":0,"comment_status":"closed","ping_status":"closed","template":"","meta":{"_acf_changed":false,"_coblocks_attr":"","_coblocks_dimensions":"","_coblocks_responsive_height":"","_coblocks_accordion_ie_support":"","inline_featured_image":false,"footnotes":""},"categories":[358],"class_list":["post-7726","page","type-page","status-publish","hentry","category-tes-avantages"],"acf":[],"yoast_head":"<!-- This site is optimized with the Yoast SEO plugin v27.3 - https:\/\/yoast.com\/product\/yoast-seo-wordpress\/ -->\n<title>fairline - syndicom<\/title>\n<meta name=\"description\" content=\"Assurance n cas de maladie et d&#039;accident pour des ind\u00e9pendants \u2013 comme membre de syndicom, tu profites des contrats-cadres avec fairline.\" \/>\n<meta name=\"robots\" content=\"index, follow, max-snippet:-1, max-image-preview:large, max-video-preview:-1\" \/>\n<link rel=\"canonical\" href=\"https:\/\/syndicom.ch\/fr\/tes-avantages\/fairline\/\" \/>\n<meta property=\"og:locale\" content=\"fr_FR\" \/>\n<meta property=\"og:type\" content=\"article\" \/>\n<meta property=\"og:title\" content=\"fairline - syndicom\" \/>\n<meta property=\"og:description\" content=\"Assurance n cas de maladie et d&#039;accident pour des ind\u00e9pendants \u2013 comme membre de syndicom, tu profites des contrats-cadres avec fairline.\" \/>\n<meta property=\"og:url\" content=\"https:\/\/syndicom.ch\/fr\/tes-avantages\/fairline\/\" \/>\n<meta property=\"og:site_name\" content=\"syndicom\" \/>\n<meta property=\"article:publisher\" content=\"https:\/\/www.facebook.com\/syndicom\/\" \/>\n<meta property=\"article:modified_time\" content=\"2026-02-04T13:17:45+00:00\" \/>\n<meta name=\"twitter:card\" content=\"summary_large_image\" \/>\n<meta name=\"twitter:label1\" content=\"Dur\u00e9e de lecture estim\u00e9e\" \/>\n\t<meta name=\"twitter:data1\" content=\"2 minutes\" \/>\n<script type=\"application\/ld+json\" class=\"yoast-schema-graph\">{\"@context\":\"https:\\\/\\\/schema.org\",\"@graph\":[{\"@type\":\"WebPage\",\"@id\":\"https:\\\/\\\/syndicom.ch\\\/fr\\\/tes-avantages\\\/fairline\\\/\",\"url\":\"https:\\\/\\\/syndicom.ch\\\/fr\\\/tes-avantages\\\/fairline\\\/\",\"name\":\"fairline - syndicom\",\"isPartOf\":{\"@id\":\"https:\\\/\\\/syndicom.ch\\\/fr\\\/#website\"},\"datePublished\":\"2024-08-09T08:27:35+00:00\",\"dateModified\":\"2026-02-04T13:17:45+00:00\",\"description\":\"Assurance n cas de maladie et d'accident pour des ind\u00e9pendants \u2013 comme membre de syndicom, tu profites des contrats-cadres avec fairline.\",\"breadcrumb\":{\"@id\":\"https:\\\/\\\/syndicom.ch\\\/fr\\\/tes-avantages\\\/fairline\\\/#breadcrumb\"},\"inLanguage\":\"fr-FR\",\"potentialAction\":[{\"@type\":\"ReadAction\",\"target\":[\"https:\\\/\\\/syndicom.ch\\\/fr\\\/tes-avantages\\\/fairline\\\/\"]}]},{\"@type\":\"BreadcrumbList\",\"@id\":\"https:\\\/\\\/syndicom.ch\\\/fr\\\/tes-avantages\\\/fairline\\\/#breadcrumb\",\"itemListElement\":[{\"@type\":\"ListItem\",\"position\":1,\"name\":\"Page d'accueil\",\"item\":\"https:\\\/\\\/syndicom.ch\\\/fr\\\/\"},{\"@type\":\"ListItem\",\"position\":2,\"name\":\"Tes avantages\",\"item\":\"https:\\\/\\\/syndicom.ch\\\/fr\\\/tes-avantages\\\/\"},{\"@type\":\"ListItem\",\"position\":3,\"name\":\"fairline\"}]},{\"@type\":\"WebSite\",\"@id\":\"https:\\\/\\\/syndicom.ch\\\/fr\\\/#website\",\"url\":\"https:\\\/\\\/syndicom.ch\\\/fr\\\/\",\"name\":\"syndicom\",\"description\":\"\",\"publisher\":{\"@id\":\"https:\\\/\\\/syndicom.ch\\\/fr\\\/#organization\"},\"potentialAction\":[{\"@type\":\"SearchAction\",\"target\":{\"@type\":\"EntryPoint\",\"urlTemplate\":\"https:\\\/\\\/syndicom.ch\\\/fr\\\/?s={search_term_string}\"},\"query-input\":{\"@type\":\"PropertyValueSpecification\",\"valueRequired\":true,\"valueName\":\"search_term_string\"}}],\"inLanguage\":\"fr-FR\"},{\"@type\":\"Organization\",\"@id\":\"https:\\\/\\\/syndicom.ch\\\/fr\\\/#organization\",\"name\":\"syndicom\",\"alternateName\":\"Gewerkschaft Medien und Kommunikation\",\"url\":\"https:\\\/\\\/syndicom.ch\\\/fr\\\/\",\"logo\":{\"@type\":\"ImageObject\",\"inLanguage\":\"fr-FR\",\"@id\":\"https:\\\/\\\/syndicom.ch\\\/fr\\\/#\\\/schema\\\/logo\\\/image\\\/\",\"url\":\"https:\\\/\\\/syndicom.ch\\\/app\\\/uploads\\\/2024\\\/06\\\/logo.svg\",\"contentUrl\":\"https:\\\/\\\/syndicom.ch\\\/app\\\/uploads\\\/2024\\\/06\\\/logo.svg\",\"width\":297,\"height\":51,\"caption\":\"syndicom\"},\"image\":{\"@id\":\"https:\\\/\\\/syndicom.ch\\\/fr\\\/#\\\/schema\\\/logo\\\/image\\\/\"},\"sameAs\":[\"https:\\\/\\\/www.facebook.com\\\/syndicom\\\/\",\"https:\\\/\\\/ch.linkedin.com\\\/company\\\/syndicom-gewerkschaft-medien-und-kommunikation\",\"https:\\\/\\\/www.instagram.com\\\/syndicom\\\/\"]}]}<\/script>\n<!-- \/ Yoast SEO plugin. -->","yoast_head_json":{"title":"fairline - syndicom","description":"Assurance n cas de maladie et d'accident pour des ind\u00e9pendants \u2013 comme membre de syndicom, tu profites des contrats-cadres avec fairline.","robots":{"index":"index","follow":"follow","max-snippet":"max-snippet:-1","max-image-preview":"max-image-preview:large","max-video-preview":"max-video-preview:-1"},"canonical":"https:\/\/syndicom.ch\/fr\/tes-avantages\/fairline\/","og_locale":"fr_FR","og_type":"article","og_title":"fairline - syndicom","og_description":"Assurance n cas de maladie et d'accident pour des ind\u00e9pendants \u2013 comme membre de syndicom, tu profites des contrats-cadres avec fairline.","og_url":"https:\/\/syndicom.ch\/fr\/tes-avantages\/fairline\/","og_site_name":"syndicom","article_publisher":"https:\/\/www.facebook.com\/syndicom\/","article_modified_time":"2026-02-04T13:17:45+00:00","twitter_card":"summary_large_image","twitter_misc":{"Dur\u00e9e de lecture estim\u00e9e":"2 minutes"},"schema":{"@context":"https:\/\/schema.org","@graph":[{"@type":"WebPage","@id":"https:\/\/syndicom.ch\/fr\/tes-avantages\/fairline\/","url":"https:\/\/syndicom.ch\/fr\/tes-avantages\/fairline\/","name":"fairline - syndicom","isPartOf":{"@id":"https:\/\/syndicom.ch\/fr\/#website"},"datePublished":"2024-08-09T08:27:35+00:00","dateModified":"2026-02-04T13:17:45+00:00","description":"Assurance n cas de maladie et d'accident pour des ind\u00e9pendants \u2013 comme membre de syndicom, tu profites des contrats-cadres avec fairline.","breadcrumb":{"@id":"https:\/\/syndicom.ch\/fr\/tes-avantages\/fairline\/#breadcrumb"},"inLanguage":"fr-FR","potentialAction":[{"@type":"ReadAction","target":["https:\/\/syndicom.ch\/fr\/tes-avantages\/fairline\/"]}]},{"@type":"BreadcrumbList","@id":"https:\/\/syndicom.ch\/fr\/tes-avantages\/fairline\/#breadcrumb","itemListElement":[{"@type":"ListItem","position":1,"name":"Page d'accueil","item":"https:\/\/syndicom.ch\/fr\/"},{"@type":"ListItem","position":2,"name":"Tes avantages","item":"https:\/\/syndicom.ch\/fr\/tes-avantages\/"},{"@type":"ListItem","position":3,"name":"fairline"}]},{"@type":"WebSite","@id":"https:\/\/syndicom.ch\/fr\/#website","url":"https:\/\/syndicom.ch\/fr\/","name":"syndicom","description":"","publisher":{"@id":"https:\/\/syndicom.ch\/fr\/#organization"},"potentialAction":[{"@type":"SearchAction","target":{"@type":"EntryPoint","urlTemplate":"https:\/\/syndicom.ch\/fr\/?s={search_term_string}"},"query-input":{"@type":"PropertyValueSpecification","valueRequired":true,"valueName":"search_term_string"}}],"inLanguage":"fr-FR"},{"@type":"Organization","@id":"https:\/\/syndicom.ch\/fr\/#organization","name":"syndicom","alternateName":"Gewerkschaft Medien und Kommunikation","url":"https:\/\/syndicom.ch\/fr\/","logo":{"@type":"ImageObject","inLanguage":"fr-FR","@id":"https:\/\/syndicom.ch\/fr\/#\/schema\/logo\/image\/","url":"https:\/\/syndicom.ch\/app\/uploads\/2024\/06\/logo.svg","contentUrl":"https:\/\/syndicom.ch\/app\/uploads\/2024\/06\/logo.svg","width":297,"height":51,"caption":"syndicom"},"image":{"@id":"https:\/\/syndicom.ch\/fr\/#\/schema\/logo\/image\/"},"sameAs":["https:\/\/www.facebook.com\/syndicom\/","https:\/\/ch.linkedin.com\/company\/syndicom-gewerkschaft-medien-und-kommunikation","https:\/\/www.instagram.com\/syndicom\/"]}]}},"_links":{"self":[{"href":"https:\/\/syndicom.ch\/fr\/wp-json\/wp\/v2\/pages\/7726","targetHints":{"allow":["GET"]}}],"collection":[{"href":"https:\/\/syndicom.ch\/fr\/wp-json\/wp\/v2\/pages"}],"about":[{"href":"https:\/\/syndicom.ch\/fr\/wp-json\/wp\/v2\/types\/page"}],"author":[{"embeddable":true,"href":"https:\/\/syndicom.ch\/fr\/wp-json\/wp\/v2\/users\/3"}],"replies":[{"embeddable":true,"href":"https:\/\/syndicom.ch\/fr\/wp-json\/wp\/v2\/comments?post=7726"}],"version-history":[{"count":5,"href":"https:\/\/syndicom.ch\/fr\/wp-json\/wp\/v2\/pages\/7726\/revisions"}],"predecessor-version":[{"id":24333,"href":"https:\/\/syndicom.ch\/fr\/wp-json\/wp\/v2\/pages\/7726\/revisions\/24333"}],"up":[{"embeddable":true,"href":"https:\/\/syndicom.ch\/fr\/wp-json\/wp\/v2\/pages\/45049"}],"wp:attachment":[{"href":"https:\/\/syndicom.ch\/fr\/wp-json\/wp\/v2\/media?parent=7726"}],"wp:term":[{"taxonomy":"category","embeddable":true,"href":"https:\/\/syndicom.ch\/fr\/wp-json\/wp\/v2\/categories?post=7726"}],"curies":[{"name":"wp","href":"https:\/\/api.w.org\/{rel}","templated":true}]}}