{"id":7824,"date":"2024-08-09T09:13:20","date_gmt":"2024-08-09T07:13:20","guid":{"rendered":"https:\/\/newxeit.syndicom.ch\/?page_id=7824"},"modified":"2025-04-25T16:48:00","modified_gmt":"2025-04-25T14:48:00","slug":"secretariat-regional-coire","status":"publish","type":"page","link":"https:\/\/syndicom.ch\/fr\/contact\/secretariat-regional-coire\/","title":{"rendered":"Secr\u00e9tariat r\u00e9gional Coire"},"content":{"rendered":"\n<div class=\"wp-block-group alignfull has-background-color has-primary-background-color has-text-color has-background has-link-color wp-elements-c8295d77bdc610eb36496c6ec09ad38e is-layout-constrained wp-block-group-is-layout-constrained\">\n<div class=\"wp-block-group is-style-narrow is-layout-constrained wp-block-group-is-layout-constrained\">\n<div class=\"wp-block-columns is-layout-flex wp-container-core-columns-is-layout-9d6595d7 wp-block-columns-is-layout-flex\">\n<div class=\"wp-block-column is-layout-flow wp-block-column-is-layout-flow\" style=\"flex-basis:70%\">\n<h1 class=\"wp-block-heading\">Secr\u00e9tariat r\u00e9gional Coire<\/h1>\n\n\n\n<p class=\"is-style-lead\">Bienvenue au secr\u00e9tariat r\u00e9gional de Coire ! Ton premier point de contact dans la plus ancienne ville de Suisse, o\u00f9 tu trouveras \u2013 que tu sois d\u00e9j\u00e0 membre ou que tu souhaites le devenir \u2013 un soutien et des conseils personnalis\u00e9s concernant ton monde du travail. Passe nous voir et fais notre connaissance !<\/p>\n<\/div>\n<\/div>\n<\/div>\n<\/div>\n\n\n\n<div class=\"wp-block-group alignfull has-tertiary-background-color has-background is-layout-constrained wp-block-group-is-layout-constrained\">\n<div class=\"wp-block-group is-style-narrow is-layout-constrained wp-block-group-is-layout-constrained\">\n<div class=\"wp-block-columns is-layout-flex wp-container-core-columns-is-layout-9d6595d7 wp-block-columns-is-layout-flex\">\n<div class=\"wp-block-column is-layout-flow wp-block-column-is-layout-flow\">\n<p><strong>Secr\u00e9tariat r\u00e9gional de Coire<\/strong><br>G\u00fcrtelstrasse 24<br>7000 Chur<\/p>\n\n\n\n\n\n<div class=\"wp-block-columns is-layout-flex wp-container-core-columns-is-layout-9d6595d7 wp-block-columns-is-layout-flex\">\n<div class=\"wp-block-column is-layout-flow wp-block-column-is-layout-flow\">\n<p>T\u00e9l\u00e9phone: <a href=\"tel:+41 58 817 18 18\">+41 58 817 18 18<\/a><br>E-Mail:&nbsp;<a href=\"mailto:&#105;&#110;&#102;&#111;&#64;&#115;&#121;&#110;&#100;&#105;&#99;&#111;&#109;&#46;&#99;&#104;\">&#105;&#110;&#102;&#111;&#64;&#115;&#121;&#110;&#100;&#105;&#99;&#111;&#109;&#46;&#99;&#104;<\/a><br><br><strong>Correspondance<\/strong><br>syndicom Secr\u00e9tariat central<br>Monbijoustrasse 33<br>Case postale<br>3001 Berne<\/p>\n<\/div>\n\n\n\n<div class=\"wp-block-column is-layout-flow wp-block-column-is-layout-flow\">\n<p><strong>Heures de consultation:<\/strong> sur rendez-vous t\u00e9l.<\/p>\n\n\n\n<p><strong>Heures pour t\u00e9l\u00e9phoner:<\/strong><\/p>\n\n\n\n<figure class=\"wp-block-table is-style-stripes\"><table class=\"has-fixed-layout\"><tbody><tr><td>lundi au jeudi<\/td><td>08h30 &#8211; 12h00<br>13h30 &#8211; 17h00<\/td><\/tr><tr><td>vendredi<\/td><td>08h30 &#8211; 12h00<br>13h30 &#8211; 16h00<\/td><\/tr><tr><td>samedi et dimanche<\/td><td>ferm\u00e9<\/td><\/tr><\/tbody><\/table><\/figure>\n<\/div>\n<\/div>\n<\/div>\n<\/div>\n<\/div>\n<\/div>\n\n\n\n<div class=\"wp-block-group alignfull has-background-background-color has-background is-layout-constrained wp-block-group-is-layout-constrained\">\n<div class=\"wp-block-group is-style-narrow is-layout-constrained wp-block-group-is-layout-constrained\">\n<h2 class=\"wp-block-heading has-text-align-center\">Tes personnes de contact syndicom au secr\u00e9tariat r\u00e9gional de Coire<\/h2>\n\n\n\n<div class=\"wp-block-group is-style-row-2 is-nowrap is-layout-flex wp-container-core-group-is-layout-64989fb1 wp-block-group-is-layout-flex\"><div class=\"wp-block-custom-person-item\"><div class=\"person-image\"><a class=\"employee-lightbox\" href=\"https:\/\/syndicom.ch\/app\/uploads\/2024\/08\/gewerkschaft-syndicom-maja-juric.jpg\" data-gallery=\"person-69eb4bc430141\" ><img loading=\"lazy\" decoding=\"async\" src=\"https:\/\/syndicom.ch\/app\/uploads\/2024\/08\/gewerkschaft-syndicom-maja-juric.jpg\" class=\"attachment-post-thumbnail size-post-thumbnail wp-post-image \" \/><\/a><\/div><div class=\"meta-holder\"><h3 class=\"person-name\">Maja Juric<\/h3><div class=\"person-role\">Secr\u00e9taire r\u00e9gionale<\/div><div class=\"person-email\"><a href=\"mailto:&#105;&#110;&#102;&#111;&#64;&#115;&#121;&#110;&#100;&#105;&#99;&#111;&#109;&#46;&#99;&#104;\">&#105;&#110;&#102;&#111;&#64;&#115;&#121;&#110;&#100;&#105;&#99;&#111;&#109;&#46;&#99;&#104;<\/a><\/div><div><a href=\"tel:+41 58 817 18 18\" class=\"person-phone\">+41 58 817 18 18<\/a><\/div><\/div><\/div>\n\n<div class=\"wp-block-custom-person-item\"><div class=\"person-image\"><a class=\"employee-lightbox\" href=\"https:\/\/syndicom.ch\/app\/uploads\/2024\/08\/gewerkschaft-syndicom-anna-stahl.jpg\" data-gallery=\"person-69eb4bc430765\" ><img loading=\"lazy\" decoding=\"async\" src=\"https:\/\/syndicom.ch\/app\/uploads\/2024\/08\/gewerkschaft-syndicom-anna-stahl.jpg\" class=\"attachment-post-thumbnail size-post-thumbnail wp-post-image \" \/><\/a><\/div><div class=\"meta-holder\"><h3 class=\"person-name\">Anna Stahl<\/h3><div class=\"person-role\">Secr\u00e9taire sp\u00e9cialis\u00e9e Communication visuelle Suisse al\u00e9manique<\/div><div class=\"person-email\"><a href=\"mailto:&#105;&#110;&#102;&#111;&#64;&#115;&#121;&#110;&#100;&#105;&#99;&#111;&#109;&#46;&#99;&#104;\">&#105;&#110;&#102;&#111;&#64;&#115;&#121;&#110;&#100;&#105;&#99;&#111;&#109;&#46;&#99;&#104;<\/a><\/div><div><a href=\"tel:+41 76 683 32 69\" class=\"person-phone\">+41 76 683 32 69<\/a><\/div><\/div><\/div><\/div>\n<\/div>\n<\/div>\n\n\n\n<div class=\"wp-block-group alignfull has-background-color has-primary-background-color has-text-color has-background has-link-color wp-elements-f9b130a213a1a7f7c54001bc50979e80 is-layout-constrained wp-block-group-is-layout-constrained\">\n<div class=\"wp-block-group is-style-narrow is-layout-constrained wp-block-group-is-layout-constrained\">\n<h2 class=\"wp-block-heading has-text-align-center\">Personnelle, rapide, directe<\/h2>\n\n\n\n<p class=\"has-text-align-center\">Tu veux en savoir plus sur le syndicat syndicom ? Tu as des questions ou des probl\u00e8mes et tu souhaites \u00eatre conseill\u00e9 ? Contacte-nous, nous sommes l\u00e0 pour toi.<\/p>\n\n\n\n<div class=\"wp-block-buttons is-content-justification-center is-layout-flex wp-container-core-buttons-is-layout-16018d1d wp-block-buttons-is-layout-flex\">\n<div class=\"wp-block-button\"><a class=\"wp-block-button__link wp-element-button\" href=\"https:\/\/syndicom.ch\/fr\/contact\/\" target=\"_blank\" rel=\"noreferrer noopener\">Contacte-nous<\/a><\/div>\n\n\n\n<div class=\"wp-block-button is-style-outline is-style-outline--1\"><a class=\"wp-block-button__link wp-element-button\" href=\"https:\/\/syndicom.ch\/fr\/faq-affiliation\/\" target=\"_blank\" rel=\"noreferrer noopener\">Avantages et infos sur l\u2019adh\u00e9sion<\/a><\/div>\n<\/div>\n<\/div>\n<\/div>\n","protected":false},"excerpt":{"rendered":"<p>Secr\u00e9tariat r\u00e9gional de CoireG\u00fcrtelstrasse 247000 Chur Tes personnes de contact syndicom au secr\u00e9tariat r\u00e9gional de Coire<\/p>\n","protected":false},"author":2,"featured_media":0,"parent":7466,"menu_order":0,"comment_status":"closed","ping_status":"closed","template":"","meta":{"_acf_changed":false,"inline_featured_image":false,"_coblocks_attr":"","_coblocks_dimensions":"","_coblocks_responsive_height":"","_coblocks_accordion_ie_support":"","footnotes":""},"categories":[260],"class_list":["post-7824","page","type-page","status-publish","hentry","category-secretariat-fr"],"acf":[],"yoast_head":"<!-- This site is optimized with the Yoast SEO plugin v27.3 - https:\/\/yoast.com\/product\/yoast-seo-wordpress\/ -->\n<title>Secr\u00e9tariat r\u00e9gional Coire - syndicom<\/title>\n<meta name=\"description\" content=\"Bienvenue au secr\u00e9tariat r\u00e9gional de Coire ! Ton premier point de contact dans la plus ancienne ville de Suisse, o\u00f9 tu trouveras - que tu sois ...\" \/>\n<meta name=\"robots\" content=\"index, follow, max-snippet:-1, max-image-preview:large, max-video-preview:-1\" \/>\n<link rel=\"canonical\" href=\"https:\/\/syndicom.ch\/fr\/contact\/secretariat-regional-coire\/\" \/>\n<meta property=\"og:locale\" content=\"fr_FR\" \/>\n<meta property=\"og:type\" content=\"article\" \/>\n<meta property=\"og:title\" content=\"Secr\u00e9tariat r\u00e9gional Coire - syndicom\" \/>\n<meta property=\"og:description\" content=\"Bienvenue au secr\u00e9tariat r\u00e9gional de Coire ! Ton premier point de contact dans la plus ancienne ville de Suisse, o\u00f9 tu trouveras - que tu sois ...\" \/>\n<meta property=\"og:url\" content=\"https:\/\/syndicom.ch\/fr\/contact\/secretariat-regional-coire\/\" \/>\n<meta property=\"og:site_name\" content=\"syndicom\" \/>\n<meta property=\"article:modified_time\" content=\"2025-04-25T14:48:00+00:00\" \/>\n<meta name=\"twitter:card\" content=\"summary_large_image\" \/>\n<script type=\"application\/ld+json\" class=\"yoast-schema-graph\">{\"@context\":\"https:\\\/\\\/schema.org\",\"@graph\":[{\"@type\":\"WebPage\",\"@id\":\"https:\\\/\\\/syndicom.ch\\\/fr\\\/contact\\\/secretariat-regional-coire\\\/\",\"url\":\"https:\\\/\\\/syndicom.ch\\\/fr\\\/contact\\\/secretariat-regional-coire\\\/\",\"name\":\"Secr\u00e9tariat r\u00e9gional Coire - syndicom\",\"isPartOf\":{\"@id\":\"https:\\\/\\\/syndicom.ch\\\/fr\\\/#website\"},\"datePublished\":\"2024-08-09T07:13:20+00:00\",\"dateModified\":\"2025-04-25T14:48:00+00:00\",\"description\":\"Bienvenue au secr\u00e9tariat r\u00e9gional de Coire ! Ton premier point de contact dans la plus ancienne ville de Suisse, o\u00f9 tu trouveras - que tu sois ...\",\"breadcrumb\":{\"@id\":\"https:\\\/\\\/syndicom.ch\\\/fr\\\/contact\\\/secretariat-regional-coire\\\/#breadcrumb\"},\"inLanguage\":\"fr-FR\",\"potentialAction\":[{\"@type\":\"ReadAction\",\"target\":[\"https:\\\/\\\/syndicom.ch\\\/fr\\\/contact\\\/secretariat-regional-coire\\\/\"]}]},{\"@type\":\"BreadcrumbList\",\"@id\":\"https:\\\/\\\/syndicom.ch\\\/fr\\\/contact\\\/secretariat-regional-coire\\\/#breadcrumb\",\"itemListElement\":[{\"@type\":\"ListItem\",\"position\":1,\"name\":\"Page d'accueil\",\"item\":\"https:\\\/\\\/syndicom.ch\\\/fr\\\/\"},{\"@type\":\"ListItem\",\"position\":2,\"name\":\"Contact\",\"item\":\"https:\\\/\\\/syndicom.ch\\\/fr\\\/contact\\\/\"},{\"@type\":\"ListItem\",\"position\":3,\"name\":\"Secr\u00e9tariat r\u00e9gional Coire\"}]},{\"@type\":\"WebSite\",\"@id\":\"https:\\\/\\\/syndicom.ch\\\/fr\\\/#website\",\"url\":\"https:\\\/\\\/syndicom.ch\\\/fr\\\/\",\"name\":\"syndicom\",\"description\":\"\",\"publisher\":{\"@id\":\"https:\\\/\\\/syndicom.ch\\\/fr\\\/#organization\"},\"potentialAction\":[{\"@type\":\"SearchAction\",\"target\":{\"@type\":\"EntryPoint\",\"urlTemplate\":\"https:\\\/\\\/syndicom.ch\\\/fr\\\/?s={search_term_string}\"},\"query-input\":{\"@type\":\"PropertyValueSpecification\",\"valueRequired\":true,\"valueName\":\"search_term_string\"}}],\"inLanguage\":\"fr-FR\"},{\"@type\":\"Organization\",\"@id\":\"https:\\\/\\\/syndicom.ch\\\/fr\\\/#organization\",\"name\":\"syndicom\",\"url\":\"https:\\\/\\\/syndicom.ch\\\/fr\\\/\",\"logo\":{\"@type\":\"ImageObject\",\"inLanguage\":\"fr-FR\",\"@id\":\"https:\\\/\\\/syndicom.ch\\\/fr\\\/#\\\/schema\\\/logo\\\/image\\\/\",\"url\":\"https:\\\/\\\/syndicom.ch\\\/app\\\/uploads\\\/2024\\\/06\\\/logo.svg\",\"contentUrl\":\"https:\\\/\\\/syndicom.ch\\\/app\\\/uploads\\\/2024\\\/06\\\/logo.svg\",\"width\":297,\"height\":51,\"caption\":\"syndicom\"},\"image\":{\"@id\":\"https:\\\/\\\/syndicom.ch\\\/fr\\\/#\\\/schema\\\/logo\\\/image\\\/\"}}]}<\/script>\n<!-- \/ Yoast SEO plugin. -->","yoast_head_json":{"title":"Secr\u00e9tariat r\u00e9gional Coire - syndicom","description":"Bienvenue au secr\u00e9tariat r\u00e9gional de Coire ! Ton premier point de contact dans la plus ancienne ville de Suisse, o\u00f9 tu trouveras - que tu sois ...","robots":{"index":"index","follow":"follow","max-snippet":"max-snippet:-1","max-image-preview":"max-image-preview:large","max-video-preview":"max-video-preview:-1"},"canonical":"https:\/\/syndicom.ch\/fr\/contact\/secretariat-regional-coire\/","og_locale":"fr_FR","og_type":"article","og_title":"Secr\u00e9tariat r\u00e9gional Coire - syndicom","og_description":"Bienvenue au secr\u00e9tariat r\u00e9gional de Coire ! Ton premier point de contact dans la plus ancienne ville de Suisse, o\u00f9 tu trouveras - que tu sois ...","og_url":"https:\/\/syndicom.ch\/fr\/contact\/secretariat-regional-coire\/","og_site_name":"syndicom","article_modified_time":"2025-04-25T14:48:00+00:00","twitter_card":"summary_large_image","schema":{"@context":"https:\/\/schema.org","@graph":[{"@type":"WebPage","@id":"https:\/\/syndicom.ch\/fr\/contact\/secretariat-regional-coire\/","url":"https:\/\/syndicom.ch\/fr\/contact\/secretariat-regional-coire\/","name":"Secr\u00e9tariat r\u00e9gional Coire - syndicom","isPartOf":{"@id":"https:\/\/syndicom.ch\/fr\/#website"},"datePublished":"2024-08-09T07:13:20+00:00","dateModified":"2025-04-25T14:48:00+00:00","description":"Bienvenue au secr\u00e9tariat r\u00e9gional de Coire ! Ton premier point de contact dans la plus ancienne ville de Suisse, o\u00f9 tu trouveras - que tu sois ...","breadcrumb":{"@id":"https:\/\/syndicom.ch\/fr\/contact\/secretariat-regional-coire\/#breadcrumb"},"inLanguage":"fr-FR","potentialAction":[{"@type":"ReadAction","target":["https:\/\/syndicom.ch\/fr\/contact\/secretariat-regional-coire\/"]}]},{"@type":"BreadcrumbList","@id":"https:\/\/syndicom.ch\/fr\/contact\/secretariat-regional-coire\/#breadcrumb","itemListElement":[{"@type":"ListItem","position":1,"name":"Page d'accueil","item":"https:\/\/syndicom.ch\/fr\/"},{"@type":"ListItem","position":2,"name":"Contact","item":"https:\/\/syndicom.ch\/fr\/contact\/"},{"@type":"ListItem","position":3,"name":"Secr\u00e9tariat r\u00e9gional Coire"}]},{"@type":"WebSite","@id":"https:\/\/syndicom.ch\/fr\/#website","url":"https:\/\/syndicom.ch\/fr\/","name":"syndicom","description":"","publisher":{"@id":"https:\/\/syndicom.ch\/fr\/#organization"},"potentialAction":[{"@type":"SearchAction","target":{"@type":"EntryPoint","urlTemplate":"https:\/\/syndicom.ch\/fr\/?s={search_term_string}"},"query-input":{"@type":"PropertyValueSpecification","valueRequired":true,"valueName":"search_term_string"}}],"inLanguage":"fr-FR"},{"@type":"Organization","@id":"https:\/\/syndicom.ch\/fr\/#organization","name":"syndicom","url":"https:\/\/syndicom.ch\/fr\/","logo":{"@type":"ImageObject","inLanguage":"fr-FR","@id":"https:\/\/syndicom.ch\/fr\/#\/schema\/logo\/image\/","url":"https:\/\/syndicom.ch\/app\/uploads\/2024\/06\/logo.svg","contentUrl":"https:\/\/syndicom.ch\/app\/uploads\/2024\/06\/logo.svg","width":297,"height":51,"caption":"syndicom"},"image":{"@id":"https:\/\/syndicom.ch\/fr\/#\/schema\/logo\/image\/"}}]}},"_links":{"self":[{"href":"https:\/\/syndicom.ch\/fr\/wp-json\/wp\/v2\/pages\/7824","targetHints":{"allow":["GET"]}}],"collection":[{"href":"https:\/\/syndicom.ch\/fr\/wp-json\/wp\/v2\/pages"}],"about":[{"href":"https:\/\/syndicom.ch\/fr\/wp-json\/wp\/v2\/types\/page"}],"author":[{"embeddable":true,"href":"https:\/\/syndicom.ch\/fr\/wp-json\/wp\/v2\/users\/2"}],"replies":[{"embeddable":true,"href":"https:\/\/syndicom.ch\/fr\/wp-json\/wp\/v2\/comments?post=7824"}],"version-history":[{"count":11,"href":"https:\/\/syndicom.ch\/fr\/wp-json\/wp\/v2\/pages\/7824\/revisions"}],"predecessor-version":[{"id":23979,"href":"https:\/\/syndicom.ch\/fr\/wp-json\/wp\/v2\/pages\/7824\/revisions\/23979"}],"up":[{"embeddable":true,"href":"https:\/\/syndicom.ch\/fr\/wp-json\/wp\/v2\/pages\/7466"}],"wp:attachment":[{"href":"https:\/\/syndicom.ch\/fr\/wp-json\/wp\/v2\/media?parent=7824"}],"wp:term":[{"taxonomy":"category","embeddable":true,"href":"https:\/\/syndicom.ch\/fr\/wp-json\/wp\/v2\/categories?post=7824"}],"curies":[{"name":"wp","href":"https:\/\/api.w.org\/{rel}","templated":true}]}}