{"id":8105,"date":"2024-06-25T17:05:33","date_gmt":"2024-06-25T15:05:33","guid":{"rendered":"https:\/\/newxeit.syndicom.ch\/?page_id=8105"},"modified":"2026-02-20T12:34:36","modified_gmt":"2026-02-20T11:34:36","slug":"guide","status":"publish","type":"page","link":"https:\/\/syndicom.ch\/fr\/guide\/","title":{"rendered":"Guide"},"content":{"rendered":"\n<div class=\"wp-block-group alignfull has-primary-background-color has-background is-layout-constrained wp-block-group-is-layout-constrained\">\n<div class=\"wp-block-group is-style-narrow is-layout-constrained wp-block-group-is-layout-constrained\">\n<h1 class=\"wp-block-heading has-background-color has-text-color has-link-color wp-elements-0d1f532b70759f1a292e5a861b95279c\">Droit au but: ton guide juridique syndicom<\/h1>\n\n\n\n<div class=\"wp-block-columns is-layout-flex wp-container-core-columns-is-layout-9d6595d7 wp-block-columns-is-layout-flex\">\n<div class=\"wp-block-column is-layout-flow wp-block-column-is-layout-flow\" style=\"flex-basis:66.66%\">\n<p class=\"is-style-lead has-background-color has-text-color has-link-color wp-elements-0659839861d60fc4fee6c1e387403add\">Dans notre guide, tu trouveras des r\u00e9ponses et des conseils du service juridique de syndicom sur ton travail.<\/p>\n<\/div>\n\n\n\n<div class=\"wp-block-column is-layout-flow wp-block-column-is-layout-flow\" style=\"flex-basis:33.33%\">\n<div class=\"wp-block-group is-vertical is-nowrap is-layout-flex wp-container-core-group-is-layout-fc43baa9 wp-block-group-is-layout-flex\">\n<div class=\"wp-block-buttons is-layout-flex wp-block-buttons-is-layout-flex\">\n<div class=\"wp-block-button is-style-underline\"><a class=\"wp-block-button__link has-background-color has-background-background-color has-text-color has-background has-link-color wp-element-button\" href=\"https:\/\/syndicom.ch\/fr\/assistance-juridique-professionnelle\/\" target=\"_blank\" rel=\"noreferrer noopener\">\u279c Ta question est manquante ou tu as besoin d&rsquo;un conseil personnalis\u00e9 ?<\/a><\/div>\n<\/div>\n<\/div>\n<\/div>\n<\/div>\n<\/div>\n<\/div>\n\n\n\n<div class=\"wp-block-group alignfull has-background-background-color has-background is-layout-constrained wp-block-group-is-layout-constrained\">\n<div class=\"wp-block-group is-style-narrow is-layout-constrained wp-block-group-is-layout-constrained\"><form method=\"get\"><div class=\"course-filters\"><input type=\"text\" class=\"guide-search\" name=\"gqs\" placeholder=\"Rechercher\" value=\"\" \/><input value=\"\" class=\"guide-search-submit\" type=\"submit\" \/><div class=\"redirect-dropdown\"><div class=\"redirect-dropdown-label\" data-fallback=\"Cat\u00e9gorie\"><span>Cat\u00e9gorie<\/span><span class=\"arrow\"><svg xmlns=\"http:\/\/www.w3.org\/2000\/svg\" width=\"28.61\" height=\"19.994\" viewBox=\"0 0 28.61 19.994\"><path d=\"M1360.519-349.127a2.494,2.494,0,0,1-1.888-.86,2.5,2.5,0,0,1,.247-3.527l11.134-9.675-10.776-9.868a2.5,2.5,0,0,1-.155-3.532,2.5,2.5,0,0,1,3.532-.155l14.909,13.653-15.364,13.352A2.49,2.49,0,0,1,1360.519-349.127Z\" transform=\"translate(401.385 1371.219) rotate(-91)\" fill=\"#fff\"\/><\/svg><\/span><\/div><div class=\"redirect-dropdown-items\"><div data-cat=\"article-category\" data-val=\"*\" class=\"query-filter\" data-slug=\"*\">Voir tout<\/div><div data-cat=\"article-category\" data-val=\"298\" class=\"query-filter \" data-slug=\"ai\">AI<\/div><div data-cat=\"article-category\" data-val=\"305\" class=\"query-filter \" data-slug=\"assurance-sociale\">Assurance sociale<\/div><div data-cat=\"article-category\" data-val=\"293\" class=\"query-filter \" data-slug=\"chomage\">Ch\u00f4mage<\/div><div data-cat=\"article-category\" data-val=\"294\" class=\"query-filter \" data-slug=\"crowdwork-fr\">Crowdwork<\/div><div data-cat=\"article-category\" data-val=\"306\" class=\"query-filter \" data-slug=\"formation-continue\">Formation continue<\/div><div data-cat=\"article-category\" data-val=\"304\" class=\"query-filter \" data-slug=\"independance\">Ind\u00e9pendance<\/div><div data-cat=\"article-category\" data-val=\"297\" class=\"query-filter \" data-slug=\"jeunesse\">Jeunesse<\/div><div data-cat=\"article-category\" data-val=\"299\" class=\"query-filter \" data-slug=\"licenciement\">Licenciement<\/div><div data-cat=\"article-category\" data-val=\"302\" class=\"query-filter \" data-slug=\"participation\">Participation<\/div><div data-cat=\"article-category\" data-val=\"295\" class=\"query-filter \" data-slug=\"protection-des-donnees\">Protection des donn\u00e9es<\/div><div data-cat=\"article-category\" data-val=\"301\" class=\"query-filter \" data-slug=\"salaire\">Salaire<\/div><div data-cat=\"article-category\" data-val=\"239\" class=\"query-filter \" data-slug=\"syndicom-vor-gericht\">syndicom vor Gericht<\/div><div data-cat=\"article-category\" data-val=\"322\" class=\"query-filter \" data-slug=\"teletravail\">T\u00e9l\u00e9travail<\/div><div data-cat=\"article-category\" data-val=\"296\" class=\"query-filter \" data-slug=\"vacances-conges\">Vacances \/ Cong\u00e9s<\/div><\/div><\/div><input type=\"hidden\" name=\"catfilter\" value=\"\"><\/div><\/form>\n\n\n<div class=\"wp-block-group is-style-narrow is-layout-constrained wp-block-group-is-layout-constrained\">\n<div data-wp-context=\"{}\" data-wp-interactive=\"core\/query\" data-wp-key=\"0\" data-wp-router-region=\"query-0\" class=\"wp-block-query is-layout-flow wp-block-query-is-layout-flow\">\n<div class=\"wp-block-group is-layout-constrained wp-block-group-is-layout-constrained\"><ul class=\"wp-block-post-template is-layout-flow wp-block-post-template-is-layout-flow\"><li data-wp-key=\"post-template-item-47051\" class=\"wp-block-post post-47051 article type-article status-publish hentry article-category-vacances-conges\">\n\n<div class=\"wp-block-media-text is-stacked-on-mobile is-vertically-aligned-center is-style-logo\" style=\"grid-template-columns:15% auto\"><figure class=\"wp-block-media-text__media\"><\/figure><div class=\"wp-block-media-text__content\">\n<div class=\"wp-block-columns are-vertically-aligned-top is-style-logo is-layout-flex wp-container-core-columns-is-layout-9d6595d7 wp-block-columns-is-layout-flex\">\n<div class=\"wp-block-column is-layout-flow wp-block-column-is-layout-flow\" style=\"flex-basis:80%\"><h3 class=\"has-link-color wp-elements-b8c6d1099cda3b72700f668d120ccfc1 wp-block-post-title has-text-color has-primary-color\"><a href=\"https:\/\/syndicom.ch\/fr\/article-guide\/pourquoi-un-accident-peut-reduire-vos-conges-payes\/\" target=\"_blank\" >Pourquoi un accident peut r\u00e9duire vos cong\u00e9s pay\u00e9s<\/a><\/h3>\n\n<div class=\"wp-block-post-date\"><time datetime=\"2025-09-09T11:39:46+02:00\">9 septembre 2025<\/time><\/div>\n\n<a href=\"https:\/\/syndicom.ch\/fr\/article-guide\/pourquoi-un-accident-peut-reduire-vos-conges-payes\/\"><div class=\"wp-block-post-excerpt\"><p class=\"wp-block-post-excerpt__excerpt\">Accident, r\u00e9duction des vacances et certificat interm\u00e9diaire : d\u00e9couvre les droits des employ\u00e9s de La Poste en cas d\u2019absence. <\/p><\/div><\/a><div class=\"syn-post-terms\" style=\"display: none\"><a href=\"#\" class=\"syn-post-terms__link\" data-term-id=\"296\">Vacances \/ Cong\u00e9s<\/a> <\/div>\n\n\n\n\n<p><\/p>\n<\/div>\n\n\n\n<div class=\"wp-block-column is-layout-flow wp-block-column-is-layout-flow\" style=\"flex-basis:20%\"><\/div>\n<\/div>\n<\/div><\/div>\n\n\n\n<p><\/p>\n\n<\/li><li data-wp-key=\"post-template-item-41228\" class=\"wp-block-post post-41228 article type-article status-publish hentry\">\n\n<div class=\"wp-block-media-text is-stacked-on-mobile is-vertically-aligned-center is-style-logo\" style=\"grid-template-columns:15% auto\"><figure class=\"wp-block-media-text__media\"><\/figure><div class=\"wp-block-media-text__content\">\n<div class=\"wp-block-columns are-vertically-aligned-top is-style-logo is-layout-flex wp-container-core-columns-is-layout-9d6595d7 wp-block-columns-is-layout-flex\">\n<div class=\"wp-block-column is-layout-flow wp-block-column-is-layout-flow\" style=\"flex-basis:80%\"><h3 class=\"has-link-color wp-elements-b8c6d1099cda3b72700f668d120ccfc1 wp-block-post-title has-text-color has-primary-color\"><a href=\"https:\/\/syndicom.ch\/fr\/article-guide\/travailler-en-cas-de-chaleur-extreme\/\" target=\"_blank\" >Travailler en cas de chaleur extr\u00eame<\/a><\/h3>\n\n<div class=\"wp-block-post-date\"><time datetime=\"2025-06-27T10:11:24+02:00\">27 juin 2025<\/time><\/div>\n\n<a href=\"https:\/\/syndicom.ch\/fr\/article-guide\/travailler-en-cas-de-chaleur-extreme\/\"><div class=\"wp-block-post-excerpt\"><p class=\"wp-block-post-excerpt__excerpt\">Quiconque travaille par fortes chaleurs doit pouvoir se prot\u00e9ger du soleil et se rafra\u00eechir de temps en temps. <\/p><\/div><\/a><div class=\"syn-post-terms\" style=\"display: none\"><\/div>\n\n\n\n\n<p><\/p>\n<\/div>\n\n\n\n<div class=\"wp-block-column is-layout-flow wp-block-column-is-layout-flow\" style=\"flex-basis:20%\"><\/div>\n<\/div>\n<\/div><\/div>\n\n\n\n<p><\/p>\n\n<\/li><li data-wp-key=\"post-template-item-41180\" class=\"wp-block-post post-41180 article type-article status-publish hentry article-category-lohn\">\n\n<div class=\"wp-block-media-text is-stacked-on-mobile is-vertically-aligned-center is-style-logo\" style=\"grid-template-columns:15% auto\"><figure class=\"wp-block-media-text__media\"><\/figure><div class=\"wp-block-media-text__content\">\n<div class=\"wp-block-columns are-vertically-aligned-top is-style-logo is-layout-flex wp-container-core-columns-is-layout-9d6595d7 wp-block-columns-is-layout-flex\">\n<div class=\"wp-block-column is-layout-flow wp-block-column-is-layout-flow\" style=\"flex-basis:80%\"><h3 class=\"has-link-color wp-elements-b8c6d1099cda3b72700f668d120ccfc1 wp-block-post-title has-text-color has-primary-color\"><a href=\"https:\/\/syndicom.ch\/fr\/article-guide\/entretien-malgre-la-maladie\/\" target=\"_blank\" >Entretien malgr\u00e9 la maladie ?<\/a><\/h3>\n\n<div class=\"wp-block-post-date\"><time datetime=\"2025-06-01T10:48:25+02:00\">1 juin 2025<\/time><\/div>\n\n<a href=\"https:\/\/syndicom.ch\/fr\/article-guide\/entretien-malgre-la-maladie\/\"><div class=\"wp-block-post-excerpt\"><p class=\"wp-block-post-excerpt__excerpt\">Malade et convoqu\u00e9 ? D\u00e9couvre si tu dois aller \u00e0 l&rsquo;entretien malgr\u00e9 ton certificat m\u00e9dical \u2013 et connais tes droits ! <\/p><\/div><\/a><div class=\"syn-post-terms\" style=\"display: none\"><a href=\"#\" class=\"syn-post-terms__link\" data-term-id=\"236\">Lohn<\/a> <\/div>\n\n\n\n\n<p><\/p>\n<\/div>\n\n\n\n<div class=\"wp-block-column is-layout-flow wp-block-column-is-layout-flow\" style=\"flex-basis:20%\"><\/div>\n<\/div>\n<\/div><\/div>\n\n\n\n<p><\/p>\n\n<\/li><\/ul><\/div>\n\n\n<nav class=\"wp-block-query-pagination is-layout-flex wp-block-query-pagination-is-layout-flex\" aria-label=\"Pagination\">\n\n\n<div class=\"wp-block-query-pagination-numbers\"><span data-wp-key=\"index-0\" aria-current=\"page\" class=\"page-numbers current\">1<\/span>\n<a data-wp-key=\"index-1\" data-wp-on--click=\"core\/query::actions.navigate\" class=\"page-numbers\" href=\"?query-0-page=2\">2<\/a>\n<a data-wp-key=\"index-2\" data-wp-on--click=\"core\/query::actions.navigate\" class=\"page-numbers\" href=\"?query-0-page=3\">3<\/a>\n<span data-wp-key=\"index-3\" class=\"page-numbers dots\">\u2026<\/span>\n<a data-wp-key=\"index-4\" data-wp-on--click=\"core\/query::actions.navigate\" class=\"page-numbers\" href=\"?query-0-page=15\">15<\/a><\/div>\n\n<a data-wp-key=\"query-pagination-next\" data-wp-on--click=\"core\/query::actions.navigate\" data-wp-on--mouseenter=\"core\/query::actions.prefetch\" data-wp-watch=\"core\/query::callbacks.prefetch\" href=\"\/fr\/wp-json\/wp\/v2\/pages\/8105?query-0-page=2\" class=\"wp-block-query-pagination-next\">Page suivante<\/a>\n<\/nav><\/div>\n<\/div>\n<\/div>\n<\/div>\n","protected":false},"excerpt":{"rendered":"<p>Droit au but: ton guide juridique syndicom Dans notre guide, tu trouveras des r\u00e9ponses et des conseils du service juridique de syndicom sur ton travail.<\/p>\n","protected":false},"author":3,"featured_media":2068,"parent":0,"menu_order":0,"comment_status":"closed","ping_status":"closed","template":"","meta":{"_acf_changed":false,"inline_featured_image":false,"_coblocks_attr":"","_coblocks_dimensions":"","_coblocks_responsive_height":"","_coblocks_accordion_ie_support":"","footnotes":""},"categories":[380],"class_list":["post-8105","page","type-page","status-publish","has-post-thumbnail","hentry","category-ton-travail"],"acf":[],"yoast_head":"<!-- This site is optimized with the Yoast SEO plugin v27.3 - https:\/\/yoast.com\/product\/yoast-seo-wordpress\/ -->\n<title>Guide - syndicom<\/title>\n<meta name=\"description\" content=\"Droit au but - tu trouveras dans notre guide des r\u00e9ponses utiles sur ton travail, \u00e9crits par notre d\u00e9partement juridique.\" \/>\n<meta name=\"robots\" content=\"index, follow, max-snippet:-1, max-image-preview:large, max-video-preview:-1\" \/>\n<link rel=\"canonical\" href=\"https:\/\/syndicom.ch\/fr\/guide\/\" \/>\n<link rel=\"next\" href=\"https:\/\/syndicom.ch\/fr\/guide\/8105\/?query-0-page=2\" \/>\n<meta property=\"og:locale\" content=\"fr_FR\" \/>\n<meta property=\"og:type\" content=\"article\" \/>\n<meta property=\"og:title\" content=\"Guide - syndicom\" \/>\n<meta property=\"og:description\" content=\"Droit au but - tu trouveras dans notre guide des r\u00e9ponses utiles sur ton travail, \u00e9crits par notre d\u00e9partement juridique.\" \/>\n<meta property=\"og:url\" content=\"https:\/\/syndicom.ch\/fr\/guide\/\" \/>\n<meta property=\"og:site_name\" content=\"syndicom\" \/>\n<meta property=\"article:modified_time\" content=\"2026-02-20T11:34:36+00:00\" \/>\n<meta property=\"og:image\" content=\"https:\/\/syndicom.ch\/app\/uploads\/2024\/07\/vorteile.png\" \/>\n\t<meta property=\"og:image:width\" content=\"1851\" \/>\n\t<meta property=\"og:image:height\" content=\"1742\" \/>\n\t<meta property=\"og:image:type\" content=\"image\/png\" \/>\n<meta name=\"twitter:card\" content=\"summary_large_image\" \/>\n<meta name=\"twitter:label1\" content=\"Dur\u00e9e de lecture estim\u00e9e\" \/>\n\t<meta name=\"twitter:data1\" content=\"1 minute\" \/>\n<script type=\"application\/ld+json\" class=\"yoast-schema-graph\">{\"@context\":\"https:\\\/\\\/schema.org\",\"@graph\":[{\"@type\":\"WebPage\",\"@id\":\"https:\\\/\\\/syndicom.ch\\\/fr\\\/guide\\\/\",\"url\":\"https:\\\/\\\/syndicom.ch\\\/fr\\\/guide\\\/\",\"name\":\"Guide - syndicom\",\"isPartOf\":{\"@id\":\"https:\\\/\\\/syndicom.ch\\\/fr\\\/#website\"},\"primaryImageOfPage\":{\"@id\":\"https:\\\/\\\/syndicom.ch\\\/fr\\\/guide\\\/#primaryimage\"},\"image\":{\"@id\":\"https:\\\/\\\/syndicom.ch\\\/fr\\\/guide\\\/#primaryimage\"},\"thumbnailUrl\":\"https:\\\/\\\/syndicom.ch\\\/app\\\/uploads\\\/2024\\\/07\\\/vorteile.png\",\"datePublished\":\"2024-06-25T15:05:33+00:00\",\"dateModified\":\"2026-02-20T11:34:36+00:00\",\"description\":\"Droit au but - tu trouveras dans notre guide des r\u00e9ponses utiles sur ton travail, \u00e9crits par notre d\u00e9partement juridique.\",\"breadcrumb\":{\"@id\":\"https:\\\/\\\/syndicom.ch\\\/fr\\\/guide\\\/#breadcrumb\"},\"inLanguage\":\"fr-FR\",\"potentialAction\":[{\"@type\":\"ReadAction\",\"target\":[\"https:\\\/\\\/syndicom.ch\\\/fr\\\/guide\\\/\"]}]},{\"@type\":\"ImageObject\",\"inLanguage\":\"fr-FR\",\"@id\":\"https:\\\/\\\/syndicom.ch\\\/fr\\\/guide\\\/#primaryimage\",\"url\":\"https:\\\/\\\/syndicom.ch\\\/app\\\/uploads\\\/2024\\\/07\\\/vorteile.png\",\"contentUrl\":\"https:\\\/\\\/syndicom.ch\\\/app\\\/uploads\\\/2024\\\/07\\\/vorteile.png\",\"width\":1851,\"height\":1742},{\"@type\":\"BreadcrumbList\",\"@id\":\"https:\\\/\\\/syndicom.ch\\\/fr\\\/guide\\\/#breadcrumb\",\"itemListElement\":[{\"@type\":\"ListItem\",\"position\":1,\"name\":\"Page d'accueil\",\"item\":\"https:\\\/\\\/syndicom.ch\\\/fr\\\/\"},{\"@type\":\"ListItem\",\"position\":2,\"name\":\"Guide\"}]},{\"@type\":\"WebSite\",\"@id\":\"https:\\\/\\\/syndicom.ch\\\/fr\\\/#website\",\"url\":\"https:\\\/\\\/syndicom.ch\\\/fr\\\/\",\"name\":\"syndicom\",\"description\":\"\",\"publisher\":{\"@id\":\"https:\\\/\\\/syndicom.ch\\\/fr\\\/#organization\"},\"potentialAction\":[{\"@type\":\"SearchAction\",\"target\":{\"@type\":\"EntryPoint\",\"urlTemplate\":\"https:\\\/\\\/syndicom.ch\\\/fr\\\/?s={search_term_string}\"},\"query-input\":{\"@type\":\"PropertyValueSpecification\",\"valueRequired\":true,\"valueName\":\"search_term_string\"}}],\"inLanguage\":\"fr-FR\"},{\"@type\":\"Organization\",\"@id\":\"https:\\\/\\\/syndicom.ch\\\/fr\\\/#organization\",\"name\":\"syndicom\",\"url\":\"https:\\\/\\\/syndicom.ch\\\/fr\\\/\",\"logo\":{\"@type\":\"ImageObject\",\"inLanguage\":\"fr-FR\",\"@id\":\"https:\\\/\\\/syndicom.ch\\\/fr\\\/#\\\/schema\\\/logo\\\/image\\\/\",\"url\":\"https:\\\/\\\/syndicom.ch\\\/app\\\/uploads\\\/2024\\\/06\\\/logo.svg\",\"contentUrl\":\"https:\\\/\\\/syndicom.ch\\\/app\\\/uploads\\\/2024\\\/06\\\/logo.svg\",\"width\":297,\"height\":51,\"caption\":\"syndicom\"},\"image\":{\"@id\":\"https:\\\/\\\/syndicom.ch\\\/fr\\\/#\\\/schema\\\/logo\\\/image\\\/\"}}]}<\/script>\n<!-- \/ Yoast SEO plugin. -->","yoast_head_json":{"title":"Guide - syndicom","description":"Droit au but - tu trouveras dans notre guide des r\u00e9ponses utiles sur ton travail, \u00e9crits par notre d\u00e9partement juridique.","robots":{"index":"index","follow":"follow","max-snippet":"max-snippet:-1","max-image-preview":"max-image-preview:large","max-video-preview":"max-video-preview:-1"},"canonical":"https:\/\/syndicom.ch\/fr\/guide\/","next":"https:\/\/syndicom.ch\/fr\/guide\/8105?query-0-page=2","og_locale":"fr_FR","og_type":"article","og_title":"Guide - syndicom","og_description":"Droit au but - tu trouveras dans notre guide des r\u00e9ponses utiles sur ton travail, \u00e9crits par notre d\u00e9partement juridique.","og_url":"https:\/\/syndicom.ch\/fr\/guide\/","og_site_name":"syndicom","article_modified_time":"2026-02-20T11:34:36+00:00","og_image":[{"width":1851,"height":1742,"url":"https:\/\/syndicom.ch\/app\/uploads\/2024\/07\/vorteile.png","type":"image\/png"}],"twitter_card":"summary_large_image","twitter_misc":{"Dur\u00e9e de lecture estim\u00e9e":"1 minute"},"schema":{"@context":"https:\/\/schema.org","@graph":[{"@type":"WebPage","@id":"https:\/\/syndicom.ch\/fr\/guide\/","url":"https:\/\/syndicom.ch\/fr\/guide\/","name":"Guide - syndicom","isPartOf":{"@id":"https:\/\/syndicom.ch\/fr\/#website"},"primaryImageOfPage":{"@id":"https:\/\/syndicom.ch\/fr\/guide\/#primaryimage"},"image":{"@id":"https:\/\/syndicom.ch\/fr\/guide\/#primaryimage"},"thumbnailUrl":"https:\/\/syndicom.ch\/app\/uploads\/2024\/07\/vorteile.png","datePublished":"2024-06-25T15:05:33+00:00","dateModified":"2026-02-20T11:34:36+00:00","description":"Droit au but - tu trouveras dans notre guide des r\u00e9ponses utiles sur ton travail, \u00e9crits par notre d\u00e9partement juridique.","breadcrumb":{"@id":"https:\/\/syndicom.ch\/fr\/guide\/#breadcrumb"},"inLanguage":"fr-FR","potentialAction":[{"@type":"ReadAction","target":["https:\/\/syndicom.ch\/fr\/guide\/"]}]},{"@type":"ImageObject","inLanguage":"fr-FR","@id":"https:\/\/syndicom.ch\/fr\/guide\/#primaryimage","url":"https:\/\/syndicom.ch\/app\/uploads\/2024\/07\/vorteile.png","contentUrl":"https:\/\/syndicom.ch\/app\/uploads\/2024\/07\/vorteile.png","width":1851,"height":1742},{"@type":"BreadcrumbList","@id":"https:\/\/syndicom.ch\/fr\/guide\/#breadcrumb","itemListElement":[{"@type":"ListItem","position":1,"name":"Page d'accueil","item":"https:\/\/syndicom.ch\/fr\/"},{"@type":"ListItem","position":2,"name":"Guide"}]},{"@type":"WebSite","@id":"https:\/\/syndicom.ch\/fr\/#website","url":"https:\/\/syndicom.ch\/fr\/","name":"syndicom","description":"","publisher":{"@id":"https:\/\/syndicom.ch\/fr\/#organization"},"potentialAction":[{"@type":"SearchAction","target":{"@type":"EntryPoint","urlTemplate":"https:\/\/syndicom.ch\/fr\/?s={search_term_string}"},"query-input":{"@type":"PropertyValueSpecification","valueRequired":true,"valueName":"search_term_string"}}],"inLanguage":"fr-FR"},{"@type":"Organization","@id":"https:\/\/syndicom.ch\/fr\/#organization","name":"syndicom","url":"https:\/\/syndicom.ch\/fr\/","logo":{"@type":"ImageObject","inLanguage":"fr-FR","@id":"https:\/\/syndicom.ch\/fr\/#\/schema\/logo\/image\/","url":"https:\/\/syndicom.ch\/app\/uploads\/2024\/06\/logo.svg","contentUrl":"https:\/\/syndicom.ch\/app\/uploads\/2024\/06\/logo.svg","width":297,"height":51,"caption":"syndicom"},"image":{"@id":"https:\/\/syndicom.ch\/fr\/#\/schema\/logo\/image\/"}}]}},"_links":{"self":[{"href":"https:\/\/syndicom.ch\/fr\/wp-json\/wp\/v2\/pages\/8105","targetHints":{"allow":["GET"]}}],"collection":[{"href":"https:\/\/syndicom.ch\/fr\/wp-json\/wp\/v2\/pages"}],"about":[{"href":"https:\/\/syndicom.ch\/fr\/wp-json\/wp\/v2\/types\/page"}],"author":[{"embeddable":true,"href":"https:\/\/syndicom.ch\/fr\/wp-json\/wp\/v2\/users\/3"}],"replies":[{"embeddable":true,"href":"https:\/\/syndicom.ch\/fr\/wp-json\/wp\/v2\/comments?post=8105"}],"version-history":[{"count":37,"href":"https:\/\/syndicom.ch\/fr\/wp-json\/wp\/v2\/pages\/8105\/revisions"}],"predecessor-version":[{"id":58104,"href":"https:\/\/syndicom.ch\/fr\/wp-json\/wp\/v2\/pages\/8105\/revisions\/58104"}],"wp:featuredmedia":[{"embeddable":true,"href":"https:\/\/syndicom.ch\/fr\/wp-json\/wp\/v2\/media\/2068"}],"wp:attachment":[{"href":"https:\/\/syndicom.ch\/fr\/wp-json\/wp\/v2\/media?parent=8105"}],"wp:term":[{"taxonomy":"category","embeddable":true,"href":"https:\/\/syndicom.ch\/fr\/wp-json\/wp\/v2\/categories?post=8105"}],"curies":[{"name":"wp","href":"https:\/\/api.w.org\/{rel}","templated":true}]}}