{"id":8537,"date":"2024-07-05T16:37:22","date_gmt":"2024-07-05T14:37:22","guid":{"rendered":"https:\/\/newxeit.syndicom.ch\/?page_id=8537"},"modified":"2026-02-04T14:27:35","modified_gmt":"2026-02-04T13:27:35","slug":"devenir-membre-distribution","status":"publish","type":"page","link":"https:\/\/syndicom.ch\/fr\/devenir-membre-distribution\/","title":{"rendered":"Devenir membre: Distribution"},"content":{"rendered":"\n<div class=\"wp-block-group alignfull has-background-color has-primary-background-color has-text-color has-background has-link-color wp-elements-baa486120d65b5cc13b5739aff35d5a3 is-layout-constrained wp-block-group-is-layout-constrained\">\n<div class=\"wp-block-group is-style-narrow is-layout-constrained wp-block-group-is-layout-constrained\">\n<h1 class=\"wp-block-heading\">Nous sommes l\u00e0 pour que le personnel de distribution puisse travailler dans des conditions bonnes et s\u00fbres<\/h1>\n\n\n\n<div class=\"wp-block-columns is-layout-flex wp-container-core-columns-is-layout-9d6595d7 wp-block-columns-is-layout-flex\">\n<div class=\"wp-block-column is-layout-flow wp-block-column-is-layout-flow\" style=\"flex-basis:80%\">\n<p class=\"is-style-lead\">Peu importe que tu distribues de la publicit\u00e9, des lettres, des colis, des quotidiens ou autre chose. Peu importe que tu travailles pour la Poste, DMC, Presto, DPD, DHL, Quickpac ou une autre entreprise. En tant que syndicat des distributrices et distributeurs, nous connaissons tes probl\u00e8mes.<\/p>\n<\/div>\n\n\n\n<div class=\"wp-block-column is-layout-flow wp-block-column-is-layout-flow\" style=\"flex-basis:20%\"><\/div>\n<\/div>\n\n\n\n<div class=\"wp-block-buttons is-layout-flex wp-block-buttons-is-layout-flex\">\n<div class=\"wp-block-button\"><a class=\"wp-block-button__link wp-element-button\" href=\"https:\/\/my.syndicom.ch\/adhesion\" target=\"_blank\" rel=\"noreferrer noopener\">Devenir membre maintenant<\/a><\/div>\n\n\n\n<div class=\"wp-block-button is-style-outline is-style-outline--1\"><a class=\"wp-block-button__link wp-element-button\" href=\"https:\/\/syndicom.ch\/fr\/offres-par-metier\/coursier-distributeur\/\" target=\"_blank\" rel=\"noreferrer noopener\">\u21aa\u00a0<strong>Ce qu\u2019on fait pour toi en tant que syndicat<\/strong><\/a><\/div>\n<\/div>\n<\/div>\n<\/div>\n\n\n\n<div class=\"wp-block-group alignfull has-background-background-color has-background is-layout-constrained wp-block-group-is-layout-constrained\">\n<div class=\"wp-block-group is-style-narrow is-layout-constrained wp-block-group-is-layout-constrained\">\n<p><strong>Nous&nbsp;exigeons et n\u00e9gocions de meilleurs salaires minimaux, des frais plus \u00e9lev\u00e9s et des heures de travail garanties, nous contr\u00f4lons le respect de la CCT (convention collective de travail) dans ta branche et d\u00e9fendons de meilleures conditions de travail.<\/strong><\/p>\n\n\n\n<p>Une adh\u00e9sion \u00e0 syndicom, mis \u00e0 part qu\u2019elle renforce le syndicat et am\u00e9liore ta situation d\u2019employ\u00e9-e, signifie que tu peux b\u00e9n\u00e9ficier des prestations utiles de syndicom \u2013 par exemple,&nbsp;de conseils juridiques ou d\u2019un soutien en cas de litiges si les choses tournent mal au travail.<\/p>\n\n\n\n<div class=\"wp-block-media-text is-style-default\" style=\"grid-template-columns:15% auto\"><figure class=\"wp-block-media-text__media\"><img loading=\"lazy\" decoding=\"async\" width=\"954\" height=\"1024\" src=\"https:\/\/syndicom.ch\/app\/uploads\/2024\/08\/gewerkschaft-syndicom-icon-faust-954x1024.jpg\" alt=\"Blaues Faust Icon\" class=\"wp-image-2790 size-full\" srcset=\"https:\/\/syndicom.ch\/app\/uploads\/2024\/08\/gewerkschaft-syndicom-icon-faust-954x1024.jpg 954w, https:\/\/syndicom.ch\/app\/uploads\/2024\/08\/gewerkschaft-syndicom-icon-faust-279x300.jpg 279w, https:\/\/syndicom.ch\/app\/uploads\/2024\/08\/gewerkschaft-syndicom-icon-faust-768x825.jpg 768w, https:\/\/syndicom.ch\/app\/uploads\/2024\/08\/gewerkschaft-syndicom-icon-faust.jpg 1409w\" sizes=\"auto, (max-width: 954px) 100vw, 954px\" \/><\/figure><div class=\"wp-block-media-text__content\">\n<h2 class=\"wp-block-heading\">Renforcer le syndicat: ton affiliation fait la diff\u00e9rence<\/h2>\n<\/div><\/div>\n\n\n\n<p>En adh\u00e9rant, tu rends le syndicat plus fort. Plus nous grandissons, plus nous am\u00e9liorons notre position de n\u00e9gociation, et mieux nous pouvons d\u00e9fendre tes int\u00e9r\u00eats. Nous le faisons pour am\u00e9liorer la pr\u00e9voyance vieillesse, pour obtenir des conditions \u00e9quitables de travail et pour \u00e9liminer les discriminations. En tant que membre du syndicat, tu fais partie d\u2019une grande communaut\u00e9 que chaque nouvelle affiliation vient renforcer.<\/p>\n\n\n\n<div class=\"wp-block-media-text is-style-default\" style=\"grid-template-columns:15% auto\"><figure class=\"wp-block-media-text__media\"><img loading=\"lazy\" decoding=\"async\" width=\"1024\" height=\"1006\" src=\"https:\/\/syndicom.ch\/app\/uploads\/2024\/08\/gewerkschaft-syndicom-icon-superman-1024x1006.jpg\" alt=\"Hellblaues Icon eines Superhelden\" class=\"wp-image-2803 size-full\" srcset=\"https:\/\/syndicom.ch\/app\/uploads\/2024\/08\/gewerkschaft-syndicom-icon-superman-1024x1006.jpg 1024w, https:\/\/syndicom.ch\/app\/uploads\/2024\/08\/gewerkschaft-syndicom-icon-superman-300x295.jpg 300w, https:\/\/syndicom.ch\/app\/uploads\/2024\/08\/gewerkschaft-syndicom-icon-superman-768x755.jpg 768w, https:\/\/syndicom.ch\/app\/uploads\/2024\/08\/gewerkschaft-syndicom-icon-superman-1536x1510.jpg 1536w, https:\/\/syndicom.ch\/app\/uploads\/2024\/08\/gewerkschaft-syndicom-icon-superman.jpg 1567w\" sizes=\"auto, (max-width: 1024px) 100vw, 1024px\" \/><\/figure><div class=\"wp-block-media-text__content\">\n<h2 class=\"wp-block-heading\">Plus de s\u00e9curit\u00e9, plus de salaire: nous d\u00e9fendons tes int\u00e9r\u00eats<\/h2>\n<\/div><\/div>\n\n\n\n<p>Tourn\u00e9es trop longues, colis trop lourds, mauvaise r\u00e9mun\u00e9ration? En tant que syndicat du personnel de la distribution, nous connaissons tes probl\u00e8mes. Ensemble, nous les r\u00e9solvons: nous n\u00e9gocions des augmentations de salaire, contr\u00f4lons le respect des CCT et d\u00e9fendons de meilleures conditions de travail.<\/p>\n\n\n\n<div class=\"wp-block-media-text is-style-default\" style=\"grid-template-columns:15% auto\"><figure class=\"wp-block-media-text__media\"><img loading=\"lazy\" decoding=\"async\" width=\"819\" height=\"1024\" src=\"https:\/\/syndicom.ch\/app\/uploads\/2024\/08\/gewerkschaft-syndicom-icon-waage-819x1024.jpg\" alt=\"Hellblaues Icon einer Waage mit einem Fragezeichen dar\u00fcber\" class=\"wp-image-2807 size-full\" srcset=\"https:\/\/syndicom.ch\/app\/uploads\/2024\/08\/gewerkschaft-syndicom-icon-waage-819x1024.jpg 819w, https:\/\/syndicom.ch\/app\/uploads\/2024\/08\/gewerkschaft-syndicom-icon-waage-240x300.jpg 240w, https:\/\/syndicom.ch\/app\/uploads\/2024\/08\/gewerkschaft-syndicom-icon-waage-768x960.jpg 768w, https:\/\/syndicom.ch\/app\/uploads\/2024\/08\/gewerkschaft-syndicom-icon-waage-1229x1536.jpg 1229w, https:\/\/syndicom.ch\/app\/uploads\/2024\/08\/gewerkschaft-syndicom-icon-waage-1638x2048.jpg 1638w, https:\/\/syndicom.ch\/app\/uploads\/2024\/08\/gewerkschaft-syndicom-icon-waage.jpg 1659w\" sizes=\"auto, (max-width: 819px) 100vw, 819px\" \/><\/figure><div class=\"wp-block-media-text__content\">\n<h2 class=\"wp-block-heading\">Assistance juridique professionnelle: notre \u00e9quipe de juristes est \u00e0 tes c\u00f4t\u00e9s<\/h2>\n<\/div><\/div>\n\n\n\n<p>En tant que membre de syndicom, tu disposes d\u2019une <a href=\"https:\/\/syndicom.ch\/fr\/assistance-juridique-professionnelle\/\" target=\"_blank\" rel=\"noreferrer noopener\">assistance juridique<\/a> compl\u00e8te. Cela signifie: conseils gratuits et soutien juridique pour toutes les questions concernant ton travail, pour les assurances sociales ou en cas de litiges avec l\u2019employeur. syndicom et toute son \u00e9quipe sont \u00e0 tes c\u00f4t\u00e9s.<\/p>\n<\/div>\n<\/div>\n\n\n\n<div class=\"wp-block-group alignfull has-background-color has-primary-background-color has-text-color has-background has-link-color wp-elements-f9b130a213a1a7f7c54001bc50979e80 is-layout-constrained wp-block-group-is-layout-constrained\">\n<div class=\"wp-block-group is-style-narrow is-layout-constrained wp-block-group-is-layout-constrained\">\n<h2 class=\"wp-block-heading has-text-align-center\">Personnelle, rapide, directe<\/h2>\n\n\n\n<p class=\"has-text-align-center\">Tu veux en savoir plus sur le syndicat syndicom ? Tu as des questions ou des probl\u00e8mes et tu souhaites \u00eatre conseill\u00e9 ? Contacte-nous, nous sommes l\u00e0 pour toi.<\/p>\n\n\n\n<div class=\"wp-block-buttons is-content-justification-center is-layout-flex wp-container-core-buttons-is-layout-16018d1d wp-block-buttons-is-layout-flex\">\n<div class=\"wp-block-button\"><a class=\"wp-block-button__link wp-element-button\" href=\"https:\/\/syndicom.ch\/fr\/contact\/\" target=\"_blank\" rel=\"noreferrer noopener\">Contacte-nous<\/a><\/div>\n\n\n\n<div class=\"wp-block-button is-style-outline is-style-outline--2\"><a class=\"wp-block-button__link wp-element-button\" href=\"https:\/\/syndicom.ch\/fr\/faq-affiliation\/\" target=\"_blank\" rel=\"noreferrer noopener\">Avantages et infos sur l\u2019adh\u00e9sion<\/a><\/div>\n<\/div>\n<\/div>\n<\/div>\n\n\n\n<div class=\"wp-block-group alignfull has-background-background-color has-background is-layout-constrained wp-block-group-is-layout-constrained\">\n<div class=\"wp-block-group alignfull has-background-background-color has-background is-layout-constrained wp-block-group-is-layout-constrained\">\n<h2 class=\"wp-block-heading has-text-align-center\">Ce que disent nos membres<\/h2>\n\n\n\n<div class=\"wp-block-group is-style-slider is-layout-constrained wp-block-group-is-layout-constrained\">\n<div class=\"wp-block-media-text is-style-outline has-background-background-color has-background coblocks-animate\" style=\"grid-template-columns:27% auto\" data-coblocks-animation=\"zoomIn\"><figure class=\"wp-block-media-text__media\"><img loading=\"lazy\" decoding=\"async\" width=\"590\" height=\"659\" src=\"https:\/\/syndicom.ch\/app\/uploads\/2024\/08\/gewerkschaft-syndicom-angela-parisi.jpg\" alt=\"Angela Parisi\" class=\"wp-image-3167 size-full\" srcset=\"https:\/\/syndicom.ch\/app\/uploads\/2024\/08\/gewerkschaft-syndicom-angela-parisi.jpg 590w, https:\/\/syndicom.ch\/app\/uploads\/2024\/08\/gewerkschaft-syndicom-angela-parisi-269x300.jpg 269w\" sizes=\"auto, (max-width: 590px) 100vw, 590px\" \/><\/figure><div class=\"wp-block-media-text__content\">\n<p>\u00ab Je suis affili\u00e9e au syndicat syndicom, car le mouvement des travailleuses et travailleurs se bat pour les droits des femmes. L\u2019AVS, le cong\u00e9 maternit\u00e9, des salaires \u00e9gaux \u00e0 travail \u00e9gal \u2013 tout cela ne serait pas possible sans notre syndicat. \u00bb<\/p>\n\n\n\n<p><br><strong>Angela Parisi, <\/strong>distributrice \u00e0 la Poste (Services logistiques), Ticino<\/p>\n<\/div><\/div>\n\n\n\n<div class=\"wp-block-media-text is-style-outline coblocks-animate\" style=\"grid-template-columns:27% auto\" data-coblocks-animation=\"zoomIn\"><figure class=\"wp-block-media-text__media\"><img loading=\"lazy\" decoding=\"async\" width=\"590\" height=\"449\" src=\"https:\/\/syndicom.ch\/app\/uploads\/2024\/08\/gewerkschaft-syndicom-marius-luedi.jpg\" alt=\"Marius L\u00fcdi\" class=\"wp-image-3177 size-full\" srcset=\"https:\/\/syndicom.ch\/app\/uploads\/2024\/08\/gewerkschaft-syndicom-marius-luedi.jpg 590w, https:\/\/syndicom.ch\/app\/uploads\/2024\/08\/gewerkschaft-syndicom-marius-luedi-300x228.jpg 300w\" sizes=\"auto, (max-width: 590px) 100vw, 590px\" \/><\/figure><div class=\"wp-block-media-text__content\">\n<p>\u00ab En tant que facteur engag\u00e9 \u00e0 la Poste, je dispose d\u2019une convention collective de travail, qui me permet &nbsp;par exemple de b\u00e9n\u00e9ficier chaque matin d\u2019une courte pause pay\u00e9e. Je pense que nous, les distributeurs et distributrices, &nbsp;devons regrouper nos int\u00e9r\u00eats pour \u00eatre entendus. \u00bb<\/p>\n\n\n\n<p><br><strong>Marius L\u00fcdi,<\/strong> facteur, Effretikon<\/p>\n<\/div><\/div>\n\n\n\n<div class=\"wp-block-media-text is-style-outline coblocks-animate\" style=\"grid-template-columns:27% auto\" data-coblocks-animation=\"zoomIn\"><figure class=\"wp-block-media-text__media\"><img loading=\"lazy\" decoding=\"async\" width=\"206\" height=\"206\" src=\"https:\/\/syndicom.ch\/app\/uploads\/2024\/08\/gewerkschaft-syndicom-monika-wernli.jpg\" alt=\"\" class=\"wp-image-3846 size-full\" srcset=\"https:\/\/syndicom.ch\/app\/uploads\/2024\/08\/gewerkschaft-syndicom-monika-wernli.jpg 206w, https:\/\/syndicom.ch\/app\/uploads\/2024\/08\/gewerkschaft-syndicom-monika-wernli-150x150.jpg 150w\" sizes=\"auto, (max-width: 206px) 100vw, 206px\" \/><\/figure><div class=\"wp-block-media-text__content\">\n<p>\u00ab syndicom s\u2019engage pour nous, les distributrices et distributeurs de publicit\u00e9, afin que le temps calcul\u00e9 pour nos tourn\u00e9es devienne plus r\u00e9aliste. Je pense que nous devons f\u00e9d\u00e9rer nos int\u00e9r\u00eats pour \u00eatre entendus. \u00bb<\/p>\n\n\n\n<p><br><strong>Monika Wernli<\/strong>, distributrice de publicit\u00e9 chez Quickmail, Aargau<\/p>\n<\/div><\/div>\n<\/div>\n\n\n\n<div class=\"wp-block-buttons is-content-justification-center is-layout-flex wp-container-core-buttons-is-layout-16018d1d wp-block-buttons-is-layout-flex\">\n<div class=\"wp-block-button is-style-fill\"><a class=\"wp-block-button__link wp-element-button\" href=\"https:\/\/my.syndicom.ch\/adhesion\" target=\"_blank\" rel=\"noreferrer noopener\">Devenir membre<\/a><\/div>\n<\/div>\n<\/div>\n<\/div>\n\n\n\n<div class=\"wp-block-group alignfull is-style-default has-background-color has-primary-background-color has-text-color has-background has-link-color wp-elements-6e4eb64d055b811d2f95f400bd9db66c is-layout-constrained wp-block-group-is-layout-constrained\">\n<div class=\"wp-block-media-text is-style-default\" style=\"grid-template-columns:26% auto\"><figure class=\"wp-block-media-text__media\"><a href=\"https:\/\/my.syndicom.ch\/adhesion\" target=\"_blank\" rel=\" noreferrer noopener\"><img loading=\"lazy\" decoding=\"async\" width=\"1024\" height=\"964\" src=\"https:\/\/syndicom.ch\/app\/uploads\/2025\/02\/vorteile-1024x964-2.webp\" alt=\"\" class=\"wp-image-27435 size-full\" srcset=\"https:\/\/syndicom.ch\/app\/uploads\/2025\/02\/vorteile-1024x964-2.webp 1024w, https:\/\/syndicom.ch\/app\/uploads\/2025\/02\/vorteile-1024x964-2-300x282.webp 300w, https:\/\/syndicom.ch\/app\/uploads\/2025\/02\/vorteile-1024x964-2-768x723.webp 768w\" sizes=\"auto, (max-width: 1024px) 100vw, 1024px\" \/><\/a><\/figure><div class=\"wp-block-media-text__content\">\n<h2 class=\"wp-block-heading\"><strong>Comme membre de syndicom, tu profites d\u2019avantages<\/strong><\/h2>\n\n\n\n<p>Tu renforces notre syndicat et donc aussi ta position professionnelle. Ainsi, tu b\u00e9n\u00e9ficies d\u2019une protection, d\u2019un soutien et de rabais attrayants.<\/p>\n\n\n\n<p><\/p>\n\n\n\n<p><\/p>\n<\/div><\/div>\n\n\n\n<div class=\"wp-block-buttons is-content-justification-center is-layout-flex wp-container-core-buttons-is-layout-16018d1d wp-block-buttons-is-layout-flex\">\n<div class=\"wp-block-button is-style-syn-member-cta\"><a class=\"wp-block-button__link wp-element-button\" href=\"https:\/\/my.syndicom.ch\/adhesion\" target=\"_blank\" rel=\"noreferrer noopener\">Deviens membre<\/a><\/div>\n\n\n\n<div class=\"wp-block-button is-style-outline is-style-outline--3\"><a class=\"wp-block-button__link has-background-color has-text-color has-link-color wp-element-button\" href=\"https:\/\/syndicom.ch\/fr\/faq-affiliation\/\" target=\"_blank\" rel=\"noreferrer noopener\">Avantages et infos sur l&rsquo;adh\u00e9sion<\/a><\/div>\n<\/div>\n<\/div>\n","protected":false},"excerpt":{"rendered":"<p>Nous sommes l\u00e0 pour que le personnel de distribution puisse travailler dans des conditions bonnes et s\u00fbres Peu importe que tu distribues de la publicit\u00e9, des lettres, des colis, des quotidiens ou autre chose. Peu importe que tu travailles pour la Poste, DMC, Presto, DPD, DHL, Quickpac ou une autre entreprise. En tant que syndicat [&hellip;]<\/p>\n","protected":false},"author":2,"featured_media":39030,"parent":0,"menu_order":0,"comment_status":"closed","ping_status":"closed","template":"","meta":{"_acf_changed":false,"inline_featured_image":false,"_coblocks_attr":"","_coblocks_dimensions":"","_coblocks_responsive_height":"","_coblocks_accordion_ie_support":"","footnotes":""},"categories":[362],"class_list":["post-8537","page","type-page","status-publish","has-post-thumbnail","hentry","category-devenir-membre"],"acf":[],"yoast_head":"<!-- This site is optimized with the Yoast SEO plugin v27.3 - https:\/\/yoast.com\/product\/yoast-seo-wordpress\/ -->\n<title>Devenir membre: Distribution - syndicom<\/title>\n<meta name=\"description\" content=\"Nous sommes l\u00e0 pour que le personnel de distribution puisse travailler dans des conditions bonnes et s\u00fbres.\" \/>\n<meta name=\"robots\" content=\"index, follow, max-snippet:-1, max-image-preview:large, max-video-preview:-1\" \/>\n<link rel=\"canonical\" href=\"https:\/\/syndicom.ch\/fr\/devenir-membre-distribution\/\" \/>\n<meta property=\"og:locale\" content=\"fr_FR\" \/>\n<meta property=\"og:type\" content=\"article\" \/>\n<meta property=\"og:title\" content=\"Devenir membre: Distribution - syndicom\" \/>\n<meta property=\"og:description\" content=\"Nous sommes l\u00e0 pour que le personnel de distribution puisse travailler dans des conditions bonnes et s\u00fbres.\" \/>\n<meta property=\"og:url\" content=\"https:\/\/syndicom.ch\/fr\/devenir-membre-distribution\/\" \/>\n<meta property=\"og:site_name\" content=\"syndicom\" \/>\n<meta property=\"article:modified_time\" content=\"2026-02-04T13:27:35+00:00\" \/>\n<meta property=\"og:image\" content=\"https:\/\/syndicom.ch\/app\/uploads\/2025\/06\/gewerkschaft-syndicom-icon-button-mitglied-werden.png\" \/>\n\t<meta property=\"og:image:width\" content=\"1500\" \/>\n\t<meta property=\"og:image:height\" content=\"1500\" \/>\n\t<meta property=\"og:image:type\" content=\"image\/png\" \/>\n<meta name=\"twitter:card\" content=\"summary_large_image\" \/>\n<meta name=\"twitter:label1\" content=\"Dur\u00e9e de lecture estim\u00e9e\" \/>\n\t<meta name=\"twitter:data1\" content=\"5 minutes\" \/>\n<script type=\"application\/ld+json\" class=\"yoast-schema-graph\">{\"@context\":\"https:\\\/\\\/schema.org\",\"@graph\":[{\"@type\":\"WebPage\",\"@id\":\"https:\\\/\\\/syndicom.ch\\\/fr\\\/devenir-membre-distribution\\\/\",\"url\":\"https:\\\/\\\/syndicom.ch\\\/fr\\\/devenir-membre-distribution\\\/\",\"name\":\"Devenir membre: Distribution - syndicom\",\"isPartOf\":{\"@id\":\"https:\\\/\\\/syndicom.ch\\\/fr\\\/#website\"},\"primaryImageOfPage\":{\"@id\":\"https:\\\/\\\/syndicom.ch\\\/fr\\\/devenir-membre-distribution\\\/#primaryimage\"},\"image\":{\"@id\":\"https:\\\/\\\/syndicom.ch\\\/fr\\\/devenir-membre-distribution\\\/#primaryimage\"},\"thumbnailUrl\":\"https:\\\/\\\/syndicom.ch\\\/app\\\/uploads\\\/2025\\\/06\\\/gewerkschaft-syndicom-icon-button-mitglied-werden.png\",\"datePublished\":\"2024-07-05T14:37:22+00:00\",\"dateModified\":\"2026-02-04T13:27:35+00:00\",\"description\":\"Nous sommes l\u00e0 pour que le personnel de distribution puisse travailler dans des conditions bonnes et s\u00fbres.\",\"breadcrumb\":{\"@id\":\"https:\\\/\\\/syndicom.ch\\\/fr\\\/devenir-membre-distribution\\\/#breadcrumb\"},\"inLanguage\":\"fr-FR\",\"potentialAction\":[{\"@type\":\"ReadAction\",\"target\":[\"https:\\\/\\\/syndicom.ch\\\/fr\\\/devenir-membre-distribution\\\/\"]}]},{\"@type\":\"ImageObject\",\"inLanguage\":\"fr-FR\",\"@id\":\"https:\\\/\\\/syndicom.ch\\\/fr\\\/devenir-membre-distribution\\\/#primaryimage\",\"url\":\"https:\\\/\\\/syndicom.ch\\\/app\\\/uploads\\\/2025\\\/06\\\/gewerkschaft-syndicom-icon-button-mitglied-werden.png\",\"contentUrl\":\"https:\\\/\\\/syndicom.ch\\\/app\\\/uploads\\\/2025\\\/06\\\/gewerkschaft-syndicom-icon-button-mitglied-werden.png\",\"width\":1500,\"height\":1500},{\"@type\":\"BreadcrumbList\",\"@id\":\"https:\\\/\\\/syndicom.ch\\\/fr\\\/devenir-membre-distribution\\\/#breadcrumb\",\"itemListElement\":[{\"@type\":\"ListItem\",\"position\":1,\"name\":\"Page d'accueil\",\"item\":\"https:\\\/\\\/syndicom.ch\\\/fr\\\/\"},{\"@type\":\"ListItem\",\"position\":2,\"name\":\"Devenir membre: Distribution\"}]},{\"@type\":\"WebSite\",\"@id\":\"https:\\\/\\\/syndicom.ch\\\/fr\\\/#website\",\"url\":\"https:\\\/\\\/syndicom.ch\\\/fr\\\/\",\"name\":\"syndicom\",\"description\":\"\",\"publisher\":{\"@id\":\"https:\\\/\\\/syndicom.ch\\\/fr\\\/#organization\"},\"potentialAction\":[{\"@type\":\"SearchAction\",\"target\":{\"@type\":\"EntryPoint\",\"urlTemplate\":\"https:\\\/\\\/syndicom.ch\\\/fr\\\/?s={search_term_string}\"},\"query-input\":{\"@type\":\"PropertyValueSpecification\",\"valueRequired\":true,\"valueName\":\"search_term_string\"}}],\"inLanguage\":\"fr-FR\"},{\"@type\":\"Organization\",\"@id\":\"https:\\\/\\\/syndicom.ch\\\/fr\\\/#organization\",\"name\":\"syndicom\",\"url\":\"https:\\\/\\\/syndicom.ch\\\/fr\\\/\",\"logo\":{\"@type\":\"ImageObject\",\"inLanguage\":\"fr-FR\",\"@id\":\"https:\\\/\\\/syndicom.ch\\\/fr\\\/#\\\/schema\\\/logo\\\/image\\\/\",\"url\":\"https:\\\/\\\/syndicom.ch\\\/app\\\/uploads\\\/2024\\\/06\\\/logo.svg\",\"contentUrl\":\"https:\\\/\\\/syndicom.ch\\\/app\\\/uploads\\\/2024\\\/06\\\/logo.svg\",\"width\":297,\"height\":51,\"caption\":\"syndicom\"},\"image\":{\"@id\":\"https:\\\/\\\/syndicom.ch\\\/fr\\\/#\\\/schema\\\/logo\\\/image\\\/\"}}]}<\/script>\n<!-- \/ Yoast SEO plugin. -->","yoast_head_json":{"title":"Devenir membre: Distribution - syndicom","description":"Nous sommes l\u00e0 pour que le personnel de distribution puisse travailler dans des conditions bonnes et s\u00fbres.","robots":{"index":"index","follow":"follow","max-snippet":"max-snippet:-1","max-image-preview":"max-image-preview:large","max-video-preview":"max-video-preview:-1"},"canonical":"https:\/\/syndicom.ch\/fr\/devenir-membre-distribution\/","og_locale":"fr_FR","og_type":"article","og_title":"Devenir membre: Distribution - syndicom","og_description":"Nous sommes l\u00e0 pour que le personnel de distribution puisse travailler dans des conditions bonnes et s\u00fbres.","og_url":"https:\/\/syndicom.ch\/fr\/devenir-membre-distribution\/","og_site_name":"syndicom","article_modified_time":"2026-02-04T13:27:35+00:00","og_image":[{"width":1500,"height":1500,"url":"https:\/\/syndicom.ch\/app\/uploads\/2025\/06\/gewerkschaft-syndicom-icon-button-mitglied-werden.png","type":"image\/png"}],"twitter_card":"summary_large_image","twitter_misc":{"Dur\u00e9e de lecture estim\u00e9e":"5 minutes"},"schema":{"@context":"https:\/\/schema.org","@graph":[{"@type":"WebPage","@id":"https:\/\/syndicom.ch\/fr\/devenir-membre-distribution\/","url":"https:\/\/syndicom.ch\/fr\/devenir-membre-distribution\/","name":"Devenir membre: Distribution - syndicom","isPartOf":{"@id":"https:\/\/syndicom.ch\/fr\/#website"},"primaryImageOfPage":{"@id":"https:\/\/syndicom.ch\/fr\/devenir-membre-distribution\/#primaryimage"},"image":{"@id":"https:\/\/syndicom.ch\/fr\/devenir-membre-distribution\/#primaryimage"},"thumbnailUrl":"https:\/\/syndicom.ch\/app\/uploads\/2025\/06\/gewerkschaft-syndicom-icon-button-mitglied-werden.png","datePublished":"2024-07-05T14:37:22+00:00","dateModified":"2026-02-04T13:27:35+00:00","description":"Nous sommes l\u00e0 pour que le personnel de distribution puisse travailler dans des conditions bonnes et s\u00fbres.","breadcrumb":{"@id":"https:\/\/syndicom.ch\/fr\/devenir-membre-distribution\/#breadcrumb"},"inLanguage":"fr-FR","potentialAction":[{"@type":"ReadAction","target":["https:\/\/syndicom.ch\/fr\/devenir-membre-distribution\/"]}]},{"@type":"ImageObject","inLanguage":"fr-FR","@id":"https:\/\/syndicom.ch\/fr\/devenir-membre-distribution\/#primaryimage","url":"https:\/\/syndicom.ch\/app\/uploads\/2025\/06\/gewerkschaft-syndicom-icon-button-mitglied-werden.png","contentUrl":"https:\/\/syndicom.ch\/app\/uploads\/2025\/06\/gewerkschaft-syndicom-icon-button-mitglied-werden.png","width":1500,"height":1500},{"@type":"BreadcrumbList","@id":"https:\/\/syndicom.ch\/fr\/devenir-membre-distribution\/#breadcrumb","itemListElement":[{"@type":"ListItem","position":1,"name":"Page d'accueil","item":"https:\/\/syndicom.ch\/fr\/"},{"@type":"ListItem","position":2,"name":"Devenir membre: Distribution"}]},{"@type":"WebSite","@id":"https:\/\/syndicom.ch\/fr\/#website","url":"https:\/\/syndicom.ch\/fr\/","name":"syndicom","description":"","publisher":{"@id":"https:\/\/syndicom.ch\/fr\/#organization"},"potentialAction":[{"@type":"SearchAction","target":{"@type":"EntryPoint","urlTemplate":"https:\/\/syndicom.ch\/fr\/?s={search_term_string}"},"query-input":{"@type":"PropertyValueSpecification","valueRequired":true,"valueName":"search_term_string"}}],"inLanguage":"fr-FR"},{"@type":"Organization","@id":"https:\/\/syndicom.ch\/fr\/#organization","name":"syndicom","url":"https:\/\/syndicom.ch\/fr\/","logo":{"@type":"ImageObject","inLanguage":"fr-FR","@id":"https:\/\/syndicom.ch\/fr\/#\/schema\/logo\/image\/","url":"https:\/\/syndicom.ch\/app\/uploads\/2024\/06\/logo.svg","contentUrl":"https:\/\/syndicom.ch\/app\/uploads\/2024\/06\/logo.svg","width":297,"height":51,"caption":"syndicom"},"image":{"@id":"https:\/\/syndicom.ch\/fr\/#\/schema\/logo\/image\/"}}]}},"_links":{"self":[{"href":"https:\/\/syndicom.ch\/fr\/wp-json\/wp\/v2\/pages\/8537","targetHints":{"allow":["GET"]}}],"collection":[{"href":"https:\/\/syndicom.ch\/fr\/wp-json\/wp\/v2\/pages"}],"about":[{"href":"https:\/\/syndicom.ch\/fr\/wp-json\/wp\/v2\/types\/page"}],"author":[{"embeddable":true,"href":"https:\/\/syndicom.ch\/fr\/wp-json\/wp\/v2\/users\/2"}],"replies":[{"embeddable":true,"href":"https:\/\/syndicom.ch\/fr\/wp-json\/wp\/v2\/comments?post=8537"}],"version-history":[{"count":28,"href":"https:\/\/syndicom.ch\/fr\/wp-json\/wp\/v2\/pages\/8537\/revisions"}],"predecessor-version":[{"id":50325,"href":"https:\/\/syndicom.ch\/fr\/wp-json\/wp\/v2\/pages\/8537\/revisions\/50325"}],"wp:featuredmedia":[{"embeddable":true,"href":"https:\/\/syndicom.ch\/fr\/wp-json\/wp\/v2\/media\/39030"}],"wp:attachment":[{"href":"https:\/\/syndicom.ch\/fr\/wp-json\/wp\/v2\/media?parent=8537"}],"wp:term":[{"taxonomy":"category","embeddable":true,"href":"https:\/\/syndicom.ch\/fr\/wp-json\/wp\/v2\/categories?post=8537"}],"curies":[{"name":"wp","href":"https:\/\/api.w.org\/{rel}","templated":true}]}}