{"id":16896,"date":"2024-11-22T10:34:08","date_gmt":"2024-11-22T09:34:08","guid":{"rendered":"https:\/\/syndicom.ch\/?page_id=16896"},"modified":"2025-10-29T10:02:55","modified_gmt":"2025-10-29T09:02:55","slug":"diventare-membro-swisscom","status":"publish","type":"page","link":"https:\/\/syndicom.ch\/it\/diventare-membro-swisscom\/","title":{"rendered":"Diventare membro: Swisscom"},"content":{"rendered":"\n<div class=\"wp-block-group alignfull has-background-color has-primary-background-color has-text-color has-background has-link-color wp-elements-8a0b42faa1fca0766e6d5d45b43d2608 is-layout-constrained wp-block-group-is-layout-constrained\">\n<div class=\"wp-block-group is-style-narrow is-layout-constrained wp-block-group-is-layout-constrained\">\n<div class=\"wp-block-columns is-layout-flex wp-container-core-columns-is-layout-9d6595d7 wp-block-columns-is-layout-flex\">\n<div class=\"wp-block-column is-layout-flow wp-block-column-is-layout-flow\" style=\"flex-basis:80%\">\n<h1 class=\"wp-block-heading\">Un contratto collettivo di lavoro moderno per te. Grazie a syndicom!<\/h1>\n\n\n\n<div class=\"wp-block-buttons is-layout-flex wp-block-buttons-is-layout-flex\">\n<div class=\"wp-block-button\"><a class=\"wp-block-button__link wp-element-button\" href=\"https:\/\/my.syndicom.ch\/adesione\" target=\"_blank\" rel=\"noreferrer noopener\">Diventa membro<\/a><\/div>\n<\/div>\n<\/div>\n<\/div>\n<\/div>\n<\/div>\n\n\n\n<div class=\"wp-block-group alignfull has-background-background-color has-background is-layout-constrained wp-block-group-is-layout-constrained\">\n<div class=\"wp-block-group is-style-narrow is-layout-constrained wp-block-group-is-layout-constrained\">\n<h2 class=\"wp-block-heading\"><strong>Chi siamo e cosa facciamo per te?<\/strong><\/h2>\n\n\n\n<p>Abbiamo negoziato <a href=\"https:\/\/syndicom.ch\/it\/voce-glossario\/swisscom\/\" target=\"_blank\" rel=\"noreferrer noopener\">il tuo nuovo contratto collettivo di lavoro (CCL)<\/a>. Ti garantisce pi\u00f9 vacanze, pi\u00f9 compatibilit\u00e0 tra vita privata e familiare e consente modelli di pensionamento parziale adatti alle diverse fasi della sua vita.&nbsp;<\/p>\n\n\n\n<p>Inoltre, abbiamo concordato con Swisscom di esaminare progetti pilota in azienda per ridurre l&#8217;orario di lavoro. Siamo certi che questo dimostrer\u00e0 che la riduzione dell&#8217;orario di lavoro non solo \u00e8 sostenibile per l&#8217;azienda, ma addirittura positiva.&nbsp;<\/p>\n\n\n\n<p>Per questo abbiamo bisogno di te. Perch\u00e9 per i nuovi modelli di orario di lavoro dobbiamo tornare al tavolo delle trattative. Il tuo aiuto sar\u00e0 prezioso: pi\u00f9 i dipendenti di Swisscom sono coinvolti e organizzati in syndicom, pi\u00f9 le discussioni avranno successo. Possiamo contare su di te? Fai sentire la tua voce e diventa membro di syndicom.&nbsp;<\/p>\n\n\n\n<div class=\"wp-block-buttons is-content-justification-center is-layout-flex wp-container-core-buttons-is-layout-16018d1d wp-block-buttons-is-layout-flex\">\n<div class=\"wp-block-button is-style-fill\"><a class=\"wp-block-button__link has-foreground-color has-text-color has-link-color wp-element-button\" href=\"https:\/\/my.syndicom.ch\/adesione\" target=\"_blank\" rel=\"noreferrer noopener\">Diventa membro di syndicom<\/a><\/div>\n<\/div>\n\n\n\n<div style=\"height:100px\" aria-hidden=\"true\" class=\"wp-block-spacer\"><\/div>\n\n\n\n<div class=\"wp-block-media-text\" style=\"grid-template-columns:15% auto\"><figure class=\"wp-block-media-text__media\"><img loading=\"lazy\" decoding=\"async\" width=\"954\" height=\"1024\" src=\"https:\/\/syndicom.ch\/app\/uploads\/2024\/08\/gewerkschaft-syndicom-icon-faust-954x1024.jpg\" alt=\"Blaues Faust Icon\" class=\"wp-image-2790 size-full\" srcset=\"https:\/\/syndicom.ch\/app\/uploads\/2024\/08\/gewerkschaft-syndicom-icon-faust-954x1024.jpg 954w, https:\/\/syndicom.ch\/app\/uploads\/2024\/08\/gewerkschaft-syndicom-icon-faust-279x300.jpg 279w, https:\/\/syndicom.ch\/app\/uploads\/2024\/08\/gewerkschaft-syndicom-icon-faust-768x825.jpg 768w, https:\/\/syndicom.ch\/app\/uploads\/2024\/08\/gewerkschaft-syndicom-icon-faust.jpg 1409w\" sizes=\"auto, (max-width: 954px) 100vw, 954px\" \/><\/figure><div class=\"wp-block-media-text__content\">\n<h3 class=\"wp-block-heading\"><strong><strong><strong><strong>syndicom per un buon lavoro<\/strong><\/strong><\/strong><\/strong><\/h3>\n\n\n\n<p>Come vuoi lavorare oggi e domani? La riduzione dell&#8217;orario di lavoro, i nuovi modelli di orario di lavoro e la flessibilit\u00e0 sono le nostre principali preoccupazioni.\u00a0\u00a0<\/p>\n<\/div><\/div>\n\n\n\n<p><\/p>\n\n\n\n<div class=\"wp-block-media-text\" style=\"grid-template-columns:15% auto\"><figure class=\"wp-block-media-text__media\"><img loading=\"lazy\" decoding=\"async\" width=\"1001\" height=\"1024\" src=\"https:\/\/syndicom.ch\/app\/uploads\/2024\/08\/gewerkschaft-syndicom-icon-buecher-bildung-1001x1024.jpg\" alt=\"\" class=\"wp-image-2811 size-full\" srcset=\"https:\/\/syndicom.ch\/app\/uploads\/2024\/08\/gewerkschaft-syndicom-icon-buecher-bildung-1001x1024.jpg 1001w, https:\/\/syndicom.ch\/app\/uploads\/2024\/08\/gewerkschaft-syndicom-icon-buecher-bildung-293x300.jpg 293w, https:\/\/syndicom.ch\/app\/uploads\/2024\/08\/gewerkschaft-syndicom-icon-buecher-bildung-768x785.jpg 768w, https:\/\/syndicom.ch\/app\/uploads\/2024\/08\/gewerkschaft-syndicom-icon-buecher-bildung-1502x1536.jpg 1502w, https:\/\/syndicom.ch\/app\/uploads\/2024\/08\/gewerkschaft-syndicom-icon-buecher-bildung.jpg 1553w\" sizes=\"auto, (max-width: 1001px) 100vw, 1001px\" \/><\/figure><div class=\"wp-block-media-text__content\">\n<h3 class=\"wp-block-heading\"><strong><strong><strong><strong><strong><strong><strong><strong>La tua formazione ci sta a cuore<\/strong><\/strong><\/strong><\/strong><\/strong><\/strong><\/strong><\/strong><\/h3>\n\n\n\n<p>Conosci gi\u00e0 la nostra formazione annuale. Ora ti offriamo <a href=\"https:\/\/syndicom.ch\/it\/formazione-corsi-e-istruzione\/\" target=\"_blank\" rel=\"noreferrer noopener\">corsi<\/a> interessanti e un sostegno finanziario.<\/p>\n<\/div><\/div>\n\n\n\n<p><\/p>\n\n\n\n<div class=\"wp-block-media-text\" style=\"grid-template-columns:15% auto\"><figure class=\"wp-block-media-text__media\"><img loading=\"lazy\" decoding=\"async\" width=\"1024\" height=\"1006\" src=\"https:\/\/syndicom.ch\/app\/uploads\/2024\/08\/gewerkschaft-syndicom-icon-superman-1024x1006.jpg\" alt=\"Hellblaues Icon eines Superhelden\" class=\"wp-image-2803 size-full\" srcset=\"https:\/\/syndicom.ch\/app\/uploads\/2024\/08\/gewerkschaft-syndicom-icon-superman-1024x1006.jpg 1024w, https:\/\/syndicom.ch\/app\/uploads\/2024\/08\/gewerkschaft-syndicom-icon-superman-300x295.jpg 300w, https:\/\/syndicom.ch\/app\/uploads\/2024\/08\/gewerkschaft-syndicom-icon-superman-768x755.jpg 768w, https:\/\/syndicom.ch\/app\/uploads\/2024\/08\/gewerkschaft-syndicom-icon-superman-1536x1510.jpg 1536w, https:\/\/syndicom.ch\/app\/uploads\/2024\/08\/gewerkschaft-syndicom-icon-superman.jpg 1567w\" sizes=\"auto, (max-width: 1024px) 100vw, 1024px\" \/><\/figure><div class=\"wp-block-media-text__content\">\n<h3 class=\"wp-block-heading\"><strong><strong><strong><strong><strong><strong><strong><strong><strong><strong><strong><strong><strong>La tua opinione conta per syndicom<\/strong><\/strong><\/strong><\/strong><\/strong><\/strong><\/strong><\/strong><\/strong><\/strong><\/strong><\/strong><\/strong><\/h3>\n\n\n\n<p>La tua posizione sull&#8217;orario di lavoro? Sono i nostri iscritti a decidere! Anche tu pu\u00f2 dire la tua!<\/p>\n<\/div><\/div>\n<\/div>\n<\/div>\n\n\n\n<div class=\"wp-block-group alignfull has-background-color has-primary-background-color has-text-color has-background has-link-color wp-elements-2efc34b062ef02f123946cb62a222020 is-layout-constrained wp-block-group-is-layout-constrained\"><div class=\"wp-block-quote-wrapper\">\n<blockquote class=\"wp-block-quote is-layout-flow wp-block-quote-is-layout-flow\">\n<p>Ho aderito a syndicom 6 anni fa. Il carico di lavoro aumenta costantemente, lo stress aumenta, la pressione aumenta. syndicom ha intrapreso delle cose al riguardo: la riduzione dell&#8217;orario di lavoro a 35 ore a settimana. Abbiamo bisogno della tua adesione per spuntarla nei negoziati!<\/p>\n<\/blockquote>\n<\/div>\n\n\n<div class=\"wp-block-media-text is-vertically-aligned-center is-style-default\" style=\"grid-template-columns:15% auto\"><figure class=\"wp-block-media-text__media\"><img loading=\"lazy\" decoding=\"async\" width=\"1024\" height=\"1024\" src=\"https:\/\/syndicom.ch\/app\/uploads\/2025\/08\/gewerkschaft-syndicom-susanne-krueger-1024x1024.png\" alt=\"Susanne Kr\u00fcger\" class=\"wp-image-3107 size-full\" srcset=\"https:\/\/syndicom.ch\/app\/uploads\/2025\/08\/gewerkschaft-syndicom-susanne-krueger-1024x1024.png 1024w, https:\/\/syndicom.ch\/app\/uploads\/2025\/08\/gewerkschaft-syndicom-susanne-krueger-300x300.png 300w, https:\/\/syndicom.ch\/app\/uploads\/2025\/08\/gewerkschaft-syndicom-susanne-krueger-150x150.png 150w, https:\/\/syndicom.ch\/app\/uploads\/2025\/08\/gewerkschaft-syndicom-susanne-krueger-768x768.png 768w, https:\/\/syndicom.ch\/app\/uploads\/2025\/08\/gewerkschaft-syndicom-susanne-krueger.png 1080w\" sizes=\"auto, (max-width: 1024px) 100vw, 1024px\" \/><\/figure><div class=\"wp-block-media-text__content\">\n<p><strong>Susanne Kr\u00fcger<\/strong>, membro della delegazione negoziale<\/p>\n<\/div><\/div>\n<\/div>\n\n\n\n<div class=\"wp-block-group alignfull has-background-background-color has-background is-layout-constrained wp-block-group-is-layout-constrained\">\n<div class=\"wp-block-group is-style-narrow is-layout-constrained wp-block-group-is-layout-constrained\">\n<h2 class=\"wp-block-heading\"><strong>Quanto costa l&#8217;iscrizione a syndicom?<\/strong><\/h2>\n\n\n\n<p>L&#8217;importo della quota associativa dipende dal tuo reddito annuo. Come affiliata\/o a syndicom risparmi il contributo CCL!<\/p>\n\n\n\n<div class=\"wp-block-buttons is-content-justification-left is-layout-flex wp-container-core-buttons-is-layout-fdcfc74e wp-block-buttons-is-layout-flex\">\n<div class=\"wp-block-button is-style-outline is-style-outline--1\"><a class=\"wp-block-button__link has-primary-color has-text-color has-link-color wp-element-button\" href=\"https:\/\/syndicom.ch\/it\/faq-adesione\/\" target=\"_blank\" rel=\"noreferrer noopener\">Vantaggi e info sull&#8217;adesione<\/a><\/div>\n<\/div>\n\n\n\n<h2 class=\"wp-block-heading\"><strong>Hai domande sull\u2019adesione?<\/strong><\/h2>\n\n\n\n<p>Contattaci in qualsiasi momento allo: <a href=\"tel:+41 58 817 18 18\">+41 58 817 18 18<\/a>, <a href=\"mailto:&#105;&#99;&#116;&#64;&#115;&#121;&#110;&#100;&#105;&#99;&#111;&#109;&#46;&#99;&#104;\">&#105;&#99;&#116;&#64;&#115;&#121;&#110;&#100;&#105;&#99;&#111;&#109;&#46;&#99;&#104;<\/a><\/p>\n<\/div>\n<\/div>\n\n\n\n<div class=\"wp-block-group alignfull has-background-color has-primary-background-color has-text-color has-background has-link-color wp-elements-e395f65979f16c05654b0ae43aa9f0b4 is-layout-constrained wp-block-group-is-layout-constrained\">\n<div class=\"wp-block-group is-style-narrow is-layout-constrained wp-block-group-is-layout-constrained\">\n<h2 class=\"wp-block-heading has-text-align-center\">S\u00ec, aderisco!<\/h2>\n\n\n\n<p class=\"has-text-align-center\">I nostri punti forti: la conclusione di accordi collettivi di lavoro e i nostri vantaggi per le affiliate e gli affiliati. Rendici ancora pi\u00f9 forti con la tua adesione.<\/p>\n\n\n\n<div class=\"wp-block-buttons is-content-justification-center is-layout-flex wp-container-core-buttons-is-layout-16018d1d wp-block-buttons-is-layout-flex\">\n<div class=\"wp-block-button\"><a class=\"wp-block-button__link wp-element-button\" href=\"https:\/\/my.syndicom.ch\/adesione\" target=\"_blank\" rel=\"noreferrer noopener\">S\u00ec, aderisco!<\/a><\/div>\n\n\n\n<div class=\"wp-block-button is-style-outline is-style-outline--2\"><a class=\"wp-block-button__link wp-element-button\" href=\"https:\/\/syndicom.ch\/it\/faq-adesione\/\" target=\"_blank\" rel=\"noreferrer noopener\">Vantaggi e info sull&#8217;adesione<\/a><\/div>\n<\/div>\n<\/div>\n<\/div>\n","protected":false},"excerpt":{"rendered":"<p>Pi\u00f9 i dipendenti di Swisscom sono coinvolti e organizzati in syndicom, pi\u00f9 le discussioni avranno successo. Possiamo contare su di te?<\/p>\n","protected":false},"author":3,"featured_media":46223,"parent":0,"menu_order":0,"comment_status":"closed","ping_status":"closed","template":"","meta":{"_acf_changed":false,"_coblocks_attr":"","_coblocks_dimensions":"","_coblocks_responsive_height":"","_coblocks_accordion_ie_support":"","inline_featured_image":false,"footnotes":""},"categories":[385,363,222,387],"class_list":["post-16896","page","type-page","status-publish","has-post-thumbnail","hentry","category-angebot-nach-beruf","category-diventa-membro","category-mitglied-werden","category-offerte-di-lavoro"],"acf":[],"yoast_head":"<!-- This site is optimized with the Yoast SEO plugin v27.3 - https:\/\/yoast.com\/product\/yoast-seo-wordpress\/ -->\n<title>Diventare membro: Swisscom - syndicom<\/title>\n<meta name=\"description\" content=\"Pi\u00f9 i dipendenti di Swisscom sono coinvolti e organizzati in syndicom, pi\u00f9 le discussioni avranno successo. Possiamo contare su di te?\" \/>\n<meta name=\"robots\" content=\"index, follow, max-snippet:-1, max-image-preview:large, max-video-preview:-1\" \/>\n<link rel=\"canonical\" href=\"https:\/\/syndicom.ch\/it\/diventare-membro-swisscom\/\" \/>\n<meta property=\"og:locale\" content=\"it_IT\" \/>\n<meta property=\"og:type\" content=\"article\" \/>\n<meta property=\"og:title\" content=\"Diventare membro: Swisscom - syndicom\" \/>\n<meta property=\"og:description\" content=\"Pi\u00f9 i dipendenti di Swisscom sono coinvolti e organizzati in syndicom, pi\u00f9 le discussioni avranno successo. Possiamo contare su di te?\" \/>\n<meta property=\"og:url\" content=\"https:\/\/syndicom.ch\/it\/diventare-membro-swisscom\/\" \/>\n<meta property=\"og:site_name\" content=\"syndicom\" \/>\n<meta property=\"article:publisher\" content=\"https:\/\/www.facebook.com\/syndicom\/\" \/>\n<meta property=\"article:modified_time\" content=\"2025-10-29T09:02:55+00:00\" \/>\n<meta property=\"og:image\" content=\"https:\/\/syndicom.ch\/app\/uploads\/2025\/08\/sindacato-syndicom-button-diventa-membro.png\" \/>\n\t<meta property=\"og:image:width\" content=\"832\" \/>\n\t<meta property=\"og:image:height\" content=\"860\" \/>\n\t<meta property=\"og:image:type\" content=\"image\/png\" \/>\n<meta name=\"twitter:card\" content=\"summary_large_image\" \/>\n<meta name=\"twitter:label1\" content=\"Tempo di lettura stimato\" \/>\n\t<meta name=\"twitter:data1\" content=\"3 minuti\" \/>\n<script type=\"application\/ld+json\" class=\"yoast-schema-graph\">{\"@context\":\"https:\\\/\\\/schema.org\",\"@graph\":[{\"@type\":\"WebPage\",\"@id\":\"https:\\\/\\\/syndicom.ch\\\/it\\\/diventare-membro-swisscom\\\/\",\"url\":\"https:\\\/\\\/syndicom.ch\\\/it\\\/diventare-membro-swisscom\\\/\",\"name\":\"Diventare membro: Swisscom - syndicom\",\"isPartOf\":{\"@id\":\"https:\\\/\\\/syndicom.ch\\\/it\\\/#website\"},\"primaryImageOfPage\":{\"@id\":\"https:\\\/\\\/syndicom.ch\\\/it\\\/diventare-membro-swisscom\\\/#primaryimage\"},\"image\":{\"@id\":\"https:\\\/\\\/syndicom.ch\\\/it\\\/diventare-membro-swisscom\\\/#primaryimage\"},\"thumbnailUrl\":\"https:\\\/\\\/syndicom.ch\\\/app\\\/uploads\\\/2025\\\/08\\\/sindacato-syndicom-button-diventa-membro.png\",\"datePublished\":\"2024-11-22T09:34:08+00:00\",\"dateModified\":\"2025-10-29T09:02:55+00:00\",\"description\":\"Pi\u00f9 i dipendenti di Swisscom sono coinvolti e organizzati in syndicom, pi\u00f9 le discussioni avranno successo. Possiamo contare su di te?\",\"breadcrumb\":{\"@id\":\"https:\\\/\\\/syndicom.ch\\\/it\\\/diventare-membro-swisscom\\\/#breadcrumb\"},\"inLanguage\":\"it-IT\",\"potentialAction\":[{\"@type\":\"ReadAction\",\"target\":[\"https:\\\/\\\/syndicom.ch\\\/it\\\/diventare-membro-swisscom\\\/\"]}]},{\"@type\":\"ImageObject\",\"inLanguage\":\"it-IT\",\"@id\":\"https:\\\/\\\/syndicom.ch\\\/it\\\/diventare-membro-swisscom\\\/#primaryimage\",\"url\":\"https:\\\/\\\/syndicom.ch\\\/app\\\/uploads\\\/2025\\\/08\\\/sindacato-syndicom-button-diventa-membro.png\",\"contentUrl\":\"https:\\\/\\\/syndicom.ch\\\/app\\\/uploads\\\/2025\\\/08\\\/sindacato-syndicom-button-diventa-membro.png\",\"width\":832,\"height\":860},{\"@type\":\"BreadcrumbList\",\"@id\":\"https:\\\/\\\/syndicom.ch\\\/it\\\/diventare-membro-swisscom\\\/#breadcrumb\",\"itemListElement\":[{\"@type\":\"ListItem\",\"position\":1,\"name\":\"Pagina iniziale\",\"item\":\"https:\\\/\\\/syndicom.ch\\\/it\\\/\"},{\"@type\":\"ListItem\",\"position\":2,\"name\":\"Diventare membro: Swisscom\"}]},{\"@type\":\"WebSite\",\"@id\":\"https:\\\/\\\/syndicom.ch\\\/it\\\/#website\",\"url\":\"https:\\\/\\\/syndicom.ch\\\/it\\\/\",\"name\":\"syndicom\",\"description\":\"\",\"publisher\":{\"@id\":\"https:\\\/\\\/syndicom.ch\\\/it\\\/#organization\"},\"potentialAction\":[{\"@type\":\"SearchAction\",\"target\":{\"@type\":\"EntryPoint\",\"urlTemplate\":\"https:\\\/\\\/syndicom.ch\\\/it\\\/?s={search_term_string}\"},\"query-input\":{\"@type\":\"PropertyValueSpecification\",\"valueRequired\":true,\"valueName\":\"search_term_string\"}}],\"inLanguage\":\"it-IT\"},{\"@type\":\"Organization\",\"@id\":\"https:\\\/\\\/syndicom.ch\\\/it\\\/#organization\",\"name\":\"syndicom\",\"alternateName\":\"Gewerkschaft Medien und Kommunikation\",\"url\":\"https:\\\/\\\/syndicom.ch\\\/it\\\/\",\"logo\":{\"@type\":\"ImageObject\",\"inLanguage\":\"it-IT\",\"@id\":\"https:\\\/\\\/syndicom.ch\\\/it\\\/#\\\/schema\\\/logo\\\/image\\\/\",\"url\":\"https:\\\/\\\/syndicom.ch\\\/app\\\/uploads\\\/2024\\\/06\\\/logo.svg\",\"contentUrl\":\"https:\\\/\\\/syndicom.ch\\\/app\\\/uploads\\\/2024\\\/06\\\/logo.svg\",\"width\":297,\"height\":51,\"caption\":\"syndicom\"},\"image\":{\"@id\":\"https:\\\/\\\/syndicom.ch\\\/it\\\/#\\\/schema\\\/logo\\\/image\\\/\"},\"sameAs\":[\"https:\\\/\\\/www.facebook.com\\\/syndicom\\\/\",\"https:\\\/\\\/ch.linkedin.com\\\/company\\\/syndicom-gewerkschaft-medien-und-kommunikation\",\"https:\\\/\\\/www.instagram.com\\\/syndicom\\\/\"]}]}<\/script>\n<!-- \/ Yoast SEO plugin. -->","yoast_head_json":{"title":"Diventare membro: Swisscom - syndicom","description":"Pi\u00f9 i dipendenti di Swisscom sono coinvolti e organizzati in syndicom, pi\u00f9 le discussioni avranno successo. Possiamo contare su di te?","robots":{"index":"index","follow":"follow","max-snippet":"max-snippet:-1","max-image-preview":"max-image-preview:large","max-video-preview":"max-video-preview:-1"},"canonical":"https:\/\/syndicom.ch\/it\/diventare-membro-swisscom\/","og_locale":"it_IT","og_type":"article","og_title":"Diventare membro: Swisscom - syndicom","og_description":"Pi\u00f9 i dipendenti di Swisscom sono coinvolti e organizzati in syndicom, pi\u00f9 le discussioni avranno successo. Possiamo contare su di te?","og_url":"https:\/\/syndicom.ch\/it\/diventare-membro-swisscom\/","og_site_name":"syndicom","article_publisher":"https:\/\/www.facebook.com\/syndicom\/","article_modified_time":"2025-10-29T09:02:55+00:00","og_image":[{"width":832,"height":860,"url":"https:\/\/syndicom.ch\/app\/uploads\/2025\/08\/sindacato-syndicom-button-diventa-membro.png","type":"image\/png"}],"twitter_card":"summary_large_image","twitter_misc":{"Tempo di lettura stimato":"3 minuti"},"schema":{"@context":"https:\/\/schema.org","@graph":[{"@type":"WebPage","@id":"https:\/\/syndicom.ch\/it\/diventare-membro-swisscom\/","url":"https:\/\/syndicom.ch\/it\/diventare-membro-swisscom\/","name":"Diventare membro: Swisscom - syndicom","isPartOf":{"@id":"https:\/\/syndicom.ch\/it\/#website"},"primaryImageOfPage":{"@id":"https:\/\/syndicom.ch\/it\/diventare-membro-swisscom\/#primaryimage"},"image":{"@id":"https:\/\/syndicom.ch\/it\/diventare-membro-swisscom\/#primaryimage"},"thumbnailUrl":"https:\/\/syndicom.ch\/app\/uploads\/2025\/08\/sindacato-syndicom-button-diventa-membro.png","datePublished":"2024-11-22T09:34:08+00:00","dateModified":"2025-10-29T09:02:55+00:00","description":"Pi\u00f9 i dipendenti di Swisscom sono coinvolti e organizzati in syndicom, pi\u00f9 le discussioni avranno successo. Possiamo contare su di te?","breadcrumb":{"@id":"https:\/\/syndicom.ch\/it\/diventare-membro-swisscom\/#breadcrumb"},"inLanguage":"it-IT","potentialAction":[{"@type":"ReadAction","target":["https:\/\/syndicom.ch\/it\/diventare-membro-swisscom\/"]}]},{"@type":"ImageObject","inLanguage":"it-IT","@id":"https:\/\/syndicom.ch\/it\/diventare-membro-swisscom\/#primaryimage","url":"https:\/\/syndicom.ch\/app\/uploads\/2025\/08\/sindacato-syndicom-button-diventa-membro.png","contentUrl":"https:\/\/syndicom.ch\/app\/uploads\/2025\/08\/sindacato-syndicom-button-diventa-membro.png","width":832,"height":860},{"@type":"BreadcrumbList","@id":"https:\/\/syndicom.ch\/it\/diventare-membro-swisscom\/#breadcrumb","itemListElement":[{"@type":"ListItem","position":1,"name":"Pagina iniziale","item":"https:\/\/syndicom.ch\/it\/"},{"@type":"ListItem","position":2,"name":"Diventare membro: Swisscom"}]},{"@type":"WebSite","@id":"https:\/\/syndicom.ch\/it\/#website","url":"https:\/\/syndicom.ch\/it\/","name":"syndicom","description":"","publisher":{"@id":"https:\/\/syndicom.ch\/it\/#organization"},"potentialAction":[{"@type":"SearchAction","target":{"@type":"EntryPoint","urlTemplate":"https:\/\/syndicom.ch\/it\/?s={search_term_string}"},"query-input":{"@type":"PropertyValueSpecification","valueRequired":true,"valueName":"search_term_string"}}],"inLanguage":"it-IT"},{"@type":"Organization","@id":"https:\/\/syndicom.ch\/it\/#organization","name":"syndicom","alternateName":"Gewerkschaft Medien und Kommunikation","url":"https:\/\/syndicom.ch\/it\/","logo":{"@type":"ImageObject","inLanguage":"it-IT","@id":"https:\/\/syndicom.ch\/it\/#\/schema\/logo\/image\/","url":"https:\/\/syndicom.ch\/app\/uploads\/2024\/06\/logo.svg","contentUrl":"https:\/\/syndicom.ch\/app\/uploads\/2024\/06\/logo.svg","width":297,"height":51,"caption":"syndicom"},"image":{"@id":"https:\/\/syndicom.ch\/it\/#\/schema\/logo\/image\/"},"sameAs":["https:\/\/www.facebook.com\/syndicom\/","https:\/\/ch.linkedin.com\/company\/syndicom-gewerkschaft-medien-und-kommunikation","https:\/\/www.instagram.com\/syndicom\/"]}]}},"_links":{"self":[{"href":"https:\/\/syndicom.ch\/it\/wp-json\/wp\/v2\/pages\/16896","targetHints":{"allow":["GET"]}}],"collection":[{"href":"https:\/\/syndicom.ch\/it\/wp-json\/wp\/v2\/pages"}],"about":[{"href":"https:\/\/syndicom.ch\/it\/wp-json\/wp\/v2\/types\/page"}],"author":[{"embeddable":true,"href":"https:\/\/syndicom.ch\/it\/wp-json\/wp\/v2\/users\/3"}],"replies":[{"embeddable":true,"href":"https:\/\/syndicom.ch\/it\/wp-json\/wp\/v2\/comments?post=16896"}],"version-history":[{"count":12,"href":"https:\/\/syndicom.ch\/it\/wp-json\/wp\/v2\/pages\/16896\/revisions"}],"predecessor-version":[{"id":50437,"href":"https:\/\/syndicom.ch\/it\/wp-json\/wp\/v2\/pages\/16896\/revisions\/50437"}],"wp:featuredmedia":[{"embeddable":true,"href":"https:\/\/syndicom.ch\/it\/wp-json\/wp\/v2\/media\/46223"}],"wp:attachment":[{"href":"https:\/\/syndicom.ch\/it\/wp-json\/wp\/v2\/media?parent=16896"}],"wp:term":[{"taxonomy":"category","embeddable":true,"href":"https:\/\/syndicom.ch\/it\/wp-json\/wp\/v2\/categories?post=16896"}],"curies":[{"name":"wp","href":"https:\/\/api.w.org\/{rel}","templated":true}]}}