{"id":2342,"date":"2024-06-18T15:35:43","date_gmt":"2024-06-18T13:35:43","guid":{"rendered":"https:\/\/projects.atxeit.ch\/syndicom\/?page_id=2342"},"modified":"2026-05-07T10:33:31","modified_gmt":"2026-05-07T08:33:31","slug":"home-page","status":"publish","type":"page","link":"https:\/\/syndicom.ch\/it\/","title":{"rendered":"Home page"},"content":{"rendered":"\n<p><\/p>\n\n\n\n<div class=\"wp-block-group alignfull has-background-background-color has-background is-layout-constrained wp-block-group-is-layout-constrained\">\n<h1 class=\"wp-block-heading has-text-align-center\">syndicom \u2013 il tuo sindacato<\/h1>\n\n\n\n<p class=\"has-text-align-center\">syndicom \u00e8 il principale sindacato dei settori postale, logistico, delle telecomunicazioni, informatico e dei media. Ci impegniamo per i diritti delle e dei lavoratori\/trici e per una Svizzera sociale e aperta.<\/p>\n\n\n\n<p class=\"has-text-align-center\"><a href=\"https:\/\/syndicom.ch\/it\/faq-adesione\/\" target=\"_blank\" rel=\"noreferrer noopener\">Diventa membro!<\/a> Pi\u00f9 siamo, pi\u00f9 siamo forti. Solo insieme possiamo difendere bene gli interessi dei dipendenti in azienda e in politica.<\/p>\n\n\n\n\n<\/div>\n\n\n\n<div class=\"wp-block-group is-style-slider is-autoplay is-style-narrow-mid coblocks-animate is-layout-constrained wp-block-group-is-layout-constrained\" data-coblocks-animation=\"zoomIn\">\n<div class=\"wp-block-group alignwide coblocks-animate is-layout-constrained wp-block-group-is-layout-constrained\" data-coblocks-animation=\"slideInLeft\">\n<div class=\"wp-block-media-text alignwide is-style-stacked has-background-background-color has-background coblocks-animate\" style=\"grid-template-columns:21% auto\" data-coblocks-animation=\"zoomIn\"><figure class=\"wp-block-media-text__media\"><\/figure><div class=\"wp-block-media-text__content\">\n<div class=\"wp-block-cover is-light is-style-default\" style=\"min-height:315px;aspect-ratio:unset;\"><span aria-hidden=\"true\" class=\"wp-block-cover__background has-primary-background-color has-background-dim-0 has-background-dim\"><\/span><div class=\"wp-block-cover__inner-container is-layout-constrained wp-container-core-cover-is-layout-673d25ce wp-block-cover-is-layout-constrained\">\n<div class=\"wp-block-group is-style-default is-nowrap is-layout-flex wp-container-core-group-is-layout-ad2f72ca wp-block-group-is-layout-flex\">\n<div class=\"wp-block-group is-layout-constrained wp-container-core-group-is-layout-6fdff0fd wp-block-group-is-layout-constrained\">\n<figure class=\"wp-block-image size-full is-resized is-style-default has-lightbox wp-container-content-9dbf05af\"><a href=\"https:\/\/syndicom.ch\/it\/no-alliniziativa-del-caos\/\"><img loading=\"lazy\" decoding=\"async\" width=\"886\" height=\"756\" src=\"https:\/\/syndicom.ch\/app\/uploads\/2026\/04\/sindacato-syndicom-uss-iniziativa-caos-2026-logo.png\" alt=\"\" class=\"wp-image-61790\" style=\"width:250px\" srcset=\"https:\/\/syndicom.ch\/app\/uploads\/2026\/04\/sindacato-syndicom-uss-iniziativa-caos-2026-logo.png 886w, https:\/\/syndicom.ch\/app\/uploads\/2026\/04\/sindacato-syndicom-uss-iniziativa-caos-2026-logo-300x256.png 300w, https:\/\/syndicom.ch\/app\/uploads\/2026\/04\/sindacato-syndicom-uss-iniziativa-caos-2026-logo-768x655.png 768w\" sizes=\"auto, (max-width: 886px) 100vw, 886px\" \/><\/a><\/figure>\n<\/div>\n\n\n\n<div class=\"wp-block-group is-vertical is-layout-flex wp-container-core-group-is-layout-8cf370e7 wp-block-group-is-layout-flex\">\n<h3 class=\"wp-block-heading has-text-align-left has-large-font-size\"><a href=\"https:\/\/syndicom.ch\/it\/no-alliniziativa-del-caos\/\" type=\"link\" id=\"https:\/\/syndicom.ch\/it\/no-alliniziativa-del-caos\/\"><strong>NO all\u2019iniziativa del caos il 14 giugno 2026<\/strong><mark style=\"background-color:rgba(0, 0, 0, 0)\" class=\"has-inline-color has-primary-color\"><\/mark><\/a><\/h3>\n\n\n\n<p><mark style=\"background-color:#ffffff\" class=\"has-inline-color\"><mark style=\"background-color:#ffffff\" class=\"has-inline-color\">Perch\u00e9 l\u2019iniziativa mette a rischio i nostri salari, le nostre pensioni e i nostri posti di lavoro.<\/mark><\/mark><\/p>\n<\/div>\n<\/div>\n\n\n\n<div class=\"wp-block-buttons is-content-justification-center is-layout-flex wp-container-core-buttons-is-layout-16018d1d wp-block-buttons-is-layout-flex\">\n<div class=\"wp-block-button is-style-outline is-style-outline--8\"><a class=\"wp-block-button__link has-primary-color has-text-color has-link-color wp-element-button\" href=\"https:\/\/syndicom.ch\/it\/no-alliniziativa-del-caos\/\">Ecco perch\u00e9 diciamo no<\/a><\/div>\n<\/div>\n<\/div><\/div>\n<\/div><\/div>\n<\/div>\n\n\n\n<div class=\"wp-block-group alignwide coblocks-animate is-layout-constrained wp-block-group-is-layout-constrained\" data-coblocks-animation=\"slideInLeft\">\n<div class=\"wp-block-media-text alignwide is-style-stacked has-background-background-color has-background coblocks-animate\" style=\"grid-template-columns:21% auto\" data-coblocks-animation=\"zoomIn\"><figure class=\"wp-block-media-text__media\"><\/figure><div class=\"wp-block-media-text__content\">\n<div class=\"wp-block-cover is-light is-style-default\" style=\"min-height:315px;aspect-ratio:unset;\"><span aria-hidden=\"true\" class=\"wp-block-cover__background has-primary-background-color has-background-dim-0 has-background-dim\"><\/span><div class=\"wp-block-cover__inner-container is-layout-constrained wp-container-core-cover-is-layout-673d25ce wp-block-cover-is-layout-constrained\">\n<div class=\"wp-block-group is-style-default is-nowrap is-layout-flex wp-container-core-group-is-layout-ad2f72ca wp-block-group-is-layout-flex\">\n<div class=\"wp-block-group is-layout-constrained wp-container-core-group-is-layout-6fdff0fd wp-block-group-is-layout-constrained\">\n<figure class=\"wp-block-image size-full is-resized is-style-default has-lightbox wp-container-content-9dbf05af\"><a href=\"https:\/\/syndicomweb.typeform.com\/to\/eiYBkTFH\" target=\"_blank\" rel=\" noreferrer noopener\"><img decoding=\"async\" src=\"https:\/\/syndicom.ch\/app\/uploads\/2025\/08\/gewerkschaft-syndicom-katzensticker-scaled.png\" alt=\"\" class=\"wp-image-61844\" style=\"aspect-ratio:1;object-fit:cover;width:250px\"\/><\/a><\/figure>\n<\/div>\n\n\n\n<div class=\"wp-block-group is-vertical is-layout-flex wp-container-core-group-is-layout-8cf370e7 wp-block-group-is-layout-flex\">\n<h3 class=\"wp-block-heading has-text-align-left has-large-font-size\"><mark style=\"background-color:#ffffff\" class=\"has-inline-color has-primary-color\"><a href=\"https:\/\/syndicomweb.typeform.com\/to\/eiYBkTFH\" type=\"link\" id=\"https:\/\/syndicomweb.typeform.com\/to\/eiYBkTFH\" target=\"_blank\" rel=\"noreferrer noopener nofollow\"><strong>Mostra la tua solidariet\u00e0<\/strong><\/a><\/mark><\/h3>\n\n\n\n<p><mark style=\"background-color:#ffffff\" class=\"has-inline-color\"><mark style=\"background-color:#ffffff\" class=\"has-inline-color\"><mark style=\"background-color:#ffffff\" class=\"has-inline-color\"><mark style=\"background-color:#ffffff\" class=\"has-inline-color\">Che sia sul tuo portatile, sul frigo o altrove, mostra che sei orgoglioso\/a del tuo sindacato.<\/mark><\/mark><\/mark><\/mark><\/p>\n<\/div>\n<\/div>\n\n\n\n<div class=\"wp-block-buttons is-content-justification-center is-layout-flex wp-container-core-buttons-is-layout-16018d1d wp-block-buttons-is-layout-flex\">\n<div class=\"wp-block-button is-style-outline is-style-outline--9\"><a class=\"wp-block-button__link has-primary-color has-text-color has-link-color wp-element-button\" href=\"https:\/\/syndicomweb.typeform.com\/to\/eiYBkTFH\" target=\"_blank\" rel=\"noreferrer noopener\"><strong><strong><strong>Ordina qui il tuo kit di sticker gratis<\/strong><\/strong><\/strong><\/a><\/div>\n<\/div>\n<\/div><\/div>\n<\/div><\/div>\n<\/div>\n\n\n\n<div class=\"wp-block-group alignwide coblocks-animate is-layout-constrained wp-block-group-is-layout-constrained\" data-coblocks-animation=\"slideInLeft\">\n<div class=\"wp-block-media-text alignwide is-style-stacked has-background-background-color has-background coblocks-animate\" style=\"grid-template-columns:21% auto\" data-coblocks-animation=\"zoomIn\"><figure class=\"wp-block-media-text__media\"><\/figure><div class=\"wp-block-media-text__content\">\n<div class=\"wp-block-cover is-light is-style-default\"><span aria-hidden=\"true\" class=\"wp-block-cover__background has-primary-background-color has-background-dim-0 has-background-dim\"><\/span><div class=\"wp-block-cover__inner-container is-layout-constrained wp-container-core-cover-is-layout-673d25ce wp-block-cover-is-layout-constrained\">\n<div class=\"wp-block-group is-style-default is-nowrap is-layout-flex wp-container-core-group-is-layout-ad2f72ca wp-block-group-is-layout-flex\">\n<div class=\"wp-block-group is-layout-constrained wp-container-core-group-is-layout-6fdff0fd wp-block-group-is-layout-constrained\">\n<figure class=\"wp-block-image size-full is-style-default has-lightbox wp-container-content-9dbf05af\"><img loading=\"lazy\" decoding=\"async\" width=\"378\" height=\"279\" src=\"https:\/\/syndicom.ch\/app\/uploads\/2026\/01\/sindacato-syndicom-iniziativa-pigioni.jpg\" alt=\"\" class=\"wp-image-56325\" style=\"aspect-ratio:1;object-fit:cover\" srcset=\"https:\/\/syndicom.ch\/app\/uploads\/2026\/01\/sindacato-syndicom-iniziativa-pigioni.jpg 378w, https:\/\/syndicom.ch\/app\/uploads\/2026\/01\/sindacato-syndicom-iniziativa-pigioni-300x221.jpg 300w\" sizes=\"auto, (max-width: 378px) 100vw, 378px\" \/><\/figure>\n<\/div>\n\n\n\n<div class=\"wp-block-group is-vertical is-layout-flex wp-container-core-group-is-layout-8cf370e7 wp-block-group-is-layout-flex\">\n<h3 class=\"wp-block-heading has-text-align-left has-large-font-size\"><mark style=\"background-color:#ffffff\" class=\"has-inline-color has-primary-color\"><a href=\"https:\/\/syndicom.ch\/app\/uploads\/2026\/01\/gewerkschaft-syndicom-mietpreis-initiative-unterschriftsbogen.pdf\" type=\"link\" id=\"https:\/\/syndicom.ch\/app\/uploads\/2026\/01\/gewerkschaft-syndicom-mietpreis-initiative-unterschriftsbogen.pdf\" target=\"_blank\" rel=\"noreferrer noopener nofollow\"><strong>Per affitti giusti e accessibili<\/strong><\/a><\/mark><\/h3>\n\n\n\n<p>L&#8217;iniziativa chiede che gli affitti vengano controllati automaticamente e regolarmente.<\/p>\n\n\n\n<p><sup>Maggiori informazioni su : <a href=\"http:\/\/iniziativa-pigioni.ch\" target=\"_blank\" rel=\"noreferrer noopener\">iniziativa-pigioni.ch<\/a><\/sup><\/p>\n<\/div>\n<\/div>\n\n\n\n<div class=\"wp-block-buttons is-content-justification-center is-layout-flex wp-container-core-buttons-is-layout-16018d1d wp-block-buttons-is-layout-flex\">\n<div class=\"wp-block-button is-style-outline is-style-outline--10\"><a class=\"wp-block-button__link has-primary-color has-text-color has-link-color wp-element-button\" href=\"https:\/\/syndicom.ch\/app\/uploads\/2026\/01\/sindacato-syndicom-iniziativa-pigioni-formulario-raccolta.pdf\" target=\"_blank\" rel=\"noreferrer noopener nofollow\"><strong><strong><strong>Firma l&#8217;iniziativa sugli affitti<\/strong><\/strong><\/strong><\/a><\/div>\n<\/div>\n<\/div><\/div>\n<\/div><\/div>\n<\/div>\n<\/div>\n\n\n\n<div class=\"wp-block-group has-background-background-color has-background is-layout-constrained wp-block-group-is-layout-constrained\">\n<h2 class=\"wp-block-heading has-text-align-center\">Cosa dicono i nostri soci<\/h2>\n\n\n\n<div class=\"wp-block-group is-style-slider coblocks-animate is-layout-constrained wp-block-group-is-layout-constrained\" data-coblocks-animation=\"zoomIn\">\n<div class=\"wp-block-media-text is-vertically-aligned-center is-style-stacked coblocks-animate\" style=\"grid-template-columns:15% auto\" data-coblocks-animation=\"zoomIn\"><figure class=\"wp-block-media-text__media\"><\/figure><div class=\"wp-block-media-text__content\">\n<p>In qualit\u00e0 di dipendente, e facendo anche parte della commissione del personale da anni, usufruisco di una consulenza competente in tutte le questioni di diritto del lavoro e sociale. Per me syndicom \u00e8 un partner estremamente competente e affidabile, consiglio a tutte e tutti di aderire!<\/p>\n\n\n\n<p class=\"has-text-align-center\"><strong>Lidia<\/strong>, impiegata della Posta Svizzera<\/p>\n<\/div><\/div>\n\n\n\n<div class=\"wp-block-media-text is-style-stacked coblocks-animate\" style=\"grid-template-columns:15% auto\" data-coblocks-animation=\"zoomIn\"><figure class=\"wp-block-media-text__media\"><\/figure><div class=\"wp-block-media-text__content\">\n<p>syndicom \u00e8 un partner affidabile per me. Oltre agli scambi sempre amichevoli e produttivi, l&#8217;adesione \u00e8 per me soprattutto un segnale: pi\u00f9 siamo, pi\u00f9 ci ascoltano.<\/p>\n\n\n\n<p class=\"has-text-align-center\"><strong>Benjamin<\/strong>, software engineer<\/p>\n<\/div><\/div>\n\n\n\n<div class=\"wp-block-media-text is-style-stacked coblocks-animate\" style=\"grid-template-columns:15% auto\" data-coblocks-animation=\"zoomIn\"><figure class=\"wp-block-media-text__media\"><\/figure><div class=\"wp-block-media-text__content\">\n<p>Penso che sia fantastico che noi illustratrici e illustratori abbiamo trovato in syndicom una struttura in cui le forze delle varie associazioni e dei gruppi esistenti possono interagire. In questo modo possiamo collaborare tutti insieme per migliorare le condizioni di lavoro nella nostra professione.<\/p>\n\n\n\n<p class=\"has-text-align-center\"><strong>Eva <\/strong> illustratrice<\/p>\n<\/div><\/div>\n<\/div>\n\n\n\n<p><\/p>\n\n\n\n<div class=\"wp-block-buttons is-content-justification-center is-layout-flex wp-container-core-buttons-is-layout-16018d1d wp-block-buttons-is-layout-flex\">\n<div class=\"wp-block-button is-style-fill\"><a class=\"wp-block-button__link wp-element-button\" href=\"https:\/\/my.syndicom.ch\/adesione\" target=\"_blank\" rel=\"noreferrer noopener\">Diventa membro<\/a><\/div>\n<\/div>\n<\/div>\n\n\n\n\n\n\n","protected":false},"excerpt":{"rendered":"<p>syndicom \u2013 il tuo sindacato syndicom \u00e8 il principale sindacato dei settori postale, logistico, delle telecomunicazioni, informatico e dei media. Ci impegniamo per i diritti delle e dei lavoratori\/trici e per una Svizzera sociale e aperta. Diventa membro! Pi\u00f9 siamo, pi\u00f9 siamo forti. Solo insieme possiamo difendere bene gli interessi dei dipendenti in azienda e [&hellip;]<\/p>\n","protected":false},"author":1,"featured_media":2054,"parent":0,"menu_order":0,"comment_status":"closed","ping_status":"closed","template":"startseite","meta":{"_acf_changed":false,"inline_featured_image":false,"_coblocks_attr":"","_coblocks_dimensions":"","_coblocks_responsive_height":"","_coblocks_accordion_ie_support":"","footnotes":""},"categories":[],"class_list":["post-2342","page","type-page","status-publish","has-post-thumbnail","hentry"],"acf":[],"yoast_head":"<!-- This site is optimized with the Yoast SEO plugin v27.5 - https:\/\/yoast.com\/product\/yoast-seo-wordpress\/ -->\n<title>Home page - sindacato syndicom<\/title>\n<meta name=\"description\" content=\"syndicom \u00e8 il sindacato svizzero intersettoriale dei dipendenti dei settori postale, tecnologico, dei media e dei freelance.\" \/>\n<meta name=\"robots\" content=\"index, follow, max-snippet:-1, max-image-preview:large, max-video-preview:-1\" \/>\n<link rel=\"canonical\" href=\"https:\/\/syndicom.ch\/it\/\" \/>\n<meta property=\"og:locale\" content=\"it_IT\" \/>\n<meta property=\"og:type\" content=\"article\" \/>\n<meta property=\"og:title\" content=\"Home page - sindacato syndicom\" \/>\n<meta property=\"og:description\" content=\"syndicom \u00e8 il sindacato svizzero intersettoriale dei dipendenti dei settori postale, tecnologico, dei media e dei freelance.\" \/>\n<meta property=\"og:url\" content=\"https:\/\/syndicom.ch\/it\/\" \/>\n<meta property=\"og:site_name\" content=\"sindacato syndicom\" \/>\n<meta property=\"article:modified_time\" content=\"2026-05-07T08:33:31+00:00\" \/>\n<meta property=\"og:image\" content=\"https:\/\/syndicom.ch\/app\/uploads\/2024\/06\/cropped-favicon-syndicom.png\" \/>\n\t<meta property=\"og:image:width\" content=\"512\" \/>\n\t<meta property=\"og:image:height\" content=\"512\" \/>\n\t<meta property=\"og:image:type\" content=\"image\/png\" \/>\n<meta name=\"twitter:card\" content=\"summary_large_image\" \/>\n<meta name=\"twitter:label1\" content=\"Tempo di lettura stimato\" \/>\n\t<meta name=\"twitter:data1\" content=\"1 minuto\" \/>\n<script type=\"application\/ld+json\" class=\"yoast-schema-graph\">{\"@context\":\"https:\\\/\\\/schema.org\",\"@graph\":[{\"@type\":\"WebPage\",\"@id\":\"https:\\\/\\\/syndicom.ch\\\/it\\\/\",\"url\":\"https:\\\/\\\/syndicom.ch\\\/it\\\/\",\"name\":\"Home page - sindacato syndicom\",\"isPartOf\":{\"@id\":\"https:\\\/\\\/syndicom.ch\\\/it\\\/#website\"},\"primaryImageOfPage\":{\"@id\":\"https:\\\/\\\/syndicom.ch\\\/it\\\/#primaryimage\"},\"image\":{\"@id\":\"https:\\\/\\\/syndicom.ch\\\/it\\\/#primaryimage\"},\"thumbnailUrl\":\"https:\\\/\\\/syndicom.ch\\\/app\\\/uploads\\\/2024\\\/06\\\/cropped-favicon-syndicom.png\",\"datePublished\":\"2024-06-18T13:35:43+00:00\",\"dateModified\":\"2026-05-07T08:33:31+00:00\",\"description\":\"syndicom \u00e8 il sindacato svizzero intersettoriale dei dipendenti dei settori postale, tecnologico, dei media e dei freelance.\",\"breadcrumb\":{\"@id\":\"https:\\\/\\\/syndicom.ch\\\/it\\\/#breadcrumb\"},\"inLanguage\":\"it-IT\",\"potentialAction\":[{\"@type\":\"ReadAction\",\"target\":[\"https:\\\/\\\/syndicom.ch\\\/it\\\/\"]}]},{\"@type\":\"ImageObject\",\"inLanguage\":\"it-IT\",\"@id\":\"https:\\\/\\\/syndicom.ch\\\/it\\\/#primaryimage\",\"url\":\"https:\\\/\\\/syndicom.ch\\\/app\\\/uploads\\\/2024\\\/06\\\/cropped-favicon-syndicom.png\",\"contentUrl\":\"https:\\\/\\\/syndicom.ch\\\/app\\\/uploads\\\/2024\\\/06\\\/cropped-favicon-syndicom.png\",\"width\":512,\"height\":512},{\"@type\":\"BreadcrumbList\",\"@id\":\"https:\\\/\\\/syndicom.ch\\\/it\\\/#breadcrumb\",\"itemListElement\":[{\"@type\":\"ListItem\",\"position\":1,\"name\":\"Pagina iniziale\",\"item\":\"https:\\\/\\\/syndicom.ch\\\/it\\\/\"},{\"@type\":\"ListItem\",\"position\":2,\"name\":\"Home page\"}]},{\"@type\":\"WebSite\",\"@id\":\"https:\\\/\\\/syndicom.ch\\\/it\\\/#website\",\"url\":\"https:\\\/\\\/syndicom.ch\\\/it\\\/\",\"name\":\"sindacato syndicom\",\"description\":\"\",\"publisher\":{\"@id\":\"https:\\\/\\\/syndicom.ch\\\/it\\\/#organization\"},\"potentialAction\":[{\"@type\":\"SearchAction\",\"target\":{\"@type\":\"EntryPoint\",\"urlTemplate\":\"https:\\\/\\\/syndicom.ch\\\/it\\\/?s={search_term_string}\"},\"query-input\":{\"@type\":\"PropertyValueSpecification\",\"valueRequired\":true,\"valueName\":\"search_term_string\"}}],\"inLanguage\":\"it-IT\"},{\"@type\":\"Organization\",\"@id\":\"https:\\\/\\\/syndicom.ch\\\/it\\\/#organization\",\"name\":\"sindacato syndicom\",\"url\":\"https:\\\/\\\/syndicom.ch\\\/it\\\/\",\"logo\":{\"@type\":\"ImageObject\",\"inLanguage\":\"it-IT\",\"@id\":\"https:\\\/\\\/syndicom.ch\\\/it\\\/#\\\/schema\\\/logo\\\/image\\\/\",\"url\":\"https:\\\/\\\/syndicom.ch\\\/app\\\/uploads\\\/2024\\\/06\\\/logo.svg\",\"contentUrl\":\"https:\\\/\\\/syndicom.ch\\\/app\\\/uploads\\\/2024\\\/06\\\/logo.svg\",\"width\":297,\"height\":51,\"caption\":\"sindacato syndicom\"},\"image\":{\"@id\":\"https:\\\/\\\/syndicom.ch\\\/it\\\/#\\\/schema\\\/logo\\\/image\\\/\"}}]}<\/script>\n<!-- \/ Yoast SEO plugin. -->","yoast_head_json":{"title":"Home page - sindacato syndicom","description":"syndicom \u00e8 il sindacato svizzero intersettoriale dei dipendenti dei settori postale, tecnologico, dei media e dei freelance.","robots":{"index":"index","follow":"follow","max-snippet":"max-snippet:-1","max-image-preview":"max-image-preview:large","max-video-preview":"max-video-preview:-1"},"canonical":"https:\/\/syndicom.ch\/it\/","og_locale":"it_IT","og_type":"article","og_title":"Home page - sindacato syndicom","og_description":"syndicom \u00e8 il sindacato svizzero intersettoriale dei dipendenti dei settori postale, tecnologico, dei media e dei freelance.","og_url":"https:\/\/syndicom.ch\/it\/","og_site_name":"sindacato syndicom","article_modified_time":"2026-05-07T08:33:31+00:00","og_image":[{"width":512,"height":512,"url":"https:\/\/syndicom.ch\/app\/uploads\/2024\/06\/cropped-favicon-syndicom.png","type":"image\/png"}],"twitter_card":"summary_large_image","twitter_misc":{"Tempo di lettura stimato":"1 minuto"},"schema":{"@context":"https:\/\/schema.org","@graph":[{"@type":"WebPage","@id":"https:\/\/syndicom.ch\/it\/","url":"https:\/\/syndicom.ch\/it\/","name":"Home page - sindacato syndicom","isPartOf":{"@id":"https:\/\/syndicom.ch\/it\/#website"},"primaryImageOfPage":{"@id":"https:\/\/syndicom.ch\/it\/#primaryimage"},"image":{"@id":"https:\/\/syndicom.ch\/it\/#primaryimage"},"thumbnailUrl":"https:\/\/syndicom.ch\/app\/uploads\/2024\/06\/cropped-favicon-syndicom.png","datePublished":"2024-06-18T13:35:43+00:00","dateModified":"2026-05-07T08:33:31+00:00","description":"syndicom \u00e8 il sindacato svizzero intersettoriale dei dipendenti dei settori postale, tecnologico, dei media e dei freelance.","breadcrumb":{"@id":"https:\/\/syndicom.ch\/it\/#breadcrumb"},"inLanguage":"it-IT","potentialAction":[{"@type":"ReadAction","target":["https:\/\/syndicom.ch\/it\/"]}]},{"@type":"ImageObject","inLanguage":"it-IT","@id":"https:\/\/syndicom.ch\/it\/#primaryimage","url":"https:\/\/syndicom.ch\/app\/uploads\/2024\/06\/cropped-favicon-syndicom.png","contentUrl":"https:\/\/syndicom.ch\/app\/uploads\/2024\/06\/cropped-favicon-syndicom.png","width":512,"height":512},{"@type":"BreadcrumbList","@id":"https:\/\/syndicom.ch\/it\/#breadcrumb","itemListElement":[{"@type":"ListItem","position":1,"name":"Pagina iniziale","item":"https:\/\/syndicom.ch\/it\/"},{"@type":"ListItem","position":2,"name":"Home page"}]},{"@type":"WebSite","@id":"https:\/\/syndicom.ch\/it\/#website","url":"https:\/\/syndicom.ch\/it\/","name":"sindacato syndicom","description":"","publisher":{"@id":"https:\/\/syndicom.ch\/it\/#organization"},"potentialAction":[{"@type":"SearchAction","target":{"@type":"EntryPoint","urlTemplate":"https:\/\/syndicom.ch\/it\/?s={search_term_string}"},"query-input":{"@type":"PropertyValueSpecification","valueRequired":true,"valueName":"search_term_string"}}],"inLanguage":"it-IT"},{"@type":"Organization","@id":"https:\/\/syndicom.ch\/it\/#organization","name":"sindacato syndicom","url":"https:\/\/syndicom.ch\/it\/","logo":{"@type":"ImageObject","inLanguage":"it-IT","@id":"https:\/\/syndicom.ch\/it\/#\/schema\/logo\/image\/","url":"https:\/\/syndicom.ch\/app\/uploads\/2024\/06\/logo.svg","contentUrl":"https:\/\/syndicom.ch\/app\/uploads\/2024\/06\/logo.svg","width":297,"height":51,"caption":"sindacato syndicom"},"image":{"@id":"https:\/\/syndicom.ch\/it\/#\/schema\/logo\/image\/"}}]}},"_links":{"self":[{"href":"https:\/\/syndicom.ch\/it\/wp-json\/wp\/v2\/pages\/2342","targetHints":{"allow":["GET"]}}],"collection":[{"href":"https:\/\/syndicom.ch\/it\/wp-json\/wp\/v2\/pages"}],"about":[{"href":"https:\/\/syndicom.ch\/it\/wp-json\/wp\/v2\/types\/page"}],"author":[{"embeddable":true,"href":"https:\/\/syndicom.ch\/it\/wp-json\/wp\/v2\/users\/1"}],"replies":[{"embeddable":true,"href":"https:\/\/syndicom.ch\/it\/wp-json\/wp\/v2\/comments?post=2342"}],"version-history":[{"count":115,"href":"https:\/\/syndicom.ch\/it\/wp-json\/wp\/v2\/pages\/2342\/revisions"}],"predecessor-version":[{"id":62192,"href":"https:\/\/syndicom.ch\/it\/wp-json\/wp\/v2\/pages\/2342\/revisions\/62192"}],"wp:featuredmedia":[{"embeddable":true,"href":"https:\/\/syndicom.ch\/it\/wp-json\/wp\/v2\/media\/2054"}],"wp:attachment":[{"href":"https:\/\/syndicom.ch\/it\/wp-json\/wp\/v2\/media?parent=2342"}],"wp:term":[{"taxonomy":"category","embeddable":true,"href":"https:\/\/syndicom.ch\/it\/wp-json\/wp\/v2\/categories?post=2342"}],"curies":[{"name":"wp","href":"https:\/\/api.w.org\/{rel}","templated":true}]}}