{"id":24214,"date":"2025-01-27T15:39:51","date_gmt":"2025-01-27T14:39:51","guid":{"rendered":"https:\/\/syndicom.ch\/?page_id=24214"},"modified":"2025-05-09T11:12:36","modified_gmt":"2025-05-09T09:12:36","slug":"petizione-swisscom","status":"publish","type":"page","link":"https:\/\/syndicom.ch\/it\/campagne\/petizione-swisscom\/","title":{"rendered":"Rafforzare la sicurezza dei posti di lavoro alla Swisscom!\u00a0\u00a0"},"content":{"rendered":"\n<div class=\"wp-block-group alignfull has-background-color has-primary-background-color has-text-color has-background has-link-color wp-elements-1b2cc748c4953c013e6d3a6ff43abf31 is-layout-constrained wp-block-group-is-layout-constrained\">\n<div class=\"wp-block-group is-style-narrow is-layout-constrained wp-block-group-is-layout-constrained\">\n<h1 class=\"wp-block-heading\"><strong>Rafforzare la sicurezza dei posti di lavoro alla Swisscom!<\/strong><\/h1>\n\n\n\n<div class=\"wp-block-columns is-layout-flex wp-container-core-columns-is-layout-9d6595d7 wp-block-columns-is-layout-flex\">\n<div class=\"wp-block-column is-layout-flow wp-block-column-is-layout-flow\" style=\"flex-basis:70%\">\n<p class=\"is-style-lead\"><strong>Insieme abbiamo lanciato un messaggio forte<\/strong>: abbiamo ufficialmente inviato la nostra petizione,\u00a0<strong>con 1585 firme<\/strong>, per rafforzare la sicurezza dell&#8217;impiego alla Swisscom!\u00a0<\/p>\n<\/div>\n\n\n\n<div class=\"wp-block-column is-layout-flow wp-block-column-is-layout-flow\" style=\"flex-basis:20%\">\n<figure class=\"wp-block-image size-large block-visibility-hide-small-screen\"><img decoding=\"async\" src=\"https:\/\/syndicom.ch\/app\/uploads\/2025\/02\/gewerkschaft-syndicom-petition-swisscom-beschaeftigungssicherheit.jpg\" alt=\"Rafforzare la sicurezza dei posti di lavoro alla Swisscom!\"\/><\/figure>\n<\/div>\n<\/div>\n<\/div>\n<\/div>\n\n\n\n<div class=\"wp-block-group alignfull has-background-background-color has-background is-layout-constrained wp-block-group-is-layout-constrained\">\n<div class=\"wp-block-group is-style-narrow is-layout-constrained wp-block-group-is-layout-constrained\">\n<h2 class=\"wp-block-heading\">Cosa chiediamo<\/h2>\n\n\n\n<ul class=\"wp-block-list\">\n<li>Pi\u00f9 posti di lavoro in Svizzera<\/li>\n\n\n\n<li>Personale sufficiente per il servizio clienti in Svizzera<\/li>\n\n\n\n<li>Formazione continua e prospettive per tutte e tutti<\/li>\n\n\n\n<li>Coinvolgimento delle colleghe e colleghi con pi\u00f9 esperienza<\/li>\n<\/ul>\n\n\n\n<h2 class=\"wp-block-heading\">Cosa succeder\u00e0 adesso<\/h2>\n\n\n\n<p>Ora chiediamo ora alla Direzione una\u00a0<strong>presa di posizione chiara sulle nostre richieste.<\/strong>\u00a0Noi di syndicom continueremo a seguire attentamente la questione, a insistere e a rappresentare con forza le richieste delle <a href=\"https:\/\/syndicom.ch\/it\/diventare-membro-swisscom\/\" target=\"_blank\" rel=\"noreferrer noopener\">collaboratrici e dei collaboratori di Swisscom<\/a>, dialogando con Swisscom e, se necessario, lo faremo anche pubblicamente.<\/p>\n\n\n\n<h2 class=\"wp-block-heading\">Non hai ancora aderito a syndicom?<\/h2>\n\n\n\n<p>Questa petizione dimostra che<strong> insieme possiamo fare la differenza! <\/strong>Come membro rafforzi la nostra posizione negoziale e contribuisci a garantire che Swisscom prenda sul serio la sua responsabilit\u00e0 nei tuoi confronti come dipendente. Entra a far parte di una comunit\u00e0 forte che si batte per condizioni di lavoro eque, sicurezza e rispetto: proprio adesso \u00e8 fondamentale.<\/p>\n\n\n\n<div class=\"wp-block-buttons is-content-justification-center is-layout-flex wp-container-core-buttons-is-layout-16018d1d wp-block-buttons-is-layout-flex\">\n<div class=\"wp-block-button\"><a class=\"wp-block-button__link wp-element-button\" href=\"https:\/\/my.syndicom.ch\/adesione\" target=\"_blank\" rel=\"noreferrer noopener\">Diventa membro ora<\/a><\/div>\n<\/div>\n<\/div>\n<\/div>\n\n\n\n\n\n\n\n<div class=\"wp-block-group alignfull has-background-color has-primary-background-color has-text-color has-background has-link-color wp-elements-d367f45febbad882e368a5951a96c54b is-layout-constrained wp-block-group-is-layout-constrained\">\n<div class=\"wp-block-group is-style-narrow-mid is-layout-constrained wp-block-group-is-layout-constrained\">\n<h2 class=\"wp-block-heading has-text-align-center\">syndicom, il tuo sindacato presso Swisscom<\/h2>\n\n\n\n<div class=\"wp-block-buttons is-content-justification-center is-layout-flex wp-container-core-buttons-is-layout-16018d1d wp-block-buttons-is-layout-flex\">\n<div class=\"wp-block-button\"><a class=\"wp-block-button__link wp-element-button\" href=\"https:\/\/syndicom.ch\/it\/diventare-membro-swisscom\/\" target=\"_blank\" rel=\"noreferrer noopener\"><strong><strong><strong>Cosa facciamo per te come sindacato<\/strong><\/strong><\/strong><\/a><\/div>\n<\/div>\n<\/div>\n<\/div>\n\n\n","protected":false},"excerpt":{"rendered":"<p>Rafforzare la sicurezza dei posti di lavoro alla Swisscom! Insieme abbiamo lanciato un messaggio forte: abbiamo ufficialmente inviato la nostra petizione,\u00a0con 1585 firme, per rafforzare la sicurezza dell&#8217;impiego alla Swisscom!\u00a0 Cosa chiediamo Cosa succeder\u00e0 adesso Ora chiediamo ora alla Direzione una\u00a0presa di posizione chiara sulle nostre richieste.\u00a0Noi di syndicom continueremo a seguire attentamente la questione, [&hellip;]<\/p>\n","protected":false},"author":3,"featured_media":0,"parent":5965,"menu_order":0,"comment_status":"closed","ping_status":"closed","template":"","meta":{"_acf_changed":false,"_coblocks_attr":"","_coblocks_dimensions":"","_coblocks_responsive_height":"","_coblocks_accordion_ie_support":"","inline_featured_image":false,"footnotes":""},"categories":[369],"class_list":["post-24214","page","type-page","status-publish","hentry","category-kampagne"],"acf":[],"yoast_head":"<!-- This site is optimized with the Yoast SEO plugin v27.3 - https:\/\/yoast.com\/product\/yoast-seo-wordpress\/ -->\n<title>Rafforzare la sicurezza dei posti di lavoro alla Swisscom!\u00a0\u00a0 - syndicom<\/title>\n<meta name=\"description\" content=\"Chiediamo quindi alla Direzione generale di Swisscom di impegnarsi in modo chiaro per la piazza economica svizzera. Firma la petizione ora.\" \/>\n<meta name=\"robots\" content=\"index, follow, max-snippet:-1, max-image-preview:large, max-video-preview:-1\" \/>\n<link rel=\"canonical\" href=\"https:\/\/syndicom.ch\/it\/campagne\/petizione-swisscom\/\" \/>\n<meta property=\"og:locale\" content=\"it_IT\" \/>\n<meta property=\"og:type\" content=\"article\" \/>\n<meta property=\"og:title\" content=\"Rafforzare la sicurezza dei posti di lavoro alla Swisscom!\u00a0\u00a0 - syndicom\" \/>\n<meta property=\"og:description\" content=\"Chiediamo quindi alla Direzione generale di Swisscom di impegnarsi in modo chiaro per la piazza economica svizzera. Firma la petizione ora.\" \/>\n<meta property=\"og:url\" content=\"https:\/\/syndicom.ch\/it\/campagne\/petizione-swisscom\/\" \/>\n<meta property=\"og:site_name\" content=\"syndicom\" \/>\n<meta property=\"article:publisher\" content=\"https:\/\/www.facebook.com\/syndicom\/\" \/>\n<meta property=\"article:modified_time\" content=\"2025-05-09T09:12:36+00:00\" \/>\n<meta property=\"og:image\" content=\"https:\/\/syndicom.ch\/app\/uploads\/2025\/02\/gewerkschaft-syndicom-petition-swisscom-beschaeftigungssicherheit.jpg\" \/>\n<meta name=\"twitter:card\" content=\"summary_large_image\" \/>\n<meta name=\"twitter:label1\" content=\"Tempo di lettura stimato\" \/>\n\t<meta name=\"twitter:data1\" content=\"6 minuti\" \/>\n<script type=\"application\/ld+json\" class=\"yoast-schema-graph\">{\"@context\":\"https:\\\/\\\/schema.org\",\"@graph\":[{\"@type\":\"WebPage\",\"@id\":\"https:\\\/\\\/syndicom.ch\\\/it\\\/campagne\\\/petizione-swisscom\\\/\",\"url\":\"https:\\\/\\\/syndicom.ch\\\/it\\\/campagne\\\/petizione-swisscom\\\/\",\"name\":\"Rafforzare la sicurezza dei posti di lavoro alla Swisscom!\u00a0\u00a0 - syndicom\",\"isPartOf\":{\"@id\":\"https:\\\/\\\/syndicom.ch\\\/it\\\/#website\"},\"primaryImageOfPage\":{\"@id\":\"https:\\\/\\\/syndicom.ch\\\/it\\\/campagne\\\/petizione-swisscom\\\/#primaryimage\"},\"image\":{\"@id\":\"https:\\\/\\\/syndicom.ch\\\/it\\\/campagne\\\/petizione-swisscom\\\/#primaryimage\"},\"thumbnailUrl\":\"https:\\\/\\\/syndicom.ch\\\/app\\\/uploads\\\/2025\\\/02\\\/gewerkschaft-syndicom-petition-swisscom-beschaeftigungssicherheit.jpg\",\"datePublished\":\"2025-01-27T14:39:51+00:00\",\"dateModified\":\"2025-05-09T09:12:36+00:00\",\"description\":\"Chiediamo quindi alla Direzione generale di Swisscom di impegnarsi in modo chiaro per la piazza economica svizzera. Firma la petizione ora.\",\"breadcrumb\":{\"@id\":\"https:\\\/\\\/syndicom.ch\\\/it\\\/campagne\\\/petizione-swisscom\\\/#breadcrumb\"},\"inLanguage\":\"it-IT\",\"potentialAction\":[{\"@type\":\"ReadAction\",\"target\":[\"https:\\\/\\\/syndicom.ch\\\/it\\\/campagne\\\/petizione-swisscom\\\/\"]}]},{\"@type\":\"ImageObject\",\"inLanguage\":\"it-IT\",\"@id\":\"https:\\\/\\\/syndicom.ch\\\/it\\\/campagne\\\/petizione-swisscom\\\/#primaryimage\",\"url\":\"https:\\\/\\\/syndicom.ch\\\/app\\\/uploads\\\/2025\\\/02\\\/gewerkschaft-syndicom-petition-swisscom-beschaeftigungssicherheit.jpg\",\"contentUrl\":\"https:\\\/\\\/syndicom.ch\\\/app\\\/uploads\\\/2025\\\/02\\\/gewerkschaft-syndicom-petition-swisscom-beschaeftigungssicherheit.jpg\"},{\"@type\":\"BreadcrumbList\",\"@id\":\"https:\\\/\\\/syndicom.ch\\\/it\\\/campagne\\\/petizione-swisscom\\\/#breadcrumb\",\"itemListElement\":[{\"@type\":\"ListItem\",\"position\":1,\"name\":\"Pagina iniziale\",\"item\":\"https:\\\/\\\/syndicom.ch\\\/it\\\/\"},{\"@type\":\"ListItem\",\"position\":2,\"name\":\"Campagne\",\"item\":\"https:\\\/\\\/syndicom.ch\\\/it\\\/campagne\\\/\"},{\"@type\":\"ListItem\",\"position\":3,\"name\":\"Rafforzare la sicurezza dei posti di lavoro alla Swisscom!\u00a0\u00a0\"}]},{\"@type\":\"WebSite\",\"@id\":\"https:\\\/\\\/syndicom.ch\\\/it\\\/#website\",\"url\":\"https:\\\/\\\/syndicom.ch\\\/it\\\/\",\"name\":\"syndicom\",\"description\":\"\",\"publisher\":{\"@id\":\"https:\\\/\\\/syndicom.ch\\\/it\\\/#organization\"},\"potentialAction\":[{\"@type\":\"SearchAction\",\"target\":{\"@type\":\"EntryPoint\",\"urlTemplate\":\"https:\\\/\\\/syndicom.ch\\\/it\\\/?s={search_term_string}\"},\"query-input\":{\"@type\":\"PropertyValueSpecification\",\"valueRequired\":true,\"valueName\":\"search_term_string\"}}],\"inLanguage\":\"it-IT\"},{\"@type\":\"Organization\",\"@id\":\"https:\\\/\\\/syndicom.ch\\\/it\\\/#organization\",\"name\":\"syndicom\",\"alternateName\":\"Gewerkschaft Medien und Kommunikation\",\"url\":\"https:\\\/\\\/syndicom.ch\\\/it\\\/\",\"logo\":{\"@type\":\"ImageObject\",\"inLanguage\":\"it-IT\",\"@id\":\"https:\\\/\\\/syndicom.ch\\\/it\\\/#\\\/schema\\\/logo\\\/image\\\/\",\"url\":\"https:\\\/\\\/syndicom.ch\\\/app\\\/uploads\\\/2024\\\/06\\\/logo.svg\",\"contentUrl\":\"https:\\\/\\\/syndicom.ch\\\/app\\\/uploads\\\/2024\\\/06\\\/logo.svg\",\"width\":297,\"height\":51,\"caption\":\"syndicom\"},\"image\":{\"@id\":\"https:\\\/\\\/syndicom.ch\\\/it\\\/#\\\/schema\\\/logo\\\/image\\\/\"},\"sameAs\":[\"https:\\\/\\\/www.facebook.com\\\/syndicom\\\/\",\"https:\\\/\\\/ch.linkedin.com\\\/company\\\/syndicom-gewerkschaft-medien-und-kommunikation\",\"https:\\\/\\\/www.instagram.com\\\/syndicom\\\/\"]}]}<\/script>\n<!-- \/ Yoast SEO plugin. -->","yoast_head_json":{"title":"Rafforzare la sicurezza dei posti di lavoro alla Swisscom!\u00a0\u00a0 - syndicom","description":"Chiediamo quindi alla Direzione generale di Swisscom di impegnarsi in modo chiaro per la piazza economica svizzera. Firma la petizione ora.","robots":{"index":"index","follow":"follow","max-snippet":"max-snippet:-1","max-image-preview":"max-image-preview:large","max-video-preview":"max-video-preview:-1"},"canonical":"https:\/\/syndicom.ch\/it\/campagne\/petizione-swisscom\/","og_locale":"it_IT","og_type":"article","og_title":"Rafforzare la sicurezza dei posti di lavoro alla Swisscom!\u00a0\u00a0 - syndicom","og_description":"Chiediamo quindi alla Direzione generale di Swisscom di impegnarsi in modo chiaro per la piazza economica svizzera. Firma la petizione ora.","og_url":"https:\/\/syndicom.ch\/it\/campagne\/petizione-swisscom\/","og_site_name":"syndicom","article_publisher":"https:\/\/www.facebook.com\/syndicom\/","article_modified_time":"2025-05-09T09:12:36+00:00","og_image":[{"url":"https:\/\/syndicom.ch\/app\/uploads\/2025\/02\/gewerkschaft-syndicom-petition-swisscom-beschaeftigungssicherheit.jpg","type":"","width":"","height":""}],"twitter_card":"summary_large_image","twitter_misc":{"Tempo di lettura stimato":"6 minuti"},"schema":{"@context":"https:\/\/schema.org","@graph":[{"@type":"WebPage","@id":"https:\/\/syndicom.ch\/it\/campagne\/petizione-swisscom\/","url":"https:\/\/syndicom.ch\/it\/campagne\/petizione-swisscom\/","name":"Rafforzare la sicurezza dei posti di lavoro alla Swisscom!\u00a0\u00a0 - syndicom","isPartOf":{"@id":"https:\/\/syndicom.ch\/it\/#website"},"primaryImageOfPage":{"@id":"https:\/\/syndicom.ch\/it\/campagne\/petizione-swisscom\/#primaryimage"},"image":{"@id":"https:\/\/syndicom.ch\/it\/campagne\/petizione-swisscom\/#primaryimage"},"thumbnailUrl":"https:\/\/syndicom.ch\/app\/uploads\/2025\/02\/gewerkschaft-syndicom-petition-swisscom-beschaeftigungssicherheit.jpg","datePublished":"2025-01-27T14:39:51+00:00","dateModified":"2025-05-09T09:12:36+00:00","description":"Chiediamo quindi alla Direzione generale di Swisscom di impegnarsi in modo chiaro per la piazza economica svizzera. Firma la petizione ora.","breadcrumb":{"@id":"https:\/\/syndicom.ch\/it\/campagne\/petizione-swisscom\/#breadcrumb"},"inLanguage":"it-IT","potentialAction":[{"@type":"ReadAction","target":["https:\/\/syndicom.ch\/it\/campagne\/petizione-swisscom\/"]}]},{"@type":"ImageObject","inLanguage":"it-IT","@id":"https:\/\/syndicom.ch\/it\/campagne\/petizione-swisscom\/#primaryimage","url":"https:\/\/syndicom.ch\/app\/uploads\/2025\/02\/gewerkschaft-syndicom-petition-swisscom-beschaeftigungssicherheit.jpg","contentUrl":"https:\/\/syndicom.ch\/app\/uploads\/2025\/02\/gewerkschaft-syndicom-petition-swisscom-beschaeftigungssicherheit.jpg"},{"@type":"BreadcrumbList","@id":"https:\/\/syndicom.ch\/it\/campagne\/petizione-swisscom\/#breadcrumb","itemListElement":[{"@type":"ListItem","position":1,"name":"Pagina iniziale","item":"https:\/\/syndicom.ch\/it\/"},{"@type":"ListItem","position":2,"name":"Campagne","item":"https:\/\/syndicom.ch\/it\/campagne\/"},{"@type":"ListItem","position":3,"name":"Rafforzare la sicurezza dei posti di lavoro alla Swisscom!\u00a0\u00a0"}]},{"@type":"WebSite","@id":"https:\/\/syndicom.ch\/it\/#website","url":"https:\/\/syndicom.ch\/it\/","name":"syndicom","description":"","publisher":{"@id":"https:\/\/syndicom.ch\/it\/#organization"},"potentialAction":[{"@type":"SearchAction","target":{"@type":"EntryPoint","urlTemplate":"https:\/\/syndicom.ch\/it\/?s={search_term_string}"},"query-input":{"@type":"PropertyValueSpecification","valueRequired":true,"valueName":"search_term_string"}}],"inLanguage":"it-IT"},{"@type":"Organization","@id":"https:\/\/syndicom.ch\/it\/#organization","name":"syndicom","alternateName":"Gewerkschaft Medien und Kommunikation","url":"https:\/\/syndicom.ch\/it\/","logo":{"@type":"ImageObject","inLanguage":"it-IT","@id":"https:\/\/syndicom.ch\/it\/#\/schema\/logo\/image\/","url":"https:\/\/syndicom.ch\/app\/uploads\/2024\/06\/logo.svg","contentUrl":"https:\/\/syndicom.ch\/app\/uploads\/2024\/06\/logo.svg","width":297,"height":51,"caption":"syndicom"},"image":{"@id":"https:\/\/syndicom.ch\/it\/#\/schema\/logo\/image\/"},"sameAs":["https:\/\/www.facebook.com\/syndicom\/","https:\/\/ch.linkedin.com\/company\/syndicom-gewerkschaft-medien-und-kommunikation","https:\/\/www.instagram.com\/syndicom\/"]}]}},"_links":{"self":[{"href":"https:\/\/syndicom.ch\/it\/wp-json\/wp\/v2\/pages\/24214","targetHints":{"allow":["GET"]}}],"collection":[{"href":"https:\/\/syndicom.ch\/it\/wp-json\/wp\/v2\/pages"}],"about":[{"href":"https:\/\/syndicom.ch\/it\/wp-json\/wp\/v2\/types\/page"}],"author":[{"embeddable":true,"href":"https:\/\/syndicom.ch\/it\/wp-json\/wp\/v2\/users\/3"}],"replies":[{"embeddable":true,"href":"https:\/\/syndicom.ch\/it\/wp-json\/wp\/v2\/comments?post=24214"}],"version-history":[{"count":42,"href":"https:\/\/syndicom.ch\/it\/wp-json\/wp\/v2\/pages\/24214\/revisions"}],"predecessor-version":[{"id":35422,"href":"https:\/\/syndicom.ch\/it\/wp-json\/wp\/v2\/pages\/24214\/revisions\/35422"}],"up":[{"embeddable":true,"href":"https:\/\/syndicom.ch\/it\/wp-json\/wp\/v2\/pages\/5965"}],"wp:attachment":[{"href":"https:\/\/syndicom.ch\/it\/wp-json\/wp\/v2\/media?parent=24214"}],"wp:term":[{"taxonomy":"category","embeddable":true,"href":"https:\/\/syndicom.ch\/it\/wp-json\/wp\/v2\/categories?post=24214"}],"curies":[{"name":"wp","href":"https:\/\/api.w.org\/{rel}","templated":true}]}}