{"id":28221,"date":"2025-02-20T16:54:27","date_gmt":"2025-02-20T15:54:27","guid":{"rendered":"https:\/\/syndicom.ch\/?page_id=28221"},"modified":"2025-02-20T17:04:22","modified_gmt":"2025-02-20T16:04:22","slug":"agenda","status":"publish","type":"page","link":"https:\/\/syndicom.ch\/it\/pensionati\/gruppi\/agenda\/","title":{"rendered":"Agenda"},"content":{"rendered":"\n<div class=\"wp-block-group alignfull has-background-color has-primary-background-color has-text-color has-background has-link-color wp-elements-9b0855ac277b8853dd22e8762c586aee is-layout-constrained wp-block-group-is-layout-constrained\">\n<div class=\"wp-block-group is-style-narrow is-layout-constrained wp-block-group-is-layout-constrained\">\n<div class=\"wp-block-columns is-layout-flex wp-container-core-columns-is-layout-9d6595d7 wp-block-columns-is-layout-flex\">\n<div class=\"wp-block-column is-layout-flow wp-block-column-is-layout-flow\" style=\"flex-basis:70%\">\n<h1 class=\"wp-block-heading\">Agenda<\/h1>\n\n\n\n<p class=\"is-style-lead\">Programma di attivit\u00e0<\/p>\n<\/div>\n<\/div>\n<\/div>\n<\/div>\n\n\n\n<div class=\"wp-block-group alignfull is-style-default has-background-background-color has-background is-layout-constrained wp-block-group-is-layout-constrained\">\n<div class=\"wp-block-group is-style-narrow is-layout-constrained wp-block-group-is-layout-constrained\">\n<h2 class=\"wp-block-heading has-text-align-left\" id=\"Rapporti-dei-gruppi-di-pensionati-Ticino\"><strong>Gruppi di pensionati Ticino<\/strong><\/h2>\n\n\n\n<div data-wp-context=\"{}\" data-wp-interactive=\"core\/query\" data-wp-key=\"0\" data-wp-router-region=\"query-0\" class=\"wp-block-query is-layout-flow wp-block-query-is-layout-flow\"><ul class=\"wp-block-post-template is-layout-flow wp-block-post-template-is-layout-flow\"><li data-wp-key=\"post-template-item-60180\" class=\"wp-block-post post-60180 syn_news_retirees type-syn_news_retirees status-publish hentry syn_news_retirees_category-ticino-agenda\">\n<h3 class=\"has-link-color wp-elements-e0fea9949ff33616516a5cc208365ab5 wp-block-post-title has-text-color has-primary-color\"><a href=\"https:\/\/syndicom.ch\/it\/pensionati\/news\/due-chiacchiere-con-giorgio-galusero\/\" target=\"_self\" >Due chiacchiere con Giorgio Galusero<\/a><\/h3>\n\n<div class=\"wp-block-post-date\"><time datetime=\"2026-03-31T11:14:22+02:00\">31 Marzo 2026<\/time><\/div>\n\n<a href=\"https:\/\/syndicom.ch\/it\/pensionati\/news\/due-chiacchiere-con-giorgio-galusero\/\"><div class=\"wp-block-post-excerpt\"><p class=\"wp-block-post-excerpt__excerpt\">Conosciamo meglio l&#8217;ospite dell\u2019assemblea, il 29 aprile a Bellinzona (Casa del Popolo). 40 anni di servizio nella Polizia Cantonale, Giorgio Galusero \u00e8 stato commissario capo del servizio antidroga e ha&hellip; <\/p><\/div><\/a><div class=\"syn-post-terms\" style=\"display: none\"><a href=\"#\" class=\"syn-post-terms__link\" data-term-id=\"201\">Ticino-Agenda<\/a> <\/div>\n\n\n<\/li><li data-wp-key=\"post-template-item-57774\" class=\"wp-block-post post-57774 syn_news_retirees type-syn_news_retirees status-publish hentry syn_news_retirees_category-ticino-agenda\">\n<h3 class=\"has-link-color wp-elements-e0fea9949ff33616516a5cc208365ab5 wp-block-post-title has-text-color has-primary-color\"><a href=\"https:\/\/syndicom.ch\/it\/pensionati\/news\/attivita-primo-semestre-2026\/\" target=\"_self\" >Attivit\u00e0 primo semestre 2026<\/a><\/h3>\n\n<div class=\"wp-block-post-date\"><time datetime=\"2026-02-23T18:18:52+01:00\">23 Febbraio 2026<\/time><\/div>\n\n<a href=\"https:\/\/syndicom.ch\/it\/pensionati\/news\/attivita-primo-semestre-2026\/\"><div class=\"wp-block-post-excerpt\"><p class=\"wp-block-post-excerpt__excerpt\">Attivit\u00e0 primo semestre 2026 Incontri, gita in risaia e assemblea selezionale Care colleghe, cari colleghi, in questi giorni avete ricevuto i volantini con le attivit\u00e0 del primo semestre. Vi invitiamo&hellip; <\/p><\/div><\/a><div class=\"syn-post-terms\" style=\"display: none\"><a href=\"#\" class=\"syn-post-terms__link\" data-term-id=\"201\">Ticino-Agenda<\/a> <\/div>\n\n\n<\/li><li data-wp-key=\"post-template-item-52088\" class=\"wp-block-post post-52088 syn_news_retirees type-syn_news_retirees status-publish hentry syn_news_retirees_category-ticino-agenda\">\n<h3 class=\"has-link-color wp-elements-e0fea9949ff33616516a5cc208365ab5 wp-block-post-title has-text-color has-primary-color\"><a href=\"https:\/\/syndicom.ch\/it\/pensionati\/news\/artisti-in-vetrina\/\" target=\"_self\" >Artisti in vetrina<\/a><\/h3>\n\n<div class=\"wp-block-post-date\"><time datetime=\"2025-12-05T16:05:12+01:00\">5 Dicembre 2025<\/time><\/div>\n\n<a href=\"https:\/\/syndicom.ch\/it\/pensionati\/news\/artisti-in-vetrina\/\"><div class=\"wp-block-post-excerpt\"><p class=\"wp-block-post-excerpt__excerpt\">Artisti in vetrina Sabato 13 e domenica 14 dicembre, in mostra le opere della scuola d&#8217;arte di Casimiro Piazza In occasione del 20\u00b0 compleanno della Scuola di Scultura per persone&hellip; <\/p><\/div><\/a><div class=\"syn-post-terms\" style=\"display: none\"><a href=\"#\" class=\"syn-post-terms__link\" data-term-id=\"201\">Ticino-Agenda<\/a> <\/div>\n\n\n<\/li><li data-wp-key=\"post-template-item-50830\" class=\"wp-block-post post-50830 syn_news_retirees type-syn_news_retirees status-publish hentry syn_news_retirees_category-ticino-agenda\">\n<h3 class=\"has-link-color wp-elements-e0fea9949ff33616516a5cc208365ab5 wp-block-post-title has-text-color has-primary-color\"><a href=\"https:\/\/syndicom.ch\/it\/pensionati\/news\/insieme-per-unassistenza-di-qualita\/\" target=\"_self\" >Insieme per un&#8217;assistenza di qualit\u00e0<\/a><\/h3>\n\n<div class=\"wp-block-post-date\"><time datetime=\"2025-11-02T12:44:29+01:00\">2 Novembre 2025<\/time><\/div>\n\n<a href=\"https:\/\/syndicom.ch\/it\/pensionati\/news\/insieme-per-unassistenza-di-qualita\/\"><div class=\"wp-block-post-excerpt\"><p class=\"wp-block-post-excerpt__excerpt\">Insieme per un&#8217;assistenza di qualit\u00e0 Perch\u00e9 scendiamo in piazza? Manifestazione il 22 novembre 2025 a Berna Il sistema sanitario \u00e8 in crisi: non pu\u00f2 continuare cos\u00ec. Il personale lavora da&hellip; <\/p><\/div><\/a><div class=\"syn-post-terms\" style=\"display: none\"><a href=\"#\" class=\"syn-post-terms__link\" data-term-id=\"201\">Ticino-Agenda<\/a> <\/div>\n\n\n<\/li><li data-wp-key=\"post-template-item-48173\" class=\"wp-block-post post-48173 syn_news_retirees type-syn_news_retirees status-publish hentry syn_news_retirees_category-ticino-agenda\">\n<h3 class=\"has-link-color wp-elements-e0fea9949ff33616516a5cc208365ab5 wp-block-post-title has-text-color has-primary-color\"><a href=\"https:\/\/syndicom.ch\/it\/pensionati\/news\/al-cinema-con-syndicom\/\" target=\"_self\" >Al cinema con syndicom<\/a><\/h3>\n\n<div class=\"wp-block-post-date\"><time datetime=\"2025-10-13T10:05:18+02:00\">13 Ottobre 2025<\/time><\/div>\n\n<a href=\"https:\/\/syndicom.ch\/it\/pensionati\/news\/al-cinema-con-syndicom\/\"><div class=\"wp-block-post-excerpt\"><p class=\"wp-block-post-excerpt__excerpt\">Al cinema con syndicom syndicom, in collaborazione con Unione Sindacale Svizzera&nbsp;Ticino e Moesa, propone un ciclo di proiezioni e dibattiti dedicato al mondo del lavoro visto attraverso il cinema. Film&hellip; <\/p><\/div><\/a><div class=\"syn-post-terms\" style=\"display: none\"><a href=\"#\" class=\"syn-post-terms__link\" data-term-id=\"201\">Ticino-Agenda<\/a> <\/div>\n\n\n<\/li><li data-wp-key=\"post-template-item-47240\" class=\"wp-block-post post-47240 syn_news_retirees type-syn_news_retirees status-publish hentry syn_news_retirees_category-ticino-agenda\">\n<h3 class=\"has-link-color wp-elements-e0fea9949ff33616516a5cc208365ab5 wp-block-post-title has-text-color has-primary-color\"><a href=\"https:\/\/syndicom.ch\/it\/pensionati\/news\/migrazioni-conoscere-per-capire\/\" target=\"_self\" >Migrazioni: conoscere per capire<\/a><\/h3>\n\n<div class=\"wp-block-post-date\"><time datetime=\"2025-09-19T17:55:39+02:00\">19 Settembre 2025<\/time><\/div>\n\n<a href=\"https:\/\/syndicom.ch\/it\/pensionati\/news\/migrazioni-conoscere-per-capire\/\"><div class=\"wp-block-post-excerpt\"><p class=\"wp-block-post-excerpt__excerpt\">Molto si discute (e si specula politicamente) sugli spostamenti delle persone, unfenomeno dovuto a svariati motivi spesso caratterizzati da drammi umani. Se ne parler\u00e0 venerd\u00ec 26 settembre 2025, a partire&hellip; <\/p><\/div><\/a><div class=\"syn-post-terms\" style=\"display: none\"><a href=\"#\" class=\"syn-post-terms__link\" data-term-id=\"201\">Ticino-Agenda<\/a> <\/div>\n\n\n<\/li><li data-wp-key=\"post-template-item-44612\" class=\"wp-block-post post-44612 syn_news_retirees type-syn_news_retirees status-publish hentry syn_news_retirees_category-ticino-agenda\">\n<h3 class=\"has-link-color wp-elements-e0fea9949ff33616516a5cc208365ab5 wp-block-post-title has-text-color has-primary-color\"><a href=\"https:\/\/syndicom.ch\/it\/pensionati\/news\/cena-di-solidarieta\/\" target=\"_self\" >Cena di solidariet\u00e0<\/a><\/h3>\n\n<div class=\"wp-block-post-date\"><time datetime=\"2025-08-11T18:11:12+02:00\">11 Agosto 2025<\/time><\/div>\n\n<a href=\"https:\/\/syndicom.ch\/it\/pensionati\/news\/cena-di-solidarieta\/\"><div class=\"wp-block-post-excerpt\"><p class=\"wp-block-post-excerpt__excerpt\">In occasione del 20\u00b0 compleanno della Scuola di Scultura per persone diversamente abili a Villa Luganese, l&#8217;artista Casimiro Piazza organizza una cena di solidariet\u00e0. Gioved\u00ec 18 settembre, al ristorante bistrot&hellip; <\/p><\/div><\/a><div class=\"syn-post-terms\" style=\"display: none\"><a href=\"#\" class=\"syn-post-terms__link\" data-term-id=\"201\">Ticino-Agenda<\/a> <\/div>\n\n\n<\/li><li data-wp-key=\"post-template-item-42772\" class=\"wp-block-post post-42772 syn_news_retirees type-syn_news_retirees status-publish hentry syn_news_retirees_category-ticino-agenda\">\n<h3 class=\"has-link-color wp-elements-e0fea9949ff33616516a5cc208365ab5 wp-block-post-title has-text-color has-primary-color\"><a href=\"https:\/\/syndicom.ch\/it\/pensionati\/news\/syndicom-in-festa\/\" target=\"_self\" >syndicom in festa!<\/a><\/h3>\n\n<div class=\"wp-block-post-date\"><time datetime=\"2025-07-21T18:01:13+02:00\">21 Luglio 2025<\/time><\/div>\n\n<a href=\"https:\/\/syndicom.ch\/it\/pensionati\/news\/syndicom-in-festa\/\"><div class=\"wp-block-post-excerpt\"><p class=\"wp-block-post-excerpt__excerpt\">Domenica 7 settembre, a partire dalle 10.30, tutti sono invitati a &#8220;syndicom in festa&#8221;. A Rodi-Fiesso, alla casa dei sindacati USS Ticino, per trascorrere insieme una giornata in allegria: atelier&hellip; <\/p><\/div><\/a><div class=\"syn-post-terms\" style=\"display: none\"><a href=\"#\" class=\"syn-post-terms__link\" data-term-id=\"201\">Ticino-Agenda<\/a> <\/div>\n\n\n<\/li><li data-wp-key=\"post-template-item-41263\" class=\"wp-block-post post-41263 syn_news_retirees type-syn_news_retirees status-publish hentry syn_news_retirees_category-ticino-agenda\">\n<h3 class=\"has-link-color wp-elements-e0fea9949ff33616516a5cc208365ab5 wp-block-post-title has-text-color has-primary-color\"><a href=\"https:\/\/syndicom.ch\/it\/pensionati\/news\/programma-2-semestre-2025\/\" target=\"_self\" >Programma 2\u00b0 semestre 2025<\/a><\/h3>\n\n<div class=\"wp-block-post-date\"><time datetime=\"2025-06-27T12:31:57+02:00\">27 Giugno 2025<\/time><\/div>\n\n<a href=\"https:\/\/syndicom.ch\/it\/pensionati\/news\/programma-2-semestre-2025\/\"><div class=\"wp-block-post-excerpt\"><p class=\"wp-block-post-excerpt__excerpt\">Per posta, nelle vostre case, \u00e8 arrivato il programma delle attivit\u00e0 dei pensionati syndicom Ticino e Moesano per il secondo semestre di quest&#8217;anno. In agenda ci sono 3 appuntamenti che&hellip; <\/p><\/div><\/a><div class=\"syn-post-terms\" style=\"display: none\"><a href=\"#\" class=\"syn-post-terms__link\" data-term-id=\"201\">Ticino-Agenda<\/a> <\/div>\n\n\n<\/li><li data-wp-key=\"post-template-item-30692\" class=\"wp-block-post post-30692 syn_news_retirees type-syn_news_retirees status-publish hentry syn_news_retirees_category-ticino-agenda\">\n<h3 class=\"has-link-color wp-elements-e0fea9949ff33616516a5cc208365ab5 wp-block-post-title has-text-color has-primary-color\"><a href=\"https:\/\/syndicom.ch\/it\/pensionati\/news\/due-chiacchiere-con-marco-cameroni\/\" target=\"_self\" >Due chiacchiere con Marco Cameroni<\/a><\/h3>\n\n<div class=\"wp-block-post-date\"><time datetime=\"2025-03-16T12:10:06+01:00\">16 Marzo 2025<\/time><\/div>\n\n<a href=\"https:\/\/syndicom.ch\/it\/pensionati\/news\/due-chiacchiere-con-marco-cameroni\/\"><div class=\"wp-block-post-excerpt\"><p class=\"wp-block-post-excerpt__excerpt\">Sono stato 27 anni alla tiv\u00f9, da quel 1\u00b0 agosto 1962 quando mi presentai nella citt\u00e0 sulla Limmat, come volontario, alla redazione di lingua italiana. Con i pantaloni corti, come&hellip; <\/p><\/div><\/a><div class=\"syn-post-terms\" style=\"display: none\"><a href=\"#\" class=\"syn-post-terms__link\" data-term-id=\"201\">Ticino-Agenda<\/a> <\/div>\n\n\n<\/li><\/ul>\n\n<nav class=\"wp-block-query-pagination is-layout-flex wp-block-query-pagination-is-layout-flex\" aria-label=\"Paginazione\">\n\n\n<div class=\"wp-block-query-pagination-numbers\"><span data-wp-key=\"index-0\" aria-current=\"page\" class=\"page-numbers current\">1<\/span>\n<a data-wp-key=\"index-1\" data-wp-on--click=\"core\/query::actions.navigate\" class=\"page-numbers\" href=\"?query-0-page=2\">2<\/a><\/div>\n\n<a data-wp-key=\"query-pagination-next\" data-wp-on--click=\"core\/query::actions.navigate\" data-wp-on--mouseenter=\"core\/query::actions.prefetch\" data-wp-watch=\"core\/query::callbacks.prefetch\" href=\"\/it\/wp-json\/wp\/v2\/pages\/28221?query-0-page=2\" class=\"wp-block-query-pagination-next\">Pagina successiva<\/a>\n<\/nav>\n\n<\/div>\n<\/div>\n<\/div>\n","protected":false},"excerpt":{"rendered":"<p>Agenda Programma di attivit\u00e0 Gruppi di pensionati Ticino<\/p>\n","protected":false},"author":16,"featured_media":0,"parent":21778,"menu_order":0,"comment_status":"closed","ping_status":"closed","template":"","meta":{"_acf_changed":false,"inline_featured_image":false,"_coblocks_attr":"","_coblocks_dimensions":"","_coblocks_responsive_height":"","_coblocks_accordion_ie_support":"","footnotes":""},"categories":[101],"class_list":["post-28221","page","type-page","status-publish","hentry","category-pensionierte-it"],"acf":[],"yoast_head":"<!-- This site is optimized with the Yoast SEO plugin v27.3 - https:\/\/yoast.com\/product\/yoast-seo-wordpress\/ -->\n<title>Agenda - syndicom<\/title>\n<meta name=\"robots\" content=\"index, follow, max-snippet:-1, max-image-preview:large, max-video-preview:-1\" \/>\n<link rel=\"canonical\" href=\"https:\/\/syndicom.ch\/it\/pensionati\/gruppi\/agenda\/\" \/>\n<link rel=\"next\" href=\"https:\/\/syndicom.ch\/it\/pensionati\/gruppi\/agenda\/28221\/?query-0-page=2\" \/>\n<meta property=\"og:locale\" content=\"it_IT\" \/>\n<meta property=\"og:type\" content=\"article\" \/>\n<meta property=\"og:title\" content=\"Agenda - syndicom\" \/>\n<meta property=\"og:description\" content=\"Agenda Programma di attivit\u00e0 Gruppi di pensionati Ticino\" \/>\n<meta property=\"og:url\" content=\"https:\/\/syndicom.ch\/it\/pensionati\/gruppi\/agenda\/\" \/>\n<meta property=\"og:site_name\" content=\"syndicom\" \/>\n<meta property=\"article:modified_time\" content=\"2025-02-20T16:04:22+00:00\" \/>\n<meta name=\"twitter:card\" content=\"summary_large_image\" \/>\n<meta name=\"twitter:label1\" content=\"Tempo di lettura stimato\" \/>\n\t<meta name=\"twitter:data1\" content=\"1 minuto\" \/>\n<script type=\"application\/ld+json\" class=\"yoast-schema-graph\">{\"@context\":\"https:\\\/\\\/schema.org\",\"@graph\":[{\"@type\":\"WebPage\",\"@id\":\"https:\\\/\\\/syndicom.ch\\\/it\\\/pensionati\\\/gruppi\\\/agenda\\\/\",\"url\":\"https:\\\/\\\/syndicom.ch\\\/it\\\/pensionati\\\/gruppi\\\/agenda\\\/\",\"name\":\"Agenda - syndicom\",\"isPartOf\":{\"@id\":\"https:\\\/\\\/syndicom.ch\\\/it\\\/#website\"},\"datePublished\":\"2025-02-20T15:54:27+00:00\",\"dateModified\":\"2025-02-20T16:04:22+00:00\",\"breadcrumb\":{\"@id\":\"https:\\\/\\\/syndicom.ch\\\/it\\\/pensionati\\\/gruppi\\\/agenda\\\/#breadcrumb\"},\"inLanguage\":\"it-IT\",\"potentialAction\":[{\"@type\":\"ReadAction\",\"target\":[\"https:\\\/\\\/syndicom.ch\\\/it\\\/pensionati\\\/gruppi\\\/agenda\\\/\"]}]},{\"@type\":\"BreadcrumbList\",\"@id\":\"https:\\\/\\\/syndicom.ch\\\/it\\\/pensionati\\\/gruppi\\\/agenda\\\/#breadcrumb\",\"itemListElement\":[{\"@type\":\"ListItem\",\"position\":1,\"name\":\"Pagina iniziale\",\"item\":\"https:\\\/\\\/syndicom.ch\\\/it\\\/\"},{\"@type\":\"ListItem\",\"position\":2,\"name\":\"Pensionati\",\"item\":\"https:\\\/\\\/syndicom.ch\\\/it\\\/pensionati\\\/\"},{\"@type\":\"ListItem\",\"position\":3,\"name\":\"Gruppi\",\"item\":\"https:\\\/\\\/syndicom.ch\\\/it\\\/pensionierte\\\/gruppen\\\/\"},{\"@type\":\"ListItem\",\"position\":4,\"name\":\"Agenda\"}]},{\"@type\":\"WebSite\",\"@id\":\"https:\\\/\\\/syndicom.ch\\\/it\\\/#website\",\"url\":\"https:\\\/\\\/syndicom.ch\\\/it\\\/\",\"name\":\"syndicom\",\"description\":\"\",\"publisher\":{\"@id\":\"https:\\\/\\\/syndicom.ch\\\/it\\\/#organization\"},\"potentialAction\":[{\"@type\":\"SearchAction\",\"target\":{\"@type\":\"EntryPoint\",\"urlTemplate\":\"https:\\\/\\\/syndicom.ch\\\/it\\\/?s={search_term_string}\"},\"query-input\":{\"@type\":\"PropertyValueSpecification\",\"valueRequired\":true,\"valueName\":\"search_term_string\"}}],\"inLanguage\":\"it-IT\"},{\"@type\":\"Organization\",\"@id\":\"https:\\\/\\\/syndicom.ch\\\/it\\\/#organization\",\"name\":\"syndicom\",\"url\":\"https:\\\/\\\/syndicom.ch\\\/it\\\/\",\"logo\":{\"@type\":\"ImageObject\",\"inLanguage\":\"it-IT\",\"@id\":\"https:\\\/\\\/syndicom.ch\\\/it\\\/#\\\/schema\\\/logo\\\/image\\\/\",\"url\":\"https:\\\/\\\/syndicom.ch\\\/app\\\/uploads\\\/2024\\\/06\\\/logo.svg\",\"contentUrl\":\"https:\\\/\\\/syndicom.ch\\\/app\\\/uploads\\\/2024\\\/06\\\/logo.svg\",\"width\":297,\"height\":51,\"caption\":\"syndicom\"},\"image\":{\"@id\":\"https:\\\/\\\/syndicom.ch\\\/it\\\/#\\\/schema\\\/logo\\\/image\\\/\"}}]}<\/script>\n<!-- \/ Yoast SEO plugin. -->","yoast_head_json":{"title":"Agenda - syndicom","robots":{"index":"index","follow":"follow","max-snippet":"max-snippet:-1","max-image-preview":"max-image-preview:large","max-video-preview":"max-video-preview:-1"},"canonical":"https:\/\/syndicom.ch\/it\/pensionati\/gruppi\/agenda\/","next":"https:\/\/syndicom.ch\/it\/pensionati\/gruppi\/agenda\/28221?query-0-page=2","og_locale":"it_IT","og_type":"article","og_title":"Agenda - syndicom","og_description":"Agenda Programma di attivit\u00e0 Gruppi di pensionati Ticino","og_url":"https:\/\/syndicom.ch\/it\/pensionati\/gruppi\/agenda\/","og_site_name":"syndicom","article_modified_time":"2025-02-20T16:04:22+00:00","twitter_card":"summary_large_image","twitter_misc":{"Tempo di lettura stimato":"1 minuto"},"schema":{"@context":"https:\/\/schema.org","@graph":[{"@type":"WebPage","@id":"https:\/\/syndicom.ch\/it\/pensionati\/gruppi\/agenda\/","url":"https:\/\/syndicom.ch\/it\/pensionati\/gruppi\/agenda\/","name":"Agenda - syndicom","isPartOf":{"@id":"https:\/\/syndicom.ch\/it\/#website"},"datePublished":"2025-02-20T15:54:27+00:00","dateModified":"2025-02-20T16:04:22+00:00","breadcrumb":{"@id":"https:\/\/syndicom.ch\/it\/pensionati\/gruppi\/agenda\/#breadcrumb"},"inLanguage":"it-IT","potentialAction":[{"@type":"ReadAction","target":["https:\/\/syndicom.ch\/it\/pensionati\/gruppi\/agenda\/"]}]},{"@type":"BreadcrumbList","@id":"https:\/\/syndicom.ch\/it\/pensionati\/gruppi\/agenda\/#breadcrumb","itemListElement":[{"@type":"ListItem","position":1,"name":"Pagina iniziale","item":"https:\/\/syndicom.ch\/it\/"},{"@type":"ListItem","position":2,"name":"Pensionati","item":"https:\/\/syndicom.ch\/it\/pensionati\/"},{"@type":"ListItem","position":3,"name":"Gruppi","item":"https:\/\/syndicom.ch\/it\/pensionierte\/gruppen\/"},{"@type":"ListItem","position":4,"name":"Agenda"}]},{"@type":"WebSite","@id":"https:\/\/syndicom.ch\/it\/#website","url":"https:\/\/syndicom.ch\/it\/","name":"syndicom","description":"","publisher":{"@id":"https:\/\/syndicom.ch\/it\/#organization"},"potentialAction":[{"@type":"SearchAction","target":{"@type":"EntryPoint","urlTemplate":"https:\/\/syndicom.ch\/it\/?s={search_term_string}"},"query-input":{"@type":"PropertyValueSpecification","valueRequired":true,"valueName":"search_term_string"}}],"inLanguage":"it-IT"},{"@type":"Organization","@id":"https:\/\/syndicom.ch\/it\/#organization","name":"syndicom","url":"https:\/\/syndicom.ch\/it\/","logo":{"@type":"ImageObject","inLanguage":"it-IT","@id":"https:\/\/syndicom.ch\/it\/#\/schema\/logo\/image\/","url":"https:\/\/syndicom.ch\/app\/uploads\/2024\/06\/logo.svg","contentUrl":"https:\/\/syndicom.ch\/app\/uploads\/2024\/06\/logo.svg","width":297,"height":51,"caption":"syndicom"},"image":{"@id":"https:\/\/syndicom.ch\/it\/#\/schema\/logo\/image\/"}}]}},"_links":{"self":[{"href":"https:\/\/syndicom.ch\/it\/wp-json\/wp\/v2\/pages\/28221","targetHints":{"allow":["GET"]}}],"collection":[{"href":"https:\/\/syndicom.ch\/it\/wp-json\/wp\/v2\/pages"}],"about":[{"href":"https:\/\/syndicom.ch\/it\/wp-json\/wp\/v2\/types\/page"}],"author":[{"embeddable":true,"href":"https:\/\/syndicom.ch\/it\/wp-json\/wp\/v2\/users\/16"}],"replies":[{"embeddable":true,"href":"https:\/\/syndicom.ch\/it\/wp-json\/wp\/v2\/comments?post=28221"}],"version-history":[{"count":2,"href":"https:\/\/syndicom.ch\/it\/wp-json\/wp\/v2\/pages\/28221\/revisions"}],"predecessor-version":[{"id":28231,"href":"https:\/\/syndicom.ch\/it\/wp-json\/wp\/v2\/pages\/28221\/revisions\/28231"}],"up":[{"embeddable":true,"href":"https:\/\/syndicom.ch\/it\/wp-json\/wp\/v2\/pages\/21778"}],"wp:attachment":[{"href":"https:\/\/syndicom.ch\/it\/wp-json\/wp\/v2\/media?parent=28221"}],"wp:term":[{"taxonomy":"category","embeddable":true,"href":"https:\/\/syndicom.ch\/it\/wp-json\/wp\/v2\/categories?post=28221"}],"curies":[{"name":"wp","href":"https:\/\/api.w.org\/{rel}","templated":true}]}}