{"id":33577,"date":"2025-04-04T08:55:51","date_gmt":"2025-04-04T06:55:51","guid":{"rendered":"https:\/\/syndicom.ch\/?page_id=33577"},"modified":"2026-04-14T15:36:13","modified_gmt":"2026-04-14T13:36:13","slug":"1maggio","status":"publish","type":"page","link":"https:\/\/syndicom.ch\/it\/1maggio\/","title":{"rendered":"1 Maggio"},"content":{"rendered":"\n<div class=\"wp-block-group alignfull has-primary-background-color has-background is-layout-constrained wp-block-group-is-layout-constrained\">\n<div class=\"wp-block-group is-style-narrow is-layout-constrained wp-block-group-is-layout-constrained\">\n<h1 class=\"wp-block-heading has-background-color has-text-color has-link-color wp-elements-21e00ef5eb16bbe36be7fa9975d92c60\"><strong><strong>1\u00b0 maggio<\/strong>: <strong><strong>Difendere il lavoro e i salari<\/strong><\/strong><\/strong><\/h1>\n\n\n\n<div class=\"wp-block-columns is-layout-flex wp-container-core-columns-is-layout-9d6595d7 wp-block-columns-is-layout-flex\">\n<div class=\"wp-block-column is-layout-flow wp-block-column-is-layout-flow\" style=\"flex-basis:66.66%\">\n<p class=\"is-style-lead has-background-color has-text-color has-link-color wp-elements-06de855bb9b2c71910bdd30144dee67a\">Il 1\u00b0 maggio \u00e8 la Festa dei lavoratori. Ma pi\u00f9 che mai \u00e8 anche la giornata della solidariet\u00e0. <\/p>\n<\/div>\n\n\n\n<div class=\"wp-block-column is-layout-flow wp-block-column-is-layout-flow\" style=\"flex-basis:33.33%\">\n<div class=\"wp-block-group is-vertical is-nowrap is-layout-flex wp-container-core-group-is-layout-fc43baa9 wp-block-group-is-layout-flex\">\n<p><sup><a href=\"#Perche-il-1-maggio-e-importante\" type=\"internal\" id=\"#Perche-il-1-maggio-e-importante\"><mark style=\"background-color:#0D7EAC\" class=\"has-inline-color has-background-color\">\u279c Perch\u00e9 il 1\u00b0 maggio \u00e8 cos\u00ec importante<\/mark><\/a><br><a href=\"#eventi\" type=\"internal\" id=\"#eventi\"><mark style=\"background-color:#0D7EAC\" class=\"has-inline-color has-background-color\">\u279c Eventi 2026<\/mark><\/a><mark style=\"background-color:#0D7EAC\" class=\"has-inline-color has-background-color\"><br><\/mark><a href=\"#Cosa-abbiamo-gia-ottenuto-insieme\" type=\"internal\" id=\"#Cosa-abbiamo-gia-ottenuto-insieme\"><mark style=\"background-color:#0D7EAC\" class=\"has-inline-color has-background-color\">\u279c Cosa abbiamo gi\u00e0 ottenuto insieme<\/mark><\/a><\/sup><\/p>\n<\/div>\n<\/div>\n<\/div>\n<\/div>\n<\/div>\n\n\n\n<div class=\"wp-block-group alignfull has-background-background-color has-background is-layout-constrained wp-block-group-is-layout-constrained\">\n<div class=\"wp-block-group is-style-narrow is-layout-constrained wp-block-group-is-layout-constrained\">\n<h2 class=\"wp-block-heading\" id=\"Perche-il-1-maggio-e-importante\">Perch\u00e9 il 1\u00b0 maggio \u00e8 cos\u00ec importante<\/h2>\n\n\n\n<p>La Festa dei lavoratori del 1\u00b0 maggio \u00e8 pi\u00f9 di una semplice tradizione: \u00e8 una giornata di lotta per ottenere salari equi, posti di lavoro sicuri e giustizia sociale. I sindacati hanno ottenuto molti risultati: la giornata lavorativa di 8 ore, le ferie pagate, una migliore protezione contro il licenziamento.<\/p>\n\n\n\n<p>Ma oggi ci troviamo di fronte a nuove sfide. Il motto del 2026 lo riassume in poche parole:<\/p>\n\n\n\n<h2 class=\"wp-block-heading\"><strong><strong><strong>Difendere il lavoro e i salari<\/strong><\/strong><\/strong><\/h2>\n\n\n\n<p>Il 14 giugno \u00e8 in gioco il futuro della Svizzera sociale: se l\u2019iniziativa \u00abNo a una Svizzera da 10 milioni! (Iniziativa per la sostenibilit\u00e0)\u00bb venisse approvata, isolerebbe la Svizzera e avrebbe conseguenze disastrose sul nostro lavoro, sui nostri salari e sulle nostre pensioni.<\/p>\n\n\n\n<p><strong>Ecco perch\u00e9, il 1\u00b0 maggio, scenderemo in piazza per lottare contro questo rischio di isolamento:<\/strong><\/p>\n\n\n\n<ul class=\"wp-block-list\">\n<li class=\"is-style-check\">Per salari equi e pi\u00f9 potere d\u2019acquisto<\/li>\n\n\n\n<li class=\"is-style-check\">Per posti di lavoro sicuri<\/li>\n\n\n\n<li class=\"is-style-check\">Per buone condizioni di lavoro<\/li>\n\n\n\n<li class=\"is-style-check\">Per un\u2019AVS solida e pensioni sicure<\/li>\n<\/ul>\n\n\n\n<p><\/p>\n<\/div>\n\n\n\n<figure data-wp-context=\"{&quot;imageId&quot;:&quot;69ea0242b78b0&quot;}\" data-wp-interactive=\"core\/image\" data-wp-key=\"69ea0242b78b0\" class=\"wp-block-image size-full is-resized has-lightbox wp-lightbox-container\"><img loading=\"lazy\" decoding=\"async\" width=\"2560\" height=\"1707\" data-wp-class--hide=\"state.isContentHidden\" data-wp-class--show=\"state.isContentVisible\" data-wp-init=\"callbacks.setButtonStyles\" data-wp-on--click=\"actions.showLightbox\" data-wp-on--load=\"callbacks.setButtonStyles\" data-wp-on-window--resize=\"callbacks.setButtonStyles\" src=\"https:\/\/syndicom.ch\/app\/uploads\/2026\/04\/sindacato-syndiciom-1maggio-2026-visual-scaled.jpg\" alt=\"\" class=\"wp-image-60606\" style=\"width:1400px;height:auto\" srcset=\"https:\/\/syndicom.ch\/app\/uploads\/2026\/04\/sindacato-syndiciom-1maggio-2026-visual-scaled.jpg 2560w, https:\/\/syndicom.ch\/app\/uploads\/2026\/04\/sindacato-syndiciom-1maggio-2026-visual-300x200.jpg 300w, https:\/\/syndicom.ch\/app\/uploads\/2026\/04\/sindacato-syndiciom-1maggio-2026-visual-1024x683.jpg 1024w, https:\/\/syndicom.ch\/app\/uploads\/2026\/04\/sindacato-syndiciom-1maggio-2026-visual-768x512.jpg 768w, https:\/\/syndicom.ch\/app\/uploads\/2026\/04\/sindacato-syndiciom-1maggio-2026-visual-1536x1024.jpg 1536w, https:\/\/syndicom.ch\/app\/uploads\/2026\/04\/sindacato-syndiciom-1maggio-2026-visual-2048x1366.jpg 2048w\" sizes=\"auto, (max-width: 2560px) 100vw, 2560px\" \/><button\n\t\t\tclass=\"lightbox-trigger\"\n\t\t\ttype=\"button\"\n\t\t\taria-haspopup=\"dialog\"\n\t\t\taria-label=\"Ingrandisci\"\n\t\t\tdata-wp-init=\"callbacks.initTriggerButton\"\n\t\t\tdata-wp-on--click=\"actions.showLightbox\"\n\t\t\tdata-wp-style--right=\"state.imageButtonRight\"\n\t\t\tdata-wp-style--top=\"state.imageButtonTop\"\n\t\t>\n\t\t\t<svg xmlns=\"http:\/\/www.w3.org\/2000\/svg\" width=\"12\" height=\"12\" fill=\"none\" viewBox=\"0 0 12 12\">\n\t\t\t\t<path fill=\"#fff\" d=\"M2 0a2 2 0 0 0-2 2v2h1.5V2a.5.5 0 0 1 .5-.5h2V0H2Zm2 10.5H2a.5.5 0 0 1-.5-.5V8H0v2a2 2 0 0 0 2 2h2v-1.5ZM8 12v-1.5h2a.5.5 0 0 0 .5-.5V8H12v2a2 2 0 0 1-2 2H8Zm2-12a2 2 0 0 1 2 2v2h-1.5V2a.5.5 0 0 0-.5-.5H8V0h2Z\" \/>\n\t\t\t<\/svg>\n\t\t<\/button><\/figure>\n<\/div>\n\n\n\n<div class=\"wp-block-group alignfull has-tertiary-background-color has-background is-layout-constrained wp-block-group-is-layout-constrained\">\n<div class=\"wp-block-group is-style-narrow is-layout-constrained wp-block-group-is-layout-constrained\">\n<h2 class=\"wp-block-heading\" id=\"eventi\"><strong>Eventi 2026<\/strong><\/h2>\n\n\n\n<p>syndicom partecipa a molti eventi del 1\u00b0 maggio in tutta la Svizzera, con discorsi, stand informativi, musica e azioni. <strong>Vieni anche tu e dimostra che siamo uniti.<\/strong><\/p>\n\n\n\n<hr class=\"wp-block-separator has-alpha-channel-opacity is-style-wide\"\/>\n\n\n\n<div class=\"wp-block-columns is-layout-flex wp-container-core-columns-is-layout-9d6595d7 wp-block-columns-is-layout-flex\">\n<div class=\"wp-block-column is-layout-flow wp-block-column-is-layout-flow\" style=\"flex-basis:33.33%\">\n<p><strong>Lugano<\/strong><\/p>\n<\/div>\n\n\n\n<div class=\"wp-block-column is-layout-flow wp-block-column-is-layout-flow\" style=\"flex-basis:66.66%\">\n<p><strong>Corteo<\/strong><br>\ud83d\udccdCampo Marzio \ud83d\udd59Ritrovo: ore 16:00 | Partenza: ore 16:30<\/p>\n\n\n\n<p><strong>Interventi<\/strong><br>\ud83d\udccdPiazza Manzoni \ud83d\udd59alle 17.30 Uhr<\/p>\n\n\n\n<p><strong>Cena<\/strong><br>\ud83d\udccdPiazza Manzoni \ud83d\udd59dalle 19:00<\/p>\n\n\n\n<p><a href=\"https:\/\/www.uss-ti.ch\/detail\/ne-sfruttati-ne-divisi-lavoro-e-dignita-senza-confini\" type=\"link\" id=\"https:\/\/www.uss-ti.ch\/detail\/ne-sfruttati-ne-divisi-lavoro-e-dignita-senza-confini\" target=\"_blank\" rel=\"noreferrer noopener nofollow\">Qui trovi tutte le informazioni sulla festa del 1\u00b0 maggio a Lugano.<\/a><\/p>\n<\/div>\n<\/div>\n\n\n\n<hr class=\"wp-block-separator has-alpha-channel-opacity is-style-wide\"\/>\n\n\n\n<div class=\"wp-block-buttons is-content-justification-center is-layout-flex wp-container-core-buttons-is-layout-16018d1d wp-block-buttons-is-layout-flex\">\n<div class=\"wp-block-button is-style-outline is-style-outline--1\"><a class=\"wp-block-button__link wp-element-button\" href=\"https:\/\/syndicom.ch\/it\/1maggio\/?syn-lang=de\" target=\"_blank\" rel=\"noreferrer noopener\"><strong>al programma in Svizzera tedesca<\/strong><\/a><\/div>\n\n\n\n<div class=\"wp-block-button is-style-outline is-style-outline--2\"><a class=\"wp-block-button__link wp-element-button\" href=\"https:\/\/syndicom.ch\/it\/1maggio\/?syn-lang=fr\" target=\"_blank\" rel=\"noreferrer noopener\"><strong>vai al programma in Romandia<\/strong><\/a><\/div>\n<\/div>\n\n\n\n<p><\/p>\n\n\n\n<div class=\"wp-block-buttons is-layout-flex wp-block-buttons-is-layout-flex\">\n<div class=\"wp-block-button is-style-external\"><a class=\"wp-block-button__link wp-element-button\" href=\"https:\/\/1er-mai.ch\/\" target=\"_blank\" rel=\"noreferrer noopener\"><strong>Il programma del 1\u00b0 maggio in tutta la Svizzera<\/strong> (pagina in francese e tedesco)<\/a><\/div>\n<\/div>\n<\/div>\n<\/div>\n\n\n\n<div class=\"wp-block-group alignfull has-background-background-color has-background is-layout-constrained wp-block-group-is-layout-constrained\">\n<figure class=\"wp-block-image size-full is-resized\"><img loading=\"lazy\" decoding=\"async\" width=\"1600\" height=\"721\" src=\"https:\/\/syndicom.ch\/app\/uploads\/2025\/04\/gewerkschaft-syndicom-1mai-luzern.jpg\" alt=\"\" class=\"wp-image-33147\" style=\"width:1400px;height:auto\" srcset=\"https:\/\/syndicom.ch\/app\/uploads\/2025\/04\/gewerkschaft-syndicom-1mai-luzern.jpg 1600w, https:\/\/syndicom.ch\/app\/uploads\/2025\/04\/gewerkschaft-syndicom-1mai-luzern-300x135.jpg 300w, https:\/\/syndicom.ch\/app\/uploads\/2025\/04\/gewerkschaft-syndicom-1mai-luzern-1024x461.jpg 1024w, https:\/\/syndicom.ch\/app\/uploads\/2025\/04\/gewerkschaft-syndicom-1mai-luzern-768x346.jpg 768w, https:\/\/syndicom.ch\/app\/uploads\/2025\/04\/gewerkschaft-syndicom-1mai-luzern-1536x692.jpg 1536w\" sizes=\"auto, (max-width: 1600px) 100vw, 1600px\" \/><\/figure>\n\n\n\n<p><\/p>\n\n\n\n<div class=\"wp-block-group is-style-narrow is-layout-constrained wp-block-group-is-layout-constrained\">\n<h2 class=\"wp-block-heading\" id=\"Cosa-abbiamo-gia-ottenuto-insieme\">Cosa abbiamo gi\u00e0 ottenuto insieme<\/h2>\n\n\n\n<p>I sindacati hanno ottenuto molto negli ultimi anni, anche se spesso lo si dimentica. Ecco alcuni dei risultati di cui possiamo essere orgogliosi:<\/p>\n\n\n\n<ul class=\"wp-block-list\">\n<li class=\"is-style-check\">Ottenimento di salari minimi nei contratti collettivi di lavoro<\/li>\n\n\n\n<li class=\"is-style-check\">Ottenimento della compensazione dell&#8217;inflazione salariale, nonostante la resistenza dei datori di lavoro<\/li>\n\n\n\n<li class=\"is-style-check\">Riduzione dell&#8217;orario di lavoro in alcuni settori<\/li>\n\n\n\n<li class=\"is-style-check\">Ottenimento di pensioni pi\u00f9 elevate per i redditi pi\u00f9 bassi<\/li>\n\n\n\n<li class=\"is-style-check\">Ampliamento dei congedi di maternit\u00e0 e paternit\u00e0 &nbsp;<\/li>\n\n\n\n<li class=\"is-style-check\">Rafforzamento della protezione contro le malattie e gli infortuni nei CCL<\/li>\n\n\n\n<li class=\"is-style-check\">Ancoramento della formazione professionale continua per le lavoratrici e i lavoratori<\/li>\n\n\n\n<li class=\"is-style-check\">Inserimento della parit\u00e0 nell&#8217;agenda politica \u2013 con progressi concreti<\/li>\n\n\n\n<li class=\"is-style-check\">Rafforzamento del diritto di partecipazione in molte aziende<\/li>\n\n\n\n<li class=\"is-style-check\">Applicazione di soluzioni per indipendenti nell&#8217;assicurazione sociale<\/li>\n<\/ul>\n\n\n\n<p>Nulla di tutto ci\u00f2 si \u00e8 realizzato da solo. \u00c8 stata una lotta portata avanti da tutti noi. Ricordiamolo il 1\u00b0 maggio. E ci battiamo ancora per ci\u00f2 che ancora ci aspetta.<\/p>\n\n\n\n<h2 class=\"wp-block-heading\">I sindacati funzionano \u2013 ma solo con te!<\/h2>\n\n\n\n<p>I nostri successi non sono arrivarti per caso, ma sono il risultato di un impegno organizzato e di una forte solidariet\u00e0. Aderisci al movimento e sostienici:<\/p>\n\n\n\n<ul class=\"wp-block-list is-style-linklist\">\n<li><strong><a href=\"https:\/\/syndicom.ch\/it\/diventa-membro\/\" target=\"_blank\" rel=\"noreferrer noopener\">Aderisci adesso<\/a><\/strong> \u2013 per diritti forti sul posto di lavoro<\/li>\n\n\n\n<li><a href=\"https:\/\/syndicom.ch\/it\/newsletter\/\" type=\"page\" id=\"5941\" target=\"_blank\" rel=\"noreferrer noopener\"><strong>Iscriviti alla nostra newsletter<\/strong><\/a> \u2013 per ricevere le ultime informazioni su salari e condizioni di lavoro<\/li>\n<\/ul>\n\n\n\n<p><\/p>\n<\/div>\n\n\n\n<figure data-wp-context=\"{&quot;imageId&quot;:&quot;69ea0242ba417&quot;}\" data-wp-interactive=\"core\/image\" data-wp-key=\"69ea0242ba417\" class=\"wp-block-image size-full is-resized has-lightbox wp-lightbox-container\"><img loading=\"lazy\" decoding=\"async\" width=\"2560\" height=\"1080\" data-wp-class--hide=\"state.isContentHidden\" data-wp-class--show=\"state.isContentVisible\" data-wp-init=\"callbacks.setButtonStyles\" data-wp-on--click=\"actions.showLightbox\" data-wp-on--load=\"callbacks.setButtonStyles\" data-wp-on-window--resize=\"callbacks.setButtonStyles\" src=\"https:\/\/syndicom.ch\/app\/uploads\/2025\/04\/gewerkschaft-syndicom-1mai23-zuerich-scaled.jpg\" alt=\"\" class=\"wp-image-33142\" style=\"width:1400px;height:auto\" srcset=\"https:\/\/syndicom.ch\/app\/uploads\/2025\/04\/gewerkschaft-syndicom-1mai23-zuerich-scaled.jpg 2560w, https:\/\/syndicom.ch\/app\/uploads\/2025\/04\/gewerkschaft-syndicom-1mai23-zuerich-300x127.jpg 300w, https:\/\/syndicom.ch\/app\/uploads\/2025\/04\/gewerkschaft-syndicom-1mai23-zuerich-1024x432.jpg 1024w, https:\/\/syndicom.ch\/app\/uploads\/2025\/04\/gewerkschaft-syndicom-1mai23-zuerich-768x324.jpg 768w, https:\/\/syndicom.ch\/app\/uploads\/2025\/04\/gewerkschaft-syndicom-1mai23-zuerich-1536x648.jpg 1536w, https:\/\/syndicom.ch\/app\/uploads\/2025\/04\/gewerkschaft-syndicom-1mai23-zuerich-2048x864.jpg 2048w\" sizes=\"auto, (max-width: 2560px) 100vw, 2560px\" \/><button\n\t\t\tclass=\"lightbox-trigger\"\n\t\t\ttype=\"button\"\n\t\t\taria-haspopup=\"dialog\"\n\t\t\taria-label=\"Ingrandisci\"\n\t\t\tdata-wp-init=\"callbacks.initTriggerButton\"\n\t\t\tdata-wp-on--click=\"actions.showLightbox\"\n\t\t\tdata-wp-style--right=\"state.imageButtonRight\"\n\t\t\tdata-wp-style--top=\"state.imageButtonTop\"\n\t\t>\n\t\t\t<svg xmlns=\"http:\/\/www.w3.org\/2000\/svg\" width=\"12\" height=\"12\" fill=\"none\" viewBox=\"0 0 12 12\">\n\t\t\t\t<path fill=\"#fff\" d=\"M2 0a2 2 0 0 0-2 2v2h1.5V2a.5.5 0 0 1 .5-.5h2V0H2Zm2 10.5H2a.5.5 0 0 1-.5-.5V8H0v2a2 2 0 0 0 2 2h2v-1.5ZM8 12v-1.5h2a.5.5 0 0 0 .5-.5V8H12v2a2 2 0 0 1-2 2H8Zm2-12a2 2 0 0 1 2 2v2h-1.5V2a.5.5 0 0 0-.5-.5H8V0h2Z\" \/>\n\t\t\t<\/svg>\n\t\t<\/button><\/figure>\n<\/div>\n","protected":false},"excerpt":{"rendered":"<p>1\u00b0 maggio: Difendere il lavoro e i salari Il 1\u00b0 maggio \u00e8 la Festa dei lavoratori. Ma pi\u00f9 che mai \u00e8 anche la giornata della solidariet\u00e0. \u279c Perch\u00e9 il 1\u00b0 maggio \u00e8 cos\u00ec importante\u279c Eventi 2026\u279c Cosa abbiamo gi\u00e0 ottenuto insieme Perch\u00e9 il 1\u00b0 maggio \u00e8 cos\u00ec importante La Festa dei lavoratori del 1\u00b0 maggio [&hellip;]<\/p>\n","protected":false},"author":3,"featured_media":0,"parent":0,"menu_order":0,"comment_status":"closed","ping_status":"closed","template":"","meta":{"_acf_changed":false,"inline_featured_image":false,"_coblocks_attr":"","_coblocks_dimensions":"","_coblocks_responsive_height":"","_coblocks_accordion_ie_support":"","footnotes":""},"categories":[],"class_list":["post-33577","page","type-page","status-publish","hentry"],"acf":[],"yoast_head":"<!-- This site is optimized with the Yoast SEO plugin v27.3 - https:\/\/yoast.com\/product\/yoast-seo-wordpress\/ -->\n<title>1 Maggio - syndicom<\/title>\n<meta name=\"description\" content=\"l 1\u00b0 maggio \u00e8 la Festa del lavoro. Ma pi\u00f9 che mai \u00e8 anche la giornata della solidariet\u00e0. syndicom quest&#039;anno \u00e8 presente in molti luoghi\" \/>\n<meta name=\"robots\" content=\"index, follow, max-snippet:-1, max-image-preview:large, max-video-preview:-1\" \/>\n<link rel=\"canonical\" href=\"https:\/\/syndicom.ch\/it\/1maggio\/\" \/>\n<meta property=\"og:locale\" content=\"it_IT\" \/>\n<meta property=\"og:type\" content=\"article\" \/>\n<meta property=\"og:title\" content=\"1 Maggio - syndicom\" \/>\n<meta property=\"og:description\" content=\"l 1\u00b0 maggio \u00e8 la Festa del lavoro. Ma pi\u00f9 che mai \u00e8 anche la giornata della solidariet\u00e0. syndicom quest&#039;anno \u00e8 presente in molti luoghi\" \/>\n<meta property=\"og:url\" content=\"https:\/\/syndicom.ch\/it\/1maggio\/\" \/>\n<meta property=\"og:site_name\" content=\"syndicom\" \/>\n<meta property=\"article:modified_time\" content=\"2026-04-14T13:36:13+00:00\" \/>\n<meta property=\"og:image\" content=\"https:\/\/syndicom.ch\/app\/uploads\/2026\/04\/sindacato-syndiciom-1maggio-2026-visual-scaled.jpg\" \/>\n<meta name=\"twitter:card\" content=\"summary_large_image\" \/>\n<meta name=\"twitter:label1\" content=\"Tempo di lettura stimato\" \/>\n\t<meta name=\"twitter:data1\" content=\"4 minuti\" \/>\n<script type=\"application\/ld+json\" class=\"yoast-schema-graph\">{\"@context\":\"https:\\\/\\\/schema.org\",\"@graph\":[{\"@type\":\"WebPage\",\"@id\":\"https:\\\/\\\/syndicom.ch\\\/it\\\/1maggio\\\/\",\"url\":\"https:\\\/\\\/syndicom.ch\\\/it\\\/1maggio\\\/\",\"name\":\"1 Maggio - syndicom\",\"isPartOf\":{\"@id\":\"https:\\\/\\\/syndicom.ch\\\/it\\\/#website\"},\"primaryImageOfPage\":{\"@id\":\"https:\\\/\\\/syndicom.ch\\\/it\\\/1maggio\\\/#primaryimage\"},\"image\":{\"@id\":\"https:\\\/\\\/syndicom.ch\\\/it\\\/1maggio\\\/#primaryimage\"},\"thumbnailUrl\":\"https:\\\/\\\/syndicom.ch\\\/app\\\/uploads\\\/2026\\\/04\\\/sindacato-syndiciom-1maggio-2026-visual-scaled.jpg\",\"datePublished\":\"2025-04-04T06:55:51+00:00\",\"dateModified\":\"2026-04-14T13:36:13+00:00\",\"description\":\"l 1\u00b0 maggio \u00e8 la Festa del lavoro. Ma pi\u00f9 che mai \u00e8 anche la giornata della solidariet\u00e0. syndicom quest'anno \u00e8 presente in molti luoghi\",\"breadcrumb\":{\"@id\":\"https:\\\/\\\/syndicom.ch\\\/it\\\/1maggio\\\/#breadcrumb\"},\"inLanguage\":\"it-IT\",\"potentialAction\":[{\"@type\":\"ReadAction\",\"target\":[\"https:\\\/\\\/syndicom.ch\\\/it\\\/1maggio\\\/\"]}]},{\"@type\":\"ImageObject\",\"inLanguage\":\"it-IT\",\"@id\":\"https:\\\/\\\/syndicom.ch\\\/it\\\/1maggio\\\/#primaryimage\",\"url\":\"https:\\\/\\\/syndicom.ch\\\/app\\\/uploads\\\/2026\\\/04\\\/sindacato-syndiciom-1maggio-2026-visual-scaled.jpg\",\"contentUrl\":\"https:\\\/\\\/syndicom.ch\\\/app\\\/uploads\\\/2026\\\/04\\\/sindacato-syndiciom-1maggio-2026-visual-scaled.jpg\"},{\"@type\":\"BreadcrumbList\",\"@id\":\"https:\\\/\\\/syndicom.ch\\\/it\\\/1maggio\\\/#breadcrumb\",\"itemListElement\":[{\"@type\":\"ListItem\",\"position\":1,\"name\":\"Pagina iniziale\",\"item\":\"https:\\\/\\\/syndicom.ch\\\/it\\\/\"},{\"@type\":\"ListItem\",\"position\":2,\"name\":\"1 Maggio\"}]},{\"@type\":\"WebSite\",\"@id\":\"https:\\\/\\\/syndicom.ch\\\/it\\\/#website\",\"url\":\"https:\\\/\\\/syndicom.ch\\\/it\\\/\",\"name\":\"syndicom\",\"description\":\"\",\"publisher\":{\"@id\":\"https:\\\/\\\/syndicom.ch\\\/it\\\/#organization\"},\"potentialAction\":[{\"@type\":\"SearchAction\",\"target\":{\"@type\":\"EntryPoint\",\"urlTemplate\":\"https:\\\/\\\/syndicom.ch\\\/it\\\/?s={search_term_string}\"},\"query-input\":{\"@type\":\"PropertyValueSpecification\",\"valueRequired\":true,\"valueName\":\"search_term_string\"}}],\"inLanguage\":\"it-IT\"},{\"@type\":\"Organization\",\"@id\":\"https:\\\/\\\/syndicom.ch\\\/it\\\/#organization\",\"name\":\"syndicom\",\"url\":\"https:\\\/\\\/syndicom.ch\\\/it\\\/\",\"logo\":{\"@type\":\"ImageObject\",\"inLanguage\":\"it-IT\",\"@id\":\"https:\\\/\\\/syndicom.ch\\\/it\\\/#\\\/schema\\\/logo\\\/image\\\/\",\"url\":\"https:\\\/\\\/syndicom.ch\\\/app\\\/uploads\\\/2024\\\/06\\\/logo.svg\",\"contentUrl\":\"https:\\\/\\\/syndicom.ch\\\/app\\\/uploads\\\/2024\\\/06\\\/logo.svg\",\"width\":297,\"height\":51,\"caption\":\"syndicom\"},\"image\":{\"@id\":\"https:\\\/\\\/syndicom.ch\\\/it\\\/#\\\/schema\\\/logo\\\/image\\\/\"}}]}<\/script>\n<!-- \/ Yoast SEO plugin. -->","yoast_head_json":{"title":"1 Maggio - syndicom","description":"l 1\u00b0 maggio \u00e8 la Festa del lavoro. Ma pi\u00f9 che mai \u00e8 anche la giornata della solidariet\u00e0. syndicom quest'anno \u00e8 presente in molti luoghi","robots":{"index":"index","follow":"follow","max-snippet":"max-snippet:-1","max-image-preview":"max-image-preview:large","max-video-preview":"max-video-preview:-1"},"canonical":"https:\/\/syndicom.ch\/it\/1maggio\/","og_locale":"it_IT","og_type":"article","og_title":"1 Maggio - syndicom","og_description":"l 1\u00b0 maggio \u00e8 la Festa del lavoro. Ma pi\u00f9 che mai \u00e8 anche la giornata della solidariet\u00e0. syndicom quest'anno \u00e8 presente in molti luoghi","og_url":"https:\/\/syndicom.ch\/it\/1maggio\/","og_site_name":"syndicom","article_modified_time":"2026-04-14T13:36:13+00:00","og_image":[{"url":"https:\/\/syndicom.ch\/app\/uploads\/2026\/04\/sindacato-syndiciom-1maggio-2026-visual-scaled.jpg","type":"","width":"","height":""}],"twitter_card":"summary_large_image","twitter_misc":{"Tempo di lettura stimato":"4 minuti"},"schema":{"@context":"https:\/\/schema.org","@graph":[{"@type":"WebPage","@id":"https:\/\/syndicom.ch\/it\/1maggio\/","url":"https:\/\/syndicom.ch\/it\/1maggio\/","name":"1 Maggio - syndicom","isPartOf":{"@id":"https:\/\/syndicom.ch\/it\/#website"},"primaryImageOfPage":{"@id":"https:\/\/syndicom.ch\/it\/1maggio\/#primaryimage"},"image":{"@id":"https:\/\/syndicom.ch\/it\/1maggio\/#primaryimage"},"thumbnailUrl":"https:\/\/syndicom.ch\/app\/uploads\/2026\/04\/sindacato-syndiciom-1maggio-2026-visual-scaled.jpg","datePublished":"2025-04-04T06:55:51+00:00","dateModified":"2026-04-14T13:36:13+00:00","description":"l 1\u00b0 maggio \u00e8 la Festa del lavoro. Ma pi\u00f9 che mai \u00e8 anche la giornata della solidariet\u00e0. syndicom quest'anno \u00e8 presente in molti luoghi","breadcrumb":{"@id":"https:\/\/syndicom.ch\/it\/1maggio\/#breadcrumb"},"inLanguage":"it-IT","potentialAction":[{"@type":"ReadAction","target":["https:\/\/syndicom.ch\/it\/1maggio\/"]}]},{"@type":"ImageObject","inLanguage":"it-IT","@id":"https:\/\/syndicom.ch\/it\/1maggio\/#primaryimage","url":"https:\/\/syndicom.ch\/app\/uploads\/2026\/04\/sindacato-syndiciom-1maggio-2026-visual-scaled.jpg","contentUrl":"https:\/\/syndicom.ch\/app\/uploads\/2026\/04\/sindacato-syndiciom-1maggio-2026-visual-scaled.jpg"},{"@type":"BreadcrumbList","@id":"https:\/\/syndicom.ch\/it\/1maggio\/#breadcrumb","itemListElement":[{"@type":"ListItem","position":1,"name":"Pagina iniziale","item":"https:\/\/syndicom.ch\/it\/"},{"@type":"ListItem","position":2,"name":"1 Maggio"}]},{"@type":"WebSite","@id":"https:\/\/syndicom.ch\/it\/#website","url":"https:\/\/syndicom.ch\/it\/","name":"syndicom","description":"","publisher":{"@id":"https:\/\/syndicom.ch\/it\/#organization"},"potentialAction":[{"@type":"SearchAction","target":{"@type":"EntryPoint","urlTemplate":"https:\/\/syndicom.ch\/it\/?s={search_term_string}"},"query-input":{"@type":"PropertyValueSpecification","valueRequired":true,"valueName":"search_term_string"}}],"inLanguage":"it-IT"},{"@type":"Organization","@id":"https:\/\/syndicom.ch\/it\/#organization","name":"syndicom","url":"https:\/\/syndicom.ch\/it\/","logo":{"@type":"ImageObject","inLanguage":"it-IT","@id":"https:\/\/syndicom.ch\/it\/#\/schema\/logo\/image\/","url":"https:\/\/syndicom.ch\/app\/uploads\/2024\/06\/logo.svg","contentUrl":"https:\/\/syndicom.ch\/app\/uploads\/2024\/06\/logo.svg","width":297,"height":51,"caption":"syndicom"},"image":{"@id":"https:\/\/syndicom.ch\/it\/#\/schema\/logo\/image\/"}}]}},"_links":{"self":[{"href":"https:\/\/syndicom.ch\/it\/wp-json\/wp\/v2\/pages\/33577","targetHints":{"allow":["GET"]}}],"collection":[{"href":"https:\/\/syndicom.ch\/it\/wp-json\/wp\/v2\/pages"}],"about":[{"href":"https:\/\/syndicom.ch\/it\/wp-json\/wp\/v2\/types\/page"}],"author":[{"embeddable":true,"href":"https:\/\/syndicom.ch\/it\/wp-json\/wp\/v2\/users\/3"}],"replies":[{"embeddable":true,"href":"https:\/\/syndicom.ch\/it\/wp-json\/wp\/v2\/comments?post=33577"}],"version-history":[{"count":41,"href":"https:\/\/syndicom.ch\/it\/wp-json\/wp\/v2\/pages\/33577\/revisions"}],"predecessor-version":[{"id":61016,"href":"https:\/\/syndicom.ch\/it\/wp-json\/wp\/v2\/pages\/33577\/revisions\/61016"}],"wp:attachment":[{"href":"https:\/\/syndicom.ch\/it\/wp-json\/wp\/v2\/media?parent=33577"}],"wp:term":[{"taxonomy":"category","embeddable":true,"href":"https:\/\/syndicom.ch\/it\/wp-json\/wp\/v2\/categories?post=33577"}],"curies":[{"name":"wp","href":"https:\/\/api.w.org\/{rel}","templated":true}]}}