{"id":38250,"date":"2025-06-03T13:51:55","date_gmt":"2025-06-03T11:51:55","guid":{"rendered":"https:\/\/syndicom.ch\/?page_id=38250"},"modified":"2026-04-07T17:49:25","modified_gmt":"2026-04-07T15:49:25","slug":"rent-a-bike","status":"publish","type":"page","link":"https:\/\/syndicom.ch\/it\/i-tuoi-vantaggi\/rent-a-bike\/","title":{"rendered":"Rent a Bike"},"content":{"rendered":"\n<div class=\"wp-block-group alignfull has-background-color has-primary-background-color has-text-color has-background has-link-color wp-elements-38c7be876c1310e014c2f550b7141279 is-layout-constrained wp-block-group-is-layout-constrained\">\n<div class=\"wp-block-group is-style-narrow is-layout-constrained wp-block-group-is-layout-constrained\">\n<div class=\"wp-block-columns is-layout-flex wp-container-core-columns-is-layout-9d6595d7 wp-block-columns-is-layout-flex\">\n<div class=\"wp-block-column is-layout-flow wp-block-column-is-layout-flow\" style=\"flex-basis:70%\">\n<h1 class=\"wp-block-heading\">Rent a Bike<\/h1>\n\n\n\n<p class=\"is-style-lead\">Sconto sulle migliori e-bike<\/p>\n<\/div>\n<\/div>\n<\/div>\n<\/div>\n\n\n\n<div class=\"wp-block-group alignfull has-background-background-color has-background is-layout-constrained wp-block-group-is-layout-constrained\">\n<div class=\"wp-block-group is-style-narrow is-layout-constrained wp-block-group-is-layout-constrained\">\n<h2 class=\"wp-block-heading\"><strong><strong><strong>I tuoi vantaggi<\/strong><\/strong><\/strong><\/h2>\n\n\n\n<p>Come membro syndicom, hai uno sconto dal 10 al 25% sull&#8217;acquisto o il noleggio di e-bike.<\/p>\n\n\n\n<div class=\"wp-block-group is-style-narrow is-layout-constrained wp-block-group-is-layout-constrained\">\n<div class=\"wp-block-columns is-style-accordion has-background-background-color has-background is-layout-flex wp-container-core-columns-is-layout-9d6595d7 wp-block-columns-is-layout-flex\">\n<div class=\"wp-block-column has-background-background-color has-background is-layout-flow wp-block-column-is-layout-flow\">\n<h3 class=\"wp-block-heading has-primary-color has-text-color has-link-color wp-elements-4c63e8b109672399531119174ddf7ea1\"><strong>10% di sconto sui modelli di seconda mano<\/strong><\/h3>\n<\/div>\n\n\n\n<div class=\"wp-block-column is-layout-flow wp-block-column-is-layout-flow\">\n<p class=\"is-style-default\">Le nostre biciclette elettriche dei produttori TOUR DE SUISSE, FLYER e STEVENS sono di alta qualit\u00e0. Tutte le biciclette sono sottoposte a regolare manutenzione durante il periodo di noleggio. Dopo uno o tre anni, le ritiriamo, le revisioniamo e le offriamo come biciclette di seconda mano nel loro secondo ciclo di vita. Prova su strada in varie localit\u00e0 della Svizzera. 1 anno di garanzia. <a href=\"http:\/\/www.occasionsvelo.ch\" target=\"_blank\" rel=\"noreferrer noopener nofollow\">www.occasionsvelo.ch<\/a><\/p>\n\n\n\n<div class=\"wp-block-buttons is-layout-flex wp-block-buttons-is-layout-flex\">\n<div class=\"wp-block-button is-style-external\"><a class=\"wp-block-button__link wp-element-button\" href=\"https:\/\/syndicom.ch\/app\/uploads\/2025\/06\/sindacato-syndicom-rentabike-info-occasion.pdf\" target=\"_blank\" rel=\"noreferrer noopener nofollow\">Processo e procedura<\/a><\/div>\n<\/div>\n<\/div>\n<\/div>\n\n\n\n<hr class=\"wp-block-separator has-text-color has-primary-color has-alpha-channel-opacity has-primary-background-color has-background is-style-wide\"\/>\n\n\n\n<div class=\"wp-block-columns is-style-accordion has-background-background-color has-background is-layout-flex wp-container-core-columns-is-layout-9d6595d7 wp-block-columns-is-layout-flex\">\n<div class=\"wp-block-column has-background-background-color has-background is-layout-flow wp-block-column-is-layout-flow\">\n<h3 class=\"wp-block-heading has-primary-color has-text-color has-link-color wp-elements-91e82d844a871ecfcc11477ccdf8fe6c\"><strong>25% di sconto sulle nuove biciclette elettriche<\/strong><\/h3>\n<\/div>\n\n\n\n<div class=\"wp-block-column is-layout-flow wp-block-column-is-layout-flow\">\n<p class=\"is-style-default\">Ob f\u00fcr rasante Pendelfahrten, herausfordernde H\u00f6henmeter-Touren oder gem\u00fctliche Ausfahrten ins Blaue \u2013 auf unserer Plattform E-BikeNOW findest du eine grosse Modellauswahl der Marken TOUR DE SUISSE, FLYER sowie STEVENS Bikes, die alle unmittelbar verf\u00fcgbar sind. <a href=\"http:\/\/www.e-bikenow.ch\">www.e-bikenow.ch<\/a><\/p>\n\n\n\n<div class=\"wp-block-buttons is-layout-flex wp-block-buttons-is-layout-flex\">\n<div class=\"wp-block-button is-style-external\"><a class=\"wp-block-button__link wp-element-button\" href=\"https:\/\/syndicom.ch\/app\/uploads\/2025\/06\/sindacato-syndicom-rentabike-info-ebikenow.pdf\" target=\"_blank\" rel=\"noreferrer noopener nofollow\">Processo e procedura<\/a><\/div>\n<\/div>\n<\/div>\n<\/div>\n\n\n\n<hr class=\"wp-block-separator has-text-color has-primary-color has-alpha-channel-opacity has-primary-background-color has-background is-style-wide\"\/>\n\n\n\n<div class=\"wp-block-columns is-style-accordion has-background-background-color has-background is-layout-flex wp-container-core-columns-is-layout-9d6595d7 wp-block-columns-is-layout-flex\">\n<div class=\"wp-block-column has-background-background-color has-background is-layout-flow wp-block-column-is-layout-flow\">\n<h3 class=\"wp-block-heading has-primary-color has-text-color has-link-color wp-elements-a0bbd07fb4e8991e8cca5d2621468a7f\"><strong>10% di sconto sul noleggio a lungo termine<\/strong><\/h3>\n<\/div>\n\n\n\n<div class=\"wp-block-column is-layout-flow wp-block-column-is-layout-flow\">\n<p class=\"is-style-default\">Avete mai accarezzato l&#8217;idea di andare al lavoro con una e-bike veloce durante l&#8217;estate, ma non volete acquistarla subito? Oppure avete sempre desiderato salire in sella a una bici completamente elettrica sulla vostra montagna locale e poi ridiscendere su un sentiero? S\u00ec? Allora noleggiatene una e approfittate del nostro imbattibile rapporto qualit\u00e0-prezzo, comprensivo di manutenzione e pacchetto di protezione. Noleggio a lungo termine a partire da 1 mese. <a href=\"https:\/\/www.rentabike.ch\/en\/long-term-rental\/offer\" target=\"_blank\" rel=\"noreferrer noopener nofollow\">https:\/\/www.rentabike.ch\/en\/long-term-rental\/offer<\/a><\/p>\n\n\n\n<div class=\"wp-block-buttons is-layout-flex wp-block-buttons-is-layout-flex\">\n<div class=\"wp-block-button is-style-external\"><a class=\"wp-block-button__link wp-element-button\" href=\"https:\/\/syndicom.ch\/app\/uploads\/2025\/06\/sindacato-syndicom-rentabike-info-lungo-termine.pdf\" target=\"_blank\" rel=\"noreferrer noopener nofollow\">Processo e procedura<\/a><\/div>\n<\/div>\n<\/div>\n<\/div>\n<\/div>\n\n\n\n<hr class=\"wp-block-separator has-text-color has-primary-color has-alpha-channel-opacity has-primary-background-color has-background is-style-wide\"\/>\n\n\n\n<p><em>Gli sconti permanenti non sono cumulabili con gli sconti speciali temporanei. Le spese di consegna sono escluse dallo sconto.<\/em><\/p>\n\n\n\n<p class=\"has-text-align-center has-tertiary-background-color has-background\">Per ulteriori informazioni: <a href=\"tel:+4141 925 11 70\">041 925 11 70<\/a> o <a href=\"mailto:info@rentabike.ch\">info@rentabike.ch<\/a>.<\/p>\n<\/div>\n<\/div>\n\n\n\n<div class=\"wp-block-group alignfull has-tertiary-background-color has-background is-layout-constrained wp-block-group-is-layout-constrained\">\n<div class=\"wp-block-group is-style-narrow is-layout-constrained wp-block-group-is-layout-constrained\">\n<h2 class=\"wp-block-heading\"><strong><strong>Non sei ancora membro syndicom?<\/strong><\/strong><\/h2>\n\n\n\n<p>Allora questo \u00e8 il momento giusto: diventa membro di syndicom e approfitta di questa offerta vantaggiosa di Rent a Bike e di tanti altri vantaggi.<\/p>\n\n\n\n<div class=\"wp-block-buttons is-layout-flex wp-block-buttons-is-layout-flex\">\n<div class=\"wp-block-button is-style-syn-member-cta\"><a class=\"wp-block-button__link wp-element-button\" href=\"https:\/\/my.syndicom.ch\/mitgliedschaft\" target=\"_blank\" rel=\"noreferrer noopener\"><strong>Diventa membro e approfitta<\/strong><\/a><\/div>\n\n\n\n<div class=\"wp-block-button is-style-outline is-style-outline--1\"><a class=\"wp-block-button__link has-primary-color has-primary-background-color has-text-color has-background has-link-color wp-element-button\" href=\"https:\/\/syndicom.ch\/it\/faq-adesione\/\" target=\"_blank\" rel=\"noreferrer noopener\"><strong>Panoramica dei vantaggi<\/strong><\/a><\/div>\n<\/div>\n<\/div>\n<\/div>\n\n\n\n<div class=\"wp-block-group alignfull has-background-background-color has-background is-layout-constrained wp-block-group-is-layout-constrained\">\n<div class=\"wp-block-group is-style-narrow is-layout-constrained wp-block-group-is-layout-constrained\">\n<div class=\"wp-block-columns is-layout-flex wp-container-core-columns-is-layout-9d6595d7 wp-block-columns-is-layout-flex\">\n<div class=\"wp-block-column is-layout-flow wp-block-column-is-layout-flow\">\n<h2 class=\"wp-block-heading\"><strong>Rent a Bike AG<\/strong> <\/h2>\n\n\n\n<p><a href=\"http:\/\/www.rentabike.ch\">www.rentabike.ch<\/a><\/p>\n\n\n\n<p class=\"has-text-align-left\">L&#8217;azienda svizzera \u00e8 leader nel noleggio di e-bike e biciclette da oltre 35 anni. Offre anche biciclette ed e-bike nuove e di seconda mano in vendita. Anche il noleggio a lungo termine per privati e aziende \u00e8 una parte fondamentale della gamma. Rent a Bike \u00e8 specializzato in biciclette elettriche di alta qualit\u00e0 dei rinomati marchi <a href=\"https:\/\/www.tds-velo.ch\" target=\"_blank\" rel=\"noreferrer noopener nofollow\">TOUR DE SUISSE<\/a>, <a href=\"https:\/\/www.flyer-bikes.com\/de-ch\" target=\"_blank\" rel=\"noreferrer noopener nofollow\">FLYER<\/a> e <a href=\"https:\/\/www.stevensbikes.de\/de\/ch\/\" target=\"_blank\" rel=\"noreferrer noopener nofollow\">STEVENS Bikes<\/a>.<\/p>\n<\/div>\n<\/div>\n<\/div>\n<\/div>\n","protected":false},"excerpt":{"rendered":"<p>I tuoi vantaggi Come membro syndicom, hai uno sconto dal 10 al 25% sull&#8217;acquisto o il noleggio di e-bike. 10% di sconto sui modelli di seconda mano Le nostre biciclette elettriche dei produttori TOUR DE SUISSE, FLYER e STEVENS sono di alta qualit\u00e0. Tutte le biciclette sono sottoposte a regolare manutenzione durante il periodo di [&hellip;]<\/p>\n","protected":false},"author":3,"featured_media":0,"parent":45338,"menu_order":0,"comment_status":"closed","ping_status":"closed","template":"","meta":{"_acf_changed":false,"_coblocks_attr":"","_coblocks_dimensions":"","_coblocks_responsive_height":"","_coblocks_accordion_ie_support":"","inline_featured_image":false,"footnotes":""},"categories":[357,359],"class_list":["post-38250","page","type-page","status-publish","hentry","category-deine-vorteile","category-i-tuoi-vantaggi"],"acf":[],"yoast_head":"<!-- This site is optimized with the Yoast SEO plugin v27.3 - https:\/\/yoast.com\/product\/yoast-seo-wordpress\/ -->\n<title>Rent a Bike - syndicom<\/title>\n<meta name=\"description\" content=\"Come membro di syndicom, hai un sacco di vantaggi, tipo sconti sull&#039;acquisto e il noleggio di e-bike da Rent a Bike.\" \/>\n<meta name=\"robots\" content=\"index, follow, max-snippet:-1, max-image-preview:large, max-video-preview:-1\" \/>\n<link rel=\"canonical\" href=\"https:\/\/syndicom.ch\/it\/i-tuoi-vantaggi\/rent-a-bike\/\" \/>\n<meta property=\"og:locale\" content=\"it_IT\" \/>\n<meta property=\"og:type\" content=\"article\" \/>\n<meta property=\"og:title\" content=\"Rent a Bike - syndicom\" \/>\n<meta property=\"og:description\" content=\"Come membro di syndicom, hai un sacco di vantaggi, tipo sconti sull&#039;acquisto e il noleggio di e-bike da Rent a Bike.\" \/>\n<meta property=\"og:url\" content=\"https:\/\/syndicom.ch\/it\/i-tuoi-vantaggi\/rent-a-bike\/\" \/>\n<meta property=\"og:site_name\" content=\"syndicom\" \/>\n<meta property=\"article:publisher\" content=\"https:\/\/www.facebook.com\/syndicom\/\" \/>\n<meta property=\"article:modified_time\" content=\"2026-04-07T15:49:25+00:00\" \/>\n<meta name=\"twitter:card\" content=\"summary_large_image\" \/>\n<meta name=\"twitter:label1\" content=\"Tempo di lettura stimato\" \/>\n\t<meta name=\"twitter:data1\" content=\"2 minuti\" \/>\n<script type=\"application\/ld+json\" class=\"yoast-schema-graph\">{\"@context\":\"https:\\\/\\\/schema.org\",\"@graph\":[{\"@type\":\"WebPage\",\"@id\":\"https:\\\/\\\/syndicom.ch\\\/it\\\/i-tuoi-vantaggi\\\/rent-a-bike\\\/\",\"url\":\"https:\\\/\\\/syndicom.ch\\\/it\\\/i-tuoi-vantaggi\\\/rent-a-bike\\\/\",\"name\":\"Rent a Bike - syndicom\",\"isPartOf\":{\"@id\":\"https:\\\/\\\/syndicom.ch\\\/it\\\/#website\"},\"datePublished\":\"2025-06-03T11:51:55+00:00\",\"dateModified\":\"2026-04-07T15:49:25+00:00\",\"description\":\"Come membro di syndicom, hai un sacco di vantaggi, tipo sconti sull'acquisto e il noleggio di e-bike da Rent a Bike.\",\"breadcrumb\":{\"@id\":\"https:\\\/\\\/syndicom.ch\\\/it\\\/i-tuoi-vantaggi\\\/rent-a-bike\\\/#breadcrumb\"},\"inLanguage\":\"it-IT\",\"potentialAction\":[{\"@type\":\"ReadAction\",\"target\":[\"https:\\\/\\\/syndicom.ch\\\/it\\\/i-tuoi-vantaggi\\\/rent-a-bike\\\/\"]}]},{\"@type\":\"BreadcrumbList\",\"@id\":\"https:\\\/\\\/syndicom.ch\\\/it\\\/i-tuoi-vantaggi\\\/rent-a-bike\\\/#breadcrumb\",\"itemListElement\":[{\"@type\":\"ListItem\",\"position\":1,\"name\":\"Pagina iniziale\",\"item\":\"https:\\\/\\\/syndicom.ch\\\/it\\\/\"},{\"@type\":\"ListItem\",\"position\":2,\"name\":\"I tuoi vantaggi\",\"item\":\"https:\\\/\\\/syndicom.ch\\\/it\\\/i-tuoi-vantaggi\\\/\"},{\"@type\":\"ListItem\",\"position\":3,\"name\":\"Rent a Bike\"}]},{\"@type\":\"WebSite\",\"@id\":\"https:\\\/\\\/syndicom.ch\\\/it\\\/#website\",\"url\":\"https:\\\/\\\/syndicom.ch\\\/it\\\/\",\"name\":\"syndicom\",\"description\":\"\",\"publisher\":{\"@id\":\"https:\\\/\\\/syndicom.ch\\\/it\\\/#organization\"},\"potentialAction\":[{\"@type\":\"SearchAction\",\"target\":{\"@type\":\"EntryPoint\",\"urlTemplate\":\"https:\\\/\\\/syndicom.ch\\\/it\\\/?s={search_term_string}\"},\"query-input\":{\"@type\":\"PropertyValueSpecification\",\"valueRequired\":true,\"valueName\":\"search_term_string\"}}],\"inLanguage\":\"it-IT\"},{\"@type\":\"Organization\",\"@id\":\"https:\\\/\\\/syndicom.ch\\\/it\\\/#organization\",\"name\":\"syndicom\",\"alternateName\":\"Gewerkschaft Medien und Kommunikation\",\"url\":\"https:\\\/\\\/syndicom.ch\\\/it\\\/\",\"logo\":{\"@type\":\"ImageObject\",\"inLanguage\":\"it-IT\",\"@id\":\"https:\\\/\\\/syndicom.ch\\\/it\\\/#\\\/schema\\\/logo\\\/image\\\/\",\"url\":\"https:\\\/\\\/syndicom.ch\\\/app\\\/uploads\\\/2024\\\/06\\\/logo.svg\",\"contentUrl\":\"https:\\\/\\\/syndicom.ch\\\/app\\\/uploads\\\/2024\\\/06\\\/logo.svg\",\"width\":297,\"height\":51,\"caption\":\"syndicom\"},\"image\":{\"@id\":\"https:\\\/\\\/syndicom.ch\\\/it\\\/#\\\/schema\\\/logo\\\/image\\\/\"},\"sameAs\":[\"https:\\\/\\\/www.facebook.com\\\/syndicom\\\/\",\"https:\\\/\\\/ch.linkedin.com\\\/company\\\/syndicom-gewerkschaft-medien-und-kommunikation\",\"https:\\\/\\\/www.instagram.com\\\/syndicom\\\/\"]}]}<\/script>\n<!-- \/ Yoast SEO plugin. -->","yoast_head_json":{"title":"Rent a Bike - syndicom","description":"Come membro di syndicom, hai un sacco di vantaggi, tipo sconti sull'acquisto e il noleggio di e-bike da Rent a Bike.","robots":{"index":"index","follow":"follow","max-snippet":"max-snippet:-1","max-image-preview":"max-image-preview:large","max-video-preview":"max-video-preview:-1"},"canonical":"https:\/\/syndicom.ch\/it\/i-tuoi-vantaggi\/rent-a-bike\/","og_locale":"it_IT","og_type":"article","og_title":"Rent a Bike - syndicom","og_description":"Come membro di syndicom, hai un sacco di vantaggi, tipo sconti sull'acquisto e il noleggio di e-bike da Rent a Bike.","og_url":"https:\/\/syndicom.ch\/it\/i-tuoi-vantaggi\/rent-a-bike\/","og_site_name":"syndicom","article_publisher":"https:\/\/www.facebook.com\/syndicom\/","article_modified_time":"2026-04-07T15:49:25+00:00","twitter_card":"summary_large_image","twitter_misc":{"Tempo di lettura stimato":"2 minuti"},"schema":{"@context":"https:\/\/schema.org","@graph":[{"@type":"WebPage","@id":"https:\/\/syndicom.ch\/it\/i-tuoi-vantaggi\/rent-a-bike\/","url":"https:\/\/syndicom.ch\/it\/i-tuoi-vantaggi\/rent-a-bike\/","name":"Rent a Bike - syndicom","isPartOf":{"@id":"https:\/\/syndicom.ch\/it\/#website"},"datePublished":"2025-06-03T11:51:55+00:00","dateModified":"2026-04-07T15:49:25+00:00","description":"Come membro di syndicom, hai un sacco di vantaggi, tipo sconti sull'acquisto e il noleggio di e-bike da Rent a Bike.","breadcrumb":{"@id":"https:\/\/syndicom.ch\/it\/i-tuoi-vantaggi\/rent-a-bike\/#breadcrumb"},"inLanguage":"it-IT","potentialAction":[{"@type":"ReadAction","target":["https:\/\/syndicom.ch\/it\/i-tuoi-vantaggi\/rent-a-bike\/"]}]},{"@type":"BreadcrumbList","@id":"https:\/\/syndicom.ch\/it\/i-tuoi-vantaggi\/rent-a-bike\/#breadcrumb","itemListElement":[{"@type":"ListItem","position":1,"name":"Pagina iniziale","item":"https:\/\/syndicom.ch\/it\/"},{"@type":"ListItem","position":2,"name":"I tuoi vantaggi","item":"https:\/\/syndicom.ch\/it\/i-tuoi-vantaggi\/"},{"@type":"ListItem","position":3,"name":"Rent a Bike"}]},{"@type":"WebSite","@id":"https:\/\/syndicom.ch\/it\/#website","url":"https:\/\/syndicom.ch\/it\/","name":"syndicom","description":"","publisher":{"@id":"https:\/\/syndicom.ch\/it\/#organization"},"potentialAction":[{"@type":"SearchAction","target":{"@type":"EntryPoint","urlTemplate":"https:\/\/syndicom.ch\/it\/?s={search_term_string}"},"query-input":{"@type":"PropertyValueSpecification","valueRequired":true,"valueName":"search_term_string"}}],"inLanguage":"it-IT"},{"@type":"Organization","@id":"https:\/\/syndicom.ch\/it\/#organization","name":"syndicom","alternateName":"Gewerkschaft Medien und Kommunikation","url":"https:\/\/syndicom.ch\/it\/","logo":{"@type":"ImageObject","inLanguage":"it-IT","@id":"https:\/\/syndicom.ch\/it\/#\/schema\/logo\/image\/","url":"https:\/\/syndicom.ch\/app\/uploads\/2024\/06\/logo.svg","contentUrl":"https:\/\/syndicom.ch\/app\/uploads\/2024\/06\/logo.svg","width":297,"height":51,"caption":"syndicom"},"image":{"@id":"https:\/\/syndicom.ch\/it\/#\/schema\/logo\/image\/"},"sameAs":["https:\/\/www.facebook.com\/syndicom\/","https:\/\/ch.linkedin.com\/company\/syndicom-gewerkschaft-medien-und-kommunikation","https:\/\/www.instagram.com\/syndicom\/"]}]}},"_links":{"self":[{"href":"https:\/\/syndicom.ch\/it\/wp-json\/wp\/v2\/pages\/38250","targetHints":{"allow":["GET"]}}],"collection":[{"href":"https:\/\/syndicom.ch\/it\/wp-json\/wp\/v2\/pages"}],"about":[{"href":"https:\/\/syndicom.ch\/it\/wp-json\/wp\/v2\/types\/page"}],"author":[{"embeddable":true,"href":"https:\/\/syndicom.ch\/it\/wp-json\/wp\/v2\/users\/3"}],"replies":[{"embeddable":true,"href":"https:\/\/syndicom.ch\/it\/wp-json\/wp\/v2\/comments?post=38250"}],"version-history":[{"count":7,"href":"https:\/\/syndicom.ch\/it\/wp-json\/wp\/v2\/pages\/38250\/revisions"}],"predecessor-version":[{"id":60313,"href":"https:\/\/syndicom.ch\/it\/wp-json\/wp\/v2\/pages\/38250\/revisions\/60313"}],"up":[{"embeddable":true,"href":"https:\/\/syndicom.ch\/it\/wp-json\/wp\/v2\/pages\/45338"}],"wp:attachment":[{"href":"https:\/\/syndicom.ch\/it\/wp-json\/wp\/v2\/media?parent=38250"}],"wp:term":[{"taxonomy":"category","embeddable":true,"href":"https:\/\/syndicom.ch\/it\/wp-json\/wp\/v2\/categories?post=38250"}],"curies":[{"name":"wp","href":"https:\/\/api.w.org\/{rel}","templated":true}]}}