{"id":5098,"date":"2024-09-11T16:28:20","date_gmt":"2024-09-11T14:28:20","guid":{"rendered":"https:\/\/projects.atxeit.ch\/syndicom\/?page_id=5098"},"modified":"2025-03-13T12:12:07","modified_gmt":"2025-03-13T11:12:07","slug":"informativa-sulla-privacy","status":"publish","type":"page","link":"https:\/\/syndicom.ch\/it\/informativa-sulla-privacy\/","title":{"rendered":"Informativa sulla privacy"},"content":{"rendered":"\n<div class=\"wp-block-group alignfull has-background-color has-primary-background-color has-text-color has-background has-link-color wp-elements-ce3463a98deb6eb896dd95b490e9f37f is-layout-constrained wp-block-group-is-layout-constrained\">\n<div class=\"wp-block-group is-style-narrow is-layout-constrained wp-block-group-is-layout-constrained\">\n<div class=\"wp-block-columns is-layout-flex wp-container-core-columns-is-layout-9d6595d7 wp-block-columns-is-layout-flex\">\n<div class=\"wp-block-column is-layout-flow wp-block-column-is-layout-flow\" style=\"flex-basis:70%\">\n<h1 class=\"wp-block-heading\">Informativa sulla privacy<\/h1>\n<\/div>\n<\/div>\n<\/div>\n<\/div>\n\n\n\n<div class=\"wp-block-group alignfull has-background-background-color has-background is-layout-constrained wp-block-group-is-layout-constrained\">\n<div class=\"wp-block-group is-style-narrow is-layout-constrained wp-block-group-is-layout-constrained\">\n<h2 class=\"wp-block-heading\"><strong>Note legali<\/strong><\/h2>\n\n\n\n<p>Questo \u00e8 il sito web ufficiale di syndicom che serve per informare i nostri soci, le persone interessate, i partner e l\u2019opinione pubblica. syndicom pu\u00f2 ricorrere a terzi per il funzionamento del sito web e modificare in qualsiasi momento le informazioni e le regole sull\u2019utilizzo. Le modifiche sono vincolanti.<\/p>\n\n\n\n<p>La presente informativa sulla privacy si basa sulla Legge federale sulla protezione dei dati (LPD) e \u2013 per quanto rilevante e applicabile \u2013 sul regolamento UE sulla protezione dei dati (GDPR).<a><\/a><\/p>\n\n\n\n<h2 class=\"wp-block-heading\"><strong>Diritti d\u2019autore e altri diritti<\/strong><\/h2>\n\n\n\n<p>Le informazioni contenute sul sito web di syndicom sono aperte al pubblico. Con il download o la copia di contenuti, foto o altri dati, non viene trasferito nessun tipo di diritto sul contenuto.<br><br>I diritti d\u2019autore come anche tutti gli altri diritti sui contenuti, immagini, foto o altri file sul sito web di syndicom competono esclusivamente a syndicom o ai titolari del diritto esplicitamente indicati. La (totale o parziale) riproduzione, trasmissione (elettronica o con altri mezzi), modifica, collegamento o utilizzo del sito web a fini pubblici o commerciali sono vietati senza il previo consenso scritto.<a><\/a><\/p>\n\n\n\n<h2 class=\"wp-block-heading\"><strong>Esclusione di responsabilit\u00e0<\/strong><\/h2>\n\n\n\n<p>Nonostante syndicom presti la necessaria attenzione alla correttezza delle informazioni pubblicate, non si assume nessuna garanzia riguardo alla correttezza, esattezza, attualit\u00e0, attendibilit\u00e0 e completezza del contenuto di queste informazioni.<\/p>\n\n\n\n<p>syndicom si riserva espressamente di poter in qualsiasi momento e senza previo avviso modificare totalmente o parzialmente dei contenuti, cancellare o non pubblicare temporaneamente dei contenuti.<\/p>\n\n\n\n<p>Viene escluso un diritto al risarcimento nei confronti di syndicom per via di danni materiali o immateriali derivanti dall\u2019accesso o utilizzo rsp. non utilizzo delle informazioni pubblicate, dall\u2019abuso della connessione o da guasti tecnici. L\u2019accesso al sito web e il suo utilizzo non sono garantiti.<a><\/a><\/p>\n\n\n\n<h2 class=\"wp-block-heading\"><strong>Trasmissione dei dati via internet<\/strong><\/h2>\n\n\n\n<p>Internet \u00e8 una rete aperta e accessibile a tutti, e in questo senso generalmente non \u00e8 da ritenere un ambiente sicuro. Nonostante i singoli pacchetti dati in linea di massima vengano trasmessi in modo criptato, questo non vale per il mittente e il destinatario. Inoltre, \u00e8 possibile che i dati vengano trasmessi all\u2019estero ed eventualmente verso un paese con un livello di protezione dati pi\u00f9 basso rispetto alla Svizzera, persino se mittente e destinatario si trovano in Svizzera. syndicom declina ogni responsabilit\u00e0 per la sicurezza dei dati durante la loro trasmissione via internet.<\/p>\n\n\n\n<h2 class=\"wp-block-heading\"><strong>Raccolta e utilizzo delle informazioni<\/strong><\/h2>\n\n\n\n<p>Durante l\u2019accesso al sito web vengono memorizzati diversi dati d\u2019accesso (indirizzo IP, data e ora dell\u2019accesso, nome del file ecc.). Non avviene nessun tipo di valutazione riferito alla persona. I dati vengono analizzati in forma anonima per motivi statistici, per esempio per vedere quanti accessi ci sono stati al sito web in un tal giorno. Se dei dati personali (come nome, indirizzo, numero di telefono o indirizzo mail) vengono trasmessi volontariamente, syndicom li pu\u00f2 utilizzare per informare queste persone sui suoi servizi e le sue campagne. In qualsiasi momento pu\u00f2 essere richiesta la cancellazione dei dati personali.<\/p>\n\n\n\n<p>Questi dati vengono trattati in maniera strettamente confidenziale e non vengono resi accessibili a terzi, a meno che voi non abbiate dato il proprio consenso, la legge ci costringa a farlo o il trasferimento a terzi sia utile per i nostri interessi nella collaborazione con terzi che ci aiutano a predisporre la nostra offerta o nella risoluzione di problemi tecnici.<a><\/a><\/p>\n\n\n\n<h2 class=\"wp-block-heading\"><strong>Cookies<\/strong><\/h2>\n\n\n\n<p>Utilizziamo i cookies per verificare la popolarit\u00e0 di singoli ambiti tematici ed impostare la nostra offerta pi\u00f9 vicina possibile agli utenti. Si tratta di piccoli file di testo che vengono memorizzati e che consentono l\u2019analisi del vostro comportamento, la misurazione del range e il miglioramento dell\u2019offerta. In questo modo non dovete registrarvi nuovamente ad ogni visita ai servizi soggetti a registrazione obbligatoria. Questi file di testo non contengono dati personali.<\/p>\n\n\n\n<p>Potete impedire l\u2019impiego dei cookies attraverso le relative impostazioni del browser. Tuttavia, questo limita eventualmente la funzionalit\u00e0 delle nostre offerte. L\u2019accesso agli ambiti con registrazione obbligatoria funziona solo con i cookies attivati.<\/p>\n\n\n\n<p>A fini statistici e per ottimizzare i prodotti ricorriamo ai servizi di analisi di Google Analytics e Facebook Pixel. A questo scopo in genere non vengono rilevati dati personali. Qualora questo si rilevasse necessario, verr\u00e0 trasmessa soltanto la quantit\u00e0 di informazioni minima necessaria all\u2019adempimento dell\u2019incarico. Qui di seguito evidenziamo le spiegazioni relative a questi servizi.<a><\/a><\/p>\n\n\n\n<h2 class=\"wp-block-heading\"><strong>Google Analytics<\/strong><\/h2>\n\n\n\n<p>Questo sito web utilizza Google Analytics, un servizio di web analysis di Google Inc. (\u00abGoogle\u00bb). Google Analytics utilizza uno specifico formato di cookie, che viene memorizzato sul vostro computer e consente un\u2019analisi dell\u2019utilizzo, da parte vostra, del nostro sito web. Le informazioni sull\u2019utilizzo, da parte vostra, del sito web di syndicom (incluso indirizzo IP), generate dai cookie, sono generalmente trasmesse a un server di Google negli USA dove restano archiviate. Google utilizza tali informazioni per nostro conto per analizzare l\u2019utilizzo da parte vostra di questo sito web, per redigere relazioni sulle attivit\u00e0 sul sito web e per fornire servizi aggiuntivi correlati al sito web e all\u2019utilizzo di internet. Google potr\u00e0 altres\u00ec trasferire tali informazioni a terzi se richiesto dalla legge o se tali terzi elaborano questi dati per conto di Google. L\u2019indirizzo IP trasmesso dal vostro browser con l\u2019uso di Google Analytics non \u00e8 incluso in altri dati di Google. Potete evitare la memorizzazione dei cookie regolando la relativa impostazione del vostro software per il browser; tuttavia vi facciamo presente che forse in quel caso non potrete usare pienamente tutte le funzioni di questo sito web. Navigando su questo sito web esprimete il consenso al trattamento dei vostri dati rilevati da Google nel modo e ai fini su menzionati.<\/p>\n\n\n\n<h2 class=\"wp-block-heading\"><strong>Google Ads<\/strong><\/h2>\n\n\n\n<p>Questo sito web utilizza Google Ads, un servizio d\u2019analisi di Google, e nell\u2019ambito di Google Ads il Conversion Tracking. Google Ads memorizza un Cookie per il Conversion Tracking sull\u2019hard disk del vostro computer (cosiddetto \u00abConversion Cookie\u00bb) quando cliccate su un annuncio di Google. Questi cookie scadono solitamente dopo 30 giorni e non sono destinati a identificarvi personalmente. Se visitate determinate pagine sul nostro sito web, Google e noi vediamo che avete cliccato sull\u2019annuncio e che siete stati indirizzati a quella pagina.<\/p>\n\n\n\n<p>Le informazioni acquisite con l\u2019aiuto dei Conversion Cookies servono per elaborare statistiche per i clienti Ads che impiegano il Conversion Tracking. Attraverso queste statistiche conosciamo il numero totale di utenti che ha cliccato sull\u2019annuncio mostrato da Google e che ha visualizzato una pagina dotata di un conversion-Tracking-Tag.<\/p>\n\n\n\n<p><strong>Accanto al Conversion Tracking utilizziamo anche le seguenti altre funzioni:<\/strong><\/p>\n\n\n\n<ul class=\"wp-block-list\">\n<li>remarketing<\/li>\n\n\n\n<li>focus group con interessi comuni<\/li>\n\n\n\n<li>focus group con interessi comuni definiti dall\u2019utente<\/li>\n\n\n\n<li>focus group disposti all\u2019acquisto<\/li>\n\n\n\n<li>focus group simili<\/li>\n\n\n\n<li>orientamento demografico e geografico.<\/li>\n<\/ul>\n\n\n\n<p>Con la funzione del remarketing di Google raggiungiamo gli utenti che hanno gi\u00e0 visitato il nostro sito web. Questo ci consente di indirizzare la nostra pubblicit\u00e0 a destinatari che gi\u00e0 s\u2019interessano per i nostri servizi. Inoltre, AdWords rileva, in base al comportamento del consumatore sui siti web nel network pubblicitario di Google (\u00abNetwork-Display\u00bb) negli ultimi 30 giorni come anche con l\u2019aiuto del motore di ricerca riferito al contesto, gli interessi e le caratteristiche comuni degli utenti del nostro sito web. In base a queste informazioni AdWords poi trova nuovi potenziali clienti al fine del marketing, i cui interessi e tratti assomigliano a quelli degli utenti del nostro sito web. Lo specifico remarketing verso determinati gruppi di destinatari avviene attraverso un impiego congiunto di cookies, come p.e. i Google Analytics-Cookies e Google DoubleClick-Cookies.<\/p>\n\n\n\n<p>Per consultare altre informazioni sulle condizioni d\u2019utilizzo e sulla protezione dati nell\u2019ambito di Google Ads visitare il seguente link: <a href=\"http:\/\/www.google.de\/policies\/technologies\/ads\/\" target=\"_blank\" rel=\"noreferrer noopener\">http:\/\/www.google.de\/policies\/technologies\/ads\/<\/a><\/p>\n\n\n\n<h2 class=\"wp-block-heading\"><strong>Contatto, informazione, revoca, blocco, cancellazione<\/strong><\/h2>\n\n\n\n<p>In ogni momento \u00e8 possibile opporsi gratuitamente all\u2019utilizzo dei vostri dati personali in futuro, chiedere una cancellazione o un blocco parziale o totale oppure chiedere informazioni sui vostri dati personali da noi salvati rsp. chiedere di correggerli. Non \u00e8 necessario rispettare una determinata forma, per esempio potete scriverci una mail a <a href=\"mailto:&#105;&#110;&#102;&#111;&#64;&#115;&#121;&#110;&#100;&#105;&#99;&#111;&#109;&#46;&#99;&#104;\">&#105;&#110;&#102;&#111;&#64;&#115;&#121;&#110;&#100;&#105;&#99;&#111;&#109;&#46;&#99;&#104;<\/a> oppure usare il nostro&nbsp;<a href=\"https:\/\/syndicom.ch\/it\/contatto\/\" target=\"_blank\" rel=\"noreferrer noopener\">formulario di contatto sul sito web<\/a>.<\/p>\n\n\n\n<h2 class=\"wp-block-heading\"><strong>Periodo di conservazione<\/strong><\/h2>\n\n\n\n<p>Trattiamo e salviamo i dati personali degli utenti solo il tempo necessario per raggiungere lo scopo della memorizzazione, oppure per il tempo previsto dalle disposizioni legali, alle quali sottostanno i responsabili. Se viene meno lo scopo di questa memorizzazione o se scade un eventuale termine legale per la conservazione, i dati personali vengono bloccati o cancellati in conformit\u00e0 alle prescrizioni legali.<a><\/a><\/p>\n\n\n\n<h2 class=\"wp-block-heading\"><strong>Sicurezza dei dati<\/strong><\/h2>\n\n\n\n<p>Abbiamo preso misure tecniche ed organizzative per proteggere i vostri dati dalla perdita, modifica o contro l\u2019accesso non autorizzato. Queste misure di sicurezza vengono continuamente da noi migliorate in corrispondenza dello sviluppo tecnico.<\/p>\n<\/div>\n<\/div>\n","protected":false},"excerpt":{"rendered":"<p>Informativa sulla privacy Note legali Questo \u00e8 il sito web ufficiale di syndicom che serve per informare i nostri soci, le persone interessate, i partner e l\u2019opinione pubblica. syndicom pu\u00f2 ricorrere a terzi per il funzionamento del sito web e modificare in qualsiasi momento le informazioni e le regole sull\u2019utilizzo. Le modifiche sono vincolanti. La [&hellip;]<\/p>\n","protected":false},"author":2,"featured_media":0,"parent":0,"menu_order":0,"comment_status":"closed","ping_status":"closed","template":"startseite","meta":{"_acf_changed":false,"inline_featured_image":false,"_coblocks_attr":"","_coblocks_dimensions":"","_coblocks_responsive_height":"","_coblocks_accordion_ie_support":"","footnotes":""},"categories":[],"class_list":["post-5098","page","type-page","status-publish","hentry"],"acf":[],"yoast_head":"<!-- This site is optimized with the Yoast SEO plugin v27.3 - https:\/\/yoast.com\/product\/yoast-seo-wordpress\/ -->\n<title>Informativa sulla privacy - syndicom<\/title>\n<meta name=\"description\" content=\"Questo \u00e8 il sito web ufficiale di syndicom che serve per informare i nostri soci, le persone interessate, i partner e l\u2019opinione pubblica.\" \/>\n<meta name=\"robots\" content=\"index, follow, max-snippet:-1, max-image-preview:large, max-video-preview:-1\" \/>\n<link rel=\"canonical\" href=\"https:\/\/syndicom.ch\/it\/informativa-sulla-privacy\/\" \/>\n<meta property=\"og:locale\" content=\"it_IT\" \/>\n<meta property=\"og:type\" content=\"article\" \/>\n<meta property=\"og:title\" content=\"Informativa sulla privacy - syndicom\" \/>\n<meta property=\"og:description\" content=\"Questo \u00e8 il sito web ufficiale di syndicom che serve per informare i nostri soci, le persone interessate, i partner e l\u2019opinione pubblica.\" \/>\n<meta property=\"og:url\" content=\"https:\/\/syndicom.ch\/it\/informativa-sulla-privacy\/\" \/>\n<meta property=\"og:site_name\" content=\"syndicom\" \/>\n<meta property=\"article:modified_time\" content=\"2025-03-13T11:12:07+00:00\" \/>\n<meta name=\"twitter:card\" content=\"summary_large_image\" \/>\n<meta name=\"twitter:label1\" content=\"Tempo di lettura stimato\" \/>\n\t<meta name=\"twitter:data1\" content=\"8 minuti\" \/>\n<script type=\"application\/ld+json\" class=\"yoast-schema-graph\">{\"@context\":\"https:\\\/\\\/schema.org\",\"@graph\":[{\"@type\":\"WebPage\",\"@id\":\"https:\\\/\\\/syndicom.ch\\\/it\\\/informativa-sulla-privacy\\\/\",\"url\":\"https:\\\/\\\/syndicom.ch\\\/it\\\/informativa-sulla-privacy\\\/\",\"name\":\"Informativa sulla privacy - syndicom\",\"isPartOf\":{\"@id\":\"https:\\\/\\\/syndicom.ch\\\/it\\\/#website\"},\"datePublished\":\"2024-09-11T14:28:20+00:00\",\"dateModified\":\"2025-03-13T11:12:07+00:00\",\"description\":\"Questo \u00e8 il sito web ufficiale di syndicom che serve per informare i nostri soci, le persone interessate, i partner e l\u2019opinione pubblica.\",\"breadcrumb\":{\"@id\":\"https:\\\/\\\/syndicom.ch\\\/it\\\/informativa-sulla-privacy\\\/#breadcrumb\"},\"inLanguage\":\"it-IT\",\"potentialAction\":[{\"@type\":\"ReadAction\",\"target\":[\"https:\\\/\\\/syndicom.ch\\\/it\\\/informativa-sulla-privacy\\\/\"]}]},{\"@type\":\"BreadcrumbList\",\"@id\":\"https:\\\/\\\/syndicom.ch\\\/it\\\/informativa-sulla-privacy\\\/#breadcrumb\",\"itemListElement\":[{\"@type\":\"ListItem\",\"position\":1,\"name\":\"Pagina iniziale\",\"item\":\"https:\\\/\\\/syndicom.ch\\\/it\\\/\"},{\"@type\":\"ListItem\",\"position\":2,\"name\":\"Informativa sulla privacy\"}]},{\"@type\":\"WebSite\",\"@id\":\"https:\\\/\\\/syndicom.ch\\\/it\\\/#website\",\"url\":\"https:\\\/\\\/syndicom.ch\\\/it\\\/\",\"name\":\"syndicom\",\"description\":\"\",\"publisher\":{\"@id\":\"https:\\\/\\\/syndicom.ch\\\/it\\\/#organization\"},\"potentialAction\":[{\"@type\":\"SearchAction\",\"target\":{\"@type\":\"EntryPoint\",\"urlTemplate\":\"https:\\\/\\\/syndicom.ch\\\/it\\\/?s={search_term_string}\"},\"query-input\":{\"@type\":\"PropertyValueSpecification\",\"valueRequired\":true,\"valueName\":\"search_term_string\"}}],\"inLanguage\":\"it-IT\"},{\"@type\":\"Organization\",\"@id\":\"https:\\\/\\\/syndicom.ch\\\/it\\\/#organization\",\"name\":\"syndicom\",\"url\":\"https:\\\/\\\/syndicom.ch\\\/it\\\/\",\"logo\":{\"@type\":\"ImageObject\",\"inLanguage\":\"it-IT\",\"@id\":\"https:\\\/\\\/syndicom.ch\\\/it\\\/#\\\/schema\\\/logo\\\/image\\\/\",\"url\":\"https:\\\/\\\/syndicom.ch\\\/app\\\/uploads\\\/2024\\\/06\\\/logo.svg\",\"contentUrl\":\"https:\\\/\\\/syndicom.ch\\\/app\\\/uploads\\\/2024\\\/06\\\/logo.svg\",\"width\":297,\"height\":51,\"caption\":\"syndicom\"},\"image\":{\"@id\":\"https:\\\/\\\/syndicom.ch\\\/it\\\/#\\\/schema\\\/logo\\\/image\\\/\"}}]}<\/script>\n<!-- \/ Yoast SEO plugin. -->","yoast_head_json":{"title":"Informativa sulla privacy - syndicom","description":"Questo \u00e8 il sito web ufficiale di syndicom che serve per informare i nostri soci, le persone interessate, i partner e l\u2019opinione pubblica.","robots":{"index":"index","follow":"follow","max-snippet":"max-snippet:-1","max-image-preview":"max-image-preview:large","max-video-preview":"max-video-preview:-1"},"canonical":"https:\/\/syndicom.ch\/it\/informativa-sulla-privacy\/","og_locale":"it_IT","og_type":"article","og_title":"Informativa sulla privacy - syndicom","og_description":"Questo \u00e8 il sito web ufficiale di syndicom che serve per informare i nostri soci, le persone interessate, i partner e l\u2019opinione pubblica.","og_url":"https:\/\/syndicom.ch\/it\/informativa-sulla-privacy\/","og_site_name":"syndicom","article_modified_time":"2025-03-13T11:12:07+00:00","twitter_card":"summary_large_image","twitter_misc":{"Tempo di lettura stimato":"8 minuti"},"schema":{"@context":"https:\/\/schema.org","@graph":[{"@type":"WebPage","@id":"https:\/\/syndicom.ch\/it\/informativa-sulla-privacy\/","url":"https:\/\/syndicom.ch\/it\/informativa-sulla-privacy\/","name":"Informativa sulla privacy - syndicom","isPartOf":{"@id":"https:\/\/syndicom.ch\/it\/#website"},"datePublished":"2024-09-11T14:28:20+00:00","dateModified":"2025-03-13T11:12:07+00:00","description":"Questo \u00e8 il sito web ufficiale di syndicom che serve per informare i nostri soci, le persone interessate, i partner e l\u2019opinione pubblica.","breadcrumb":{"@id":"https:\/\/syndicom.ch\/it\/informativa-sulla-privacy\/#breadcrumb"},"inLanguage":"it-IT","potentialAction":[{"@type":"ReadAction","target":["https:\/\/syndicom.ch\/it\/informativa-sulla-privacy\/"]}]},{"@type":"BreadcrumbList","@id":"https:\/\/syndicom.ch\/it\/informativa-sulla-privacy\/#breadcrumb","itemListElement":[{"@type":"ListItem","position":1,"name":"Pagina iniziale","item":"https:\/\/syndicom.ch\/it\/"},{"@type":"ListItem","position":2,"name":"Informativa sulla privacy"}]},{"@type":"WebSite","@id":"https:\/\/syndicom.ch\/it\/#website","url":"https:\/\/syndicom.ch\/it\/","name":"syndicom","description":"","publisher":{"@id":"https:\/\/syndicom.ch\/it\/#organization"},"potentialAction":[{"@type":"SearchAction","target":{"@type":"EntryPoint","urlTemplate":"https:\/\/syndicom.ch\/it\/?s={search_term_string}"},"query-input":{"@type":"PropertyValueSpecification","valueRequired":true,"valueName":"search_term_string"}}],"inLanguage":"it-IT"},{"@type":"Organization","@id":"https:\/\/syndicom.ch\/it\/#organization","name":"syndicom","url":"https:\/\/syndicom.ch\/it\/","logo":{"@type":"ImageObject","inLanguage":"it-IT","@id":"https:\/\/syndicom.ch\/it\/#\/schema\/logo\/image\/","url":"https:\/\/syndicom.ch\/app\/uploads\/2024\/06\/logo.svg","contentUrl":"https:\/\/syndicom.ch\/app\/uploads\/2024\/06\/logo.svg","width":297,"height":51,"caption":"syndicom"},"image":{"@id":"https:\/\/syndicom.ch\/it\/#\/schema\/logo\/image\/"}}]}},"_links":{"self":[{"href":"https:\/\/syndicom.ch\/it\/wp-json\/wp\/v2\/pages\/5098","targetHints":{"allow":["GET"]}}],"collection":[{"href":"https:\/\/syndicom.ch\/it\/wp-json\/wp\/v2\/pages"}],"about":[{"href":"https:\/\/syndicom.ch\/it\/wp-json\/wp\/v2\/types\/page"}],"author":[{"embeddable":true,"href":"https:\/\/syndicom.ch\/it\/wp-json\/wp\/v2\/users\/2"}],"replies":[{"embeddable":true,"href":"https:\/\/syndicom.ch\/it\/wp-json\/wp\/v2\/comments?post=5098"}],"version-history":[{"count":8,"href":"https:\/\/syndicom.ch\/it\/wp-json\/wp\/v2\/pages\/5098\/revisions"}],"predecessor-version":[{"id":30446,"href":"https:\/\/syndicom.ch\/it\/wp-json\/wp\/v2\/pages\/5098\/revisions\/30446"}],"wp:attachment":[{"href":"https:\/\/syndicom.ch\/it\/wp-json\/wp\/v2\/media?parent=5098"}],"wp:term":[{"taxonomy":"category","embeddable":true,"href":"https:\/\/syndicom.ch\/it\/wp-json\/wp\/v2\/categories?post=5098"}],"curies":[{"name":"wp","href":"https:\/\/api.w.org\/{rel}","templated":true}]}}