{"id":7490,"date":"2024-08-09T08:14:15","date_gmt":"2024-08-09T06:14:15","guid":{"rendered":"https:\/\/projects.atxeit.ch\/syndicom\/?page_id=7490"},"modified":"2025-05-27T14:54:10","modified_gmt":"2025-05-27T12:54:10","slug":"segretariato-regionale-zurigo","status":"publish","type":"page","link":"https:\/\/syndicom.ch\/it\/contatto\/segretariato-regionale-zurigo\/","title":{"rendered":"Segretariato regionale Zurigo"},"content":{"rendered":"\n<div class=\"wp-block-group alignfull has-background-color has-primary-background-color has-text-color has-background has-link-color wp-elements-c8295d77bdc610eb36496c6ec09ad38e is-layout-constrained wp-block-group-is-layout-constrained\">\n<div class=\"wp-block-group is-style-narrow is-layout-constrained wp-block-group-is-layout-constrained\">\n<div class=\"wp-block-columns is-layout-flex wp-container-core-columns-is-layout-9d6595d7 wp-block-columns-is-layout-flex\">\n<div class=\"wp-block-column is-layout-flow wp-block-column-is-layout-flow\" style=\"flex-basis:70%\">\n<h1 class=\"wp-block-heading\">Segretariato regionale Zurigo<\/h1>\n\n\n\n<p class=\"is-style-lead\">Benvenuti al Segretariato regionale di Zurigo! Il tuo primo punto di contatto nella citt\u00e0 pi\u00f9 grande della Svizzera, dove potrai trovare assistenza e consulenza personale su tutti gli aspetti della tua vita lavorativa, sia che tu sia gi\u00e0 un membro che desideri diventarlo. Passa a trovarci e conoscici!<\/p>\n<\/div>\n<\/div>\n<\/div>\n<\/div>\n\n\n\n<div class=\"wp-block-group alignfull has-tertiary-background-color has-background is-layout-constrained wp-block-group-is-layout-constrained\">\n<div class=\"wp-block-group is-style-narrow is-layout-constrained wp-block-group-is-layout-constrained\">\n<div class=\"wp-block-columns is-layout-flex wp-container-core-columns-is-layout-9d6595d7 wp-block-columns-is-layout-flex\">\n<div class=\"wp-block-column is-layout-flow wp-block-column-is-layout-flow\">\n<p><strong>Segretariato regionale Zurigo<\/strong><\/p>\n\n\n\n<p>Volkshaus<br>Stauffacherstrasse 60<br>8004 Zurigo<\/p>\n\n\n\n\n\n<div class=\"wp-block-columns is-layout-flex wp-container-core-columns-is-layout-9d6595d7 wp-block-columns-is-layout-flex\">\n<div class=\"wp-block-column is-layout-flow wp-block-column-is-layout-flow\">\n<p>Telefono: <a href=\"tel:+41 58 817 18 18\">+41 58 817 18 18<\/a><br>E-Mail:&nbsp;<a href=\"mailto:&#105;&#110;&#102;&#111;&#64;&#115;&#121;&#110;&#100;&#105;&#99;&#111;&#109;&#46;&#99;&#104;\">&#105;&#110;&#102;&#111;&#64;&#115;&#121;&#110;&#100;&#105;&#99;&#111;&#109;&#46;&#99;&#104;<\/a><br><br><strong>Indirizzo postale<\/strong><br>syndicom Segretariato centrale<br>Monbijoustrasse 33<br>Casella postale<br>3001 Berna<\/p>\n<\/div>\n\n\n\n<div class=\"wp-block-column is-layout-flow wp-block-column-is-layout-flow\">\n<p><strong>Si riceve:<\/strong> solo su appuntamento tel.<\/p>\n\n\n\n<p><strong>Contatto telofonico:<\/strong><\/p>\n\n\n\n<figure class=\"wp-block-table is-style-stripes\"><table class=\"has-fixed-layout\"><tbody><tr><td>luned\u00ec a gioved\u00ec<\/td><td>ore 08:30 \u2013 12:00<br>13:30 \u2013 17:00<\/td><\/tr><tr><td>venerd\u00ec<\/td><td>ore 08:30 \u2013 12:00<br>13:30 \u2013 16:00<\/td><\/tr><tr><td>sabato e domenica<\/td><td>chiuso<\/td><\/tr><\/tbody><\/table><\/figure>\n<\/div>\n<\/div>\n<\/div>\n<\/div>\n<\/div>\n<\/div>\n\n\n\n<div class=\"wp-block-group alignfull has-background-background-color has-background is-layout-constrained wp-block-group-is-layout-constrained\">\n<div class=\"wp-block-group is-style-narrow is-layout-constrained wp-block-group-is-layout-constrained\">\n<h2 class=\"wp-block-heading has-text-align-center\">Le tue persone di contatto di syndicom<br>presso il segretariato regionale Zurigo<\/h2>\n\n\n\n<div class=\"wp-block-group is-style-row-2 is-nowrap is-layout-flex wp-container-core-group-is-layout-64989fb1 wp-block-group-is-layout-flex\"><div class=\"wp-block-custom-person-item\"><div class=\"person-image\"><a class=\"employee-lightbox\" href=\"https:\/\/syndicom.ch\/app\/uploads\/2024\/08\/gewerkschaft-syndicom-senol-kilic.jpg\" data-gallery=\"person-69eb4bbf355a7\" ><img loading=\"lazy\" decoding=\"async\" src=\"https:\/\/syndicom.ch\/app\/uploads\/2024\/08\/gewerkschaft-syndicom-senol-kilic.jpg\" class=\"attachment-post-thumbnail size-post-thumbnail wp-post-image \" \/><\/a><\/div><div class=\"meta-holder\"><h3 class=\"person-name\">\u015eenol K\u0131l\u0131\u00e7<\/h3><div class=\"person-role\">Responsabile regione Zurigo\/Svizzera orientale, Segretario regionale Logistica<\/div><div class=\"person-email\"><a href=\"mailto:&#105;&#110;&#102;&#111;&#64;&#115;&#121;&#110;&#100;&#105;&#99;&#111;&#109;&#46;&#99;&#104;\">&#105;&#110;&#102;&#111;&#64;&#115;&#121;&#110;&#100;&#105;&#99;&#111;&#109;&#46;&#99;&#104;<\/a><\/div><div><a href=\"tel:+41 58 817 18 18\" class=\"person-phone\">+41 58 817 18 18<\/a><\/div><\/div><\/div>\n\n<div class=\"wp-block-custom-person-item\"><div class=\"person-image\"><a class=\"employee-lightbox\" href=\"https:\/\/syndicom.ch\/app\/uploads\/2025\/01\/gewerkschaft-syndicom-claudia-ascolese.jpg\" data-gallery=\"person-69eb4bbf35d7e\" ><img loading=\"lazy\" decoding=\"async\" src=\"https:\/\/syndicom.ch\/app\/uploads\/2025\/01\/gewerkschaft-syndicom-claudia-ascolese.jpg\" class=\"attachment-post-thumbnail size-post-thumbnail wp-post-image \" \/><\/a><\/div><div class=\"meta-holder\"><h3 class=\"person-name\">Claudia Ascolese<\/h3><div class=\"person-role\">Segretaria regionale TIC<\/div><div class=\"person-email\"><a href=\"mailto:&#105;&#110;&#102;&#111;&#64;&#115;&#121;&#110;&#100;&#105;&#99;&#111;&#109;&#46;&#99;&#104;\">&#105;&#110;&#102;&#111;&#64;&#115;&#121;&#110;&#100;&#105;&#99;&#111;&#109;&#46;&#99;&#104;<\/a><\/div><div><a href=\"tel:+41 58 817 18 18\" class=\"person-phone\">+41 58 817 18 18<\/a><\/div><\/div><\/div>\n\n<div class=\"wp-block-custom-person-item\"><div class=\"person-image\"><a class=\"employee-lightbox\" href=\"https:\/\/syndicom.ch\/app\/uploads\/2024\/08\/gewerkschaft-syndicom-tamara-balzer.jpg\" data-gallery=\"person-69eb4bbf36373\" ><img loading=\"lazy\" decoding=\"async\" src=\"https:\/\/syndicom.ch\/app\/uploads\/2024\/08\/gewerkschaft-syndicom-tamara-balzer.jpg\" class=\"attachment-post-thumbnail size-post-thumbnail wp-post-image \" \/><\/a><\/div><div class=\"meta-holder\"><h3 class=\"person-name\">Tamara Balzer<\/h3><div class=\"person-role\">Segretaria regionale TIC<\/div><div class=\"person-email\"><a href=\"mailto:&#105;&#110;&#102;&#111;&#64;&#115;&#121;&#110;&#100;&#105;&#99;&#111;&#109;&#46;&#99;&#104;\">&#105;&#110;&#102;&#111;&#64;&#115;&#121;&#110;&#100;&#105;&#99;&#111;&#109;&#46;&#99;&#104;<\/a><\/div><div><a href=\"tel:+41 58 817 18 18\" class=\"person-phone\">+41 58 817 18 18<\/a><\/div><\/div><\/div>\n\n<div class=\"wp-block-custom-person-item\"><div class=\"person-image\"><a class=\"employee-lightbox\" href=\"https:\/\/syndicom.ch\/app\/uploads\/2025\/02\/gewerkschaft-syndicom-brechbuehl-sonja.jpg\" data-gallery=\"person-69eb4bbf36949\" ><img loading=\"lazy\" decoding=\"async\" src=\"https:\/\/syndicom.ch\/app\/uploads\/2025\/02\/gewerkschaft-syndicom-brechbuehl-sonja.jpg\" class=\"attachment-post-thumbnail size-post-thumbnail wp-post-image \" \/><\/a><\/div><div class=\"meta-holder\"><h3 class=\"person-name\">Sonia Brechb\u00fchl<\/h3><div class=\"person-role\">Segretaria regionale Logistica<\/div><div class=\"person-email\"><a href=\"mailto:&#105;&#110;&#102;&#111;&#64;&#115;&#121;&#110;&#100;&#105;&#99;&#111;&#109;&#46;&#99;&#104;\">&#105;&#110;&#102;&#111;&#64;&#115;&#121;&#110;&#100;&#105;&#99;&#111;&#109;&#46;&#99;&#104;<\/a><\/div><div><a href=\"tel:+41 58 817 18 18\" class=\"person-phone\">+41 58 817 18 18<\/a><\/div><\/div><\/div>\n\n<div class=\"wp-block-custom-person-item\"><div class=\"person-image\"><a class=\"employee-lightbox\" href=\"https:\/\/syndicom.ch\/app\/uploads\/2024\/08\/gewerkschaft-syndicom-aynur-demir.jpg\" data-gallery=\"person-69eb4bbf36f32\" ><img loading=\"lazy\" decoding=\"async\" src=\"https:\/\/syndicom.ch\/app\/uploads\/2024\/08\/gewerkschaft-syndicom-aynur-demir.jpg\" class=\"attachment-post-thumbnail size-post-thumbnail wp-post-image \" \/><\/a><\/div><div class=\"meta-holder\"><h3 class=\"person-name\">Aynur Demir<\/h3><div class=\"person-role\">Segretaria regionale Logistica<\/div><div class=\"person-email\"><a href=\"mailto:&#105;&#110;&#102;&#111;&#64;&#115;&#121;&#110;&#100;&#105;&#99;&#111;&#109;&#46;&#99;&#104;\">&#105;&#110;&#102;&#111;&#64;&#115;&#121;&#110;&#100;&#105;&#99;&#111;&#109;&#46;&#99;&#104;<\/a><\/div><div><a href=\"tel:+41 58 817 18 18\" class=\"person-phone\">+41 58 817 18 18<\/a><\/div><\/div><\/div>\n\n<div class=\"wp-block-custom-person-item\"><div class=\"person-image\"><a class=\"employee-lightbox\" href=\"https:\/\/syndicom.ch\/app\/uploads\/2024\/08\/gewerkschaft-syndicom-idris-djelid.jpg\" data-gallery=\"person-69eb4bbf37523\" ><img loading=\"lazy\" decoding=\"async\" src=\"https:\/\/syndicom.ch\/app\/uploads\/2024\/08\/gewerkschaft-syndicom-idris-djelid.jpg\" class=\"attachment-post-thumbnail size-post-thumbnail wp-post-image \" \/><\/a><\/div><div class=\"meta-holder\"><h3 class=\"person-name\">Idris Djelid<\/h3><div class=\"person-role\">Segretario regionale Media<\/div><div class=\"person-email\"><a href=\"mailto:&#105;&#110;&#102;&#111;&#64;&#115;&#121;&#110;&#100;&#105;&#99;&#111;&#109;&#46;&#99;&#104;\">&#105;&#110;&#102;&#111;&#64;&#115;&#121;&#110;&#100;&#105;&#99;&#111;&#109;&#46;&#99;&#104;<\/a><\/div><div><a href=\"tel:+41 58 817 18 18\" class=\"person-phone\">+41 58 817 18 18<\/a><\/div><div class=\"person-workdays\">Giorni lavorativi: Marted\u00ec &#8211; Gioved\u00ec<\/div><\/div><\/div>\n\n<div class=\"wp-block-custom-person-item\"><div class=\"person-image\"><a class=\"employee-lightbox\" href=\"https:\/\/syndicom.ch\/app\/uploads\/2024\/09\/gewerkschaft-syndicom-anina-koch.jpg\" data-gallery=\"person-69eb4bbf37af8\" ><img loading=\"lazy\" decoding=\"async\" src=\"https:\/\/syndicom.ch\/app\/uploads\/2024\/09\/gewerkschaft-syndicom-anina-koch.jpg\" class=\"attachment-post-thumbnail size-post-thumbnail wp-post-image \" \/><\/a><\/div><div class=\"meta-holder\"><h3 class=\"person-name\">Anina Koch<\/h3><div class=\"person-role\">Segretaria regionale Media<\/div><div class=\"person-email\"><a href=\"mailto:&#105;&#110;&#102;&#111;&#64;&#115;&#121;&#110;&#100;&#105;&#99;&#111;&#109;&#46;&#99;&#104;\">&#105;&#110;&#102;&#111;&#64;&#115;&#121;&#110;&#100;&#105;&#99;&#111;&#109;&#46;&#99;&#104;<\/a><\/div><div><a href=\"tel:+41 58 817 19 03\" class=\"person-phone\">+41 58 817 19 03<\/a><\/div><div class=\"person-workdays\">Giorni lavorativi: Luned\u00ec &#8211; Gioved\u00ec<\/div><\/div><\/div>\n\n<div class=\"wp-block-custom-person-item\"><div class=\"person-image\"><a class=\"employee-lightbox\" href=\"https:\/\/syndicom.ch\/app\/uploads\/2024\/08\/gewerkschaft-syndicom-endrit-llanaj.jpg\" data-gallery=\"person-69eb4bbf380b6\" ><img loading=\"lazy\" decoding=\"async\" src=\"https:\/\/syndicom.ch\/app\/uploads\/2024\/08\/gewerkschaft-syndicom-endrit-llanaj.jpg\" class=\"attachment-post-thumbnail size-post-thumbnail wp-post-image \" \/><\/a><\/div><div class=\"meta-holder\"><h3 class=\"person-name\">Endrit Llanaj<\/h3><div class=\"person-role\">Segretario regionale TIC<\/div><div class=\"person-email\"><a href=\"mailto:&#105;&#110;&#102;&#111;&#64;&#115;&#121;&#110;&#100;&#105;&#99;&#111;&#109;&#46;&#99;&#104;\">&#105;&#110;&#102;&#111;&#64;&#115;&#121;&#110;&#100;&#105;&#99;&#111;&#109;&#46;&#99;&#104;<\/a><\/div><div><a href=\"tel:+41 58 817 18 18\" class=\"person-phone\">+41 58 817 18 18<\/a><\/div><\/div><\/div>\n\n<div class=\"wp-block-custom-person-item\"><div class=\"person-image\"><a class=\"employee-lightbox\" href=\"https:\/\/syndicom.ch\/app\/uploads\/2024\/08\/gewerkschaft-syndicom-gilles-lothe.jpg\" data-gallery=\"person-69eb4bbf38677\" ><img loading=\"lazy\" decoding=\"async\" src=\"https:\/\/syndicom.ch\/app\/uploads\/2024\/08\/gewerkschaft-syndicom-gilles-lothe.jpg\" class=\"attachment-post-thumbnail size-post-thumbnail wp-post-image \" \/><\/a><\/div><div class=\"meta-holder\"><h3 class=\"person-name\">Gilles Lothe<\/h3><div class=\"person-role\">Segretario regionale Logistica<\/div><div class=\"person-email\"><a href=\"mailto:&#105;&#110;&#102;&#111;&#64;&#115;&#121;&#110;&#100;&#105;&#99;&#111;&#109;&#46;&#99;&#104;\">&#105;&#110;&#102;&#111;&#64;&#115;&#121;&#110;&#100;&#105;&#99;&#111;&#109;&#46;&#99;&#104;<\/a><\/div><div><a href=\"tel:+41 58 817 18 18\" class=\"person-phone\">+41 58 817 18 18<\/a><\/div><\/div><\/div>\n\n<div class=\"wp-block-custom-person-item\"><div class=\"person-image\"><a class=\"employee-lightbox\" href=\"https:\/\/syndicom.ch\/app\/uploads\/2024\/08\/gewerkschaft-syndicom-dominik-oetiker.jpg\" data-gallery=\"person-69eb4bbf38c2a\" ><img loading=\"lazy\" decoding=\"async\" src=\"https:\/\/syndicom.ch\/app\/uploads\/2024\/08\/gewerkschaft-syndicom-dominik-oetiker.jpg\" class=\"attachment-post-thumbnail size-post-thumbnail wp-post-image \" \/><\/a><\/div><div class=\"meta-holder\"><h3 class=\"person-name\">Dominik Oetiker<\/h3><div class=\"person-role\">Segretario regionale TIC<\/div><div class=\"person-email\"><a href=\"mailto:&#105;&#110;&#102;&#111;&#64;&#115;&#121;&#110;&#100;&#105;&#99;&#111;&#109;&#46;&#99;&#104;\">&#105;&#110;&#102;&#111;&#64;&#115;&#121;&#110;&#100;&#105;&#99;&#111;&#109;&#46;&#99;&#104;<\/a><\/div><div><a href=\"tel:+41 58 817 18 18\" class=\"person-phone\">+41 58 817 18 18<\/a><\/div><\/div><\/div>\n\n<div class=\"wp-block-custom-person-item\"><div class=\"person-image\"><a class=\"employee-lightbox\" href=\"https:\/\/syndicom.ch\/app\/uploads\/2024\/08\/gewerkschaft-syndicom-anna-stahl.jpg\" data-gallery=\"person-69eb4bbf391d7\" ><img loading=\"lazy\" decoding=\"async\" src=\"https:\/\/syndicom.ch\/app\/uploads\/2024\/08\/gewerkschaft-syndicom-anna-stahl.jpg\" class=\"attachment-post-thumbnail size-post-thumbnail wp-post-image \" \/><\/a><\/div><div class=\"meta-holder\"><h3 class=\"person-name\">Anna Stahl<\/h3><div class=\"person-role\">Segretaria specializzata Comunicazione visiva Svizzera tedesca<\/div><div class=\"person-email\"><a href=\"mailto:&#105;&#110;&#102;&#111;&#64;&#115;&#121;&#110;&#100;&#105;&#99;&#111;&#109;&#46;&#99;&#104;\">&#105;&#110;&#102;&#111;&#64;&#115;&#121;&#110;&#100;&#105;&#99;&#111;&#109;&#46;&#99;&#104;<\/a><\/div><div><a href=\"tel:+41 76 683 32 69\" class=\"person-phone\">+41 76 683 32 69<\/a><\/div><\/div><\/div>\n\n<div class=\"wp-block-custom-person-item\"><div class=\"person-image\"><a class=\"employee-lightbox\" href=\"https:\/\/syndicom.ch\/app\/uploads\/2024\/08\/gewerkschaft-syndicom-saliha-vujic.jpg\" data-gallery=\"person-69eb4bbf3978a\" ><img loading=\"lazy\" decoding=\"async\" src=\"https:\/\/syndicom.ch\/app\/uploads\/2024\/08\/gewerkschaft-syndicom-saliha-vujic.jpg\" class=\"attachment-post-thumbnail size-post-thumbnail wp-post-image \" \/><\/a><\/div><div class=\"meta-holder\"><h3 class=\"person-name\">Saliha Vujic<\/h3><div class=\"person-role\">Segretaria regionale TIC<\/div><div class=\"person-email\"><a href=\"mailto:&#105;&#110;&#102;&#111;&#64;&#115;&#121;&#110;&#100;&#105;&#99;&#111;&#109;&#46;&#99;&#104;\">&#105;&#110;&#102;&#111;&#64;&#115;&#121;&#110;&#100;&#105;&#99;&#111;&#109;&#46;&#99;&#104;<\/a><\/div><div><a href=\"tel:+41 58 817 18 18\" class=\"person-phone\">+41 58 817 18 18<\/a><\/div><\/div><\/div><\/div>\n<\/div>\n<\/div>\n\n\n\n<div class=\"wp-block-group alignfull has-background-color has-primary-background-color has-text-color has-background has-link-color wp-elements-c05b35160b0b482050eac74a304ee74a is-layout-constrained wp-block-group-is-layout-constrained\">\n<div class=\"wp-block-group is-style-narrow is-layout-constrained wp-block-group-is-layout-constrained\">\n<h2 class=\"wp-block-heading has-text-align-center\">Personale, rapido, diretto<\/h2>\n\n\n\n<p class=\"has-text-align-center\">Vuoi saperne di pi\u00f9 sul sindacato syndicom? Oppure hai domande o problemi e vuoi un consiglio? Contattaci, siamo qui per te.<\/p>\n\n\n\n<div class=\"wp-block-buttons is-content-justification-center is-layout-flex wp-container-core-buttons-is-layout-16018d1d wp-block-buttons-is-layout-flex\">\n<div class=\"wp-block-button\"><a class=\"wp-block-button__link wp-element-button\" href=\"https:\/\/syndicom.ch\/it\/contatto\/\" target=\"_blank\" rel=\"noreferrer noopener\">Contattaci<\/a><\/div>\n\n\n\n<div class=\"wp-block-button is-style-outline is-style-outline--1\"><a class=\"wp-block-button__link wp-element-button\" href=\"https:\/\/syndicom.ch\/it\/faq-adesione\/\" target=\"_blank\" rel=\"noreferrer noopener\">Vantaggi e info sull\u2019adesione<\/a><\/div>\n<\/div>\n<\/div>\n<\/div>\n","protected":false},"excerpt":{"rendered":"<p>Segretariato regionale Zurigo VolkshausStauffacherstrasse 608004 Zurigo Le tue persone di contatto di syndicompresso il segretariato regionale Zurigo<\/p>\n","protected":false},"author":2,"featured_media":0,"parent":7467,"menu_order":0,"comment_status":"closed","ping_status":"closed","template":"","meta":{"_acf_changed":false,"inline_featured_image":false,"_coblocks_attr":"","_coblocks_dimensions":"","_coblocks_responsive_height":"","_coblocks_accordion_ie_support":"","footnotes":""},"categories":[261],"class_list":["post-7490","page","type-page","status-publish","hentry","category-segretariato"],"acf":[],"yoast_head":"<!-- This site is optimized with the Yoast SEO plugin v27.3 - https:\/\/yoast.com\/product\/yoast-seo-wordpress\/ -->\n<title>Segretariato regionale Zurigo - syndicom<\/title>\n<meta name=\"description\" content=\"Benvenuti al Segretariato regionale di Zurigo! Il vostro primo punto di contatto nella citt\u00e0 pi\u00f9 grande della Svizzera, dove potrete trovare assistenza ...\" \/>\n<meta name=\"robots\" content=\"index, follow, max-snippet:-1, max-image-preview:large, max-video-preview:-1\" \/>\n<link rel=\"canonical\" href=\"https:\/\/syndicom.ch\/it\/contatto\/segretariato-regionale-zurigo\/\" \/>\n<meta property=\"og:locale\" content=\"it_IT\" \/>\n<meta property=\"og:type\" content=\"article\" \/>\n<meta property=\"og:title\" content=\"Segretariato regionale Zurigo - syndicom\" \/>\n<meta property=\"og:description\" content=\"Benvenuti al Segretariato regionale di Zurigo! Il vostro primo punto di contatto nella citt\u00e0 pi\u00f9 grande della Svizzera, dove potrete trovare assistenza ...\" \/>\n<meta property=\"og:url\" content=\"https:\/\/syndicom.ch\/it\/contatto\/segretariato-regionale-zurigo\/\" \/>\n<meta property=\"og:site_name\" content=\"syndicom\" \/>\n<meta property=\"article:modified_time\" content=\"2025-05-27T12:54:10+00:00\" \/>\n<meta name=\"twitter:card\" content=\"summary_large_image\" \/>\n<meta name=\"twitter:label1\" content=\"Tempo di lettura stimato\" \/>\n\t<meta name=\"twitter:data1\" content=\"1 minuto\" \/>\n<script type=\"application\/ld+json\" class=\"yoast-schema-graph\">{\"@context\":\"https:\\\/\\\/schema.org\",\"@graph\":[{\"@type\":\"WebPage\",\"@id\":\"https:\\\/\\\/syndicom.ch\\\/it\\\/contatto\\\/segretariato-regionale-zurigo\\\/\",\"url\":\"https:\\\/\\\/syndicom.ch\\\/it\\\/contatto\\\/segretariato-regionale-zurigo\\\/\",\"name\":\"Segretariato regionale Zurigo - syndicom\",\"isPartOf\":{\"@id\":\"https:\\\/\\\/syndicom.ch\\\/it\\\/#website\"},\"datePublished\":\"2024-08-09T06:14:15+00:00\",\"dateModified\":\"2025-05-27T12:54:10+00:00\",\"description\":\"Benvenuti al Segretariato regionale di Zurigo! Il vostro primo punto di contatto nella citt\u00e0 pi\u00f9 grande della Svizzera, dove potrete trovare assistenza ...\",\"breadcrumb\":{\"@id\":\"https:\\\/\\\/syndicom.ch\\\/it\\\/contatto\\\/segretariato-regionale-zurigo\\\/#breadcrumb\"},\"inLanguage\":\"it-IT\",\"potentialAction\":[{\"@type\":\"ReadAction\",\"target\":[\"https:\\\/\\\/syndicom.ch\\\/it\\\/contatto\\\/segretariato-regionale-zurigo\\\/\"]}]},{\"@type\":\"BreadcrumbList\",\"@id\":\"https:\\\/\\\/syndicom.ch\\\/it\\\/contatto\\\/segretariato-regionale-zurigo\\\/#breadcrumb\",\"itemListElement\":[{\"@type\":\"ListItem\",\"position\":1,\"name\":\"Pagina iniziale\",\"item\":\"https:\\\/\\\/syndicom.ch\\\/it\\\/\"},{\"@type\":\"ListItem\",\"position\":2,\"name\":\"Contatto\",\"item\":\"https:\\\/\\\/syndicom.ch\\\/it\\\/contatto\\\/\"},{\"@type\":\"ListItem\",\"position\":3,\"name\":\"Segretariato regionale Zurigo\"}]},{\"@type\":\"WebSite\",\"@id\":\"https:\\\/\\\/syndicom.ch\\\/it\\\/#website\",\"url\":\"https:\\\/\\\/syndicom.ch\\\/it\\\/\",\"name\":\"syndicom\",\"description\":\"\",\"publisher\":{\"@id\":\"https:\\\/\\\/syndicom.ch\\\/it\\\/#organization\"},\"potentialAction\":[{\"@type\":\"SearchAction\",\"target\":{\"@type\":\"EntryPoint\",\"urlTemplate\":\"https:\\\/\\\/syndicom.ch\\\/it\\\/?s={search_term_string}\"},\"query-input\":{\"@type\":\"PropertyValueSpecification\",\"valueRequired\":true,\"valueName\":\"search_term_string\"}}],\"inLanguage\":\"it-IT\"},{\"@type\":\"Organization\",\"@id\":\"https:\\\/\\\/syndicom.ch\\\/it\\\/#organization\",\"name\":\"syndicom\",\"url\":\"https:\\\/\\\/syndicom.ch\\\/it\\\/\",\"logo\":{\"@type\":\"ImageObject\",\"inLanguage\":\"it-IT\",\"@id\":\"https:\\\/\\\/syndicom.ch\\\/it\\\/#\\\/schema\\\/logo\\\/image\\\/\",\"url\":\"https:\\\/\\\/syndicom.ch\\\/app\\\/uploads\\\/2024\\\/06\\\/logo.svg\",\"contentUrl\":\"https:\\\/\\\/syndicom.ch\\\/app\\\/uploads\\\/2024\\\/06\\\/logo.svg\",\"width\":297,\"height\":51,\"caption\":\"syndicom\"},\"image\":{\"@id\":\"https:\\\/\\\/syndicom.ch\\\/it\\\/#\\\/schema\\\/logo\\\/image\\\/\"}}]}<\/script>\n<!-- \/ Yoast SEO plugin. -->","yoast_head_json":{"title":"Segretariato regionale Zurigo - syndicom","description":"Benvenuti al Segretariato regionale di Zurigo! Il vostro primo punto di contatto nella citt\u00e0 pi\u00f9 grande della Svizzera, dove potrete trovare assistenza ...","robots":{"index":"index","follow":"follow","max-snippet":"max-snippet:-1","max-image-preview":"max-image-preview:large","max-video-preview":"max-video-preview:-1"},"canonical":"https:\/\/syndicom.ch\/it\/contatto\/segretariato-regionale-zurigo\/","og_locale":"it_IT","og_type":"article","og_title":"Segretariato regionale Zurigo - syndicom","og_description":"Benvenuti al Segretariato regionale di Zurigo! Il vostro primo punto di contatto nella citt\u00e0 pi\u00f9 grande della Svizzera, dove potrete trovare assistenza ...","og_url":"https:\/\/syndicom.ch\/it\/contatto\/segretariato-regionale-zurigo\/","og_site_name":"syndicom","article_modified_time":"2025-05-27T12:54:10+00:00","twitter_card":"summary_large_image","twitter_misc":{"Tempo di lettura stimato":"1 minuto"},"schema":{"@context":"https:\/\/schema.org","@graph":[{"@type":"WebPage","@id":"https:\/\/syndicom.ch\/it\/contatto\/segretariato-regionale-zurigo\/","url":"https:\/\/syndicom.ch\/it\/contatto\/segretariato-regionale-zurigo\/","name":"Segretariato regionale Zurigo - syndicom","isPartOf":{"@id":"https:\/\/syndicom.ch\/it\/#website"},"datePublished":"2024-08-09T06:14:15+00:00","dateModified":"2025-05-27T12:54:10+00:00","description":"Benvenuti al Segretariato regionale di Zurigo! Il vostro primo punto di contatto nella citt\u00e0 pi\u00f9 grande della Svizzera, dove potrete trovare assistenza ...","breadcrumb":{"@id":"https:\/\/syndicom.ch\/it\/contatto\/segretariato-regionale-zurigo\/#breadcrumb"},"inLanguage":"it-IT","potentialAction":[{"@type":"ReadAction","target":["https:\/\/syndicom.ch\/it\/contatto\/segretariato-regionale-zurigo\/"]}]},{"@type":"BreadcrumbList","@id":"https:\/\/syndicom.ch\/it\/contatto\/segretariato-regionale-zurigo\/#breadcrumb","itemListElement":[{"@type":"ListItem","position":1,"name":"Pagina iniziale","item":"https:\/\/syndicom.ch\/it\/"},{"@type":"ListItem","position":2,"name":"Contatto","item":"https:\/\/syndicom.ch\/it\/contatto\/"},{"@type":"ListItem","position":3,"name":"Segretariato regionale Zurigo"}]},{"@type":"WebSite","@id":"https:\/\/syndicom.ch\/it\/#website","url":"https:\/\/syndicom.ch\/it\/","name":"syndicom","description":"","publisher":{"@id":"https:\/\/syndicom.ch\/it\/#organization"},"potentialAction":[{"@type":"SearchAction","target":{"@type":"EntryPoint","urlTemplate":"https:\/\/syndicom.ch\/it\/?s={search_term_string}"},"query-input":{"@type":"PropertyValueSpecification","valueRequired":true,"valueName":"search_term_string"}}],"inLanguage":"it-IT"},{"@type":"Organization","@id":"https:\/\/syndicom.ch\/it\/#organization","name":"syndicom","url":"https:\/\/syndicom.ch\/it\/","logo":{"@type":"ImageObject","inLanguage":"it-IT","@id":"https:\/\/syndicom.ch\/it\/#\/schema\/logo\/image\/","url":"https:\/\/syndicom.ch\/app\/uploads\/2024\/06\/logo.svg","contentUrl":"https:\/\/syndicom.ch\/app\/uploads\/2024\/06\/logo.svg","width":297,"height":51,"caption":"syndicom"},"image":{"@id":"https:\/\/syndicom.ch\/it\/#\/schema\/logo\/image\/"}}]}},"_links":{"self":[{"href":"https:\/\/syndicom.ch\/it\/wp-json\/wp\/v2\/pages\/7490","targetHints":{"allow":["GET"]}}],"collection":[{"href":"https:\/\/syndicom.ch\/it\/wp-json\/wp\/v2\/pages"}],"about":[{"href":"https:\/\/syndicom.ch\/it\/wp-json\/wp\/v2\/types\/page"}],"author":[{"embeddable":true,"href":"https:\/\/syndicom.ch\/it\/wp-json\/wp\/v2\/users\/2"}],"replies":[{"embeddable":true,"href":"https:\/\/syndicom.ch\/it\/wp-json\/wp\/v2\/comments?post=7490"}],"version-history":[{"count":13,"href":"https:\/\/syndicom.ch\/it\/wp-json\/wp\/v2\/pages\/7490\/revisions"}],"predecessor-version":[{"id":38059,"href":"https:\/\/syndicom.ch\/it\/wp-json\/wp\/v2\/pages\/7490\/revisions\/38059"}],"up":[{"embeddable":true,"href":"https:\/\/syndicom.ch\/it\/wp-json\/wp\/v2\/pages\/7467"}],"wp:attachment":[{"href":"https:\/\/syndicom.ch\/it\/wp-json\/wp\/v2\/media?parent=7490"}],"wp:term":[{"taxonomy":"category","embeddable":true,"href":"https:\/\/syndicom.ch\/it\/wp-json\/wp\/v2\/categories?post=7490"}],"curies":[{"name":"wp","href":"https:\/\/api.w.org\/{rel}","templated":true}]}}