{"id":7658,"date":"2024-08-08T12:33:06","date_gmt":"2024-08-08T10:33:06","guid":{"rendered":"https:\/\/projects.atxeit.ch\/syndicom\/?page_id=7658"},"modified":"2026-04-07T12:02:43","modified_gmt":"2026-04-07T10:02:43","slug":"kpt","status":"publish","type":"page","link":"https:\/\/syndicom.ch\/it\/i-tuoi-vantaggi\/kpt\/","title":{"rendered":"KPT"},"content":{"rendered":"\n<div class=\"wp-block-group alignfull has-background-color has-primary-background-color has-text-color has-background has-link-color wp-elements-38c7be876c1310e014c2f550b7141279 is-layout-constrained wp-block-group-is-layout-constrained\">\n<div class=\"wp-block-group is-style-narrow is-layout-constrained wp-block-group-is-layout-constrained\">\n<div class=\"wp-block-columns is-layout-flex wp-container-core-columns-is-layout-9d6595d7 wp-block-columns-is-layout-flex\">\n<div class=\"wp-block-column is-layout-flow wp-block-column-is-layout-flow\" style=\"flex-basis:70%\">\n<h1 class=\"wp-block-heading\">Cassa malattia KPT<\/h1>\n\n\n\n<p class=\"is-style-lead\">Come membro di syndicom, beneficia di vantaggi presso la cassa malati KPT.<\/p>\n<\/div>\n<\/div>\n<\/div>\n<\/div>\n\n\n\n<div class=\"wp-block-group alignfull has-background-background-color has-background is-layout-constrained wp-block-group-is-layout-constrained\">\n<div class=\"wp-block-group is-style-narrow is-layout-constrained wp-block-group-is-layout-constrained\">\n<h2 class=\"wp-block-heading\"><strong>I tuoi vantaggi<\/strong> con la KPT<\/h2>\n\n\n\n<p>Grazie al contratto collettivo, come membro di syndicom puoi beneficiare di vantaggi presso la cassa malati KPT. Tu e i tuoi familiari potete cumulare diversi vantaggi:<\/p>\n\n\n\n<ul class=\"wp-block-list\">\n<li class=\"is-style-check\"><strong>9% di sconto collettivo<\/strong> sulle assicurazioni complementari ambulatoriali e ospedaliere (Ambulatoriale: Pulse Eco \/ Pulse Top \/ Pulse Premium e Ospedaliera: Flex Eco \/ Flex Top)<\/li>\n\n\n\n<li class=\"is-style-check\"><strong>5% di sconto collettivo<\/strong> sulle assicurazioni complementari ospedaliere (ospedaliera semiprivata e ospedaliera privata)<\/li>\n\n\n\n<li class=\"is-style-check\"><strong>6,7% di sconto<\/strong> fedelt\u00e0 per una durata assicurativa di 3 anni su tutte le assicurazioni complementari ambulatoriali e ospedaliere<\/li>\n\n\n\n<li class=\"is-style-check\"><strong>5% di sconto<\/strong> <strong>online<\/strong> sulle assicurazioni complementari ospedaliere (semiprivata e privata) per le sottoscrizioni online<\/li>\n\n\n\n<li class=\"is-style-check\"><strong>Sconto<\/strong> in caso di pagamento anticipato: 1% all\u2019anno oppure 0,5% per semestre<\/li>\n<\/ul>\n\n\n\n<p>La KPT \u00e8 organizzata sotto forma di cooperativa e destina completamente i surplus delle attivit\u00e0 assicurative ai propri soci. Cos\u00ec essi possono trarre vantaggio da premi particolarmente bassi.<\/p>\n\n\n\n<p>Lo sconto totale si compone di un&#8217;agevolazione tecnico-assicurativa sui premi ed un ulteriore sconto offerto dalla KPT. Gli sconti e le agevolazioni vengono riverificati ogni anno e possono essere eventualmente ritoccati.<\/p>\n<\/div>\n<\/div>\n\n\n\n<div class=\"wp-block-group alignfull has-tertiary-background-color has-background is-layout-constrained wp-block-group-is-layout-constrained\">\n<div class=\"wp-block-group is-style-narrow is-layout-constrained wp-block-group-is-layout-constrained\">\n<h2 class=\"wp-block-heading\"><strong><strong>Non sei ancora membro syndicom?<\/strong><\/strong><\/h2>\n\n\n\n<p>Allora questo \u00e8 il momento giusto: diventa membro di syndicom e approfitta di questa offerta vantaggiosa della KPT e di tanti altri vantaggi.<\/p>\n\n\n\n<div class=\"wp-block-buttons is-layout-flex wp-block-buttons-is-layout-flex\">\n<div class=\"wp-block-button is-style-syn-member-cta\"><a class=\"wp-block-button__link wp-element-button\" href=\"https:\/\/my.syndicom.ch\/mitgliedschaft\" target=\"_blank\" rel=\"noreferrer noopener\"><strong>Diventa membro e approfitta<\/strong><\/a><\/div>\n\n\n\n<div class=\"wp-block-button is-style-outline is-style-outline--1\"><a class=\"wp-block-button__link has-primary-color has-primary-background-color has-text-color has-background has-link-color wp-element-button\" href=\"https:\/\/syndicom.ch\/it\/faq-adesione\/\" target=\"_blank\" rel=\"noreferrer noopener\"><strong>Panoramica dei vantaggi<\/strong><\/a><\/div>\n<\/div>\n<\/div>\n<\/div>\n\n\n\n<div class=\"wp-block-group alignfull has-background-background-color has-background is-layout-constrained wp-block-group-is-layout-constrained\">\n<div class=\"wp-block-group is-style-narrow is-layout-constrained wp-block-group-is-layout-constrained\">\n<h2 class=\"wp-block-heading\"><strong><strong>Approfitta dell&#8217;offerta della KPT<\/strong><\/strong><\/h2>\n\n\n\n<p>Come membro di syndicom, puoi creare la tua offerta personale usando il link partner: <a href=\"https:\/\/www.kpt.ch\/it\/collective\/syndicom\" target=\"_blank\" rel=\"noreferrer noopener nofollow\">kpt.ch\/it\/collective\/syndicom<\/a><\/p>\n\n\n\n<p><strong>Contatto KPT<\/strong><\/p>\n\n\n\n<p>E-Mail: <a href=\"mailto:&#107;&#111;&#108;&#108;&#101;&#107;&#116;&#105;&#118;&#64;&#107;&#112;&#116;&#46;&#99;&#104;\">&#107;&#111;&#108;&#108;&#101;&#107;&#116;&#105;&#118;&#64;&#107;&#112;&#116;&#46;&#99;&#104;<\/a><br>Telefono: <a href=\"tel:+4158 310 98 84\">+41 58 310 98 84<\/a><\/p>\n<\/div>\n<\/div>\n\n\n\n<div class=\"wp-block-group alignfull has-background-color has-primary-background-color has-text-color has-background has-link-color wp-elements-95d95a0659cdbbe6a7cb5e7d95309176 is-layout-constrained wp-block-group-is-layout-constrained\">\n<figure class=\"wp-block-embed is-type-video is-provider-youtube wp-block-embed-youtube wp-embed-aspect-16-9 wp-has-aspect-ratio\"><div class=\"wp-block-embed__wrapper\">\n<iframe loading=\"lazy\" title=\"Tutto ti sembra troppo complicato?\" width=\"500\" height=\"281\" src=\"https:\/\/www.youtube.com\/embed\/i0OIBAQkwfU?feature=oembed\" frameborder=\"0\" allow=\"accelerometer; autoplay; clipboard-write; encrypted-media; gyroscope; picture-in-picture; web-share\" referrerpolicy=\"strict-origin-when-cross-origin\" allowfullscreen><\/iframe>\n<\/div><\/figure>\n<\/div>\n","protected":false},"excerpt":{"rendered":"<p>I tuoi vantaggi con la KPT Grazie al contratto collettivo, come membro di syndicom puoi beneficiare di vantaggi presso la cassa malati KPT. Tu e i tuoi familiari potete cumulare diversi vantaggi: La KPT \u00e8 organizzata sotto forma di cooperativa e destina completamente i surplus delle attivit\u00e0 assicurative ai propri soci. Cos\u00ec essi possono trarre [&hellip;]<\/p>\n","protected":false},"author":3,"featured_media":0,"parent":45338,"menu_order":0,"comment_status":"closed","ping_status":"closed","template":"","meta":{"_acf_changed":false,"_coblocks_attr":"","_coblocks_dimensions":"","_coblocks_responsive_height":"","_coblocks_accordion_ie_support":"","inline_featured_image":false,"footnotes":""},"categories":[357,359],"class_list":["post-7658","page","type-page","status-publish","hentry","category-deine-vorteile","category-i-tuoi-vantaggi"],"acf":[],"yoast_head":"<!-- This site is optimized with the Yoast SEO plugin v27.3 - https:\/\/yoast.com\/product\/yoast-seo-wordpress\/ -->\n<title>KPT - syndicom<\/title>\n<meta name=\"description\" content=\"Come membro del sindacato syndicom, puoi beneficiare di sconti su molte assicurazioni complementari presso la cassa malattia KPT.\" \/>\n<meta name=\"robots\" content=\"index, follow, max-snippet:-1, max-image-preview:large, max-video-preview:-1\" \/>\n<link rel=\"canonical\" href=\"https:\/\/syndicom.ch\/it\/i-tuoi-vantaggi\/kpt\/\" \/>\n<meta property=\"og:locale\" content=\"it_IT\" \/>\n<meta property=\"og:type\" content=\"article\" \/>\n<meta property=\"og:title\" content=\"KPT - syndicom\" \/>\n<meta property=\"og:description\" content=\"Come membro del sindacato syndicom, puoi beneficiare di sconti su molte assicurazioni complementari presso la cassa malattia KPT.\" \/>\n<meta property=\"og:url\" content=\"https:\/\/syndicom.ch\/it\/i-tuoi-vantaggi\/kpt\/\" \/>\n<meta property=\"og:site_name\" content=\"syndicom\" \/>\n<meta property=\"article:publisher\" content=\"https:\/\/www.facebook.com\/syndicom\/\" \/>\n<meta property=\"article:modified_time\" content=\"2026-04-07T10:02:43+00:00\" \/>\n<meta name=\"twitter:card\" content=\"summary_large_image\" \/>\n<meta name=\"twitter:label1\" content=\"Tempo di lettura stimato\" \/>\n\t<meta name=\"twitter:data1\" content=\"2 minuti\" \/>\n<script type=\"application\/ld+json\" class=\"yoast-schema-graph\">{\"@context\":\"https:\\\/\\\/schema.org\",\"@graph\":[{\"@type\":\"WebPage\",\"@id\":\"https:\\\/\\\/syndicom.ch\\\/it\\\/i-tuoi-vantaggi\\\/kpt\\\/\",\"url\":\"https:\\\/\\\/syndicom.ch\\\/it\\\/i-tuoi-vantaggi\\\/kpt\\\/\",\"name\":\"KPT - syndicom\",\"isPartOf\":{\"@id\":\"https:\\\/\\\/syndicom.ch\\\/it\\\/#website\"},\"datePublished\":\"2024-08-08T10:33:06+00:00\",\"dateModified\":\"2026-04-07T10:02:43+00:00\",\"description\":\"Come membro del sindacato syndicom, puoi beneficiare di sconti su molte assicurazioni complementari presso la cassa malattia KPT.\",\"breadcrumb\":{\"@id\":\"https:\\\/\\\/syndicom.ch\\\/it\\\/i-tuoi-vantaggi\\\/kpt\\\/#breadcrumb\"},\"inLanguage\":\"it-IT\",\"potentialAction\":[{\"@type\":\"ReadAction\",\"target\":[\"https:\\\/\\\/syndicom.ch\\\/it\\\/i-tuoi-vantaggi\\\/kpt\\\/\"]}]},{\"@type\":\"BreadcrumbList\",\"@id\":\"https:\\\/\\\/syndicom.ch\\\/it\\\/i-tuoi-vantaggi\\\/kpt\\\/#breadcrumb\",\"itemListElement\":[{\"@type\":\"ListItem\",\"position\":1,\"name\":\"Pagina iniziale\",\"item\":\"https:\\\/\\\/syndicom.ch\\\/it\\\/\"},{\"@type\":\"ListItem\",\"position\":2,\"name\":\"I tuoi vantaggi\",\"item\":\"https:\\\/\\\/syndicom.ch\\\/it\\\/i-tuoi-vantaggi\\\/\"},{\"@type\":\"ListItem\",\"position\":3,\"name\":\"KPT\"}]},{\"@type\":\"WebSite\",\"@id\":\"https:\\\/\\\/syndicom.ch\\\/it\\\/#website\",\"url\":\"https:\\\/\\\/syndicom.ch\\\/it\\\/\",\"name\":\"syndicom\",\"description\":\"\",\"publisher\":{\"@id\":\"https:\\\/\\\/syndicom.ch\\\/it\\\/#organization\"},\"potentialAction\":[{\"@type\":\"SearchAction\",\"target\":{\"@type\":\"EntryPoint\",\"urlTemplate\":\"https:\\\/\\\/syndicom.ch\\\/it\\\/?s={search_term_string}\"},\"query-input\":{\"@type\":\"PropertyValueSpecification\",\"valueRequired\":true,\"valueName\":\"search_term_string\"}}],\"inLanguage\":\"it-IT\"},{\"@type\":\"Organization\",\"@id\":\"https:\\\/\\\/syndicom.ch\\\/it\\\/#organization\",\"name\":\"syndicom\",\"alternateName\":\"Gewerkschaft Medien und Kommunikation\",\"url\":\"https:\\\/\\\/syndicom.ch\\\/it\\\/\",\"logo\":{\"@type\":\"ImageObject\",\"inLanguage\":\"it-IT\",\"@id\":\"https:\\\/\\\/syndicom.ch\\\/it\\\/#\\\/schema\\\/logo\\\/image\\\/\",\"url\":\"https:\\\/\\\/syndicom.ch\\\/app\\\/uploads\\\/2024\\\/06\\\/logo.svg\",\"contentUrl\":\"https:\\\/\\\/syndicom.ch\\\/app\\\/uploads\\\/2024\\\/06\\\/logo.svg\",\"width\":297,\"height\":51,\"caption\":\"syndicom\"},\"image\":{\"@id\":\"https:\\\/\\\/syndicom.ch\\\/it\\\/#\\\/schema\\\/logo\\\/image\\\/\"},\"sameAs\":[\"https:\\\/\\\/www.facebook.com\\\/syndicom\\\/\",\"https:\\\/\\\/ch.linkedin.com\\\/company\\\/syndicom-gewerkschaft-medien-und-kommunikation\",\"https:\\\/\\\/www.instagram.com\\\/syndicom\\\/\"]}]}<\/script>\n<!-- \/ Yoast SEO plugin. -->","yoast_head_json":{"title":"KPT - syndicom","description":"Come membro del sindacato syndicom, puoi beneficiare di sconti su molte assicurazioni complementari presso la cassa malattia KPT.","robots":{"index":"index","follow":"follow","max-snippet":"max-snippet:-1","max-image-preview":"max-image-preview:large","max-video-preview":"max-video-preview:-1"},"canonical":"https:\/\/syndicom.ch\/it\/i-tuoi-vantaggi\/kpt\/","og_locale":"it_IT","og_type":"article","og_title":"KPT - syndicom","og_description":"Come membro del sindacato syndicom, puoi beneficiare di sconti su molte assicurazioni complementari presso la cassa malattia KPT.","og_url":"https:\/\/syndicom.ch\/it\/i-tuoi-vantaggi\/kpt\/","og_site_name":"syndicom","article_publisher":"https:\/\/www.facebook.com\/syndicom\/","article_modified_time":"2026-04-07T10:02:43+00:00","twitter_card":"summary_large_image","twitter_misc":{"Tempo di lettura stimato":"2 minuti"},"schema":{"@context":"https:\/\/schema.org","@graph":[{"@type":"WebPage","@id":"https:\/\/syndicom.ch\/it\/i-tuoi-vantaggi\/kpt\/","url":"https:\/\/syndicom.ch\/it\/i-tuoi-vantaggi\/kpt\/","name":"KPT - syndicom","isPartOf":{"@id":"https:\/\/syndicom.ch\/it\/#website"},"datePublished":"2024-08-08T10:33:06+00:00","dateModified":"2026-04-07T10:02:43+00:00","description":"Come membro del sindacato syndicom, puoi beneficiare di sconti su molte assicurazioni complementari presso la cassa malattia KPT.","breadcrumb":{"@id":"https:\/\/syndicom.ch\/it\/i-tuoi-vantaggi\/kpt\/#breadcrumb"},"inLanguage":"it-IT","potentialAction":[{"@type":"ReadAction","target":["https:\/\/syndicom.ch\/it\/i-tuoi-vantaggi\/kpt\/"]}]},{"@type":"BreadcrumbList","@id":"https:\/\/syndicom.ch\/it\/i-tuoi-vantaggi\/kpt\/#breadcrumb","itemListElement":[{"@type":"ListItem","position":1,"name":"Pagina iniziale","item":"https:\/\/syndicom.ch\/it\/"},{"@type":"ListItem","position":2,"name":"I tuoi vantaggi","item":"https:\/\/syndicom.ch\/it\/i-tuoi-vantaggi\/"},{"@type":"ListItem","position":3,"name":"KPT"}]},{"@type":"WebSite","@id":"https:\/\/syndicom.ch\/it\/#website","url":"https:\/\/syndicom.ch\/it\/","name":"syndicom","description":"","publisher":{"@id":"https:\/\/syndicom.ch\/it\/#organization"},"potentialAction":[{"@type":"SearchAction","target":{"@type":"EntryPoint","urlTemplate":"https:\/\/syndicom.ch\/it\/?s={search_term_string}"},"query-input":{"@type":"PropertyValueSpecification","valueRequired":true,"valueName":"search_term_string"}}],"inLanguage":"it-IT"},{"@type":"Organization","@id":"https:\/\/syndicom.ch\/it\/#organization","name":"syndicom","alternateName":"Gewerkschaft Medien und Kommunikation","url":"https:\/\/syndicom.ch\/it\/","logo":{"@type":"ImageObject","inLanguage":"it-IT","@id":"https:\/\/syndicom.ch\/it\/#\/schema\/logo\/image\/","url":"https:\/\/syndicom.ch\/app\/uploads\/2024\/06\/logo.svg","contentUrl":"https:\/\/syndicom.ch\/app\/uploads\/2024\/06\/logo.svg","width":297,"height":51,"caption":"syndicom"},"image":{"@id":"https:\/\/syndicom.ch\/it\/#\/schema\/logo\/image\/"},"sameAs":["https:\/\/www.facebook.com\/syndicom\/","https:\/\/ch.linkedin.com\/company\/syndicom-gewerkschaft-medien-und-kommunikation","https:\/\/www.instagram.com\/syndicom\/"]}]}},"_links":{"self":[{"href":"https:\/\/syndicom.ch\/it\/wp-json\/wp\/v2\/pages\/7658","targetHints":{"allow":["GET"]}}],"collection":[{"href":"https:\/\/syndicom.ch\/it\/wp-json\/wp\/v2\/pages"}],"about":[{"href":"https:\/\/syndicom.ch\/it\/wp-json\/wp\/v2\/types\/page"}],"author":[{"embeddable":true,"href":"https:\/\/syndicom.ch\/it\/wp-json\/wp\/v2\/users\/3"}],"replies":[{"embeddable":true,"href":"https:\/\/syndicom.ch\/it\/wp-json\/wp\/v2\/comments?post=7658"}],"version-history":[{"count":16,"href":"https:\/\/syndicom.ch\/it\/wp-json\/wp\/v2\/pages\/7658\/revisions"}],"predecessor-version":[{"id":60263,"href":"https:\/\/syndicom.ch\/it\/wp-json\/wp\/v2\/pages\/7658\/revisions\/60263"}],"up":[{"embeddable":true,"href":"https:\/\/syndicom.ch\/it\/wp-json\/wp\/v2\/pages\/45338"}],"wp:attachment":[{"href":"https:\/\/syndicom.ch\/it\/wp-json\/wp\/v2\/media?parent=7658"}],"wp:term":[{"taxonomy":"category","embeddable":true,"href":"https:\/\/syndicom.ch\/it\/wp-json\/wp\/v2\/categories?post=7658"}],"curies":[{"name":"wp","href":"https:\/\/api.w.org\/{rel}","templated":true}]}}